{"id":14532,"date":"2022-03-22T13:03:54","date_gmt":"2022-03-22T13:03:54","guid":{"rendered":"https:\/\/riberasalud.com\/employee\/?page_id=14532"},"modified":"2026-03-25T11:50:31","modified_gmt":"2026-03-25T11:50:31","slug":"familia-ribera","status":"publish","type":"page","link":"https:\/\/riberasalud.com\/employee\/familia-ribera\/","title":{"rendered":"Familia Ribera"},"content":{"rendered":"\t\t<div data-elementor-type=\"wp-page\" data-elementor-id=\"14532\" class=\"elementor elementor-14532\">\n\t\t\t\t\t\t<section class=\"elementor-section elementor-top-section elementor-element elementor-element-395ca43 elementor-section-stretched elementor-section-boxed elementor-section-height-default elementor-section-height-default\" data-id=\"395ca43\" data-element_type=\"section\" data-e-type=\"section\" data-settings=\"{&quot;stretch_section&quot;:&quot;section-stretched&quot;,&quot;background_background&quot;:&quot;classic&quot;}\">\n\t\t\t\t\t\t<div class=\"elementor-container elementor-column-gap-default\">\n\t\t\t\t\t<div class=\"elementor-column elementor-col-100 elementor-top-column elementor-element elementor-element-cc8e313\" data-id=\"cc8e313\" data-element_type=\"column\" data-e-type=\"column\">\n\t\t\t<div class=\"elementor-widget-wrap elementor-element-populated\">\n\t\t\t\t\t\t<div class=\"elementor-element elementor-element-9c1016b elementor-widget elementor-widget-heading\" data-id=\"9c1016b\" data-element_type=\"widget\" data-e-type=\"widget\" data-widget_type=\"heading.default\">\n\t\t\t\t<div class=\"elementor-widget-container\">\n\t\t\t\t\t<h2 class=\"elementor-heading-title elementor-size-default\"><b>Familia<\/b> Ribera<\/h2>\t\t\t\t<\/div>\n\t\t\t\t<\/div>\n\t\t\t\t<div class=\"elementor-element elementor-element-3fc1b89 elementor-widget-divider--view-line elementor-widget elementor-widget-divider\" data-id=\"3fc1b89\" data-element_type=\"widget\" data-e-type=\"widget\" data-widget_type=\"divider.default\">\n\t\t\t\t<div class=\"elementor-widget-container\">\n\t\t\t\t\t\t\t<div class=\"elementor-divider\">\n\t\t\t<span class=\"elementor-divider-separator\">\n\t\t\t\t\t\t<\/span>\n\t\t<\/div>\n\t\t\t\t\t\t<\/div>\n\t\t\t\t<\/div>\n\t\t\t\t<div class=\"elementor-element elementor-element-7a6b495 elementor-widget elementor-widget-heading\" data-id=\"7a6b495\" data-element_type=\"widget\" data-e-type=\"widget\" data-widget_type=\"heading.default\">\n\t\t\t\t<div class=\"elementor-widget-container\">\n\t\t\t\t\t<h2 class=\"elementor-heading-title elementor-size-default\">Conoce el lado m\u00e1s personal de nuestros profesionales y descubre las aficiones que nos conectan m\u00e1s all\u00e1 del trabajo.<\/h2>\t\t\t\t<\/div>\n\t\t\t\t<\/div>\n\t\t\t\t\t<\/div>\n\t\t<\/div>\n\t\t\t\t\t<\/div>\n\t\t<\/section>\n\t\t\t\t<section class=\"elementor-section elementor-top-section elementor-element elementor-element-14655d1 elementor-section-boxed elementor-section-height-default elementor-section-height-default\" data-id=\"14655d1\" data-element_type=\"section\" data-e-type=\"section\">\n\t\t\t\t\t\t<div class=\"elementor-container elementor-column-gap-default\">\n\t\t\t\t\t<div class=\"elementor-column elementor-col-100 elementor-top-column elementor-element elementor-element-02ce112\" data-id=\"02ce112\" data-element_type=\"column\" data-e-type=\"column\">\n\t\t\t<div class=\"elementor-widget-wrap elementor-element-populated\">\n\t\t\t\t\t\t<div class=\"elementor-element elementor-element-7034c27 elementor-widget elementor-widget-text-editor\" data-id=\"7034c27\" data-element_type=\"widget\" data-e-type=\"widget\" data-widget_type=\"text-editor.default\">\n\t\t\t\t<div class=\"elementor-widget-container\">\n\t\t\t\t\t\t\t\t\t<p><strong>\u00bfQuieres salir en nuestro pr\u00f3ximo bolet\u00edn?<\/strong> Escr\u00edbenos a <a href=\"mailto:comunicacion@riberasalud.es\">comunicacion@riberasalud.es<\/a> y cu\u00e9ntanos tus hobbies\u200b<\/p>\t\t\t\t\t\t\t\t<\/div>\n\t\t\t\t<\/div>\n\t\t\t\t\t<\/div>\n\t\t<\/div>\n\t\t\t\t\t<\/div>\n\t\t<\/section>\n\t\t\t\t<section class=\"elementor-section elementor-top-section elementor-element elementor-element-3f5adb7 elementor-section-content-middle elementor-section-boxed elementor-section-height-default elementor-section-height-default\" data-id=\"3f5adb7\" data-element_type=\"section\" data-e-type=\"section\">\n\t\t\t\t\t\t<div class=\"elementor-container elementor-column-gap-default\">\n\t\t\t\t\t<div class=\"elementor-column elementor-col-50 elementor-top-column elementor-element elementor-element-214376e\" data-id=\"214376e\" data-element_type=\"column\" data-e-type=\"column\" data-settings=\"{&quot;background_background&quot;:&quot;classic&quot;}\">\n\t\t\t<div class=\"elementor-widget-wrap elementor-element-populated\">\n\t\t\t\t\t\t<div class=\"elementor-element elementor-element-c81f527 elementor-widget elementor-widget-image\" data-id=\"c81f527\" data-element_type=\"widget\" data-e-type=\"widget\" data-widget_type=\"image.default\">\n\t\t\t\t<div class=\"elementor-widget-container\">\n\t\t\t\t\t\t\t\t\t\t\t\t\t\t\t<img decoding=\"async\" src=\"https:\/\/riberasalud.com\/employee\/wp-content\/uploads\/elementor\/thumbs\/familia_Ribera_Mesa-de-trabajo-1-rl0z8hg0osoj9121r61fio48wegoz65yn4wz1f5t5k.png\" title=\"familia_Ribera_Mesa de trabajo 1\" alt=\"familia_Ribera_Mesa de trabajo 1\" loading=\"lazy\" \/>\t\t\t\t\t\t\t\t\t\t\t\t\t\t\t<\/div>\n\t\t\t\t<\/div>\n\t\t\t\t<div class=\"elementor-element elementor-element-ded4c06 elementor-widget elementor-widget-heading\" data-id=\"ded4c06\" data-element_type=\"widget\" data-e-type=\"widget\" data-widget_type=\"heading.default\">\n\t\t\t\t<div class=\"elementor-widget-container\">\n\t\t\t\t\t<h2 class=\"elementor-heading-title elementor-size-default\">Esther Guijarro<\/h2>\t\t\t\t<\/div>\n\t\t\t\t<\/div>\n\t\t\t\t<div class=\"elementor-element elementor-element-c9dc49b elementor-widget elementor-widget-heading\" data-id=\"c9dc49b\" data-element_type=\"widget\" data-e-type=\"widget\" data-widget_type=\"heading.default\">\n\t\t\t\t<div class=\"elementor-widget-container\">\n\t\t\t\t\t<h2 class=\"elementor-heading-title elementor-size-default\">Hospital Universitario del Vinalop\u00f3 <\/h2>\t\t\t\t<\/div>\n\t\t\t\t<\/div>\n\t\t\t\t<div class=\"elementor-element elementor-element-17d4d20 elementor-widget elementor-widget-heading\" data-id=\"17d4d20\" data-element_type=\"widget\" data-e-type=\"widget\" data-widget_type=\"heading.default\">\n\t\t\t\t<div class=\"elementor-widget-container\">\n\t\t\t\t\t<h4 class=\"elementor-heading-title elementor-size-default\">\u201cSiempre intento aportar mi granito de arena y estar cerca de la gente, que al final es lo que de verdad importa\u201d<\/h4>\t\t\t\t<\/div>\n\t\t\t\t<\/div>\n\t\t\t\t<div class=\"elementor-element elementor-element-2a9181e elementor-widget elementor-widget-text-editor\" data-id=\"2a9181e\" data-element_type=\"widget\" data-e-type=\"widget\" data-widget_type=\"text-editor.default\">\n\t\t\t\t<div class=\"elementor-widget-container\">\n\t\t\t\t\t\t\t\t\t<p data-ccp-border-bottom=\"0px none #000000\" data-ccp-padding-bottom=\"0px\" data-ccp-border-between=\"0px none #000000\" data-ccp-padding-between=\"0px\"><span data-contrast=\"none\">Las Hogueras de San Juan ocupan un lugar muy especial en la implicaci\u00f3n social y cultural de Esther, que vive esta tradici\u00f3n como una forma de encuentro, convivencia y conexi\u00f3n con la comunidad. En 2024, tuvo el honor de representar a su hoguera, Campoamor, como Belleza, una experiencia que le permiti\u00f3 acercar la fiesta a muchas personas y contribuir activamente a dar visibilidad a una de las celebraciones m\u00e1s representativas de Alicante.<\/span><span data-ccp-props=\"{&quot;134233117&quot;:false,&quot;134233118&quot;:false,&quot;201341983&quot;:0,&quot;335559738&quot;:0,&quot;335559739&quot;:0,&quot;335559740&quot;:300}\">\u00a0<\/span><\/p><p data-ccp-border-bottom=\"0px none #000000\" data-ccp-padding-bottom=\"0px\" data-ccp-border-between=\"0px none #000000\" data-ccp-padding-between=\"0px\"><span data-contrast=\"none\">Esther contin\u00faa vinculada a esta tradici\u00f3n en la que\u00a0participa activamente promoviendo la convivencia y el esp\u00edritu festivo, demostrando su compromiso social y vocaci\u00f3n por trabajar con y para la comunidad, fomentando valores de accesibilidad y participaci\u00f3n ciudadana.<\/span><span data-ccp-props=\"{}\">\u00a0<\/span><\/p><p data-ccp-border-bottom=\"0px none #000000\" data-ccp-padding-bottom=\"0px\" data-ccp-border-between=\"0px none #000000\" data-ccp-padding-between=\"0px\"><span data-contrast=\"none\">A trav\u00e9s de su labor, Esther contribuye a fortalecer el tejido social y a mantener vivas las tradiciones que forman parte de la identidad alicantina.\u00a0Su trabajo pone de manifiesto que, m\u00e1s all\u00e1 de la formaci\u00f3n profesional, lo verdaderamente importante es la vocaci\u00f3n, la empat\u00eda y la capacidad de implicarse con las personas y su entorno.<\/span><span data-ccp-props=\"{&quot;134233117&quot;:false,&quot;134233118&quot;:false,&quot;335559738&quot;:0,&quot;335559739&quot;:0}\">\u00a0<\/span><\/p><p data-ccp-border-bottom=\"0px none #000000\" data-ccp-padding-bottom=\"0px\" data-ccp-border-between=\"0px none #000000\" data-ccp-padding-between=\"0px\"><span data-contrast=\"none\">\u201cEstas experiencias me permiten aprender cada d\u00eda de la gente que me rodea y aportar, desde mi profesi\u00f3n y desde la fiesta, algo positivo a la comunidad. Las Hogueras son tambi\u00e9n un espacio para construir v\u00ednculos, compartir y mantener viva nuestra cultura\u201d, comenta Esther.<\/span><span data-ccp-props=\"{&quot;134233117&quot;:false,&quot;134233118&quot;:false,&quot;335559738&quot;:0,&quot;335559739&quot;:0}\">\u00a0<\/span><\/p><p data-ccp-border-bottom=\"0px none #000000\" data-ccp-padding-bottom=\"0px\" data-ccp-border-between=\"0px none #000000\" data-ccp-padding-between=\"0px\"><span data-ccp-props=\"{}\">\u00a0<\/span><\/p>\t\t\t\t\t\t\t\t<\/div>\n\t\t\t\t<\/div>\n\t\t\t\t\t<\/div>\n\t\t<\/div>\n\t\t\t\t<div class=\"elementor-column elementor-col-50 elementor-top-column elementor-element elementor-element-4e3a3fa\" data-id=\"4e3a3fa\" data-element_type=\"column\" data-e-type=\"column\" data-settings=\"{&quot;background_background&quot;:&quot;classic&quot;}\">\n\t\t\t<div class=\"elementor-widget-wrap elementor-element-populated\">\n\t\t\t\t\t\t<div class=\"elementor-element elementor-element-9b58eb0 elementor-widget elementor-widget-image\" data-id=\"9b58eb0\" data-element_type=\"widget\" data-e-type=\"widget\" data-widget_type=\"image.default\">\n\t\t\t\t<div class=\"elementor-widget-container\">\n\t\t\t\t\t\t\t\t\t\t\t\t\t\t\t<img decoding=\"async\" src=\"https:\/\/riberasalud.com\/employee\/wp-content\/uploads\/elementor\/thumbs\/familia_Ribera-02-rl0z94xzfnkpba3wxy73r06rr18vblr92d841c6yu0.png\" title=\"familia_Ribera-02\" alt=\"familia_Ribera-02\" loading=\"lazy\" \/>\t\t\t\t\t\t\t\t\t\t\t\t\t\t\t<\/div>\n\t\t\t\t<\/div>\n\t\t\t\t<div class=\"elementor-element elementor-element-4d522e0 elementor-widget elementor-widget-heading\" data-id=\"4d522e0\" data-element_type=\"widget\" data-e-type=\"widget\" data-widget_type=\"heading.default\">\n\t\t\t\t<div class=\"elementor-widget-container\">\n\t\t\t\t\t<h2 class=\"elementor-heading-title elementor-size-default\">Sonia Torres<\/h2>\t\t\t\t<\/div>\n\t\t\t\t<\/div>\n\t\t\t\t<div class=\"elementor-element elementor-element-eda70b7 elementor-widget elementor-widget-heading\" data-id=\"eda70b7\" data-element_type=\"widget\" data-e-type=\"widget\" data-widget_type=\"heading.default\">\n\t\t\t\t<div class=\"elementor-widget-container\">\n\t\t\t\t\t<h2 class=\"elementor-heading-title elementor-size-default\">Hospital Ribera Polusa <\/h2>\t\t\t\t<\/div>\n\t\t\t\t<\/div>\n\t\t\t\t<div class=\"elementor-element elementor-element-ca34697 elementor-widget elementor-widget-heading\" data-id=\"ca34697\" data-element_type=\"widget\" data-e-type=\"widget\" data-widget_type=\"heading.default\">\n\t\t\t\t<div class=\"elementor-widget-container\">\n\t\t\t\t\t<h4 class=\"elementor-heading-title elementor-size-default\">\u201cSomos un grupo de 8 y nos emociona cuando nos sale a todos al un\u00edsono.\"<\/h4>\t\t\t\t<\/div>\n\t\t\t\t<\/div>\n\t\t\t\t<div class=\"elementor-element elementor-element-f43726f elementor-widget elementor-widget-text-editor\" data-id=\"f43726f\" data-element_type=\"widget\" data-e-type=\"widget\" data-widget_type=\"text-editor.default\">\n\t\t\t\t<div class=\"elementor-widget-container\">\n\t\t\t\t\t\t\t\t\t<p data-ccp-border-bottom=\"0px none #000000\" data-ccp-padding-bottom=\"0px\" data-ccp-border-between=\"0px none #000000\" data-ccp-padding-between=\"0px\"><span data-contrast=\"none\">La pandereta es uno de los instrumentos m\u00e1s emblem\u00e1ticos de la cultura gallega y, para nuestra compa\u00f1era Sonia, se ha convertido en mucho m\u00e1s que una afici\u00f3n. Hace ya dos a\u00f1os decidi\u00f3 empezar clases y desde entonces forma parte de un grupo con el que comparte m\u00fasica, aprendizaje y muchas emociones.<\/span><span data-ccp-props=\"{}\">\u00a0<\/span><\/p><p data-ccp-border-bottom=\"0px none #000000\" data-ccp-padding-bottom=\"0px\" data-ccp-border-between=\"0px none #000000\" data-ccp-padding-between=\"0px\"><span data-contrast=\"none\">\u201cVoy dos d\u00edas a la semana, una horita, y cuando puedo practico en casa tambi\u00e9n con mi hija, que toca la pandereta incluso mejor que yo\u201d, nos cuenta entre risas. Un momento especial que se ha convertido en una forma de compartir tiempo juntas y mantener viva una tradici\u00f3n.<\/span><span data-ccp-props=\"{}\">\u00a0<\/span><\/p><p data-ccp-border-bottom=\"0px none #000000\" data-ccp-padding-bottom=\"0px\" data-ccp-border-between=\"0px none #000000\" data-ccp-padding-between=\"0px\"><span data-contrast=\"auto\">En su grupo son ocho personas y uno de los momentos m\u00e1s especiales llega cuando todo encaja y consiguen tocar al un\u00edsono. \u201cNos emociona cuando nos sale a todos a la vez. Creo que ya tenemos todos una buena adicci\u00f3n\u2026\u201d, concluye Sonia. Una afici\u00f3n que no solo conecta con la m\u00fasica y la cultura, sino tambi\u00e9n con el disfrute compartido, la constancia y la satisfacci\u00f3n de aprender algo nuevo en equipo.<\/span><span data-ccp-props=\"{&quot;134233117&quot;:false,&quot;134233118&quot;:false,&quot;201341983&quot;:0,&quot;335559738&quot;:210,&quot;335559739&quot;:210,&quot;335559740&quot;:300}\">\u00a0<\/span><\/p>\t\t\t\t\t\t\t\t<\/div>\n\t\t\t\t<\/div>\n\t\t\t\t\t<\/div>\n\t\t<\/div>\n\t\t\t\t\t<\/div>\n\t\t<\/section>\n\t\t\t\t<section class=\"elementor-section elementor-top-section elementor-element elementor-element-d324575 elementor-section-content-middle elementor-section-boxed elementor-section-height-default elementor-section-height-default\" data-id=\"d324575\" data-element_type=\"section\" data-e-type=\"section\">\n\t\t\t\t\t\t<div class=\"elementor-container elementor-column-gap-default\">\n\t\t\t\t\t<div class=\"elementor-column elementor-col-50 elementor-top-column elementor-element elementor-element-0a4e086\" data-id=\"0a4e086\" data-element_type=\"column\" data-e-type=\"column\">\n\t\t\t<div class=\"elementor-widget-wrap\">\n\t\t\t\t\t\t\t<\/div>\n\t\t<\/div>\n\t\t\t\t<div class=\"elementor-column elementor-col-50 elementor-top-column elementor-element elementor-element-0ff23b2\" data-id=\"0ff23b2\" data-element_type=\"column\" data-e-type=\"column\">\n\t\t\t<div class=\"elementor-widget-wrap\">\n\t\t\t\t\t\t\t<\/div>\n\t\t<\/div>\n\t\t\t\t\t<\/div>\n\t\t<\/section>\n\t\t\t\t<section class=\"elementor-section elementor-top-section elementor-element elementor-element-9be52d4 elementor-section-content-middle elementor-section-stretched elementor-hidden-desktop elementor-hidden-tablet elementor-hidden-mobile elementor-section-boxed elementor-section-height-default elementor-section-height-default\" data-id=\"9be52d4\" data-element_type=\"section\" data-e-type=\"section\" data-settings=\"{&quot;stretch_section&quot;:&quot;section-stretched&quot;,&quot;background_background&quot;:&quot;classic&quot;}\">\n\t\t\t\t\t\t<div class=\"elementor-container elementor-column-gap-default\">\n\t\t\t\t\t<div class=\"elementor-column elementor-col-50 elementor-top-column elementor-element elementor-element-f865264\" data-id=\"f865264\" data-element_type=\"column\" data-e-type=\"column\">\n\t\t\t<div class=\"elementor-widget-wrap elementor-element-populated\">\n\t\t\t\t\t\t<div class=\"elementor-element elementor-element-beff39b elementor-widget elementor-widget-image\" data-id=\"beff39b\" data-element_type=\"widget\" data-e-type=\"widget\" data-widget_type=\"image.default\">\n\t\t\t\t<div class=\"elementor-widget-container\">\n\t\t\t\t\t\t\t\t\t\t\t\t\t\t\t<img decoding=\"async\" src=\"https:\/\/riberasalud.com\/employee\/wp-content\/uploads\/elementor\/thumbs\/FAMILY_DAY_COVADONGA-r6j0qbmqougduwa1awlyt13u1smzzv5km3kp7kf40y.jpg\" title=\"FAMILY_DAY_COVADONGA\" alt=\"FAMILY_DAY_COVADONGA\" loading=\"lazy\" \/>\t\t\t\t\t\t\t\t\t\t\t\t\t\t\t<\/div>\n\t\t\t\t<\/div>\n\t\t\t\t\t<\/div>\n\t\t<\/div>\n\t\t\t\t<div class=\"elementor-column elementor-col-50 elementor-top-column elementor-element elementor-element-d06ded2\" data-id=\"d06ded2\" data-element_type=\"column\" data-e-type=\"column\">\n\t\t\t<div class=\"elementor-widget-wrap elementor-element-populated\">\n\t\t\t\t\t\t<div class=\"elementor-element elementor-element-7e3e762 elementor-widget elementor-widget-heading\" data-id=\"7e3e762\" data-element_type=\"widget\" data-e-type=\"widget\" data-widget_type=\"heading.default\">\n\t\t\t\t<div class=\"elementor-widget-container\">\n\t\t\t\t\t<h2 class=\"elementor-heading-title elementor-size-default\"><b>\u00a1Family Day <\/b>en Covadonga!\n<\/h2>\t\t\t\t<\/div>\n\t\t\t\t<\/div>\n\t\t\t\t<div class=\"elementor-element elementor-element-33ee0e3 elementor-widget elementor-widget-text-editor\" data-id=\"33ee0e3\" data-element_type=\"widget\" data-e-type=\"widget\" data-widget_type=\"text-editor.default\">\n\t\t\t\t<div class=\"elementor-widget-container\">\n\t\t\t\t\t\t\t\t\t<p class=\"p1\"><span class=\"s1\">El viernes 2 de mayo, tuvimos nuestro primer Family day en Covadonga. Los compa\u00f1eros del hospital pudimos traer a los m\u00e1s peque\u00f1os de nuestras familias. Les ense\u00f1amos el hospital, las distintas profesiones e hicimos un mont\u00f3n de juegos.<\/span><\/p><p class=\"p1\"><span class=\"s1\">Esta jornada, adem\u00e1s de ser muy divertida, nos ha ayudado a conciliar la vida laboral y familiar.<\/span><\/p><p class=\"p1\"><span class=\"s1\">Gracias\u00a0 Luc\u00eda, Carla, H\u00e9ctor, Cayetana y a toda las familias Ribera Covadonga por hacerlo posible.<\/span><\/p><p class=\"p1\"><strong><span class=\"s1\">\u00a1Repetiremos seguro!<\/span><\/strong><\/p>\t\t\t\t\t\t\t\t<\/div>\n\t\t\t\t<\/div>\n\t\t\t\t\t<\/div>\n\t\t<\/div>\n\t\t\t\t\t<\/div>\n\t\t<\/section>\n\t\t\t\t<section class=\"elementor-section elementor-top-section elementor-element elementor-element-dab78bc elementor-section-content-middle elementor-hidden-desktop elementor-hidden-tablet elementor-hidden-mobile elementor-section-boxed elementor-section-height-default elementor-section-height-default\" data-id=\"dab78bc\" data-element_type=\"section\" data-e-type=\"section\">\n\t\t\t\t\t\t<div class=\"elementor-container elementor-column-gap-default\">\n\t\t\t\t\t<div class=\"elementor-column elementor-col-50 elementor-top-column elementor-element elementor-element-c87398d\" data-id=\"c87398d\" data-element_type=\"column\" data-e-type=\"column\">\n\t\t\t<div class=\"elementor-widget-wrap elementor-element-populated\">\n\t\t\t\t\t\t<div class=\"elementor-element elementor-element-d31de18 elementor-widget elementor-widget-image\" data-id=\"d31de18\" data-element_type=\"widget\" data-e-type=\"widget\" data-widget_type=\"image.default\">\n\t\t\t\t<div class=\"elementor-widget-container\">\n\t\t\t\t\t\t\t\t\t\t\t\t\t\t\t<img fetchpriority=\"high\" decoding=\"async\" width=\"1000\" height=\"1000\" src=\"https:\/\/riberasalud.com\/employee\/wp-content\/uploads\/2021\/07\/familia_Ribera4-04.jpg\" class=\"attachment-large size-large wp-image-10260\" alt=\"\" srcset=\"https:\/\/riberasalud.com\/employee\/wp-content\/uploads\/2021\/07\/familia_Ribera4-04.jpg 1000w, https:\/\/riberasalud.com\/employee\/wp-content\/uploads\/2021\/07\/familia_Ribera4-04-300x300.jpg 300w, https:\/\/riberasalud.com\/employee\/wp-content\/uploads\/2021\/07\/familia_Ribera4-04-150x150.jpg 150w, https:\/\/riberasalud.com\/employee\/wp-content\/uploads\/2021\/07\/familia_Ribera4-04-768x768.jpg 768w, https:\/\/riberasalud.com\/employee\/wp-content\/uploads\/2021\/07\/familia_Ribera4-04-440x440.jpg 440w, https:\/\/riberasalud.com\/employee\/wp-content\/uploads\/2021\/07\/familia_Ribera4-04-610x610.jpg 610w\" sizes=\"(max-width: 1000px) 100vw, 1000px\" \/>\t\t\t\t\t\t\t\t\t\t\t\t\t\t\t<\/div>\n\t\t\t\t<\/div>\n\t\t\t\t\t<\/div>\n\t\t<\/div>\n\t\t\t\t<div class=\"elementor-column elementor-col-50 elementor-top-column elementor-element elementor-element-bb7f1b4\" data-id=\"bb7f1b4\" data-element_type=\"column\" data-e-type=\"column\">\n\t\t\t<div class=\"elementor-widget-wrap elementor-element-populated\">\n\t\t\t\t\t\t<div class=\"elementor-element elementor-element-1eed4ee elementor-widget elementor-widget-heading\" data-id=\"1eed4ee\" data-element_type=\"widget\" data-e-type=\"widget\" data-widget_type=\"heading.default\">\n\t\t\t\t<div class=\"elementor-widget-container\">\n\t\t\t\t\t<h2 class=\"elementor-heading-title elementor-size-default\">Ram\u00f3n Garc\u00eda Ruiz<\/h2>\t\t\t\t<\/div>\n\t\t\t\t<\/div>\n\t\t\t\t<div class=\"elementor-element elementor-element-58d259f elementor-widget elementor-widget-heading\" data-id=\"58d259f\" data-element_type=\"widget\" data-e-type=\"widget\" data-widget_type=\"heading.default\">\n\t\t\t\t<div class=\"elementor-widget-container\">\n\t\t\t\t\t<h4 class=\"elementor-heading-title elementor-size-default\">\u201cBucear me hace sentir mucha libertad y relajaci\u00f3n\u201d\n<\/h4>\t\t\t\t<\/div>\n\t\t\t\t<\/div>\n\t\t\t\t<div class=\"elementor-element elementor-element-44b2a60 elementor-widget elementor-widget-heading\" data-id=\"44b2a60\" data-element_type=\"widget\" data-e-type=\"widget\" data-widget_type=\"heading.default\">\n\t\t\t\t<div class=\"elementor-widget-container\">\n\t\t\t\t\t<p class=\"elementor-heading-title elementor-size-small\"><b>Torrevieja<\/b> \u00b7 TCAE\n<\/p>\t\t\t\t<\/div>\n\t\t\t\t<\/div>\n\t\t\t\t<div class=\"elementor-element elementor-element-0bba9e2 elementor-widget elementor-widget-text-editor\" data-id=\"0bba9e2\" data-element_type=\"widget\" data-e-type=\"widget\" data-widget_type=\"text-editor.default\">\n\t\t\t\t<div class=\"elementor-widget-container\">\n\t\t\t\t\t\t\t\t\t<p class=\"p1\"><span class=\"s1\">Ram\u00f3n empez\u00f3 a hacer buceo hace dos a\u00f1os y desde entonces no ha parado de descubrir el fondo marino. En este tipo de deportes es necesario salir en pareja, por lo cual, nuestro compa\u00f1ero intenta coordinarse, siempre que puede, con otro submarinista para poder sumergirse en las profundidades del mar una vez al mes. <\/span><\/p><p class=\"p1\"><span class=\"s1\">Dependiendo de si es invierno o verano, Ram\u00f3n nos cuenta que adec\u00faa su traje de neopreno para adaptarse a las circunstancias ambientales. Normalmente en verano aguanta m\u00e1s en el agua, argumenta, porque est\u00e1 m\u00e1s caliente, en invierno a las 2h \u2013 2:30h tiene que salir porque el fr\u00edo provoca que le duela la cabeza. <\/span><\/p><p class=\"p1\"><span class=\"s1\">Lo que consigue es mucha relajaci\u00f3n dado que es una actividad que practica con pasi\u00f3n. Es capaz de descender a pulm\u00f3n 9 metros pero con pr\u00e1ctica y m\u00e1s entrenamientos conf\u00eda en poder superar sus marcas.\u00a0<\/span><\/p>\t\t\t\t\t\t\t\t<\/div>\n\t\t\t\t<\/div>\n\t\t\t\t\t<\/div>\n\t\t<\/div>\n\t\t\t\t\t<\/div>\n\t\t<\/section>\n\t\t\t\t<section class=\"elementor-section elementor-top-section elementor-element elementor-element-d7613fa elementor-section-boxed elementor-section-height-default elementor-section-height-default\" data-id=\"d7613fa\" data-element_type=\"section\" data-e-type=\"section\">\n\t\t\t\t\t\t<div class=\"elementor-container elementor-column-gap-default\">\n\t\t\t\t\t<div class=\"elementor-column elementor-col-100 elementor-top-column elementor-element elementor-element-b7efd99\" data-id=\"b7efd99\" data-element_type=\"column\" data-e-type=\"column\">\n\t\t\t<div class=\"elementor-widget-wrap\">\n\t\t\t\t\t\t\t<\/div>\n\t\t<\/div>\n\t\t\t\t\t<\/div>\n\t\t<\/section>\n\t\t\t\t<\/div>\n\t\t","protected":false},"excerpt":{"rendered":"<p>Familia Ribera Conoce el lado m\u00e1s personal de nuestros profesionales y descubre las aficiones que nos conectan m\u00e1s all\u00e1 del trabajo. \u00bfQuieres salir en nuestro pr\u00f3ximo bolet\u00edn? Escr\u00edbenos a comunicacion@riberasalud.es y cu\u00e9ntanos tus hobbies\u200b Esther Guijarro Hospital Universitario del Vinalop\u00f3 [&hellip;]<\/p>\n","protected":false},"author":3,"featured_media":0,"parent":0,"menu_order":0,"comment_status":"closed","ping_status":"closed","template":"","meta":{"_glsr_average":0,"_glsr_ranking":0,"_glsr_reviews":0,"footnotes":""},"class_list":["post-14532","page","type-page","status-publish","hentry"],"_links":{"self":[{"href":"https:\/\/riberasalud.com\/employee\/wp-json\/wp\/v2\/pages\/14532","targetHints":{"allow":["GET"]}}],"collection":[{"href":"https:\/\/riberasalud.com\/employee\/wp-json\/wp\/v2\/pages"}],"about":[{"href":"https:\/\/riberasalud.com\/employee\/wp-json\/wp\/v2\/types\/page"}],"author":[{"embeddable":true,"href":"https:\/\/riberasalud.com\/employee\/wp-json\/wp\/v2\/users\/3"}],"replies":[{"embeddable":true,"href":"https:\/\/riberasalud.com\/employee\/wp-json\/wp\/v2\/comments?post=14532"}],"version-history":[{"count":853,"href":"https:\/\/riberasalud.com\/employee\/wp-json\/wp\/v2\/pages\/14532\/revisions"}],"predecessor-version":[{"id":44649,"href":"https:\/\/riberasalud.com\/employee\/wp-json\/wp\/v2\/pages\/14532\/revisions\/44649"}],"wp:attachment":[{"href":"https:\/\/riberasalud.com\/employee\/wp-json\/wp\/v2\/media?parent=14532"}],"curies":[{"name":"wp","href":"https:\/\/api.w.org\/{rel}","templated":true}]}}