{"id":11795,"date":"2021-11-02T15:38:49","date_gmt":"2021-11-02T15:38:49","guid":{"rendered":"https:\/\/riberasalud.com\/employee\/?page_id=11795"},"modified":"2025-06-26T14:46:05","modified_gmt":"2025-06-26T14:46:05","slug":"ventajas-juan-cardona","status":"publish","type":"page","link":"https:\/\/riberasalud.com\/employee\/ventajas-juan-cardona\/","title":{"rendered":"Ventajas Juan Cardona"},"content":{"rendered":"\t\t<div data-elementor-type=\"wp-page\" data-elementor-id=\"11795\" class=\"elementor elementor-11795\">\n\t\t\t\t\t\t<section class=\"elementor-section elementor-top-section elementor-element elementor-element-68aa24b elementor-section-boxed elementor-section-height-default elementor-section-height-default\" data-id=\"68aa24b\" data-element_type=\"section\" data-e-type=\"section\">\n\t\t\t\t\t\t<div class=\"elementor-container elementor-column-gap-default\">\n\t\t\t\t\t<div class=\"elementor-column elementor-col-100 elementor-top-column elementor-element elementor-element-89dfc08\" data-id=\"89dfc08\" data-element_type=\"column\" data-e-type=\"column\">\n\t\t\t<div class=\"elementor-widget-wrap elementor-element-populated\">\n\t\t\t\t\t\t<div class=\"elementor-element elementor-element-8be44cd elementor-widget elementor-widget-heading\" data-id=\"8be44cd\" data-element_type=\"widget\" data-e-type=\"widget\" data-widget_type=\"heading.default\">\n\t\t\t\t<div class=\"elementor-widget-container\">\n\t\t\t\t\t<h2 class=\"elementor-heading-title elementor-size-default\"><strong>Ventajas <\/strong>Hospital Ribera Juan Cardona<\/h2>\t\t\t\t<\/div>\n\t\t\t\t<\/div>\n\t\t\t\t<div class=\"elementor-element elementor-element-7060deb elementor-widget elementor-widget-text-editor\" data-id=\"7060deb\" data-element_type=\"widget\" data-e-type=\"widget\" data-widget_type=\"text-editor.default\">\n\t\t\t\t<div class=\"elementor-widget-container\">\n\t\t\t\t\t\t\t\t\t<p>Descubre las ventajas asociadas a\u00a0<strong>Juan Cardona<\/strong>. Para hacer uso de estas ventajas debes llevar contigo tu tarjeta corporativa.<\/p>\t\t\t\t\t\t\t\t<\/div>\n\t\t\t\t<\/div>\n\t\t\t\t\t<\/div>\n\t\t<\/div>\n\t\t\t\t\t<\/div>\n\t\t<\/section>\n\t\t\t\t<section class=\"elementor-section elementor-top-section elementor-element elementor-element-2cec27b elementor-section-stretched elementor-section-boxed elementor-section-height-default elementor-section-height-default\" data-id=\"2cec27b\" data-element_type=\"section\" data-e-type=\"section\" data-settings=\"{&quot;stretch_section&quot;:&quot;section-stretched&quot;,&quot;background_background&quot;:&quot;classic&quot;}\">\n\t\t\t\t\t\t<div class=\"elementor-container elementor-column-gap-default\">\n\t\t\t\t\t<div class=\"elementor-column elementor-col-100 elementor-top-column elementor-element elementor-element-9ebdfd7\" data-id=\"9ebdfd7\" data-element_type=\"column\" data-e-type=\"column\">\n\t\t\t<div class=\"elementor-widget-wrap elementor-element-populated\">\n\t\t\t\t\t\t<section class=\"elementor-section elementor-inner-section elementor-element elementor-element-b946421 elementor-section-boxed elementor-section-height-default elementor-section-height-default\" data-id=\"b946421\" data-element_type=\"section\" data-e-type=\"section\">\n\t\t\t\t\t\t<div class=\"elementor-container elementor-column-gap-default\">\n\t\t\t\t\t<div class=\"elementor-column elementor-col-50 elementor-inner-column elementor-element elementor-element-fb2e8db\" data-id=\"fb2e8db\" data-element_type=\"column\" data-e-type=\"column\">\n\t\t\t<div class=\"elementor-widget-wrap elementor-element-populated\">\n\t\t\t\t\t\t<div class=\"elementor-element elementor-element-0630f68 elementor-widget elementor-widget-heading\" data-id=\"0630f68\" data-element_type=\"widget\" data-e-type=\"widget\" data-widget_type=\"heading.default\">\n\t\t\t\t<div class=\"elementor-widget-container\">\n\t\t\t\t\t<h2 class=\"elementor-heading-title elementor-size-default\">Tu seguro m\u00e9dico<\/br>\ncon DKV<\/h2>\t\t\t\t<\/div>\n\t\t\t\t<\/div>\n\t\t\t\t<div class=\"elementor-element elementor-element-29bacda elementor-widget elementor-widget-text-editor\" data-id=\"29bacda\" data-element_type=\"widget\" data-e-type=\"widget\" data-widget_type=\"text-editor.default\">\n\t\t\t\t<div class=\"elementor-widget-container\">\n\t\t\t\t\t\t\t\t\t<p>Desc\u00e1rgate la app para poder solicitar el seguro m\u00e9dico desde tu retribuci\u00f3n flexible y ahorra.<\/p>\t\t\t\t\t\t\t\t<\/div>\n\t\t\t\t<\/div>\n\t\t\t\t<div class=\"elementor-element elementor-element-4fd89ec elementor-widget elementor-widget-button\" data-id=\"4fd89ec\" data-element_type=\"widget\" data-e-type=\"widget\" data-widget_type=\"button.default\">\n\t\t\t\t<div class=\"elementor-widget-container\">\n\t\t\t\t\t\t\t\t\t<div class=\"elementor-button-wrapper\">\n\t\t\t\t\t<a class=\"elementor-button elementor-button-link elementor-size-sm\" href=\"https:\/\/cobee.io\/activation\/acceso-empleados\/\">\n\t\t\t\t\t\t<span class=\"elementor-button-content-wrapper\">\n\t\t\t\t\t\t\t\t\t<span class=\"elementor-button-text\">Activa tu cuenta Cobee<\/span>\n\t\t\t\t\t<\/span>\n\t\t\t\t\t<\/a>\n\t\t\t\t<\/div>\n\t\t\t\t\t\t\t\t<\/div>\n\t\t\t\t<\/div>\n\t\t\t\t<div class=\"elementor-element elementor-element-d6df1b6 elementor-widget elementor-widget-text-editor\" data-id=\"d6df1b6\" data-element_type=\"widget\" data-e-type=\"widget\" data-widget_type=\"text-editor.default\">\n\t\t\t\t<div class=\"elementor-widget-container\">\n\t\t\t\t\t\t\t\t\t<p>Elige el modelo de seguro que mejor se adapte a tus necesidades<br \/><span style=\"text-decoration: underline;\"><span style=\"color: #ffffff; text-decoration: underline;\"><br \/><\/span><\/span><span style=\"color: #ffffff;\">Ver DKV <\/span><span style=\"text-decoration: underline;\"><span style=\"color: #ffffff; text-decoration: underline;\"><a style=\"color: #ffffff; text-decoration: underline;\" href=\"https:\/\/www.riberasalud.com\/employee\/wp-content\/uploads\/2024\/02\/Presentacion-DKV-Cuadro-Medico_24.pdf\" target=\"_blank\" rel=\"noopener\">Cuadro M\u00e9dico Integral \u00c9lite<\/a><br \/><\/span><\/span><\/p>\t\t\t\t\t\t\t\t<\/div>\n\t\t\t\t<\/div>\n\t\t\t\t<div class=\"elementor-element elementor-element-bf00f71 elementor-hidden-desktop elementor-hidden-tablet elementor-hidden-mobile elementor-widget elementor-widget-text-editor\" data-id=\"bf00f71\" data-element_type=\"widget\" data-e-type=\"widget\" data-widget_type=\"text-editor.default\">\n\t\t\t\t<div class=\"elementor-widget-container\">\n\t\t\t\t\t\t\t\t\t<p>Elige el modelo de seguro que mejor se adapte a tus necesidades<br \/>Ver DKV <span style=\"text-decoration: underline;\"><span style=\"color: #ffffff; text-decoration: underline;\"><a style=\"color: #ffffff; text-decoration: underline;\" href=\"https:\/\/www.riberasalud.com\/employee\/wp-content\/uploads\/2023\/11\/MUNDISALUD-CLASSIC_Ribera-Salud-DKV.pdf\">Reembolso<\/a><br \/><\/span><\/span><span style=\"color: #ffffff;\">Ver DKV<\/span> <span style=\"text-decoration: underline;\"><span style=\"color: #ffffff; text-decoration: underline;\"><a style=\"color: #ffffff; text-decoration: underline;\" href=\"https:\/\/www.riberasalud.com\/employee\/wp-content\/uploads\/2023\/11\/MODULAR-A.PRIMARIAESPECIALISTAS.pdf\">Modular<\/a><br \/><\/span><\/span><span style=\"color: #ffffff;\">Ver DKV <\/span><span style=\"text-decoration: underline;\"><span style=\"color: #ffffff; text-decoration: underline;\"><a style=\"color: #ffffff; text-decoration: underline;\" href=\"https:\/\/www.riberasalud.com\/employee\/wp-content\/uploads\/2023\/11\/INTEGRAL-ELITE_Ribera-Salud-DKV.pdf\">C<\/a>uadro M\u00e9dico Integral \u00c9lite<br \/><\/span><\/span><\/p>\t\t\t\t\t\t\t\t<\/div>\n\t\t\t\t<\/div>\n\t\t\t\t<div class=\"elementor-element elementor-element-d777e69 elementor-widget elementor-widget-text-editor\" data-id=\"d777e69\" data-element_type=\"widget\" data-e-type=\"widget\" data-widget_type=\"text-editor.default\">\n\t\t\t\t<div class=\"elementor-widget-container\">\n\t\t\t\t\t\t\t\t\t<p>Tu usuario es tu correo corporativo.<\/p>\t\t\t\t\t\t\t\t<\/div>\n\t\t\t\t<\/div>\n\t\t\t\t\t<\/div>\n\t\t<\/div>\n\t\t\t\t<div class=\"elementor-column elementor-col-50 elementor-inner-column elementor-element elementor-element-31df926 elementor-hidden-mobile\" data-id=\"31df926\" data-element_type=\"column\" data-e-type=\"column\">\n\t\t\t<div class=\"elementor-widget-wrap elementor-element-populated\">\n\t\t\t\t\t\t<div class=\"elementor-element elementor-element-e6109c0 elementor-hidden-mobile elementor-widget elementor-widget-image\" data-id=\"e6109c0\" data-element_type=\"widget\" data-e-type=\"widget\" data-widget_type=\"image.default\">\n\t\t\t\t<div class=\"elementor-widget-container\">\n\t\t\t\t\t\t\t\t\t\t\t\t\t\t\t<img fetchpriority=\"high\" decoding=\"async\" width=\"923\" height=\"800\" src=\"https:\/\/riberasalud.com\/employee\/wp-content\/uploads\/2021\/12\/union_Mesa-de-trabajo-1.png\" class=\"attachment-large size-large wp-image-12536\" alt=\"\" srcset=\"https:\/\/riberasalud.com\/employee\/wp-content\/uploads\/2021\/12\/union_Mesa-de-trabajo-1.png 923w, https:\/\/riberasalud.com\/employee\/wp-content\/uploads\/2021\/12\/union_Mesa-de-trabajo-1-300x260.png 300w, https:\/\/riberasalud.com\/employee\/wp-content\/uploads\/2021\/12\/union_Mesa-de-trabajo-1-768x666.png 768w, https:\/\/riberasalud.com\/employee\/wp-content\/uploads\/2021\/12\/union_Mesa-de-trabajo-1-440x381.png 440w\" sizes=\"(max-width: 923px) 100vw, 923px\" \/>\t\t\t\t\t\t\t\t\t\t\t\t\t\t\t<\/div>\n\t\t\t\t<\/div>\n\t\t\t\t\t<\/div>\n\t\t<\/div>\n\t\t\t\t\t<\/div>\n\t\t<\/section>\n\t\t\t\t\t<\/div>\n\t\t<\/div>\n\t\t\t\t\t<\/div>\n\t\t<\/section>\n\t\t\t\t<section class=\"elementor-section elementor-top-section elementor-element elementor-element-5d0d985 elementor-section-boxed elementor-section-height-default elementor-section-height-default\" data-id=\"5d0d985\" data-element_type=\"section\" data-e-type=\"section\">\n\t\t\t\t\t\t<div class=\"elementor-container elementor-column-gap-default\">\n\t\t\t\t\t<div class=\"elementor-column elementor-col-100 elementor-top-column elementor-element elementor-element-53243e5\" data-id=\"53243e5\" data-element_type=\"column\" data-e-type=\"column\">\n\t\t\t<div class=\"elementor-widget-wrap elementor-element-populated\">\n\t\t\t\t\t\t<div class=\"elementor-element elementor-element-263779c elementor-widget elementor-widget-text-editor\" data-id=\"263779c\" data-element_type=\"widget\" data-e-type=\"widget\" data-widget_type=\"text-editor.default\">\n\t\t\t\t<div class=\"elementor-widget-container\">\n\t\t\t\t\t\t\t\t\t<p>DESCUENTOS EN EMPRESAS EXTERNAS<\/p>\t\t\t\t\t\t\t\t<\/div>\n\t\t\t\t<\/div>\n\t\t\t\t\t<\/div>\n\t\t<\/div>\n\t\t\t\t\t<\/div>\n\t\t<\/section>\n\t\t\t\t<section class=\"elementor-section elementor-top-section elementor-element elementor-element-5965ec4 elementor-section-boxed elementor-section-height-default elementor-section-height-default\" data-id=\"5965ec4\" data-element_type=\"section\" data-e-type=\"section\">\n\t\t\t\t\t\t<div class=\"elementor-container elementor-column-gap-default\">\n\t\t\t\t\t<div class=\"elementor-column elementor-col-33 elementor-top-column elementor-element elementor-element-8f29627\" data-id=\"8f29627\" data-element_type=\"column\" data-e-type=\"column\">\n\t\t\t<div class=\"elementor-widget-wrap elementor-element-populated\">\n\t\t\t\t\t\t<div class=\"elementor-element elementor-element-1075b38 elementor-widget elementor-widget-image\" data-id=\"1075b38\" data-element_type=\"widget\" data-e-type=\"widget\" data-widget_type=\"image.default\">\n\t\t\t\t<div class=\"elementor-widget-container\">\n\t\t\t\t\t\t\t\t\t\t\t\t\t\t\t<img decoding=\"async\" width=\"450\" height=\"300\" src=\"https:\/\/riberasalud.com\/employee\/wp-content\/uploads\/2023\/11\/Carrefour.jpg\" class=\"attachment-large size-large wp-image-24211\" alt=\"\" srcset=\"https:\/\/riberasalud.com\/employee\/wp-content\/uploads\/2023\/11\/Carrefour.jpg 450w, https:\/\/riberasalud.com\/employee\/wp-content\/uploads\/2023\/11\/Carrefour-300x200.jpg 300w, https:\/\/riberasalud.com\/employee\/wp-content\/uploads\/2023\/11\/Carrefour-440x293.jpg 440w\" sizes=\"(max-width: 450px) 100vw, 450px\" \/>\t\t\t\t\t\t\t\t\t\t\t\t\t\t\t<\/div>\n\t\t\t\t<\/div>\n\t\t\t\t<div class=\"elementor-element elementor-element-011c9f3 elementor-widget-divider--view-line elementor-widget elementor-widget-divider\" data-id=\"011c9f3\" data-element_type=\"widget\" data-e-type=\"widget\" data-widget_type=\"divider.default\">\n\t\t\t\t<div class=\"elementor-widget-container\">\n\t\t\t\t\t\t\t<div class=\"elementor-divider\">\n\t\t\t<span class=\"elementor-divider-separator\">\n\t\t\t\t\t\t<\/span>\n\t\t<\/div>\n\t\t\t\t\t\t<\/div>\n\t\t\t\t<\/div>\n\t\t\t\t<div class=\"elementor-element elementor-element-8f5a613 elementor-widget elementor-widget-text-editor\" data-id=\"8f5a613\" data-element_type=\"widget\" data-e-type=\"widget\" data-widget_type=\"text-editor.default\">\n\t\t\t\t<div class=\"elementor-widget-container\">\n\t\t\t\t\t\t\t\t\t<p><strong><span style=\"color: #d71128;\">Carrefour<\/span><\/strong>:<b> \u00a0Cadena multinacional de distribuci\u00f3n<br \/><\/b><b>\u00bfEn qu\u00e9 consiste?<\/b> Acumula 6 euros extra en tu cheque ahorro<br \/><strong>Encu\u00e9ntranos en:\u00a0<\/strong><a href=\"http:\/\/carrefour.es\/clubcarrefour\">carrefour.es\/clubcarrefour<\/a><br \/><strong>+ info:\u00a0<\/strong><a href=\"https:\/\/riberasalud.com\/employee\/wp-content\/uploads\/2021\/11\/Ribera-salud-VF-1.pdf\">pincha aqu\u00ed<\/a><\/p>\t\t\t\t\t\t\t\t<\/div>\n\t\t\t\t<\/div>\n\t\t\t\t\t<\/div>\n\t\t<\/div>\n\t\t\t\t<div class=\"elementor-column elementor-col-33 elementor-top-column elementor-element elementor-element-3f22b16\" data-id=\"3f22b16\" data-element_type=\"column\" data-e-type=\"column\">\n\t\t\t<div class=\"elementor-widget-wrap elementor-element-populated\">\n\t\t\t\t\t\t<div class=\"elementor-element elementor-element-99f7c85 elementor-widget elementor-widget-image\" data-id=\"99f7c85\" data-element_type=\"widget\" data-e-type=\"widget\" data-widget_type=\"image.default\">\n\t\t\t\t<div class=\"elementor-widget-container\">\n\t\t\t\t\t\t\t\t\t\t\t\t\t\t\t<img decoding=\"async\" width=\"450\" height=\"300\" src=\"https:\/\/riberasalud.com\/employee\/wp-content\/uploads\/2023\/11\/Halcon-Viajes.jpg\" class=\"attachment-large size-large wp-image-24214\" alt=\"\" srcset=\"https:\/\/riberasalud.com\/employee\/wp-content\/uploads\/2023\/11\/Halcon-Viajes.jpg 450w, https:\/\/riberasalud.com\/employee\/wp-content\/uploads\/2023\/11\/Halcon-Viajes-300x200.jpg 300w, https:\/\/riberasalud.com\/employee\/wp-content\/uploads\/2023\/11\/Halcon-Viajes-440x293.jpg 440w\" sizes=\"(max-width: 450px) 100vw, 450px\" \/>\t\t\t\t\t\t\t\t\t\t\t\t\t\t\t<\/div>\n\t\t\t\t<\/div>\n\t\t\t\t<div class=\"elementor-element elementor-element-94fc446 elementor-widget-divider--view-line elementor-widget elementor-widget-divider\" data-id=\"94fc446\" data-element_type=\"widget\" data-e-type=\"widget\" data-widget_type=\"divider.default\">\n\t\t\t\t<div class=\"elementor-widget-container\">\n\t\t\t\t\t\t\t<div class=\"elementor-divider\">\n\t\t\t<span class=\"elementor-divider-separator\">\n\t\t\t\t\t\t<\/span>\n\t\t<\/div>\n\t\t\t\t\t\t<\/div>\n\t\t\t\t<\/div>\n\t\t\t\t<div class=\"elementor-element elementor-element-e5fd49d elementor-widget elementor-widget-text-editor\" data-id=\"e5fd49d\" data-element_type=\"widget\" data-e-type=\"widget\" data-widget_type=\"text-editor.default\">\n\t\t\t\t<div class=\"elementor-widget-container\">\n\t\t\t\t\t\t\t\t\t<p><span class=\"s1\" style=\"color: #d71029;\"><b>Halc\u00f3n Viajes\u00a0<br \/><\/b><\/span><strong>\u00bfEn qu\u00e9 consiste?<\/strong> Viaje a la India <a href=\"https:\/\/www.riberasalud.com\/employee\/wp-content\/uploads\/2024\/05\/Oferta-Viaje-India-Halcon-Viajes.png\">aqu\u00ed<\/a><\/p>\t\t\t\t\t\t\t\t<\/div>\n\t\t\t\t<\/div>\n\t\t\t\t\t<\/div>\n\t\t<\/div>\n\t\t\t\t<div class=\"elementor-column elementor-col-33 elementor-top-column elementor-element elementor-element-4ef8f27\" data-id=\"4ef8f27\" data-element_type=\"column\" data-e-type=\"column\">\n\t\t\t<div class=\"elementor-widget-wrap elementor-element-populated\">\n\t\t\t\t\t\t<div class=\"elementor-element elementor-element-6acc37d elementor-widget elementor-widget-image\" data-id=\"6acc37d\" data-element_type=\"widget\" data-e-type=\"widget\" data-widget_type=\"image.default\">\n\t\t\t\t<div class=\"elementor-widget-container\">\n\t\t\t\t\t\t\t\t\t\t\t\t\t\t\t<img loading=\"lazy\" decoding=\"async\" width=\"450\" height=\"300\" src=\"https:\/\/riberasalud.com\/employee\/wp-content\/uploads\/2023\/11\/Summer-House.jpg\" class=\"attachment-large size-large wp-image-24225\" alt=\"global\" srcset=\"https:\/\/riberasalud.com\/employee\/wp-content\/uploads\/2023\/11\/Summer-House.jpg 450w, https:\/\/riberasalud.com\/employee\/wp-content\/uploads\/2023\/11\/Summer-House-300x200.jpg 300w, https:\/\/riberasalud.com\/employee\/wp-content\/uploads\/2023\/11\/Summer-House-440x293.jpg 440w\" sizes=\"(max-width: 450px) 100vw, 450px\" \/>\t\t\t\t\t\t\t\t\t\t\t\t\t\t\t<\/div>\n\t\t\t\t<\/div>\n\t\t\t\t<div class=\"elementor-element elementor-element-d7d738d elementor-widget-divider--view-line elementor-widget elementor-widget-divider\" data-id=\"d7d738d\" data-element_type=\"widget\" data-e-type=\"widget\" data-widget_type=\"divider.default\">\n\t\t\t\t<div class=\"elementor-widget-container\">\n\t\t\t\t\t\t\t<div class=\"elementor-divider\">\n\t\t\t<span class=\"elementor-divider-separator\">\n\t\t\t\t\t\t<\/span>\n\t\t<\/div>\n\t\t\t\t\t\t<\/div>\n\t\t\t\t<\/div>\n\t\t\t\t<div class=\"elementor-element elementor-element-d8cc3b6 elementor-widget elementor-widget-text-editor\" data-id=\"d8cc3b6\" data-element_type=\"widget\" data-e-type=\"widget\" data-widget_type=\"text-editor.default\">\n\t\t\t\t<div class=\"elementor-widget-container\">\n\t\t\t\t\t\t\t\t\t<p><strong><span style=\"color: #d71128;\">Global Project<\/span><\/strong><b><br \/><\/b><b>\u00bfEn qu\u00e9 consiste?<\/b> Descuento del 15% de descuento en campamentos de verano<\/p><p><strong>Campamento semanal: <\/strong><a href=\"https:\/\/www.riberasalud.com\/employee\/wp-content\/uploads\/2024\/04\/CARTEL-HolidayClub2024_GlobalProject.pdf\">pincha aqu\u00ed<\/a><br \/><strong>Ureca del 1 al 31 de Julio: <\/strong><a href=\"https:\/\/www.riberasalud.com\/employee\/wp-content\/uploads\/2024\/04\/CARTEL-SummerHouse24_GlobalProject.pdf\">pincha aqu\u00ed<\/a><\/p>\t\t\t\t\t\t\t\t<\/div>\n\t\t\t\t<\/div>\n\t\t\t\t\t<\/div>\n\t\t<\/div>\n\t\t\t\t\t<\/div>\n\t\t<\/section>\n\t\t\t\t<\/div>\n\t\t","protected":false},"excerpt":{"rendered":"<p>Ventajas Hospital Ribera Juan Cardona Descubre las ventajas asociadas a\u00a0Juan Cardona. Para hacer uso de estas ventajas debes llevar contigo tu tarjeta corporativa. Tu seguro m\u00e9dico con DKV Desc\u00e1rgate la app para poder solicitar el seguro m\u00e9dico desde tu retribuci\u00f3n [&hellip;]<\/p>\n","protected":false},"author":3,"featured_media":0,"parent":0,"menu_order":0,"comment_status":"closed","ping_status":"closed","template":"","meta":{"_glsr_average":0,"_glsr_ranking":0,"_glsr_reviews":0,"footnotes":""},"class_list":["post-11795","page","type-page","status-publish","hentry"],"_links":{"self":[{"href":"https:\/\/riberasalud.com\/employee\/wp-json\/wp\/v2\/pages\/11795","targetHints":{"allow":["GET"]}}],"collection":[{"href":"https:\/\/riberasalud.com\/employee\/wp-json\/wp\/v2\/pages"}],"about":[{"href":"https:\/\/riberasalud.com\/employee\/wp-json\/wp\/v2\/types\/page"}],"author":[{"embeddable":true,"href":"https:\/\/riberasalud.com\/employee\/wp-json\/wp\/v2\/users\/3"}],"replies":[{"embeddable":true,"href":"https:\/\/riberasalud.com\/employee\/wp-json\/wp\/v2\/comments?post=11795"}],"version-history":[{"count":37,"href":"https:\/\/riberasalud.com\/employee\/wp-json\/wp\/v2\/pages\/11795\/revisions"}],"predecessor-version":[{"id":42085,"href":"https:\/\/riberasalud.com\/employee\/wp-json\/wp\/v2\/pages\/11795\/revisions\/42085"}],"wp:attachment":[{"href":"https:\/\/riberasalud.com\/employee\/wp-json\/wp\/v2\/media?parent=11795"}],"curies":[{"name":"wp","href":"https:\/\/api.w.org\/{rel}","templated":true}]}}