{"id":11787,"date":"2021-11-02T15:36:36","date_gmt":"2021-11-02T15:36:36","guid":{"rendered":"https:\/\/riberasalud.com\/employee\/?page_id=11787"},"modified":"2025-06-26T14:45:37","modified_gmt":"2025-06-26T14:45:37","slug":"ventajas-polusa","status":"publish","type":"page","link":"https:\/\/riberasalud.com\/employee\/ventajas-polusa\/","title":{"rendered":"Ventajas polusa"},"content":{"rendered":"\t\t<div data-elementor-type=\"wp-page\" data-elementor-id=\"11787\" class=\"elementor elementor-11787\">\n\t\t\t\t\t\t<section class=\"elementor-section elementor-top-section elementor-element elementor-element-0f208f4 elementor-section-boxed elementor-section-height-default elementor-section-height-default\" data-id=\"0f208f4\" data-element_type=\"section\" data-e-type=\"section\">\n\t\t\t\t\t\t<div class=\"elementor-container elementor-column-gap-default\">\n\t\t\t\t\t<div class=\"elementor-column elementor-col-100 elementor-top-column elementor-element elementor-element-114074a\" data-id=\"114074a\" data-element_type=\"column\" data-e-type=\"column\">\n\t\t\t<div class=\"elementor-widget-wrap elementor-element-populated\">\n\t\t\t\t\t\t<div class=\"elementor-element elementor-element-0e8a7a2 elementor-widget elementor-widget-heading\" data-id=\"0e8a7a2\" data-element_type=\"widget\" data-e-type=\"widget\" data-widget_type=\"heading.default\">\n\t\t\t\t<div class=\"elementor-widget-container\">\n\t\t\t\t\t<h2 class=\"elementor-heading-title elementor-size-default\"><strong>Ventajas <\/strong>Hospital Ribera Polusa<\/h2>\t\t\t\t<\/div>\n\t\t\t\t<\/div>\n\t\t\t\t<div class=\"elementor-element elementor-element-2e38565 elementor-widget elementor-widget-text-editor\" data-id=\"2e38565\" data-element_type=\"widget\" data-e-type=\"widget\" data-widget_type=\"text-editor.default\">\n\t\t\t\t<div class=\"elementor-widget-container\">\n\t\t\t\t\t\t\t\t\t<p style=\"text-align: center;\">Descubre las ventajas asociadas a\u00a0<strong>Polusa<\/strong>. Para hacer uso de estas ventajas debes llevar contigo tu tarjeta corporativa.<\/p>\t\t\t\t\t\t\t\t<\/div>\n\t\t\t\t<\/div>\n\t\t\t\t\t<\/div>\n\t\t<\/div>\n\t\t\t\t\t<\/div>\n\t\t<\/section>\n\t\t\t\t<section class=\"elementor-section elementor-top-section elementor-element elementor-element-09073f6 elementor-section-boxed elementor-section-height-default elementor-section-height-default\" data-id=\"09073f6\" data-element_type=\"section\" data-e-type=\"section\">\n\t\t\t\t\t\t<div class=\"elementor-container elementor-column-gap-default\">\n\t\t\t\t\t<div class=\"elementor-column elementor-col-100 elementor-top-column elementor-element elementor-element-457b2b0\" data-id=\"457b2b0\" data-element_type=\"column\" data-e-type=\"column\">\n\t\t\t<div class=\"elementor-widget-wrap elementor-element-populated\">\n\t\t\t\t\t\t<div class=\"elementor-element elementor-element-35abae5 elementor-widget elementor-widget-text-editor\" data-id=\"35abae5\" data-element_type=\"widget\" data-e-type=\"widget\" data-widget_type=\"text-editor.default\">\n\t\t\t\t<div class=\"elementor-widget-container\">\n\t\t\t\t\t\t\t\t\t<p>DESCUENTOS EN EMPRESAS EXTERNAS<\/p>\t\t\t\t\t\t\t\t<\/div>\n\t\t\t\t<\/div>\n\t\t\t\t\t<\/div>\n\t\t<\/div>\n\t\t\t\t\t<\/div>\n\t\t<\/section>\n\t\t\t\t<section class=\"elementor-section elementor-top-section elementor-element elementor-element-44d6d30 elementor-section-boxed elementor-section-height-default elementor-section-height-default\" data-id=\"44d6d30\" data-element_type=\"section\" data-e-type=\"section\">\n\t\t\t\t\t\t<div class=\"elementor-container elementor-column-gap-default\">\n\t\t\t\t\t<div class=\"elementor-column elementor-col-33 elementor-top-column elementor-element elementor-element-669699d\" data-id=\"669699d\" data-element_type=\"column\" data-e-type=\"column\">\n\t\t\t<div class=\"elementor-widget-wrap elementor-element-populated\">\n\t\t\t\t\t\t<div class=\"elementor-element elementor-element-f62105a elementor-widget elementor-widget-image\" data-id=\"f62105a\" data-element_type=\"widget\" data-e-type=\"widget\" data-widget_type=\"image.default\">\n\t\t\t\t<div class=\"elementor-widget-container\">\n\t\t\t\t\t\t\t\t\t\t\t\t\t\t\t<img fetchpriority=\"high\" decoding=\"async\" width=\"450\" height=\"300\" src=\"https:\/\/riberasalud.com\/employee\/wp-content\/uploads\/2023\/11\/Carrefour.jpg\" class=\"attachment-large size-large wp-image-24211\" alt=\"\" srcset=\"https:\/\/riberasalud.com\/employee\/wp-content\/uploads\/2023\/11\/Carrefour.jpg 450w, https:\/\/riberasalud.com\/employee\/wp-content\/uploads\/2023\/11\/Carrefour-300x200.jpg 300w, https:\/\/riberasalud.com\/employee\/wp-content\/uploads\/2023\/11\/Carrefour-440x293.jpg 440w\" sizes=\"(max-width: 450px) 100vw, 450px\" \/>\t\t\t\t\t\t\t\t\t\t\t\t\t\t\t<\/div>\n\t\t\t\t<\/div>\n\t\t\t\t<div class=\"elementor-element elementor-element-2a03677 elementor-widget-divider--view-line elementor-widget elementor-widget-divider\" data-id=\"2a03677\" data-element_type=\"widget\" data-e-type=\"widget\" data-widget_type=\"divider.default\">\n\t\t\t\t<div class=\"elementor-widget-container\">\n\t\t\t\t\t\t\t<div class=\"elementor-divider\">\n\t\t\t<span class=\"elementor-divider-separator\">\n\t\t\t\t\t\t<\/span>\n\t\t<\/div>\n\t\t\t\t\t\t<\/div>\n\t\t\t\t<\/div>\n\t\t\t\t<div class=\"elementor-element elementor-element-9bd33c8 elementor-widget elementor-widget-text-editor\" data-id=\"9bd33c8\" data-element_type=\"widget\" data-e-type=\"widget\" data-widget_type=\"text-editor.default\">\n\t\t\t\t<div class=\"elementor-widget-container\">\n\t\t\t\t\t\t\t\t\t<p><strong><span style=\"color: #d71128;\">Carrefour<\/span><\/strong>:<b> \u00a0Cadena multinacional de distribuci\u00f3n<br \/><\/b><b>\u00bfEn qu\u00e9 consiste?<\/b> Acumula 6 euros extra en tu cheque ahorro<br \/><strong>Encu\u00e9ntranos en:\u00a0<\/strong><a href=\"http:\/\/carrefour.es\/clubcarrefour\">carrefour.es\/clubcarrefour<\/a><br \/><strong>+ info:\u00a0<\/strong><a href=\"https:\/\/riberasalud.com\/employee\/wp-content\/uploads\/2021\/11\/Ribera-salud-VF-1.pdf\">pincha aqu\u00ed<\/a><\/p>\t\t\t\t\t\t\t\t<\/div>\n\t\t\t\t<\/div>\n\t\t\t\t\t<\/div>\n\t\t<\/div>\n\t\t\t\t<div class=\"elementor-column elementor-col-33 elementor-top-column elementor-element elementor-element-fe386a9\" data-id=\"fe386a9\" data-element_type=\"column\" data-e-type=\"column\">\n\t\t\t<div class=\"elementor-widget-wrap elementor-element-populated\">\n\t\t\t\t\t\t<div class=\"elementor-element elementor-element-01fb598 elementor-widget elementor-widget-image\" data-id=\"01fb598\" data-element_type=\"widget\" data-e-type=\"widget\" data-widget_type=\"image.default\">\n\t\t\t\t<div class=\"elementor-widget-container\">\n\t\t\t\t\t\t\t\t\t\t\t\t\t\t\t<img decoding=\"async\" width=\"450\" height=\"300\" src=\"https:\/\/riberasalud.com\/employee\/wp-content\/uploads\/2023\/11\/Halcon-Viajes.jpg\" class=\"attachment-large size-large wp-image-24214\" alt=\"\" srcset=\"https:\/\/riberasalud.com\/employee\/wp-content\/uploads\/2023\/11\/Halcon-Viajes.jpg 450w, https:\/\/riberasalud.com\/employee\/wp-content\/uploads\/2023\/11\/Halcon-Viajes-300x200.jpg 300w, https:\/\/riberasalud.com\/employee\/wp-content\/uploads\/2023\/11\/Halcon-Viajes-440x293.jpg 440w\" sizes=\"(max-width: 450px) 100vw, 450px\" \/>\t\t\t\t\t\t\t\t\t\t\t\t\t\t\t<\/div>\n\t\t\t\t<\/div>\n\t\t\t\t<div class=\"elementor-element elementor-element-3284c5c elementor-widget-divider--view-line elementor-widget elementor-widget-divider\" data-id=\"3284c5c\" data-element_type=\"widget\" data-e-type=\"widget\" data-widget_type=\"divider.default\">\n\t\t\t\t<div class=\"elementor-widget-container\">\n\t\t\t\t\t\t\t<div class=\"elementor-divider\">\n\t\t\t<span class=\"elementor-divider-separator\">\n\t\t\t\t\t\t<\/span>\n\t\t<\/div>\n\t\t\t\t\t\t<\/div>\n\t\t\t\t<\/div>\n\t\t\t\t<div class=\"elementor-element elementor-element-2e8dd0a elementor-widget elementor-widget-text-editor\" data-id=\"2e8dd0a\" data-element_type=\"widget\" data-e-type=\"widget\" data-widget_type=\"text-editor.default\">\n\t\t\t\t<div class=\"elementor-widget-container\">\n\t\t\t\t\t\t\t\t\t<p><span class=\"s1\" style=\"color: #d71029;\"><b>Halc\u00f3n Viajes<br \/><\/b><\/span><strong>\u00bfEn qu\u00e9 consiste?<\/strong> Viaje a la India <a href=\"https:\/\/www.riberasalud.com\/employee\/wp-content\/uploads\/2024\/05\/Oferta-Viaje-India-Halcon-Viajes.png\">aqu\u00ed<\/a><\/p>\t\t\t\t\t\t\t\t<\/div>\n\t\t\t\t<\/div>\n\t\t\t\t\t<\/div>\n\t\t<\/div>\n\t\t\t\t<div class=\"elementor-column elementor-col-33 elementor-top-column elementor-element elementor-element-5d156c3\" data-id=\"5d156c3\" data-element_type=\"column\" data-e-type=\"column\">\n\t\t\t<div class=\"elementor-widget-wrap elementor-element-populated\">\n\t\t\t\t\t\t<div class=\"elementor-element elementor-element-11f946e elementor-widget elementor-widget-image\" data-id=\"11f946e\" data-element_type=\"widget\" data-e-type=\"widget\" data-widget_type=\"image.default\">\n\t\t\t\t<div class=\"elementor-widget-container\">\n\t\t\t\t\t\t\t\t\t\t\t\t\t\t\t<img decoding=\"async\" width=\"450\" height=\"300\" src=\"https:\/\/riberasalud.com\/employee\/wp-content\/uploads\/2023\/12\/ADESLAS.jpg\" class=\"attachment-large size-large wp-image-24760\" alt=\"\" srcset=\"https:\/\/riberasalud.com\/employee\/wp-content\/uploads\/2023\/12\/ADESLAS.jpg 450w, https:\/\/riberasalud.com\/employee\/wp-content\/uploads\/2023\/12\/ADESLAS-300x200.jpg 300w, https:\/\/riberasalud.com\/employee\/wp-content\/uploads\/2023\/12\/ADESLAS-440x293.jpg 440w\" sizes=\"(max-width: 450px) 100vw, 450px\" \/>\t\t\t\t\t\t\t\t\t\t\t\t\t\t\t<\/div>\n\t\t\t\t<\/div>\n\t\t\t\t<div class=\"elementor-element elementor-element-e0f35c1 elementor-widget-divider--view-line elementor-widget elementor-widget-divider\" data-id=\"e0f35c1\" data-element_type=\"widget\" data-e-type=\"widget\" data-widget_type=\"divider.default\">\n\t\t\t\t<div class=\"elementor-widget-container\">\n\t\t\t\t\t\t\t<div class=\"elementor-divider\">\n\t\t\t<span class=\"elementor-divider-separator\">\n\t\t\t\t\t\t<\/span>\n\t\t<\/div>\n\t\t\t\t\t\t<\/div>\n\t\t\t\t<\/div>\n\t\t\t\t<div class=\"elementor-element elementor-element-a3493ea elementor-widget elementor-widget-text-editor\" data-id=\"a3493ea\" data-element_type=\"widget\" data-e-type=\"widget\" data-widget_type=\"text-editor.default\">\n\t\t\t\t<div class=\"elementor-widget-container\">\n\t\t\t\t\t\t\t\t\t<p><span class=\"s1\" style=\"color: #d71029;\"><b>Adeslas<br \/><\/b><\/span><b>\u00bfEn qu\u00e9 consiste?<\/b> Cerca de ti con la mejora asistencia sanitaria. Condiciones especiales para los empleados del Hospital Ribera Polusa y sus familiares diretos: c\u00f3nyuge e hijos.<br \/><strong>+ info:\u00a0<\/strong><a href=\"https:\/\/www.riberasalud.com\/employee\/wp-content\/uploads\/2023\/12\/Comunicacion-Ribera-Polusa-2024.pdf\">pincha aqu\u00ed<\/a><\/p>\t\t\t\t\t\t\t\t<\/div>\n\t\t\t\t<\/div>\n\t\t\t\t\t<\/div>\n\t\t<\/div>\n\t\t\t\t\t<\/div>\n\t\t<\/section>\n\t\t\t\t<section class=\"elementor-section elementor-top-section elementor-element elementor-element-4a90b92 elementor-section-boxed elementor-section-height-default elementor-section-height-default\" data-id=\"4a90b92\" data-element_type=\"section\" data-e-type=\"section\">\n\t\t\t\t\t\t<div class=\"elementor-container elementor-column-gap-default\">\n\t\t\t\t\t<div class=\"elementor-column elementor-col-33 elementor-top-column elementor-element elementor-element-fdf11d9\" data-id=\"fdf11d9\" data-element_type=\"column\" data-e-type=\"column\">\n\t\t\t<div class=\"elementor-widget-wrap elementor-element-populated\">\n\t\t\t\t\t\t<div class=\"elementor-element elementor-element-06eb7f6 elementor-widget elementor-widget-image\" data-id=\"06eb7f6\" data-element_type=\"widget\" data-e-type=\"widget\" data-widget_type=\"image.default\">\n\t\t\t\t<div class=\"elementor-widget-container\">\n\t\t\t\t\t\t\t\t\t\t\t\t\t\t\t<img loading=\"lazy\" decoding=\"async\" width=\"450\" height=\"300\" src=\"https:\/\/riberasalud.com\/employee\/wp-content\/uploads\/2023\/12\/UNION.jpg\" class=\"attachment-large size-large wp-image-24758\" alt=\"\" srcset=\"https:\/\/riberasalud.com\/employee\/wp-content\/uploads\/2023\/12\/UNION.jpg 450w, https:\/\/riberasalud.com\/employee\/wp-content\/uploads\/2023\/12\/UNION-300x200.jpg 300w, https:\/\/riberasalud.com\/employee\/wp-content\/uploads\/2023\/12\/UNION-440x293.jpg 440w\" sizes=\"(max-width: 450px) 100vw, 450px\" \/>\t\t\t\t\t\t\t\t\t\t\t\t\t\t\t<\/div>\n\t\t\t\t<\/div>\n\t\t\t\t<div class=\"elementor-element elementor-element-1b8d3d0 elementor-widget-divider--view-line elementor-widget elementor-widget-divider\" data-id=\"1b8d3d0\" data-element_type=\"widget\" data-e-type=\"widget\" data-widget_type=\"divider.default\">\n\t\t\t\t<div class=\"elementor-widget-container\">\n\t\t\t\t\t\t\t<div class=\"elementor-divider\">\n\t\t\t<span class=\"elementor-divider-separator\">\n\t\t\t\t\t\t<\/span>\n\t\t<\/div>\n\t\t\t\t\t\t<\/div>\n\t\t\t\t<\/div>\n\t\t\t\t<div class=\"elementor-element elementor-element-7c7210a elementor-widget elementor-widget-text-editor\" data-id=\"7c7210a\" data-element_type=\"widget\" data-e-type=\"widget\" data-widget_type=\"text-editor.default\">\n\t\t\t\t<div class=\"elementor-widget-container\">\n\t\t\t\t\t\t\t\t\t<p><strong><span style=\"color: #d71128;\">Uni\u00f3n Premium<\/span><\/strong><b><br \/><\/b><b>\u00bfEn qu\u00e9 consiste?<\/b> Ribera ha alcanzado un acuerdo de colaboraci\u00f3n con la Uni\u00f3n madrile\u00f1a de seguros con beneficios exclusivos para los empleados de los hospitales del grupo en Galicia.<br \/><strong>+ info:\u00a0<\/strong><a href=\"https:\/\/riberasalud.com\/employee\/wp-content\/uploads\/2021\/12\/UNIONMADRID_Mesa-de-trabajo-1.jpg\">pincha aqu\u00ed<\/a><\/p>\t\t\t\t\t\t\t\t<\/div>\n\t\t\t\t<\/div>\n\t\t\t\t\t<\/div>\n\t\t<\/div>\n\t\t\t\t<div class=\"elementor-column elementor-col-33 elementor-top-column elementor-element elementor-element-3147d1c\" data-id=\"3147d1c\" data-element_type=\"column\" data-e-type=\"column\">\n\t\t\t<div class=\"elementor-widget-wrap elementor-element-populated\">\n\t\t\t\t\t\t<div class=\"elementor-element elementor-element-57e2159 elementor-widget elementor-widget-image\" data-id=\"57e2159\" data-element_type=\"widget\" data-e-type=\"widget\" data-widget_type=\"image.default\">\n\t\t\t\t<div class=\"elementor-widget-container\">\n\t\t\t\t\t\t\t\t\t\t\t\t\t\t\t<img loading=\"lazy\" decoding=\"async\" width=\"450\" height=\"300\" src=\"https:\/\/riberasalud.com\/employee\/wp-content\/uploads\/2023\/11\/Summer-House.jpg\" class=\"attachment-large size-large wp-image-24225\" alt=\"global\" srcset=\"https:\/\/riberasalud.com\/employee\/wp-content\/uploads\/2023\/11\/Summer-House.jpg 450w, https:\/\/riberasalud.com\/employee\/wp-content\/uploads\/2023\/11\/Summer-House-300x200.jpg 300w, https:\/\/riberasalud.com\/employee\/wp-content\/uploads\/2023\/11\/Summer-House-440x293.jpg 440w\" sizes=\"(max-width: 450px) 100vw, 450px\" \/>\t\t\t\t\t\t\t\t\t\t\t\t\t\t\t<\/div>\n\t\t\t\t<\/div>\n\t\t\t\t<div class=\"elementor-element elementor-element-b0003c9 elementor-widget-divider--view-line elementor-widget elementor-widget-divider\" data-id=\"b0003c9\" data-element_type=\"widget\" data-e-type=\"widget\" data-widget_type=\"divider.default\">\n\t\t\t\t<div class=\"elementor-widget-container\">\n\t\t\t\t\t\t\t<div class=\"elementor-divider\">\n\t\t\t<span class=\"elementor-divider-separator\">\n\t\t\t\t\t\t<\/span>\n\t\t<\/div>\n\t\t\t\t\t\t<\/div>\n\t\t\t\t<\/div>\n\t\t\t\t<div class=\"elementor-element elementor-element-652297a elementor-widget elementor-widget-text-editor\" data-id=\"652297a\" data-element_type=\"widget\" data-e-type=\"widget\" data-widget_type=\"text-editor.default\">\n\t\t\t\t<div class=\"elementor-widget-container\">\n\t\t\t\t\t\t\t\t\t<p><strong><span style=\"color: #d71128;\">Global Project<\/span><\/strong><b><br \/><\/b><b>\u00bfEn qu\u00e9 consiste?<\/b> Descuento del 15% de descuento en campamentos de verano<\/p><p><strong>Campamento semanal: <\/strong><a href=\"https:\/\/www.riberasalud.com\/employee\/wp-content\/uploads\/2024\/04\/CARTEL-HolidayClub2024_GlobalProject.pdf\">pincha aqu\u00ed<\/a><br \/><strong>Ureca del 1 al 31 de Julio: <\/strong><a href=\"https:\/\/www.riberasalud.com\/employee\/wp-content\/uploads\/2024\/04\/CARTEL-SummerHouse24_GlobalProject.pdf\">pincha aqu\u00ed<\/a><\/p>\t\t\t\t\t\t\t\t<\/div>\n\t\t\t\t<\/div>\n\t\t\t\t\t<\/div>\n\t\t<\/div>\n\t\t\t\t<div class=\"elementor-column elementor-col-33 elementor-top-column elementor-element elementor-element-58bdb8b\" data-id=\"58bdb8b\" data-element_type=\"column\" data-e-type=\"column\">\n\t\t\t<div class=\"elementor-widget-wrap\">\n\t\t\t\t\t\t\t<\/div>\n\t\t<\/div>\n\t\t\t\t\t<\/div>\n\t\t<\/section>\n\t\t\t\t<\/div>\n\t\t","protected":false},"excerpt":{"rendered":"<p>Ventajas Hospital Ribera Polusa Descubre las ventajas asociadas a\u00a0Polusa. Para hacer uso de estas ventajas debes llevar contigo tu tarjeta corporativa. DESCUENTOS EN EMPRESAS EXTERNAS Carrefour: \u00a0Cadena multinacional de distribuci\u00f3n\u00bfEn qu\u00e9 consiste? Acumula 6 euros extra en tu cheque ahorroEncu\u00e9ntranos [&hellip;]<\/p>\n","protected":false},"author":3,"featured_media":0,"parent":0,"menu_order":0,"comment_status":"closed","ping_status":"closed","template":"","meta":{"_glsr_average":0,"_glsr_ranking":0,"_glsr_reviews":0,"footnotes":""},"class_list":["post-11787","page","type-page","status-publish","hentry"],"_links":{"self":[{"href":"https:\/\/riberasalud.com\/employee\/wp-json\/wp\/v2\/pages\/11787","targetHints":{"allow":["GET"]}}],"collection":[{"href":"https:\/\/riberasalud.com\/employee\/wp-json\/wp\/v2\/pages"}],"about":[{"href":"https:\/\/riberasalud.com\/employee\/wp-json\/wp\/v2\/types\/page"}],"author":[{"embeddable":true,"href":"https:\/\/riberasalud.com\/employee\/wp-json\/wp\/v2\/users\/3"}],"replies":[{"embeddable":true,"href":"https:\/\/riberasalud.com\/employee\/wp-json\/wp\/v2\/comments?post=11787"}],"version-history":[{"count":79,"href":"https:\/\/riberasalud.com\/employee\/wp-json\/wp\/v2\/pages\/11787\/revisions"}],"predecessor-version":[{"id":42082,"href":"https:\/\/riberasalud.com\/employee\/wp-json\/wp\/v2\/pages\/11787\/revisions\/42082"}],"wp:attachment":[{"href":"https:\/\/riberasalud.com\/employee\/wp-json\/wp\/v2\/media?parent=11787"}],"curies":[{"name":"wp","href":"https:\/\/api.w.org\/{rel}","templated":true}]}}