{"id":215,"date":"2024-09-12T12:08:17","date_gmt":"2024-09-12T10:08:17","guid":{"rendered":"https:\/\/riberasalud.com\/deporteysalud\/?page_id=215"},"modified":"2024-09-12T13:36:27","modified_gmt":"2024-09-12T11:36:27","slug":"videoconsejos","status":"publish","type":"page","link":"https:\/\/riberasalud.com\/deporteysalud\/videoconsejos\/","title":{"rendered":"Videoconsejos"},"content":{"rendered":"\n<p>Los profesionales del grupo Ribera explican en pr\u00e1cticos v\u00eddeos qu\u00e9 ejercicios tienen que hacer los pacientes para mitigar el dolor en determinadas partes del cuerpo y prevenir o\u00a0recuperarse de\u00a0algunas lesiones.<\/p>\n\n\n\n<div class=\"wp-block-columns is-layout-flex wp-container-core-columns-is-layout-9d6595d7 wp-block-columns-is-layout-flex\">\n<div class=\"wp-block-column is-layout-flow wp-block-column-is-layout-flow\">\n<figure class=\"wp-block-embed is-type-video is-provider-youtube wp-block-embed-youtube wp-embed-aspect-16-9 wp-has-aspect-ratio\"><div class=\"wp-block-embed__wrapper\">\n<iframe loading=\"lazy\" title=\"FISIOTERAPIA | Ejercicios para esguince de tobillo FASE I\" width=\"1200\" height=\"675\" src=\"https:\/\/www.youtube.com\/embed\/geaHL0dZmqE?feature=oembed\" frameborder=\"0\" allow=\"accelerometer; autoplay; clipboard-write; encrypted-media; gyroscope; picture-in-picture; web-share\" referrerpolicy=\"strict-origin-when-cross-origin\" allowfullscreen><\/iframe>\n<\/div><\/figure>\n<\/div>\n\n\n\n<div class=\"wp-block-column is-layout-flow wp-block-column-is-layout-flow\">\n<figure class=\"wp-block-embed is-type-video is-provider-youtube wp-block-embed-youtube wp-embed-aspect-16-9 wp-has-aspect-ratio\"><div class=\"wp-block-embed__wrapper\">\n<iframe loading=\"lazy\" title=\"FISIOTERAPIA EN CASA | Ejercicios para combatir el dolor de hombro\" width=\"1200\" height=\"675\" src=\"https:\/\/www.youtube.com\/embed\/u8hvC64WHzQ?feature=oembed\" frameborder=\"0\" allow=\"accelerometer; autoplay; clipboard-write; encrypted-media; gyroscope; picture-in-picture; web-share\" referrerpolicy=\"strict-origin-when-cross-origin\" allowfullscreen><\/iframe>\n<\/div><\/figure>\n<\/div>\n<\/div>\n\n\n\n<div class=\"wp-block-columns is-layout-flex wp-container-core-columns-is-layout-9d6595d7 wp-block-columns-is-layout-flex\">\n<div class=\"wp-block-column is-layout-flow wp-block-column-is-layout-flow\">\n<figure class=\"wp-block-embed is-type-video is-provider-youtube wp-block-embed-youtube wp-embed-aspect-16-9 wp-has-aspect-ratio\"><div class=\"wp-block-embed__wrapper\">\n<iframe loading=\"lazy\" title=\"Rehabilitaci\u00f3n. Fuerza de mun\u0303eca y mano  nivel I\" width=\"1200\" height=\"675\" src=\"https:\/\/www.youtube.com\/embed\/CRYg6SG7lmY?feature=oembed\" frameborder=\"0\" allow=\"accelerometer; autoplay; clipboard-write; encrypted-media; gyroscope; picture-in-picture; web-share\" referrerpolicy=\"strict-origin-when-cross-origin\" allowfullscreen><\/iframe>\n<\/div><\/figure>\n<\/div>\n\n\n\n<div class=\"wp-block-column is-layout-flow wp-block-column-is-layout-flow\">\n<figure class=\"wp-block-embed is-type-video is-provider-youtube wp-block-embed-youtube wp-embed-aspect-16-9 wp-has-aspect-ratio\"><div class=\"wp-block-embed__wrapper\">\n<iframe loading=\"lazy\" title=\"FISIOTERAPIA | Ejercicios para rehabilitaci\u00f3n de rodilla 1\" width=\"1200\" height=\"675\" src=\"https:\/\/www.youtube.com\/embed\/4RwA61BFmeQ?feature=oembed\" frameborder=\"0\" allow=\"accelerometer; autoplay; clipboard-write; encrypted-media; gyroscope; picture-in-picture; web-share\" referrerpolicy=\"strict-origin-when-cross-origin\" allowfullscreen><\/iframe>\n<\/div><\/figure>\n<\/div>\n<\/div>\n\n\n\n<div class=\"wp-block-columns is-layout-flex wp-container-core-columns-is-layout-9d6595d7 wp-block-columns-is-layout-flex\">\n<div class=\"wp-block-column is-layout-flow wp-block-column-is-layout-flow\">\n<figure class=\"wp-block-embed is-type-video is-provider-youtube wp-block-embed-youtube wp-embed-aspect-16-9 wp-has-aspect-ratio\"><div class=\"wp-block-embed__wrapper\">\n<iframe loading=\"lazy\" title=\"Ejercicios t\u00fanel carpiano\" width=\"1200\" height=\"675\" src=\"https:\/\/www.youtube.com\/embed\/KtU8gS-6bP0?feature=oembed\" frameborder=\"0\" allow=\"accelerometer; autoplay; clipboard-write; encrypted-media; gyroscope; picture-in-picture; web-share\" referrerpolicy=\"strict-origin-when-cross-origin\" allowfullscreen><\/iframe>\n<\/div><\/figure>\n<\/div>\n\n\n\n<div class=\"wp-block-column is-layout-flow wp-block-column-is-layout-flow\">\n<figure class=\"wp-block-embed is-type-video is-provider-youtube wp-block-embed-youtube wp-embed-aspect-16-9 wp-has-aspect-ratio\"><div class=\"wp-block-embed__wrapper\">\n<iframe loading=\"lazy\" title=\"FISIOTERAPIA EN CASA | Consejos para aliviar lesiones: \u00bfCu\u00e1ndo utilizar fr\u00edo o calor?\" width=\"1200\" height=\"675\" src=\"https:\/\/www.youtube.com\/embed\/Be8ctBEHE3o?feature=oembed\" frameborder=\"0\" allow=\"accelerometer; autoplay; clipboard-write; encrypted-media; gyroscope; picture-in-picture; web-share\" referrerpolicy=\"strict-origin-when-cross-origin\" allowfullscreen><\/iframe>\n<\/div><\/figure>\n<\/div>\n<\/div>\n\n\n\n<div class=\"wp-block-columns is-layout-flex wp-container-core-columns-is-layout-9d6595d7 wp-block-columns-is-layout-flex\">\n<div class=\"wp-block-column is-layout-flow wp-block-column-is-layout-flow\">\n<figure class=\"wp-block-embed is-type-video is-provider-youtube wp-block-embed-youtube wp-embed-aspect-16-9 wp-has-aspect-ratio\"><div class=\"wp-block-embed__wrapper\">\n<iframe loading=\"lazy\" title=\"FISIOTERAPIA EN CASA | Estiramientos para el dolor de espalda\" width=\"1200\" height=\"675\" src=\"https:\/\/www.youtube.com\/embed\/6KJyyr82yFM?feature=oembed\" frameborder=\"0\" allow=\"accelerometer; autoplay; clipboard-write; encrypted-media; gyroscope; picture-in-picture; web-share\" referrerpolicy=\"strict-origin-when-cross-origin\" allowfullscreen><\/iframe>\n<\/div><\/figure>\n<\/div>\n\n\n\n<div class=\"wp-block-column is-layout-flow wp-block-column-is-layout-flow\"><\/div>\n<\/div>\n","protected":false},"excerpt":{"rendered":"<p>Los profesionales del grupo Ribera explican en pr\u00e1cticos v\u00eddeos qu\u00e9 ejercicios tienen que hacer los pacientes para mitigar el dolor en determinadas partes del cuerpo y prevenir o\u00a0recuperarse de\u00a0algunas lesiones.<\/p>\n","protected":false},"author":3,"featured_media":0,"parent":0,"menu_order":0,"comment_status":"closed","ping_status":"closed","template":"","meta":{"_monsterinsights_skip_tracking":false,"_monsterinsights_sitenote_active":false,"_monsterinsights_sitenote_note":"","_monsterinsights_sitenote_category":0,"footnotes":""},"class_list":["post-215","page","type-page","status-publish"],"yoast_head":"<!-- This site is optimized with the Yoast SEO plugin v26.6 - https:\/\/yoast.com\/wordpress\/plugins\/seo\/ -->\n<title>Videoconsejos - Ribera Activa<\/title>\n<meta name=\"robots\" content=\"index, follow, max-snippet:-1, max-image-preview:large, max-video-preview:-1\" \/>\n<link rel=\"canonical\" href=\"https:\/\/riberasalud.com\/deporteysalud\/videoconsejos\/\" \/>\n<meta property=\"og:locale\" content=\"es_ES\" \/>\n<meta property=\"og:type\" content=\"article\" \/>\n<meta property=\"og:title\" content=\"Videoconsejos - Ribera Activa\" \/>\n<meta property=\"og:description\" content=\"Los profesionales del grupo Ribera explican en pr\u00e1cticos v\u00eddeos qu\u00e9 ejercicios tienen que hacer los pacientes para mitigar el dolor en determinadas partes del cuerpo y prevenir o\u00a0recuperarse de\u00a0algunas lesiones.\" \/>\n<meta property=\"og:url\" content=\"https:\/\/riberasalud.com\/deporteysalud\/videoconsejos\/\" \/>\n<meta property=\"og:site_name\" content=\"Ribera Activa\" \/>\n<meta property=\"article:modified_time\" content=\"2024-09-12T11:36:27+00:00\" \/>\n<meta name=\"twitter:card\" content=\"summary_large_image\" \/>\n<meta name=\"twitter:label1\" content=\"Tiempo de lectura\" \/>\n\t<meta name=\"twitter:data1\" content=\"1 minuto\" \/>\n<script type=\"application\/ld+json\" class=\"yoast-schema-graph\">{\"@context\":\"https:\/\/schema.org\",\"@graph\":[{\"@type\":\"WebPage\",\"@id\":\"https:\/\/riberasalud.com\/deporteysalud\/videoconsejos\/\",\"url\":\"https:\/\/riberasalud.com\/deporteysalud\/videoconsejos\/\",\"name\":\"Videoconsejos - Ribera Activa\",\"isPartOf\":{\"@id\":\"https:\/\/riberasalud.com\/deporteysalud\/#website\"},\"datePublished\":\"2024-09-12T10:08:17+00:00\",\"dateModified\":\"2024-09-12T11:36:27+00:00\",\"breadcrumb\":{\"@id\":\"https:\/\/riberasalud.com\/deporteysalud\/videoconsejos\/#breadcrumb\"},\"inLanguage\":\"es\",\"potentialAction\":[{\"@type\":\"ReadAction\",\"target\":[\"https:\/\/riberasalud.com\/deporteysalud\/videoconsejos\/\"]}]},{\"@type\":\"BreadcrumbList\",\"@id\":\"https:\/\/riberasalud.com\/deporteysalud\/videoconsejos\/#breadcrumb\",\"itemListElement\":[{\"@type\":\"ListItem\",\"position\":1,\"name\":\"Portada\",\"item\":\"https:\/\/riberasalud.com\/deporteysalud\/\"},{\"@type\":\"ListItem\",\"position\":2,\"name\":\"Videoconsejos\"}]},{\"@type\":\"WebSite\",\"@id\":\"https:\/\/riberasalud.com\/deporteysalud\/#website\",\"url\":\"https:\/\/riberasalud.com\/deporteysalud\/\",\"name\":\"Ribera Activa\",\"description\":\"El programa del grupo sanitario Ribera que promueve el ejercicio f\u00edsico como herramienta terap\u00e9utica\",\"publisher\":{\"@id\":\"https:\/\/riberasalud.com\/deporteysalud\/#organization\"},\"potentialAction\":[{\"@type\":\"SearchAction\",\"target\":{\"@type\":\"EntryPoint\",\"urlTemplate\":\"https:\/\/riberasalud.com\/deporteysalud\/?s={search_term_string}\"},\"query-input\":{\"@type\":\"PropertyValueSpecification\",\"valueRequired\":true,\"valueName\":\"search_term_string\"}}],\"inLanguage\":\"es\"},{\"@type\":\"Organization\",\"@id\":\"https:\/\/riberasalud.com\/deporteysalud\/#organization\",\"name\":\"Ribera Activa\",\"url\":\"https:\/\/riberasalud.com\/deporteysalud\/\",\"logo\":{\"@type\":\"ImageObject\",\"inLanguage\":\"es\",\"@id\":\"https:\/\/riberasalud.com\/deporteysalud\/#\/schema\/logo\/image\/\",\"url\":\"https:\/\/riberasalud.com\/deporteysalud\/wp-content\/uploads\/2024\/04\/cropped-cropped-Logotipo-Red-qgbhgk-2.png\",\"contentUrl\":\"https:\/\/riberasalud.com\/deporteysalud\/wp-content\/uploads\/2024\/04\/cropped-cropped-Logotipo-Red-qgbhgk-2.png\",\"width\":1000,\"height\":395,\"caption\":\"Ribera Activa\"},\"image\":{\"@id\":\"https:\/\/riberasalud.com\/deporteysalud\/#\/schema\/logo\/image\/\"}}]}<\/script>\n<!-- \/ Yoast SEO plugin. -->","yoast_head_json":{"title":"Videoconsejos - Ribera Activa","robots":{"index":"index","follow":"follow","max-snippet":"max-snippet:-1","max-image-preview":"max-image-preview:large","max-video-preview":"max-video-preview:-1"},"canonical":"https:\/\/riberasalud.com\/deporteysalud\/videoconsejos\/","og_locale":"es_ES","og_type":"article","og_title":"Videoconsejos - Ribera Activa","og_description":"Los profesionales del grupo Ribera explican en pr\u00e1cticos v\u00eddeos qu\u00e9 ejercicios tienen que hacer los pacientes para mitigar el dolor en determinadas partes del cuerpo y prevenir o\u00a0recuperarse de\u00a0algunas lesiones.","og_url":"https:\/\/riberasalud.com\/deporteysalud\/videoconsejos\/","og_site_name":"Ribera Activa","article_modified_time":"2024-09-12T11:36:27+00:00","twitter_card":"summary_large_image","twitter_misc":{"Tiempo de lectura":"1 minuto"},"schema":{"@context":"https:\/\/schema.org","@graph":[{"@type":"WebPage","@id":"https:\/\/riberasalud.com\/deporteysalud\/videoconsejos\/","url":"https:\/\/riberasalud.com\/deporteysalud\/videoconsejos\/","name":"Videoconsejos - Ribera Activa","isPartOf":{"@id":"https:\/\/riberasalud.com\/deporteysalud\/#website"},"datePublished":"2024-09-12T10:08:17+00:00","dateModified":"2024-09-12T11:36:27+00:00","breadcrumb":{"@id":"https:\/\/riberasalud.com\/deporteysalud\/videoconsejos\/#breadcrumb"},"inLanguage":"es","potentialAction":[{"@type":"ReadAction","target":["https:\/\/riberasalud.com\/deporteysalud\/videoconsejos\/"]}]},{"@type":"BreadcrumbList","@id":"https:\/\/riberasalud.com\/deporteysalud\/videoconsejos\/#breadcrumb","itemListElement":[{"@type":"ListItem","position":1,"name":"Portada","item":"https:\/\/riberasalud.com\/deporteysalud\/"},{"@type":"ListItem","position":2,"name":"Videoconsejos"}]},{"@type":"WebSite","@id":"https:\/\/riberasalud.com\/deporteysalud\/#website","url":"https:\/\/riberasalud.com\/deporteysalud\/","name":"Ribera Activa","description":"El programa del grupo sanitario Ribera que promueve el ejercicio f\u00edsico como herramienta terap\u00e9utica","publisher":{"@id":"https:\/\/riberasalud.com\/deporteysalud\/#organization"},"potentialAction":[{"@type":"SearchAction","target":{"@type":"EntryPoint","urlTemplate":"https:\/\/riberasalud.com\/deporteysalud\/?s={search_term_string}"},"query-input":{"@type":"PropertyValueSpecification","valueRequired":true,"valueName":"search_term_string"}}],"inLanguage":"es"},{"@type":"Organization","@id":"https:\/\/riberasalud.com\/deporteysalud\/#organization","name":"Ribera Activa","url":"https:\/\/riberasalud.com\/deporteysalud\/","logo":{"@type":"ImageObject","inLanguage":"es","@id":"https:\/\/riberasalud.com\/deporteysalud\/#\/schema\/logo\/image\/","url":"https:\/\/riberasalud.com\/deporteysalud\/wp-content\/uploads\/2024\/04\/cropped-cropped-Logotipo-Red-qgbhgk-2.png","contentUrl":"https:\/\/riberasalud.com\/deporteysalud\/wp-content\/uploads\/2024\/04\/cropped-cropped-Logotipo-Red-qgbhgk-2.png","width":1000,"height":395,"caption":"Ribera Activa"},"image":{"@id":"https:\/\/riberasalud.com\/deporteysalud\/#\/schema\/logo\/image\/"}}]}},"_links":{"self":[{"href":"https:\/\/riberasalud.com\/deporteysalud\/wp-json\/wp\/v2\/pages\/215","targetHints":{"allow":["GET"]}}],"collection":[{"href":"https:\/\/riberasalud.com\/deporteysalud\/wp-json\/wp\/v2\/pages"}],"about":[{"href":"https:\/\/riberasalud.com\/deporteysalud\/wp-json\/wp\/v2\/types\/page"}],"author":[{"embeddable":true,"href":"https:\/\/riberasalud.com\/deporteysalud\/wp-json\/wp\/v2\/users\/3"}],"replies":[{"embeddable":true,"href":"https:\/\/riberasalud.com\/deporteysalud\/wp-json\/wp\/v2\/comments?post=215"}],"version-history":[{"count":2,"href":"https:\/\/riberasalud.com\/deporteysalud\/wp-json\/wp\/v2\/pages\/215\/revisions"}],"predecessor-version":[{"id":233,"href":"https:\/\/riberasalud.com\/deporteysalud\/wp-json\/wp\/v2\/pages\/215\/revisions\/233"}],"wp:attachment":[{"href":"https:\/\/riberasalud.com\/deporteysalud\/wp-json\/wp\/v2\/media?parent=215"}],"curies":[{"name":"wp","href":"https:\/\/api.w.org\/{rel}","templated":true}]}}