{"id":172,"date":"2024-09-12T11:00:46","date_gmt":"2024-09-12T09:00:46","guid":{"rendered":"https:\/\/riberasalud.com\/deporteysalud\/?page_id=172"},"modified":"2024-09-12T11:54:46","modified_gmt":"2024-09-12T09:54:46","slug":"trofeo-elisa-tarazona-de-pelota-valenciana-femenino","status":"publish","type":"page","link":"https:\/\/riberasalud.com\/deporteysalud\/trofeo-elisa-tarazona-de-pelota-valenciana-femenino\/","title":{"rendered":"Trofeo \u201cElisa Tarazona\u201d de pelota valenciana femenino"},"content":{"rendered":"\n<div class=\"wp-block-columns is-layout-flex wp-container-core-columns-is-layout-9d6595d7 wp-block-columns-is-layout-flex\">\n<div class=\"wp-block-column is-layout-flow wp-block-column-is-layout-flow\" style=\"flex-basis:100%\">\n<figure class=\"wp-block-image size-full is-resized fotoredonda\"><img loading=\"lazy\" decoding=\"async\" width=\"800\" height=\"533\" src=\"https:\/\/riberasalud.com\/deporteysalud\/wp-content\/uploads\/2024\/09\/240516-Elisa-Tarazona-y-Belen-Puchal_-con-dos-pilotaris_-tras-la-firma-del-acuerdo-1.jpg\" alt=\"\" class=\"wp-image-181\" style=\"width:533px;height:auto\" srcset=\"https:\/\/riberasalud.com\/deporteysalud\/wp-content\/uploads\/2024\/09\/240516-Elisa-Tarazona-y-Belen-Puchal_-con-dos-pilotaris_-tras-la-firma-del-acuerdo-1.jpg 800w, https:\/\/riberasalud.com\/deporteysalud\/wp-content\/uploads\/2024\/09\/240516-Elisa-Tarazona-y-Belen-Puchal_-con-dos-pilotaris_-tras-la-firma-del-acuerdo-1-300x200.jpg 300w, https:\/\/riberasalud.com\/deporteysalud\/wp-content\/uploads\/2024\/09\/240516-Elisa-Tarazona-y-Belen-Puchal_-con-dos-pilotaris_-tras-la-firma-del-acuerdo-1-768x512.jpg 768w\" sizes=\"auto, (max-width: 800px) 100vw, 800px\" \/><\/figure>\n<\/div>\n\n\n\n<div class=\"wp-block-column is-layout-flow wp-block-column-is-layout-flow\" style=\"flex-basis:100%\">\n<p>El Ayuntamiento de Riba-roja de T\u00faria (Valencia) organiza el Trofeo \u2018Elisa Tarazona\u2019 de Pilota Valenciana, en colaboraci\u00f3n con la Federaci\u00f3n de Pilota Valenciana y la empresa de gesti\u00f3n integral del agua, Hidraqua, en reconocimiento a la CEO del grupo Ribera, por ser la primera mujer pelotari nacida en Riba-roja de T\u00faria, y que en los a\u00f1os 70 jug\u00f3 destac\u00f3 en la modalidad de escala i corda.<\/p>\n\n\n\n<p>El evento, que en septiembre de 2024 celebr\u00f3 su primera edici\u00f3n en el Trinquet Municipal El Rullo, es femenino y re\u00fane a las mejores jugadoras de pilota del momento. El Ayuntamiento de esta localidad del \u00e1rea metropolitana de Valencia distingue, con esta competici\u00f3n, \u201cel valor y el impulso de la hija y nieta de los&nbsp;<em>trinqueters<\/em>&nbsp;del municipio, Carmen y Voro, que marc\u00f3 un hito en este deporte hace ya varias d\u00e9cadas, y que ha sido una de las deportistas femeninas m\u00e1s destacadas y precursora en este deporte\u201d. Elisa Tarazona creci\u00f3 jugando a la pelota valenciana en el Trinquet de su abuelo, afici\u00f3n que comparti\u00f3 de joven con su hermano, y particip\u00f3 en exhibiciones y competiciones cuando apenas hab\u00eda jugadoras femeninas en este deporte.<\/p>\n<\/div>\n<\/div>\n\n\n\n<figure class=\"wp-block-embed is-type-video is-provider-youtube wp-block-embed-youtube wp-embed-aspect-16-9 wp-has-aspect-ratio\"><div class=\"wp-block-embed__wrapper\">\n<iframe loading=\"lazy\" title=\"ELISA TARAZONA\" width=\"1200\" height=\"675\" src=\"https:\/\/www.youtube.com\/embed\/JmuXfB5VRLg?feature=oembed\" frameborder=\"0\" allow=\"accelerometer; autoplay; clipboard-write; encrypted-media; gyroscope; picture-in-picture; web-share\" referrerpolicy=\"strict-origin-when-cross-origin\" allowfullscreen><\/iframe>\n<\/div><\/figure>\n","protected":false},"excerpt":{"rendered":"<p>El Ayuntamiento de Riba-roja de T\u00faria (Valencia) organiza el Trofeo \u2018Elisa Tarazona\u2019 de Pilota Valenciana, en colaboraci\u00f3n con la Federaci\u00f3n de Pilota Valenciana y la empresa de gesti\u00f3n integral del agua, Hidraqua, en reconocimiento a la CEO del grupo Ribera, por ser la primera mujer pelotari nacida en Riba-roja de T\u00faria, y que en los &#8230; <a title=\"Trofeo \u201cElisa Tarazona\u201d de pelota valenciana femenino\" class=\"read-more\" href=\"https:\/\/riberasalud.com\/deporteysalud\/trofeo-elisa-tarazona-de-pelota-valenciana-femenino\/\" aria-label=\"Leer m\u00e1s sobre Trofeo \u201cElisa Tarazona\u201d de pelota valenciana femenino\">Leer m\u00e1s<\/a><\/p>\n","protected":false},"author":3,"featured_media":0,"parent":0,"menu_order":0,"comment_status":"closed","ping_status":"open","template":"","meta":{"_monsterinsights_skip_tracking":false,"_monsterinsights_sitenote_active":false,"_monsterinsights_sitenote_note":"","_monsterinsights_sitenote_category":0,"footnotes":""},"class_list":["post-172","page","type-page","status-publish"],"yoast_head":"<!-- This site is optimized with the Yoast SEO plugin v26.6 - https:\/\/yoast.com\/wordpress\/plugins\/seo\/ -->\n<title>Trofeo \u201cElisa Tarazona\u201d de pelota valenciana femenino - Ribera Activa<\/title>\n<meta name=\"robots\" content=\"index, follow, max-snippet:-1, max-image-preview:large, max-video-preview:-1\" \/>\n<link rel=\"canonical\" href=\"https:\/\/riberasalud.com\/deporteysalud\/trofeo-elisa-tarazona-de-pelota-valenciana-femenino\/\" \/>\n<meta property=\"og:locale\" content=\"es_ES\" \/>\n<meta property=\"og:type\" content=\"article\" \/>\n<meta property=\"og:title\" content=\"Trofeo \u201cElisa Tarazona\u201d de pelota valenciana femenino - Ribera Activa\" \/>\n<meta property=\"og:description\" content=\"El Ayuntamiento de Riba-roja de T\u00faria (Valencia) organiza el Trofeo \u2018Elisa Tarazona\u2019 de Pilota Valenciana, en colaboraci\u00f3n con la Federaci\u00f3n de Pilota Valenciana y la empresa de gesti\u00f3n integral del agua, Hidraqua, en reconocimiento a la CEO del grupo Ribera, por ser la primera mujer pelotari nacida en Riba-roja de T\u00faria, y que en los ... Leer m\u00e1s\" \/>\n<meta property=\"og:url\" content=\"https:\/\/riberasalud.com\/deporteysalud\/trofeo-elisa-tarazona-de-pelota-valenciana-femenino\/\" \/>\n<meta property=\"og:site_name\" content=\"Ribera Activa\" \/>\n<meta property=\"article:modified_time\" content=\"2024-09-12T09:54:46+00:00\" \/>\n<meta property=\"og:image\" content=\"https:\/\/riberasalud.com\/deporteysalud\/wp-content\/uploads\/2024\/09\/240516-Elisa-Tarazona-y-Belen-Puchal_-con-dos-pilotaris_-tras-la-firma-del-acuerdo-1.jpg\" \/>\n<meta name=\"twitter:card\" content=\"summary_large_image\" \/>\n<meta name=\"twitter:label1\" content=\"Tiempo de lectura\" \/>\n\t<meta name=\"twitter:data1\" content=\"1 minuto\" \/>\n<script type=\"application\/ld+json\" class=\"yoast-schema-graph\">{\"@context\":\"https:\/\/schema.org\",\"@graph\":[{\"@type\":\"WebPage\",\"@id\":\"https:\/\/riberasalud.com\/deporteysalud\/trofeo-elisa-tarazona-de-pelota-valenciana-femenino\/\",\"url\":\"https:\/\/riberasalud.com\/deporteysalud\/trofeo-elisa-tarazona-de-pelota-valenciana-femenino\/\",\"name\":\"Trofeo \u201cElisa Tarazona\u201d de pelota valenciana femenino - Ribera Activa\",\"isPartOf\":{\"@id\":\"https:\/\/riberasalud.com\/deporteysalud\/#website\"},\"primaryImageOfPage\":{\"@id\":\"https:\/\/riberasalud.com\/deporteysalud\/trofeo-elisa-tarazona-de-pelota-valenciana-femenino\/#primaryimage\"},\"image\":{\"@id\":\"https:\/\/riberasalud.com\/deporteysalud\/trofeo-elisa-tarazona-de-pelota-valenciana-femenino\/#primaryimage\"},\"thumbnailUrl\":\"https:\/\/riberasalud.com\/deporteysalud\/wp-content\/uploads\/2024\/09\/240516-Elisa-Tarazona-y-Belen-Puchal_-con-dos-pilotaris_-tras-la-firma-del-acuerdo-1.jpg\",\"datePublished\":\"2024-09-12T09:00:46+00:00\",\"dateModified\":\"2024-09-12T09:54:46+00:00\",\"breadcrumb\":{\"@id\":\"https:\/\/riberasalud.com\/deporteysalud\/trofeo-elisa-tarazona-de-pelota-valenciana-femenino\/#breadcrumb\"},\"inLanguage\":\"es\",\"potentialAction\":[{\"@type\":\"ReadAction\",\"target\":[\"https:\/\/riberasalud.com\/deporteysalud\/trofeo-elisa-tarazona-de-pelota-valenciana-femenino\/\"]}]},{\"@type\":\"ImageObject\",\"inLanguage\":\"es\",\"@id\":\"https:\/\/riberasalud.com\/deporteysalud\/trofeo-elisa-tarazona-de-pelota-valenciana-femenino\/#primaryimage\",\"url\":\"https:\/\/riberasalud.com\/deporteysalud\/wp-content\/uploads\/2024\/09\/240516-Elisa-Tarazona-y-Belen-Puchal_-con-dos-pilotaris_-tras-la-firma-del-acuerdo-1.jpg\",\"contentUrl\":\"https:\/\/riberasalud.com\/deporteysalud\/wp-content\/uploads\/2024\/09\/240516-Elisa-Tarazona-y-Belen-Puchal_-con-dos-pilotaris_-tras-la-firma-del-acuerdo-1.jpg\",\"width\":800,\"height\":533},{\"@type\":\"BreadcrumbList\",\"@id\":\"https:\/\/riberasalud.com\/deporteysalud\/trofeo-elisa-tarazona-de-pelota-valenciana-femenino\/#breadcrumb\",\"itemListElement\":[{\"@type\":\"ListItem\",\"position\":1,\"name\":\"Portada\",\"item\":\"https:\/\/riberasalud.com\/deporteysalud\/\"},{\"@type\":\"ListItem\",\"position\":2,\"name\":\"Trofeo \u201cElisa Tarazona\u201d de pelota valenciana femenino\"}]},{\"@type\":\"WebSite\",\"@id\":\"https:\/\/riberasalud.com\/deporteysalud\/#website\",\"url\":\"https:\/\/riberasalud.com\/deporteysalud\/\",\"name\":\"Ribera Activa\",\"description\":\"El programa del grupo sanitario Ribera que promueve el ejercicio f\u00edsico como herramienta terap\u00e9utica\",\"publisher\":{\"@id\":\"https:\/\/riberasalud.com\/deporteysalud\/#organization\"},\"potentialAction\":[{\"@type\":\"SearchAction\",\"target\":{\"@type\":\"EntryPoint\",\"urlTemplate\":\"https:\/\/riberasalud.com\/deporteysalud\/?s={search_term_string}\"},\"query-input\":{\"@type\":\"PropertyValueSpecification\",\"valueRequired\":true,\"valueName\":\"search_term_string\"}}],\"inLanguage\":\"es\"},{\"@type\":\"Organization\",\"@id\":\"https:\/\/riberasalud.com\/deporteysalud\/#organization\",\"name\":\"Ribera Activa\",\"url\":\"https:\/\/riberasalud.com\/deporteysalud\/\",\"logo\":{\"@type\":\"ImageObject\",\"inLanguage\":\"es\",\"@id\":\"https:\/\/riberasalud.com\/deporteysalud\/#\/schema\/logo\/image\/\",\"url\":\"https:\/\/riberasalud.com\/deporteysalud\/wp-content\/uploads\/2024\/04\/cropped-cropped-Logotipo-Red-qgbhgk-2.png\",\"contentUrl\":\"https:\/\/riberasalud.com\/deporteysalud\/wp-content\/uploads\/2024\/04\/cropped-cropped-Logotipo-Red-qgbhgk-2.png\",\"width\":1000,\"height\":395,\"caption\":\"Ribera Activa\"},\"image\":{\"@id\":\"https:\/\/riberasalud.com\/deporteysalud\/#\/schema\/logo\/image\/\"}}]}<\/script>\n<!-- \/ Yoast SEO plugin. -->","yoast_head_json":{"title":"Trofeo \u201cElisa Tarazona\u201d de pelota valenciana femenino - Ribera Activa","robots":{"index":"index","follow":"follow","max-snippet":"max-snippet:-1","max-image-preview":"max-image-preview:large","max-video-preview":"max-video-preview:-1"},"canonical":"https:\/\/riberasalud.com\/deporteysalud\/trofeo-elisa-tarazona-de-pelota-valenciana-femenino\/","og_locale":"es_ES","og_type":"article","og_title":"Trofeo \u201cElisa Tarazona\u201d de pelota valenciana femenino - Ribera Activa","og_description":"El Ayuntamiento de Riba-roja de T\u00faria (Valencia) organiza el Trofeo \u2018Elisa Tarazona\u2019 de Pilota Valenciana, en colaboraci\u00f3n con la Federaci\u00f3n de Pilota Valenciana y la empresa de gesti\u00f3n integral del agua, Hidraqua, en reconocimiento a la CEO del grupo Ribera, por ser la primera mujer pelotari nacida en Riba-roja de T\u00faria, y que en los ... Leer m\u00e1s","og_url":"https:\/\/riberasalud.com\/deporteysalud\/trofeo-elisa-tarazona-de-pelota-valenciana-femenino\/","og_site_name":"Ribera Activa","article_modified_time":"2024-09-12T09:54:46+00:00","og_image":[{"url":"https:\/\/riberasalud.com\/deporteysalud\/wp-content\/uploads\/2024\/09\/240516-Elisa-Tarazona-y-Belen-Puchal_-con-dos-pilotaris_-tras-la-firma-del-acuerdo-1.jpg","type":"","width":"","height":""}],"twitter_card":"summary_large_image","twitter_misc":{"Tiempo de lectura":"1 minuto"},"schema":{"@context":"https:\/\/schema.org","@graph":[{"@type":"WebPage","@id":"https:\/\/riberasalud.com\/deporteysalud\/trofeo-elisa-tarazona-de-pelota-valenciana-femenino\/","url":"https:\/\/riberasalud.com\/deporteysalud\/trofeo-elisa-tarazona-de-pelota-valenciana-femenino\/","name":"Trofeo \u201cElisa Tarazona\u201d de pelota valenciana femenino - Ribera Activa","isPartOf":{"@id":"https:\/\/riberasalud.com\/deporteysalud\/#website"},"primaryImageOfPage":{"@id":"https:\/\/riberasalud.com\/deporteysalud\/trofeo-elisa-tarazona-de-pelota-valenciana-femenino\/#primaryimage"},"image":{"@id":"https:\/\/riberasalud.com\/deporteysalud\/trofeo-elisa-tarazona-de-pelota-valenciana-femenino\/#primaryimage"},"thumbnailUrl":"https:\/\/riberasalud.com\/deporteysalud\/wp-content\/uploads\/2024\/09\/240516-Elisa-Tarazona-y-Belen-Puchal_-con-dos-pilotaris_-tras-la-firma-del-acuerdo-1.jpg","datePublished":"2024-09-12T09:00:46+00:00","dateModified":"2024-09-12T09:54:46+00:00","breadcrumb":{"@id":"https:\/\/riberasalud.com\/deporteysalud\/trofeo-elisa-tarazona-de-pelota-valenciana-femenino\/#breadcrumb"},"inLanguage":"es","potentialAction":[{"@type":"ReadAction","target":["https:\/\/riberasalud.com\/deporteysalud\/trofeo-elisa-tarazona-de-pelota-valenciana-femenino\/"]}]},{"@type":"ImageObject","inLanguage":"es","@id":"https:\/\/riberasalud.com\/deporteysalud\/trofeo-elisa-tarazona-de-pelota-valenciana-femenino\/#primaryimage","url":"https:\/\/riberasalud.com\/deporteysalud\/wp-content\/uploads\/2024\/09\/240516-Elisa-Tarazona-y-Belen-Puchal_-con-dos-pilotaris_-tras-la-firma-del-acuerdo-1.jpg","contentUrl":"https:\/\/riberasalud.com\/deporteysalud\/wp-content\/uploads\/2024\/09\/240516-Elisa-Tarazona-y-Belen-Puchal_-con-dos-pilotaris_-tras-la-firma-del-acuerdo-1.jpg","width":800,"height":533},{"@type":"BreadcrumbList","@id":"https:\/\/riberasalud.com\/deporteysalud\/trofeo-elisa-tarazona-de-pelota-valenciana-femenino\/#breadcrumb","itemListElement":[{"@type":"ListItem","position":1,"name":"Portada","item":"https:\/\/riberasalud.com\/deporteysalud\/"},{"@type":"ListItem","position":2,"name":"Trofeo \u201cElisa Tarazona\u201d de pelota valenciana femenino"}]},{"@type":"WebSite","@id":"https:\/\/riberasalud.com\/deporteysalud\/#website","url":"https:\/\/riberasalud.com\/deporteysalud\/","name":"Ribera Activa","description":"El programa del grupo sanitario Ribera que promueve el ejercicio f\u00edsico como herramienta terap\u00e9utica","publisher":{"@id":"https:\/\/riberasalud.com\/deporteysalud\/#organization"},"potentialAction":[{"@type":"SearchAction","target":{"@type":"EntryPoint","urlTemplate":"https:\/\/riberasalud.com\/deporteysalud\/?s={search_term_string}"},"query-input":{"@type":"PropertyValueSpecification","valueRequired":true,"valueName":"search_term_string"}}],"inLanguage":"es"},{"@type":"Organization","@id":"https:\/\/riberasalud.com\/deporteysalud\/#organization","name":"Ribera Activa","url":"https:\/\/riberasalud.com\/deporteysalud\/","logo":{"@type":"ImageObject","inLanguage":"es","@id":"https:\/\/riberasalud.com\/deporteysalud\/#\/schema\/logo\/image\/","url":"https:\/\/riberasalud.com\/deporteysalud\/wp-content\/uploads\/2024\/04\/cropped-cropped-Logotipo-Red-qgbhgk-2.png","contentUrl":"https:\/\/riberasalud.com\/deporteysalud\/wp-content\/uploads\/2024\/04\/cropped-cropped-Logotipo-Red-qgbhgk-2.png","width":1000,"height":395,"caption":"Ribera Activa"},"image":{"@id":"https:\/\/riberasalud.com\/deporteysalud\/#\/schema\/logo\/image\/"}}]}},"_links":{"self":[{"href":"https:\/\/riberasalud.com\/deporteysalud\/wp-json\/wp\/v2\/pages\/172","targetHints":{"allow":["GET"]}}],"collection":[{"href":"https:\/\/riberasalud.com\/deporteysalud\/wp-json\/wp\/v2\/pages"}],"about":[{"href":"https:\/\/riberasalud.com\/deporteysalud\/wp-json\/wp\/v2\/types\/page"}],"author":[{"embeddable":true,"href":"https:\/\/riberasalud.com\/deporteysalud\/wp-json\/wp\/v2\/users\/3"}],"replies":[{"embeddable":true,"href":"https:\/\/riberasalud.com\/deporteysalud\/wp-json\/wp\/v2\/comments?post=172"}],"version-history":[{"count":35,"href":"https:\/\/riberasalud.com\/deporteysalud\/wp-json\/wp\/v2\/pages\/172\/revisions"}],"predecessor-version":[{"id":209,"href":"https:\/\/riberasalud.com\/deporteysalud\/wp-json\/wp\/v2\/pages\/172\/revisions\/209"}],"wp:attachment":[{"href":"https:\/\/riberasalud.com\/deporteysalud\/wp-json\/wp\/v2\/media?parent=172"}],"curies":[{"name":"wp","href":"https:\/\/api.w.org\/{rel}","templated":true}]}}