{"id":75,"date":"2024-09-24T16:36:36","date_gmt":"2024-09-24T14:36:36","guid":{"rendered":"https:\/\/riberasalud.com\/covadonga\/?page_id=75"},"modified":"2025-12-01T16:04:51","modified_gmt":"2025-12-01T15:04:51","slug":"calidad","status":"publish","type":"page","link":"https:\/\/riberasalud.com\/covadonga\/calidad\/","title":{"rendered":"Calidad"},"content":{"rendered":"\n<div class=\"wp-block-group alignfull hasbackgroundgris\"><div class=\"wp-block-group__inner-container is-layout-constrained wp-block-group-is-layout-constrained\">\n<h2 class=\"wp-block-heading has-text-align-center\">Calidad<\/h2>\n\n\n\n<p class=\"has-text-align-center fotoredonda\">El Hospital Ribera Covadonga forma parte de organizaciones que persiguen sus mismos objetivos: <br><strong>compromiso con la calidad, la innovaci\u00f3n, capacitaci\u00f3n de su equipo y la sostenibilidad<\/strong>.<\/p>\n\n\n\n<div style=\"height:50px\" aria-hidden=\"true\" class=\"wp-block-spacer\"><\/div>\n\n\n\n<div class=\"wp-block-columns is-layout-flex wp-container-core-columns-is-layout-9d6595d7 wp-block-columns-is-layout-flex\">\n<div class=\"wp-block-column is-layout-flow wp-block-column-is-layout-flow\">\n<figure class=\"wp-block-image size-full fotoredonda\"><img loading=\"lazy\" decoding=\"async\" width=\"300\" height=\"300\" src=\"https:\/\/riberasalud.com\/covadonga\/wp-content\/uploads\/2024\/09\/1.CLUB-CALIDAD.jpg\" alt=\"\" class=\"wp-image-76\" srcset=\"https:\/\/riberasalud.com\/covadonga\/wp-content\/uploads\/2024\/09\/1.CLUB-CALIDAD.jpg 300w, https:\/\/riberasalud.com\/covadonga\/wp-content\/uploads\/2024\/09\/1.CLUB-CALIDAD-150x150.jpg 150w\" sizes=\"auto, (max-width: 300px) 100vw, 300px\" \/><\/figure>\n<\/div>\n\n\n\n<div class=\"wp-block-column is-layout-flow wp-block-column-is-layout-flow\">\n<figure class=\"wp-block-image size-full fotoredonda\"><img loading=\"lazy\" decoding=\"async\" width=\"300\" height=\"300\" src=\"https:\/\/riberasalud.com\/covadonga\/wp-content\/uploads\/2024\/09\/1.CLUBINNOVA.jpg\" alt=\"\" class=\"wp-image-79\" srcset=\"https:\/\/riberasalud.com\/covadonga\/wp-content\/uploads\/2024\/09\/1.CLUBINNOVA.jpg 300w, https:\/\/riberasalud.com\/covadonga\/wp-content\/uploads\/2024\/09\/1.CLUBINNOVA-150x150.jpg 150w\" sizes=\"auto, (max-width: 300px) 100vw, 300px\" \/><\/figure>\n<\/div>\n\n\n\n<div class=\"wp-block-column is-layout-flow wp-block-column-is-layout-flow\">\n<figure class=\"wp-block-image size-full fotoredonda\"><img loading=\"lazy\" decoding=\"async\" width=\"300\" height=\"300\" src=\"https:\/\/riberasalud.com\/covadonga\/wp-content\/uploads\/2024\/09\/FADE.jpg\" alt=\"\" class=\"wp-image-84\" srcset=\"https:\/\/riberasalud.com\/covadonga\/wp-content\/uploads\/2024\/09\/FADE.jpg 300w, https:\/\/riberasalud.com\/covadonga\/wp-content\/uploads\/2024\/09\/FADE-150x150.jpg 150w\" sizes=\"auto, (max-width: 300px) 100vw, 300px\" \/><\/figure>\n<\/div>\n<\/div>\n\n\n\n<div style=\"height:20px\" aria-hidden=\"true\" class=\"wp-block-spacer\"><\/div>\n<\/div><\/div>\n\n\n\n<div class=\"wp-block-group alignfull\"><div class=\"wp-block-group__inner-container is-layout-constrained wp-block-group-is-layout-constrained\">\n<h2 class=\"wp-block-heading has-text-align-center\">Patrocinios<\/h2>\n\n\n\n<p class=\"has-text-align-center fotoredonda\">Estamos comprometidos con el deporte y la cultura.<br>Convencidos de su impacto en el bienestar de la sociedad, el Hospital Ribera Covadonga, apoya y colabora con entidades del mundo del deporte y de la cultura.<\/p>\n\n\n\n<p class=\"has-text-align-center\"><strong>Orgullosos patrocinadores de<\/strong><\/p>\n\n\n\n<div style=\"height:50px\" aria-hidden=\"true\" class=\"wp-block-spacer\"><\/div>\n\n\n\n<div class=\"wp-block-columns is-layout-flex wp-container-core-columns-is-layout-9d6595d7 wp-block-columns-is-layout-flex\">\n<div class=\"wp-block-column is-layout-flow wp-block-column-is-layout-flow\"><div class=\"wp-block-image\">\n<figure class=\"aligncenter size-full\"><img loading=\"lazy\" decoding=\"async\" width=\"300\" height=\"246\" src=\"https:\/\/riberasalud.com\/covadonga\/wp-content\/uploads\/2024\/10\/Sporting-de-Gijon-2.png\" alt=\"Real Sporting de Gij\u00f3n \" class=\"wp-image-599\"\/><figcaption class=\"wp-element-caption\"><em><mark style=\"background-color:rgba(0, 0, 0, 0);color:#706f6f\" class=\"has-inline-color\">Real Sporting de Gij\u00f3n <\/mark><\/em><\/figcaption><\/figure>\n<\/div><\/div>\n\n\n\n<div class=\"wp-block-column is-layout-flow wp-block-column-is-layout-flow\"><div class=\"wp-block-image\">\n<figure class=\"aligncenter size-full\"><img loading=\"lazy\" decoding=\"async\" width=\"300\" height=\"246\" src=\"https:\/\/riberasalud.com\/covadonga\/wp-content\/uploads\/2024\/10\/opera-de-oviedo-2.png\" alt=\"\u00d3pera de Oviedo\" class=\"wp-image-600\"\/><figcaption class=\"wp-element-caption\"><em><mark style=\"background-color:rgba(0, 0, 0, 0);color:#706f6f\" class=\"has-inline-color\">\u00d3pera de Oviedo<\/mark><\/em><\/figcaption><\/figure>\n<\/div><\/div>\n\n\n\n<div class=\"wp-block-column is-layout-flow wp-block-column-is-layout-flow\"><div class=\"wp-block-image\">\n<figure class=\"aligncenter size-full\"><img loading=\"lazy\" decoding=\"async\" width=\"300\" height=\"246\" src=\"https:\/\/riberasalud.com\/covadonga\/wp-content\/uploads\/2025\/10\/Logotipo-Filarmonica-de-Gijon.jpg\" alt=\"Filarm\u00f3nica de Gij\u00f3n\" class=\"wp-image-3315\"\/><figcaption class=\"wp-element-caption\"><em><mark style=\"background-color:rgba(0, 0, 0, 0);color:#706f6f\" class=\"has-inline-color\">Filarm\u00f3nica de Gij\u00f3n<\/mark><\/em><\/figcaption><\/figure>\n<\/div><\/div>\n<\/div>\n\n\n\n<div style=\"height:20px\" aria-hidden=\"true\" class=\"wp-block-spacer\"><\/div>\n<\/div><\/div>\n\n\n\n<div class=\"wp-block-group alignfull hasbackgroundgris\"><div class=\"wp-block-group__inner-container is-layout-constrained wp-block-group-is-layout-constrained\">\n<h2 class=\"wp-block-heading has-text-align-center\">Sistemas de gesti\u00f3n<\/h2>\n\n\n\n<h3 class=\"wp-block-heading has-text-align-center\">Pol\u00edticas<\/h3>\n\n\n\n<p class=\"has-text-align-center fotoredonda\">Para conocer todas las pol\u00edticas<br>Pincha <a href=\"https:\/\/www.riberasalud.com\/corporativo\/politicas\/\">aqu\u00ed<\/a><\/p>\n\n\n\n<div style=\"height:20px\" aria-hidden=\"true\" class=\"wp-block-spacer\"><\/div>\n<\/div><\/div>\n\n\n\n<div class=\"wp-block-group alignfull\"><div class=\"wp-block-group__inner-container is-layout-constrained wp-block-group-is-layout-constrained\">\n<h2 class=\"wp-block-heading has-text-align-center\">Medio Ambiente<\/h2>\n\n\n\n<h3 class=\"wp-block-heading has-text-align-center fotoredonda\"><strong>Desempe\u00f1o Ambiental<\/strong><\/h3>\n\n\n\n<p class=\"has-text-align-center\">En el Hospital Ribera Covadonga estamos comprometidos con la protecci\u00f3n del entorno y con la mejora continua de nuestro desempe\u00f1o ambiental. Este compromiso forma parte de nuestra estrategia de sostenibilidad y est\u00e1 integrado en nuestro sistema de gesti\u00f3n conforme a la norma <strong>ISO 14001<\/strong>.<\/p>\n\n\n\n<p class=\"has-text-align-center\">Los <strong>impactos ambientales m\u00e1s relevantes de nuestra actividad<\/strong> son: La <strong>generaci\u00f3n de residuos sanitarios<\/strong>, tanto peligrosos como no peligrosos, el <strong>consumo de energ\u00eda, agua y gases medicinales<\/strong> necesarios para nuestra actividad asistencial y el uso de <strong>productos qu\u00edmicos<\/strong> en limpieza, mantenimiento y servicios generales.<\/p>\n\n\n\n<p class=\"has-text-align-center\">Estos aspectos se controlan de manera continua para prevenir impactos y garantizar un comportamiento ambiental responsable.<\/p>\n\n\n\n<p class=\"has-text-align-center\">Para mejorar nuestro desempe\u00f1o ambiental durante 2025 y 2026, el hospital establece como objetivo la <strong>reducci\u00f3n de la generaci\u00f3n de residuo sanitario no peligroso en un 10%<\/strong>, fomentando una segregaci\u00f3n adecuada y buenas pr\u00e1cticas ambientales en todas las \u00e1reas del hospital.<\/p>\n\n\n\n<p class=\"has-text-align-center\">Este objetivo se eval\u00faa peri\u00f3dicamente para medir el avance y asegurar su cumplimiento.<\/p>\n\n\n\n<h3 class=\"wp-block-heading has-text-align-center fotoredonda\"><strong>Nuestro compromiso<\/strong><\/h3>\n\n\n\n<p class=\"has-text-align-center\">Gracias a la colaboraci\u00f3n de profesionales y empresas externas, avanzamos cada d\u00eda hacia un modelo asistencial m\u00e1s sostenible y respetuoso con el entorno.<\/p>\n\n\n\n<h3 class=\"wp-block-heading has-text-align-center fotoredonda\"><strong>Comunicaci\u00f3n ambiental a proveedores<\/strong><\/h3>\n\n\n\n<p class=\"has-text-align-center fotoredonda\">En el Hospital Ribera Covadonga, asumimos que un desarrollo sostenible va ligado a la protecci\u00f3n del medioambiente y a la prevenci\u00f3n de la contaminaci\u00f3n, por eso nos comprometemos a incluir nuestra pol\u00edtica ambiental en todas nuestras actividades, conscientes de que la mejora del entorno va en beneficio tambi\u00e9n de la salud de la poblaci\u00f3n.<\/p>\n\n\n\n<p class=\"has-text-align-center fotoredonda\">Solicitamos que nuestros proveedores apuesten por un consumo responsable de recursos (agua, energ\u00eda, productos qu\u00edmicos \u2026), realicen una correcta gesti\u00f3n de los residuos, reduzcan su huella de carbono e intenten minimizar el impacto medioambiental en todos sus procesos. Para nosotros, es un aspecto muy importante que los proveedores cumplan con la normativa de medio ambiente y dispongan de un sistema de gesti\u00f3n ambiental.<\/p>\n\n\n\n<div style=\"height:50px\" aria-hidden=\"true\" class=\"wp-block-spacer\"><\/div>\n\n\n\n<div style=\"height:20px\" aria-hidden=\"true\" class=\"wp-block-spacer\"><\/div>\n<\/div><\/div>\n","protected":false},"excerpt":{"rendered":"<p>Calidad El Hospital Ribera Covadonga forma parte de organizaciones que persiguen sus mismos objetivos: compromiso con la calidad, la innovaci\u00f3n, capacitaci\u00f3n de su equipo y la sostenibilidad. Patrocinios Estamos comprometidos con el deporte y la cultura.Convencidos de su impacto en el bienestar de la sociedad, el Hospital Ribera Covadonga, apoya y colabora con entidades del &#8230; <\/p>\n<p class=\"read-more-container\"><a title=\"Calidad\" class=\"read-more button\" href=\"https:\/\/riberasalud.com\/covadonga\/calidad\/#more-75\" aria-label=\"Leer m\u00e1s sobre Calidad\">Leer m\u00e1s<\/a><\/p>\n","protected":false},"author":2,"featured_media":0,"parent":0,"menu_order":0,"comment_status":"closed","ping_status":"closed","template":"","meta":{"footnotes":""},"class_list":["post-75","page","type-page","status-publish"],"yoast_head":"<!-- This site is optimized with the Yoast SEO plugin v26.6 - https:\/\/yoast.com\/wordpress\/plugins\/seo\/ -->\n<title>Calidad - Hospital de Covadonga<\/title>\n<meta name=\"description\" content=\"El hospital Ribera Covadonga forma parte de la red de centros sanitarios del grupo Ribera, con m\u00e1s de 25 a\u00f1os de experiencia en la gesti\u00f3n\" \/>\n<meta name=\"robots\" content=\"index, follow, max-snippet:-1, max-image-preview:large, max-video-preview:-1\" \/>\n<link rel=\"canonical\" href=\"https:\/\/riberasalud.com\/covadonga\/calidad\/\" \/>\n<meta property=\"og:locale\" content=\"es_ES\" \/>\n<meta property=\"og:type\" content=\"article\" \/>\n<meta property=\"og:title\" content=\"Calidad - Hospital de Covadonga\" \/>\n<meta property=\"og:description\" content=\"El hospital Ribera Covadonga forma parte de la red de centros sanitarios del grupo Ribera, con m\u00e1s de 25 a\u00f1os de experiencia en la gesti\u00f3n\" \/>\n<meta property=\"og:url\" content=\"https:\/\/riberasalud.com\/covadonga\/calidad\/\" \/>\n<meta property=\"og:site_name\" content=\"Hospital de Covadonga\" \/>\n<meta property=\"article:modified_time\" content=\"2025-12-01T15:04:51+00:00\" \/>\n<meta property=\"og:image\" content=\"https:\/\/riberasalud.com\/covadonga\/wp-content\/uploads\/2024\/09\/1.CLUB-CALIDAD.jpg\" \/>\n\t<meta property=\"og:image:width\" content=\"300\" \/>\n\t<meta property=\"og:image:height\" content=\"300\" \/>\n\t<meta property=\"og:image:type\" content=\"image\/jpeg\" \/>\n<meta name=\"twitter:card\" content=\"summary_large_image\" \/>\n<meta name=\"twitter:label1\" content=\"Tiempo de lectura\" \/>\n\t<meta name=\"twitter:data1\" content=\"4 minutos\" \/>\n<script type=\"application\/ld+json\" class=\"yoast-schema-graph\">{\"@context\":\"https:\/\/schema.org\",\"@graph\":[{\"@type\":\"WebPage\",\"@id\":\"https:\/\/riberasalud.com\/covadonga\/calidad\/\",\"url\":\"https:\/\/riberasalud.com\/covadonga\/calidad\/\",\"name\":\"Calidad - Hospital de Covadonga\",\"isPartOf\":{\"@id\":\"https:\/\/riberasalud.com\/covadonga\/#website\"},\"primaryImageOfPage\":{\"@id\":\"https:\/\/riberasalud.com\/covadonga\/calidad\/#primaryimage\"},\"image\":{\"@id\":\"https:\/\/riberasalud.com\/covadonga\/calidad\/#primaryimage\"},\"thumbnailUrl\":\"https:\/\/riberasalud.com\/covadonga\/wp-content\/uploads\/2024\/09\/1.CLUB-CALIDAD.jpg\",\"datePublished\":\"2024-09-24T14:36:36+00:00\",\"dateModified\":\"2025-12-01T15:04:51+00:00\",\"description\":\"El hospital Ribera Covadonga forma parte de la red de centros sanitarios del grupo Ribera, con m\u00e1s de 25 a\u00f1os de experiencia en la gesti\u00f3n\",\"breadcrumb\":{\"@id\":\"https:\/\/riberasalud.com\/covadonga\/calidad\/#breadcrumb\"},\"inLanguage\":\"es\",\"potentialAction\":[{\"@type\":\"ReadAction\",\"target\":[\"https:\/\/riberasalud.com\/covadonga\/calidad\/\"]}]},{\"@type\":\"ImageObject\",\"inLanguage\":\"es\",\"@id\":\"https:\/\/riberasalud.com\/covadonga\/calidad\/#primaryimage\",\"url\":\"https:\/\/riberasalud.com\/covadonga\/wp-content\/uploads\/2024\/09\/1.CLUB-CALIDAD.jpg\",\"contentUrl\":\"https:\/\/riberasalud.com\/covadonga\/wp-content\/uploads\/2024\/09\/1.CLUB-CALIDAD.jpg\",\"width\":300,\"height\":300},{\"@type\":\"BreadcrumbList\",\"@id\":\"https:\/\/riberasalud.com\/covadonga\/calidad\/#breadcrumb\",\"itemListElement\":[{\"@type\":\"ListItem\",\"position\":1,\"name\":\"Portada\",\"item\":\"https:\/\/riberasalud.com\/covadonga\/\"},{\"@type\":\"ListItem\",\"position\":2,\"name\":\"Calidad\"}]},{\"@type\":\"WebSite\",\"@id\":\"https:\/\/riberasalud.com\/covadonga\/#website\",\"url\":\"https:\/\/riberasalud.com\/covadonga\/\",\"name\":\"Hospital de Covadonga\",\"description\":\"\",\"publisher\":{\"@id\":\"https:\/\/riberasalud.com\/covadonga\/#organization\"},\"potentialAction\":[{\"@type\":\"SearchAction\",\"target\":{\"@type\":\"EntryPoint\",\"urlTemplate\":\"https:\/\/riberasalud.com\/covadonga\/?s={search_term_string}\"},\"query-input\":{\"@type\":\"PropertyValueSpecification\",\"valueRequired\":true,\"valueName\":\"search_term_string\"}}],\"inLanguage\":\"es\"},{\"@type\":\"Organization\",\"@id\":\"https:\/\/riberasalud.com\/covadonga\/#organization\",\"name\":\"Hospital de Covadonga\",\"url\":\"https:\/\/riberasalud.com\/covadonga\/\",\"logo\":{\"@type\":\"ImageObject\",\"inLanguage\":\"es\",\"@id\":\"https:\/\/riberasalud.com\/covadonga\/#\/schema\/logo\/image\/\",\"url\":\"https:\/\/riberasalud.com\/covadonga\/wp-content\/uploads\/2024\/09\/cropped-LogoCovadonga_Mesa-de-trabajo-1.png\",\"contentUrl\":\"https:\/\/riberasalud.com\/covadonga\/wp-content\/uploads\/2024\/09\/cropped-LogoCovadonga_Mesa-de-trabajo-1.png\",\"width\":734,\"height\":212,\"caption\":\"Hospital de Covadonga\"},\"image\":{\"@id\":\"https:\/\/riberasalud.com\/covadonga\/#\/schema\/logo\/image\/\"}}]}<\/script>\n<!-- \/ Yoast SEO plugin. -->","yoast_head_json":{"title":"Calidad - Hospital de Covadonga","description":"El hospital Ribera Covadonga forma parte de la red de centros sanitarios del grupo Ribera, con m\u00e1s de 25 a\u00f1os de experiencia en la gesti\u00f3n","robots":{"index":"index","follow":"follow","max-snippet":"max-snippet:-1","max-image-preview":"max-image-preview:large","max-video-preview":"max-video-preview:-1"},"canonical":"https:\/\/riberasalud.com\/covadonga\/calidad\/","og_locale":"es_ES","og_type":"article","og_title":"Calidad - Hospital de Covadonga","og_description":"El hospital Ribera Covadonga forma parte de la red de centros sanitarios del grupo Ribera, con m\u00e1s de 25 a\u00f1os de experiencia en la gesti\u00f3n","og_url":"https:\/\/riberasalud.com\/covadonga\/calidad\/","og_site_name":"Hospital de Covadonga","article_modified_time":"2025-12-01T15:04:51+00:00","og_image":[{"width":300,"height":300,"url":"https:\/\/riberasalud.com\/covadonga\/wp-content\/uploads\/2024\/09\/1.CLUB-CALIDAD.jpg","type":"image\/jpeg"}],"twitter_card":"summary_large_image","twitter_misc":{"Tiempo de lectura":"4 minutos"},"schema":{"@context":"https:\/\/schema.org","@graph":[{"@type":"WebPage","@id":"https:\/\/riberasalud.com\/covadonga\/calidad\/","url":"https:\/\/riberasalud.com\/covadonga\/calidad\/","name":"Calidad - Hospital de Covadonga","isPartOf":{"@id":"https:\/\/riberasalud.com\/covadonga\/#website"},"primaryImageOfPage":{"@id":"https:\/\/riberasalud.com\/covadonga\/calidad\/#primaryimage"},"image":{"@id":"https:\/\/riberasalud.com\/covadonga\/calidad\/#primaryimage"},"thumbnailUrl":"https:\/\/riberasalud.com\/covadonga\/wp-content\/uploads\/2024\/09\/1.CLUB-CALIDAD.jpg","datePublished":"2024-09-24T14:36:36+00:00","dateModified":"2025-12-01T15:04:51+00:00","description":"El hospital Ribera Covadonga forma parte de la red de centros sanitarios del grupo Ribera, con m\u00e1s de 25 a\u00f1os de experiencia en la gesti\u00f3n","breadcrumb":{"@id":"https:\/\/riberasalud.com\/covadonga\/calidad\/#breadcrumb"},"inLanguage":"es","potentialAction":[{"@type":"ReadAction","target":["https:\/\/riberasalud.com\/covadonga\/calidad\/"]}]},{"@type":"ImageObject","inLanguage":"es","@id":"https:\/\/riberasalud.com\/covadonga\/calidad\/#primaryimage","url":"https:\/\/riberasalud.com\/covadonga\/wp-content\/uploads\/2024\/09\/1.CLUB-CALIDAD.jpg","contentUrl":"https:\/\/riberasalud.com\/covadonga\/wp-content\/uploads\/2024\/09\/1.CLUB-CALIDAD.jpg","width":300,"height":300},{"@type":"BreadcrumbList","@id":"https:\/\/riberasalud.com\/covadonga\/calidad\/#breadcrumb","itemListElement":[{"@type":"ListItem","position":1,"name":"Portada","item":"https:\/\/riberasalud.com\/covadonga\/"},{"@type":"ListItem","position":2,"name":"Calidad"}]},{"@type":"WebSite","@id":"https:\/\/riberasalud.com\/covadonga\/#website","url":"https:\/\/riberasalud.com\/covadonga\/","name":"Hospital de Covadonga","description":"","publisher":{"@id":"https:\/\/riberasalud.com\/covadonga\/#organization"},"potentialAction":[{"@type":"SearchAction","target":{"@type":"EntryPoint","urlTemplate":"https:\/\/riberasalud.com\/covadonga\/?s={search_term_string}"},"query-input":{"@type":"PropertyValueSpecification","valueRequired":true,"valueName":"search_term_string"}}],"inLanguage":"es"},{"@type":"Organization","@id":"https:\/\/riberasalud.com\/covadonga\/#organization","name":"Hospital de Covadonga","url":"https:\/\/riberasalud.com\/covadonga\/","logo":{"@type":"ImageObject","inLanguage":"es","@id":"https:\/\/riberasalud.com\/covadonga\/#\/schema\/logo\/image\/","url":"https:\/\/riberasalud.com\/covadonga\/wp-content\/uploads\/2024\/09\/cropped-LogoCovadonga_Mesa-de-trabajo-1.png","contentUrl":"https:\/\/riberasalud.com\/covadonga\/wp-content\/uploads\/2024\/09\/cropped-LogoCovadonga_Mesa-de-trabajo-1.png","width":734,"height":212,"caption":"Hospital de Covadonga"},"image":{"@id":"https:\/\/riberasalud.com\/covadonga\/#\/schema\/logo\/image\/"}}]}},"_links":{"self":[{"href":"https:\/\/riberasalud.com\/covadonga\/wp-json\/wp\/v2\/pages\/75","targetHints":{"allow":["GET"]}}],"collection":[{"href":"https:\/\/riberasalud.com\/covadonga\/wp-json\/wp\/v2\/pages"}],"about":[{"href":"https:\/\/riberasalud.com\/covadonga\/wp-json\/wp\/v2\/types\/page"}],"author":[{"embeddable":true,"href":"https:\/\/riberasalud.com\/covadonga\/wp-json\/wp\/v2\/users\/2"}],"replies":[{"embeddable":true,"href":"https:\/\/riberasalud.com\/covadonga\/wp-json\/wp\/v2\/comments?post=75"}],"version-history":[{"count":29,"href":"https:\/\/riberasalud.com\/covadonga\/wp-json\/wp\/v2\/pages\/75\/revisions"}],"predecessor-version":[{"id":3500,"href":"https:\/\/riberasalud.com\/covadonga\/wp-json\/wp\/v2\/pages\/75\/revisions\/3500"}],"wp:attachment":[{"href":"https:\/\/riberasalud.com\/covadonga\/wp-json\/wp\/v2\/media?parent=75"}],"curies":[{"name":"wp","href":"https:\/\/api.w.org\/{rel}","templated":true}]}}