{"id":53,"date":"2024-09-24T16:20:53","date_gmt":"2024-09-24T14:20:53","guid":{"rendered":"https:\/\/riberasalud.com\/covadonga\/?page_id=53"},"modified":"2025-08-12T12:28:19","modified_gmt":"2025-08-12T10:28:19","slug":"quienes-somos","status":"publish","type":"page","link":"https:\/\/riberasalud.com\/covadonga\/quienes-somos\/","title":{"rendered":"Quienes somos"},"content":{"rendered":"\n<div class=\"wp-block-group alignfull hasbackgroundgris\"><div class=\"wp-block-group__inner-container is-layout-constrained wp-block-group-is-layout-constrained\">\n<h2 class=\"wp-block-heading has-text-align-center\">Qui\u00e9nes somos<\/h2>\n\n\n\n<p class=\"has-text-align-center\">El <strong>hospital Ribera Covadonga<\/strong> forma parte de la red de centros sanitarios del grupo Ribera, con m\u00e1s de 25 a\u00f1os de experiencia en la gesti\u00f3n de proyectos innovadores, especializados en la salud y el bienestar de los ciudadanos. Nuestra vocaci\u00f3n es transformar la atenci\u00f3n sanitaria, aportando valor a la sociedad y contribuyendo a la sostenibilidad de los sistemas de salud. Es la base de nuestro modelo de salud responsable, que aplicamos en todos los proyectos en los que participamos a nivel nacional e internacional.<\/p>\n\n\n\n<div style=\"height:20px\" aria-hidden=\"true\" class=\"wp-block-spacer\"><\/div>\n<\/div><\/div>\n\n\n\n<div class=\"wp-block-group alignfull quienessomos\"><div class=\"wp-block-group__inner-container is-layout-constrained wp-block-group-is-layout-constrained\">\n<div class=\"wp-block-columns alignfull is-layout-flex wp-container-core-columns-is-layout-9d6595d7 wp-block-columns-is-layout-flex\">\n<div class=\"wp-block-column is-layout-flow wp-block-column-is-layout-flow\" style=\"flex-basis:50%\">\n<div class=\"wp-block-cover is-light\"><img loading=\"lazy\" decoding=\"async\" width=\"916\" height=\"610\" class=\"wp-block-cover__image-background wp-image-3180 size-full\" alt=\"Hospital Ribera Covadonga Exterior\" src=\"https:\/\/riberasalud.com\/covadonga\/wp-content\/uploads\/2025\/08\/Hospital_Ribera_Covadonga_Exterior.jpg\" data-object-fit=\"cover\" srcset=\"https:\/\/riberasalud.com\/covadonga\/wp-content\/uploads\/2025\/08\/Hospital_Ribera_Covadonga_Exterior.jpg 916w, https:\/\/riberasalud.com\/covadonga\/wp-content\/uploads\/2025\/08\/Hospital_Ribera_Covadonga_Exterior-300x200.jpg 300w, https:\/\/riberasalud.com\/covadonga\/wp-content\/uploads\/2025\/08\/Hospital_Ribera_Covadonga_Exterior-768x511.jpg 768w\" sizes=\"auto, (max-width: 916px) 100vw, 916px\" \/><span aria-hidden=\"true\" class=\"wp-block-cover__background has-background-dim-0 has-background-dim\" style=\"background-color:#c1b6b0\"><\/span><div class=\"wp-block-cover__inner-container is-layout-constrained wp-block-cover-is-layout-constrained\">\n<p class=\"has-text-align-center has-large-font-size\"><\/p>\n<\/div><\/div>\n<\/div>\n\n\n\n<div class=\"wp-block-column is-layout-flow wp-block-column-is-layout-flow\">\n<h2 class=\"wp-block-heading has-text-align-left\">Nuestra historia<\/h2>\n\n\n\n<p class=\"has-text-align-left\" style=\"font-size:14px\">El Sanatorio Nuestra Se\u00f1ora de Covadonga fue fundado en el a\u00f1o 1.919 por tres prestigiosos m\u00e9dicos de Gij\u00f3n, Dr. Hurl\u00e9, Dr. Toral, y Dr. Alonso, con un firme prop\u00f3sito de mejorar la oferta asistencial que exist\u00eda en aquel momento, para el desarrollo de la asistencia cuentan con el apoyo de la congregaci\u00f3n de la orden de las Dominicas.<\/p>\n\n\n\n<p class=\"has-text-align-left\" style=\"font-size:14px\">Desde su inauguraci\u00f3n, el Sanatorio Covadonga, ofrece a los ciudadanos un completo cuidado de la salud con especialidades m\u00e9dicas, urgencias, intervenciones quir\u00fargicas e ingresos hospitalarios. La congregaci\u00f3n lleg\u00f3 a considerar al Sanatorio Covadonga como algo de su propia identidad, por lo que en 1928 decidieron adquirirlo.<\/p>\n\n\n\n<p class=\"has-text-align-left\" style=\"font-size:14px\">En los a\u00f1os siguientes el Sanatorio Covadonga especializa el servicio de ingresos hospitalarios con distintas unidades y servicios pioneros en la zona. En el a\u00f1o 2015 se cumple el centenario de la entidad con reconocimiento de profesionales del sector, pacientes y medios de comunicaci\u00f3n.<\/p>\n\n\n\n<p class=\"has-text-align-left\" style=\"font-size:14px\">El 1 de agosto de 2.020 el Sanatorio Nuestra Se\u00f1ora de Covadonga es adquirido por AVS MILLENIUM SALUD, empresa de origen asturiano, con un proyecto de reforma integral que aborda la modernizaci\u00f3n de las instalaciones, ampliaci\u00f3n de la cartera de servicios e inversi\u00f3n en tecnolog\u00eda de la salud.<\/p>\n\n\n\n<p class=\"has-text-align-left\" style=\"font-size:14px\"><strong>El 1 de julio de 2024 el Hospital Covadonga se une a la red de centros sanitarios del Grupo Ribera.<\/strong><\/p>\n<\/div>\n<\/div>\n<\/div><\/div>\n\n\n\n<div class=\"wp-block-cover alignfull has-parallax fondofijo\"><div class=\"wp-block-cover__image-background wp-image-3486 has-parallax\" style=\"background-position:50% 50%;background-image:url(https:\/\/riberasalud.com\/ribera-saludaux\/wp-content\/uploads\/2024\/09\/Mas-de-25-anos-cuidando-de-ti-img.jpg)\"><\/div><span aria-hidden=\"true\" class=\"wp-block-cover__background has-contrast-background-color has-background-dim\"><\/span><div class=\"wp-block-cover__inner-container is-layout-constrained wp-block-cover-is-layout-constrained\">\n<h2 class=\"wp-block-heading has-text-align-center\">Misi\u00f3n<\/h2>\n\n\n\n<p class=\"has-text-align-center\" style=\"font-size:18px\">\u201cBrindar una asistencia sanitaria personalizada desde el concepto de salud integral contribuyendo a un mayor bienestar de nuestra sociedad y a la sostenibilidad del ecosistema sanitario\u201d<\/p>\n\n\n\n<div class=\"wp-block-buttons is-content-justification-center is-layout-flex wp-container-core-buttons-is-layout-16018d1d wp-block-buttons-is-layout-flex\"><\/div>\n<\/div><\/div>\n","protected":false},"excerpt":{"rendered":"<p>Qui\u00e9nes somos El hospital Ribera Covadonga forma parte de la red de centros sanitarios del grupo Ribera, con m\u00e1s de 25 a\u00f1os de experiencia en la gesti\u00f3n de proyectos innovadores, especializados en la salud y el bienestar de los ciudadanos. Nuestra vocaci\u00f3n es transformar la atenci\u00f3n sanitaria, aportando valor a la sociedad y contribuyendo a &#8230; <\/p>\n<p class=\"read-more-container\"><a title=\"Quienes somos\" class=\"read-more button\" href=\"https:\/\/riberasalud.com\/covadonga\/quienes-somos\/#more-53\" aria-label=\"Leer m\u00e1s sobre Quienes somos\">Leer m\u00e1s<\/a><\/p>\n","protected":false},"author":2,"featured_media":0,"parent":0,"menu_order":0,"comment_status":"closed","ping_status":"closed","template":"","meta":{"footnotes":""},"class_list":["post-53","page","type-page","status-publish"],"yoast_head":"<!-- This site is optimized with the Yoast SEO plugin v26.6 - https:\/\/yoast.com\/wordpress\/plugins\/seo\/ -->\n<title>Quienes somos - Hospital de Covadonga<\/title>\n<meta name=\"description\" content=\"El hospital Ribera Covadonga forma parte de la red de centros sanitarios del grupo Ribera, con m\u00e1s de 25 a\u00f1os de experiencia en la gesti\u00f3n\" \/>\n<meta name=\"robots\" content=\"index, follow, max-snippet:-1, max-image-preview:large, max-video-preview:-1\" \/>\n<link rel=\"canonical\" href=\"https:\/\/riberasalud.com\/covadonga\/quienes-somos\/\" \/>\n<meta property=\"og:locale\" content=\"es_ES\" \/>\n<meta property=\"og:type\" content=\"article\" \/>\n<meta property=\"og:title\" content=\"Quienes somos - Hospital de Covadonga\" \/>\n<meta property=\"og:description\" content=\"El hospital Ribera Covadonga forma parte de la red de centros sanitarios del grupo Ribera, con m\u00e1s de 25 a\u00f1os de experiencia en la gesti\u00f3n\" \/>\n<meta property=\"og:url\" content=\"https:\/\/riberasalud.com\/covadonga\/quienes-somos\/\" \/>\n<meta property=\"og:site_name\" content=\"Hospital de Covadonga\" \/>\n<meta property=\"article:modified_time\" content=\"2025-08-12T10:28:19+00:00\" \/>\n<meta property=\"og:image\" content=\"https:\/\/riberasalud.com\/covadonga\/wp-content\/uploads\/2025\/08\/Hospital_Ribera_Covadonga_Exterior.jpg\" \/>\n\t<meta property=\"og:image:width\" content=\"916\" \/>\n\t<meta property=\"og:image:height\" content=\"610\" \/>\n\t<meta property=\"og:image:type\" content=\"image\/jpeg\" \/>\n<meta name=\"twitter:card\" content=\"summary_large_image\" \/>\n<meta name=\"twitter:label1\" content=\"Tiempo de lectura\" \/>\n\t<meta name=\"twitter:data1\" content=\"2 minutos\" \/>\n<script type=\"application\/ld+json\" class=\"yoast-schema-graph\">{\"@context\":\"https:\/\/schema.org\",\"@graph\":[{\"@type\":\"WebPage\",\"@id\":\"https:\/\/riberasalud.com\/covadonga\/quienes-somos\/\",\"url\":\"https:\/\/riberasalud.com\/covadonga\/quienes-somos\/\",\"name\":\"Quienes somos - Hospital de Covadonga\",\"isPartOf\":{\"@id\":\"https:\/\/riberasalud.com\/covadonga\/#website\"},\"primaryImageOfPage\":{\"@id\":\"https:\/\/riberasalud.com\/covadonga\/quienes-somos\/#primaryimage\"},\"image\":{\"@id\":\"https:\/\/riberasalud.com\/covadonga\/quienes-somos\/#primaryimage\"},\"thumbnailUrl\":\"https:\/\/riberasalud.com\/covadonga\/wp-content\/uploads\/2025\/08\/Hospital_Ribera_Covadonga_Exterior.jpg\",\"datePublished\":\"2024-09-24T14:20:53+00:00\",\"dateModified\":\"2025-08-12T10:28:19+00:00\",\"description\":\"El hospital Ribera Covadonga forma parte de la red de centros sanitarios del grupo Ribera, con m\u00e1s de 25 a\u00f1os de experiencia en la gesti\u00f3n\",\"breadcrumb\":{\"@id\":\"https:\/\/riberasalud.com\/covadonga\/quienes-somos\/#breadcrumb\"},\"inLanguage\":\"es\",\"potentialAction\":[{\"@type\":\"ReadAction\",\"target\":[\"https:\/\/riberasalud.com\/covadonga\/quienes-somos\/\"]}]},{\"@type\":\"ImageObject\",\"inLanguage\":\"es\",\"@id\":\"https:\/\/riberasalud.com\/covadonga\/quienes-somos\/#primaryimage\",\"url\":\"https:\/\/riberasalud.com\/covadonga\/wp-content\/uploads\/2025\/08\/Hospital_Ribera_Covadonga_Exterior.jpg\",\"contentUrl\":\"https:\/\/riberasalud.com\/covadonga\/wp-content\/uploads\/2025\/08\/Hospital_Ribera_Covadonga_Exterior.jpg\",\"width\":916,\"height\":610,\"caption\":\"Hospital Ribera Covadonga Exterior\"},{\"@type\":\"BreadcrumbList\",\"@id\":\"https:\/\/riberasalud.com\/covadonga\/quienes-somos\/#breadcrumb\",\"itemListElement\":[{\"@type\":\"ListItem\",\"position\":1,\"name\":\"Portada\",\"item\":\"https:\/\/riberasalud.com\/covadonga\/\"},{\"@type\":\"ListItem\",\"position\":2,\"name\":\"Quienes somos\"}]},{\"@type\":\"WebSite\",\"@id\":\"https:\/\/riberasalud.com\/covadonga\/#website\",\"url\":\"https:\/\/riberasalud.com\/covadonga\/\",\"name\":\"Hospital de Covadonga\",\"description\":\"\",\"publisher\":{\"@id\":\"https:\/\/riberasalud.com\/covadonga\/#organization\"},\"potentialAction\":[{\"@type\":\"SearchAction\",\"target\":{\"@type\":\"EntryPoint\",\"urlTemplate\":\"https:\/\/riberasalud.com\/covadonga\/?s={search_term_string}\"},\"query-input\":{\"@type\":\"PropertyValueSpecification\",\"valueRequired\":true,\"valueName\":\"search_term_string\"}}],\"inLanguage\":\"es\"},{\"@type\":\"Organization\",\"@id\":\"https:\/\/riberasalud.com\/covadonga\/#organization\",\"name\":\"Hospital de Covadonga\",\"url\":\"https:\/\/riberasalud.com\/covadonga\/\",\"logo\":{\"@type\":\"ImageObject\",\"inLanguage\":\"es\",\"@id\":\"https:\/\/riberasalud.com\/covadonga\/#\/schema\/logo\/image\/\",\"url\":\"https:\/\/riberasalud.com\/covadonga\/wp-content\/uploads\/2024\/09\/cropped-LogoCovadonga_Mesa-de-trabajo-1.png\",\"contentUrl\":\"https:\/\/riberasalud.com\/covadonga\/wp-content\/uploads\/2024\/09\/cropped-LogoCovadonga_Mesa-de-trabajo-1.png\",\"width\":734,\"height\":212,\"caption\":\"Hospital de Covadonga\"},\"image\":{\"@id\":\"https:\/\/riberasalud.com\/covadonga\/#\/schema\/logo\/image\/\"}}]}<\/script>\n<!-- \/ Yoast SEO plugin. -->","yoast_head_json":{"title":"Quienes somos - Hospital de Covadonga","description":"El hospital Ribera Covadonga forma parte de la red de centros sanitarios del grupo Ribera, con m\u00e1s de 25 a\u00f1os de experiencia en la gesti\u00f3n","robots":{"index":"index","follow":"follow","max-snippet":"max-snippet:-1","max-image-preview":"max-image-preview:large","max-video-preview":"max-video-preview:-1"},"canonical":"https:\/\/riberasalud.com\/covadonga\/quienes-somos\/","og_locale":"es_ES","og_type":"article","og_title":"Quienes somos - Hospital de Covadonga","og_description":"El hospital Ribera Covadonga forma parte de la red de centros sanitarios del grupo Ribera, con m\u00e1s de 25 a\u00f1os de experiencia en la gesti\u00f3n","og_url":"https:\/\/riberasalud.com\/covadonga\/quienes-somos\/","og_site_name":"Hospital de Covadonga","article_modified_time":"2025-08-12T10:28:19+00:00","og_image":[{"width":916,"height":610,"url":"https:\/\/riberasalud.com\/covadonga\/wp-content\/uploads\/2025\/08\/Hospital_Ribera_Covadonga_Exterior.jpg","type":"image\/jpeg"}],"twitter_card":"summary_large_image","twitter_misc":{"Tiempo de lectura":"2 minutos"},"schema":{"@context":"https:\/\/schema.org","@graph":[{"@type":"WebPage","@id":"https:\/\/riberasalud.com\/covadonga\/quienes-somos\/","url":"https:\/\/riberasalud.com\/covadonga\/quienes-somos\/","name":"Quienes somos - Hospital de Covadonga","isPartOf":{"@id":"https:\/\/riberasalud.com\/covadonga\/#website"},"primaryImageOfPage":{"@id":"https:\/\/riberasalud.com\/covadonga\/quienes-somos\/#primaryimage"},"image":{"@id":"https:\/\/riberasalud.com\/covadonga\/quienes-somos\/#primaryimage"},"thumbnailUrl":"https:\/\/riberasalud.com\/covadonga\/wp-content\/uploads\/2025\/08\/Hospital_Ribera_Covadonga_Exterior.jpg","datePublished":"2024-09-24T14:20:53+00:00","dateModified":"2025-08-12T10:28:19+00:00","description":"El hospital Ribera Covadonga forma parte de la red de centros sanitarios del grupo Ribera, con m\u00e1s de 25 a\u00f1os de experiencia en la gesti\u00f3n","breadcrumb":{"@id":"https:\/\/riberasalud.com\/covadonga\/quienes-somos\/#breadcrumb"},"inLanguage":"es","potentialAction":[{"@type":"ReadAction","target":["https:\/\/riberasalud.com\/covadonga\/quienes-somos\/"]}]},{"@type":"ImageObject","inLanguage":"es","@id":"https:\/\/riberasalud.com\/covadonga\/quienes-somos\/#primaryimage","url":"https:\/\/riberasalud.com\/covadonga\/wp-content\/uploads\/2025\/08\/Hospital_Ribera_Covadonga_Exterior.jpg","contentUrl":"https:\/\/riberasalud.com\/covadonga\/wp-content\/uploads\/2025\/08\/Hospital_Ribera_Covadonga_Exterior.jpg","width":916,"height":610,"caption":"Hospital Ribera Covadonga Exterior"},{"@type":"BreadcrumbList","@id":"https:\/\/riberasalud.com\/covadonga\/quienes-somos\/#breadcrumb","itemListElement":[{"@type":"ListItem","position":1,"name":"Portada","item":"https:\/\/riberasalud.com\/covadonga\/"},{"@type":"ListItem","position":2,"name":"Quienes somos"}]},{"@type":"WebSite","@id":"https:\/\/riberasalud.com\/covadonga\/#website","url":"https:\/\/riberasalud.com\/covadonga\/","name":"Hospital de Covadonga","description":"","publisher":{"@id":"https:\/\/riberasalud.com\/covadonga\/#organization"},"potentialAction":[{"@type":"SearchAction","target":{"@type":"EntryPoint","urlTemplate":"https:\/\/riberasalud.com\/covadonga\/?s={search_term_string}"},"query-input":{"@type":"PropertyValueSpecification","valueRequired":true,"valueName":"search_term_string"}}],"inLanguage":"es"},{"@type":"Organization","@id":"https:\/\/riberasalud.com\/covadonga\/#organization","name":"Hospital de Covadonga","url":"https:\/\/riberasalud.com\/covadonga\/","logo":{"@type":"ImageObject","inLanguage":"es","@id":"https:\/\/riberasalud.com\/covadonga\/#\/schema\/logo\/image\/","url":"https:\/\/riberasalud.com\/covadonga\/wp-content\/uploads\/2024\/09\/cropped-LogoCovadonga_Mesa-de-trabajo-1.png","contentUrl":"https:\/\/riberasalud.com\/covadonga\/wp-content\/uploads\/2024\/09\/cropped-LogoCovadonga_Mesa-de-trabajo-1.png","width":734,"height":212,"caption":"Hospital de Covadonga"},"image":{"@id":"https:\/\/riberasalud.com\/covadonga\/#\/schema\/logo\/image\/"}}]}},"_links":{"self":[{"href":"https:\/\/riberasalud.com\/covadonga\/wp-json\/wp\/v2\/pages\/53","targetHints":{"allow":["GET"]}}],"collection":[{"href":"https:\/\/riberasalud.com\/covadonga\/wp-json\/wp\/v2\/pages"}],"about":[{"href":"https:\/\/riberasalud.com\/covadonga\/wp-json\/wp\/v2\/types\/page"}],"author":[{"embeddable":true,"href":"https:\/\/riberasalud.com\/covadonga\/wp-json\/wp\/v2\/users\/2"}],"replies":[{"embeddable":true,"href":"https:\/\/riberasalud.com\/covadonga\/wp-json\/wp\/v2\/comments?post=53"}],"version-history":[{"count":11,"href":"https:\/\/riberasalud.com\/covadonga\/wp-json\/wp\/v2\/pages\/53\/revisions"}],"predecessor-version":[{"id":3182,"href":"https:\/\/riberasalud.com\/covadonga\/wp-json\/wp\/v2\/pages\/53\/revisions\/3182"}],"wp:attachment":[{"href":"https:\/\/riberasalud.com\/covadonga\/wp-json\/wp\/v2\/media?parent=53"}],"curies":[{"name":"wp","href":"https:\/\/api.w.org\/{rel}","templated":true}]}}