{"id":512,"date":"2024-10-10T12:08:55","date_gmt":"2024-10-10T10:08:55","guid":{"rendered":"https:\/\/riberasalud.com\/covadonga\/?page_id=512"},"modified":"2024-10-10T12:08:56","modified_gmt":"2024-10-10T10:08:56","slug":"politica-de-privacidad","status":"publish","type":"page","link":"https:\/\/riberasalud.com\/covadonga\/politica-de-privacidad\/","title":{"rendered":"Pol\u00edtica de privacidad"},"content":{"rendered":"\n<div class=\"wp-block-group hasbackgroundnaranja sliderlinea\"><div class=\"wp-block-group__inner-container is-layout-flow wp-block-group-is-layout-flow\">\n<p>POL\u00cdTICAS<\/p>\n\n\n\n<h1 class=\"wp-block-heading\">Pol\u00edtica de privacidad<\/h1>\n<\/div><\/div>\n\n\n\n<div class=\"wp-block-group grupopestanya1\"><div class=\"wp-block-group__inner-container is-layout-flow wp-block-group-is-layout-flow\">\n<p>Es compromiso del Hospital Covagonga que forma parte del Grupo Ribera Salud el respeto a la privacidad de los usuarios y la protecci\u00f3n y seguridad de sus datos personales. Es por ello por lo que, de acuerdo con la normativa vigente en materia de protecci\u00f3n de datos (Reglamento (UE) 2016\/679 del Parlamento y del Consejo de 27 de abril de 2016, Ley Org\u00e1nica 3\/2018, de 5 de diciembre, de Protecci\u00f3n de Datos Personales y garant\u00eda de los derechos digitales), Grupo Ribera Salud informa en la presente pol\u00edtica de protecci\u00f3n de datos sobre c\u00f3mo recaba y trata los datos de car\u00e1cter personal de los usuarios y pacientes en la p\u00e1gina web https:\/\/www.hospitalcovadonga.com\/ (en adelante, referenciado como \u201cSitio web\u201d) y en el centro.<\/p>\n\n\n\n<p><strong>1. IDENTIFICACI\u00d3N DEL RESPONSABLE DEL TRATAMIENTO DE LOS DATOS PERSONALES<\/strong><\/p>\n\n\n\n<p>El Responsable del Tratamiento de los datos personales es COVADONGA SALUD SL., (en adelante, \u201cHospital Covadonga\u201d) con CIF B52579497 y domicilio social en C\/ General Su\u00e1rez Vald\u00e9s, 40, 33204, Gij\u00f3n (Asturias, Espa\u00f1a).<\/p>\n\n\n\n<p>El tel\u00e9fono de contacto es 985 36 51 22 y la direcci\u00f3n de correo electr\u00f3nico info@hospitalcovadonga.com.<\/p>\n\n\n\n<p>Para cualquier cuesti\u00f3n relacionada con la presente pol\u00edtica de privacidad, el usuario podr\u00e1 ponerse en contacto con el delegado de protecci\u00f3n de datos de Hospital Covadonga enviando un email dpo@riberasalud.es<\/p>\n\n\n\n<p><strong>2. INFORMACI\u00d3N SOBRE LAS FINALIDADES DEL TRATAMIENTO<\/strong><\/p>\n\n\n\n<p>Hospital Covadonga a trav\u00e9s del Sitio web llevar\u00e1 a cabo los siguientes tratamientos de datos empleando para cada una de ellas una base legitimadora adecuada, respetando los derechos y libertades de los interesados<\/p>\n\n\n\n<p><strong>2.1 Gestionar y atender las solicitudes de contacto.<\/strong><\/p>\n\n\n\n<ul class=\"wp-block-list\">\n<li><a>Finalidad: Atender las solicitudes y peticiones de contacto remitidas a trav\u00e9s de los canales puestos a disposici\u00f3n en el Sitio web.<\/a><\/li>\n\n\n\n<li>Base legitimadora: Ejecuci\u00f3n de la relaci\u00f3n precontractual.<\/li>\n\n\n\n<li>Tipolog\u00eda de los datos tratados: datos identificativos y de contacto.<\/li>\n<\/ul>\n\n\n\n<p><strong>2.2 Gestionar y atender las solicitudes de citas de pacientes.<\/strong><\/p>\n\n\n\n<ul class=\"wp-block-list\">\n<li>Finalidad: Posibilitar el registro en la p\u00e1gina web para permitir la gesti\u00f3n de citas (solicitar y cancelar) de los pacientes usuarios, as\u00ed como sus familiares, y permitir enviar comentarios de incidencias respecto al servicio.<\/li>\n\n\n\n<li>Base legitimadora: Ejecuci\u00f3n de la relaci\u00f3n precontractual.<\/li>\n\n\n\n<li>Tipolog\u00eda de los datos tratados: Datos identificativos, datos de contacto y datos relativos a caracter\u00edsticas personales.<\/li>\n<\/ul>\n\n\n\n<p><strong>2.3 Gesti\u00f3n de la asistencia sanitaria al paciente<\/strong><strong><\/strong><\/p>\n\n\n\n<ul class=\"wp-block-list\">\n<li>Finalidad: La prestaci\u00f3n de los servicios de asistencia sanitaria, diagn\u00f3stico y tratamientos m\u00e9dicos, para la elaboraci\u00f3n y conservaci\u00f3n de la historia cl\u00ednica y social, y la gesti\u00f3n general de los servicios sanitarios y dem\u00e1s actividades organizadas por el centro sanitario.<\/li>\n\n\n\n<li>Base legitimadora: Cumplimiento de una obligaci\u00f3n legal y ejecuci\u00f3n de la relaci\u00f3n contractual.<\/li>\n\n\n\n<li>Tipolog\u00eda de datos tratados: Datos identificativos, datos de caracter\u00edsticas personales, transacciones de bienes y servicios, datos financieros, datos de salud. La recogida de los datos personales se podr\u00e1 llevar a cabo en el centro sanitario o ser\u00e1n facilitados, en su caso, por las compa\u00f1\u00edas aseguradoras, mutuas de accidentes, servicios de prevenci\u00f3n o por las administraciones p\u00fablicas competentes<\/li>\n<\/ul>\n\n\n\n<p><strong>2.4 Gesti\u00f3n de env\u00edo de encuestas sobre la calidad del servicio<\/strong><strong><\/strong><\/p>\n\n\n\n<ul class=\"wp-block-list\">\n<li>Finalidad: Llevar a cabo encuestas para poder conocer la valoraci\u00f3n de los pacientes respecto a la calidad del servicio. <\/li>\n\n\n\n<li>Base legitimadora: inter\u00e9s leg\u00edtimo<\/li>\n\n\n\n<li>Tipolog\u00eda de los datos tratados: datos identificativos y de contacto. <\/li>\n<\/ul>\n\n\n\n<p><strong>2.5 Actividades de docencia, investigaci\u00f3n o estad\u00edstica<\/strong><strong><\/strong><\/p>\n\n\n\n<ul class=\"wp-block-list\">\n<li>Finalidad: desarrollar actividades de docencia, investigaci\u00f3n o estad\u00edstica con fines cient\u00edficos o docentes para mejorar la atenci\u00f3n sanitaria, cumpliendo la normativa espec\u00edfica al respecto.<\/li>\n\n\n\n<li>Base legitimadora: inter\u00e9s leg\u00edtimo y consentimiento del interesado.<\/li>\n\n\n\n<li>Tipolog\u00eda de los datos tratados: Datos identificativos, datos de contacto, datos de caracter\u00edsticas personales y datos de salud.<\/li>\n<\/ul>\n\n\n\n<p><strong>2.6 Videovigilancia<\/strong><\/p>\n\n\n\n<ul class=\"wp-block-list\">\n<li>Finalidad: videovigilancia para garantizar la seguridad de personas, bienes e instalaciones.<\/li>\n\n\n\n<li>Base legitimadora: inter\u00e9s leg\u00edtimo y cumplimiento de una obligaci\u00f3n legal aplicable al responsable del tratamiento.<\/li>\n\n\n\n<li>Tipolog\u00eda de los datos tratados: Datos identificativos.<\/li>\n<\/ul>\n\n\n\n<p><strong>2.7 Gestionar el env\u00edo de comunicaciones comerciales electr\u00f3nicas<\/strong><strong><\/strong><\/p>\n\n\n\n<p>El presente tratamiento de datos ser\u00e1 efectuado por la entidad RIBERA SALUD, S.A.U, con CIF A-03681186 y domicilio social en Avenida Cortes Valencianas, n\u00famero 58, Edificio Sorolla Center, 46015 Valencia (Espa\u00f1a).<\/p>\n\n\n\n<ul class=\"wp-block-list\">\n<li>Finalidad: Gesti\u00f3n de las suscripciones de los usuarios a la newsletter\/bolet\u00edn informativo enviando comunicaciones comerciales electr\u00f3nicas sobre los servicios, actividades y novedades. <\/li>\n\n\n\n<li>Base legitimadora: Consentimiento de los usuarios<\/li>\n\n\n\n<li>Tipolog\u00eda de datos tratados: datos identificativos y de contacto.<\/li>\n<\/ul>\n\n\n\n<p><strong>3. DESTINATARIOS DE LOS DATOS PERSONALES<\/strong><\/p>\n\n\n\n<p><strong>3.1.Comunicaci\u00f3n de los datos a terceros.<\/strong><\/p>\n\n\n\n<p>Sus datos podr\u00e1n ser cedidos de acuerdo con los supuestos siguientes:<\/p>\n\n\n\n<ul class=\"wp-block-list\">\n<li>Los datos de los pacientes pueden ser accesibles por otras entidades del grupo Ribera para garantizarle una continuidad asistencial y la adecuada prestaci\u00f3n de servicios en los t\u00e9rminos anteriormente descritos (<a href=\"https:\/\/www.riberasalud.com\/sociedades-del-grupo-ribera\/\">https:\/\/www.riberasalud.com\/sociedades-del-grupo-ribera\/<\/a>).<\/li>\n\n\n\n<li>A organismos, centros y servicios del Sistema Nacional de Salud.<\/li>\n\n\n\n<li>A entidades bancarias para la realizaci\u00f3n de cobros o pagos.<\/li>\n\n\n\n<li>A requerimiento de la Agencia Tributaria, Juzgados o Tribunales u otras Administraciones P\u00fablicas competentes.<\/li>\n\n\n\n<li>A la autoridad sanitaria y dem\u00e1s organismos p\u00fablicos competentes, cuando sea necesario de acuerdo con lo previsto en la legislaci\u00f3n vigente.<\/li>\n\n\n\n<li>A compa\u00f1\u00edas aseguradoras u otras entidades pagadoras con las que usted mantenga una p\u00f3liza de seguro en el supuesto de que la asistencia en nuestro centro se produzca como consecuencia de dicho aseguramiento.<\/li>\n<\/ul>\n\n\n\n<p><strong>3.2. Encargados del tratamiento<\/strong><\/p>\n\n\n\n<p>El tratamiento de los datos de los usuarios podr\u00e1 ser realizado por prestadores de servicios id\u00f3neos, contratados por el Hospital Covadonga. Dichos prestadores de servicios \u00fanicamente tratar\u00e1n los datos para las finalidades establecidas por Hospital Covadonga, entre ellas para la gesti\u00f3n del env\u00edo de las comunicaciones comerciales electr\u00f3nicas.<\/p>\n\n\n\n<p><strong>4.TRANSFERENCIAS INTERNACIONALES DE DATOS<\/strong><\/p>\n\n\n\n<p><a>Hospital Covadonga realizar\u00e1 el tratamiento de los datos del usuario integralmente en el territorio de la Uni\u00f3n Europea, por lo que no prev\u00e9 realizar ninguna transferencia internacional de datos y en el caso de que la lleve a cabo, lo har\u00e1 con las garant\u00edas establecidas en la normativa<\/a>.<\/p>\n\n\n\n<p><strong>5. PLAZO DE CONSERVACI\u00d3N.<\/strong><\/p>\n\n\n\n<p>Hospital Covadonga conservar\u00e1 los datos personales de los usuarios durante el tiempo necesario para la realizaci\u00f3n de la finalidad para la cual son tratados o hasta que el interesado solicite la supresi\u00f3n de sus datos personales,&nbsp;y en todo caso, durante el plazo necesario para el cumplimiento de las correspondientes obligaciones legales.<\/p>\n\n\n\n<p>Asimismo, respecto al tratamiento relativo al env\u00edo de comunicaciones comerciales electr\u00f3nicas, los datos de los usuarios que hayan consentido la recepci\u00f3n se conservar\u00e1n hasta que el usuario solicite la baja de dicha recepci\u00f3n, siguiendo las instrucciones que encontrar\u00e1 al pie de cada correo electr\u00f3nico.<\/p>\n\n\n\n<p><strong>6. EJERCICIO DE DERECHOS EN MATERIA DE PROTECCI\u00d3N DE DATOS.<\/strong><\/p>\n\n\n\n<p>En cualquier momento, el usuario podr\u00e1 ejercer sus derechos de acceso, rectificaci\u00f3n o supresi\u00f3n, oposici\u00f3n, limitaci\u00f3n y portabilidad de sus datos, directamente enviando su petici\u00f3n por escrito acompa\u00f1ada de fotocopia de D.N.I o documentaci\u00f3n equivalente, al Delegado de Protecci\u00f3n de Datos del Grupo RIBERA SALUD, enviando un email a la siguiente direcci\u00f3n de correo electr\u00f3nico&nbsp;<a href=\"mailto:dpo@riberasalud.es\">dpo@riberasalud.es<\/a>&nbsp;o por correo postal a la siguiente direcci\u00f3n Cortes Valencianas, n\u00famero 58, Edificio Sorolla Center, C\u00f3digo Postal 46015 de Valencia (Espa\u00f1a) bajo el asunto de referencia: \u201c Protecci\u00f3n de Datos\u201d.<\/p>\n\n\n\n<p>Asimismo, se informa al usuario que en caso de considerar que no se ha satisfecho el ejercicio de sus derechos, podr\u00e1 presentar una reclamaci\u00f3n ante la Agencia Espa\u00f1ola de Protecci\u00f3n de Datos. M\u00e1s informaci\u00f3n en&nbsp;<a href=\"http:\/\/www.aepd.es\/\">www.aepd.es<\/a>.<\/p>\n\n\n\n<ul class=\"wp-block-list\">\n<li><strong>ACTUALIZACIONES<\/strong><\/li>\n<\/ul>\n\n\n\n<p>La organizaci\u00f3n se reserva el derecho a modificar en cualquier momento los contenidos de este Sitio web, y podr\u00e1 a\u00f1adir nuevas funcionalidades, as\u00ed como modificar las actuales condiciones. En ese caso, se publicar\u00e1 la correspondiente actualizaci\u00f3n en el Sitio web para que el usuario tenga conocimiento de cualquier cambio.<\/p>\n\n\n\n<p><strong>\u00daltima actualizaci\u00f3n: OCTUBRE 2024<\/strong><\/p>\n<\/div><\/div>\n","protected":false},"excerpt":{"rendered":"<p>POL\u00cdTICAS Pol\u00edtica de privacidad Es compromiso del Hospital Covagonga que forma parte del Grupo Ribera Salud el respeto a la privacidad de los usuarios y la protecci\u00f3n y seguridad de sus datos personales. Es por ello por lo que, de acuerdo con la normativa vigente en materia de protecci\u00f3n de datos (Reglamento (UE) 2016\/679 del &#8230; <\/p>\n<p class=\"read-more-container\"><a title=\"Pol\u00edtica de privacidad\" class=\"read-more button\" href=\"https:\/\/riberasalud.com\/covadonga\/politica-de-privacidad\/#more-512\" aria-label=\"Leer m\u00e1s sobre Pol\u00edtica de privacidad\">Leer m\u00e1s<\/a><\/p>\n","protected":false},"author":3,"featured_media":0,"parent":0,"menu_order":0,"comment_status":"closed","ping_status":"closed","template":"","meta":{"footnotes":""},"class_list":["post-512","page","type-page","status-publish"],"yoast_head":"<!-- This site is optimized with the Yoast SEO plugin v26.6 - https:\/\/yoast.com\/wordpress\/plugins\/seo\/ -->\n<title>Pol\u00edtica de privacidad - Hospital de Covadonga<\/title>\n<meta name=\"description\" content=\"Tenemos el objetivo de facilitar los\u00a0tr\u00e1mites administrativos\u00a0 a nuestros pacientes para que cuidar de su salud sea m\u00e1s f\u00e1cil\" \/>\n<meta name=\"robots\" content=\"index, follow, max-snippet:-1, max-image-preview:large, max-video-preview:-1\" \/>\n<link rel=\"canonical\" href=\"https:\/\/riberasalud.com\/covadonga\/politica-de-privacidad\/\" \/>\n<meta property=\"og:locale\" content=\"es_ES\" \/>\n<meta property=\"og:type\" content=\"article\" \/>\n<meta property=\"og:title\" content=\"Pol\u00edtica de privacidad - Hospital de Covadonga\" \/>\n<meta property=\"og:description\" content=\"Tenemos el objetivo de facilitar los\u00a0tr\u00e1mites administrativos\u00a0 a nuestros pacientes para que cuidar de su salud sea m\u00e1s f\u00e1cil\" \/>\n<meta property=\"og:url\" content=\"https:\/\/riberasalud.com\/covadonga\/politica-de-privacidad\/\" \/>\n<meta property=\"og:site_name\" content=\"Hospital de Covadonga\" \/>\n<meta property=\"article:modified_time\" content=\"2024-10-10T10:08:56+00:00\" \/>\n<meta name=\"twitter:card\" content=\"summary_large_image\" \/>\n<meta name=\"twitter:label1\" content=\"Tiempo de lectura\" \/>\n\t<meta name=\"twitter:data1\" content=\"1 minuto\" \/>\n<script type=\"application\/ld+json\" class=\"yoast-schema-graph\">{\"@context\":\"https:\/\/schema.org\",\"@graph\":[{\"@type\":\"WebPage\",\"@id\":\"https:\/\/riberasalud.com\/covadonga\/politica-de-privacidad\/\",\"url\":\"https:\/\/riberasalud.com\/covadonga\/politica-de-privacidad\/\",\"name\":\"Pol\u00edtica de privacidad - Hospital de Covadonga\",\"isPartOf\":{\"@id\":\"https:\/\/riberasalud.com\/covadonga\/#website\"},\"datePublished\":\"2024-10-10T10:08:55+00:00\",\"dateModified\":\"2024-10-10T10:08:56+00:00\",\"description\":\"Tenemos el objetivo de facilitar los\u00a0tr\u00e1mites administrativos\u00a0 a nuestros pacientes para que cuidar de su salud sea m\u00e1s f\u00e1cil\",\"breadcrumb\":{\"@id\":\"https:\/\/riberasalud.com\/covadonga\/politica-de-privacidad\/#breadcrumb\"},\"inLanguage\":\"es\",\"potentialAction\":[{\"@type\":\"ReadAction\",\"target\":[\"https:\/\/riberasalud.com\/covadonga\/politica-de-privacidad\/\"]}]},{\"@type\":\"BreadcrumbList\",\"@id\":\"https:\/\/riberasalud.com\/covadonga\/politica-de-privacidad\/#breadcrumb\",\"itemListElement\":[{\"@type\":\"ListItem\",\"position\":1,\"name\":\"Portada\",\"item\":\"https:\/\/riberasalud.com\/covadonga\/\"},{\"@type\":\"ListItem\",\"position\":2,\"name\":\"Pol\u00edtica de privacidad\"}]},{\"@type\":\"WebSite\",\"@id\":\"https:\/\/riberasalud.com\/covadonga\/#website\",\"url\":\"https:\/\/riberasalud.com\/covadonga\/\",\"name\":\"Hospital de Covadonga\",\"description\":\"\",\"publisher\":{\"@id\":\"https:\/\/riberasalud.com\/covadonga\/#organization\"},\"potentialAction\":[{\"@type\":\"SearchAction\",\"target\":{\"@type\":\"EntryPoint\",\"urlTemplate\":\"https:\/\/riberasalud.com\/covadonga\/?s={search_term_string}\"},\"query-input\":{\"@type\":\"PropertyValueSpecification\",\"valueRequired\":true,\"valueName\":\"search_term_string\"}}],\"inLanguage\":\"es\"},{\"@type\":\"Organization\",\"@id\":\"https:\/\/riberasalud.com\/covadonga\/#organization\",\"name\":\"Hospital de Covadonga\",\"url\":\"https:\/\/riberasalud.com\/covadonga\/\",\"logo\":{\"@type\":\"ImageObject\",\"inLanguage\":\"es\",\"@id\":\"https:\/\/riberasalud.com\/covadonga\/#\/schema\/logo\/image\/\",\"url\":\"https:\/\/riberasalud.com\/covadonga\/wp-content\/uploads\/2024\/09\/cropped-LogoCovadonga_Mesa-de-trabajo-1.png\",\"contentUrl\":\"https:\/\/riberasalud.com\/covadonga\/wp-content\/uploads\/2024\/09\/cropped-LogoCovadonga_Mesa-de-trabajo-1.png\",\"width\":734,\"height\":212,\"caption\":\"Hospital de Covadonga\"},\"image\":{\"@id\":\"https:\/\/riberasalud.com\/covadonga\/#\/schema\/logo\/image\/\"}}]}<\/script>\n<!-- \/ Yoast SEO plugin. -->","yoast_head_json":{"title":"Pol\u00edtica de privacidad - Hospital de Covadonga","description":"Tenemos el objetivo de facilitar los\u00a0tr\u00e1mites administrativos\u00a0 a nuestros pacientes para que cuidar de su salud sea m\u00e1s f\u00e1cil","robots":{"index":"index","follow":"follow","max-snippet":"max-snippet:-1","max-image-preview":"max-image-preview:large","max-video-preview":"max-video-preview:-1"},"canonical":"https:\/\/riberasalud.com\/covadonga\/politica-de-privacidad\/","og_locale":"es_ES","og_type":"article","og_title":"Pol\u00edtica de privacidad - Hospital de Covadonga","og_description":"Tenemos el objetivo de facilitar los\u00a0tr\u00e1mites administrativos\u00a0 a nuestros pacientes para que cuidar de su salud sea m\u00e1s f\u00e1cil","og_url":"https:\/\/riberasalud.com\/covadonga\/politica-de-privacidad\/","og_site_name":"Hospital de Covadonga","article_modified_time":"2024-10-10T10:08:56+00:00","twitter_card":"summary_large_image","twitter_misc":{"Tiempo de lectura":"1 minuto"},"schema":{"@context":"https:\/\/schema.org","@graph":[{"@type":"WebPage","@id":"https:\/\/riberasalud.com\/covadonga\/politica-de-privacidad\/","url":"https:\/\/riberasalud.com\/covadonga\/politica-de-privacidad\/","name":"Pol\u00edtica de privacidad - Hospital de Covadonga","isPartOf":{"@id":"https:\/\/riberasalud.com\/covadonga\/#website"},"datePublished":"2024-10-10T10:08:55+00:00","dateModified":"2024-10-10T10:08:56+00:00","description":"Tenemos el objetivo de facilitar los\u00a0tr\u00e1mites administrativos\u00a0 a nuestros pacientes para que cuidar de su salud sea m\u00e1s f\u00e1cil","breadcrumb":{"@id":"https:\/\/riberasalud.com\/covadonga\/politica-de-privacidad\/#breadcrumb"},"inLanguage":"es","potentialAction":[{"@type":"ReadAction","target":["https:\/\/riberasalud.com\/covadonga\/politica-de-privacidad\/"]}]},{"@type":"BreadcrumbList","@id":"https:\/\/riberasalud.com\/covadonga\/politica-de-privacidad\/#breadcrumb","itemListElement":[{"@type":"ListItem","position":1,"name":"Portada","item":"https:\/\/riberasalud.com\/covadonga\/"},{"@type":"ListItem","position":2,"name":"Pol\u00edtica de privacidad"}]},{"@type":"WebSite","@id":"https:\/\/riberasalud.com\/covadonga\/#website","url":"https:\/\/riberasalud.com\/covadonga\/","name":"Hospital de Covadonga","description":"","publisher":{"@id":"https:\/\/riberasalud.com\/covadonga\/#organization"},"potentialAction":[{"@type":"SearchAction","target":{"@type":"EntryPoint","urlTemplate":"https:\/\/riberasalud.com\/covadonga\/?s={search_term_string}"},"query-input":{"@type":"PropertyValueSpecification","valueRequired":true,"valueName":"search_term_string"}}],"inLanguage":"es"},{"@type":"Organization","@id":"https:\/\/riberasalud.com\/covadonga\/#organization","name":"Hospital de Covadonga","url":"https:\/\/riberasalud.com\/covadonga\/","logo":{"@type":"ImageObject","inLanguage":"es","@id":"https:\/\/riberasalud.com\/covadonga\/#\/schema\/logo\/image\/","url":"https:\/\/riberasalud.com\/covadonga\/wp-content\/uploads\/2024\/09\/cropped-LogoCovadonga_Mesa-de-trabajo-1.png","contentUrl":"https:\/\/riberasalud.com\/covadonga\/wp-content\/uploads\/2024\/09\/cropped-LogoCovadonga_Mesa-de-trabajo-1.png","width":734,"height":212,"caption":"Hospital de Covadonga"},"image":{"@id":"https:\/\/riberasalud.com\/covadonga\/#\/schema\/logo\/image\/"}}]}},"_links":{"self":[{"href":"https:\/\/riberasalud.com\/covadonga\/wp-json\/wp\/v2\/pages\/512","targetHints":{"allow":["GET"]}}],"collection":[{"href":"https:\/\/riberasalud.com\/covadonga\/wp-json\/wp\/v2\/pages"}],"about":[{"href":"https:\/\/riberasalud.com\/covadonga\/wp-json\/wp\/v2\/types\/page"}],"author":[{"embeddable":true,"href":"https:\/\/riberasalud.com\/covadonga\/wp-json\/wp\/v2\/users\/3"}],"replies":[{"embeddable":true,"href":"https:\/\/riberasalud.com\/covadonga\/wp-json\/wp\/v2\/comments?post=512"}],"version-history":[{"count":1,"href":"https:\/\/riberasalud.com\/covadonga\/wp-json\/wp\/v2\/pages\/512\/revisions"}],"predecessor-version":[{"id":578,"href":"https:\/\/riberasalud.com\/covadonga\/wp-json\/wp\/v2\/pages\/512\/revisions\/578"}],"wp:attachment":[{"href":"https:\/\/riberasalud.com\/covadonga\/wp-json\/wp\/v2\/media?parent=512"}],"curies":[{"name":"wp","href":"https:\/\/api.w.org\/{rel}","templated":true}]}}