{"id":495,"date":"2024-10-10T09:18:04","date_gmt":"2024-10-10T07:18:04","guid":{"rendered":"https:\/\/riberasalud.com\/covadonga\/?page_id=495"},"modified":"2025-04-29T11:18:17","modified_gmt":"2025-04-29T09:18:17","slug":"atencion-paciente","status":"publish","type":"page","link":"https:\/\/riberasalud.com\/covadonga\/atencion-paciente\/","title":{"rendered":"Atenci\u00f3n al paciente"},"content":{"rendered":"\n<div class=\"wp-block-cover alignfull bannerribera\" style=\"min-height:430px;aspect-ratio:unset;\"><img loading=\"lazy\" decoding=\"async\" width=\"1354\" height=\"477\" class=\"wp-block-cover__image-background wp-image-583\" alt=\"\" src=\"https:\/\/riberasalud.com\/covadonga\/wp-content\/uploads\/2024\/10\/recepcion_atencion-al-apciente.jpg\" data-object-fit=\"cover\" srcset=\"https:\/\/riberasalud.com\/covadonga\/wp-content\/uploads\/2024\/10\/recepcion_atencion-al-apciente.jpg 1354w, https:\/\/riberasalud.com\/covadonga\/wp-content\/uploads\/2024\/10\/recepcion_atencion-al-apciente-300x106.jpg 300w, https:\/\/riberasalud.com\/covadonga\/wp-content\/uploads\/2024\/10\/recepcion_atencion-al-apciente-1024x361.jpg 1024w, https:\/\/riberasalud.com\/covadonga\/wp-content\/uploads\/2024\/10\/recepcion_atencion-al-apciente-768x271.jpg 768w\" sizes=\"auto, (max-width: 1354px) 100vw, 1354px\" \/><span aria-hidden=\"true\" class=\"wp-block-cover__background has-contrast-background-color has-background-dim\"><\/span><div class=\"wp-block-cover__inner-container is-layout-constrained wp-block-cover-is-layout-constrained\">\n<div class=\"wp-block-columns is-layout-flex wp-container-core-columns-is-layout-9d6595d7 wp-block-columns-is-layout-flex\">\n<div class=\"wp-block-column is-layout-flow wp-block-column-is-layout-flow\">\n<h1 class=\"wp-block-heading has-text-align-center has-large-font-size\">Atenci\u00f3n al paciente<\/h1>\n\n\n\n<p class=\"has-text-align-center\" style=\"font-size:18px\">En Atenci\u00f3n al Paciente, encontrar\u00e1s apoyo personalizado y respuestas a todas tus consultas.<\/p>\n<\/div>\n<\/div>\n<\/div><\/div>\n\n\n\n<div class=\"wp-block-group\"><div class=\"wp-block-group__inner-container is-layout-constrained wp-block-group-is-layout-constrained\">\n<div class=\"wp-block-columns is-layout-flex wp-container-core-columns-is-layout-9d6595d7 wp-block-columns-is-layout-flex\">\n<div class=\"wp-block-column is-layout-flow wp-block-column-is-layout-flow\">\n<p>El Hospital Covadonga tenemos el objetivo de facilitar los&nbsp;<strong>tr\u00e1mites administrativos<\/strong>&nbsp; a nuestros pacientes para que cuidar de su salud sea m\u00e1s f\u00e1cil y con menos esfuerzo.<\/p>\n\n\n\n<p>El equipo de atenci\u00f3n al paciente realiza lo siguientes tr\u00e1mites:<\/p>\n\n\n\n<ul class=\"wp-block-list\">\n<li><strong>Concertaci\u00f3n de citas y coordinaci\u00f3n de agendas <\/strong>con servicios del hospital&nbsp;<\/li>\n\n\n\n<li><strong>Peticiones de informes e historias cl\u00ednicas&nbsp;<\/strong><\/li>\n\n\n\n<li><strong>Solicitudes de financiaci\u00f3n <\/strong>en caso de que el paciente quiera financiar su tratamiento.<\/li>\n<\/ul>\n\n\n\n<p><strong>En caso de que necesites informaci\u00f3n sobre alguno de los tr\u00e1mites o consultar alguno de nuestros servicios<\/strong>\u00a0puedes ponerte en contacto con el equipo de atenci\u00f3n al paciente en el correo <strong><a href=\"mailto:miexperiencia.covadonga@riberacare.com\">miexperiencia.covadonga@riberacare.com<\/a><\/strong>. Tambi\u00e9n puedes preguntarnos en la recepci\u00f3n de nuestro Hospital o en el tel\u00e9fono <a href=\"tel:985365122\">985 365 122<\/a>.<\/p>\n<\/div>\n<\/div>\n<\/div><\/div>\n\n\n\n<iframe id=\"mop_iframe\" frameborder=\"0\" name=\"mop_iframe\" scrolling=\"no\" style=\"margin-left:0px; width:700px; height:inherit; border:0px;\" allowtransparency=\"true\"><\/iframe><script type=\"text\/javascript\">var mop_source = \"https:\/\/app.tuotempo.com\/mop\/index.php?dbName=tt_unit4_ekon_covadonga_prod\";<\/script><script type=\"text\/javascript\" src=\"https:\/\/app.tuotempo.com\/js\/mop_loader.js.php\"><\/script>\n","protected":false},"excerpt":{"rendered":"<p>El Hospital Covadonga tenemos el objetivo de facilitar los&nbsp;tr\u00e1mites administrativos&nbsp; a nuestros pacientes para que cuidar de su salud sea m\u00e1s f\u00e1cil y con menos esfuerzo. El equipo de atenci\u00f3n al paciente realiza lo siguientes tr\u00e1mites: En caso de que necesites informaci\u00f3n sobre alguno de los tr\u00e1mites o consultar alguno de nuestros servicios\u00a0puedes ponerte en &#8230; <\/p>\n<p class=\"read-more-container\"><a title=\"Atenci\u00f3n al paciente\" class=\"read-more button\" href=\"https:\/\/riberasalud.com\/covadonga\/atencion-paciente\/#more-495\" aria-label=\"Leer m\u00e1s sobre Atenci\u00f3n al paciente\">Leer m\u00e1s<\/a><\/p>\n","protected":false},"author":2,"featured_media":0,"parent":0,"menu_order":0,"comment_status":"closed","ping_status":"closed","template":"","meta":{"footnotes":""},"class_list":["post-495","page","type-page","status-publish"],"yoast_head":"<!-- This site is optimized with the Yoast SEO plugin v26.6 - https:\/\/yoast.com\/wordpress\/plugins\/seo\/ -->\n<title>Atenci\u00f3n al paciente - Hospital de Covadonga<\/title>\n<meta name=\"description\" content=\"Tenemos el objetivo de facilitar los\u00a0tr\u00e1mites administrativos\u00a0 a nuestros pacientes para que cuidar de su salud sea m\u00e1s f\u00e1cil\" \/>\n<meta name=\"robots\" content=\"index, follow, max-snippet:-1, max-image-preview:large, max-video-preview:-1\" \/>\n<link rel=\"canonical\" href=\"https:\/\/riberasalud.com\/covadonga\/atencion-paciente\/\" \/>\n<meta property=\"og:locale\" content=\"es_ES\" \/>\n<meta property=\"og:type\" content=\"article\" \/>\n<meta property=\"og:title\" content=\"Atenci\u00f3n al paciente - Hospital de Covadonga\" \/>\n<meta property=\"og:description\" content=\"Tenemos el objetivo de facilitar los\u00a0tr\u00e1mites administrativos\u00a0 a nuestros pacientes para que cuidar de su salud sea m\u00e1s f\u00e1cil\" \/>\n<meta property=\"og:url\" content=\"https:\/\/riberasalud.com\/covadonga\/atencion-paciente\/\" \/>\n<meta property=\"og:site_name\" content=\"Hospital de Covadonga\" \/>\n<meta property=\"article:modified_time\" content=\"2025-04-29T09:18:17+00:00\" \/>\n<meta property=\"og:image\" content=\"https:\/\/riberasalud.com\/covadonga\/wp-content\/uploads\/2024\/10\/recepcion_atencion-al-apciente.jpg\" \/>\n\t<meta property=\"og:image:width\" content=\"1354\" \/>\n\t<meta property=\"og:image:height\" content=\"477\" \/>\n\t<meta property=\"og:image:type\" content=\"image\/jpeg\" \/>\n<meta name=\"twitter:card\" content=\"summary_large_image\" \/>\n<meta name=\"twitter:label1\" content=\"Tiempo de lectura\" \/>\n\t<meta name=\"twitter:data1\" content=\"1 minuto\" \/>\n<script type=\"application\/ld+json\" class=\"yoast-schema-graph\">{\"@context\":\"https:\/\/schema.org\",\"@graph\":[{\"@type\":\"WebPage\",\"@id\":\"https:\/\/riberasalud.com\/covadonga\/atencion-paciente\/\",\"url\":\"https:\/\/riberasalud.com\/covadonga\/atencion-paciente\/\",\"name\":\"Atenci\u00f3n al paciente - Hospital de Covadonga\",\"isPartOf\":{\"@id\":\"https:\/\/riberasalud.com\/covadonga\/#website\"},\"primaryImageOfPage\":{\"@id\":\"https:\/\/riberasalud.com\/covadonga\/atencion-paciente\/#primaryimage\"},\"image\":{\"@id\":\"https:\/\/riberasalud.com\/covadonga\/atencion-paciente\/#primaryimage\"},\"thumbnailUrl\":\"https:\/\/riberasalud.com\/covadonga\/wp-content\/uploads\/2024\/10\/recepcion_atencion-al-apciente.jpg\",\"datePublished\":\"2024-10-10T07:18:04+00:00\",\"dateModified\":\"2025-04-29T09:18:17+00:00\",\"description\":\"Tenemos el objetivo de facilitar los\u00a0tr\u00e1mites administrativos\u00a0 a nuestros pacientes para que cuidar de su salud sea m\u00e1s f\u00e1cil\",\"breadcrumb\":{\"@id\":\"https:\/\/riberasalud.com\/covadonga\/atencion-paciente\/#breadcrumb\"},\"inLanguage\":\"es\",\"potentialAction\":[{\"@type\":\"ReadAction\",\"target\":[\"https:\/\/riberasalud.com\/covadonga\/atencion-paciente\/\"]}]},{\"@type\":\"ImageObject\",\"inLanguage\":\"es\",\"@id\":\"https:\/\/riberasalud.com\/covadonga\/atencion-paciente\/#primaryimage\",\"url\":\"https:\/\/riberasalud.com\/covadonga\/wp-content\/uploads\/2024\/10\/recepcion_atencion-al-apciente.jpg\",\"contentUrl\":\"https:\/\/riberasalud.com\/covadonga\/wp-content\/uploads\/2024\/10\/recepcion_atencion-al-apciente.jpg\",\"width\":1354,\"height\":477},{\"@type\":\"BreadcrumbList\",\"@id\":\"https:\/\/riberasalud.com\/covadonga\/atencion-paciente\/#breadcrumb\",\"itemListElement\":[{\"@type\":\"ListItem\",\"position\":1,\"name\":\"Portada\",\"item\":\"https:\/\/riberasalud.com\/covadonga\/\"},{\"@type\":\"ListItem\",\"position\":2,\"name\":\"Atenci\u00f3n al paciente\"}]},{\"@type\":\"WebSite\",\"@id\":\"https:\/\/riberasalud.com\/covadonga\/#website\",\"url\":\"https:\/\/riberasalud.com\/covadonga\/\",\"name\":\"Hospital de Covadonga\",\"description\":\"\",\"publisher\":{\"@id\":\"https:\/\/riberasalud.com\/covadonga\/#organization\"},\"potentialAction\":[{\"@type\":\"SearchAction\",\"target\":{\"@type\":\"EntryPoint\",\"urlTemplate\":\"https:\/\/riberasalud.com\/covadonga\/?s={search_term_string}\"},\"query-input\":{\"@type\":\"PropertyValueSpecification\",\"valueRequired\":true,\"valueName\":\"search_term_string\"}}],\"inLanguage\":\"es\"},{\"@type\":\"Organization\",\"@id\":\"https:\/\/riberasalud.com\/covadonga\/#organization\",\"name\":\"Hospital de Covadonga\",\"url\":\"https:\/\/riberasalud.com\/covadonga\/\",\"logo\":{\"@type\":\"ImageObject\",\"inLanguage\":\"es\",\"@id\":\"https:\/\/riberasalud.com\/covadonga\/#\/schema\/logo\/image\/\",\"url\":\"https:\/\/riberasalud.com\/covadonga\/wp-content\/uploads\/2024\/09\/cropped-LogoCovadonga_Mesa-de-trabajo-1.png\",\"contentUrl\":\"https:\/\/riberasalud.com\/covadonga\/wp-content\/uploads\/2024\/09\/cropped-LogoCovadonga_Mesa-de-trabajo-1.png\",\"width\":734,\"height\":212,\"caption\":\"Hospital de Covadonga\"},\"image\":{\"@id\":\"https:\/\/riberasalud.com\/covadonga\/#\/schema\/logo\/image\/\"}}]}<\/script>\n<!-- \/ Yoast SEO plugin. -->","yoast_head_json":{"title":"Atenci\u00f3n al paciente - Hospital de Covadonga","description":"Tenemos el objetivo de facilitar los\u00a0tr\u00e1mites administrativos\u00a0 a nuestros pacientes para que cuidar de su salud sea m\u00e1s f\u00e1cil","robots":{"index":"index","follow":"follow","max-snippet":"max-snippet:-1","max-image-preview":"max-image-preview:large","max-video-preview":"max-video-preview:-1"},"canonical":"https:\/\/riberasalud.com\/covadonga\/atencion-paciente\/","og_locale":"es_ES","og_type":"article","og_title":"Atenci\u00f3n al paciente - Hospital de Covadonga","og_description":"Tenemos el objetivo de facilitar los\u00a0tr\u00e1mites administrativos\u00a0 a nuestros pacientes para que cuidar de su salud sea m\u00e1s f\u00e1cil","og_url":"https:\/\/riberasalud.com\/covadonga\/atencion-paciente\/","og_site_name":"Hospital de Covadonga","article_modified_time":"2025-04-29T09:18:17+00:00","og_image":[{"width":1354,"height":477,"url":"https:\/\/riberasalud.com\/covadonga\/wp-content\/uploads\/2024\/10\/recepcion_atencion-al-apciente.jpg","type":"image\/jpeg"}],"twitter_card":"summary_large_image","twitter_misc":{"Tiempo de lectura":"1 minuto"},"schema":{"@context":"https:\/\/schema.org","@graph":[{"@type":"WebPage","@id":"https:\/\/riberasalud.com\/covadonga\/atencion-paciente\/","url":"https:\/\/riberasalud.com\/covadonga\/atencion-paciente\/","name":"Atenci\u00f3n al paciente - Hospital de Covadonga","isPartOf":{"@id":"https:\/\/riberasalud.com\/covadonga\/#website"},"primaryImageOfPage":{"@id":"https:\/\/riberasalud.com\/covadonga\/atencion-paciente\/#primaryimage"},"image":{"@id":"https:\/\/riberasalud.com\/covadonga\/atencion-paciente\/#primaryimage"},"thumbnailUrl":"https:\/\/riberasalud.com\/covadonga\/wp-content\/uploads\/2024\/10\/recepcion_atencion-al-apciente.jpg","datePublished":"2024-10-10T07:18:04+00:00","dateModified":"2025-04-29T09:18:17+00:00","description":"Tenemos el objetivo de facilitar los\u00a0tr\u00e1mites administrativos\u00a0 a nuestros pacientes para que cuidar de su salud sea m\u00e1s f\u00e1cil","breadcrumb":{"@id":"https:\/\/riberasalud.com\/covadonga\/atencion-paciente\/#breadcrumb"},"inLanguage":"es","potentialAction":[{"@type":"ReadAction","target":["https:\/\/riberasalud.com\/covadonga\/atencion-paciente\/"]}]},{"@type":"ImageObject","inLanguage":"es","@id":"https:\/\/riberasalud.com\/covadonga\/atencion-paciente\/#primaryimage","url":"https:\/\/riberasalud.com\/covadonga\/wp-content\/uploads\/2024\/10\/recepcion_atencion-al-apciente.jpg","contentUrl":"https:\/\/riberasalud.com\/covadonga\/wp-content\/uploads\/2024\/10\/recepcion_atencion-al-apciente.jpg","width":1354,"height":477},{"@type":"BreadcrumbList","@id":"https:\/\/riberasalud.com\/covadonga\/atencion-paciente\/#breadcrumb","itemListElement":[{"@type":"ListItem","position":1,"name":"Portada","item":"https:\/\/riberasalud.com\/covadonga\/"},{"@type":"ListItem","position":2,"name":"Atenci\u00f3n al paciente"}]},{"@type":"WebSite","@id":"https:\/\/riberasalud.com\/covadonga\/#website","url":"https:\/\/riberasalud.com\/covadonga\/","name":"Hospital de Covadonga","description":"","publisher":{"@id":"https:\/\/riberasalud.com\/covadonga\/#organization"},"potentialAction":[{"@type":"SearchAction","target":{"@type":"EntryPoint","urlTemplate":"https:\/\/riberasalud.com\/covadonga\/?s={search_term_string}"},"query-input":{"@type":"PropertyValueSpecification","valueRequired":true,"valueName":"search_term_string"}}],"inLanguage":"es"},{"@type":"Organization","@id":"https:\/\/riberasalud.com\/covadonga\/#organization","name":"Hospital de Covadonga","url":"https:\/\/riberasalud.com\/covadonga\/","logo":{"@type":"ImageObject","inLanguage":"es","@id":"https:\/\/riberasalud.com\/covadonga\/#\/schema\/logo\/image\/","url":"https:\/\/riberasalud.com\/covadonga\/wp-content\/uploads\/2024\/09\/cropped-LogoCovadonga_Mesa-de-trabajo-1.png","contentUrl":"https:\/\/riberasalud.com\/covadonga\/wp-content\/uploads\/2024\/09\/cropped-LogoCovadonga_Mesa-de-trabajo-1.png","width":734,"height":212,"caption":"Hospital de Covadonga"},"image":{"@id":"https:\/\/riberasalud.com\/covadonga\/#\/schema\/logo\/image\/"}}]}},"_links":{"self":[{"href":"https:\/\/riberasalud.com\/covadonga\/wp-json\/wp\/v2\/pages\/495","targetHints":{"allow":["GET"]}}],"collection":[{"href":"https:\/\/riberasalud.com\/covadonga\/wp-json\/wp\/v2\/pages"}],"about":[{"href":"https:\/\/riberasalud.com\/covadonga\/wp-json\/wp\/v2\/types\/page"}],"author":[{"embeddable":true,"href":"https:\/\/riberasalud.com\/covadonga\/wp-json\/wp\/v2\/users\/2"}],"replies":[{"embeddable":true,"href":"https:\/\/riberasalud.com\/covadonga\/wp-json\/wp\/v2\/comments?post=495"}],"version-history":[{"count":7,"href":"https:\/\/riberasalud.com\/covadonga\/wp-json\/wp\/v2\/pages\/495\/revisions"}],"predecessor-version":[{"id":2049,"href":"https:\/\/riberasalud.com\/covadonga\/wp-json\/wp\/v2\/pages\/495\/revisions\/2049"}],"wp:attachment":[{"href":"https:\/\/riberasalud.com\/covadonga\/wp-json\/wp\/v2\/media?parent=495"}],"curies":[{"name":"wp","href":"https:\/\/api.w.org\/{rel}","templated":true}]}}