{"id":1826,"date":"2025-02-20T10:58:57","date_gmt":"2025-02-20T09:58:57","guid":{"rendered":"https:\/\/riberasalud.com\/covadonga\/?page_id=1826"},"modified":"2026-03-04T15:10:03","modified_gmt":"2026-03-04T14:10:03","slug":"especialistas","status":"publish","type":"page","link":"https:\/\/riberasalud.com\/covadonga\/especialistas\/","title":{"rendered":"Especialistas"},"content":{"rendered":"\n<div class=\"wp-block-cover alignfull bannerribera\" style=\"min-height:430px;aspect-ratio:unset;\"><img loading=\"lazy\" decoding=\"async\" width=\"1354\" height=\"477\" class=\"wp-block-cover__image-background wp-image-1838\" alt=\"equipo m\u00e9dico\" src=\"https:\/\/riberasalud.com\/covadonga\/wp-content\/uploads\/2025\/02\/portrait-friendly-doctor-isolated-gray.jpg\" data-object-fit=\"cover\" srcset=\"https:\/\/riberasalud.com\/covadonga\/wp-content\/uploads\/2025\/02\/portrait-friendly-doctor-isolated-gray.jpg 1354w, https:\/\/riberasalud.com\/covadonga\/wp-content\/uploads\/2025\/02\/portrait-friendly-doctor-isolated-gray-300x106.jpg 300w, https:\/\/riberasalud.com\/covadonga\/wp-content\/uploads\/2025\/02\/portrait-friendly-doctor-isolated-gray-1024x361.jpg 1024w, https:\/\/riberasalud.com\/covadonga\/wp-content\/uploads\/2025\/02\/portrait-friendly-doctor-isolated-gray-768x271.jpg 768w\" sizes=\"auto, (max-width: 1354px) 100vw, 1354px\" \/><span aria-hidden=\"true\" class=\"wp-block-cover__background has-contrast-background-color has-background-dim\"><\/span><div class=\"wp-block-cover__inner-container is-layout-constrained wp-block-cover-is-layout-constrained\">\n<div class=\"wp-block-columns is-layout-flex wp-container-core-columns-is-layout-9d6595d7 wp-block-columns-is-layout-flex\">\n<div class=\"wp-block-column is-layout-flow wp-block-column-is-layout-flow\">\n<h1 class=\"wp-block-heading has-text-align-center has-large-font-size\">Especialistas<\/h1>\n\n\n\n<p class=\"has-text-align-center\" style=\"font-size:18px\">Conoce a nuestro equipo m\u00e9dico altamente calificado, compuesto por profesionales comprometidos con tu salud<\/p>\n<\/div>\n<\/div>\n<\/div><\/div>\n\n\n\n<div class=\"wp-block-group services\"><div class=\"wp-block-group__inner-container is-layout-constrained wp-block-group-is-layout-constrained\">\n<div class=\"wp-block-group consultasexternas\"><div class=\"wp-block-group__inner-container is-layout-flow wp-block-group-is-layout-flow\">\n<h2 class=\"wp-block-heading\"><span class=\"ugb-highlight\" style=\"color: #d11728;\">Un cuadro m\u00e9dico con profesionales de primer nivel<\/span><\/h2>\n\n\n\n<p style=\"font-size:13px\"><strong>Puede solicitar cita pulsando&nbsp;<a href=\"https:\/\/riberasalud.com\/covadonga\/#cita\">aqu\u00ed<\/a>&nbsp;<\/strong><strong style=\"background-color: var(--base-3); color: var(--contrast);\">o llamando al tel\u00e9fono&nbsp;<a href=\"tel:+34985365122\">+34 985 365 122<\/a><\/strong>. D\u00edganos para qu\u00e9 especialidad desea la consulta y le reservaremos la fecha y hora que mejor se adapte a sus necesidades.<\/p>\n\n\n\n<div style=\"height:18px\" aria-hidden=\"true\" class=\"wp-block-spacer\"><\/div>\n\n\n\n<div class=\"wp-block-columns equipo-medico-hr is-layout-flex wp-container-core-columns-is-layout-9d6595d7 wp-block-columns-is-layout-flex\">\n<div class=\"wp-block-column is-layout-flow wp-block-column-is-layout-flow\">\n<h3 class=\"wp-block-heading\"><strong>Alergolog\u00eda<\/strong><\/h3>\n\n\n\n<p><strong>Beatriz Camaz\u00f3n Izquierdo<\/strong><\/p>\n\n\n\n<hr class=\"wp-block-separator has-alpha-channel-opacity\"\/>\n\n\n\n<h3 class=\"wp-block-heading\"><strong>An\u00e1lisis Cl\u00ednicos<\/strong><\/h3>\n\n\n\n<p><strong>Covadonga Merino<\/strong><\/p>\n\n\n\n<hr class=\"wp-block-separator has-alpha-channel-opacity\"\/>\n\n\n\n<h3 class=\"wp-block-heading\"><strong>Anestesiolog\u00eda y Reanimaci\u00f3n<\/strong><\/h3>\n\n\n\n<p><strong>Silvia Fern\u00e1ndez Francos<\/strong><\/p>\n\n\n\n<p><strong>\u00c1ngel Palacios Prieto<\/strong><\/p>\n\n\n\n<p><strong>Mart\u00edn Carpintero Porrero<\/strong><\/p>\n\n\n\n<p><strong>Alejandro Carcelen<\/strong><\/p>\n\n\n\n<p><strong>Mar\u00eda Dur\u00e1<\/strong><\/p>\n\n\n\n<hr class=\"wp-block-separator has-alpha-channel-opacity\"\/>\n\n\n\n<h3 class=\"wp-block-heading\"><strong>Angiolog\u00eda\/Cirug\u00eda Vascular<\/strong><\/h3>\n\n\n\n<p><strong>Javier \u00c1lvarez Fern\u00e1ndez<\/strong><\/p>\n\n\n\n<hr class=\"wp-block-separator has-alpha-channel-opacity\"\/>\n\n\n\n<h3 class=\"wp-block-heading\"><strong><a href=\"https:\/\/riberasalud.com\/covadonga\/aparato-digestivo\/\">Aparato Digestivo<\/a><\/strong><\/h3>\n\n\n\n<p><strong>Crist\u00f3bal de la Coba Ortiz<\/strong><\/p>\n\n\n\n<p><strong>Mar\u00eda Pipa Mu\u00f1iz<\/strong><\/p>\n\n\n\n<hr class=\"wp-block-separator has-alpha-channel-opacity\"\/>\n\n\n\n<h3 class=\"wp-block-heading\"><strong>Cardiolog\u00eda<\/strong><\/h3>\n\n\n\n<p><strong>Luis Carlos Fern\u00e1ndez Leoz<\/strong><\/p>\n\n\n\n<p><strong>Rosario Cortina Rodr\u00edguez<\/strong><\/p>\n\n\n\n<p><strong>Amelia Carro Hevia<\/strong><\/p>\n\n\n\n<hr class=\"wp-block-separator has-alpha-channel-opacity\"\/>\n\n\n\n<h3 class=\"wp-block-heading\"><strong>Cirug\u00eda Pl\u00e1stica y Reparadora<\/strong><\/h3>\n\n\n\n<p><strong>Cristina Burgos Guti\u00e9rrez<\/strong><\/p>\n\n\n\n<p><strong>Diana de la Jara N\u00fa\u00f1ez<\/strong><\/p>\n\n\n\n<p><strong>Susana L\u00f3pez D\u00edaz<\/strong><\/p>\n\n\n\n<hr class=\"wp-block-separator has-alpha-channel-opacity\"\/>\n\n\n\n<h3 class=\"wp-block-heading\"><strong>Cirug\u00eda General<\/strong><\/h3>\n\n\n\n<p><strong>Andrea Gonz\u00e1lez Tamargo<\/strong><\/p>\n\n\n\n<p><strong>Eusebio L\u00f3pez- Mosquera Bay\u00f3n<\/strong><\/p>\n\n\n\n<p><strong>Ignacio Hevia Lorenzo<\/strong><\/p>\n\n\n\n<p><strong>Miguel Bongera<\/strong> <strong>Garc\u00eda<\/strong><\/p>\n\n\n\n<p><strong>Paloma Ruiz \u00c1lvarez<\/strong><\/p>\n\n\n\n<hr class=\"wp-block-separator has-alpha-channel-opacity\"\/>\n\n\n\n<h3 class=\"wp-block-heading\"><strong><strong>Cirug\u00eda de mama<\/strong><\/strong><\/h3>\n\n\n\n<p><strong>Carmen Moriy\u00f3n Entrialgo<\/strong><\/p>\n\n\n\n<hr class=\"wp-block-separator has-alpha-channel-opacity\"\/>\n\n\n\n<h3 class=\"wp-block-heading\"><strong>Dermatolog\u00eda<\/strong><\/h3>\n\n\n\n<p><strong>Luis Barcala V\u00e1zquez<\/strong><\/p>\n\n\n\n<hr class=\"wp-block-separator has-alpha-channel-opacity\"\/>\n\n\n\n<h3 class=\"wp-block-heading\"><strong>Geriatr\u00eda<\/strong><\/h3>\n\n\n\n<p><strong>Jos\u00e9 Guti\u00e9rrez Rodr\u00edguez<\/strong><\/p>\n\n\n\n<hr class=\"wp-block-separator has-alpha-channel-opacity\"\/>\n\n\n\n<h3 class=\"wp-block-heading\"><strong>Inmunolog\u00eda molecular<\/strong><\/h3>\n\n\n\n<p><strong>Enrique Caso Pel\u00e1ez<\/strong><\/p>\n\n\n\n<hr class=\"wp-block-separator has-alpha-channel-opacity\"\/>\n\n\n\n<h3 class=\"wp-block-heading\"><strong>Logopedia<\/strong><\/h3>\n\n\n\n<p><strong>Eva Su\u00e1rez Barb\u00f3n&nbsp;<\/strong><\/p>\n\n\n\n<p><strong>Patricia Lucas Soto<\/strong><\/p>\n\n\n\n<hr class=\"wp-block-separator has-alpha-channel-opacity\"\/>\n<\/div>\n\n\n\n<div class=\"wp-block-column is-layout-flow wp-block-column-is-layout-flow\">\n<h3 class=\"wp-block-heading\"><strong><a href=\"https:\/\/riberasalud.com\/covadonga\/medicina-general\/\">Medicina de familia y general<\/a><\/strong><\/h3>\n\n\n\n<p><strong>Eva Carbajo Rubio<\/strong><\/p>\n\n\n\n<p><strong>Serena Duran Sela<\/strong><\/p>\n\n\n\n<p><strong>Eduardo Carre\u00f1o Rendueles<\/strong><\/p>\n\n\n\n<hr class=\"wp-block-separator has-alpha-channel-opacity\"\/>\n\n\n\n<h3 class=\"wp-block-heading\"><strong>Medicina Est\u00e9tica<\/strong><\/h3>\n\n\n\n<p><strong>Andrea Tamargo<\/strong><\/p>\n\n\n\n<hr class=\"wp-block-separator has-alpha-channel-opacity\"\/>\n\n\n\n<h3 class=\"wp-block-heading\"><strong>Medicina Interna<\/strong><\/h3>\n\n\n\n<p><strong>Mar\u00eda Teresa Su\u00e1rez Echevarria<\/strong><\/p>\n\n\n\n<hr class=\"wp-block-separator has-alpha-channel-opacity\"\/>\n\n\n\n<h3 class=\"wp-block-heading\"><strong>Neumolog\u00eda<\/strong><\/h3>\n\n\n\n<p><strong>Luis Molinos Mart\u00edn<\/strong><\/p>\n\n\n\n<p><strong>M\u00f3nica P. Hein Wertz<\/strong><\/p>\n\n\n\n<hr class=\"wp-block-separator has-alpha-channel-opacity\"\/>\n\n\n\n<h3 class=\"wp-block-heading\"><strong>Neurofisiolog\u00eda cl\u00ednica<\/strong><\/h3>\n\n\n\n<p><strong>Dolores Garc\u00eda Garc\u00eda<\/strong><\/p>\n\n\n\n<hr class=\"wp-block-separator has-alpha-channel-opacity\"\/>\n\n\n\n<h3 class=\"wp-block-heading\"><strong>Neurolog\u00eda<\/strong><\/h3>\n\n\n\n<p><strong>Dionisio Fern\u00e1ndez D\u00edaz<\/strong><\/p>\n\n\n\n<p><strong>Mar\u00eda Teresa Temprano Fern\u00e1ndez<\/strong><\/p>\n\n\n\n<hr class=\"wp-block-separator has-alpha-channel-opacity\"\/>\n\n\n\n<h3 class=\"wp-block-heading\"><strong>Nutrici\u00f3n<\/strong><\/h3>\n\n\n\n<p><strong>Graciela Gonz\u00e1lez Ardura<\/strong><\/p>\n\n\n\n<hr class=\"wp-block-separator has-alpha-channel-opacity\"\/>\n\n\n\n<h3 class=\"wp-block-heading\"><strong>Obstetricia\/Ginecolog\u00eda<\/strong><\/h3>\n\n\n\n<p><strong>Ana Iglesias Alonso<\/strong><\/p>\n\n\n\n<p><strong>Isabel \u00c1lvarez Miranda<\/strong><\/p>\n\n\n\n<p><strong>Nieves Salas Villaverde<\/strong><\/p>\n\n\n\n<hr class=\"wp-block-separator has-alpha-channel-opacity\"\/>\n\n\n\n<h3 class=\"wp-block-heading\"><strong><a href=\"https:\/\/riberasalud.com\/covadonga\/oftalmologia\/\">Oftalmolog\u00eda<\/a><\/strong><\/h3>\n\n\n\n<p><strong>Ana Cruz Fourcade<\/strong><\/p>\n\n\n\n<p><strong>Beatriz Parente Hern\u00e1ndez<\/strong><\/p>\n\n\n\n<p><strong>Jorge Lorenzo Rabanal<\/strong><\/p>\n\n\n\n<hr class=\"wp-block-separator has-alpha-channel-opacity\"\/>\n\n\n\n<h3 class=\"wp-block-heading\"><strong><a href=\"https:\/\/riberasalud.com\/covadonga\/otorrinolaringologia\/\">Otorrinolaringolog\u00eda<\/a><\/strong><\/h3>\n\n\n\n<p><strong>Adela Gonz\u00e1lez Fern\u00e1ndez<\/strong><\/p>\n\n\n\n<p><strong>Federico Arrutia D\u00edez<\/strong><\/p>\n\n\n\n<p><strong>Luis Amando Garc\u00eda Gonz\u00e1lez<\/strong><\/p>\n\n\n\n<p><strong>Luis Antonio Pascua G\u00f3mez<\/strong><\/p>\n\n\n\n<hr class=\"wp-block-separator has-alpha-channel-opacity\"\/>\n\n\n\n<h3 class=\"wp-block-heading\"><strong>Pediatr\u00eda<\/strong><\/h3>\n\n\n\n<p><strong>Luz Fern\u00e1ndez Alonso<\/strong><\/p>\n\n\n\n<p><strong>Mario Riol Diego<\/strong><\/p>\n\n\n\n<hr class=\"wp-block-separator has-alpha-channel-opacity\"\/>\n\n\n\n<h3 class=\"wp-block-heading\"><strong>Psicolog\u00eda Sanitaria<\/strong><\/h3>\n\n\n\n<p><strong>Lucia Balbona<\/strong><\/p>\n\n\n\n<p><strong>Marta Arg\u00fcelles Mendivil<\/strong><\/p>\n\n\n\n<p><strong>Serena Duran<\/strong><\/p>\n\n\n\n<hr class=\"wp-block-separator has-alpha-channel-opacity\"\/>\n<\/div>\n\n\n\n<div class=\"wp-block-column is-layout-flow wp-block-column-is-layout-flow\">\n<h3 class=\"wp-block-heading\"><strong>Psiquiatr\u00eda<\/strong><\/h3>\n\n\n\n<p><strong>Francisco Fern\u00e1ndez Vega<\/strong><\/p>\n\n\n\n<hr class=\"wp-block-separator has-alpha-channel-opacity\"\/>\n\n\n\n<h3 class=\"wp-block-heading\"><strong>Reumatolog\u00eda<\/strong><\/h3>\n\n\n\n<p><strong>Baltasar Palacios \u00c1lvarez Estrada<\/strong><\/p>\n\n\n\n<hr class=\"wp-block-separator has-alpha-channel-opacity\"\/>\n\n\n\n<h3 class=\"wp-block-heading\"><strong>Terapia Ocupacional<\/strong><\/h3>\n\n\n\n<p><strong>\u00c1ngela Fern\u00e1ndez Nespral<\/strong><\/p>\n\n\n\n<hr class=\"wp-block-separator has-alpha-channel-opacity\"\/>\n\n\n\n<h3 class=\"wp-block-heading\"><strong>Tratamiento del Dolor<\/strong><\/h3>\n\n\n\n<p><strong>\u00c1ngel Palacios Prieto<\/strong><\/p>\n\n\n\n<p><strong>Mart\u00edn Carpintero<\/strong><\/p>\n\n\n\n<hr class=\"wp-block-separator has-alpha-channel-opacity\"\/>\n\n\n\n<h3 class=\"wp-block-heading\"><strong>Traumatolog\u00eda y Ortopedia<\/strong><\/h3>\n\n\n\n<p><strong>\u00c1lvaro Rojas Leandro<\/strong><\/p>\n\n\n\n<p><strong>Andr\u00e9s Alejandro Sierra Pereira<\/strong><\/p>\n\n\n\n<p><strong>Borja Fern\u00e1ndez Blanco<\/strong><\/p>\n\n\n\n<p><strong>Celestino Guerra Garc\u00eda<\/strong><\/p>\n\n\n\n<p><strong>Cesar Prado D&#8217;Almeida<\/strong><\/p>\n\n\n\n<p><strong>Iv\u00e1n Coto<\/strong><\/p>\n\n\n\n<p><strong>Jonathan Riego Fern\u00e1ndez<\/strong><\/p>\n\n\n\n<p><strong>Juan Luis Barrera Cadenas<\/strong><\/p>\n\n\n\n<p><strong>Miguel \u00c1ngel Su\u00e1rez Su\u00e1rez<\/strong><\/p>\n\n\n\n<p><strong>Bruno Longo Rubio<\/strong><\/p>\n\n\n\n<hr class=\"wp-block-separator has-alpha-channel-opacity\"\/>\n\n\n\n<h3 class=\"wp-block-heading\"><strong><a href=\"https:\/\/riberasalud.com\/covadonga\/unidad-conductas-adictivas-gijon\/\">Unidad de Conductas Adictivas<\/a><\/strong><\/h3>\n\n\n\n<p><strong>Eduardo Carre\u00f1o Rendueles<\/strong><\/p>\n\n\n\n<hr class=\"wp-block-separator has-alpha-channel-opacity\"\/>\n\n\n\n<h3 class=\"wp-block-heading\"><strong><a href=\"https:\/\/riberasalud.com\/covadonga\/urologia\/\">Urolog\u00eda<\/a><\/strong><\/h3>\n\n\n\n<p><strong>&nbsp;INSUAS<\/strong><\/p>\n\n\n\n<p><strong>Agust\u00edn Mart\u00edn Huescar<\/strong><\/p>\n\n\n\n<p><strong>Alberto Enrique S\u00e1nchez Trilla<\/strong><\/p>\n\n\n\n<p><strong>Jos\u00e9 Salgado Plonski<\/strong><\/p>\n\n\n\n<p><strong>Juan Sen\u00e9n Tuero Gonz\u00e1lez<\/strong><\/p>\n\n\n\n<p><strong>Serenella Monagas Arteaga<\/strong><\/p>\n\n\n\n<p><strong>Sergio Fern\u00e1ndez Pello<\/strong><\/p>\n\n\n\n<hr class=\"wp-block-separator has-alpha-channel-opacity\"\/>\n\n\n\n<h3 class=\"wp-block-heading\"><strong>Urgencias<\/strong><\/h3>\n\n\n\n<p><strong>Alberto Arg\u00fcello<\/strong><\/p>\n\n\n\n<p><strong>Frank Hern\u00e1ndez<\/strong><\/p>\n\n\n\n<p><strong>Jos\u00e9 Alejandro Moya Beltr\u00e1n<\/strong><\/p>\n\n\n\n<p><strong>Mar\u00eda Josefina V\u00e1zquez&nbsp;<\/strong><\/p>\n\n\n\n<p><strong>Marianela Beatriz Carrio Flores<\/strong><\/p>\n\n\n\n<p><strong>Laymarys Pacheco Esquivel<\/strong><\/p>\n\n\n\n<hr class=\"wp-block-separator has-alpha-channel-opacity\"\/>\n<\/div>\n<\/div>\n<\/div><\/div>\n\n\n\n<div class=\"wp-block-columns is-layout-flex wp-container-core-columns-is-layout-9d6595d7 wp-block-columns-is-layout-flex\"><\/div>\n\n\n\n<div style=\"height:30px\" aria-hidden=\"true\" class=\"wp-block-spacer\"><\/div>\n<\/div><\/div>\n\n\n\n<div class=\"wp-block-group hasbackgroundmio\"><div class=\"wp-block-group__inner-container is-layout-constrained wp-block-group-is-layout-constrained\">\n<div class=\"wp-block-columns is-layout-flex wp-container-core-columns-is-layout-9d6595d7 wp-block-columns-is-layout-flex\"><\/div>\n\n\n\n<div class=\"wp-block-columns is-layout-flex wp-container-core-columns-is-layout-9d6595d7 wp-block-columns-is-layout-flex\"><\/div>\n\n\n\n<div style=\"height:30px\" aria-hidden=\"true\" class=\"wp-block-spacer\"><\/div>\n<\/div><\/div>\n","protected":false},"excerpt":{"rendered":"<p>Un cuadro m\u00e9dico con profesionales de primer nivel Puede solicitar cita pulsando&nbsp;aqu\u00ed&nbsp;o llamando al tel\u00e9fono&nbsp;+34 985 365 122. D\u00edganos para qu\u00e9 especialidad desea la consulta y le reservaremos la fecha y hora que mejor se adapte a sus necesidades. Alergolog\u00eda Beatriz Camaz\u00f3n Izquierdo An\u00e1lisis Cl\u00ednicos Covadonga Merino Anestesiolog\u00eda y Reanimaci\u00f3n Silvia Fern\u00e1ndez Francos \u00c1ngel Palacios &#8230; <\/p>\n<p class=\"read-more-container\"><a title=\"Especialistas\" class=\"read-more button\" href=\"https:\/\/riberasalud.com\/covadonga\/especialistas\/#more-1826\" aria-label=\"Leer m\u00e1s sobre Especialistas\">Leer m\u00e1s<\/a><\/p>\n","protected":false},"author":2,"featured_media":0,"parent":0,"menu_order":0,"comment_status":"closed","ping_status":"closed","template":"","meta":{"footnotes":""},"class_list":["post-1826","page","type-page","status-publish"],"yoast_head":"<!-- This site is optimized with the Yoast SEO plugin v26.6 - https:\/\/yoast.com\/wordpress\/plugins\/seo\/ -->\n<title>Especialistas - Hospital de Covadonga<\/title>\n<meta name=\"description\" content=\"Conoce a nuestro equipo m\u00e9dico altamente calificado, compuesto por profesionales comprometidos con tu salud\" \/>\n<meta name=\"robots\" content=\"index, follow, max-snippet:-1, max-image-preview:large, max-video-preview:-1\" \/>\n<link rel=\"canonical\" href=\"https:\/\/riberasalud.com\/covadonga\/especialistas\/\" \/>\n<meta property=\"og:locale\" content=\"es_ES\" \/>\n<meta property=\"og:type\" content=\"article\" \/>\n<meta property=\"og:title\" content=\"Especialistas - Hospital de Covadonga\" \/>\n<meta property=\"og:description\" content=\"Conoce a nuestro equipo m\u00e9dico altamente calificado, compuesto por profesionales comprometidos con tu salud\" \/>\n<meta property=\"og:url\" content=\"https:\/\/riberasalud.com\/covadonga\/especialistas\/\" \/>\n<meta property=\"og:site_name\" content=\"Hospital de Covadonga\" \/>\n<meta property=\"article:modified_time\" content=\"2026-03-04T14:10:03+00:00\" \/>\n<meta property=\"og:image\" content=\"https:\/\/riberasalud.com\/covadonga\/wp-content\/uploads\/2025\/02\/portrait-friendly-doctor-isolated-gray.jpg\" \/>\n\t<meta property=\"og:image:width\" content=\"1354\" \/>\n\t<meta property=\"og:image:height\" content=\"477\" \/>\n\t<meta property=\"og:image:type\" content=\"image\/jpeg\" \/>\n<meta name=\"twitter:card\" content=\"summary_large_image\" \/>\n<meta name=\"twitter:label1\" content=\"Tiempo de lectura\" \/>\n\t<meta name=\"twitter:data1\" content=\"2 minutos\" \/>\n<script type=\"application\/ld+json\" class=\"yoast-schema-graph\">{\"@context\":\"https:\/\/schema.org\",\"@graph\":[{\"@type\":\"WebPage\",\"@id\":\"https:\/\/riberasalud.com\/covadonga\/especialistas\/\",\"url\":\"https:\/\/riberasalud.com\/covadonga\/especialistas\/\",\"name\":\"Especialistas - Hospital de Covadonga\",\"isPartOf\":{\"@id\":\"https:\/\/riberasalud.com\/covadonga\/#website\"},\"primaryImageOfPage\":{\"@id\":\"https:\/\/riberasalud.com\/covadonga\/especialistas\/#primaryimage\"},\"image\":{\"@id\":\"https:\/\/riberasalud.com\/covadonga\/especialistas\/#primaryimage\"},\"thumbnailUrl\":\"https:\/\/riberasalud.com\/covadonga\/wp-content\/uploads\/2025\/02\/portrait-friendly-doctor-isolated-gray.jpg\",\"datePublished\":\"2025-02-20T09:58:57+00:00\",\"dateModified\":\"2026-03-04T14:10:03+00:00\",\"description\":\"Conoce a nuestro equipo m\u00e9dico altamente calificado, compuesto por profesionales comprometidos con tu salud\",\"breadcrumb\":{\"@id\":\"https:\/\/riberasalud.com\/covadonga\/especialistas\/#breadcrumb\"},\"inLanguage\":\"es\",\"potentialAction\":[{\"@type\":\"ReadAction\",\"target\":[\"https:\/\/riberasalud.com\/covadonga\/especialistas\/\"]}]},{\"@type\":\"ImageObject\",\"inLanguage\":\"es\",\"@id\":\"https:\/\/riberasalud.com\/covadonga\/especialistas\/#primaryimage\",\"url\":\"https:\/\/riberasalud.com\/covadonga\/wp-content\/uploads\/2025\/02\/portrait-friendly-doctor-isolated-gray.jpg\",\"contentUrl\":\"https:\/\/riberasalud.com\/covadonga\/wp-content\/uploads\/2025\/02\/portrait-friendly-doctor-isolated-gray.jpg\",\"width\":1354,\"height\":477,\"caption\":\"Portrait of a friendly doctor. Isolated on gray\"},{\"@type\":\"BreadcrumbList\",\"@id\":\"https:\/\/riberasalud.com\/covadonga\/especialistas\/#breadcrumb\",\"itemListElement\":[{\"@type\":\"ListItem\",\"position\":1,\"name\":\"Portada\",\"item\":\"https:\/\/riberasalud.com\/covadonga\/\"},{\"@type\":\"ListItem\",\"position\":2,\"name\":\"Especialistas\"}]},{\"@type\":\"WebSite\",\"@id\":\"https:\/\/riberasalud.com\/covadonga\/#website\",\"url\":\"https:\/\/riberasalud.com\/covadonga\/\",\"name\":\"Hospital de Covadonga\",\"description\":\"\",\"publisher\":{\"@id\":\"https:\/\/riberasalud.com\/covadonga\/#organization\"},\"potentialAction\":[{\"@type\":\"SearchAction\",\"target\":{\"@type\":\"EntryPoint\",\"urlTemplate\":\"https:\/\/riberasalud.com\/covadonga\/?s={search_term_string}\"},\"query-input\":{\"@type\":\"PropertyValueSpecification\",\"valueRequired\":true,\"valueName\":\"search_term_string\"}}],\"inLanguage\":\"es\"},{\"@type\":\"Organization\",\"@id\":\"https:\/\/riberasalud.com\/covadonga\/#organization\",\"name\":\"Hospital de Covadonga\",\"url\":\"https:\/\/riberasalud.com\/covadonga\/\",\"logo\":{\"@type\":\"ImageObject\",\"inLanguage\":\"es\",\"@id\":\"https:\/\/riberasalud.com\/covadonga\/#\/schema\/logo\/image\/\",\"url\":\"https:\/\/riberasalud.com\/covadonga\/wp-content\/uploads\/2024\/09\/cropped-LogoCovadonga_Mesa-de-trabajo-1.png\",\"contentUrl\":\"https:\/\/riberasalud.com\/covadonga\/wp-content\/uploads\/2024\/09\/cropped-LogoCovadonga_Mesa-de-trabajo-1.png\",\"width\":734,\"height\":212,\"caption\":\"Hospital de Covadonga\"},\"image\":{\"@id\":\"https:\/\/riberasalud.com\/covadonga\/#\/schema\/logo\/image\/\"}}]}<\/script>\n<!-- \/ Yoast SEO plugin. -->","yoast_head_json":{"title":"Especialistas - Hospital de Covadonga","description":"Conoce a nuestro equipo m\u00e9dico altamente calificado, compuesto por profesionales comprometidos con tu salud","robots":{"index":"index","follow":"follow","max-snippet":"max-snippet:-1","max-image-preview":"max-image-preview:large","max-video-preview":"max-video-preview:-1"},"canonical":"https:\/\/riberasalud.com\/covadonga\/especialistas\/","og_locale":"es_ES","og_type":"article","og_title":"Especialistas - Hospital de Covadonga","og_description":"Conoce a nuestro equipo m\u00e9dico altamente calificado, compuesto por profesionales comprometidos con tu salud","og_url":"https:\/\/riberasalud.com\/covadonga\/especialistas\/","og_site_name":"Hospital de Covadonga","article_modified_time":"2026-03-04T14:10:03+00:00","og_image":[{"width":1354,"height":477,"url":"https:\/\/riberasalud.com\/covadonga\/wp-content\/uploads\/2025\/02\/portrait-friendly-doctor-isolated-gray.jpg","type":"image\/jpeg"}],"twitter_card":"summary_large_image","twitter_misc":{"Tiempo de lectura":"2 minutos"},"schema":{"@context":"https:\/\/schema.org","@graph":[{"@type":"WebPage","@id":"https:\/\/riberasalud.com\/covadonga\/especialistas\/","url":"https:\/\/riberasalud.com\/covadonga\/especialistas\/","name":"Especialistas - Hospital de Covadonga","isPartOf":{"@id":"https:\/\/riberasalud.com\/covadonga\/#website"},"primaryImageOfPage":{"@id":"https:\/\/riberasalud.com\/covadonga\/especialistas\/#primaryimage"},"image":{"@id":"https:\/\/riberasalud.com\/covadonga\/especialistas\/#primaryimage"},"thumbnailUrl":"https:\/\/riberasalud.com\/covadonga\/wp-content\/uploads\/2025\/02\/portrait-friendly-doctor-isolated-gray.jpg","datePublished":"2025-02-20T09:58:57+00:00","dateModified":"2026-03-04T14:10:03+00:00","description":"Conoce a nuestro equipo m\u00e9dico altamente calificado, compuesto por profesionales comprometidos con tu salud","breadcrumb":{"@id":"https:\/\/riberasalud.com\/covadonga\/especialistas\/#breadcrumb"},"inLanguage":"es","potentialAction":[{"@type":"ReadAction","target":["https:\/\/riberasalud.com\/covadonga\/especialistas\/"]}]},{"@type":"ImageObject","inLanguage":"es","@id":"https:\/\/riberasalud.com\/covadonga\/especialistas\/#primaryimage","url":"https:\/\/riberasalud.com\/covadonga\/wp-content\/uploads\/2025\/02\/portrait-friendly-doctor-isolated-gray.jpg","contentUrl":"https:\/\/riberasalud.com\/covadonga\/wp-content\/uploads\/2025\/02\/portrait-friendly-doctor-isolated-gray.jpg","width":1354,"height":477,"caption":"Portrait of a friendly doctor. Isolated on gray"},{"@type":"BreadcrumbList","@id":"https:\/\/riberasalud.com\/covadonga\/especialistas\/#breadcrumb","itemListElement":[{"@type":"ListItem","position":1,"name":"Portada","item":"https:\/\/riberasalud.com\/covadonga\/"},{"@type":"ListItem","position":2,"name":"Especialistas"}]},{"@type":"WebSite","@id":"https:\/\/riberasalud.com\/covadonga\/#website","url":"https:\/\/riberasalud.com\/covadonga\/","name":"Hospital de Covadonga","description":"","publisher":{"@id":"https:\/\/riberasalud.com\/covadonga\/#organization"},"potentialAction":[{"@type":"SearchAction","target":{"@type":"EntryPoint","urlTemplate":"https:\/\/riberasalud.com\/covadonga\/?s={search_term_string}"},"query-input":{"@type":"PropertyValueSpecification","valueRequired":true,"valueName":"search_term_string"}}],"inLanguage":"es"},{"@type":"Organization","@id":"https:\/\/riberasalud.com\/covadonga\/#organization","name":"Hospital de Covadonga","url":"https:\/\/riberasalud.com\/covadonga\/","logo":{"@type":"ImageObject","inLanguage":"es","@id":"https:\/\/riberasalud.com\/covadonga\/#\/schema\/logo\/image\/","url":"https:\/\/riberasalud.com\/covadonga\/wp-content\/uploads\/2024\/09\/cropped-LogoCovadonga_Mesa-de-trabajo-1.png","contentUrl":"https:\/\/riberasalud.com\/covadonga\/wp-content\/uploads\/2024\/09\/cropped-LogoCovadonga_Mesa-de-trabajo-1.png","width":734,"height":212,"caption":"Hospital de Covadonga"},"image":{"@id":"https:\/\/riberasalud.com\/covadonga\/#\/schema\/logo\/image\/"}}]}},"_links":{"self":[{"href":"https:\/\/riberasalud.com\/covadonga\/wp-json\/wp\/v2\/pages\/1826","targetHints":{"allow":["GET"]}}],"collection":[{"href":"https:\/\/riberasalud.com\/covadonga\/wp-json\/wp\/v2\/pages"}],"about":[{"href":"https:\/\/riberasalud.com\/covadonga\/wp-json\/wp\/v2\/types\/page"}],"author":[{"embeddable":true,"href":"https:\/\/riberasalud.com\/covadonga\/wp-json\/wp\/v2\/users\/2"}],"replies":[{"embeddable":true,"href":"https:\/\/riberasalud.com\/covadonga\/wp-json\/wp\/v2\/comments?post=1826"}],"version-history":[{"count":53,"href":"https:\/\/riberasalud.com\/covadonga\/wp-json\/wp\/v2\/pages\/1826\/revisions"}],"predecessor-version":[{"id":3571,"href":"https:\/\/riberasalud.com\/covadonga\/wp-json\/wp\/v2\/pages\/1826\/revisions\/3571"}],"wp:attachment":[{"href":"https:\/\/riberasalud.com\/covadonga\/wp-json\/wp\/v2\/media?parent=1826"}],"curies":[{"name":"wp","href":"https:\/\/api.w.org\/{rel}","templated":true}]}}