{"id":149,"date":"2024-09-26T16:30:58","date_gmt":"2024-09-26T14:30:58","guid":{"rendered":"https:\/\/riberasalud.com\/covadonga\/?page_id=149"},"modified":"2025-12-03T17:08:57","modified_gmt":"2025-12-03T16:08:57","slug":"contacto","status":"publish","type":"page","link":"https:\/\/riberasalud.com\/covadonga\/contacto\/","title":{"rendered":"Contacto"},"content":{"rendered":"\n<div class=\"wp-block-cover alignfull bannerribera\" style=\"min-height:430px;aspect-ratio:unset;\"><img loading=\"lazy\" decoding=\"async\" width=\"1354\" height=\"477\" class=\"wp-block-cover__image-background wp-image-583\" alt=\"\" src=\"https:\/\/riberasalud.com\/covadonga\/wp-content\/uploads\/2024\/10\/recepcion_atencion-al-apciente.jpg\" data-object-fit=\"cover\" srcset=\"https:\/\/riberasalud.com\/covadonga\/wp-content\/uploads\/2024\/10\/recepcion_atencion-al-apciente.jpg 1354w, https:\/\/riberasalud.com\/covadonga\/wp-content\/uploads\/2024\/10\/recepcion_atencion-al-apciente-300x106.jpg 300w, https:\/\/riberasalud.com\/covadonga\/wp-content\/uploads\/2024\/10\/recepcion_atencion-al-apciente-1024x361.jpg 1024w, https:\/\/riberasalud.com\/covadonga\/wp-content\/uploads\/2024\/10\/recepcion_atencion-al-apciente-768x271.jpg 768w\" sizes=\"auto, (max-width: 1354px) 100vw, 1354px\" \/><span aria-hidden=\"true\" class=\"wp-block-cover__background has-contrast-background-color has-background-dim\"><\/span><div class=\"wp-block-cover__inner-container is-layout-constrained wp-block-cover-is-layout-constrained\">\n<div class=\"wp-block-columns is-layout-flex wp-container-core-columns-is-layout-9d6595d7 wp-block-columns-is-layout-flex\">\n<div class=\"wp-block-column is-layout-flow wp-block-column-is-layout-flow\">\n<h1 class=\"wp-block-heading has-text-align-center has-large-font-size\">Contacto<\/h1>\n\n\n\n<p class=\"has-text-align-center\" style=\"font-size:18px\">Encuentra aqu\u00ed nuestras v\u00edas de contacto, ubicaci\u00f3n y horarios. Estamos listos para atenderte siempre<br><\/p>\n<\/div>\n<\/div>\n<\/div><\/div>\n\n\n\n<div class=\"wp-block-group grupocontacto\"><div class=\"wp-block-group__inner-container is-layout-constrained wp-block-group-is-layout-constrained\">\n<div class=\"wp-block-columns columnascontacto hasbackgroundgris is-layout-flex wp-container-core-columns-is-layout-9d6595d7 wp-block-columns-is-layout-flex\">\n<div class=\"wp-block-column first is-layout-flow wp-block-column-is-layout-flow\">\n<figure class=\"wp-block-image size-full\"><img loading=\"lazy\" decoding=\"async\" width=\"916\" height=\"610\" src=\"https:\/\/riberasalud.com\/covadonga\/wp-content\/uploads\/2025\/08\/Hospital_Ribera_Covadonga_Exterior.jpg\" alt=\"Hospital Ribera Covadonga Exterior\" class=\"wp-image-3180\" srcset=\"https:\/\/riberasalud.com\/covadonga\/wp-content\/uploads\/2025\/08\/Hospital_Ribera_Covadonga_Exterior.jpg 916w, https:\/\/riberasalud.com\/covadonga\/wp-content\/uploads\/2025\/08\/Hospital_Ribera_Covadonga_Exterior-300x200.jpg 300w, https:\/\/riberasalud.com\/covadonga\/wp-content\/uploads\/2025\/08\/Hospital_Ribera_Covadonga_Exterior-768x511.jpg 768w\" sizes=\"auto, (max-width: 916px) 100vw, 916px\" \/><\/figure>\n<\/div>\n\n\n\n<div class=\"wp-block-column is-vertically-aligned-center first is-layout-flow wp-block-column-is-layout-flow\">\n<h2 class=\"wp-block-heading has-text-align-left\">Ponte en contacto con nosotros<\/h2>\n\n\n\n<h3 class=\"wp-block-heading has-text-align-left\"><strong>Email<\/strong><\/h3>\n\n\n\n<p class=\"has-text-align-left has-text-color has-link-color wp-elements-e0d1242a1e6fe2a05eaa57771fc7aa65\" style=\"color:#d71029\"><a href=\"mailto:info.covadonga@riberacare.com\">info.covadonga@riberacare.com<\/a><\/p>\n\n\n\n<h3 class=\"wp-block-heading has-text-align-left\"><strong>Tel\u00e9fono<\/strong><\/h3>\n\n\n\n<p class=\"has-text-align-left has-text-color has-link-color wp-elements-2c498e938410b430508322ff098c474a\" style=\"color:#d71029\"><a href=\"tel:985365122\">+34 985 365 122<\/a><\/p>\n\n\n\n<h3 class=\"wp-block-heading has-text-align-left\"><strong>Localizaci\u00f3n<\/strong><\/h3>\n\n\n\n<p class=\"has-text-align-left has-contrast-color has-text-color has-link-color wp-elements-731429043b60d6263dab28e71056da48\">Calle General Su\u00e1rez Vald\u00e9s 40, <br>33204 Gij\u00f3n. Asturias<\/p>\n<\/div>\n<\/div>\n<\/div><\/div>\n\n\n\n<iframe class=\"mappildora1\" src=\"https:\/\/www.google.com\/maps\/embed?pb=!1m18!1m12!1m3!1d2892.676607213825!2d-5.651756823293144!3d43.52993607110826!2m3!1f0!2f0!3f0!3m2!1i1024!2i768!4f13.1!3m3!1m2!1s0xd367c83baa06747%3A0x9566b442bfaf6f99!2sHospital%20Ribera%20Covadonga!5e0!3m2!1ses!2ses!4v1727361227815!5m2!1ses!2ses\" width=\"100%\" height=\"250\" style=\"border:0;\" allowfullscreen=\"\" loading=\"lazy\" referrerpolicy=\"no-referrer-when-downgrade\"><\/iframe>\n","protected":false},"excerpt":{"rendered":"<p>Ponte en contacto con nosotros Email info.covadonga@riberacare.com Tel\u00e9fono +34 985 365 122 Localizaci\u00f3n Calle General Su\u00e1rez Vald\u00e9s 40, 33204 Gij\u00f3n. Asturias<\/p>\n","protected":false},"author":2,"featured_media":0,"parent":0,"menu_order":0,"comment_status":"closed","ping_status":"closed","template":"","meta":{"footnotes":""},"class_list":["post-149","page","type-page","status-publish"],"yoast_head":"<!-- This site is optimized with the Yoast SEO plugin v26.6 - https:\/\/yoast.com\/wordpress\/plugins\/seo\/ -->\n<title>Contacto - Hospital de Covadonga<\/title>\n<meta name=\"description\" content=\"El hospital Ribera Covadonga forma parte de la red de centros sanitarios del grupo Ribera, con m\u00e1s de 25 a\u00f1os de experiencia en la gesti\u00f3n\" \/>\n<meta name=\"robots\" content=\"index, follow, max-snippet:-1, max-image-preview:large, max-video-preview:-1\" \/>\n<link rel=\"canonical\" href=\"https:\/\/riberasalud.com\/covadonga\/contacto\/\" \/>\n<meta property=\"og:locale\" content=\"es_ES\" \/>\n<meta property=\"og:type\" content=\"article\" \/>\n<meta property=\"og:title\" content=\"Contacto - Hospital de Covadonga\" \/>\n<meta property=\"og:description\" content=\"El hospital Ribera Covadonga forma parte de la red de centros sanitarios del grupo Ribera, con m\u00e1s de 25 a\u00f1os de experiencia en la gesti\u00f3n\" \/>\n<meta property=\"og:url\" content=\"https:\/\/riberasalud.com\/covadonga\/contacto\/\" \/>\n<meta property=\"og:site_name\" content=\"Hospital de Covadonga\" \/>\n<meta property=\"article:modified_time\" content=\"2025-12-03T16:08:57+00:00\" \/>\n<meta property=\"og:image\" content=\"https:\/\/riberasalud.com\/covadonga\/wp-content\/uploads\/2024\/10\/recepcion_atencion-al-apciente.jpg\" \/>\n\t<meta property=\"og:image:width\" content=\"1354\" \/>\n\t<meta property=\"og:image:height\" content=\"477\" \/>\n\t<meta property=\"og:image:type\" content=\"image\/jpeg\" \/>\n<meta name=\"twitter:card\" content=\"summary_large_image\" \/>\n<meta name=\"twitter:label1\" content=\"Tiempo de lectura\" \/>\n\t<meta name=\"twitter:data1\" content=\"1 minuto\" \/>\n<script type=\"application\/ld+json\" class=\"yoast-schema-graph\">{\"@context\":\"https:\/\/schema.org\",\"@graph\":[{\"@type\":\"WebPage\",\"@id\":\"https:\/\/riberasalud.com\/covadonga\/contacto\/\",\"url\":\"https:\/\/riberasalud.com\/covadonga\/contacto\/\",\"name\":\"Contacto - Hospital de Covadonga\",\"isPartOf\":{\"@id\":\"https:\/\/riberasalud.com\/covadonga\/#website\"},\"primaryImageOfPage\":{\"@id\":\"https:\/\/riberasalud.com\/covadonga\/contacto\/#primaryimage\"},\"image\":{\"@id\":\"https:\/\/riberasalud.com\/covadonga\/contacto\/#primaryimage\"},\"thumbnailUrl\":\"https:\/\/riberasalud.com\/covadonga\/wp-content\/uploads\/2024\/10\/recepcion_atencion-al-apciente.jpg\",\"datePublished\":\"2024-09-26T14:30:58+00:00\",\"dateModified\":\"2025-12-03T16:08:57+00:00\",\"description\":\"El hospital Ribera Covadonga forma parte de la red de centros sanitarios del grupo Ribera, con m\u00e1s de 25 a\u00f1os de experiencia en la gesti\u00f3n\",\"breadcrumb\":{\"@id\":\"https:\/\/riberasalud.com\/covadonga\/contacto\/#breadcrumb\"},\"inLanguage\":\"es\",\"potentialAction\":[{\"@type\":\"ReadAction\",\"target\":[\"https:\/\/riberasalud.com\/covadonga\/contacto\/\"]}]},{\"@type\":\"ImageObject\",\"inLanguage\":\"es\",\"@id\":\"https:\/\/riberasalud.com\/covadonga\/contacto\/#primaryimage\",\"url\":\"https:\/\/riberasalud.com\/covadonga\/wp-content\/uploads\/2024\/10\/recepcion_atencion-al-apciente.jpg\",\"contentUrl\":\"https:\/\/riberasalud.com\/covadonga\/wp-content\/uploads\/2024\/10\/recepcion_atencion-al-apciente.jpg\",\"width\":1354,\"height\":477},{\"@type\":\"BreadcrumbList\",\"@id\":\"https:\/\/riberasalud.com\/covadonga\/contacto\/#breadcrumb\",\"itemListElement\":[{\"@type\":\"ListItem\",\"position\":1,\"name\":\"Portada\",\"item\":\"https:\/\/riberasalud.com\/covadonga\/\"},{\"@type\":\"ListItem\",\"position\":2,\"name\":\"Contacto\"}]},{\"@type\":\"WebSite\",\"@id\":\"https:\/\/riberasalud.com\/covadonga\/#website\",\"url\":\"https:\/\/riberasalud.com\/covadonga\/\",\"name\":\"Hospital de Covadonga\",\"description\":\"\",\"publisher\":{\"@id\":\"https:\/\/riberasalud.com\/covadonga\/#organization\"},\"potentialAction\":[{\"@type\":\"SearchAction\",\"target\":{\"@type\":\"EntryPoint\",\"urlTemplate\":\"https:\/\/riberasalud.com\/covadonga\/?s={search_term_string}\"},\"query-input\":{\"@type\":\"PropertyValueSpecification\",\"valueRequired\":true,\"valueName\":\"search_term_string\"}}],\"inLanguage\":\"es\"},{\"@type\":\"Organization\",\"@id\":\"https:\/\/riberasalud.com\/covadonga\/#organization\",\"name\":\"Hospital de Covadonga\",\"url\":\"https:\/\/riberasalud.com\/covadonga\/\",\"logo\":{\"@type\":\"ImageObject\",\"inLanguage\":\"es\",\"@id\":\"https:\/\/riberasalud.com\/covadonga\/#\/schema\/logo\/image\/\",\"url\":\"https:\/\/riberasalud.com\/covadonga\/wp-content\/uploads\/2024\/09\/cropped-LogoCovadonga_Mesa-de-trabajo-1.png\",\"contentUrl\":\"https:\/\/riberasalud.com\/covadonga\/wp-content\/uploads\/2024\/09\/cropped-LogoCovadonga_Mesa-de-trabajo-1.png\",\"width\":734,\"height\":212,\"caption\":\"Hospital de Covadonga\"},\"image\":{\"@id\":\"https:\/\/riberasalud.com\/covadonga\/#\/schema\/logo\/image\/\"}}]}<\/script>\n<!-- \/ Yoast SEO plugin. -->","yoast_head_json":{"title":"Contacto - Hospital de Covadonga","description":"El hospital Ribera Covadonga forma parte de la red de centros sanitarios del grupo Ribera, con m\u00e1s de 25 a\u00f1os de experiencia en la gesti\u00f3n","robots":{"index":"index","follow":"follow","max-snippet":"max-snippet:-1","max-image-preview":"max-image-preview:large","max-video-preview":"max-video-preview:-1"},"canonical":"https:\/\/riberasalud.com\/covadonga\/contacto\/","og_locale":"es_ES","og_type":"article","og_title":"Contacto - Hospital de Covadonga","og_description":"El hospital Ribera Covadonga forma parte de la red de centros sanitarios del grupo Ribera, con m\u00e1s de 25 a\u00f1os de experiencia en la gesti\u00f3n","og_url":"https:\/\/riberasalud.com\/covadonga\/contacto\/","og_site_name":"Hospital de Covadonga","article_modified_time":"2025-12-03T16:08:57+00:00","og_image":[{"width":1354,"height":477,"url":"https:\/\/riberasalud.com\/covadonga\/wp-content\/uploads\/2024\/10\/recepcion_atencion-al-apciente.jpg","type":"image\/jpeg"}],"twitter_card":"summary_large_image","twitter_misc":{"Tiempo de lectura":"1 minuto"},"schema":{"@context":"https:\/\/schema.org","@graph":[{"@type":"WebPage","@id":"https:\/\/riberasalud.com\/covadonga\/contacto\/","url":"https:\/\/riberasalud.com\/covadonga\/contacto\/","name":"Contacto - Hospital de Covadonga","isPartOf":{"@id":"https:\/\/riberasalud.com\/covadonga\/#website"},"primaryImageOfPage":{"@id":"https:\/\/riberasalud.com\/covadonga\/contacto\/#primaryimage"},"image":{"@id":"https:\/\/riberasalud.com\/covadonga\/contacto\/#primaryimage"},"thumbnailUrl":"https:\/\/riberasalud.com\/covadonga\/wp-content\/uploads\/2024\/10\/recepcion_atencion-al-apciente.jpg","datePublished":"2024-09-26T14:30:58+00:00","dateModified":"2025-12-03T16:08:57+00:00","description":"El hospital Ribera Covadonga forma parte de la red de centros sanitarios del grupo Ribera, con m\u00e1s de 25 a\u00f1os de experiencia en la gesti\u00f3n","breadcrumb":{"@id":"https:\/\/riberasalud.com\/covadonga\/contacto\/#breadcrumb"},"inLanguage":"es","potentialAction":[{"@type":"ReadAction","target":["https:\/\/riberasalud.com\/covadonga\/contacto\/"]}]},{"@type":"ImageObject","inLanguage":"es","@id":"https:\/\/riberasalud.com\/covadonga\/contacto\/#primaryimage","url":"https:\/\/riberasalud.com\/covadonga\/wp-content\/uploads\/2024\/10\/recepcion_atencion-al-apciente.jpg","contentUrl":"https:\/\/riberasalud.com\/covadonga\/wp-content\/uploads\/2024\/10\/recepcion_atencion-al-apciente.jpg","width":1354,"height":477},{"@type":"BreadcrumbList","@id":"https:\/\/riberasalud.com\/covadonga\/contacto\/#breadcrumb","itemListElement":[{"@type":"ListItem","position":1,"name":"Portada","item":"https:\/\/riberasalud.com\/covadonga\/"},{"@type":"ListItem","position":2,"name":"Contacto"}]},{"@type":"WebSite","@id":"https:\/\/riberasalud.com\/covadonga\/#website","url":"https:\/\/riberasalud.com\/covadonga\/","name":"Hospital de Covadonga","description":"","publisher":{"@id":"https:\/\/riberasalud.com\/covadonga\/#organization"},"potentialAction":[{"@type":"SearchAction","target":{"@type":"EntryPoint","urlTemplate":"https:\/\/riberasalud.com\/covadonga\/?s={search_term_string}"},"query-input":{"@type":"PropertyValueSpecification","valueRequired":true,"valueName":"search_term_string"}}],"inLanguage":"es"},{"@type":"Organization","@id":"https:\/\/riberasalud.com\/covadonga\/#organization","name":"Hospital de Covadonga","url":"https:\/\/riberasalud.com\/covadonga\/","logo":{"@type":"ImageObject","inLanguage":"es","@id":"https:\/\/riberasalud.com\/covadonga\/#\/schema\/logo\/image\/","url":"https:\/\/riberasalud.com\/covadonga\/wp-content\/uploads\/2024\/09\/cropped-LogoCovadonga_Mesa-de-trabajo-1.png","contentUrl":"https:\/\/riberasalud.com\/covadonga\/wp-content\/uploads\/2024\/09\/cropped-LogoCovadonga_Mesa-de-trabajo-1.png","width":734,"height":212,"caption":"Hospital de Covadonga"},"image":{"@id":"https:\/\/riberasalud.com\/covadonga\/#\/schema\/logo\/image\/"}}]}},"_links":{"self":[{"href":"https:\/\/riberasalud.com\/covadonga\/wp-json\/wp\/v2\/pages\/149","targetHints":{"allow":["GET"]}}],"collection":[{"href":"https:\/\/riberasalud.com\/covadonga\/wp-json\/wp\/v2\/pages"}],"about":[{"href":"https:\/\/riberasalud.com\/covadonga\/wp-json\/wp\/v2\/types\/page"}],"author":[{"embeddable":true,"href":"https:\/\/riberasalud.com\/covadonga\/wp-json\/wp\/v2\/users\/2"}],"replies":[{"embeddable":true,"href":"https:\/\/riberasalud.com\/covadonga\/wp-json\/wp\/v2\/comments?post=149"}],"version-history":[{"count":18,"href":"https:\/\/riberasalud.com\/covadonga\/wp-json\/wp\/v2\/pages\/149\/revisions"}],"predecessor-version":[{"id":3504,"href":"https:\/\/riberasalud.com\/covadonga\/wp-json\/wp\/v2\/pages\/149\/revisions\/3504"}],"wp:attachment":[{"href":"https:\/\/riberasalud.com\/covadonga\/wp-json\/wp\/v2\/media?parent=149"}],"curies":[{"name":"wp","href":"https:\/\/api.w.org\/{rel}","templated":true}]}}