{"id":119,"date":"2024-09-24T17:33:02","date_gmt":"2024-09-24T15:33:02","guid":{"rendered":"https:\/\/riberasalud.com\/covadonga\/?page_id=119"},"modified":"2024-10-10T15:53:12","modified_gmt":"2024-10-10T13:53:12","slug":"guia-para-el-ingreso","status":"publish","type":"page","link":"https:\/\/riberasalud.com\/covadonga\/guia-para-el-ingreso\/","title":{"rendered":"Gu\u00eda para el ingreso"},"content":{"rendered":"\n<div class=\"wp-block-cover alignfull bannerribera\" style=\"min-height:430px;aspect-ratio:unset;\"><span aria-hidden=\"true\" class=\"wp-block-cover__background has-contrast-background-color has-background-dim\"><\/span><img loading=\"lazy\" decoding=\"async\" width=\"1354\" height=\"477\" class=\"wp-block-cover__image-background wp-image-587\" alt=\"\" src=\"https:\/\/riberasalud.com\/covadonga\/wp-content\/uploads\/2024\/10\/habitaciones-hospitalizacion.jpg\" data-object-fit=\"cover\" srcset=\"https:\/\/riberasalud.com\/covadonga\/wp-content\/uploads\/2024\/10\/habitaciones-hospitalizacion.jpg 1354w, https:\/\/riberasalud.com\/covadonga\/wp-content\/uploads\/2024\/10\/habitaciones-hospitalizacion-300x106.jpg 300w, https:\/\/riberasalud.com\/covadonga\/wp-content\/uploads\/2024\/10\/habitaciones-hospitalizacion-1024x361.jpg 1024w, https:\/\/riberasalud.com\/covadonga\/wp-content\/uploads\/2024\/10\/habitaciones-hospitalizacion-768x271.jpg 768w\" sizes=\"auto, (max-width: 1354px) 100vw, 1354px\" \/><div class=\"wp-block-cover__inner-container is-layout-constrained wp-block-cover-is-layout-constrained\">\n<div class=\"wp-block-columns is-layout-flex wp-container-core-columns-is-layout-9d6595d7 wp-block-columns-is-layout-flex\">\n<div class=\"wp-block-column is-layout-flow wp-block-column-is-layout-flow\">\n<h1 class=\"wp-block-heading has-text-align-center has-large-font-size\">Normas y recomendaciones para el paciente hospitalizado<\/h1>\n\n\n\n<p class=\"has-text-align-center\" style=\"font-size:18px\">Encuentra aqu\u00ed toda la informaci\u00f3n necesaria para tu proceso de ingreso, desde requisitos hasta detalles sobre los servicios ofrecidos<br><\/p>\n<\/div>\n<\/div>\n<\/div><\/div>\n\n\n\n<div class=\"wp-block-group\"><div class=\"wp-block-group__inner-container is-layout-constrained wp-block-group-is-layout-constrained\">\n<div class=\"wp-block-columns is-layout-flex wp-container-core-columns-is-layout-9d6595d7 wp-block-columns-is-layout-flex\">\n<div class=\"wp-block-column is-layout-flow wp-block-column-is-layout-flow\">\n<p>Durante su estancia puede traer art\u00edculos de higiene personal y tambi\u00e9n pijama, zapatillas y bata. En el centro le facilitar\u00e1n camisones y esponjas jabonosas para el aseo.<\/p>\n\n\n\n<p>Procure no tener joyas, dinero ni objetos de valor en la habitaci\u00f3n. Lamentablemente, el Hospital no se hace responsable de su custodia, ni de su extrav\u00edo. Igualmente, las pr\u00f3tesis, aud\u00edfonos y otros enseres personales, son responsabilidad del propio paciente y\/o cuidador.<\/p>\n\n\n\n<p>Le recomendamos que est\u00e9 siempre localizable durante el periodo de hospitalizaci\u00f3n. No salga de su unidad sin comunic\u00e1rselo al equipo de enfermer\u00eda.<\/p>\n\n\n\n<p>Por respeto a los otros pacientes, si desea usar una radio o alg\u00fan aparato de m\u00fasica, h\u00e1galo con auriculares o en su defecto con volumen bajo. Evite hablar por tel\u00e9fono en los pasillos y zonas comunes.&nbsp;<\/p>\n\n\n\n<p>No est\u00e1 permitido tener plantas con tierra en la habitaci\u00f3n. Adem\u00e1s, es recomendable que su acompa\u00f1ante retire diariamente los ramos de flores (que no se pueden dejar en el pasillo).<\/p>\n\n\n\n<p>Ha de comunicar al personal la utilizaci\u00f3n de cualquier tipo de pr\u00f3tesis (dental, auditiva.) y, si toma alg\u00fan medicamento de forma habitual, debe traerlo consigo y comunicarlo a la enfermera que siga su proceso. Siempre consulte con el personal de enfermer\u00eda la ingesta de cualquier medicaci\u00f3n propia, pues es necesario que haya una conciliaci\u00f3n con el tratamiento pautado durante su estancia hospitalaria,<\/p>\n\n\n\n<p>No est\u00e1 permitido que los pacientes ingresados tomen alimentos externos a los proporcionados en la planta, sin consultar previamente al equipo de enfermer\u00eda.<\/p>\n\n\n\n<p>Recuerde que, seg\u00fan la legislaci\u00f3n vigente, est\u00e1 <strong>prohibido fumar<\/strong> en todo el recinto hospitalario.<\/p>\n<\/div>\n<\/div>\n\n\n\n<div class=\"wp-block-columns is-layout-flex wp-container-core-columns-is-layout-9d6595d7 wp-block-columns-is-layout-flex\"><\/div>\n\n\n\n<div style=\"height:30px\" aria-hidden=\"true\" class=\"wp-block-spacer\"><\/div>\n<\/div><\/div>\n\n\n\n<div class=\"wp-block-group hasbackgroundmio\"><div class=\"wp-block-group__inner-container is-layout-constrained wp-block-group-is-layout-constrained\">\n<div class=\"wp-block-columns is-layout-flex wp-container-core-columns-is-layout-9d6595d7 wp-block-columns-is-layout-flex\"><\/div>\n\n\n\n<div class=\"wp-block-columns is-layout-flex wp-container-core-columns-is-layout-9d6595d7 wp-block-columns-is-layout-flex\">\n<div class=\"wp-block-column is-layout-flow wp-block-column-is-layout-flow\">\n<h2 class=\"wp-block-heading has-text-align-center\"><strong>Servicios y prestaciones<\/strong><\/h2>\n\n\n\n<p class=\"has-text-align-center\"><strong>Televisor:<\/strong> Todas las habitaciones disponen de televisor de uso gratuito.&nbsp;<\/p>\n\n\n\n<p class=\"has-text-align-center\"><strong>Tel\u00e9fono:<\/strong> Cada habitaci\u00f3n cuenta con un tel\u00e9fono. Si quiere recibir llamadas, han de ser por medio del tel\u00e9fono del centro indicando el n\u00famero de habitaci\u00f3n. No es posible la realizaci\u00f3n de llamadas externas. El tel\u00e9fono es la base de la alarma de su habitaci\u00f3n, el equipo de enfermer\u00eda puede comunicarse con usted cuando la active.<\/p>\n\n\n\n<p class=\"has-text-align-center\"><strong>Conexi\u00f3n a Internet:<\/strong> Las unidades y otras zonas comunes se\u00f1alizadas cuentan con acceso a Internet a trav\u00e9s de Wi-Fi gratuito. La clave de acceso a la red Wi-Fi <strong>\u201cInvitadosHospCovadonga\u201d<\/strong> es \u201c<strong>cuidamosdeti\u201d.<\/strong><\/p>\n\n\n\n<p class=\"has-text-align-center\"><strong>Atenci\u00f3n al paciente:<\/strong> El Servicio de Atenci\u00f3n al Usuario, atender\u00e1 sus necesidades de informaci\u00f3n y tramitar\u00e1 las posibles reclamaciones. Puede dirigirse a la Supervisi\u00f3n de Enfermer\u00eda de la Unidad quien le explicar\u00e1 c\u00f3mo proceder.Adem\u00e1s, se encargar\u00e1 de recoger sugerencias, que le agradecemos, con el objetivo de poder mejorar d\u00eda a d\u00eda.<\/p>\n\n\n\n<h2 class=\"wp-block-heading has-text-align-center\"><strong>Comida<\/strong><\/h2>\n\n\n\n<p class=\"has-text-align-center\"><strong>Desayuno<\/strong> de 08:30 a 09:00 h.<br><strong>Comida<\/strong> de 13:30 a 14:00 h.<br><strong>Merienda<\/strong> de 17:30 a 18:00 h.<br><strong>Cena<\/strong> de 20:30 a 21:00 h<\/p>\n\n\n\n<p class=\"has-text-align-center\">Si tiene alg\u00fan tipo de intolerancia o preferencia en las comidas, comun\u00edquelo al personal en el momento de su ingreso.<\/p>\n\n\n\n<h2 class=\"wp-block-heading has-text-align-center\"><strong>Acompa\u00f1antes y visitas<\/strong><\/h2>\n\n\n\n<p class=\"has-text-align-center\">Las puertas de acceso del hospital permanecer\u00e1n cerradas de 22:00 a las 08:00 horas. Excepto fines de semana y festivos, que estar\u00e1n cerradas de 21:00 a 9:00 horas.<\/p>\n\n\n\n<p class=\"has-text-align-center\">El <strong>horario de visitas<\/strong> al paciente ingresado es el siguiente: <strong>Ma\u00f1anas de 12:30 a 15 horas y Tardes de 17 a 20:30 horas.<\/strong><\/p>\n\n\n\n<p class=\"has-text-align-center\">Agradecemos que minimicen el n\u00famero de visitas en la habitaci\u00f3n, por el bienestar del paciente. La habitaci\u00f3n dispone de sof\u00e1-cama para ser utilizado si fuera necesario.<\/p>\n\n\n\n<p class=\"has-text-align-center\">Para ni\u00f1os menores de 12 a\u00f1os el acceso ser\u00e1 previamente consultado con el personal de la planta. Recuerde que esto es un hospital y por tanto existen en el ambiente microorganismos que no entienden de edades.<\/p>\n\n\n\n<h2 class=\"wp-block-heading has-text-align-center\"><strong>Alta hospitalaria<\/strong><\/h2>\n\n\n\n<p class=\"has-text-align-center\">Su m\u00e9dico responsable le comunicar\u00e1 el alta con antelaci\u00f3n suficiente para poder organizar su salida del Hospital.<\/p>\n\n\n\n<p class=\"has-text-align-center\">El d\u00eda previsto le entregar\u00e1n el informe de alta hospitalaria y, si es necesaria, la cita para una visita a Consultas Externas.<\/p>\n\n\n\n<p class=\"has-text-align-center\"><strong>Una vez que le hayan dado el alta, agradecemos que deje libre la habitaci\u00f3n antes de las 12 del mediod\u00eda.<\/strong><br>No olvide revisar la habitaci\u00f3n para comprobar que no olvida ning\u00fan objeto personal.&nbsp;<\/p>\n\n\n\n<p class=\"has-text-align-center\"><strong>Alta voluntaria:<\/strong> Si desea abandonar el Hospital antes de que el m\u00e9dico se lo autorice, debe comunic\u00e1rselo al personal de enfermer\u00eda y firmar el documento de alta voluntaria.&nbsp;<\/p>\n<\/div>\n<\/div>\n\n\n\n<div style=\"height:30px\" aria-hidden=\"true\" class=\"wp-block-spacer\"><\/div>\n<\/div><\/div>\n","protected":false},"excerpt":{"rendered":"<p>Durante su estancia puede traer art\u00edculos de higiene personal y tambi\u00e9n pijama, zapatillas y bata. En el centro le facilitar\u00e1n camisones y esponjas jabonosas para el aseo. Procure no tener joyas, dinero ni objetos de valor en la habitaci\u00f3n. Lamentablemente, el Hospital no se hace responsable de su custodia, ni de su extrav\u00edo. Igualmente, las &#8230; <\/p>\n<p class=\"read-more-container\"><a title=\"Gu\u00eda para el ingreso\" class=\"read-more button\" href=\"https:\/\/riberasalud.com\/covadonga\/guia-para-el-ingreso\/#more-119\" aria-label=\"Leer m\u00e1s sobre Gu\u00eda para el ingreso\">Leer m\u00e1s<\/a><\/p>\n","protected":false},"author":2,"featured_media":0,"parent":0,"menu_order":0,"comment_status":"closed","ping_status":"closed","template":"","meta":{"footnotes":""},"class_list":["post-119","page","type-page","status-publish"],"yoast_head":"<!-- This site is optimized with the Yoast SEO plugin v26.6 - https:\/\/yoast.com\/wordpress\/plugins\/seo\/ -->\n<title>Gu\u00eda para el ingreso - Hospital de Covadonga<\/title>\n<meta name=\"description\" content=\"El hospital Ribera Covadonga forma parte de la red de centros sanitarios del grupo Ribera, con m\u00e1s de 25 a\u00f1os de experiencia en la gesti\u00f3n\" \/>\n<meta name=\"robots\" content=\"index, follow, max-snippet:-1, max-image-preview:large, max-video-preview:-1\" \/>\n<link rel=\"canonical\" href=\"https:\/\/riberasalud.com\/covadonga\/guia-para-el-ingreso\/\" \/>\n<meta property=\"og:locale\" content=\"es_ES\" \/>\n<meta property=\"og:type\" content=\"article\" \/>\n<meta property=\"og:title\" content=\"Gu\u00eda para el ingreso - Hospital de Covadonga\" \/>\n<meta property=\"og:description\" content=\"El hospital Ribera Covadonga forma parte de la red de centros sanitarios del grupo Ribera, con m\u00e1s de 25 a\u00f1os de experiencia en la gesti\u00f3n\" \/>\n<meta property=\"og:url\" content=\"https:\/\/riberasalud.com\/covadonga\/guia-para-el-ingreso\/\" \/>\n<meta property=\"og:site_name\" content=\"Hospital de Covadonga\" \/>\n<meta property=\"article:modified_time\" content=\"2024-10-10T13:53:12+00:00\" \/>\n<meta property=\"og:image\" content=\"https:\/\/riberasalud.com\/covadonga\/wp-content\/uploads\/2024\/10\/habitaciones-hospitalizacion.jpg\" \/>\n<meta name=\"twitter:card\" content=\"summary_large_image\" \/>\n<meta name=\"twitter:label1\" content=\"Tiempo de lectura\" \/>\n\t<meta name=\"twitter:data1\" content=\"4 minutos\" \/>\n<script type=\"application\/ld+json\" class=\"yoast-schema-graph\">{\"@context\":\"https:\/\/schema.org\",\"@graph\":[{\"@type\":\"WebPage\",\"@id\":\"https:\/\/riberasalud.com\/covadonga\/guia-para-el-ingreso\/\",\"url\":\"https:\/\/riberasalud.com\/covadonga\/guia-para-el-ingreso\/\",\"name\":\"Gu\u00eda para el ingreso - Hospital de Covadonga\",\"isPartOf\":{\"@id\":\"https:\/\/riberasalud.com\/covadonga\/#website\"},\"primaryImageOfPage\":{\"@id\":\"https:\/\/riberasalud.com\/covadonga\/guia-para-el-ingreso\/#primaryimage\"},\"image\":{\"@id\":\"https:\/\/riberasalud.com\/covadonga\/guia-para-el-ingreso\/#primaryimage\"},\"thumbnailUrl\":\"https:\/\/riberasalud.com\/covadonga\/wp-content\/uploads\/2024\/10\/habitaciones-hospitalizacion.jpg\",\"datePublished\":\"2024-09-24T15:33:02+00:00\",\"dateModified\":\"2024-10-10T13:53:12+00:00\",\"description\":\"El hospital Ribera Covadonga forma parte de la red de centros sanitarios del grupo Ribera, con m\u00e1s de 25 a\u00f1os de experiencia en la gesti\u00f3n\",\"breadcrumb\":{\"@id\":\"https:\/\/riberasalud.com\/covadonga\/guia-para-el-ingreso\/#breadcrumb\"},\"inLanguage\":\"es\",\"potentialAction\":[{\"@type\":\"ReadAction\",\"target\":[\"https:\/\/riberasalud.com\/covadonga\/guia-para-el-ingreso\/\"]}]},{\"@type\":\"ImageObject\",\"inLanguage\":\"es\",\"@id\":\"https:\/\/riberasalud.com\/covadonga\/guia-para-el-ingreso\/#primaryimage\",\"url\":\"https:\/\/riberasalud.com\/covadonga\/wp-content\/uploads\/2024\/10\/habitaciones-hospitalizacion.jpg\",\"contentUrl\":\"https:\/\/riberasalud.com\/covadonga\/wp-content\/uploads\/2024\/10\/habitaciones-hospitalizacion.jpg\",\"width\":1354,\"height\":477},{\"@type\":\"BreadcrumbList\",\"@id\":\"https:\/\/riberasalud.com\/covadonga\/guia-para-el-ingreso\/#breadcrumb\",\"itemListElement\":[{\"@type\":\"ListItem\",\"position\":1,\"name\":\"Portada\",\"item\":\"https:\/\/riberasalud.com\/covadonga\/\"},{\"@type\":\"ListItem\",\"position\":2,\"name\":\"Gu\u00eda para el ingreso\"}]},{\"@type\":\"WebSite\",\"@id\":\"https:\/\/riberasalud.com\/covadonga\/#website\",\"url\":\"https:\/\/riberasalud.com\/covadonga\/\",\"name\":\"Hospital de Covadonga\",\"description\":\"\",\"publisher\":{\"@id\":\"https:\/\/riberasalud.com\/covadonga\/#organization\"},\"potentialAction\":[{\"@type\":\"SearchAction\",\"target\":{\"@type\":\"EntryPoint\",\"urlTemplate\":\"https:\/\/riberasalud.com\/covadonga\/?s={search_term_string}\"},\"query-input\":{\"@type\":\"PropertyValueSpecification\",\"valueRequired\":true,\"valueName\":\"search_term_string\"}}],\"inLanguage\":\"es\"},{\"@type\":\"Organization\",\"@id\":\"https:\/\/riberasalud.com\/covadonga\/#organization\",\"name\":\"Hospital de Covadonga\",\"url\":\"https:\/\/riberasalud.com\/covadonga\/\",\"logo\":{\"@type\":\"ImageObject\",\"inLanguage\":\"es\",\"@id\":\"https:\/\/riberasalud.com\/covadonga\/#\/schema\/logo\/image\/\",\"url\":\"https:\/\/riberasalud.com\/covadonga\/wp-content\/uploads\/2024\/09\/cropped-LogoCovadonga_Mesa-de-trabajo-1.png\",\"contentUrl\":\"https:\/\/riberasalud.com\/covadonga\/wp-content\/uploads\/2024\/09\/cropped-LogoCovadonga_Mesa-de-trabajo-1.png\",\"width\":734,\"height\":212,\"caption\":\"Hospital de Covadonga\"},\"image\":{\"@id\":\"https:\/\/riberasalud.com\/covadonga\/#\/schema\/logo\/image\/\"}}]}<\/script>\n<!-- \/ Yoast SEO plugin. -->","yoast_head_json":{"title":"Gu\u00eda para el ingreso - Hospital de Covadonga","description":"El hospital Ribera Covadonga forma parte de la red de centros sanitarios del grupo Ribera, con m\u00e1s de 25 a\u00f1os de experiencia en la gesti\u00f3n","robots":{"index":"index","follow":"follow","max-snippet":"max-snippet:-1","max-image-preview":"max-image-preview:large","max-video-preview":"max-video-preview:-1"},"canonical":"https:\/\/riberasalud.com\/covadonga\/guia-para-el-ingreso\/","og_locale":"es_ES","og_type":"article","og_title":"Gu\u00eda para el ingreso - Hospital de Covadonga","og_description":"El hospital Ribera Covadonga forma parte de la red de centros sanitarios del grupo Ribera, con m\u00e1s de 25 a\u00f1os de experiencia en la gesti\u00f3n","og_url":"https:\/\/riberasalud.com\/covadonga\/guia-para-el-ingreso\/","og_site_name":"Hospital de Covadonga","article_modified_time":"2024-10-10T13:53:12+00:00","og_image":[{"url":"https:\/\/riberasalud.com\/covadonga\/wp-content\/uploads\/2024\/10\/habitaciones-hospitalizacion.jpg","type":"","width":"","height":""}],"twitter_card":"summary_large_image","twitter_misc":{"Tiempo de lectura":"4 minutos"},"schema":{"@context":"https:\/\/schema.org","@graph":[{"@type":"WebPage","@id":"https:\/\/riberasalud.com\/covadonga\/guia-para-el-ingreso\/","url":"https:\/\/riberasalud.com\/covadonga\/guia-para-el-ingreso\/","name":"Gu\u00eda para el ingreso - Hospital de Covadonga","isPartOf":{"@id":"https:\/\/riberasalud.com\/covadonga\/#website"},"primaryImageOfPage":{"@id":"https:\/\/riberasalud.com\/covadonga\/guia-para-el-ingreso\/#primaryimage"},"image":{"@id":"https:\/\/riberasalud.com\/covadonga\/guia-para-el-ingreso\/#primaryimage"},"thumbnailUrl":"https:\/\/riberasalud.com\/covadonga\/wp-content\/uploads\/2024\/10\/habitaciones-hospitalizacion.jpg","datePublished":"2024-09-24T15:33:02+00:00","dateModified":"2024-10-10T13:53:12+00:00","description":"El hospital Ribera Covadonga forma parte de la red de centros sanitarios del grupo Ribera, con m\u00e1s de 25 a\u00f1os de experiencia en la gesti\u00f3n","breadcrumb":{"@id":"https:\/\/riberasalud.com\/covadonga\/guia-para-el-ingreso\/#breadcrumb"},"inLanguage":"es","potentialAction":[{"@type":"ReadAction","target":["https:\/\/riberasalud.com\/covadonga\/guia-para-el-ingreso\/"]}]},{"@type":"ImageObject","inLanguage":"es","@id":"https:\/\/riberasalud.com\/covadonga\/guia-para-el-ingreso\/#primaryimage","url":"https:\/\/riberasalud.com\/covadonga\/wp-content\/uploads\/2024\/10\/habitaciones-hospitalizacion.jpg","contentUrl":"https:\/\/riberasalud.com\/covadonga\/wp-content\/uploads\/2024\/10\/habitaciones-hospitalizacion.jpg","width":1354,"height":477},{"@type":"BreadcrumbList","@id":"https:\/\/riberasalud.com\/covadonga\/guia-para-el-ingreso\/#breadcrumb","itemListElement":[{"@type":"ListItem","position":1,"name":"Portada","item":"https:\/\/riberasalud.com\/covadonga\/"},{"@type":"ListItem","position":2,"name":"Gu\u00eda para el ingreso"}]},{"@type":"WebSite","@id":"https:\/\/riberasalud.com\/covadonga\/#website","url":"https:\/\/riberasalud.com\/covadonga\/","name":"Hospital de Covadonga","description":"","publisher":{"@id":"https:\/\/riberasalud.com\/covadonga\/#organization"},"potentialAction":[{"@type":"SearchAction","target":{"@type":"EntryPoint","urlTemplate":"https:\/\/riberasalud.com\/covadonga\/?s={search_term_string}"},"query-input":{"@type":"PropertyValueSpecification","valueRequired":true,"valueName":"search_term_string"}}],"inLanguage":"es"},{"@type":"Organization","@id":"https:\/\/riberasalud.com\/covadonga\/#organization","name":"Hospital de Covadonga","url":"https:\/\/riberasalud.com\/covadonga\/","logo":{"@type":"ImageObject","inLanguage":"es","@id":"https:\/\/riberasalud.com\/covadonga\/#\/schema\/logo\/image\/","url":"https:\/\/riberasalud.com\/covadonga\/wp-content\/uploads\/2024\/09\/cropped-LogoCovadonga_Mesa-de-trabajo-1.png","contentUrl":"https:\/\/riberasalud.com\/covadonga\/wp-content\/uploads\/2024\/09\/cropped-LogoCovadonga_Mesa-de-trabajo-1.png","width":734,"height":212,"caption":"Hospital de Covadonga"},"image":{"@id":"https:\/\/riberasalud.com\/covadonga\/#\/schema\/logo\/image\/"}}]}},"_links":{"self":[{"href":"https:\/\/riberasalud.com\/covadonga\/wp-json\/wp\/v2\/pages\/119","targetHints":{"allow":["GET"]}}],"collection":[{"href":"https:\/\/riberasalud.com\/covadonga\/wp-json\/wp\/v2\/pages"}],"about":[{"href":"https:\/\/riberasalud.com\/covadonga\/wp-json\/wp\/v2\/types\/page"}],"author":[{"embeddable":true,"href":"https:\/\/riberasalud.com\/covadonga\/wp-json\/wp\/v2\/users\/2"}],"replies":[{"embeddable":true,"href":"https:\/\/riberasalud.com\/covadonga\/wp-json\/wp\/v2\/comments?post=119"}],"version-history":[{"count":9,"href":"https:\/\/riberasalud.com\/covadonga\/wp-json\/wp\/v2\/pages\/119\/revisions"}],"predecessor-version":[{"id":588,"href":"https:\/\/riberasalud.com\/covadonga\/wp-json\/wp\/v2\/pages\/119\/revisions\/588"}],"wp:attachment":[{"href":"https:\/\/riberasalud.com\/covadonga\/wp-json\/wp\/v2\/media?parent=119"}],"curies":[{"name":"wp","href":"https:\/\/api.w.org\/{rel}","templated":true}]}}