{"id":111,"date":"2024-09-24T17:22:40","date_gmt":"2024-09-24T15:22:40","guid":{"rendered":"https:\/\/riberasalud.com\/covadonga\/?page_id=111"},"modified":"2024-09-24T17:26:04","modified_gmt":"2024-09-24T15:26:04","slug":"derechos-y-deberes","status":"publish","type":"page","link":"https:\/\/riberasalud.com\/covadonga\/derechos-y-deberes\/","title":{"rendered":"Derechos y deberes"},"content":{"rendered":"\n<div class=\"wp-block-cover alignfull bannerribera\" style=\"min-height:430px;aspect-ratio:unset;\"><span aria-hidden=\"true\" class=\"wp-block-cover__background has-contrast-background-color has-background-dim\"><\/span><img loading=\"lazy\" decoding=\"async\" width=\"800\" height=\"533\" class=\"wp-block-cover__image-background wp-image-40\" alt=\"chequeos\" src=\"https:\/\/riberasalud.com\/covadonga\/wp-content\/uploads\/2024\/09\/chequeos.jpg\" data-object-fit=\"cover\" srcset=\"https:\/\/riberasalud.com\/covadonga\/wp-content\/uploads\/2024\/09\/chequeos.jpg 800w, https:\/\/riberasalud.com\/covadonga\/wp-content\/uploads\/2024\/09\/chequeos-300x200.jpg 300w, https:\/\/riberasalud.com\/covadonga\/wp-content\/uploads\/2024\/09\/chequeos-768x512.jpg 768w\" sizes=\"auto, (max-width: 800px) 100vw, 800px\" \/><div class=\"wp-block-cover__inner-container is-layout-constrained wp-block-cover-is-layout-constrained\">\n<div class=\"wp-block-columns is-layout-flex wp-container-core-columns-is-layout-9d6595d7 wp-block-columns-is-layout-flex\">\n<div class=\"wp-block-column is-layout-flow wp-block-column-is-layout-flow\">\n<h1 class=\"wp-block-heading has-text-align-center has-large-font-size\">Derechos y deberes del paciente<\/h1>\n\n\n\n<p class=\"has-text-align-center\" style=\"font-size:18px\">Consulta los derechos y deberes de los pacientes, fundamentales para garantizar una atenci\u00f3n de salud \u00e9tica y respetuosa.<br><br><\/p>\n<\/div>\n<\/div>\n<\/div><\/div>\n\n\n\n<div class=\"wp-block-group alignfull hasbackgroundmio prevsaludresponsable\"><div class=\"wp-block-group__inner-container is-layout-flow wp-block-group-is-layout-flow\">\n<div class=\"wp-block-columns is-layout-flex wp-container-core-columns-is-layout-9d6595d7 wp-block-columns-is-layout-flex\">\n<div class=\"wp-block-column is-vertically-aligned-center is-layout-flow wp-block-column-is-layout-flow\" style=\"flex-basis:33.33%\"><div class=\"wp-block-image\">\n<figure class=\"aligncenter size-full is-resized\"><img decoding=\"async\" src=\"https:\/\/riberasalud.com\/ribera-saludaux\/wp-content\/uploads\/2024\/08\/Logo-Ribera-Salud-responsable.png\" alt=\"\" class=\"wp-image-63\" style=\"width:230px\"\/><\/figure>\n<\/div><\/div>\n\n\n\n<div class=\"wp-block-column is-vertically-aligned-center is-layout-flow wp-block-column-is-layout-flow\" style=\"flex-basis:66.66%\">\n<h2 class=\"wp-block-heading has-text-align-left titulofade\">Derechos del paciente<\/h2>\n\n\n\n<p class=\"has-text-align-left\">El paciente tiene derecho a recibir una atenci\u00f3n sanitaria integral de sus problemas de salud, dentro de un funcionamiento eficiente de los recursos sanitarios disponibles.<\/p>\n\n\n\n<p>El paciente tiene derecho al respeto a su personalidad, dignidad humana e intimidad, sin que pueda ser discriminado por razones de tipo social, econ\u00f3mico, moral e ideol\u00f3gico.<\/p>\n\n\n\n<p>El paciente tiene derecho a la confidencialidad de toda la informaci\u00f3n relacionada con su proceso, incluido el secreto de su estancia en otros centros y establecimientos sanitarios, salvo por exigencias legales que lo hagan imprescindibles.<\/p>\n\n\n\n<p>El paciente tiene derecho a recibir informaci\u00f3n, completa y continuada, verbal y escrita, de todo lo relativo a su proceso, incluyendo el diagn\u00f3stico, alternativas de tratamiento y sus riesgos y pron\u00f3stico que ser\u00e1 facilitado en un lenguaje comprensible. En caso de que el paciente no quiera, o no pueda, manifiestamente recibir dicha informaci\u00f3n, \u00e9sta deber\u00e1 facilitarse a los familiares o personas legalmente responsables.<\/p>\n\n\n\n<p>El paciente tiene derecho a la libre determinaci\u00f3n entre las opciones que le presente el responsable m\u00e9dico de su caso, siendo preciso su consentimiento expreso previo a cualquier actuaci\u00f3n, excepto en los siguientes casos:<\/p>\n\n\n\n<ul class=\"wp-block-list\">\n<li>Cuando la urgencia no permita demoras.<\/li>\n\n\n\n<li>Cuando el no seguir el tratamiento suponga un riesgo para la salud p\u00fablica.<\/li>\n<\/ul>\n\n\n\n<p>El paciente tiene derecho al correcto funcionamiento de los servicios asistenciales y administrativos, y a que la estructura del Sanatorio proporcione unas condiciones aceptables de habitabilidad, higiene, alimentaci\u00f3n, seguridad y respeto a la intimidad.<\/p>\n\n\n\n<p>El paciente tendr\u00e1 derecho, en caso de hospitalizaci\u00f3n, a que esta incida lo menos posible, en sus relaciones sociales y personales. Para ello el Hospital Covadonga facilitar\u00e1 un r\u00e9gimen de visitas lo m\u00e1s amplio posible, el acceso a los medios y sistemas de comunicaci\u00f3n y de cultura y la posibilidad de actividades que fomenten las relaciones sociales y el entretenimiento del ocio.<\/p>\n\n\n\n<p>El paciente tiene derecho a recibir cuanta informaci\u00f3n desee sobre los aspectos de las actividades asistenciales que afecten a su proceso y situaciones personales.<\/p>\n\n\n\n<p>El paciente tiene derecho a conocer los cauces formales para presentar reclamaciones, quejas, sugerencias y en general, para comunicarse con la Administraci\u00f3n del centro. Tiene derecho, asimismo, a recibir una respuesta por escrito.<\/p>\n\n\n\n<p>El paciente tiene derecho a causar alta voluntaria en todo momento tras firmar el documento correspondiente, exceptuando los casos recogidos en el art\u00edculo 5 de los Derechos.<\/p>\n\n\n\n<p>El paciente tiene derecho a agotar las posibilidades razonables de superaci\u00f3n de la enfermedad. El Sanatorio proporcionar\u00e1 la ayuda necesaria para su preparaci\u00f3n ante la muerte en los aspectos materiales y espirituales.<\/p>\n\n\n\n<p>El paciente tiene derecho a que el Hospital Covadonga le proporcione:<\/p>\n\n\n\n<ul class=\"wp-block-list\">\n<li>Una asistencia t\u00e9cnica correcta, con personal cualificado.<\/li>\n\n\n\n<li>Un aprovechamiento m\u00e1ximo de los medios disponibles.<\/li>\n\n\n\n<li>Una asistencia con los m\u00ednimos riesgos, dolor y molestias f\u00edsicas y ps\u00edquicas.<\/li>\n<\/ul>\n\n\n\n<p class=\"has-text-align-left\"><\/p>\n<\/div>\n<\/div>\n<\/div><\/div>\n\n\n\n<div class=\"wp-block-group\"><div class=\"wp-block-group__inner-container is-layout-constrained wp-block-group-is-layout-constrained\">\n<div class=\"wp-block-columns is-layout-flex wp-container-core-columns-is-layout-9d6595d7 wp-block-columns-is-layout-flex\">\n<div class=\"wp-block-column is-layout-flow wp-block-column-is-layout-flow\">\n<h2 class=\"wp-block-heading has-text-align-center\"><strong>Deberes del paciente<\/strong><\/h2>\n\n\n\n<ul class=\"wp-block-list\">\n<li>El paciente tiene el deber de colaborar en el cumplimiento de las normas o instrucciones establecidas en el Hospital Covadonga.<\/li>\n\n\n\n<li>El paciente tiene el deber de tratar con el m\u00e1ximo respeto al personal del Hospital Covadonga, los otros enfermos y a sus acompa\u00f1antes.<\/li>\n\n\n\n<li>El paciente tiene el deber de solicitar informaci\u00f3n sobre las normas de funcionamiento del Hospital Covadonga, y los canales de comunicaci\u00f3n (quejas, sugerencias, reclamaciones y preguntas). Debe conocer el nombre de su m\u00e9dico.<\/li>\n\n\n\n<li>El paciente tiene el deber de cuidar las instalaciones y de colaborar en el mantenimiento de la habitabilidad del Hospital Covadonga.<\/li>\n\n\n\n<li>El paciente tiene el deber de firmar el documento de alta voluntaria en los casos de no aceptaci\u00f3n de los m\u00e9todos de tratamiento.<\/li>\n\n\n\n<li>El paciente tiene el deber de responsabilizarse del uso adecuado de las prestaciones ofrecidas por el sistema sanitario, fundamentalmente en lo que se refiere a la utilizaci\u00f3n de servicios, procedimientos de baja laboral o incapacidad permanente y prestaciones farmac\u00e9uticas y sociales.<\/li>\n\n\n\n<li>El paciente tiene el deber de utilizar las v\u00edas de reclamaci\u00f3n y sugerencias.<\/li>\n\n\n\n<li>El paciente tiene el deber de exigir que se cumplan sus derechos.<\/li>\n<\/ul>\n<\/div>\n<\/div>\n\n\n\n<div style=\"height:30px\" aria-hidden=\"true\" class=\"wp-block-spacer\"><\/div>\n<\/div><\/div>\n","protected":false},"excerpt":{"rendered":"<p>Derechos del paciente El paciente tiene derecho a recibir una atenci\u00f3n sanitaria integral de sus problemas de salud, dentro de un funcionamiento eficiente de los recursos sanitarios disponibles. El paciente tiene derecho al respeto a su personalidad, dignidad humana e intimidad, sin que pueda ser discriminado por razones de tipo social, econ\u00f3mico, moral e ideol\u00f3gico. &#8230; <\/p>\n<p class=\"read-more-container\"><a title=\"Derechos y deberes\" class=\"read-more button\" href=\"https:\/\/riberasalud.com\/covadonga\/derechos-y-deberes\/#more-111\" aria-label=\"Leer m\u00e1s sobre Derechos y deberes\">Leer m\u00e1s<\/a><\/p>\n","protected":false},"author":2,"featured_media":0,"parent":0,"menu_order":0,"comment_status":"closed","ping_status":"closed","template":"","meta":{"footnotes":""},"class_list":["post-111","page","type-page","status-publish"],"yoast_head":"<!-- This site is optimized with the Yoast SEO plugin v26.6 - https:\/\/yoast.com\/wordpress\/plugins\/seo\/ -->\n<title>Derechos y deberes - Hospital de Covadonga<\/title>\n<meta name=\"description\" content=\"El hospital Ribera Covadonga forma parte de la red de centros sanitarios del grupo Ribera, con m\u00e1s de 25 a\u00f1os de experiencia en la gesti\u00f3n\" \/>\n<meta name=\"robots\" content=\"index, follow, max-snippet:-1, max-image-preview:large, max-video-preview:-1\" \/>\n<link rel=\"canonical\" href=\"https:\/\/riberasalud.com\/covadonga\/derechos-y-deberes\/\" \/>\n<meta property=\"og:locale\" content=\"es_ES\" \/>\n<meta property=\"og:type\" content=\"article\" \/>\n<meta property=\"og:title\" content=\"Derechos y deberes - Hospital de Covadonga\" \/>\n<meta property=\"og:description\" content=\"El hospital Ribera Covadonga forma parte de la red de centros sanitarios del grupo Ribera, con m\u00e1s de 25 a\u00f1os de experiencia en la gesti\u00f3n\" \/>\n<meta property=\"og:url\" content=\"https:\/\/riberasalud.com\/covadonga\/derechos-y-deberes\/\" \/>\n<meta property=\"og:site_name\" content=\"Hospital de Covadonga\" \/>\n<meta property=\"article:modified_time\" content=\"2024-09-24T15:26:04+00:00\" \/>\n<meta property=\"og:image\" content=\"https:\/\/riberasalud.com\/covadonga\/wp-content\/uploads\/2024\/09\/chequeos.jpg\" \/>\n<meta name=\"twitter:card\" content=\"summary_large_image\" \/>\n<meta name=\"twitter:label1\" content=\"Tiempo de lectura\" \/>\n\t<meta name=\"twitter:data1\" content=\"4 minutos\" \/>\n<script type=\"application\/ld+json\" class=\"yoast-schema-graph\">{\"@context\":\"https:\/\/schema.org\",\"@graph\":[{\"@type\":\"WebPage\",\"@id\":\"https:\/\/riberasalud.com\/covadonga\/derechos-y-deberes\/\",\"url\":\"https:\/\/riberasalud.com\/covadonga\/derechos-y-deberes\/\",\"name\":\"Derechos y deberes - Hospital de Covadonga\",\"isPartOf\":{\"@id\":\"https:\/\/riberasalud.com\/covadonga\/#website\"},\"primaryImageOfPage\":{\"@id\":\"https:\/\/riberasalud.com\/covadonga\/derechos-y-deberes\/#primaryimage\"},\"image\":{\"@id\":\"https:\/\/riberasalud.com\/covadonga\/derechos-y-deberes\/#primaryimage\"},\"thumbnailUrl\":\"https:\/\/riberasalud.com\/covadonga\/wp-content\/uploads\/2024\/09\/chequeos.jpg\",\"datePublished\":\"2024-09-24T15:22:40+00:00\",\"dateModified\":\"2024-09-24T15:26:04+00:00\",\"description\":\"El hospital Ribera Covadonga forma parte de la red de centros sanitarios del grupo Ribera, con m\u00e1s de 25 a\u00f1os de experiencia en la gesti\u00f3n\",\"breadcrumb\":{\"@id\":\"https:\/\/riberasalud.com\/covadonga\/derechos-y-deberes\/#breadcrumb\"},\"inLanguage\":\"es\",\"potentialAction\":[{\"@type\":\"ReadAction\",\"target\":[\"https:\/\/riberasalud.com\/covadonga\/derechos-y-deberes\/\"]}]},{\"@type\":\"ImageObject\",\"inLanguage\":\"es\",\"@id\":\"https:\/\/riberasalud.com\/covadonga\/derechos-y-deberes\/#primaryimage\",\"url\":\"https:\/\/riberasalud.com\/covadonga\/wp-content\/uploads\/2024\/09\/chequeos.jpg\",\"contentUrl\":\"https:\/\/riberasalud.com\/covadonga\/wp-content\/uploads\/2024\/09\/chequeos.jpg\",\"width\":800,\"height\":533,\"caption\":\"chequeos\"},{\"@type\":\"BreadcrumbList\",\"@id\":\"https:\/\/riberasalud.com\/covadonga\/derechos-y-deberes\/#breadcrumb\",\"itemListElement\":[{\"@type\":\"ListItem\",\"position\":1,\"name\":\"Portada\",\"item\":\"https:\/\/riberasalud.com\/covadonga\/\"},{\"@type\":\"ListItem\",\"position\":2,\"name\":\"Derechos y deberes\"}]},{\"@type\":\"WebSite\",\"@id\":\"https:\/\/riberasalud.com\/covadonga\/#website\",\"url\":\"https:\/\/riberasalud.com\/covadonga\/\",\"name\":\"Hospital de Covadonga\",\"description\":\"\",\"publisher\":{\"@id\":\"https:\/\/riberasalud.com\/covadonga\/#organization\"},\"potentialAction\":[{\"@type\":\"SearchAction\",\"target\":{\"@type\":\"EntryPoint\",\"urlTemplate\":\"https:\/\/riberasalud.com\/covadonga\/?s={search_term_string}\"},\"query-input\":{\"@type\":\"PropertyValueSpecification\",\"valueRequired\":true,\"valueName\":\"search_term_string\"}}],\"inLanguage\":\"es\"},{\"@type\":\"Organization\",\"@id\":\"https:\/\/riberasalud.com\/covadonga\/#organization\",\"name\":\"Hospital de Covadonga\",\"url\":\"https:\/\/riberasalud.com\/covadonga\/\",\"logo\":{\"@type\":\"ImageObject\",\"inLanguage\":\"es\",\"@id\":\"https:\/\/riberasalud.com\/covadonga\/#\/schema\/logo\/image\/\",\"url\":\"https:\/\/riberasalud.com\/covadonga\/wp-content\/uploads\/2024\/09\/cropped-LogoCovadonga_Mesa-de-trabajo-1.png\",\"contentUrl\":\"https:\/\/riberasalud.com\/covadonga\/wp-content\/uploads\/2024\/09\/cropped-LogoCovadonga_Mesa-de-trabajo-1.png\",\"width\":734,\"height\":212,\"caption\":\"Hospital de Covadonga\"},\"image\":{\"@id\":\"https:\/\/riberasalud.com\/covadonga\/#\/schema\/logo\/image\/\"}}]}<\/script>\n<!-- \/ Yoast SEO plugin. -->","yoast_head_json":{"title":"Derechos y deberes - Hospital de Covadonga","description":"El hospital Ribera Covadonga forma parte de la red de centros sanitarios del grupo Ribera, con m\u00e1s de 25 a\u00f1os de experiencia en la gesti\u00f3n","robots":{"index":"index","follow":"follow","max-snippet":"max-snippet:-1","max-image-preview":"max-image-preview:large","max-video-preview":"max-video-preview:-1"},"canonical":"https:\/\/riberasalud.com\/covadonga\/derechos-y-deberes\/","og_locale":"es_ES","og_type":"article","og_title":"Derechos y deberes - Hospital de Covadonga","og_description":"El hospital Ribera Covadonga forma parte de la red de centros sanitarios del grupo Ribera, con m\u00e1s de 25 a\u00f1os de experiencia en la gesti\u00f3n","og_url":"https:\/\/riberasalud.com\/covadonga\/derechos-y-deberes\/","og_site_name":"Hospital de Covadonga","article_modified_time":"2024-09-24T15:26:04+00:00","og_image":[{"url":"https:\/\/riberasalud.com\/covadonga\/wp-content\/uploads\/2024\/09\/chequeos.jpg","type":"","width":"","height":""}],"twitter_card":"summary_large_image","twitter_misc":{"Tiempo de lectura":"4 minutos"},"schema":{"@context":"https:\/\/schema.org","@graph":[{"@type":"WebPage","@id":"https:\/\/riberasalud.com\/covadonga\/derechos-y-deberes\/","url":"https:\/\/riberasalud.com\/covadonga\/derechos-y-deberes\/","name":"Derechos y deberes - Hospital de Covadonga","isPartOf":{"@id":"https:\/\/riberasalud.com\/covadonga\/#website"},"primaryImageOfPage":{"@id":"https:\/\/riberasalud.com\/covadonga\/derechos-y-deberes\/#primaryimage"},"image":{"@id":"https:\/\/riberasalud.com\/covadonga\/derechos-y-deberes\/#primaryimage"},"thumbnailUrl":"https:\/\/riberasalud.com\/covadonga\/wp-content\/uploads\/2024\/09\/chequeos.jpg","datePublished":"2024-09-24T15:22:40+00:00","dateModified":"2024-09-24T15:26:04+00:00","description":"El hospital Ribera Covadonga forma parte de la red de centros sanitarios del grupo Ribera, con m\u00e1s de 25 a\u00f1os de experiencia en la gesti\u00f3n","breadcrumb":{"@id":"https:\/\/riberasalud.com\/covadonga\/derechos-y-deberes\/#breadcrumb"},"inLanguage":"es","potentialAction":[{"@type":"ReadAction","target":["https:\/\/riberasalud.com\/covadonga\/derechos-y-deberes\/"]}]},{"@type":"ImageObject","inLanguage":"es","@id":"https:\/\/riberasalud.com\/covadonga\/derechos-y-deberes\/#primaryimage","url":"https:\/\/riberasalud.com\/covadonga\/wp-content\/uploads\/2024\/09\/chequeos.jpg","contentUrl":"https:\/\/riberasalud.com\/covadonga\/wp-content\/uploads\/2024\/09\/chequeos.jpg","width":800,"height":533,"caption":"chequeos"},{"@type":"BreadcrumbList","@id":"https:\/\/riberasalud.com\/covadonga\/derechos-y-deberes\/#breadcrumb","itemListElement":[{"@type":"ListItem","position":1,"name":"Portada","item":"https:\/\/riberasalud.com\/covadonga\/"},{"@type":"ListItem","position":2,"name":"Derechos y deberes"}]},{"@type":"WebSite","@id":"https:\/\/riberasalud.com\/covadonga\/#website","url":"https:\/\/riberasalud.com\/covadonga\/","name":"Hospital de Covadonga","description":"","publisher":{"@id":"https:\/\/riberasalud.com\/covadonga\/#organization"},"potentialAction":[{"@type":"SearchAction","target":{"@type":"EntryPoint","urlTemplate":"https:\/\/riberasalud.com\/covadonga\/?s={search_term_string}"},"query-input":{"@type":"PropertyValueSpecification","valueRequired":true,"valueName":"search_term_string"}}],"inLanguage":"es"},{"@type":"Organization","@id":"https:\/\/riberasalud.com\/covadonga\/#organization","name":"Hospital de Covadonga","url":"https:\/\/riberasalud.com\/covadonga\/","logo":{"@type":"ImageObject","inLanguage":"es","@id":"https:\/\/riberasalud.com\/covadonga\/#\/schema\/logo\/image\/","url":"https:\/\/riberasalud.com\/covadonga\/wp-content\/uploads\/2024\/09\/cropped-LogoCovadonga_Mesa-de-trabajo-1.png","contentUrl":"https:\/\/riberasalud.com\/covadonga\/wp-content\/uploads\/2024\/09\/cropped-LogoCovadonga_Mesa-de-trabajo-1.png","width":734,"height":212,"caption":"Hospital de Covadonga"},"image":{"@id":"https:\/\/riberasalud.com\/covadonga\/#\/schema\/logo\/image\/"}}]}},"_links":{"self":[{"href":"https:\/\/riberasalud.com\/covadonga\/wp-json\/wp\/v2\/pages\/111","targetHints":{"allow":["GET"]}}],"collection":[{"href":"https:\/\/riberasalud.com\/covadonga\/wp-json\/wp\/v2\/pages"}],"about":[{"href":"https:\/\/riberasalud.com\/covadonga\/wp-json\/wp\/v2\/types\/page"}],"author":[{"embeddable":true,"href":"https:\/\/riberasalud.com\/covadonga\/wp-json\/wp\/v2\/users\/2"}],"replies":[{"embeddable":true,"href":"https:\/\/riberasalud.com\/covadonga\/wp-json\/wp\/v2\/comments?post=111"}],"version-history":[{"count":6,"href":"https:\/\/riberasalud.com\/covadonga\/wp-json\/wp\/v2\/pages\/111\/revisions"}],"predecessor-version":[{"id":118,"href":"https:\/\/riberasalud.com\/covadonga\/wp-json\/wp\/v2\/pages\/111\/revisions\/118"}],"wp:attachment":[{"href":"https:\/\/riberasalud.com\/covadonga\/wp-json\/wp\/v2\/media?parent=111"}],"curies":[{"name":"wp","href":"https:\/\/api.w.org\/{rel}","templated":true}]}}