{"id":511,"date":"2025-05-05T15:28:41","date_gmt":"2025-05-05T15:28:41","guid":{"rendered":"https:\/\/www.riberasalud.com\/concurso-higiene-manos\/?page_id=511"},"modified":"2025-05-06T07:09:55","modified_gmt":"2025-05-06T07:09:55","slug":"concurso","status":"publish","type":"page","link":"https:\/\/riberasalud.com\/concurso-higiene-manos\/concurso\/","title":{"rendered":"Concurso"},"content":{"rendered":"\n<div class=\"wp-block-group\"><div class=\"wp-block-group__inner-container is-layout-constrained wp-block-group-is-layout-constrained\">\n<div class=\"wp-block-columns is-layout-flex wp-container-core-columns-is-layout-9d6595d7 wp-block-columns-is-layout-flex\">\n<div class=\"wp-block-column is-layout-flow wp-block-column-is-layout-flow\" id=\"form\">\n<h2 class=\"wp-block-heading has-text-align-center\"><strong>Concurso Fotograf\u00eda y Lema <\/strong>D\u00eda mundial Higiene de manos<\/h2>\n\n\n\n<p class=\"has-text-align-center\">\u00a1Participa! Lanzamos un concurso de<strong> fotograf\u00eda y lema con motivo del D\u00eda Mundial de la Higiene de Manos<\/strong>. Comparte con nosotros las fotograf\u00edas y las mejores frases que reflejen nuestro compromiso en la prevenci\u00f3n de infecciones y la mejora de la seguridad del paciente.<\/p>\n\n\n\n<p class=\"has-text-align-center\">El concurso esta abierto a todos los profesionales del Grupo sanitario Ribera. Un jurado valorar\u00e1 todas las fotograf\u00edas y lemas propuestos y el 2 de junio anunciaremos los ganadores. El grupo sanitario Ribera har\u00e1 un donativo de 100 euros a la causa social que el autor del mejor conjunto Fotograf\u00eda + Lema elija. <\/p>\n\n\n\n<div class=\"wp-block-group grupoformulario\"><div class=\"wp-block-group__inner-container is-layout-flow wp-block-group-is-layout-flow\">\n<div class=\"wp-block-contact-form-7-contact-form-selector\">\n<div class=\"wpcf7 no-js\" id=\"wpcf7-f479-o1\" lang=\"es-ES\" dir=\"ltr\" data-wpcf7-id=\"479\">\n<div class=\"screen-reader-response\"><p role=\"status\" aria-live=\"polite\" aria-atomic=\"true\"><\/p> <ul><\/ul><\/div>\n<form action=\"\/concurso-higiene-manos\/wp-json\/wp\/v2\/pages\/511#wpcf7-f479-o1\" method=\"post\" class=\"wpcf7-form init\" aria-label=\"Formulario de contacto\" enctype=\"multipart\/form-data\" novalidate=\"novalidate\" data-status=\"init\">\n<div style=\"display: none;\">\n<input type=\"hidden\" name=\"_wpcf7\" value=\"479\" \/>\n<input type=\"hidden\" name=\"_wpcf7_version\" value=\"6.0.6\" \/>\n<input type=\"hidden\" name=\"_wpcf7_locale\" value=\"es_ES\" \/>\n<input type=\"hidden\" name=\"_wpcf7_unit_tag\" value=\"wpcf7-f479-o1\" \/>\n<input type=\"hidden\" name=\"_wpcf7_container_post\" value=\"0\" \/>\n<input type=\"hidden\" name=\"_wpcf7_posted_data_hash\" value=\"\" \/>\n<input type=\"hidden\" name=\"_wpcf7cf_hidden_group_fields\" value=\"[]\" \/>\n<input type=\"hidden\" name=\"_wpcf7cf_hidden_groups\" value=\"[]\" \/>\n<input type=\"hidden\" name=\"_wpcf7cf_visible_groups\" value=\"[]\" \/>\n<input type=\"hidden\" name=\"_wpcf7cf_repeaters\" value=\"[]\" \/>\n<input type=\"hidden\" name=\"_wpcf7cf_steps\" value=\"{}\" \/>\n<input type=\"hidden\" name=\"_wpcf7cf_options\" value=\"{&quot;form_id&quot;:479,&quot;conditions&quot;:[{&quot;then_field&quot;:&quot;-1&quot;,&quot;and_rules&quot;:[{&quot;if_field&quot;:&quot;-1&quot;,&quot;operator&quot;:&quot;equals&quot;,&quot;if_value&quot;:&quot;Nefrosol&quot;}]}],&quot;settings&quot;:{&quot;animation&quot;:&quot;yes&quot;,&quot;animation_intime&quot;:200,&quot;animation_outtime&quot;:200,&quot;conditions_ui&quot;:&quot;normal&quot;,&quot;notice_dismissed&quot;:false,&quot;notice_dismissed_update-cf7-5.5.3&quot;:true,&quot;notice_dismissed_update-cf7-6.0.6&quot;:true}}\" \/>\n<\/div>\n<p><label><strong>DATOS PARTICIPANTE<\/strong><\/label>\n<\/p>\n<p><span class=\"wpcf7-form-control-wrap\" data-name=\"your-name\"><input size=\"40\" maxlength=\"400\" class=\"wpcf7-form-control wpcf7-text wpcf7-validates-as-required\" aria-required=\"true\" aria-invalid=\"false\" placeholder=\"Nombre y apellidos\" value=\"\" type=\"text\" name=\"your-name\" \/><\/span>\n<\/p>\n<p><span class=\"wpcf7-form-control-wrap\" data-name=\"text-servicios\"><input size=\"40\" maxlength=\"400\" class=\"wpcf7-form-control wpcf7-text wpcf7-validates-as-required\" aria-required=\"true\" aria-invalid=\"false\" placeholder=\"Centro al que pertenece\" value=\"\" type=\"text\" name=\"text-servicios\" \/><\/span>\n<\/p>\n<p><span class=\"wpcf7-form-control-wrap\" data-name=\"your-email\"><input size=\"40\" maxlength=\"400\" class=\"wpcf7-form-control wpcf7-email wpcf7-validates-as-required wpcf7-text wpcf7-validates-as-email\" aria-required=\"true\" aria-invalid=\"false\" placeholder=\"Email\" value=\"\" type=\"email\" name=\"your-email\" \/><\/span>\n<\/p>\n<p><span class=\"wpcf7-form-control-wrap\" data-name=\"your-lema\"><input size=\"40\" maxlength=\"400\" class=\"wpcf7-form-control wpcf7-text wpcf7-validates-as-required\" aria-required=\"true\" aria-invalid=\"false\" placeholder=\"Lema\" value=\"\" type=\"text\" name=\"your-lema\" \/><\/span>\n<\/p>\n<p><span class=\"wpcf7-form-control-wrap\" data-name=\"file-773\"><input size=\"40\" class=\"wpcf7-form-control wpcf7-file wpcf7-validates-as-required\" accept=\"audio\/*,video\/*,image\/*\" aria-required=\"true\" aria-invalid=\"false\" type=\"file\" name=\"file-773\" \/><\/span>\n<\/p>\n<p>La imagen debe ser en 16:9 y tener una resoluci\u00f3n de 300ppp\n<\/p>\n<p><span class=\"wpcf7-form-control-wrap\" data-name=\"acceptance-656\"><span class=\"wpcf7-form-control wpcf7-acceptance\"><span class=\"wpcf7-list-item\"><label><input type=\"checkbox\" name=\"acceptance-656\" value=\"1\" aria-invalid=\"false\" \/><span class=\"wpcf7-list-item-label\">Acepto las <a href=\"https:\/\/riberasalud.com\/concurso-higiene-manos\/bases-concurso\/\" target=\"_blank\">bases legales<\/a> del concurso y la <a href=\"https:\/\/riberasalud.com\/concurso-higiene-manos\/politica-de-proteccion-de-datos\/\" target=\"_blank\">pol\u00edtica de privacidad<\/a><\/span><\/label><\/span><\/span><\/span>\n<\/p>\n<p><input class=\"wpcf7-form-control wpcf7-submit has-spinner\" type=\"submit\" value=\"Enviar\" \/>\n<\/p><input type='hidden' class='wpcf7-pum' value='{\"closepopup\":false,\"closedelay\":0,\"openpopup\":false,\"openpopup_id\":0}' \/><div class=\"wpcf7-response-output\" aria-hidden=\"true\"><\/div>\n<\/form>\n<\/div>\n<\/div>\n<\/div><\/div>\n<\/div>\n<\/div>\n<\/div><\/div>\n","protected":false},"excerpt":{"rendered":"<p>Concurso Fotograf\u00eda y Lema D\u00eda mundial Higiene de manos \u00a1Participa! Lanzamos un concurso de fotograf\u00eda y lema con motivo del D\u00eda Mundial de la Higiene de Manos. Comparte con nosotros las fotograf\u00edas y las mejores frases que reflejen nuestro compromiso en la prevenci\u00f3n de infecciones y la mejora de la seguridad del paciente. El concurso &#8230; <a title=\"Concurso\" class=\"read-more\" href=\"https:\/\/riberasalud.com\/concurso-higiene-manos\/concurso\/\" aria-label=\"Leer m\u00e1s sobre Concurso\">Leer m\u00e1s<\/a><\/p>\n","protected":false},"author":2,"featured_media":0,"parent":0,"menu_order":0,"comment_status":"closed","ping_status":"closed","template":"","meta":{"footnotes":""},"class_list":["post-511","page","type-page","status-publish"],"_links":{"self":[{"href":"https:\/\/riberasalud.com\/concurso-higiene-manos\/wp-json\/wp\/v2\/pages\/511","targetHints":{"allow":["GET"]}}],"collection":[{"href":"https:\/\/riberasalud.com\/concurso-higiene-manos\/wp-json\/wp\/v2\/pages"}],"about":[{"href":"https:\/\/riberasalud.com\/concurso-higiene-manos\/wp-json\/wp\/v2\/types\/page"}],"author":[{"embeddable":true,"href":"https:\/\/riberasalud.com\/concurso-higiene-manos\/wp-json\/wp\/v2\/users\/2"}],"replies":[{"embeddable":true,"href":"https:\/\/riberasalud.com\/concurso-higiene-manos\/wp-json\/wp\/v2\/comments?post=511"}],"version-history":[{"count":3,"href":"https:\/\/riberasalud.com\/concurso-higiene-manos\/wp-json\/wp\/v2\/pages\/511\/revisions"}],"predecessor-version":[{"id":524,"href":"https:\/\/riberasalud.com\/concurso-higiene-manos\/wp-json\/wp\/v2\/pages\/511\/revisions\/524"}],"wp:attachment":[{"href":"https:\/\/riberasalud.com\/concurso-higiene-manos\/wp-json\/wp\/v2\/media?parent=511"}],"curies":[{"name":"wp","href":"https:\/\/api.w.org\/{rel}","templated":true}]}}