{"id":3,"date":"2021-09-27T14:29:44","date_gmt":"2021-09-27T14:29:44","guid":{"rendered":"https:\/\/riberasalud.com\/dia-de-la-sonrisa\/?page_id=3"},"modified":"2025-05-05T13:17:41","modified_gmt":"2025-05-05T13:17:41","slug":"bases-concurso","status":"publish","type":"page","link":"https:\/\/riberasalud.com\/concurso-higiene-manos\/bases-concurso\/","title":{"rendered":"Bases concurso"},"content":{"rendered":"\n<p style=\"font-size:19px\"><strong><span class=\"ugb-highlight\" style=\"color: #d71128;\"><strong>Concurso Fotograf\u00eda y Lema D\u00eda mundial Higiene de manos<\/strong><\/span><\/strong><\/p>\n\n\n\n<h2 class=\"wp-block-heading\"><strong>1. Tema<\/strong><\/h2>\n\n\n\n<p>El concurso de&nbsp;<strong>fotograf\u00eda y lema con motivo del D\u00eda Mundial de la Higiene de Manos<\/strong>\u201d tiene como objetivo resaltar la importancia de la Higiene de Manos en la prevenci\u00f3n de infecciones y la mejora de la seguridad del paciente a trav\u00e9s de la captura de las mejores frases que reflejen compromiso responsable con la salud del grupo sanitario Ribera.<\/p>\n\n\n\n<h2 class=\"wp-block-heading\"><strong>2. Participantes<\/strong><\/h2>\n\n\n\n<p>El concurso est\u00e1 abierto a todos los empleados del grupo sanitario Ribera.<\/p>\n\n\n\n<h2 class=\"wp-block-heading\"><strong>3. Requisitos T\u00e9cnicos<\/strong><\/h2>\n\n\n\n<p>Cada participante puede enviar hasta un m\u00e1ximo de candidaturas (Lema+ frase).<br>Tanto las fotograf\u00edas como el lema, deben de ser originales y de autor\u00eda propia del participante.<br>La extensi\u00f3n m\u00e1xima de la frase ser\u00e1 de 20 palabras.<br>Las fotograf\u00edas deben de ser enviadas en soporte digital formato (JPEG) con una resoluci\u00f3n m\u00ednima de 300 ppp y formato 16:9.<\/p>\n\n\n\n<h2 class=\"wp-block-heading\"><strong>4. Proceso de Participaci\u00f3n<\/strong><\/h2>\n\n\n\n<p>Los participantes deben leer y aceptar las bases del concurso antes de realizar la inscripci\u00f3n obligatoria.<br>La inscripci\u00f3n se realizar\u00e1 a trav\u00e9s de una landing page exclusiva que estar\u00e1 disponible durante el per\u00edodo de inscripci\u00f3n.<br>Para inscribirse, los participantes deben completar el formulario en l\u00ednea, proporcionar sus datos personales y adjuntar las frases y las fotograf\u00edas que representen la concienciaci\u00f3n e importancia de la Higiene de manos. Una iniciativa que se enmarca dentro del modelo de \u00abSalud Responsable\u00bb de Ribera<\/p>\n\n\n\n<h2 class=\"wp-block-heading\"><strong>5. Plazo de Presentaci\u00f3n<\/strong><\/h2>\n\n\n\n<p>El plazo para presentar las frases finalizar\u00e1 el 15 de mayo de 2025.<\/p>\n\n\n\n<h2 class=\"wp-block-heading\"><strong>6. Evaluaci\u00f3n y Selecci\u00f3n<\/strong><\/h2>\n\n\n\n<p>Un jurado, compuesto por expertos en Calidad y Medicina Preventiva como representantes del grupo sanitario Ribera, evaluar\u00e1 todas las frases presentadas. Existir\u00e1 un jurado para Espa\u00f1a y otro para Portugal.<br>El fallo del jurado se anunciar\u00e1 el 2 de junio de 2025.<br>En cada pa\u00eds se elegir\u00e1:<br>&#8211; 1 Ganador del mejor conjunto Fotograf\u00eda + Lema.<br>&#8211; 1 Ganador del mejor Lema<br>&#8211; 1 Ganador de la mejor fotograf\u00eda.<\/p>\n\n\n\n<h2 class=\"wp-block-heading\"><strong>7. Premios<\/strong><\/h2>\n\n\n\n<p>Los autores de las candidaturas premiadas recibir\u00e1n un reconocimiento especial por su contribuci\u00f3n y su habilidad para reflejar el compromiso de Ribera Salud en la promoci\u00f3n de la Higiene de manos y la \u00abSalud Responsable\u00bb.<br>El grupo sanitario Ribera har\u00e1 un donativo de 100 euros a la causa social que el autor del mejor conjunto Fotograf\u00eda + Lema elija.<br>Todos los ganadores, recibir\u00e1n un premio simb\u00f3lico.<br>Las candidaturas premiadas ser\u00e1n utilizadas como imagen corporativa de Ribera Salud para la Higiene de Manos hasta la campa\u00f1a de 2026.<\/p>\n\n\n\n<h2 class=\"wp-block-heading\"><strong>8. Derechos de Uso<\/strong><\/h2>\n\n\n\n<p>Los participantes mantienen los derechos de autor de sus frases, pero otorgan al grupo sanitario Ribera el derecho no exclusivo de utilizarlas con fines promocionales y de comunicaci\u00f3n interna, incluida su difusi\u00f3n en medios digitales.<\/p>\n\n\n\n<h2 class=\"wp-block-heading\"><strong>9. Contacto<\/strong><\/h2>\n\n\n\n<p>Para cualquier consulta relacionada con el concurso, los participantes pueden comunicarse con&nbsp;<a href=\"mailto:comunicacion@riberasalud.es\" target=\"_blank\" rel=\"noreferrer noopener\">comunicacion@riberasalud.es<\/a><br>\u00a1\u00a1\u00a1\u00a1Suerte!!!!<\/p>\n","protected":false},"excerpt":{"rendered":"<p>Concurso Fotograf\u00eda y Lema D\u00eda mundial Higiene de manos 1. Tema El concurso de&nbsp;fotograf\u00eda y lema con motivo del D\u00eda Mundial de la Higiene de Manos\u201d tiene como objetivo resaltar la importancia de la Higiene de Manos en la prevenci\u00f3n de infecciones y la mejora de la seguridad del paciente a trav\u00e9s de la captura &#8230; <a title=\"Bases concurso\" class=\"read-more\" href=\"https:\/\/riberasalud.com\/concurso-higiene-manos\/bases-concurso\/\" aria-label=\"Leer m\u00e1s sobre Bases concurso\">Leer m\u00e1s<\/a><\/p>\n","protected":false},"author":1,"featured_media":0,"parent":0,"menu_order":0,"comment_status":"closed","ping_status":"open","template":"","meta":{"footnotes":""},"class_list":["post-3","page","type-page","status-publish"],"_links":{"self":[{"href":"https:\/\/riberasalud.com\/concurso-higiene-manos\/wp-json\/wp\/v2\/pages\/3","targetHints":{"allow":["GET"]}}],"collection":[{"href":"https:\/\/riberasalud.com\/concurso-higiene-manos\/wp-json\/wp\/v2\/pages"}],"about":[{"href":"https:\/\/riberasalud.com\/concurso-higiene-manos\/wp-json\/wp\/v2\/types\/page"}],"author":[{"embeddable":true,"href":"https:\/\/riberasalud.com\/concurso-higiene-manos\/wp-json\/wp\/v2\/users\/1"}],"replies":[{"embeddable":true,"href":"https:\/\/riberasalud.com\/concurso-higiene-manos\/wp-json\/wp\/v2\/comments?post=3"}],"version-history":[{"count":20,"href":"https:\/\/riberasalud.com\/concurso-higiene-manos\/wp-json\/wp\/v2\/pages\/3\/revisions"}],"predecessor-version":[{"id":509,"href":"https:\/\/riberasalud.com\/concurso-higiene-manos\/wp-json\/wp\/v2\/pages\/3\/revisions\/509"}],"wp:attachment":[{"href":"https:\/\/riberasalud.com\/concurso-higiene-manos\/wp-json\/wp\/v2\/media?parent=3"}],"curies":[{"name":"wp","href":"https:\/\/api.w.org\/{rel}","templated":true}]}}