{"id":12,"date":"2021-04-27T13:18:39","date_gmt":"2021-04-27T13:18:39","guid":{"rendered":"http:\/\/riberasalud.com\/concurso-dia-infantil-de-la-familia\/?page_id=2"},"modified":"2025-05-05T15:36:41","modified_gmt":"2025-05-05T15:36:41","slug":"pagina-ejemplo-2","status":"publish","type":"page","link":"https:\/\/riberasalud.com\/concurso-higiene-manos\/","title":{"rendered":"P\u00e1gina de ejemplo"},"content":{"rendered":"\n<div class=\"wp-block-group sliderhome\"><div class=\"wp-block-group__inner-container is-layout-flow wp-block-group-is-layout-flow\">\n<div class=\"wp-block-columns is-layout-flex wp-container-core-columns-is-layout-9d6595d7 wp-block-columns-is-layout-flex\">\n<div class=\"wp-block-column is-vertically-aligned-center is-layout-flow wp-block-column-is-layout-flow\">\n<p class=\"has-base-3-color has-text-color has-link-color wp-elements-e75db2e05801a45fbfbfbab7055db181\">SOMOS GRUPO RIBERA<\/p>\n\n\n\n<h1 class=\"wp-block-heading has-base-3-color has-text-color has-link-color has-x-large-font-size wp-elements-f9a6b19aa3fe87a07a34b44f152a2e5e\"><strong>D\u00eda Mundial de la Higiene de manos ,<\/strong> 5 de mayo<\/h1>\n\n\n\n<p class=\"has-base-3-color has-text-color has-link-color wp-elements-99885b3ff474dc1e7063696908576279\">Celebra con nosotros el d\u00eda de la Higiene de Manos<\/p>\n\n\n\n<p><a href=\"https:\/\/www.riberasalud.com\/concurso-higiene-manos\/concurso\/\" data-type=\"page\" data-id=\"21\">Participar \u2192<\/a><\/p>\n<\/div>\n\n\n\n<div class=\"wp-block-column columnaformulario onlydesktop is-layout-flow wp-block-column-is-layout-flow\"><\/div>\n<\/div>\n<\/div><\/div>\n\n\n\n<div class=\"wp-block-group mb-0\"><div class=\"wp-block-group__inner-container is-layout-flow wp-block-group-is-layout-flow\">\n<p>Las infecciones asociadas a la atenci\u00f3n sanitaria figuran entre los efectos adversos m\u00e1s frecuentes en el contexto de la prestaci\u00f3n de servicios sanitarios: cada a\u00f1o se producen en el mundo 136 millones de casos de infecciones resistentes a los antibi\u00f3ticos asociadas a la atenci\u00f3n sanitaria. <strong>La higiene de las manos salva millones de vidas cada a\u00f1o cuando se realiza en el momento adecuado en los centros sanitarios<\/strong>. Compartir conocimientos sobre la higiene de manos sigue siendo muy importante porque, en \u00faltima instancia, es una forma muy eficaz de detener la propagaci\u00f3n de g\u00e9rmenes nocivos en la asistencia sanitaria.<\/p>\n\n\n\n<p>En Ribera, la higiene de manos no es solo una pr\u00e1ctica: es un compromiso con la seguridad de nuestros pacientes, profesionales y usuarios. Apostamos firmemente por este h\u00e1bito esencial, promoviendo su cumplimiento en cada \u00e1rea y reforzando la formaci\u00f3n continua de nuestro equipo. Porque prevenir infecciones comienza con un gesto tan sencillo como eficaz: lavarse las manos.<\/p>\n\n\n\n<p class=\"has-text-color has-link-color wp-elements-a73a646a4f00d470eae60153a1511e11\" style=\"color:#d71029;font-size:20px\">Te invitamos a participar en el concurso y las actividades de formaci\u00f3n sobre Higiene de manos que hemos preparado.<\/p>\n<\/div><\/div>\n\n\n\n<div class=\"wp-block-group columnasburbuja\"><div class=\"wp-block-group__inner-container is-layout-constrained wp-block-group-is-layout-constrained\">\n<div class=\"wp-block-columns is-layout-flex wp-container-core-columns-is-layout-9d6595d7 wp-block-columns-is-layout-flex\">\n<div class=\"wp-block-column hasbackgroundmio is-layout-flow wp-block-column-is-layout-flow\">\n<h2 class=\"wp-block-heading has-text-align-center titulo\"><strong>Concurso <\/strong>foto y lema<\/h2>\n\n\n\n<p class=\"has-text-align-center parrafo\">Comparte con nosotros fotograf\u00edas y las mejores frases que reflejen nuestro compromiso con la higiene de manos<\/p>\n\n\n\n<p><\/p>\n\n\n\n<p><\/p>\n\n\n\n<p><\/p>\n\n\n\n<p><\/p>\n\n\n\n<p class=\"has-text-align-center boton\"><br><a href=\"https:\/\/www.riberasalud.com\/concurso-higiene-manos\/concurso\/\">Participa<\/a><\/p>\n<\/div>\n\n\n\n<div class=\"wp-block-column hasbackgroundmio is-layout-flow wp-block-column-is-layout-flow\">\n<h2 class=\"wp-block-heading has-text-align-center titulo\"><strong>Taller <\/strong>Higiene de manos<\/h2>\n\n\n\n<p class=\"has-text-align-center parrafo\">Organizado por el \u00e1rea de Calidad y el servicio de Medicina Preventiva del Hospital Ribera Povisa. Abierto para todo el Grupo Ribera<\/p>\n\n\n\n<p class=\"has-text-align-center fecha\">Mi\u00e9rcoles 7 de mayo \u00b7 14:00 a 14:30<\/p>\n\n\n\n<p class=\"has-text-align-center boton\"><a href=\"https:\/\/teams.microsoft.com\/dl\/launcher\/launcher.html?url=%2F_%23%2Fl%2Fmeetup-join%2F19%3Ameeting_NWJiMmI3NmEtOGZjMS00YjgyLTkwNjktNjAzMDM0M2JkZDIw%40thread.v2%2F0%3Fcontext%3D%257b%2522Tid%2522%253a%25222c62cfdf-7b11-4a83-a0a5-1c8ae3d4f5c6%2522%252c%2522Oid%2522%253a%252281f1d846-719b-4932-bdf6-d284c55fc6d1%2522%257d%26anon%3Dtrue&amp;type=meetup-join&amp;deeplinkId=51386c36-d48e-4eeb-b108-8d48c23e70ab&amp;directDl=true&amp;msLaunch=true&amp;enableMobilePage=true&amp;suppressPrompt=true\">Participa<\/a><\/p>\n<\/div>\n\n\n\n<div class=\"wp-block-column hasbackgroundmio is-layout-flow wp-block-column-is-layout-flow\">\n<h2 class=\"wp-block-heading has-text-align-center titulo\"><strong>Curso <\/strong>Higiene de manos<\/h2>\n\n\n\n<p class=\"has-text-align-center parrafo\">Formaci\u00f3n autoguiada en seguridad del<br>paciente: Ministerio de Sanidad del Gobierno de Espa\u00f1a<br><\/p>\n\n\n\n<p class=\"has-text-align-center parrafo\"><br><br><\/p>\n\n\n\n<p class=\"has-text-align-center boton\"><a href=\"https:\/\/cursos.seguridaddelpaciente.es\/login\/index.php\" data-type=\"link\" data-id=\"https:\/\/cursos.seguridaddelpaciente.es\/login\/index.php\">Inscr\u00edbete<\/a><\/p>\n<\/div>\n<\/div>\n<\/div><\/div>\n\n\n\n<div class=\"wp-block-cover bannerhome popmake-432\"><img loading=\"lazy\" decoding=\"async\" width=\"1024\" height=\"320\" class=\"wp-block-cover__image-background wp-image-419 size-large\" alt=\"\" src=\"https:\/\/www.riberasalud.com\/concurso-higiene-manos\/wp-content\/uploads\/2025\/04\/manos-2-1024x320.jpg\" data-object-fit=\"cover\" srcset=\"https:\/\/riberasalud.com\/concurso-higiene-manos\/wp-content\/uploads\/2025\/04\/manos-2-1024x320.jpg 1024w, https:\/\/riberasalud.com\/concurso-higiene-manos\/wp-content\/uploads\/2025\/04\/manos-2-300x94.jpg 300w, https:\/\/riberasalud.com\/concurso-higiene-manos\/wp-content\/uploads\/2025\/04\/manos-2-768x240.jpg 768w, https:\/\/riberasalud.com\/concurso-higiene-manos\/wp-content\/uploads\/2025\/04\/manos-2-1536x480.jpg 1536w, https:\/\/riberasalud.com\/concurso-higiene-manos\/wp-content\/uploads\/2025\/04\/manos-2.jpg 1920w\" sizes=\"auto, (max-width: 1024px) 100vw, 1024px\" \/><span aria-hidden=\"true\" class=\"wp-block-cover__background has-contrast-background-color has-background-dim-40 has-background-dim\"><\/span><div class=\"wp-block-cover__inner-container is-layout-constrained wp-block-cover-is-layout-constrained\">\n<p class=\"has-text-align-center has-large-font-size\">\u00bfHaces una buena higiene de manos?<\/p>\n\n\n<div class=\"wp-block-image\">\n<figure class=\"aligncenter size-full is-resized\"><img loading=\"lazy\" decoding=\"async\" width=\"279\" height=\"279\" src=\"https:\/\/www.riberasalud.com\/concurso-higiene-manos\/wp-content\/uploads\/2025\/04\/play-icon.png\" alt=\"\" class=\"wp-image-420\" style=\"width:127px;height:auto\" srcset=\"https:\/\/riberasalud.com\/concurso-higiene-manos\/wp-content\/uploads\/2025\/04\/play-icon.png 279w, https:\/\/riberasalud.com\/concurso-higiene-manos\/wp-content\/uploads\/2025\/04\/play-icon-150x150.png 150w\" sizes=\"auto, (max-width: 279px) 100vw, 279px\" \/><\/figure>\n<\/div><\/div><\/div>\n\n\n\n<div class=\"wp-block-group\"><div class=\"wp-block-group__inner-container is-layout-constrained wp-block-group-is-layout-constrained\">\n<div class=\"wp-block-columns is-layout-flex wp-container-core-columns-is-layout-9d6595d7 wp-block-columns-is-layout-flex\">\n<div class=\"wp-block-column is-layout-flow wp-block-column-is-layout-flow\" id=\"form\">\n<h2 class=\"wp-block-heading has-text-align-center\"><strong>Concurso Fotograf\u00eda y Lema <\/strong>D\u00eda mundial Higiene de manos<\/h2>\n\n\n\n<p class=\"has-text-align-center\">\u00a1Participa! Lanzamos un concurso de<strong> fotograf\u00eda y lema con motivo del D\u00eda Mundial de la Higiene de Manos<\/strong>. Comparte con nosotros las fotograf\u00edas y las mejores frases que reflejen nuestro compromiso en la prevenci\u00f3n de infecciones y la mejora de la seguridad del paciente.<\/p>\n\n\n\n<p class=\"has-text-align-center\">El concurso esta abierto a todos los profesionales del Grupo sanitario Ribera. Un jurado valorar\u00e1 todas las fotograf\u00edas y lemas propuestos y el 2 de junio anunciaremos los ganadores. El grupo sanitario Ribera har\u00e1 un donativo de 100 euros a la causa social que el autor del mejor conjunto Fotograf\u00eda + Lema elija. <\/p>\n\n\n\n<div class=\"wp-block-group grupoformulario\"><div class=\"wp-block-group__inner-container is-layout-flow wp-block-group-is-layout-flow\">\n<div class=\"wp-block-contact-form-7-contact-form-selector\">\n<div class=\"wpcf7 no-js\" id=\"wpcf7-f479-o1\" lang=\"es-ES\" dir=\"ltr\" data-wpcf7-id=\"479\">\n<div class=\"screen-reader-response\"><p role=\"status\" aria-live=\"polite\" aria-atomic=\"true\"><\/p> <ul><\/ul><\/div>\n<form action=\"\/concurso-higiene-manos\/wp-json\/wp\/v2\/pages\/12#wpcf7-f479-o1\" method=\"post\" class=\"wpcf7-form init\" aria-label=\"Formulario de contacto\" enctype=\"multipart\/form-data\" novalidate=\"novalidate\" data-status=\"init\">\n<div style=\"display: none;\">\n<input type=\"hidden\" name=\"_wpcf7\" value=\"479\" \/>\n<input type=\"hidden\" name=\"_wpcf7_version\" value=\"6.0.6\" \/>\n<input type=\"hidden\" name=\"_wpcf7_locale\" value=\"es_ES\" \/>\n<input type=\"hidden\" name=\"_wpcf7_unit_tag\" value=\"wpcf7-f479-o1\" \/>\n<input type=\"hidden\" name=\"_wpcf7_container_post\" value=\"0\" \/>\n<input type=\"hidden\" name=\"_wpcf7_posted_data_hash\" value=\"\" \/>\n<input type=\"hidden\" name=\"_wpcf7cf_hidden_group_fields\" value=\"[]\" \/>\n<input type=\"hidden\" name=\"_wpcf7cf_hidden_groups\" value=\"[]\" \/>\n<input type=\"hidden\" name=\"_wpcf7cf_visible_groups\" value=\"[]\" \/>\n<input type=\"hidden\" name=\"_wpcf7cf_repeaters\" value=\"[]\" \/>\n<input type=\"hidden\" name=\"_wpcf7cf_steps\" value=\"{}\" \/>\n<input type=\"hidden\" name=\"_wpcf7cf_options\" value=\"{&quot;form_id&quot;:479,&quot;conditions&quot;:[{&quot;then_field&quot;:&quot;-1&quot;,&quot;and_rules&quot;:[{&quot;if_field&quot;:&quot;-1&quot;,&quot;operator&quot;:&quot;equals&quot;,&quot;if_value&quot;:&quot;Nefrosol&quot;}]}],&quot;settings&quot;:{&quot;animation&quot;:&quot;yes&quot;,&quot;animation_intime&quot;:200,&quot;animation_outtime&quot;:200,&quot;conditions_ui&quot;:&quot;normal&quot;,&quot;notice_dismissed&quot;:false,&quot;notice_dismissed_update-cf7-5.5.3&quot;:true,&quot;notice_dismissed_update-cf7-6.0.6&quot;:true}}\" \/>\n<\/div>\n<p><label><strong>DATOS PARTICIPANTE<\/strong><\/label>\n<\/p>\n<p><span class=\"wpcf7-form-control-wrap\" data-name=\"your-name\"><input size=\"40\" maxlength=\"400\" class=\"wpcf7-form-control wpcf7-text wpcf7-validates-as-required\" aria-required=\"true\" aria-invalid=\"false\" placeholder=\"Nombre y apellidos\" value=\"\" type=\"text\" name=\"your-name\" \/><\/span>\n<\/p>\n<p><span class=\"wpcf7-form-control-wrap\" data-name=\"text-servicios\"><input size=\"40\" maxlength=\"400\" class=\"wpcf7-form-control wpcf7-text wpcf7-validates-as-required\" aria-required=\"true\" aria-invalid=\"false\" placeholder=\"Centro al que pertenece\" value=\"\" type=\"text\" name=\"text-servicios\" \/><\/span>\n<\/p>\n<p><span class=\"wpcf7-form-control-wrap\" data-name=\"your-email\"><input size=\"40\" maxlength=\"400\" class=\"wpcf7-form-control wpcf7-email wpcf7-validates-as-required wpcf7-text wpcf7-validates-as-email\" aria-required=\"true\" aria-invalid=\"false\" placeholder=\"Email\" value=\"\" type=\"email\" name=\"your-email\" \/><\/span>\n<\/p>\n<p><span class=\"wpcf7-form-control-wrap\" data-name=\"your-lema\"><input size=\"40\" maxlength=\"400\" class=\"wpcf7-form-control wpcf7-text wpcf7-validates-as-required\" aria-required=\"true\" aria-invalid=\"false\" placeholder=\"Lema\" value=\"\" type=\"text\" name=\"your-lema\" \/><\/span>\n<\/p>\n<p><span class=\"wpcf7-form-control-wrap\" data-name=\"file-773\"><input size=\"40\" class=\"wpcf7-form-control wpcf7-file wpcf7-validates-as-required\" accept=\"audio\/*,video\/*,image\/*\" aria-required=\"true\" aria-invalid=\"false\" type=\"file\" name=\"file-773\" \/><\/span>\n<\/p>\n<p>La imagen debe ser en 16:9 y tener una resoluci\u00f3n de 300ppp\n<\/p>\n<p><span class=\"wpcf7-form-control-wrap\" data-name=\"acceptance-656\"><span class=\"wpcf7-form-control wpcf7-acceptance\"><span class=\"wpcf7-list-item\"><label><input type=\"checkbox\" name=\"acceptance-656\" value=\"1\" aria-invalid=\"false\" \/><span class=\"wpcf7-list-item-label\">Acepto las <a href=\"https:\/\/riberasalud.com\/concurso-higiene-manos\/bases-concurso\/\" target=\"_blank\">bases legales<\/a> del concurso y la <a href=\"https:\/\/riberasalud.com\/concurso-higiene-manos\/politica-de-proteccion-de-datos\/\" target=\"_blank\">pol\u00edtica de privacidad<\/a><\/span><\/label><\/span><\/span><\/span>\n<\/p>\n<p><input class=\"wpcf7-form-control wpcf7-submit has-spinner\" type=\"submit\" value=\"Enviar\" \/>\n<\/p><input type='hidden' class='wpcf7-pum' value='{\"closepopup\":false,\"closedelay\":0,\"openpopup\":false,\"openpopup_id\":0}' \/><div class=\"wpcf7-response-output\" aria-hidden=\"true\"><\/div>\n<\/form>\n<\/div>\n<\/div>\n<\/div><\/div>\n<\/div>\n<\/div>\n<\/div><\/div>\n","protected":false},"excerpt":{"rendered":"<p>SOMOS GRUPO RIBERA D\u00eda Mundial de la Higiene de manos , 5 de mayo Celebra con nosotros el d\u00eda de la Higiene de Manos Participar \u2192 Las infecciones asociadas a la atenci\u00f3n sanitaria figuran entre los efectos adversos m\u00e1s frecuentes en el contexto de la prestaci\u00f3n de servicios sanitarios: cada a\u00f1o se producen en el &#8230; <a title=\"P\u00e1gina de ejemplo\" class=\"read-more\" href=\"https:\/\/riberasalud.com\/concurso-higiene-manos\/\" aria-label=\"Leer m\u00e1s sobre P\u00e1gina de ejemplo\">Leer m\u00e1s<\/a><\/p>\n","protected":false},"author":1,"featured_media":0,"parent":0,"menu_order":0,"comment_status":"closed","ping_status":"open","template":"","meta":{"footnotes":""},"class_list":["post-12","page","type-page","status-publish"],"_links":{"self":[{"href":"https:\/\/riberasalud.com\/concurso-higiene-manos\/wp-json\/wp\/v2\/pages\/12","targetHints":{"allow":["GET"]}}],"collection":[{"href":"https:\/\/riberasalud.com\/concurso-higiene-manos\/wp-json\/wp\/v2\/pages"}],"about":[{"href":"https:\/\/riberasalud.com\/concurso-higiene-manos\/wp-json\/wp\/v2\/types\/page"}],"author":[{"embeddable":true,"href":"https:\/\/riberasalud.com\/concurso-higiene-manos\/wp-json\/wp\/v2\/users\/1"}],"replies":[{"embeddable":true,"href":"https:\/\/riberasalud.com\/concurso-higiene-manos\/wp-json\/wp\/v2\/comments?post=12"}],"version-history":[{"count":78,"href":"https:\/\/riberasalud.com\/concurso-higiene-manos\/wp-json\/wp\/v2\/pages\/12\/revisions"}],"predecessor-version":[{"id":515,"href":"https:\/\/riberasalud.com\/concurso-higiene-manos\/wp-json\/wp\/v2\/pages\/12\/revisions\/515"}],"wp:attachment":[{"href":"https:\/\/riberasalud.com\/concurso-higiene-manos\/wp-json\/wp\/v2\/media?parent=12"}],"curies":[{"name":"wp","href":"https:\/\/api.w.org\/{rel}","templated":true}]}}