{"id":92,"date":"2021-04-30T12:07:49","date_gmt":"2021-04-30T12:07:49","guid":{"rendered":"https:\/\/riberasalud.com\/concurso-dia-infantil-de-la-familia\/?page_id=92"},"modified":"2021-04-30T12:07:49","modified_gmt":"2021-04-30T12:07:49","slug":"politica-de-proteccion-de-datos","status":"publish","type":"page","link":"https:\/\/riberasalud.com\/concurso-adornos-navidad\/politica-de-proteccion-de-datos\/","title":{"rendered":"Pol\u00edtica de Protecci\u00f3n de Datos"},"content":{"rendered":"\n<p>En cumplimiento del Reglamento UE 2016\/679 General de Protecci\u00f3n de Datos, (en adelante, \u201cRGPD\u201d) y la Ley Org\u00e1nica 3\/2018 de 5 de diciembre de Protecci\u00f3n de Datos Personales y garant\u00eda de los derechos digitales, por medio de la presente se informa al usuario sobre la forma en que RIBERA SALUD, S.A (en adelante, \u201cRIBERA SALUD\u201d) recaba y trata los datos de car\u00e1cter personal a trav\u00e9s de la p\u00e1gina web&nbsp;<a href=\"http:\/\/www.riberasalud.com\/\">www.riberasalud.com<\/a>.<\/p>\n\n\n\n<p><strong>I.- Identificaci\u00f3n del Responsable.<\/strong><\/p>\n\n\n\n<p>El Responsable del Tratamiento de los datos personales del usuario es RIBERA SALUD S.A con NIF A-03681186 y domicilio social en Avenida de las Cortes Valencianas, n\u00famero 58, Edificio Sorolla Center, C.P. 46015 de Valencia.<\/p>\n\n\n\n<p>El tel\u00e9fono de contacto es +34 963 462 591 y la direcci\u00f3n de correo electr\u00f3nico<a href=\"mailto:info@riberasalud.es\">info@riberasalud.es<\/a>.<\/p>\n\n\n\n<p>Para cualquier cuesti\u00f3n relacionada con la presente pol\u00edtica de privacidad, el usuario podr\u00e1 ponerse en contacto con el delegado de protecci\u00f3n de datos del Grupo RIBERA SALUD enviando un email a&nbsp;<a href=\"mailto:dpo@riberasalud.es\">dpo@riberasalud.es<\/a>.<\/p>\n\n\n\n<p><strong>II.- Fines del tratamiento y base jur\u00eddica.<\/strong><\/p>\n\n\n\n<p>La base jur\u00eddica para el tratamiento de los datos personales es el consentimiento del padre\/madre\/tutor del menor. Se trataran, los datos m\u00ednimos necesarios para las finalidades del tratamiento de datos que se describen a continuaci\u00f3n:<\/p>\n\n\n\n<p>\u00b7&nbsp;&nbsp;&nbsp;&nbsp;&nbsp;&nbsp;&nbsp;Gestionar las candidaturas de los menores presentadas al concurso de dibujo infantil.<\/p>\n\n\n\n<p>\u00b7&nbsp;&nbsp;&nbsp;&nbsp;&nbsp;&nbsp;&nbsp;Posibilitar la atenci\u00f3n de solicitudes de informaci\u00f3n solicitadas por correo electr\u00f3nico.<\/p>\n\n\n\n<p><strong>III.- Plazo de conservaci\u00f3n.<\/strong><\/p>\n\n\n\n<p>RIBERA SALUD conservar\u00e1 los datos personales de los usuarios durante el tiempo necesario para la realizaci\u00f3n de las finalidades para las que fueron recogidos salvo que se oponga al tratamiento o revoque el consentimiento seg\u00fan la finalidad del tratamiento y en todo caso durante el plazo correspondiente para el cumplimiento de las obligaciones legales.<\/p>\n\n\n\n<p><strong>IV.- Ejercicio de Derechos.<\/strong><\/p>\n\n\n\n<p>En cualquier momento, el usuario podr\u00e1 ejercer sus derechos de acceso, rectificaci\u00f3n o supresi\u00f3n, oposici\u00f3n, limitaci\u00f3n y portabilidad de sus datos, directamente enviando su petici\u00f3n por escrito acompa\u00f1ada de fotocopia de D.N.I o documentaci\u00f3n equivalente, al Delegado de Protecci\u00f3n de Datos del Grupo RIBERA SALUD, enviando un email a la siguiente direcci\u00f3n de correo electr\u00f3nico&nbsp;<a href=\"mailto:dpo@riberasalud.es\">dpo@riberasalud.es<\/a>&nbsp;o por correo postal a la siguiente direcci\u00f3n Cortes Valencianas, n\u00famero 58, Edificio Sorolla Center, C\u00f3digo Postal 46015 de Valencia (Espa\u00f1a) bajo el asunto de referencia: \u201c Protecci\u00f3n de Datos\u201d.<\/p>\n\n\n\n<p>Asimismo, se informa al usuario que en caso de considerar que no se ha satisfecho el ejercicio de sus derechos, podr\u00e1 presentar una reclamaci\u00f3n ante la Agencia Espa\u00f1ola de Protecci\u00f3n de Datos. M\u00e1s informaci\u00f3n en&nbsp;<a href=\"http:\/\/www.aepd.es\/\">www.aepd.es<\/a>.<\/p>\n","protected":false},"excerpt":{"rendered":"<p>En cumplimiento del Reglamento UE 2016\/679 General de Protecci\u00f3n de Datos, (en adelante, \u201cRGPD\u201d) y la Ley Org\u00e1nica 3\/2018 de 5 de diciembre de Protecci\u00f3n de Datos Personales y garant\u00eda de los derechos digitales, por medio de la presente se informa al usuario sobre la forma en que RIBERA SALUD, S.A (en adelante, \u201cRIBERA SALUD\u201d) &#8230; <a title=\"Pol\u00edtica de Protecci\u00f3n de Datos\" class=\"read-more\" href=\"https:\/\/riberasalud.com\/concurso-adornos-navidad\/politica-de-proteccion-de-datos\/\" aria-label=\"Leer m\u00e1s sobre Pol\u00edtica de Protecci\u00f3n de Datos\">Leer m\u00e1s<\/a><\/p>\n","protected":false},"author":2,"featured_media":0,"parent":0,"menu_order":0,"comment_status":"closed","ping_status":"closed","template":"","meta":{"footnotes":""},"class_list":["post-92","page","type-page","status-publish"],"_links":{"self":[{"href":"https:\/\/riberasalud.com\/concurso-adornos-navidad\/wp-json\/wp\/v2\/pages\/92","targetHints":{"allow":["GET"]}}],"collection":[{"href":"https:\/\/riberasalud.com\/concurso-adornos-navidad\/wp-json\/wp\/v2\/pages"}],"about":[{"href":"https:\/\/riberasalud.com\/concurso-adornos-navidad\/wp-json\/wp\/v2\/types\/page"}],"author":[{"embeddable":true,"href":"https:\/\/riberasalud.com\/concurso-adornos-navidad\/wp-json\/wp\/v2\/users\/2"}],"replies":[{"embeddable":true,"href":"https:\/\/riberasalud.com\/concurso-adornos-navidad\/wp-json\/wp\/v2\/comments?post=92"}],"version-history":[{"count":0,"href":"https:\/\/riberasalud.com\/concurso-adornos-navidad\/wp-json\/wp\/v2\/pages\/92\/revisions"}],"wp:attachment":[{"href":"https:\/\/riberasalud.com\/concurso-adornos-navidad\/wp-json\/wp\/v2\/media?parent=92"}],"curies":[{"name":"wp","href":"https:\/\/api.w.org\/{rel}","templated":true}]}}