{"id":3,"date":"2021-09-27T14:29:44","date_gmt":"2021-09-27T14:29:44","guid":{"rendered":"https:\/\/riberasalud.com\/dia-de-la-sonrisa\/?page_id=3"},"modified":"2025-11-03T10:29:00","modified_gmt":"2025-11-03T10:29:00","slug":"bases-concurso","status":"publish","type":"page","link":"https:\/\/riberasalud.com\/concurso-adornos-navidad\/bases-concurso\/","title":{"rendered":"Bases concurso"},"content":{"rendered":"\n<p style=\"font-size:19px\"><strong><span style=\"color: #d71128;\" class=\"ugb-highlight\">Concurso \u201cUna navidad en Ribera\u201d<\/span><\/strong><\/p>\n\n\n\n<p><strong><span style=\"color: #d71128;\" class=\"ugb-highlight\">Introducci\u00f3n<\/span><\/strong><\/p>\n\n\n\n<p>Ribera presenta el concurso de adornos de Navidad 2025, dirigido a todos los servicios y departamentos de los diferentes centros del grupo. Desde Ribera se premiar\u00e1 la originalidad y la humanizaci\u00f3n de las instalaciones en estas fechas tan se\u00f1aladas.<br>El Comit\u00e9 de Direcci\u00f3n, el Consejo de Pacientes o el Comit\u00e9 de Humanizaci\u00f3n de cada centro valorar\u00e1 la decoraci\u00f3n navide\u00f1a de los servicios que deseen participar en este concurso teniendo en cuenta cinco variables: originalidad, tem\u00e1tica acorde al servicio, adornos realizados por el propio servicio, uso de materiales sostenibles y utilizaci\u00f3n&nbsp;responsable de las luces. Una representaci\u00f3n de este comit\u00e9 visitar\u00e1 personalmente vuestro servicio para puntuar vuestra decoraci\u00f3n navide\u00f1a.<br><strong>\u00a1Inscribe a tu servicio y competir por ser los m\u00e1s navide\u00f1os!<\/strong>&nbsp;El plazo de inscripci\u00f3n finaliza el d\u00eda 5 de diciembre.<\/p>\n\n\n\n<p><strong><span style=\"color: #d71228;\" class=\"ugb-highlight\">Participaci\u00f3n<\/span><\/strong><\/p>\n\n\n\n<p>Podr\u00e1n participar en el concurso todos los servicios\/departamentos de los centros del grupo Hospital Universitario del Vinalop\u00f3, Hospital Polusa y Cl\u00ednica Santo Domingo,Hospital Juan Cardona y Assistens\u00a0, Hospital Ribera Covadonga, Hospital Universitario de Torrej\u00f3n, Hospital Ribera Povisa, Hospital de Cascais, Ribera Hospital de Molina y Hospital Virgen de la Caridad\u00a0.<\/p>\n\n\n\n<p><strong><span style=\"color: #d71228;\" class=\"ugb-highlight\">Premio<\/span><\/strong><\/p>\n\n\n\n<p>Cesta de navidad valorada en 100 euros.<\/p>\n\n\n\n<p><strong><span style=\"color: #d71228;\" class=\"ugb-highlight\">Criterios de valoraci\u00f3n<\/span><\/strong><\/p>\n\n\n\n<p>Se tendr\u00e1 en cuenta:<\/p>\n\n\n\n<ul class=\"wp-block-list\">\n<li>Originalidad de la decoraci\u00f3n<\/li>\n\n\n\n<li>Uso responsable de luces<\/li>\n\n\n\n<li>Tem\u00e1tica acorde al servicio<\/li>\n\n\n\n<li>Adornos realizados por el propio servicio<\/li>\n\n\n\n<li>Utilizaci\u00f3n de materiales sostenibles<\/li>\n<\/ul>\n\n\n\n<p><strong><span style=\"color: #d71228;\" class=\"ugb-highlight\">Bases del concurso<\/span><\/strong><\/p>\n\n\n\n<ul class=\"wp-block-list\">\n<li>Podr\u00e1n participar en el concurso todos los servicios\/departamentos de los centros del grupo Hospital Universitario del Vinalop\u00f3, Hospital Polusa y Cl\u00ednica Santo Domingo,Hospital Juan Cardona y Assistens\u00a0, Hospital Ribera Covadonga, Hospital Universitario de Torrej\u00f3n, Hospital Ribera Povisa, Hospital de Cascais, Ribera Hospital de Molina y Hospital Virgen de la Caridad. El premio ser\u00e1 grupal y la inscripci\u00f3n debe registrarse por un miembro del servicio.<\/li>\n\n\n\n<li>La inscripci\u00f3n finaliza el d\u00eda 5 de diciembre.<\/li>\n\n\n\n<li>La visita del comit\u00e9 de humanizaci\u00f3n se realizar\u00e1 a partir del 9 de diciembre.<\/li>\n\n\n\n<li>Se escoger\u00e1 un solo ganador, tras la evaluaci\u00f3n de los miembros del comit\u00e9.<\/li>\n\n\n\n<li>Los adornos no pueden da\u00f1ar la infraestructura ni ser molestos para pacientes o profesionales.<\/li>\n\n\n\n<li>Participar en el concurso supone la aceptaci\u00f3n de las bases.<\/li>\n\n\n\n<li>DISFRUTAR de estas fechas&nbsp;\ud83d\ude09<\/li>\n<\/ul>\n","protected":false},"excerpt":{"rendered":"<p>Concurso \u201cUna navidad en Ribera\u201d Introducci\u00f3n Ribera presenta el concurso de adornos de Navidad 2025, dirigido a todos los servicios y departamentos de los diferentes centros del grupo. Desde Ribera se premiar\u00e1 la originalidad y la humanizaci\u00f3n de las instalaciones en estas fechas tan se\u00f1aladas.El Comit\u00e9 de Direcci\u00f3n, el Consejo de Pacientes o el Comit\u00e9 &#8230; <a title=\"Bases concurso\" class=\"read-more\" href=\"https:\/\/riberasalud.com\/concurso-adornos-navidad\/bases-concurso\/\" aria-label=\"Leer m\u00e1s sobre Bases concurso\">Leer m\u00e1s<\/a><\/p>\n","protected":false},"author":1,"featured_media":0,"parent":0,"menu_order":0,"comment_status":"closed","ping_status":"open","template":"","meta":{"footnotes":""},"class_list":["post-3","page","type-page","status-publish"],"_links":{"self":[{"href":"https:\/\/riberasalud.com\/concurso-adornos-navidad\/wp-json\/wp\/v2\/pages\/3","targetHints":{"allow":["GET"]}}],"collection":[{"href":"https:\/\/riberasalud.com\/concurso-adornos-navidad\/wp-json\/wp\/v2\/pages"}],"about":[{"href":"https:\/\/riberasalud.com\/concurso-adornos-navidad\/wp-json\/wp\/v2\/types\/page"}],"author":[{"embeddable":true,"href":"https:\/\/riberasalud.com\/concurso-adornos-navidad\/wp-json\/wp\/v2\/users\/1"}],"replies":[{"embeddable":true,"href":"https:\/\/riberasalud.com\/concurso-adornos-navidad\/wp-json\/wp\/v2\/comments?post=3"}],"version-history":[{"count":20,"href":"https:\/\/riberasalud.com\/concurso-adornos-navidad\/wp-json\/wp\/v2\/pages\/3\/revisions"}],"predecessor-version":[{"id":419,"href":"https:\/\/riberasalud.com\/concurso-adornos-navidad\/wp-json\/wp\/v2\/pages\/3\/revisions\/419"}],"wp:attachment":[{"href":"https:\/\/riberasalud.com\/concurso-adornos-navidad\/wp-json\/wp\/v2\/media?parent=3"}],"curies":[{"name":"wp","href":"https:\/\/api.w.org\/{rel}","templated":true}]}}