{"id":12,"date":"2021-04-27T13:18:39","date_gmt":"2021-04-27T13:18:39","guid":{"rendered":"http:\/\/riberasalud.com\/concurso-dia-infantil-de-la-familia\/?page_id=2"},"modified":"2025-11-18T15:29:16","modified_gmt":"2025-11-18T15:29:16","slug":"pagina-ejemplo-2","status":"publish","type":"page","link":"https:\/\/riberasalud.com\/concurso-adornos-navidad\/","title":{"rendered":"P\u00e1gina de ejemplo"},"content":{"rendered":"\n<div class=\"wp-block-group sliderhome\"><div class=\"wp-block-group__inner-container is-layout-flow wp-block-group-is-layout-flow\">\n<div class=\"wp-block-columns is-layout-flex wp-container-core-columns-is-layout-9d6595d7 wp-block-columns-is-layout-flex\">\n<div class=\"wp-block-column is-vertically-aligned-center is-layout-flow wp-block-column-is-layout-flow\">\n<p>SOMOS GRUPO RIBERA<\/p>\n\n\n\n<h1 class=\"wp-block-heading has-x-large-font-size\"><strong>\u00a1La navidad ya est\u00e1 en marcha, saca el artista que llevas dentro!<\/strong><\/h1>\n\n\n\n<p><a href=\"#form\" data-type=\"page\" data-id=\"21\">Participar \u2192<\/a><\/p>\n<\/div>\n\n\n\n<div class=\"wp-block-column columnaformulario onlydesktop is-layout-flow wp-block-column-is-layout-flow\"><\/div>\n<\/div>\n<\/div><\/div>\n\n\n\n<div class=\"wp-block-group mb-0\"><div class=\"wp-block-group__inner-container is-layout-flow wp-block-group-is-layout-flow\">\n<p>Presentamos una nueva edici\u00f3n del <strong>concurso de adornos de Navidad<\/strong>, dirigido a los diferentes servicios y departamentos de los centros del grupo. Con esta iniciativa nos ayud\u00e1is a humanizar las instalaciones en esas fechas tan especiales.&nbsp;<\/p>\n\n\n\n<p>En cada centro se valorar\u00e1 la decoraci\u00f3n navide\u00f1a de aquellas \u00e1reas que se inscriban en el concurso, teniendo en cuenta cinco variables:&nbsp;<\/p>\n\n\n\n<ol start=\"1\" class=\"wp-block-list\">\n<li>Originalidad&nbsp;<\/li>\n\n\n\n<li>Uso responsable de luces&nbsp;<\/li>\n\n\n\n<li>Tem\u00e1tica acorde al servicio&nbsp;<\/li>\n\n\n\n<li>Adornos realizados por el propio servicio&nbsp;<\/li>\n\n\n\n<li>Utilizaci\u00f3n de materiales sostenibles&nbsp;&nbsp;<\/li>\n<\/ol>\n\n\n\n<p>\ud83d\udd14 \u00a1Ojo con el espumill\u00f3n! Aseg\u00farate de no tapar se\u00f1ales importantes, salidas de emergencia o provocar desperfectos en las instalaciones. \u00a1La seguridad tambi\u00e9n es parte del esp\u00edritu navide\u00f1o!&nbsp;<\/p>\n\n\n\n<p>Desde el 24 de noviembre pod\u00e9is comenzar a decorar las instalaciones, la decoraci\u00f3n de cada departamento ser\u00e1 evaluada a partir del 9 de diciembre por un jurado formado por integrantes del Comit\u00e9 de Direcci\u00f3n, y en su caso, miembros del Comit\u00e9 de Humanizaci\u00f3n. El servicio ganador obtendr\u00e1 un premio que podr\u00e1n disfrutar entre compa\u00f1eros.<\/p>\n\n\n\n<p>En el caso del Hospital Universitario del Vinalop\u00f3 la decoraci\u00f3n de las instalaciones comenzar\u00e1 el lunes 15 de diciembre y el jurado evaluar\u00e1 la decoraci\u00f3n de cada departamento entre los d\u00edas 22 y 23 de diciembre.<\/p>\n\n\n\n<p>Estamos deseando ver las ideas tan originales y creativas con las que nos sorprend\u00e9is cada a\u00f1o.&nbsp;&nbsp;<\/p>\n\n\n\n<p>Inscribe a tu servicio <strong>hasta el pr\u00f3ximo d\u00eda 5 de diciembre<\/strong> y competid por ser los m\u00e1s navide\u00f1os.&nbsp;<\/p>\n\n\n\n<p><a href=\"#form\" data-type=\"page\" data-id=\"21\">Participa \u2192<\/a><\/p>\n<\/div><\/div>\n\n\n\n<div class=\"wp-block-columns is-layout-flex wp-container-core-columns-is-layout-9d6595d7 wp-block-columns-is-layout-flex\">\n<div class=\"wp-block-column is-layout-flow wp-block-column-is-layout-flow\" style=\"flex-basis:16.67%\">\n<figure class=\"wp-block-image size-full\"><img loading=\"lazy\" decoding=\"async\" width=\"533\" height=\"800\" src=\"https:\/\/www.riberasalud.com\/concurso-adornos-navidad\/wp-content\/uploads\/2025\/11\/Navi.jpg\" alt=\"\" class=\"wp-image-425\" srcset=\"https:\/\/riberasalud.com\/concurso-adornos-navidad\/wp-content\/uploads\/2025\/11\/Navi.jpg 533w, https:\/\/riberasalud.com\/concurso-adornos-navidad\/wp-content\/uploads\/2025\/11\/Navi-200x300.jpg 200w\" sizes=\"auto, (max-width: 533px) 100vw, 533px\" \/><\/figure>\n<\/div>\n\n\n\n<div class=\"wp-block-column is-layout-flow wp-block-column-is-layout-flow\" style=\"flex-basis:16.67%\">\n<figure class=\"wp-block-image size-full\"><img loading=\"lazy\" decoding=\"async\" width=\"533\" height=\"800\" src=\"https:\/\/www.riberasalud.com\/concurso-adornos-navidad\/wp-content\/uploads\/2025\/11\/Deco-Navidad-Laboratorio_2.jpg\" alt=\"\" class=\"wp-image-424\" srcset=\"https:\/\/riberasalud.com\/concurso-adornos-navidad\/wp-content\/uploads\/2025\/11\/Deco-Navidad-Laboratorio_2.jpg 533w, https:\/\/riberasalud.com\/concurso-adornos-navidad\/wp-content\/uploads\/2025\/11\/Deco-Navidad-Laboratorio_2-200x300.jpg 200w\" sizes=\"auto, (max-width: 533px) 100vw, 533px\" \/><\/figure>\n<\/div>\n\n\n\n<div class=\"wp-block-column is-layout-flow wp-block-column-is-layout-flow\" style=\"flex-basis:16.67%\">\n<figure class=\"wp-block-image size-full\"><img loading=\"lazy\" decoding=\"async\" width=\"533\" height=\"800\" src=\"https:\/\/www.riberasalud.com\/concurso-adornos-navidad\/wp-content\/uploads\/2025\/11\/Deco-Navidad-Planta.jpg\" alt=\"\" class=\"wp-image-423\" srcset=\"https:\/\/riberasalud.com\/concurso-adornos-navidad\/wp-content\/uploads\/2025\/11\/Deco-Navidad-Planta.jpg 533w, https:\/\/riberasalud.com\/concurso-adornos-navidad\/wp-content\/uploads\/2025\/11\/Deco-Navidad-Planta-200x300.jpg 200w\" sizes=\"auto, (max-width: 533px) 100vw, 533px\" \/><\/figure>\n<\/div>\n\n\n\n<div class=\"wp-block-column is-layout-flow wp-block-column-is-layout-flow\" style=\"flex-basis:16.67%\">\n<figure class=\"wp-block-image size-full\"><img loading=\"lazy\" decoding=\"async\" width=\"533\" height=\"800\" src=\"https:\/\/www.riberasalud.com\/concurso-adornos-navidad\/wp-content\/uploads\/2025\/11\/Deco-Navidad-Rayos-copia.jpg\" alt=\"\" class=\"wp-image-422\" srcset=\"https:\/\/riberasalud.com\/concurso-adornos-navidad\/wp-content\/uploads\/2025\/11\/Deco-Navidad-Rayos-copia.jpg 533w, https:\/\/riberasalud.com\/concurso-adornos-navidad\/wp-content\/uploads\/2025\/11\/Deco-Navidad-Rayos-copia-200x300.jpg 200w\" sizes=\"auto, (max-width: 533px) 100vw, 533px\" \/><\/figure>\n<\/div>\n\n\n\n<div class=\"wp-block-column is-layout-flow wp-block-column-is-layout-flow\" style=\"flex-basis:16.67%\">\n<figure class=\"wp-block-image size-full\"><img loading=\"lazy\" decoding=\"async\" width=\"533\" height=\"800\" src=\"https:\/\/www.riberasalud.com\/concurso-adornos-navidad\/wp-content\/uploads\/2025\/11\/H.DIA_5.jpg\" alt=\"\" class=\"wp-image-421\" srcset=\"https:\/\/riberasalud.com\/concurso-adornos-navidad\/wp-content\/uploads\/2025\/11\/H.DIA_5.jpg 533w, https:\/\/riberasalud.com\/concurso-adornos-navidad\/wp-content\/uploads\/2025\/11\/H.DIA_5-200x300.jpg 200w\" sizes=\"auto, (max-width: 533px) 100vw, 533px\" \/><\/figure>\n<\/div>\n\n\n\n<div class=\"wp-block-column is-layout-flow wp-block-column-is-layout-flow\" style=\"flex-basis:16.67%\">\n<figure class=\"wp-block-image size-full\"><img loading=\"lazy\" decoding=\"async\" width=\"533\" height=\"800\" src=\"https:\/\/www.riberasalud.com\/concurso-adornos-navidad\/wp-content\/uploads\/2025\/11\/WhatsApp-Image-24-12-27-at-15.45.20.jpeg\" alt=\"\" class=\"wp-image-430\" srcset=\"https:\/\/riberasalud.com\/concurso-adornos-navidad\/wp-content\/uploads\/2025\/11\/WhatsApp-Image-24-12-27-at-15.45.20.jpeg 533w, https:\/\/riberasalud.com\/concurso-adornos-navidad\/wp-content\/uploads\/2025\/11\/WhatsApp-Image-24-12-27-at-15.45.20-200x300.jpeg 200w\" sizes=\"auto, (max-width: 533px) 100vw, 533px\" \/><\/figure>\n<\/div>\n<\/div>\n\n\n\n<div id=\"form\" class=\"wp-block-group grupoquinto mt-0\"><div class=\"wp-block-group__inner-container is-layout-flow wp-block-group-is-layout-flow\">\n<div class=\"wp-block-group grupoformulario\"><div class=\"wp-block-group__inner-container is-layout-flow wp-block-group-is-layout-flow\">\n<h2 class=\"wp-block-heading\"><span class=\"ugb-highlight\" style=\"color: #d71029;\"><strong>\u00a1Inscribe a tu servicio y competid por ser los m\u00e1s navide\u00f1os!<\/strong>&nbsp;<\/span><br><span class=\"ugb-highlight\" style=\"color: #d71029;\">El plazo de inscripci\u00f3n finaliza el d\u00eda 5 de diciembre.<\/span><\/h2>\n\n\n\n<div class=\"wp-block-contact-form-7-contact-form-selector\">\n<div class=\"wpcf7 no-js\" id=\"wpcf7-f413-o1\" lang=\"es-ES\" dir=\"ltr\" data-wpcf7-id=\"413\">\n<div class=\"screen-reader-response\"><p role=\"status\" aria-live=\"polite\" aria-atomic=\"true\"><\/p> <ul><\/ul><\/div>\n<form action=\"\/concurso-adornos-navidad\/wp-json\/wp\/v2\/pages\/12#wpcf7-f413-o1\" method=\"post\" class=\"wpcf7-form init\" aria-label=\"Formulario de contacto\" novalidate=\"novalidate\" data-status=\"init\">\n<fieldset class=\"hidden-fields-container\"><input type=\"hidden\" name=\"_wpcf7\" value=\"413\" \/><input type=\"hidden\" name=\"_wpcf7_version\" value=\"6.1.3\" \/><input type=\"hidden\" name=\"_wpcf7_locale\" value=\"es_ES\" \/><input type=\"hidden\" name=\"_wpcf7_unit_tag\" value=\"wpcf7-f413-o1\" \/><input type=\"hidden\" name=\"_wpcf7_container_post\" value=\"0\" \/><input type=\"hidden\" name=\"_wpcf7_posted_data_hash\" value=\"\" \/><input type=\"hidden\" name=\"_wpcf7cf_hidden_group_fields\" value=\"[]\" \/><input type=\"hidden\" name=\"_wpcf7cf_hidden_groups\" value=\"[]\" \/><input type=\"hidden\" name=\"_wpcf7cf_visible_groups\" value=\"[]\" \/><input type=\"hidden\" name=\"_wpcf7cf_repeaters\" value=\"[]\" \/><input type=\"hidden\" name=\"_wpcf7cf_steps\" value=\"{}\" \/><input type=\"hidden\" name=\"_wpcf7cf_options\" value=\"{&quot;form_id&quot;:413,&quot;conditions&quot;:[{&quot;then_field&quot;:&quot;-1&quot;,&quot;and_rules&quot;:[{&quot;if_field&quot;:&quot;menu-196&quot;,&quot;operator&quot;:&quot;equals&quot;,&quot;if_value&quot;:&quot;Nefrosol&quot;}]}],&quot;settings&quot;:{&quot;animation&quot;:&quot;yes&quot;,&quot;animation_intime&quot;:200,&quot;animation_outtime&quot;:200,&quot;conditions_ui&quot;:&quot;normal&quot;,&quot;notice_dismissed&quot;:false,&quot;notice_dismissed_update-cf7-5.5.3&quot;:true}}\" \/>\n<\/fieldset>\n<p><label><strong>DATOS PARTICIPANTE<\/strong><\/label>\n<\/p>\n<p><span class=\"wpcf7-form-control-wrap\" data-name=\"your-name\"><input size=\"40\" maxlength=\"400\" class=\"wpcf7-form-control wpcf7-text wpcf7-validates-as-required\" aria-required=\"true\" aria-invalid=\"false\" placeholder=\"Nombre y apellidos\" value=\"\" type=\"text\" name=\"your-name\" \/><\/span>\n<\/p>\n<p><span class=\"wpcf7-form-control-wrap\" data-name=\"text-servicios\"><input size=\"40\" maxlength=\"400\" class=\"wpcf7-form-control wpcf7-text wpcf7-validates-as-required\" aria-required=\"true\" aria-invalid=\"false\" placeholder=\"Servicios\" value=\"\" type=\"text\" name=\"text-servicios\" \/><\/span>\n<\/p>\n<p><span class=\"wpcf7-form-control-wrap\" data-name=\"text-decoracion\"><input size=\"40\" maxlength=\"400\" class=\"wpcf7-form-control wpcf7-text wpcf7-validates-as-required\" aria-required=\"true\" aria-invalid=\"false\" placeholder=\"Nombre de la decoraci\u00f3n\" value=\"\" type=\"text\" name=\"text-decoracion\" \/><\/span>\n<\/p>\n<p><span class=\"wpcf7-form-control-wrap\" data-name=\"text-planta\"><input size=\"40\" maxlength=\"400\" class=\"wpcf7-form-control wpcf7-text wpcf7-validates-as-required\" aria-required=\"true\" aria-invalid=\"false\" placeholder=\"Planta o ubicaci\u00f3n\" value=\"\" type=\"text\" name=\"text-planta\" \/><\/span>\n<\/p>\n<p><span class=\"wpcf7-form-control-wrap\" data-name=\"menu-196\"><select class=\"wpcf7-form-control wpcf7-select wpcf7-validates-as-required\" aria-required=\"true\" aria-invalid=\"false\" name=\"menu-196\"><option value=\"\">Escoge hospital<\/option><option value=\"Hospital Universitario del Vinalop\u00f3\">Hospital Universitario del Vinalop\u00f3<\/option><option value=\"Hospital de Cascais\">Hospital de Cascais<\/option><option value=\"Hospital Ribera Covadonga\">Hospital Ribera Covadonga<\/option><option value=\"Hospital Universitario de Torrej\u00f3n\">Hospital Universitario de Torrej\u00f3n<\/option><option value=\"Hospital Ribera Povisa\">Hospital Ribera Povisa<\/option><option value=\"Hospital Ribera de Molina\">Hospital Ribera de Molina<\/option><option value=\"Hospital Polusa y Cl\u00ednica Santo Domingo\">Hospital Polusa y Cl\u00ednica Santo Domingo<\/option><option value=\"Hospital Juan Cardona y Assistens\">Hospital Juan Cardona y Assistens<\/option><option value=\"Hospital Virgen de la Caridad\">Hospital Virgen de la Caridad<\/option><\/select><\/span>\n<\/p>\n<p><span class=\"wpcf7-form-control-wrap\" data-name=\"text-centrodesalud\"><input size=\"40\" maxlength=\"400\" class=\"wpcf7-form-control wpcf7-text\" aria-invalid=\"false\" placeholder=\"Centro de salud (si procede)\" value=\"\" type=\"text\" name=\"text-centrodesalud\" \/><\/span>\n<\/p>\n<p><span class=\"wpcf7-form-control-wrap\" data-name=\"your-email\"><input size=\"40\" maxlength=\"400\" class=\"wpcf7-form-control wpcf7-email wpcf7-validates-as-required wpcf7-text wpcf7-validates-as-email\" aria-required=\"true\" aria-invalid=\"false\" placeholder=\"Email\" value=\"\" type=\"email\" name=\"your-email\" \/><\/span>\n<\/p>\n<p><span class=\"wpcf7-form-control-wrap\" data-name=\"acceptance-656\"><span class=\"wpcf7-form-control wpcf7-acceptance\"><span class=\"wpcf7-list-item\"><label><input type=\"checkbox\" name=\"acceptance-656\" value=\"1\" aria-invalid=\"false\" \/><span class=\"wpcf7-list-item-label\">Acepto las <a href=\"https:\/\/riberasalud.com\/concurso-adornos-navidad\/bases-concurso\/\" target=\"_blank\">bases legales<\/a> del concurso y la <a href=\"https:\/\/riberasalud.com\/concurso-adornos-navidad\/politica-de-proteccion-de-datos\/\" target=\"_blank\">pol\u00edtica de privacidad<\/a><\/span><\/label><\/span><\/span><\/span>\n<\/p>\n<p><input class=\"wpcf7-form-control wpcf7-submit has-spinner\" type=\"submit\" value=\"Enviar\" \/>\n<\/p><div class=\"wpcf7-response-output\" aria-hidden=\"true\"><\/div>\n<\/form>\n<\/div>\n<\/div>\n<\/div><\/div>\n<\/div><\/div>\n","protected":false},"excerpt":{"rendered":"<p>SOMOS GRUPO RIBERA \u00a1La navidad ya est\u00e1 en marcha, saca el artista que llevas dentro! Participar \u2192 Presentamos una nueva edici\u00f3n del concurso de adornos de Navidad, dirigido a los diferentes servicios y departamentos de los centros del grupo. Con esta iniciativa nos ayud\u00e1is a humanizar las instalaciones en esas fechas tan especiales.&nbsp; En cada &#8230; <a title=\"P\u00e1gina de ejemplo\" class=\"read-more\" href=\"https:\/\/riberasalud.com\/concurso-adornos-navidad\/\" aria-label=\"Leer m\u00e1s sobre P\u00e1gina de ejemplo\">Leer m\u00e1s<\/a><\/p>\n","protected":false},"author":1,"featured_media":0,"parent":0,"menu_order":0,"comment_status":"closed","ping_status":"open","template":"","meta":{"footnotes":""},"class_list":["post-12","page","type-page","status-publish"],"_links":{"self":[{"href":"https:\/\/riberasalud.com\/concurso-adornos-navidad\/wp-json\/wp\/v2\/pages\/12","targetHints":{"allow":["GET"]}}],"collection":[{"href":"https:\/\/riberasalud.com\/concurso-adornos-navidad\/wp-json\/wp\/v2\/pages"}],"about":[{"href":"https:\/\/riberasalud.com\/concurso-adornos-navidad\/wp-json\/wp\/v2\/types\/page"}],"author":[{"embeddable":true,"href":"https:\/\/riberasalud.com\/concurso-adornos-navidad\/wp-json\/wp\/v2\/users\/1"}],"replies":[{"embeddable":true,"href":"https:\/\/riberasalud.com\/concurso-adornos-navidad\/wp-json\/wp\/v2\/comments?post=12"}],"version-history":[{"count":52,"href":"https:\/\/riberasalud.com\/concurso-adornos-navidad\/wp-json\/wp\/v2\/pages\/12\/revisions"}],"predecessor-version":[{"id":441,"href":"https:\/\/riberasalud.com\/concurso-adornos-navidad\/wp-json\/wp\/v2\/pages\/12\/revisions\/441"}],"wp:attachment":[{"href":"https:\/\/riberasalud.com\/concurso-adornos-navidad\/wp-json\/wp\/v2\/media?parent=12"}],"curies":[{"name":"wp","href":"https:\/\/api.w.org\/{rel}","templated":true}]}}