{"id":506,"date":"2024-10-10T10:44:48","date_gmt":"2024-10-10T08:44:48","guid":{"rendered":"https:\/\/riberasalud.com\/covadonga\/?page_id=506"},"modified":"2026-04-22T13:25:57","modified_gmt":"2026-04-22T11:25:57","slug":"noticias","status":"publish","type":"page","link":"https:\/\/riberasalud.com\/clinica-pasarela\/noticias\/","title":{"rendered":"Noticias"},"content":{"rendered":"\n<div class=\"wp-block-group hasbackgroundnaranja sliderlinea\"><div class=\"wp-block-group__inner-container is-layout-flow wp-block-group-is-layout-flow\">\n<p>TODAS LAS NOTICIAS<\/p>\n\n\n\n<h1 class=\"wp-block-heading\">Noticias de la Cl\u00ednica Ribera Pasarela<\/h1>\n<\/div><\/div>\n\n\n\n<div class=\"wp-block-group entradasall\"><div class=\"wp-block-group__inner-container is-layout-flow wp-block-group-is-layout-flow\">\n<div style=\"height:40px\" aria-hidden=\"true\" class=\"wp-block-spacer\"><\/div>\n\n\n\n<p class=\"has-text-align-center has-medium-font-size\">A continuaci\u00f3n puedes encontrar todas las noticias de nuestra cl\u00ednica<\/p>\n\n\n\n<div class=\"gb-grid-wrapper gb-grid-wrapper-9924ca22 gb-query-loop-wrapper\">\n<div class=\"gb-grid-column gb-grid-column-c553d014 gb-query-loop-item post-3318 post type-post status-publish format-standard has-post-thumbnail hentry category-servicios tag-ampliacion tag-reconocimientos-medicos tag-renovacion tag-servicios\"><div class=\"gb-container gb-container-c553d014\"><div class=\"gb-inside-container\">\n<h2 class=\"gb-headline gb-headline-ea9d3ad1 gb-headline-text\"><a href=\"https:\/\/riberasalud.com\/clinica-pasarela\/ribera-impulsa-la-clinica-pasarela-con-una-renovacion-integral-y-la-ampliacion-de-su-cartera-asistencial\/\">Ribera impulsa la cl\u00ednica Pasarela con una renovaci\u00f3n integral y la ampliaci\u00f3n de su cartera asistencial<\/a><\/h2>\n\n<p class=\"gb-headline gb-headline-ce4a0c4f gb-headline-text\"><time class=\"entry-date published\" datetime=\"2026-04-22T13:43:37+02:00\">22 de abril de 2026<\/time><\/p>\n\n<div class=\"gb-headline gb-headline-aefdd253 gb-headline-text\">El grupo sanitario Ribera ha culminado la remodelaci\u00f3n integral de la antigua cl\u00ednica Pasarela, ahora Ribera Pasarela, marcando una nueva etapa centrada en la excelencia asistencial, la innovaci\u00f3n y la cercan\u00eda al paciente. Este impulso estrat\u00e9gico ha permitido actualizar por completo las instalaciones, adapt\u00e1ndolas a los est\u00e1ndares actuales de confort, accesibilidad y eficiencia, as\u00ed como &#8230; <p class=\"read-more-container\"><a title=\"Ribera impulsa la cl\u00ednica Pasarela con una renovaci\u00f3n integral y la ampliaci\u00f3n de su cartera asistencial\" class=\"read-more button\" href=\"https:\/\/riberasalud.com\/clinica-pasarela\/ribera-impulsa-la-clinica-pasarela-con-una-renovacion-integral-y-la-ampliacion-de-su-cartera-asistencial\/#more-3318\" aria-label=\"Leer m\u00e1s sobre Ribera impulsa la cl\u00ednica Pasarela con una renovaci\u00f3n integral y la ampliaci\u00f3n de su cartera asistencial\">Leer m\u00e1s<\/a><\/p><\/div>\n<\/div><\/div><\/div>\n<\/div>\n\n<div class=\"gb-button-wrapper gb-button-wrapper-8abdd544 gb-query-loop-pagination\">\n\n\n\n\n\n<\/div>\n<\/div><\/div>\n","protected":false},"excerpt":{"rendered":"<p>TODAS LAS NOTICIAS Noticias de la Cl\u00ednica Ribera Pasarela A continuaci\u00f3n puedes encontrar todas las noticias de nuestra cl\u00ednica<\/p>\n","protected":false},"author":3,"featured_media":0,"parent":0,"menu_order":0,"comment_status":"closed","ping_status":"closed","template":"","meta":{"footnotes":""},"class_list":["post-506","page","type-page","status-publish"],"yoast_head":"<!-- This site is optimized with the Yoast SEO plugin v27.4 - https:\/\/yoast.com\/product\/yoast-seo-wordpress\/ -->\n<title>Noticias - Cl\u00ednica Pasarela<\/title>\n<meta name=\"description\" content=\"Tenemos el objetivo de facilitar los\u00a0tr\u00e1mites administrativos\u00a0 a nuestros pacientes para que cuidar de su salud sea m\u00e1s f\u00e1cil\" \/>\n<meta name=\"robots\" content=\"index, follow, max-snippet:-1, max-image-preview:large, max-video-preview:-1\" \/>\n<link rel=\"canonical\" href=\"https:\/\/riberasalud.com\/clinica-pasarela\/noticias\/\" \/>\n<meta property=\"og:locale\" content=\"es_ES\" \/>\n<meta property=\"og:type\" content=\"article\" \/>\n<meta property=\"og:title\" content=\"Noticias - Cl\u00ednica Pasarela\" \/>\n<meta property=\"og:description\" content=\"Tenemos el objetivo de facilitar los\u00a0tr\u00e1mites administrativos\u00a0 a nuestros pacientes para que cuidar de su salud sea m\u00e1s f\u00e1cil\" \/>\n<meta property=\"og:url\" content=\"https:\/\/riberasalud.com\/clinica-pasarela\/noticias\/\" \/>\n<meta property=\"og:site_name\" content=\"Cl\u00ednica Pasarela\" \/>\n<meta property=\"article:modified_time\" content=\"2026-04-22T11:25:57+00:00\" \/>\n<meta name=\"twitter:card\" content=\"summary_large_image\" \/>\n<meta name=\"twitter:label1\" content=\"Tiempo de lectura\" \/>\n\t<meta name=\"twitter:data1\" content=\"1 minuto\" \/>\n<script type=\"application\/ld+json\" class=\"yoast-schema-graph\">{\"@context\":\"https:\\\/\\\/schema.org\",\"@graph\":[{\"@type\":\"WebPage\",\"@id\":\"https:\\\/\\\/riberasalud.com\\\/clinica-pasarela\\\/noticias\\\/\",\"url\":\"https:\\\/\\\/riberasalud.com\\\/clinica-pasarela\\\/noticias\\\/\",\"name\":\"Noticias - Cl\u00ednica Pasarela\",\"isPartOf\":{\"@id\":\"https:\\\/\\\/riberasalud.com\\\/clinica-pasarela\\\/#website\"},\"datePublished\":\"2024-10-10T08:44:48+00:00\",\"dateModified\":\"2026-04-22T11:25:57+00:00\",\"description\":\"Tenemos el objetivo de facilitar los\u00a0tr\u00e1mites administrativos\u00a0 a nuestros pacientes para que cuidar de su salud sea m\u00e1s f\u00e1cil\",\"breadcrumb\":{\"@id\":\"https:\\\/\\\/riberasalud.com\\\/clinica-pasarela\\\/noticias\\\/#breadcrumb\"},\"inLanguage\":\"es\",\"potentialAction\":[{\"@type\":\"ReadAction\",\"target\":[\"https:\\\/\\\/riberasalud.com\\\/clinica-pasarela\\\/noticias\\\/\"]}]},{\"@type\":\"BreadcrumbList\",\"@id\":\"https:\\\/\\\/riberasalud.com\\\/clinica-pasarela\\\/noticias\\\/#breadcrumb\",\"itemListElement\":[{\"@type\":\"ListItem\",\"position\":1,\"name\":\"Portada\",\"item\":\"https:\\\/\\\/riberasalud.com\\\/clinica-pasarela\\\/\"},{\"@type\":\"ListItem\",\"position\":2,\"name\":\"Noticias\"}]},{\"@type\":\"WebSite\",\"@id\":\"https:\\\/\\\/riberasalud.com\\\/clinica-pasarela\\\/#website\",\"url\":\"https:\\\/\\\/riberasalud.com\\\/clinica-pasarela\\\/\",\"name\":\"Cl\u00ednica Pasarela\",\"description\":\"\",\"publisher\":{\"@id\":\"https:\\\/\\\/riberasalud.com\\\/clinica-pasarela\\\/#organization\"},\"potentialAction\":[{\"@type\":\"SearchAction\",\"target\":{\"@type\":\"EntryPoint\",\"urlTemplate\":\"https:\\\/\\\/riberasalud.com\\\/clinica-pasarela\\\/?s={search_term_string}\"},\"query-input\":{\"@type\":\"PropertyValueSpecification\",\"valueRequired\":true,\"valueName\":\"search_term_string\"}}],\"inLanguage\":\"es\"},{\"@type\":\"Organization\",\"@id\":\"https:\\\/\\\/riberasalud.com\\\/clinica-pasarela\\\/#organization\",\"name\":\"Cl\u00ednica Pasarela\",\"url\":\"https:\\\/\\\/riberasalud.com\\\/clinica-pasarela\\\/\",\"logo\":{\"@type\":\"ImageObject\",\"inLanguage\":\"es\",\"@id\":\"https:\\\/\\\/riberasalud.com\\\/clinica-pasarela\\\/#\\\/schema\\\/logo\\\/image\\\/\",\"url\":\"https:\\\/\\\/riberasalud.com\\\/clinica-pasarela\\\/wp-content\\\/uploads\\\/2025\\\/05\\\/cropped-Clinica-Ribera-Pasarela-Logotipo.png\",\"contentUrl\":\"https:\\\/\\\/riberasalud.com\\\/clinica-pasarela\\\/wp-content\\\/uploads\\\/2025\\\/05\\\/cropped-Clinica-Ribera-Pasarela-Logotipo.png\",\"width\":351,\"height\":70,\"caption\":\"Cl\u00ednica Pasarela\"},\"image\":{\"@id\":\"https:\\\/\\\/riberasalud.com\\\/clinica-pasarela\\\/#\\\/schema\\\/logo\\\/image\\\/\"}}]}<\/script>\n<!-- \/ Yoast SEO plugin. -->","yoast_head_json":{"title":"Noticias - Cl\u00ednica Pasarela","description":"Tenemos el objetivo de facilitar los\u00a0tr\u00e1mites administrativos\u00a0 a nuestros pacientes para que cuidar de su salud sea m\u00e1s f\u00e1cil","robots":{"index":"index","follow":"follow","max-snippet":"max-snippet:-1","max-image-preview":"max-image-preview:large","max-video-preview":"max-video-preview:-1"},"canonical":"https:\/\/riberasalud.com\/clinica-pasarela\/noticias\/","og_locale":"es_ES","og_type":"article","og_title":"Noticias - Cl\u00ednica Pasarela","og_description":"Tenemos el objetivo de facilitar los\u00a0tr\u00e1mites administrativos\u00a0 a nuestros pacientes para que cuidar de su salud sea m\u00e1s f\u00e1cil","og_url":"https:\/\/riberasalud.com\/clinica-pasarela\/noticias\/","og_site_name":"Cl\u00ednica Pasarela","article_modified_time":"2026-04-22T11:25:57+00:00","twitter_card":"summary_large_image","twitter_misc":{"Tiempo de lectura":"1 minuto"},"schema":{"@context":"https:\/\/schema.org","@graph":[{"@type":"WebPage","@id":"https:\/\/riberasalud.com\/clinica-pasarela\/noticias\/","url":"https:\/\/riberasalud.com\/clinica-pasarela\/noticias\/","name":"Noticias - Cl\u00ednica Pasarela","isPartOf":{"@id":"https:\/\/riberasalud.com\/clinica-pasarela\/#website"},"datePublished":"2024-10-10T08:44:48+00:00","dateModified":"2026-04-22T11:25:57+00:00","description":"Tenemos el objetivo de facilitar los\u00a0tr\u00e1mites administrativos\u00a0 a nuestros pacientes para que cuidar de su salud sea m\u00e1s f\u00e1cil","breadcrumb":{"@id":"https:\/\/riberasalud.com\/clinica-pasarela\/noticias\/#breadcrumb"},"inLanguage":"es","potentialAction":[{"@type":"ReadAction","target":["https:\/\/riberasalud.com\/clinica-pasarela\/noticias\/"]}]},{"@type":"BreadcrumbList","@id":"https:\/\/riberasalud.com\/clinica-pasarela\/noticias\/#breadcrumb","itemListElement":[{"@type":"ListItem","position":1,"name":"Portada","item":"https:\/\/riberasalud.com\/clinica-pasarela\/"},{"@type":"ListItem","position":2,"name":"Noticias"}]},{"@type":"WebSite","@id":"https:\/\/riberasalud.com\/clinica-pasarela\/#website","url":"https:\/\/riberasalud.com\/clinica-pasarela\/","name":"Cl\u00ednica Pasarela","description":"","publisher":{"@id":"https:\/\/riberasalud.com\/clinica-pasarela\/#organization"},"potentialAction":[{"@type":"SearchAction","target":{"@type":"EntryPoint","urlTemplate":"https:\/\/riberasalud.com\/clinica-pasarela\/?s={search_term_string}"},"query-input":{"@type":"PropertyValueSpecification","valueRequired":true,"valueName":"search_term_string"}}],"inLanguage":"es"},{"@type":"Organization","@id":"https:\/\/riberasalud.com\/clinica-pasarela\/#organization","name":"Cl\u00ednica Pasarela","url":"https:\/\/riberasalud.com\/clinica-pasarela\/","logo":{"@type":"ImageObject","inLanguage":"es","@id":"https:\/\/riberasalud.com\/clinica-pasarela\/#\/schema\/logo\/image\/","url":"https:\/\/riberasalud.com\/clinica-pasarela\/wp-content\/uploads\/2025\/05\/cropped-Clinica-Ribera-Pasarela-Logotipo.png","contentUrl":"https:\/\/riberasalud.com\/clinica-pasarela\/wp-content\/uploads\/2025\/05\/cropped-Clinica-Ribera-Pasarela-Logotipo.png","width":351,"height":70,"caption":"Cl\u00ednica Pasarela"},"image":{"@id":"https:\/\/riberasalud.com\/clinica-pasarela\/#\/schema\/logo\/image\/"}}]}},"_links":{"self":[{"href":"https:\/\/riberasalud.com\/clinica-pasarela\/wp-json\/wp\/v2\/pages\/506","targetHints":{"allow":["GET"]}}],"collection":[{"href":"https:\/\/riberasalud.com\/clinica-pasarela\/wp-json\/wp\/v2\/pages"}],"about":[{"href":"https:\/\/riberasalud.com\/clinica-pasarela\/wp-json\/wp\/v2\/types\/page"}],"author":[{"embeddable":true,"href":"https:\/\/riberasalud.com\/clinica-pasarela\/wp-json\/wp\/v2\/users\/3"}],"replies":[{"embeddable":true,"href":"https:\/\/riberasalud.com\/clinica-pasarela\/wp-json\/wp\/v2\/comments?post=506"}],"version-history":[{"count":7,"href":"https:\/\/riberasalud.com\/clinica-pasarela\/wp-json\/wp\/v2\/pages\/506\/revisions"}],"predecessor-version":[{"id":3316,"href":"https:\/\/riberasalud.com\/clinica-pasarela\/wp-json\/wp\/v2\/pages\/506\/revisions\/3316"}],"wp:attachment":[{"href":"https:\/\/riberasalud.com\/clinica-pasarela\/wp-json\/wp\/v2\/media?parent=506"}],"curies":[{"name":"wp","href":"https:\/\/api.w.org\/{rel}","templated":true}]}}