{"id":501,"date":"2024-10-10T10:43:04","date_gmt":"2024-10-10T08:43:04","guid":{"rendered":"https:\/\/riberasalud.com\/covadonga\/?page_id=501"},"modified":"2026-04-22T14:09:04","modified_gmt":"2026-04-22T12:09:04","slug":"actualidad","status":"publish","type":"page","link":"https:\/\/riberasalud.com\/clinica-pasarela\/actualidad\/","title":{"rendered":"Actualidad"},"content":{"rendered":"\n<div class=\"wp-block-group hasbackgroundnaranja sliderlinea\"><div class=\"wp-block-group__inner-container is-layout-flow wp-block-group-is-layout-flow\">\n<p>SOMOS CL\u00cdNICA RIBERA PASARELA<\/p>\n\n\n\n<h1 class=\"wp-block-heading\">Actualidad<\/h1>\n<\/div><\/div>\n\n\n\n<div class=\"wp-block-group\"><div class=\"wp-block-group__inner-container is-layout-flow wp-block-group-is-layout-flow\">\n<div style=\"height:40px\" aria-hidden=\"true\" class=\"wp-block-spacer\"><\/div>\n\n\n\n<div class=\"gb-grid-wrapper gb-grid-wrapper-9ea9b46a gb-query-loop-wrapper\">\n<div class=\"gb-grid-column gb-grid-column-e5ca27b4 gb-query-loop-item post-3318 post type-post status-publish format-standard has-post-thumbnail hentry category-servicios tag-ampliacion tag-reconocimientos-medicos tag-renovacion tag-servicios\"><div class=\"gb-container gb-container-e5ca27b4\">\n<figure class=\"gb-block-image gb-block-image-7ef10794\"><img loading=\"lazy\" decoding=\"async\" width=\"800\" height=\"533\" src=\"https:\/\/riberasalud.com\/clinica-pasarela\/wp-content\/uploads\/2026\/04\/Dos-profesionales-en-la-clinica-Ribera-Pasarela.jpg\" class=\"gb-image-7ef10794\" alt=\"renovaci\u00f3n servicios m\u00e9dicos pasarela\" srcset=\"https:\/\/riberasalud.com\/clinica-pasarela\/wp-content\/uploads\/2026\/04\/Dos-profesionales-en-la-clinica-Ribera-Pasarela.jpg 800w, https:\/\/riberasalud.com\/clinica-pasarela\/wp-content\/uploads\/2026\/04\/Dos-profesionales-en-la-clinica-Ribera-Pasarela-300x200.jpg 300w, https:\/\/riberasalud.com\/clinica-pasarela\/wp-content\/uploads\/2026\/04\/Dos-profesionales-en-la-clinica-Ribera-Pasarela-768x512.jpg 768w\" sizes=\"auto, (max-width: 800px) 100vw, 800px\" \/><\/figure>\n\n<h2 class=\"gb-headline gb-headline-1be8aeee gb-headline-text\"><a href=\"https:\/\/riberasalud.com\/clinica-pasarela\/ribera-impulsa-la-clinica-pasarela-con-una-renovacion-integral-y-la-ampliacion-de-su-cartera-asistencial\/\">Ribera impulsa la cl\u00ednica Pasarela con una renovaci\u00f3n integral y la ampliaci\u00f3n de su cartera asistencial<\/a><\/h2>\n\n<p class=\"gb-headline gb-headline-a3e5c1f5 gb-headline-text\"><time class=\"entry-date published\" datetime=\"2026-04-22T13:43:37+02:00\">22 de abril de 2026<\/time><\/p>\n<\/div><\/div>\n<\/div>\n\n\n\n<div style=\"height:50px\" aria-hidden=\"true\" class=\"wp-block-spacer\"><\/div>\n\n\n\n<div style=\"height:30px\" aria-hidden=\"true\" class=\"wp-block-spacer onlydesktop\"><\/div>\n\n\n\n<h2 class=\"wp-block-heading has-text-align-center\">A continuaci\u00f3n puedes ver todas nuestras noticias<\/h2>\n\n\n\n<p class=\"has-text-align-center\"><a href=\"https:\/\/riberasalud.com\/clinica-pasarela\/noticias\/\" type=\"page\" id=\"506\">Ver m\u00e1s<\/a><\/p>\n<\/div><\/div>\n\n\n\n<p><\/p>\n","protected":false},"excerpt":{"rendered":"<p>SOMOS CL\u00cdNICA RIBERA PASARELA Actualidad A continuaci\u00f3n puedes ver todas nuestras noticias Ver m\u00e1s<\/p>\n","protected":false},"author":3,"featured_media":0,"parent":0,"menu_order":0,"comment_status":"closed","ping_status":"closed","template":"","meta":{"footnotes":""},"class_list":["post-501","page","type-page","status-publish"],"yoast_head":"<!-- This site is optimized with the Yoast SEO plugin v27.4 - https:\/\/yoast.com\/product\/yoast-seo-wordpress\/ -->\n<title>Actualidad - Cl\u00ednica Pasarela<\/title>\n<meta name=\"description\" content=\"Noticias y avances m\u00e9dicos del hospital: tratamientos, investigaciones, eventos y salud actualizados diariamente.\" \/>\n<meta name=\"robots\" content=\"index, follow, max-snippet:-1, max-image-preview:large, max-video-preview:-1\" \/>\n<link rel=\"canonical\" href=\"https:\/\/riberasalud.com\/clinica-pasarela\/actualidad\/\" \/>\n<meta property=\"og:locale\" content=\"es_ES\" \/>\n<meta property=\"og:type\" content=\"article\" \/>\n<meta property=\"og:title\" content=\"Actualidad - Cl\u00ednica Pasarela\" \/>\n<meta property=\"og:description\" content=\"Noticias y avances m\u00e9dicos del hospital: tratamientos, investigaciones, eventos y salud actualizados diariamente.\" \/>\n<meta property=\"og:url\" content=\"https:\/\/riberasalud.com\/clinica-pasarela\/actualidad\/\" \/>\n<meta property=\"og:site_name\" content=\"Cl\u00ednica Pasarela\" \/>\n<meta property=\"article:modified_time\" content=\"2026-04-22T12:09:04+00:00\" \/>\n<meta name=\"twitter:card\" content=\"summary_large_image\" \/>\n<meta name=\"twitter:label1\" content=\"Tiempo de lectura\" \/>\n\t<meta name=\"twitter:data1\" content=\"1 minuto\" \/>\n<script type=\"application\/ld+json\" class=\"yoast-schema-graph\">{\"@context\":\"https:\\\/\\\/schema.org\",\"@graph\":[{\"@type\":\"WebPage\",\"@id\":\"https:\\\/\\\/riberasalud.com\\\/clinica-pasarela\\\/actualidad\\\/\",\"url\":\"https:\\\/\\\/riberasalud.com\\\/clinica-pasarela\\\/actualidad\\\/\",\"name\":\"Actualidad - Cl\u00ednica Pasarela\",\"isPartOf\":{\"@id\":\"https:\\\/\\\/riberasalud.com\\\/clinica-pasarela\\\/#website\"},\"datePublished\":\"2024-10-10T08:43:04+00:00\",\"dateModified\":\"2026-04-22T12:09:04+00:00\",\"description\":\"Noticias y avances m\u00e9dicos del hospital: tratamientos, investigaciones, eventos y salud actualizados diariamente.\",\"breadcrumb\":{\"@id\":\"https:\\\/\\\/riberasalud.com\\\/clinica-pasarela\\\/actualidad\\\/#breadcrumb\"},\"inLanguage\":\"es\",\"potentialAction\":[{\"@type\":\"ReadAction\",\"target\":[\"https:\\\/\\\/riberasalud.com\\\/clinica-pasarela\\\/actualidad\\\/\"]}]},{\"@type\":\"BreadcrumbList\",\"@id\":\"https:\\\/\\\/riberasalud.com\\\/clinica-pasarela\\\/actualidad\\\/#breadcrumb\",\"itemListElement\":[{\"@type\":\"ListItem\",\"position\":1,\"name\":\"Portada\",\"item\":\"https:\\\/\\\/riberasalud.com\\\/clinica-pasarela\\\/\"},{\"@type\":\"ListItem\",\"position\":2,\"name\":\"Actualidad\"}]},{\"@type\":\"WebSite\",\"@id\":\"https:\\\/\\\/riberasalud.com\\\/clinica-pasarela\\\/#website\",\"url\":\"https:\\\/\\\/riberasalud.com\\\/clinica-pasarela\\\/\",\"name\":\"Cl\u00ednica Pasarela\",\"description\":\"\",\"publisher\":{\"@id\":\"https:\\\/\\\/riberasalud.com\\\/clinica-pasarela\\\/#organization\"},\"potentialAction\":[{\"@type\":\"SearchAction\",\"target\":{\"@type\":\"EntryPoint\",\"urlTemplate\":\"https:\\\/\\\/riberasalud.com\\\/clinica-pasarela\\\/?s={search_term_string}\"},\"query-input\":{\"@type\":\"PropertyValueSpecification\",\"valueRequired\":true,\"valueName\":\"search_term_string\"}}],\"inLanguage\":\"es\"},{\"@type\":\"Organization\",\"@id\":\"https:\\\/\\\/riberasalud.com\\\/clinica-pasarela\\\/#organization\",\"name\":\"Cl\u00ednica Pasarela\",\"url\":\"https:\\\/\\\/riberasalud.com\\\/clinica-pasarela\\\/\",\"logo\":{\"@type\":\"ImageObject\",\"inLanguage\":\"es\",\"@id\":\"https:\\\/\\\/riberasalud.com\\\/clinica-pasarela\\\/#\\\/schema\\\/logo\\\/image\\\/\",\"url\":\"https:\\\/\\\/riberasalud.com\\\/clinica-pasarela\\\/wp-content\\\/uploads\\\/2025\\\/05\\\/cropped-Clinica-Ribera-Pasarela-Logotipo.png\",\"contentUrl\":\"https:\\\/\\\/riberasalud.com\\\/clinica-pasarela\\\/wp-content\\\/uploads\\\/2025\\\/05\\\/cropped-Clinica-Ribera-Pasarela-Logotipo.png\",\"width\":351,\"height\":70,\"caption\":\"Cl\u00ednica Pasarela\"},\"image\":{\"@id\":\"https:\\\/\\\/riberasalud.com\\\/clinica-pasarela\\\/#\\\/schema\\\/logo\\\/image\\\/\"}}]}<\/script>\n<!-- \/ Yoast SEO plugin. -->","yoast_head_json":{"title":"Actualidad - Cl\u00ednica Pasarela","description":"Noticias y avances m\u00e9dicos del hospital: tratamientos, investigaciones, eventos y salud actualizados diariamente.","robots":{"index":"index","follow":"follow","max-snippet":"max-snippet:-1","max-image-preview":"max-image-preview:large","max-video-preview":"max-video-preview:-1"},"canonical":"https:\/\/riberasalud.com\/clinica-pasarela\/actualidad\/","og_locale":"es_ES","og_type":"article","og_title":"Actualidad - Cl\u00ednica Pasarela","og_description":"Noticias y avances m\u00e9dicos del hospital: tratamientos, investigaciones, eventos y salud actualizados diariamente.","og_url":"https:\/\/riberasalud.com\/clinica-pasarela\/actualidad\/","og_site_name":"Cl\u00ednica Pasarela","article_modified_time":"2026-04-22T12:09:04+00:00","twitter_card":"summary_large_image","twitter_misc":{"Tiempo de lectura":"1 minuto"},"schema":{"@context":"https:\/\/schema.org","@graph":[{"@type":"WebPage","@id":"https:\/\/riberasalud.com\/clinica-pasarela\/actualidad\/","url":"https:\/\/riberasalud.com\/clinica-pasarela\/actualidad\/","name":"Actualidad - Cl\u00ednica Pasarela","isPartOf":{"@id":"https:\/\/riberasalud.com\/clinica-pasarela\/#website"},"datePublished":"2024-10-10T08:43:04+00:00","dateModified":"2026-04-22T12:09:04+00:00","description":"Noticias y avances m\u00e9dicos del hospital: tratamientos, investigaciones, eventos y salud actualizados diariamente.","breadcrumb":{"@id":"https:\/\/riberasalud.com\/clinica-pasarela\/actualidad\/#breadcrumb"},"inLanguage":"es","potentialAction":[{"@type":"ReadAction","target":["https:\/\/riberasalud.com\/clinica-pasarela\/actualidad\/"]}]},{"@type":"BreadcrumbList","@id":"https:\/\/riberasalud.com\/clinica-pasarela\/actualidad\/#breadcrumb","itemListElement":[{"@type":"ListItem","position":1,"name":"Portada","item":"https:\/\/riberasalud.com\/clinica-pasarela\/"},{"@type":"ListItem","position":2,"name":"Actualidad"}]},{"@type":"WebSite","@id":"https:\/\/riberasalud.com\/clinica-pasarela\/#website","url":"https:\/\/riberasalud.com\/clinica-pasarela\/","name":"Cl\u00ednica Pasarela","description":"","publisher":{"@id":"https:\/\/riberasalud.com\/clinica-pasarela\/#organization"},"potentialAction":[{"@type":"SearchAction","target":{"@type":"EntryPoint","urlTemplate":"https:\/\/riberasalud.com\/clinica-pasarela\/?s={search_term_string}"},"query-input":{"@type":"PropertyValueSpecification","valueRequired":true,"valueName":"search_term_string"}}],"inLanguage":"es"},{"@type":"Organization","@id":"https:\/\/riberasalud.com\/clinica-pasarela\/#organization","name":"Cl\u00ednica Pasarela","url":"https:\/\/riberasalud.com\/clinica-pasarela\/","logo":{"@type":"ImageObject","inLanguage":"es","@id":"https:\/\/riberasalud.com\/clinica-pasarela\/#\/schema\/logo\/image\/","url":"https:\/\/riberasalud.com\/clinica-pasarela\/wp-content\/uploads\/2025\/05\/cropped-Clinica-Ribera-Pasarela-Logotipo.png","contentUrl":"https:\/\/riberasalud.com\/clinica-pasarela\/wp-content\/uploads\/2025\/05\/cropped-Clinica-Ribera-Pasarela-Logotipo.png","width":351,"height":70,"caption":"Cl\u00ednica Pasarela"},"image":{"@id":"https:\/\/riberasalud.com\/clinica-pasarela\/#\/schema\/logo\/image\/"}}]}},"_links":{"self":[{"href":"https:\/\/riberasalud.com\/clinica-pasarela\/wp-json\/wp\/v2\/pages\/501","targetHints":{"allow":["GET"]}}],"collection":[{"href":"https:\/\/riberasalud.com\/clinica-pasarela\/wp-json\/wp\/v2\/pages"}],"about":[{"href":"https:\/\/riberasalud.com\/clinica-pasarela\/wp-json\/wp\/v2\/types\/page"}],"author":[{"embeddable":true,"href":"https:\/\/riberasalud.com\/clinica-pasarela\/wp-json\/wp\/v2\/users\/3"}],"replies":[{"embeddable":true,"href":"https:\/\/riberasalud.com\/clinica-pasarela\/wp-json\/wp\/v2\/comments?post=501"}],"version-history":[{"count":11,"href":"https:\/\/riberasalud.com\/clinica-pasarela\/wp-json\/wp\/v2\/pages\/501\/revisions"}],"predecessor-version":[{"id":3321,"href":"https:\/\/riberasalud.com\/clinica-pasarela\/wp-json\/wp\/v2\/pages\/501\/revisions\/3321"}],"wp:attachment":[{"href":"https:\/\/riberasalud.com\/clinica-pasarela\/wp-json\/wp\/v2\/media?parent=501"}],"curies":[{"name":"wp","href":"https:\/\/api.w.org\/{rel}","templated":true}]}}