{"id":1826,"date":"2025-02-20T10:58:57","date_gmt":"2025-02-20T09:58:57","guid":{"rendered":"https:\/\/riberasalud.com\/covadonga\/?page_id=1826"},"modified":"2025-11-11T15:39:41","modified_gmt":"2025-11-11T14:39:41","slug":"equipo-medico","status":"publish","type":"page","link":"https:\/\/riberasalud.com\/clinica-pasarela\/equipo-medico\/","title":{"rendered":"Equipo m\u00e9dico"},"content":{"rendered":"\n<div class=\"wp-block-cover alignfull bannerribera\" style=\"min-height:430px;aspect-ratio:unset;\"><img loading=\"lazy\" decoding=\"async\" width=\"1354\" height=\"477\" class=\"wp-block-cover__image-background wp-image-1838\" alt=\"equipo m\u00e9dico\" src=\"https:\/\/riberasalud.com\/covadonga\/wp-content\/uploads\/2025\/02\/portrait-friendly-doctor-isolated-gray.jpg\" data-object-fit=\"cover\" srcset=\"https:\/\/riberasalud.com\/clinica-pasarela\/wp-content\/uploads\/2025\/02\/portrait-friendly-doctor-isolated-gray.jpg 1354w, https:\/\/riberasalud.com\/clinica-pasarela\/wp-content\/uploads\/2025\/02\/portrait-friendly-doctor-isolated-gray-300x106.jpg 300w, https:\/\/riberasalud.com\/clinica-pasarela\/wp-content\/uploads\/2025\/02\/portrait-friendly-doctor-isolated-gray-1024x361.jpg 1024w, https:\/\/riberasalud.com\/clinica-pasarela\/wp-content\/uploads\/2025\/02\/portrait-friendly-doctor-isolated-gray-768x271.jpg 768w\" sizes=\"auto, (max-width: 1354px) 100vw, 1354px\" \/><span aria-hidden=\"true\" class=\"wp-block-cover__background has-contrast-background-color has-background-dim\"><\/span><div class=\"wp-block-cover__inner-container is-layout-constrained wp-block-cover-is-layout-constrained\">\n<div class=\"wp-block-columns is-layout-flex wp-container-core-columns-is-layout-9d6595d7 wp-block-columns-is-layout-flex\">\n<div class=\"wp-block-column is-layout-flow wp-block-column-is-layout-flow\">\n<h1 class=\"wp-block-heading has-text-align-center has-large-font-size\">Equipo m\u00e9dico<\/h1>\n\n\n\n<p class=\"has-text-align-center\" style=\"font-size:18px\">Conoce al equipo m\u00e9dico que te cuidar\u00e1 con atenci\u00f3n personalizada, cercan\u00eda y compromiso en cada consulta<\/p>\n<\/div>\n<\/div>\n<\/div><\/div>\n\n\n\n<div style=\"height:60px\" aria-hidden=\"true\" class=\"wp-block-spacer onlydesktop\"><\/div>\n\n\n\n<div class=\"wp-block-group consultasexternas equipo-medico-listado\"><div class=\"wp-block-group__inner-container is-layout-flow wp-block-group-is-layout-flow\">\n<h2 class=\"wp-block-heading\"><span class=\"ugb-highlight\" style=\"color: #d11728;\">Especialistas de confianza al cuidado de tu salud<\/span><\/h2>\n\n\n\n<p>Evita esperas y <strong>pide tu <a href=\"https:\/\/riberasalud.com\/clinica-pasarela\/contacto\/#citaonline\">Cita Online aqu\u00ed<\/a>, o bien<\/strong> <strong>ll\u00e1manos <\/strong><strong style=\"background-color: var(--base-3); color: var(--contrast);\">al tel\u00e9fono&nbsp;<a href=\"tel:+34961656404\">961 656 404<\/a><\/strong>. Ind\u00edcanos la especialidad por la que deseas ser atendido y gestionaremos tu cita en el horario que mejor se adapte a ti.<\/p>\n\n\n\n<div style=\"height:18px\" aria-hidden=\"true\" class=\"wp-block-spacer\"><\/div>\n\n\n\n<div class=\"wp-block-columns equipo-medico-hr is-layout-flex wp-container-core-columns-is-layout-9d6595d7 wp-block-columns-is-layout-flex\">\n<div class=\"wp-block-column is-layout-flow wp-block-column-is-layout-flow\">\n<h3 class=\"wp-block-heading\"><strong>Alergolog\u00eda<\/strong><\/h3>\n\n\n\n<p>Dra. Laura Mar\u00edn Asensio<\/p>\n\n\n\n<hr class=\"wp-block-separator has-alpha-channel-opacity\"\/>\n\n\n\n<h3 class=\"wp-block-heading\"><strong>An\u00e1lisis Cl\u00ednicos<\/strong><\/h3>\n\n\n\n<p>Laboratorio Dra. M\u00aa Teresa Mar\u00edn P\u00e9rez<\/p>\n\n\n\n<hr class=\"wp-block-separator has-alpha-channel-opacity\"\/>\n\n\n\n<h3 class=\"wp-block-heading\"><strong>Cardiolog\u00eda<\/strong><\/h3>\n\n\n\n<p>Dra. Ydelise Rodr\u00edguez Pichardo<br>Dra. Carla Castillo Soria<\/p>\n\n\n\n<hr class=\"wp-block-separator has-alpha-channel-opacity\"\/>\n\n\n\n<h3 class=\"wp-block-heading\"><strong>Cirug\u00eda General y Aparato Digestivo<\/strong><\/h3>\n\n\n\n<p>Dra. Encarnaci\u00f3n Castillo Garc\u00eda<br>Dr. Javier Lorenzo P\u00e9rez<\/p>\n\n\n\n<hr class=\"wp-block-separator has-alpha-channel-opacity\"\/>\n\n\n\n<h3 class=\"wp-block-heading\"><strong>Dermatolog\u00eda<\/strong><\/h3>\n\n\n\n<p>Dra. Eva Guti\u00e9rrez Paredes<\/p>\n\n\n\n<hr class=\"wp-block-separator has-alpha-channel-opacity\"\/>\n\n\n\n<h3 class=\"wp-block-heading\"><strong>Ecograf\u00eda<\/strong><\/h3>\n\n\n\n<p>Dr. Jos\u00e9 Errando Mariscal<br>Dr. Jose Vicente Quirante Cascales<\/p>\n\n\n\n<hr class=\"wp-block-separator has-alpha-channel-opacity\"\/>\n\n\n\n<h3 class=\"wp-block-heading\"><strong>Enfermer\u00eda<\/strong><\/h3>\n\n\n\n<p>D\u00f1a. \u00c1ngeles Mart\u00ednez Zamora<\/p>\n\n\n\n<hr class=\"wp-block-separator has-alpha-channel-opacity\"\/>\n<\/div>\n\n\n\n<div class=\"wp-block-column is-layout-flow wp-block-column-is-layout-flow\">\n<h3 class=\"wp-block-heading\"><strong>Fisioterapia<\/strong><\/h3>\n\n\n\n<p>D. Francisco Carsi S\u00e1nchez<\/p>\n\n\n\n<hr class=\"wp-block-separator has-alpha-channel-opacity\"\/>\n\n\n\n<h3 class=\"wp-block-heading\"><strong>Ginecolog\u00eda<\/strong><\/h3>\n\n\n\n<p>Dr. Jos\u00e9 Francisco Pardo Hern\u00e1ndez<br>Dra. Lourdes Sala Climent<br>Dra. Marta Garc\u00eda-Gam\u00f3n Valero<\/p>\n\n\n\n<hr class=\"wp-block-separator has-alpha-channel-opacity\"\/>\n\n\n<div class=\"gb-container gb-container-4b7f5cc7\">\n\n<h3 class=\"wp-block-heading\"><strong>Medicina de Familia<\/strong><\/h3>\n\n<\/div>\n\n\n<p>Dr. Jos\u00e9 Luis Rius Bas<br>Dr. Manuel Laza Paulino<br>Dr. Rafael Antonio Carri\u00f3 Esteve<br>Dr. Alejandro Maci\u00e1n Cerd\u00e1<br>Dr. Luis Mancl\u00fas Montoya<\/p>\n\n\n\n<hr class=\"wp-block-separator has-alpha-channel-opacity\"\/>\n\n\n\n<h3 class=\"wp-block-heading\"><strong>Medicina Deportiva<\/strong><\/h3>\n\n\n\n<p>Sergio Calvache Castillo<\/p>\n\n\n\n<hr class=\"wp-block-separator has-alpha-channel-opacity\"\/>\n\n\n\n<h3 class=\"wp-block-heading\"><strong>Neumolog\u00eda<\/strong><\/h3>\n\n\n\n<p>Sergio Calvache Castillo<\/p>\n\n\n\n<hr class=\"wp-block-separator has-alpha-channel-opacity\"\/>\n\n\n\n<h3 class=\"wp-block-heading\"><strong>Nutrici\u00f3n y diet\u00e9tica<\/strong><\/h3>\n\n\n\n<p>Sra. Carla Cuevas Ortega<\/p>\n\n\n\n<hr class=\"wp-block-separator has-alpha-channel-opacity\"\/>\n\n\n\n<h3 class=\"wp-block-heading\"><strong>Oftalmolog\u00eda<\/strong><\/h3>\n\n\n\n<p>Dr. Rub\u00e9n Escudero Igualada<\/p>\n\n\n\n<hr class=\"wp-block-separator has-alpha-channel-opacity\"\/>\n<\/div>\n\n\n\n<div class=\"wp-block-column is-layout-flow wp-block-column-is-layout-flow\">\n<h3 class=\"wp-block-heading\"><strong>Otorrinolaringolog\u00eda<\/strong><\/h3>\n\n\n\n<p>Dr. Jose Manuel Zaragosi Castell\u00f3<br>Dra. Mar\u00eda In\u00e9s Rinc\u00f3n Piedrahita<\/p>\n\n\n\n<hr class=\"wp-block-separator has-alpha-channel-opacity\"\/>\n\n\n\n<h3 class=\"wp-block-heading\"><strong>Pediatr\u00eda<\/strong><\/h3>\n\n\n\n<p>Dr. Valero Sebasti\u00e1n Barber\u00e1n<br>Dr. Gonzalo Ros Cervera<\/p>\n\n\n\n<hr class=\"wp-block-separator has-alpha-channel-opacity\"\/>\n\n\n\n<h3 class=\"wp-block-heading\"><strong>Podolog\u00eda<\/strong><\/h3>\n\n\n\n<p>D\u00f1a. Marta Valero Albors<\/p>\n\n\n\n<hr class=\"wp-block-separator has-alpha-channel-opacity\"\/>\n\n\n\n<h3 class=\"wp-block-heading\"><strong>Reumatolog\u00eda<\/strong><\/h3>\n\n\n\n<p>Dra. Claudia Murillo Romero<\/p>\n\n\n\n<hr class=\"wp-block-separator has-alpha-channel-opacity\"\/>\n\n\n\n<h3 class=\"wp-block-heading\"><strong>Traumatolog\u00eda<\/strong><\/h3>\n\n\n\n<p>Dr. Amariel Barra Pl\u00e1<br>Dr. Carlos de Latorre Conde<br>Dr. Jos\u00e9 Vicente D\u00edaz Mart\u00ednez<\/p>\n\n\n\n<hr class=\"wp-block-separator has-alpha-channel-opacity\"\/>\n\n\n\n<h3 class=\"wp-block-heading\"><strong>Urolog\u00eda<\/strong><\/h3>\n\n\n\n<p>Dr. Ram\u00f3n Rogel Berto<\/p>\n\n\n\n<hr class=\"wp-block-separator has-alpha-channel-opacity\"\/>\n<\/div>\n<\/div>\n<\/div><\/div>\n\n\n\n<div style=\"height:60px\" aria-hidden=\"true\" class=\"wp-block-spacer onlydesktop\"><\/div>\n","protected":false},"excerpt":{"rendered":"<p>Especialistas de confianza al cuidado de tu salud Evita esperas y pide tu Cita Online aqu\u00ed, o bien ll\u00e1manos al tel\u00e9fono&nbsp;961 656 404. Ind\u00edcanos la especialidad por la que deseas ser atendido y gestionaremos tu cita en el horario que mejor se adapte a ti. Alergolog\u00eda Dra. Laura Mar\u00edn Asensio An\u00e1lisis Cl\u00ednicos Laboratorio Dra. M\u00aa &#8230; <\/p>\n<p class=\"read-more-container\"><a title=\"Equipo m\u00e9dico\" class=\"read-more button\" href=\"https:\/\/riberasalud.com\/clinica-pasarela\/equipo-medico\/#more-1826\" aria-label=\"Leer m\u00e1s sobre Equipo m\u00e9dico\">Leer m\u00e1s<\/a><\/p>\n","protected":false},"author":3,"featured_media":0,"parent":0,"menu_order":0,"comment_status":"closed","ping_status":"closed","template":"","meta":{"footnotes":""},"class_list":["post-1826","page","type-page","status-publish"],"yoast_head":"<!-- This site is optimized with the Yoast SEO plugin v27.4 - https:\/\/yoast.com\/product\/yoast-seo-wordpress\/ -->\n<title>Equipo m\u00e9dico - Cl\u00ednica Pasarela<\/title>\n<meta name=\"description\" content=\"Conoce nuestro equipo m\u00e9dico que te cuidar\u00e1 con atenci\u00f3n personalizada, cercan\u00eda y compromiso en cada consulta. \u00a1Pide tu cita online!\" \/>\n<meta name=\"robots\" content=\"index, follow, max-snippet:-1, max-image-preview:large, max-video-preview:-1\" \/>\n<link rel=\"canonical\" href=\"https:\/\/riberasalud.com\/clinica-pasarela\/equipo-medico\/\" \/>\n<meta property=\"og:locale\" content=\"es_ES\" \/>\n<meta property=\"og:type\" content=\"article\" \/>\n<meta property=\"og:title\" content=\"Equipo m\u00e9dico - Cl\u00ednica Pasarela\" \/>\n<meta property=\"og:description\" content=\"Conoce nuestro equipo m\u00e9dico que te cuidar\u00e1 con atenci\u00f3n personalizada, cercan\u00eda y compromiso en cada consulta. \u00a1Pide tu cita online!\" \/>\n<meta property=\"og:url\" content=\"https:\/\/riberasalud.com\/clinica-pasarela\/equipo-medico\/\" \/>\n<meta property=\"og:site_name\" content=\"Cl\u00ednica Pasarela\" \/>\n<meta property=\"article:modified_time\" content=\"2025-11-11T14:39:41+00:00\" \/>\n<meta property=\"og:image\" content=\"https:\/\/riberasalud.com\/clinica-pasarela\/wp-content\/uploads\/2025\/02\/portrait-friendly-doctor-isolated-gray.jpg\" \/>\n\t<meta property=\"og:image:width\" content=\"1354\" \/>\n\t<meta property=\"og:image:height\" content=\"477\" \/>\n\t<meta property=\"og:image:type\" content=\"image\/jpeg\" \/>\n<meta name=\"twitter:card\" content=\"summary_large_image\" \/>\n<meta name=\"twitter:label1\" content=\"Tiempo de lectura\" \/>\n\t<meta name=\"twitter:data1\" content=\"2 minutos\" \/>\n<script type=\"application\/ld+json\" class=\"yoast-schema-graph\">{\"@context\":\"https:\\\/\\\/schema.org\",\"@graph\":[{\"@type\":\"WebPage\",\"@id\":\"https:\\\/\\\/riberasalud.com\\\/clinica-pasarela\\\/equipo-medico\\\/\",\"url\":\"https:\\\/\\\/riberasalud.com\\\/clinica-pasarela\\\/equipo-medico\\\/\",\"name\":\"Equipo m\u00e9dico - Cl\u00ednica Pasarela\",\"isPartOf\":{\"@id\":\"https:\\\/\\\/riberasalud.com\\\/clinica-pasarela\\\/#website\"},\"primaryImageOfPage\":{\"@id\":\"https:\\\/\\\/riberasalud.com\\\/clinica-pasarela\\\/equipo-medico\\\/#primaryimage\"},\"image\":{\"@id\":\"https:\\\/\\\/riberasalud.com\\\/clinica-pasarela\\\/equipo-medico\\\/#primaryimage\"},\"thumbnailUrl\":\"https:\\\/\\\/riberasalud.com\\\/covadonga\\\/wp-content\\\/uploads\\\/2025\\\/02\\\/portrait-friendly-doctor-isolated-gray.jpg\",\"datePublished\":\"2025-02-20T09:58:57+00:00\",\"dateModified\":\"2025-11-11T14:39:41+00:00\",\"description\":\"Conoce nuestro equipo m\u00e9dico que te cuidar\u00e1 con atenci\u00f3n personalizada, cercan\u00eda y compromiso en cada consulta. \u00a1Pide tu cita online!\",\"breadcrumb\":{\"@id\":\"https:\\\/\\\/riberasalud.com\\\/clinica-pasarela\\\/equipo-medico\\\/#breadcrumb\"},\"inLanguage\":\"es\",\"potentialAction\":[{\"@type\":\"ReadAction\",\"target\":[\"https:\\\/\\\/riberasalud.com\\\/clinica-pasarela\\\/equipo-medico\\\/\"]}]},{\"@type\":\"ImageObject\",\"inLanguage\":\"es\",\"@id\":\"https:\\\/\\\/riberasalud.com\\\/clinica-pasarela\\\/equipo-medico\\\/#primaryimage\",\"url\":\"https:\\\/\\\/riberasalud.com\\\/covadonga\\\/wp-content\\\/uploads\\\/2025\\\/02\\\/portrait-friendly-doctor-isolated-gray.jpg\",\"contentUrl\":\"https:\\\/\\\/riberasalud.com\\\/covadonga\\\/wp-content\\\/uploads\\\/2025\\\/02\\\/portrait-friendly-doctor-isolated-gray.jpg\"},{\"@type\":\"BreadcrumbList\",\"@id\":\"https:\\\/\\\/riberasalud.com\\\/clinica-pasarela\\\/equipo-medico\\\/#breadcrumb\",\"itemListElement\":[{\"@type\":\"ListItem\",\"position\":1,\"name\":\"Portada\",\"item\":\"https:\\\/\\\/riberasalud.com\\\/clinica-pasarela\\\/\"},{\"@type\":\"ListItem\",\"position\":2,\"name\":\"Equipo m\u00e9dico\"}]},{\"@type\":\"WebSite\",\"@id\":\"https:\\\/\\\/riberasalud.com\\\/clinica-pasarela\\\/#website\",\"url\":\"https:\\\/\\\/riberasalud.com\\\/clinica-pasarela\\\/\",\"name\":\"Cl\u00ednica Pasarela\",\"description\":\"\",\"publisher\":{\"@id\":\"https:\\\/\\\/riberasalud.com\\\/clinica-pasarela\\\/#organization\"},\"potentialAction\":[{\"@type\":\"SearchAction\",\"target\":{\"@type\":\"EntryPoint\",\"urlTemplate\":\"https:\\\/\\\/riberasalud.com\\\/clinica-pasarela\\\/?s={search_term_string}\"},\"query-input\":{\"@type\":\"PropertyValueSpecification\",\"valueRequired\":true,\"valueName\":\"search_term_string\"}}],\"inLanguage\":\"es\"},{\"@type\":\"Organization\",\"@id\":\"https:\\\/\\\/riberasalud.com\\\/clinica-pasarela\\\/#organization\",\"name\":\"Cl\u00ednica Pasarela\",\"url\":\"https:\\\/\\\/riberasalud.com\\\/clinica-pasarela\\\/\",\"logo\":{\"@type\":\"ImageObject\",\"inLanguage\":\"es\",\"@id\":\"https:\\\/\\\/riberasalud.com\\\/clinica-pasarela\\\/#\\\/schema\\\/logo\\\/image\\\/\",\"url\":\"https:\\\/\\\/riberasalud.com\\\/clinica-pasarela\\\/wp-content\\\/uploads\\\/2025\\\/05\\\/cropped-Clinica-Ribera-Pasarela-Logotipo.png\",\"contentUrl\":\"https:\\\/\\\/riberasalud.com\\\/clinica-pasarela\\\/wp-content\\\/uploads\\\/2025\\\/05\\\/cropped-Clinica-Ribera-Pasarela-Logotipo.png\",\"width\":351,\"height\":70,\"caption\":\"Cl\u00ednica Pasarela\"},\"image\":{\"@id\":\"https:\\\/\\\/riberasalud.com\\\/clinica-pasarela\\\/#\\\/schema\\\/logo\\\/image\\\/\"}}]}<\/script>\n<!-- \/ Yoast SEO plugin. -->","yoast_head_json":{"title":"Equipo m\u00e9dico - Cl\u00ednica Pasarela","description":"Conoce nuestro equipo m\u00e9dico que te cuidar\u00e1 con atenci\u00f3n personalizada, cercan\u00eda y compromiso en cada consulta. \u00a1Pide tu cita online!","robots":{"index":"index","follow":"follow","max-snippet":"max-snippet:-1","max-image-preview":"max-image-preview:large","max-video-preview":"max-video-preview:-1"},"canonical":"https:\/\/riberasalud.com\/clinica-pasarela\/equipo-medico\/","og_locale":"es_ES","og_type":"article","og_title":"Equipo m\u00e9dico - Cl\u00ednica Pasarela","og_description":"Conoce nuestro equipo m\u00e9dico que te cuidar\u00e1 con atenci\u00f3n personalizada, cercan\u00eda y compromiso en cada consulta. \u00a1Pide tu cita online!","og_url":"https:\/\/riberasalud.com\/clinica-pasarela\/equipo-medico\/","og_site_name":"Cl\u00ednica Pasarela","article_modified_time":"2025-11-11T14:39:41+00:00","og_image":[{"width":1354,"height":477,"url":"https:\/\/riberasalud.com\/clinica-pasarela\/wp-content\/uploads\/2025\/02\/portrait-friendly-doctor-isolated-gray.jpg","type":"image\/jpeg"}],"twitter_card":"summary_large_image","twitter_misc":{"Tiempo de lectura":"2 minutos"},"schema":{"@context":"https:\/\/schema.org","@graph":[{"@type":"WebPage","@id":"https:\/\/riberasalud.com\/clinica-pasarela\/equipo-medico\/","url":"https:\/\/riberasalud.com\/clinica-pasarela\/equipo-medico\/","name":"Equipo m\u00e9dico - Cl\u00ednica Pasarela","isPartOf":{"@id":"https:\/\/riberasalud.com\/clinica-pasarela\/#website"},"primaryImageOfPage":{"@id":"https:\/\/riberasalud.com\/clinica-pasarela\/equipo-medico\/#primaryimage"},"image":{"@id":"https:\/\/riberasalud.com\/clinica-pasarela\/equipo-medico\/#primaryimage"},"thumbnailUrl":"https:\/\/riberasalud.com\/covadonga\/wp-content\/uploads\/2025\/02\/portrait-friendly-doctor-isolated-gray.jpg","datePublished":"2025-02-20T09:58:57+00:00","dateModified":"2025-11-11T14:39:41+00:00","description":"Conoce nuestro equipo m\u00e9dico que te cuidar\u00e1 con atenci\u00f3n personalizada, cercan\u00eda y compromiso en cada consulta. \u00a1Pide tu cita online!","breadcrumb":{"@id":"https:\/\/riberasalud.com\/clinica-pasarela\/equipo-medico\/#breadcrumb"},"inLanguage":"es","potentialAction":[{"@type":"ReadAction","target":["https:\/\/riberasalud.com\/clinica-pasarela\/equipo-medico\/"]}]},{"@type":"ImageObject","inLanguage":"es","@id":"https:\/\/riberasalud.com\/clinica-pasarela\/equipo-medico\/#primaryimage","url":"https:\/\/riberasalud.com\/covadonga\/wp-content\/uploads\/2025\/02\/portrait-friendly-doctor-isolated-gray.jpg","contentUrl":"https:\/\/riberasalud.com\/covadonga\/wp-content\/uploads\/2025\/02\/portrait-friendly-doctor-isolated-gray.jpg"},{"@type":"BreadcrumbList","@id":"https:\/\/riberasalud.com\/clinica-pasarela\/equipo-medico\/#breadcrumb","itemListElement":[{"@type":"ListItem","position":1,"name":"Portada","item":"https:\/\/riberasalud.com\/clinica-pasarela\/"},{"@type":"ListItem","position":2,"name":"Equipo m\u00e9dico"}]},{"@type":"WebSite","@id":"https:\/\/riberasalud.com\/clinica-pasarela\/#website","url":"https:\/\/riberasalud.com\/clinica-pasarela\/","name":"Cl\u00ednica Pasarela","description":"","publisher":{"@id":"https:\/\/riberasalud.com\/clinica-pasarela\/#organization"},"potentialAction":[{"@type":"SearchAction","target":{"@type":"EntryPoint","urlTemplate":"https:\/\/riberasalud.com\/clinica-pasarela\/?s={search_term_string}"},"query-input":{"@type":"PropertyValueSpecification","valueRequired":true,"valueName":"search_term_string"}}],"inLanguage":"es"},{"@type":"Organization","@id":"https:\/\/riberasalud.com\/clinica-pasarela\/#organization","name":"Cl\u00ednica Pasarela","url":"https:\/\/riberasalud.com\/clinica-pasarela\/","logo":{"@type":"ImageObject","inLanguage":"es","@id":"https:\/\/riberasalud.com\/clinica-pasarela\/#\/schema\/logo\/image\/","url":"https:\/\/riberasalud.com\/clinica-pasarela\/wp-content\/uploads\/2025\/05\/cropped-Clinica-Ribera-Pasarela-Logotipo.png","contentUrl":"https:\/\/riberasalud.com\/clinica-pasarela\/wp-content\/uploads\/2025\/05\/cropped-Clinica-Ribera-Pasarela-Logotipo.png","width":351,"height":70,"caption":"Cl\u00ednica Pasarela"},"image":{"@id":"https:\/\/riberasalud.com\/clinica-pasarela\/#\/schema\/logo\/image\/"}}]}},"_links":{"self":[{"href":"https:\/\/riberasalud.com\/clinica-pasarela\/wp-json\/wp\/v2\/pages\/1826","targetHints":{"allow":["GET"]}}],"collection":[{"href":"https:\/\/riberasalud.com\/clinica-pasarela\/wp-json\/wp\/v2\/pages"}],"about":[{"href":"https:\/\/riberasalud.com\/clinica-pasarela\/wp-json\/wp\/v2\/types\/page"}],"author":[{"embeddable":true,"href":"https:\/\/riberasalud.com\/clinica-pasarela\/wp-json\/wp\/v2\/users\/3"}],"replies":[{"embeddable":true,"href":"https:\/\/riberasalud.com\/clinica-pasarela\/wp-json\/wp\/v2\/comments?post=1826"}],"version-history":[{"count":56,"href":"https:\/\/riberasalud.com\/clinica-pasarela\/wp-json\/wp\/v2\/pages\/1826\/revisions"}],"predecessor-version":[{"id":3269,"href":"https:\/\/riberasalud.com\/clinica-pasarela\/wp-json\/wp\/v2\/pages\/1826\/revisions\/3269"}],"wp:attachment":[{"href":"https:\/\/riberasalud.com\/clinica-pasarela\/wp-json\/wp\/v2\/media?parent=1826"}],"curies":[{"name":"wp","href":"https:\/\/api.w.org\/{rel}","templated":true}]}}