{"id":7740,"date":"2026-04-28T16:16:00","date_gmt":"2026-04-28T14:16:00","guid":{"rendered":"https:\/\/riberasalud.com\/clinica-mestalla\/?page_id=7740"},"modified":"2026-04-28T16:20:15","modified_gmt":"2026-04-28T14:20:15","slug":"natalia-alfonso-nutricionista","status":"publish","type":"page","link":"https:\/\/riberasalud.com\/clinica-mestalla\/natalia-alfonso-nutricionista\/","title":{"rendered":"Natalia Alfonso &#8211; Nutricionista"},"content":{"rendered":"\n<div class=\"wp-block-group fondodoctoragroup\"><div class=\"wp-block-group__inner-container is-layout-constrained wp-block-group-is-layout-constrained\">\n<div class=\"wp-block-columns doblecolumnaimagen is-layout-flex wp-container-core-columns-is-layout-9d6595d7 wp-block-columns-is-layout-flex\">\n<div class=\"wp-block-column is-layout-flow wp-block-column-is-layout-flow\">\n<figure class=\"wp-block-image size-full\"><img loading=\"lazy\" decoding=\"async\" width=\"1000\" height=\"772\" src=\"https:\/\/riberasalud.com\/clinica-mestalla\/wp-content\/uploads\/2026\/04\/FOTO-INCORPORACION-WEB-NATALIA-ALONSO.png\" alt=\"Natalia Alfonso Gracia, nutricionista en Ribera Mestalla\" class=\"wp-image-7641\" srcset=\"https:\/\/riberasalud.com\/clinica-mestalla\/wp-content\/uploads\/2026\/04\/FOTO-INCORPORACION-WEB-NATALIA-ALONSO.png 1000w, https:\/\/riberasalud.com\/clinica-mestalla\/wp-content\/uploads\/2026\/04\/FOTO-INCORPORACION-WEB-NATALIA-ALONSO-300x232.png 300w, https:\/\/riberasalud.com\/clinica-mestalla\/wp-content\/uploads\/2026\/04\/FOTO-INCORPORACION-WEB-NATALIA-ALONSO-768x593.png 768w\" sizes=\"auto, (max-width: 1000px) 100vw, 1000px\" \/><\/figure>\n<\/div>\n\n\n\n<div class=\"wp-block-column is-vertically-aligned-center first is-layout-flow wp-block-column-is-layout-flow\">\n<h1 class=\"wp-block-heading has-text-color has-link-color wp-elements-7567bc414ca5a751036b6e1e2e038fe4\" style=\"color:#d71029;font-size:28px\">Natalia Alfonso Gracia<\/h1>\n\n\n\n<h2 class=\"wp-block-heading has-text-color has-link-color wp-elements-432a957227808453d747cab428a4cd04\" style=\"color:#d71029;font-size:26px;font-style:normal;font-weight:400\">&#8211; Nutrici\u00f3n y Diet\u00e9tica<\/h2>\n\n\n\n<p><strong>Natalia Alfonso Gracia es nutricionista, bioqu\u00edmica y tecn\u00f3loga de los alimentos, con una s\u00f3lida formaci\u00f3n acad\u00e9mica orientada al \u00e1mbito de la salud y la alimentaci\u00f3n.<\/strong><\/p>\n\n\n\n<p>Es licenciada en Ciencias Qu\u00edmicas (Bioqu\u00edmica), en Ciencia y Tecnolog\u00eda de los Alimentos y en Nutrici\u00f3n Humana y Diet\u00e9tica. Ha completado su formaci\u00f3n con un M\u00e1ster Universitario en Diet\u00e9tica y Dietoterapia por la Universitat de Val\u00e8ncia, as\u00ed como formaci\u00f3n espec\u00edfica en nutrici\u00f3n en el paciente oncol\u00f3gico. Contin\u00faa ampliando sus conocimientos con el M\u00e1ster en Psiconeuroinmunolog\u00eda (PNI) en la Facultad de Medicina Integrativa Regenera, reforzando su enfoque integral en el abordaje de la salud.<\/p>\n\n\n\n<p>En el \u00e1mbito profesional, ha desarrollado su trayectoria combinando la docencia como profesora de Educaci\u00f3n Secundaria y Bachillerato con experiencia en el \u00e1rea de prevenci\u00f3n y asesoramiento, lo que le ha permitido adquirir una visi\u00f3n global de la salud, la educaci\u00f3n y la promoci\u00f3n de h\u00e1bitos saludables.<\/p>\n\n\n\n<p>Actualmente, forma parte del equipo de Cl\u00ednica Ribera Mestalla, donde desarrolla su labor como nutricionista, ofreciendo un acompa\u00f1amiento cercano y personalizado, enfocado en la mejora de la salud y el bienestar de sus pacientes a trav\u00e9s de la alimentaci\u00f3n.<\/p>\n<\/div>\n<\/div>\n<\/div><\/div>\n","protected":false},"excerpt":{"rendered":"<p>Natalia Alfonso Gracia &#8211; Nutrici\u00f3n y Diet\u00e9tica Natalia Alfonso Gracia es nutricionista, bioqu\u00edmica y tecn\u00f3loga de los alimentos, con una s\u00f3lida formaci\u00f3n acad\u00e9mica orientada al \u00e1mbito de la salud y la alimentaci\u00f3n. Es licenciada en Ciencias Qu\u00edmicas (Bioqu\u00edmica), en Ciencia y Tecnolog\u00eda de los Alimentos y en Nutrici\u00f3n Humana y Diet\u00e9tica. Ha completado su formaci\u00f3n &#8230; <\/p>\n<p class=\"read-more-container\"><a title=\"Natalia Alfonso &#8211; Nutricionista\" class=\"read-more button\" href=\"https:\/\/riberasalud.com\/clinica-mestalla\/natalia-alfonso-nutricionista\/#more-7740\" aria-label=\"Leer m\u00e1s sobre Natalia Alfonso &#8211; Nutricionista\">Leer m\u00e1s<\/a><\/p>\n","protected":false},"author":3,"featured_media":0,"parent":0,"menu_order":0,"comment_status":"closed","ping_status":"closed","template":"","meta":{"footnotes":""},"class_list":["post-7740","page","type-page","status-publish"],"yoast_head":"<!-- This site is optimized with the Yoast SEO plugin v25.0 - https:\/\/yoast.com\/wordpress\/plugins\/seo\/ -->\n<title>Nutricionista Natalia Alfonso - Cl\u00ednica Ribera Mestalla<\/title>\n<meta name=\"description\" content=\"Natalia es nutricionista, bioqu\u00edmica y tecn\u00f3loga de los alimentos, con una s\u00f3lida formaci\u00f3n acad\u00e9mica en el \u00e1mbito de la salud y la alimentaci\u00f3n.\" \/>\n<meta name=\"robots\" content=\"index, follow, max-snippet:-1, max-image-preview:large, max-video-preview:-1\" \/>\n<link rel=\"canonical\" href=\"https:\/\/riberasalud.com\/clinica-mestalla\/natalia-alfonso-nutricionista\/\" \/>\n<meta property=\"og:locale\" content=\"es_ES\" \/>\n<meta property=\"og:type\" content=\"article\" \/>\n<meta property=\"og:title\" content=\"Nutricionista Natalia Alfonso - Cl\u00ednica Ribera Mestalla\" \/>\n<meta property=\"og:description\" content=\"Natalia es nutricionista, bioqu\u00edmica y tecn\u00f3loga de los alimentos, con una s\u00f3lida formaci\u00f3n acad\u00e9mica en el \u00e1mbito de la salud y la alimentaci\u00f3n.\" \/>\n<meta property=\"og:url\" content=\"https:\/\/riberasalud.com\/clinica-mestalla\/natalia-alfonso-nutricionista\/\" \/>\n<meta property=\"og:site_name\" content=\"Cl\u00ednica Ribera Mestalla\" \/>\n<meta property=\"article:modified_time\" content=\"2026-04-28T14:20:15+00:00\" \/>\n<meta property=\"og:image\" content=\"https:\/\/riberasalud.com\/clinica-mestalla\/wp-content\/uploads\/2026\/04\/FOTO-INCORPORACION-WEB-NATALIA-ALONSO.png\" \/>\n\t<meta property=\"og:image:width\" content=\"1000\" \/>\n\t<meta property=\"og:image:height\" content=\"772\" \/>\n\t<meta property=\"og:image:type\" content=\"image\/png\" \/>\n<meta name=\"twitter:card\" content=\"summary_large_image\" \/>\n<meta name=\"twitter:label1\" content=\"Tiempo de lectura\" \/>\n\t<meta name=\"twitter:data1\" content=\"2 minutos\" \/>\n<script type=\"application\/ld+json\" class=\"yoast-schema-graph\">{\"@context\":\"https:\/\/schema.org\",\"@graph\":[{\"@type\":\"WebPage\",\"@id\":\"https:\/\/riberasalud.com\/clinica-mestalla\/natalia-alfonso-nutricionista\/\",\"url\":\"https:\/\/riberasalud.com\/clinica-mestalla\/natalia-alfonso-nutricionista\/\",\"name\":\"Nutricionista Natalia Alfonso - Cl\u00ednica Ribera Mestalla\",\"isPartOf\":{\"@id\":\"https:\/\/riberasalud.com\/clinica-mestalla\/#website\"},\"primaryImageOfPage\":{\"@id\":\"https:\/\/riberasalud.com\/clinica-mestalla\/natalia-alfonso-nutricionista\/#primaryimage\"},\"image\":{\"@id\":\"https:\/\/riberasalud.com\/clinica-mestalla\/natalia-alfonso-nutricionista\/#primaryimage\"},\"thumbnailUrl\":\"https:\/\/riberasalud.com\/clinica-mestalla\/wp-content\/uploads\/2026\/04\/FOTO-INCORPORACION-WEB-NATALIA-ALONSO.png\",\"datePublished\":\"2026-04-28T14:16:00+00:00\",\"dateModified\":\"2026-04-28T14:20:15+00:00\",\"description\":\"Natalia es nutricionista, bioqu\u00edmica y tecn\u00f3loga de los alimentos, con una s\u00f3lida formaci\u00f3n acad\u00e9mica en el \u00e1mbito de la salud y la alimentaci\u00f3n.\",\"breadcrumb\":{\"@id\":\"https:\/\/riberasalud.com\/clinica-mestalla\/natalia-alfonso-nutricionista\/#breadcrumb\"},\"inLanguage\":\"es\",\"potentialAction\":[{\"@type\":\"ReadAction\",\"target\":[\"https:\/\/riberasalud.com\/clinica-mestalla\/natalia-alfonso-nutricionista\/\"]}]},{\"@type\":\"ImageObject\",\"inLanguage\":\"es\",\"@id\":\"https:\/\/riberasalud.com\/clinica-mestalla\/natalia-alfonso-nutricionista\/#primaryimage\",\"url\":\"https:\/\/riberasalud.com\/clinica-mestalla\/wp-content\/uploads\/2026\/04\/FOTO-INCORPORACION-WEB-NATALIA-ALONSO.png\",\"contentUrl\":\"https:\/\/riberasalud.com\/clinica-mestalla\/wp-content\/uploads\/2026\/04\/FOTO-INCORPORACION-WEB-NATALIA-ALONSO.png\",\"width\":1000,\"height\":772,\"caption\":\"Natalia Alfonso Gracia, nutricionista en Ribera Mestalla\"},{\"@type\":\"BreadcrumbList\",\"@id\":\"https:\/\/riberasalud.com\/clinica-mestalla\/natalia-alfonso-nutricionista\/#breadcrumb\",\"itemListElement\":[{\"@type\":\"ListItem\",\"position\":1,\"name\":\"Portada\",\"item\":\"https:\/\/riberasalud.com\/clinica-mestalla\/\"},{\"@type\":\"ListItem\",\"position\":2,\"name\":\"Natalia Alfonso &#8211; Nutricionista\"}]},{\"@type\":\"WebSite\",\"@id\":\"https:\/\/riberasalud.com\/clinica-mestalla\/#website\",\"url\":\"https:\/\/riberasalud.com\/clinica-mestalla\/\",\"name\":\"Cl\u00ednica Ribera Mestalla\",\"description\":\"\",\"publisher\":{\"@id\":\"https:\/\/riberasalud.com\/clinica-mestalla\/#organization\"},\"potentialAction\":[{\"@type\":\"SearchAction\",\"target\":{\"@type\":\"EntryPoint\",\"urlTemplate\":\"https:\/\/riberasalud.com\/clinica-mestalla\/?s={search_term_string}\"},\"query-input\":{\"@type\":\"PropertyValueSpecification\",\"valueRequired\":true,\"valueName\":\"search_term_string\"}}],\"inLanguage\":\"es\"},{\"@type\":\"Organization\",\"@id\":\"https:\/\/riberasalud.com\/clinica-mestalla\/#organization\",\"name\":\"Cl\u00ednica Ribera Mestalla\",\"url\":\"https:\/\/riberasalud.com\/clinica-mestalla\/\",\"logo\":{\"@type\":\"ImageObject\",\"inLanguage\":\"es\",\"@id\":\"https:\/\/riberasalud.com\/clinica-mestalla\/#\/schema\/logo\/image\/\",\"url\":\"https:\/\/riberasalud.com\/clinica-mestalla\/wp-content\/uploads\/2025\/04\/Clinica-Ribera-Mestalla-Logotipo.png\",\"contentUrl\":\"https:\/\/riberasalud.com\/clinica-mestalla\/wp-content\/uploads\/2025\/04\/Clinica-Ribera-Mestalla-Logotipo.png\",\"width\":351,\"height\":73,\"caption\":\"Cl\u00ednica Ribera Mestalla\"},\"image\":{\"@id\":\"https:\/\/riberasalud.com\/clinica-mestalla\/#\/schema\/logo\/image\/\"}}]}<\/script>\n<!-- \/ Yoast SEO plugin. -->","yoast_head_json":{"title":"Nutricionista Natalia Alfonso - Cl\u00ednica Ribera Mestalla","description":"Natalia es nutricionista, bioqu\u00edmica y tecn\u00f3loga de los alimentos, con una s\u00f3lida formaci\u00f3n acad\u00e9mica en el \u00e1mbito de la salud y la alimentaci\u00f3n.","robots":{"index":"index","follow":"follow","max-snippet":"max-snippet:-1","max-image-preview":"max-image-preview:large","max-video-preview":"max-video-preview:-1"},"canonical":"https:\/\/riberasalud.com\/clinica-mestalla\/natalia-alfonso-nutricionista\/","og_locale":"es_ES","og_type":"article","og_title":"Nutricionista Natalia Alfonso - Cl\u00ednica Ribera Mestalla","og_description":"Natalia es nutricionista, bioqu\u00edmica y tecn\u00f3loga de los alimentos, con una s\u00f3lida formaci\u00f3n acad\u00e9mica en el \u00e1mbito de la salud y la alimentaci\u00f3n.","og_url":"https:\/\/riberasalud.com\/clinica-mestalla\/natalia-alfonso-nutricionista\/","og_site_name":"Cl\u00ednica Ribera Mestalla","article_modified_time":"2026-04-28T14:20:15+00:00","og_image":[{"width":1000,"height":772,"url":"https:\/\/riberasalud.com\/clinica-mestalla\/wp-content\/uploads\/2026\/04\/FOTO-INCORPORACION-WEB-NATALIA-ALONSO.png","type":"image\/png"}],"twitter_card":"summary_large_image","twitter_misc":{"Tiempo de lectura":"2 minutos"},"schema":{"@context":"https:\/\/schema.org","@graph":[{"@type":"WebPage","@id":"https:\/\/riberasalud.com\/clinica-mestalla\/natalia-alfonso-nutricionista\/","url":"https:\/\/riberasalud.com\/clinica-mestalla\/natalia-alfonso-nutricionista\/","name":"Nutricionista Natalia Alfonso - Cl\u00ednica Ribera Mestalla","isPartOf":{"@id":"https:\/\/riberasalud.com\/clinica-mestalla\/#website"},"primaryImageOfPage":{"@id":"https:\/\/riberasalud.com\/clinica-mestalla\/natalia-alfonso-nutricionista\/#primaryimage"},"image":{"@id":"https:\/\/riberasalud.com\/clinica-mestalla\/natalia-alfonso-nutricionista\/#primaryimage"},"thumbnailUrl":"https:\/\/riberasalud.com\/clinica-mestalla\/wp-content\/uploads\/2026\/04\/FOTO-INCORPORACION-WEB-NATALIA-ALONSO.png","datePublished":"2026-04-28T14:16:00+00:00","dateModified":"2026-04-28T14:20:15+00:00","description":"Natalia es nutricionista, bioqu\u00edmica y tecn\u00f3loga de los alimentos, con una s\u00f3lida formaci\u00f3n acad\u00e9mica en el \u00e1mbito de la salud y la alimentaci\u00f3n.","breadcrumb":{"@id":"https:\/\/riberasalud.com\/clinica-mestalla\/natalia-alfonso-nutricionista\/#breadcrumb"},"inLanguage":"es","potentialAction":[{"@type":"ReadAction","target":["https:\/\/riberasalud.com\/clinica-mestalla\/natalia-alfonso-nutricionista\/"]}]},{"@type":"ImageObject","inLanguage":"es","@id":"https:\/\/riberasalud.com\/clinica-mestalla\/natalia-alfonso-nutricionista\/#primaryimage","url":"https:\/\/riberasalud.com\/clinica-mestalla\/wp-content\/uploads\/2026\/04\/FOTO-INCORPORACION-WEB-NATALIA-ALONSO.png","contentUrl":"https:\/\/riberasalud.com\/clinica-mestalla\/wp-content\/uploads\/2026\/04\/FOTO-INCORPORACION-WEB-NATALIA-ALONSO.png","width":1000,"height":772,"caption":"Natalia Alfonso Gracia, nutricionista en Ribera Mestalla"},{"@type":"BreadcrumbList","@id":"https:\/\/riberasalud.com\/clinica-mestalla\/natalia-alfonso-nutricionista\/#breadcrumb","itemListElement":[{"@type":"ListItem","position":1,"name":"Portada","item":"https:\/\/riberasalud.com\/clinica-mestalla\/"},{"@type":"ListItem","position":2,"name":"Natalia Alfonso &#8211; Nutricionista"}]},{"@type":"WebSite","@id":"https:\/\/riberasalud.com\/clinica-mestalla\/#website","url":"https:\/\/riberasalud.com\/clinica-mestalla\/","name":"Cl\u00ednica Ribera Mestalla","description":"","publisher":{"@id":"https:\/\/riberasalud.com\/clinica-mestalla\/#organization"},"potentialAction":[{"@type":"SearchAction","target":{"@type":"EntryPoint","urlTemplate":"https:\/\/riberasalud.com\/clinica-mestalla\/?s={search_term_string}"},"query-input":{"@type":"PropertyValueSpecification","valueRequired":true,"valueName":"search_term_string"}}],"inLanguage":"es"},{"@type":"Organization","@id":"https:\/\/riberasalud.com\/clinica-mestalla\/#organization","name":"Cl\u00ednica Ribera Mestalla","url":"https:\/\/riberasalud.com\/clinica-mestalla\/","logo":{"@type":"ImageObject","inLanguage":"es","@id":"https:\/\/riberasalud.com\/clinica-mestalla\/#\/schema\/logo\/image\/","url":"https:\/\/riberasalud.com\/clinica-mestalla\/wp-content\/uploads\/2025\/04\/Clinica-Ribera-Mestalla-Logotipo.png","contentUrl":"https:\/\/riberasalud.com\/clinica-mestalla\/wp-content\/uploads\/2025\/04\/Clinica-Ribera-Mestalla-Logotipo.png","width":351,"height":73,"caption":"Cl\u00ednica Ribera Mestalla"},"image":{"@id":"https:\/\/riberasalud.com\/clinica-mestalla\/#\/schema\/logo\/image\/"}}]}},"_links":{"self":[{"href":"https:\/\/riberasalud.com\/clinica-mestalla\/wp-json\/wp\/v2\/pages\/7740","targetHints":{"allow":["GET"]}}],"collection":[{"href":"https:\/\/riberasalud.com\/clinica-mestalla\/wp-json\/wp\/v2\/pages"}],"about":[{"href":"https:\/\/riberasalud.com\/clinica-mestalla\/wp-json\/wp\/v2\/types\/page"}],"author":[{"embeddable":true,"href":"https:\/\/riberasalud.com\/clinica-mestalla\/wp-json\/wp\/v2\/users\/3"}],"replies":[{"embeddable":true,"href":"https:\/\/riberasalud.com\/clinica-mestalla\/wp-json\/wp\/v2\/comments?post=7740"}],"version-history":[{"count":5,"href":"https:\/\/riberasalud.com\/clinica-mestalla\/wp-json\/wp\/v2\/pages\/7740\/revisions"}],"predecessor-version":[{"id":7746,"href":"https:\/\/riberasalud.com\/clinica-mestalla\/wp-json\/wp\/v2\/pages\/7740\/revisions\/7746"}],"wp:attachment":[{"href":"https:\/\/riberasalud.com\/clinica-mestalla\/wp-json\/wp\/v2\/media?parent=7740"}],"curies":[{"name":"wp","href":"https:\/\/api.w.org\/{rel}","templated":true}]}}