{"id":7583,"date":"2026-03-25T16:24:42","date_gmt":"2026-03-25T15:24:42","guid":{"rendered":"https:\/\/riberasalud.com\/clinica-mestalla\/?page_id=7583"},"modified":"2026-03-30T12:02:43","modified_gmt":"2026-03-30T10:02:43","slug":"dr-gonzalo-ros-cervera-pediatra-neuropediatria","status":"publish","type":"page","link":"https:\/\/riberasalud.com\/clinica-mestalla\/dr-gonzalo-ros-cervera-pediatra-neuropediatria\/","title":{"rendered":"Dr. Gonzalo Ros Cervera Pediatra \u2013 Neuropediatr\u00eda"},"content":{"rendered":"\n<div class=\"wp-block-group fondodoctoragroup\"><div class=\"wp-block-group__inner-container is-layout-constrained wp-block-group-is-layout-constrained\">\n<div class=\"wp-block-columns doblecolumnaimagen is-layout-flex wp-container-core-columns-is-layout-9d6595d7 wp-block-columns-is-layout-flex\">\n<div class=\"wp-block-column is-layout-flow wp-block-column-is-layout-flow\">\n<figure class=\"wp-block-image size-full\"><img loading=\"lazy\" decoding=\"async\" width=\"1000\" height=\"772\" src=\"https:\/\/riberasalud.com\/clinica-mestalla\/wp-content\/uploads\/2026\/03\/FOTO-WEB-GONZALO-ROS-PEDIATRA-1.png\" alt=\"GONZALO ROS (PEDIATRA)\" class=\"wp-image-7585\" srcset=\"https:\/\/riberasalud.com\/clinica-mestalla\/wp-content\/uploads\/2026\/03\/FOTO-WEB-GONZALO-ROS-PEDIATRA-1.png 1000w, https:\/\/riberasalud.com\/clinica-mestalla\/wp-content\/uploads\/2026\/03\/FOTO-WEB-GONZALO-ROS-PEDIATRA-1-300x232.png 300w, https:\/\/riberasalud.com\/clinica-mestalla\/wp-content\/uploads\/2026\/03\/FOTO-WEB-GONZALO-ROS-PEDIATRA-1-768x593.png 768w\" sizes=\"auto, (max-width: 1000px) 100vw, 1000px\" \/><\/figure>\n<\/div>\n\n\n\n<div class=\"wp-block-column is-vertically-aligned-center first is-layout-flow wp-block-column-is-layout-flow\">\n<h1 class=\"wp-block-heading has-text-color has-link-color wp-elements-fc46cd8b5c22f19c0419e61245f8f548\" style=\"color:#d71029;font-size:28px\">Dr. Gonzalo Ros Cervera<\/h1>\n\n\n\n<h2 class=\"wp-block-heading has-text-color has-link-color wp-elements-fa1b58b2abb6999a14e2e26424a75df9\" style=\"color:#d71029;font-size:26px;font-style:normal;font-weight:400\">&#8211; Pediatra \u2013 Neuropediatr\u00eda<\/h2>\n\n\n\n<p>El Dr.\u00a0<strong>Gonzalo Ros Cervera<\/strong>\u00a0es m\u00e9dico especialista en\u00a0<strong>Pediatr\u00eda y sus \u00c1reas Espec\u00edficas<\/strong>, con dedicaci\u00f3n preferente a la\u00a0<strong>Neurolog\u00eda Pedi\u00e1trica y los trastornos del neurodesarrollo<\/strong>. Cuenta adem\u00e1s con la especialidad en\u00a0<strong>Medicina Familiar y Comunitaria<\/strong>, ambas obtenidas v\u00eda\u00a0MIR.Es\u00a0<strong>Licenciado en Medicina y Cirug\u00eda por la Universitat de Val\u00e8ncia<\/strong>\u00a0y ha realizado el\u00a0<strong>Programa Oficial de Doctorado en Medicina Interna<\/strong>\u00a0en la\u00a0<strong>Universitat Aut\u00f2noma de Barcelona<\/strong>.<\/p>\n\n\n\n<p>Ha completado su formaci\u00f3n con varios m\u00e1steres universitarios, entre ellos&nbsp;<strong>Neurolog\u00eda Pedi\u00e1trica y Neurodesarrollo<\/strong>,&nbsp;<strong>Trastornos del Espectro Autista<\/strong>,&nbsp;<strong>Direcci\u00f3n y Gesti\u00f3n Sanitaria<\/strong>&nbsp;y&nbsp;<strong>eHealth y tecnolog\u00edas de la informaci\u00f3n aplicadas a la salud<\/strong>.<\/p>\n\n\n\n<p>En el \u00e1mbito asistencial, ha desarrollado su trayectoria en distintos hospitales nacionales e internacionales, incluyendo el&nbsp;<strong>Ostschweizer Kinderspital de Sankt Gallen (Suiza)<\/strong>.<\/p>\n\n\n\n<p>Ha ejercido como&nbsp;<strong>jefe de Servicio de Pediatr\u00eda<\/strong>&nbsp;en el&nbsp;<strong>Hospital Universitario de Torrevieja<\/strong>&nbsp;y en el&nbsp;<strong>Hospital Universitario del Vinalop\u00f3<\/strong>, donde tambi\u00e9n ha desempe\u00f1ado funciones de gesti\u00f3n cl\u00ednica y docencia MIR. En la actualidad, realiza actividad cl\u00ednica como&nbsp;<strong>neuropediatra<\/strong>, centrado en la atenci\u00f3n a ni\u00f1os y adolescentes con patolog\u00edas del neurodesarrollo.<\/p>\n\n\n\n<p>Compagina su labor asistencial con actividad docente, habiendo dirigido y tutorizado trabajos acad\u00e9micos universitarios, y con actividad investigadora. Ha participado como investigador y coordinador en&nbsp;<strong>ensayos cl\u00ednicos multic\u00e9ntricos<\/strong>, especialmente en el \u00e1mbito del&nbsp;<strong>TDAH<\/strong>, y en proyectos competitivos relacionados con&nbsp;<strong>obesidad infantil e inteligencia artificial aplicada a la salud<\/strong>.<\/p>\n\n\n\n<p>Es autor y coautor de&nbsp;<strong>publicaciones cient\u00edficas en revistas indexadas<\/strong>, as\u00ed como de&nbsp;<strong>gu\u00edas cl\u00ednicas y protocolos<\/strong>&nbsp;de la Asociaci\u00f3n Espa\u00f1ola de Pediatr\u00eda en \u00e1reas como TDAH, epilepsia y trastornos del desarrollo de la coordinaci\u00f3n. Asimismo, ha presentado comunicaciones en congresos nacionales de Neurolog\u00eda Pedi\u00e1trica y Urgencias Pedi\u00e1tricas.<\/p>\n\n\n\n<p>Actualmente es&nbsp;<strong>miembro del Comit\u00e9 \u00c9tico de Investigaci\u00f3n con Medicamentos (CEIm)<\/strong>&nbsp;del Hospital Universitario del Vinalop\u00f3 y colabora en proyectos de innovaci\u00f3n y desarrollo tecnol\u00f3gico en salud digital.<\/p>\n<\/div>\n<\/div>\n<\/div><\/div>\n","protected":false},"excerpt":{"rendered":"<p>Dr. Gonzalo Ros Cervera &#8211; Pediatra \u2013 Neuropediatr\u00eda El Dr.\u00a0Gonzalo Ros Cervera\u00a0es m\u00e9dico especialista en\u00a0Pediatr\u00eda y sus \u00c1reas Espec\u00edficas, con dedicaci\u00f3n preferente a la\u00a0Neurolog\u00eda Pedi\u00e1trica y los trastornos del neurodesarrollo. Cuenta adem\u00e1s con la especialidad en\u00a0Medicina Familiar y Comunitaria, ambas obtenidas v\u00eda\u00a0MIR.Es\u00a0Licenciado en Medicina y Cirug\u00eda por la Universitat de Val\u00e8ncia\u00a0y ha realizado el\u00a0Programa Oficial &#8230; <\/p>\n<p class=\"read-more-container\"><a title=\"Dr. Gonzalo Ros Cervera Pediatra \u2013 Neuropediatr\u00eda\" class=\"read-more button\" href=\"https:\/\/riberasalud.com\/clinica-mestalla\/dr-gonzalo-ros-cervera-pediatra-neuropediatria\/#more-7583\" aria-label=\"Leer m\u00e1s sobre Dr. Gonzalo Ros Cervera Pediatra \u2013 Neuropediatr\u00eda\">Leer m\u00e1s<\/a><\/p>\n","protected":false},"author":2,"featured_media":0,"parent":0,"menu_order":0,"comment_status":"closed","ping_status":"closed","template":"","meta":{"footnotes":""},"class_list":["post-7583","page","type-page","status-publish"],"yoast_head":"<!-- This site is optimized with the Yoast SEO plugin v25.0 - https:\/\/yoast.com\/wordpress\/plugins\/seo\/ -->\n<title>Pediatra Dr. Gonzalo Ros - Cl\u00ednica Ribera Mestalla<\/title>\n<meta name=\"description\" content=\"El Dr.\u00a0Gonzalo Ros Cervera\u00a0es m\u00e9dico especialista en\u00a0Pediatr\u00eda y sus \u00c1reas Espec\u00edficas, con dedicaci\u00f3n preferente a la\u00a0Neurolog\u00eda Pedi\u00e1trica y los trastornos del neurodesarrollo.\" \/>\n<meta name=\"robots\" content=\"index, follow, max-snippet:-1, max-image-preview:large, max-video-preview:-1\" \/>\n<link rel=\"canonical\" href=\"https:\/\/riberasalud.com\/clinica-mestalla\/dr-gonzalo-ros-cervera-pediatra-neuropediatria\/\" \/>\n<meta property=\"og:locale\" content=\"es_ES\" \/>\n<meta property=\"og:type\" content=\"article\" \/>\n<meta property=\"og:title\" content=\"Pediatra Dr. Gonzalo Ros - Cl\u00ednica Ribera Mestalla\" \/>\n<meta property=\"og:description\" content=\"El Dr.\u00a0Gonzalo Ros Cervera\u00a0es m\u00e9dico especialista en\u00a0Pediatr\u00eda y sus \u00c1reas Espec\u00edficas, con dedicaci\u00f3n preferente a la\u00a0Neurolog\u00eda Pedi\u00e1trica y los trastornos del neurodesarrollo.\" \/>\n<meta property=\"og:url\" content=\"https:\/\/riberasalud.com\/clinica-mestalla\/dr-gonzalo-ros-cervera-pediatra-neuropediatria\/\" \/>\n<meta property=\"og:site_name\" content=\"Cl\u00ednica Ribera Mestalla\" \/>\n<meta property=\"article:modified_time\" content=\"2026-03-30T10:02:43+00:00\" \/>\n<meta property=\"og:image\" content=\"https:\/\/riberasalud.com\/clinica-mestalla\/wp-content\/uploads\/2026\/03\/FOTO-WEB-GONZALO-ROS-PEDIATRA-1.png\" \/>\n\t<meta property=\"og:image:width\" content=\"1000\" \/>\n\t<meta property=\"og:image:height\" content=\"772\" \/>\n\t<meta property=\"og:image:type\" content=\"image\/png\" \/>\n<meta name=\"twitter:card\" content=\"summary_large_image\" \/>\n<meta name=\"twitter:label1\" content=\"Tiempo de lectura\" \/>\n\t<meta name=\"twitter:data1\" content=\"2 minutos\" \/>\n<script type=\"application\/ld+json\" class=\"yoast-schema-graph\">{\"@context\":\"https:\/\/schema.org\",\"@graph\":[{\"@type\":\"WebPage\",\"@id\":\"https:\/\/riberasalud.com\/clinica-mestalla\/dr-gonzalo-ros-cervera-pediatra-neuropediatria\/\",\"url\":\"https:\/\/riberasalud.com\/clinica-mestalla\/dr-gonzalo-ros-cervera-pediatra-neuropediatria\/\",\"name\":\"Pediatra Dr. Gonzalo Ros - Cl\u00ednica Ribera Mestalla\",\"isPartOf\":{\"@id\":\"https:\/\/riberasalud.com\/clinica-mestalla\/#website\"},\"primaryImageOfPage\":{\"@id\":\"https:\/\/riberasalud.com\/clinica-mestalla\/dr-gonzalo-ros-cervera-pediatra-neuropediatria\/#primaryimage\"},\"image\":{\"@id\":\"https:\/\/riberasalud.com\/clinica-mestalla\/dr-gonzalo-ros-cervera-pediatra-neuropediatria\/#primaryimage\"},\"thumbnailUrl\":\"https:\/\/riberasalud.com\/clinica-mestalla\/wp-content\/uploads\/2026\/03\/FOTO-WEB-GONZALO-ROS-PEDIATRA-1.png\",\"datePublished\":\"2026-03-25T15:24:42+00:00\",\"dateModified\":\"2026-03-30T10:02:43+00:00\",\"description\":\"El Dr.\u00a0Gonzalo Ros Cervera\u00a0es m\u00e9dico especialista en\u00a0Pediatr\u00eda y sus \u00c1reas Espec\u00edficas, con dedicaci\u00f3n preferente a la\u00a0Neurolog\u00eda Pedi\u00e1trica y los trastornos del neurodesarrollo.\",\"breadcrumb\":{\"@id\":\"https:\/\/riberasalud.com\/clinica-mestalla\/dr-gonzalo-ros-cervera-pediatra-neuropediatria\/#breadcrumb\"},\"inLanguage\":\"es\",\"potentialAction\":[{\"@type\":\"ReadAction\",\"target\":[\"https:\/\/riberasalud.com\/clinica-mestalla\/dr-gonzalo-ros-cervera-pediatra-neuropediatria\/\"]}]},{\"@type\":\"ImageObject\",\"inLanguage\":\"es\",\"@id\":\"https:\/\/riberasalud.com\/clinica-mestalla\/dr-gonzalo-ros-cervera-pediatra-neuropediatria\/#primaryimage\",\"url\":\"https:\/\/riberasalud.com\/clinica-mestalla\/wp-content\/uploads\/2026\/03\/FOTO-WEB-GONZALO-ROS-PEDIATRA-1.png\",\"contentUrl\":\"https:\/\/riberasalud.com\/clinica-mestalla\/wp-content\/uploads\/2026\/03\/FOTO-WEB-GONZALO-ROS-PEDIATRA-1.png\",\"width\":1000,\"height\":772,\"caption\":\"GONZALO ROS (PEDIATRA)\"},{\"@type\":\"BreadcrumbList\",\"@id\":\"https:\/\/riberasalud.com\/clinica-mestalla\/dr-gonzalo-ros-cervera-pediatra-neuropediatria\/#breadcrumb\",\"itemListElement\":[{\"@type\":\"ListItem\",\"position\":1,\"name\":\"Portada\",\"item\":\"https:\/\/riberasalud.com\/clinica-mestalla\/\"},{\"@type\":\"ListItem\",\"position\":2,\"name\":\"Dr. Gonzalo Ros Cervera Pediatra \u2013 Neuropediatr\u00eda\"}]},{\"@type\":\"WebSite\",\"@id\":\"https:\/\/riberasalud.com\/clinica-mestalla\/#website\",\"url\":\"https:\/\/riberasalud.com\/clinica-mestalla\/\",\"name\":\"Cl\u00ednica Ribera Mestalla\",\"description\":\"\",\"publisher\":{\"@id\":\"https:\/\/riberasalud.com\/clinica-mestalla\/#organization\"},\"potentialAction\":[{\"@type\":\"SearchAction\",\"target\":{\"@type\":\"EntryPoint\",\"urlTemplate\":\"https:\/\/riberasalud.com\/clinica-mestalla\/?s={search_term_string}\"},\"query-input\":{\"@type\":\"PropertyValueSpecification\",\"valueRequired\":true,\"valueName\":\"search_term_string\"}}],\"inLanguage\":\"es\"},{\"@type\":\"Organization\",\"@id\":\"https:\/\/riberasalud.com\/clinica-mestalla\/#organization\",\"name\":\"Cl\u00ednica Ribera Mestalla\",\"url\":\"https:\/\/riberasalud.com\/clinica-mestalla\/\",\"logo\":{\"@type\":\"ImageObject\",\"inLanguage\":\"es\",\"@id\":\"https:\/\/riberasalud.com\/clinica-mestalla\/#\/schema\/logo\/image\/\",\"url\":\"https:\/\/riberasalud.com\/clinica-mestalla\/wp-content\/uploads\/2025\/04\/Clinica-Ribera-Mestalla-Logotipo.png\",\"contentUrl\":\"https:\/\/riberasalud.com\/clinica-mestalla\/wp-content\/uploads\/2025\/04\/Clinica-Ribera-Mestalla-Logotipo.png\",\"width\":351,\"height\":73,\"caption\":\"Cl\u00ednica Ribera Mestalla\"},\"image\":{\"@id\":\"https:\/\/riberasalud.com\/clinica-mestalla\/#\/schema\/logo\/image\/\"}}]}<\/script>\n<!-- \/ Yoast SEO plugin. -->","yoast_head_json":{"title":"Pediatra Dr. Gonzalo Ros - Cl\u00ednica Ribera Mestalla","description":"El Dr.\u00a0Gonzalo Ros Cervera\u00a0es m\u00e9dico especialista en\u00a0Pediatr\u00eda y sus \u00c1reas Espec\u00edficas, con dedicaci\u00f3n preferente a la\u00a0Neurolog\u00eda Pedi\u00e1trica y los trastornos del neurodesarrollo.","robots":{"index":"index","follow":"follow","max-snippet":"max-snippet:-1","max-image-preview":"max-image-preview:large","max-video-preview":"max-video-preview:-1"},"canonical":"https:\/\/riberasalud.com\/clinica-mestalla\/dr-gonzalo-ros-cervera-pediatra-neuropediatria\/","og_locale":"es_ES","og_type":"article","og_title":"Pediatra Dr. Gonzalo Ros - Cl\u00ednica Ribera Mestalla","og_description":"El Dr.\u00a0Gonzalo Ros Cervera\u00a0es m\u00e9dico especialista en\u00a0Pediatr\u00eda y sus \u00c1reas Espec\u00edficas, con dedicaci\u00f3n preferente a la\u00a0Neurolog\u00eda Pedi\u00e1trica y los trastornos del neurodesarrollo.","og_url":"https:\/\/riberasalud.com\/clinica-mestalla\/dr-gonzalo-ros-cervera-pediatra-neuropediatria\/","og_site_name":"Cl\u00ednica Ribera Mestalla","article_modified_time":"2026-03-30T10:02:43+00:00","og_image":[{"width":1000,"height":772,"url":"https:\/\/riberasalud.com\/clinica-mestalla\/wp-content\/uploads\/2026\/03\/FOTO-WEB-GONZALO-ROS-PEDIATRA-1.png","type":"image\/png"}],"twitter_card":"summary_large_image","twitter_misc":{"Tiempo de lectura":"2 minutos"},"schema":{"@context":"https:\/\/schema.org","@graph":[{"@type":"WebPage","@id":"https:\/\/riberasalud.com\/clinica-mestalla\/dr-gonzalo-ros-cervera-pediatra-neuropediatria\/","url":"https:\/\/riberasalud.com\/clinica-mestalla\/dr-gonzalo-ros-cervera-pediatra-neuropediatria\/","name":"Pediatra Dr. Gonzalo Ros - Cl\u00ednica Ribera Mestalla","isPartOf":{"@id":"https:\/\/riberasalud.com\/clinica-mestalla\/#website"},"primaryImageOfPage":{"@id":"https:\/\/riberasalud.com\/clinica-mestalla\/dr-gonzalo-ros-cervera-pediatra-neuropediatria\/#primaryimage"},"image":{"@id":"https:\/\/riberasalud.com\/clinica-mestalla\/dr-gonzalo-ros-cervera-pediatra-neuropediatria\/#primaryimage"},"thumbnailUrl":"https:\/\/riberasalud.com\/clinica-mestalla\/wp-content\/uploads\/2026\/03\/FOTO-WEB-GONZALO-ROS-PEDIATRA-1.png","datePublished":"2026-03-25T15:24:42+00:00","dateModified":"2026-03-30T10:02:43+00:00","description":"El Dr.\u00a0Gonzalo Ros Cervera\u00a0es m\u00e9dico especialista en\u00a0Pediatr\u00eda y sus \u00c1reas Espec\u00edficas, con dedicaci\u00f3n preferente a la\u00a0Neurolog\u00eda Pedi\u00e1trica y los trastornos del neurodesarrollo.","breadcrumb":{"@id":"https:\/\/riberasalud.com\/clinica-mestalla\/dr-gonzalo-ros-cervera-pediatra-neuropediatria\/#breadcrumb"},"inLanguage":"es","potentialAction":[{"@type":"ReadAction","target":["https:\/\/riberasalud.com\/clinica-mestalla\/dr-gonzalo-ros-cervera-pediatra-neuropediatria\/"]}]},{"@type":"ImageObject","inLanguage":"es","@id":"https:\/\/riberasalud.com\/clinica-mestalla\/dr-gonzalo-ros-cervera-pediatra-neuropediatria\/#primaryimage","url":"https:\/\/riberasalud.com\/clinica-mestalla\/wp-content\/uploads\/2026\/03\/FOTO-WEB-GONZALO-ROS-PEDIATRA-1.png","contentUrl":"https:\/\/riberasalud.com\/clinica-mestalla\/wp-content\/uploads\/2026\/03\/FOTO-WEB-GONZALO-ROS-PEDIATRA-1.png","width":1000,"height":772,"caption":"GONZALO ROS (PEDIATRA)"},{"@type":"BreadcrumbList","@id":"https:\/\/riberasalud.com\/clinica-mestalla\/dr-gonzalo-ros-cervera-pediatra-neuropediatria\/#breadcrumb","itemListElement":[{"@type":"ListItem","position":1,"name":"Portada","item":"https:\/\/riberasalud.com\/clinica-mestalla\/"},{"@type":"ListItem","position":2,"name":"Dr. Gonzalo Ros Cervera Pediatra \u2013 Neuropediatr\u00eda"}]},{"@type":"WebSite","@id":"https:\/\/riberasalud.com\/clinica-mestalla\/#website","url":"https:\/\/riberasalud.com\/clinica-mestalla\/","name":"Cl\u00ednica Ribera Mestalla","description":"","publisher":{"@id":"https:\/\/riberasalud.com\/clinica-mestalla\/#organization"},"potentialAction":[{"@type":"SearchAction","target":{"@type":"EntryPoint","urlTemplate":"https:\/\/riberasalud.com\/clinica-mestalla\/?s={search_term_string}"},"query-input":{"@type":"PropertyValueSpecification","valueRequired":true,"valueName":"search_term_string"}}],"inLanguage":"es"},{"@type":"Organization","@id":"https:\/\/riberasalud.com\/clinica-mestalla\/#organization","name":"Cl\u00ednica Ribera Mestalla","url":"https:\/\/riberasalud.com\/clinica-mestalla\/","logo":{"@type":"ImageObject","inLanguage":"es","@id":"https:\/\/riberasalud.com\/clinica-mestalla\/#\/schema\/logo\/image\/","url":"https:\/\/riberasalud.com\/clinica-mestalla\/wp-content\/uploads\/2025\/04\/Clinica-Ribera-Mestalla-Logotipo.png","contentUrl":"https:\/\/riberasalud.com\/clinica-mestalla\/wp-content\/uploads\/2025\/04\/Clinica-Ribera-Mestalla-Logotipo.png","width":351,"height":73,"caption":"Cl\u00ednica Ribera Mestalla"},"image":{"@id":"https:\/\/riberasalud.com\/clinica-mestalla\/#\/schema\/logo\/image\/"}}]}},"_links":{"self":[{"href":"https:\/\/riberasalud.com\/clinica-mestalla\/wp-json\/wp\/v2\/pages\/7583","targetHints":{"allow":["GET"]}}],"collection":[{"href":"https:\/\/riberasalud.com\/clinica-mestalla\/wp-json\/wp\/v2\/pages"}],"about":[{"href":"https:\/\/riberasalud.com\/clinica-mestalla\/wp-json\/wp\/v2\/types\/page"}],"author":[{"embeddable":true,"href":"https:\/\/riberasalud.com\/clinica-mestalla\/wp-json\/wp\/v2\/users\/2"}],"replies":[{"embeddable":true,"href":"https:\/\/riberasalud.com\/clinica-mestalla\/wp-json\/wp\/v2\/comments?post=7583"}],"version-history":[{"count":4,"href":"https:\/\/riberasalud.com\/clinica-mestalla\/wp-json\/wp\/v2\/pages\/7583\/revisions"}],"predecessor-version":[{"id":7589,"href":"https:\/\/riberasalud.com\/clinica-mestalla\/wp-json\/wp\/v2\/pages\/7583\/revisions\/7589"}],"wp:attachment":[{"href":"https:\/\/riberasalud.com\/clinica-mestalla\/wp-json\/wp\/v2\/media?parent=7583"}],"curies":[{"name":"wp","href":"https:\/\/api.w.org\/{rel}","templated":true}]}}