{"id":7131,"date":"2026-01-15T11:12:46","date_gmt":"2026-01-15T10:12:46","guid":{"rendered":"https:\/\/riberasalud.com\/clinica-mestalla\/?page_id=7131"},"modified":"2026-01-15T11:12:48","modified_gmt":"2026-01-15T10:12:48","slug":"dr-sergio-calvache-medicina-del-deporte-y-neumologia","status":"publish","type":"page","link":"https:\/\/riberasalud.com\/clinica-mestalla\/dr-sergio-calvache-medicina-del-deporte-y-neumologia\/","title":{"rendered":"Dr. Sergio Calvache &#8211; Medicina del Deporte y Neumolog\u00eda"},"content":{"rendered":"\n<div class=\"wp-block-group fondodoctoragroup\"><div class=\"wp-block-group__inner-container is-layout-constrained wp-block-group-is-layout-constrained\">\n<div class=\"wp-block-columns doblecolumnaimagen is-layout-flex wp-container-core-columns-is-layout-9d6595d7 wp-block-columns-is-layout-flex\">\n<div class=\"wp-block-column is-layout-flow wp-block-column-is-layout-flow\">\n<figure class=\"wp-block-image size-full\"><img loading=\"lazy\" decoding=\"async\" width=\"1000\" height=\"772\" src=\"https:\/\/riberasalud.com\/clinica-mestalla\/wp-content\/uploads\/2026\/01\/FOTO-INCORPORACION-WEB-SERGIO-CALVACHE-MESTALLA_ENTERO.jpg\" alt=\"Dr. Sergio Calvache\" class=\"wp-image-7132\" srcset=\"https:\/\/riberasalud.com\/clinica-mestalla\/wp-content\/uploads\/2026\/01\/FOTO-INCORPORACION-WEB-SERGIO-CALVACHE-MESTALLA_ENTERO.jpg 1000w, https:\/\/riberasalud.com\/clinica-mestalla\/wp-content\/uploads\/2026\/01\/FOTO-INCORPORACION-WEB-SERGIO-CALVACHE-MESTALLA_ENTERO-300x232.jpg 300w, https:\/\/riberasalud.com\/clinica-mestalla\/wp-content\/uploads\/2026\/01\/FOTO-INCORPORACION-WEB-SERGIO-CALVACHE-MESTALLA_ENTERO-768x593.jpg 768w\" sizes=\"auto, (max-width: 1000px) 100vw, 1000px\" \/><\/figure>\n<\/div>\n\n\n\n<div class=\"wp-block-column is-vertically-aligned-center first is-layout-flow wp-block-column-is-layout-flow\">\n<h1 class=\"wp-block-heading has-text-color has-link-color wp-elements-a0b45cc96e332396333ba87bd27ae19b\" style=\"color:#d71029;font-size:28px\">Dr. Sergio Calvache<\/h1>\n\n\n\n<h2 class=\"wp-block-heading has-text-color has-link-color wp-elements-263f031671053b1d7b1570304b6f603a\" style=\"color:#d71029;font-size:26px;font-style:normal;font-weight:400\">&#8211; Medicina del Deporte y Neumolog\u00eda<\/h2>\n\n\n\n<p><em>Licenciado en Ciencias de la Actividad F\u00edsica y el Deporte y Graduado en Medicina, especializado en Neumolog\u00eda y subespecialista en pruebas funcionales respiratorias. Posee m\u00e1ster en Medicina Deportiva y Atenci\u00f3n del paciente respiratorio grave, con una s\u00f3lida trayectoria como m\u00e9dico deportivo. Ha sido m\u00e9dico del primer equipo del Valencia Basket Club en competiciones ACB, Euroliga y Eurobasket.<\/em><\/p>\n\n\n\n<p><em>Colabora en el consenso nacional sobre diagn\u00f3stico de asma inducida por el ejercicio y ha publicado en el \u00e1mbito de la patolog\u00eda respiratoria y el deporte.<\/em><\/p>\n\n\n\n<p><em>Con una amplia experiencia en la valoraci\u00f3n funcional, la ergoespirometr\u00eda y la rehabilitaci\u00f3n de deportistas, integra su formaci\u00f3n m\u00e9dica y deportiva para ofrecer un abordaje multidisciplinar. En su trayectoria deportiva destaca su paso por la Superliga 2 de voleibol y su pr\u00e1ctica en artes marciales (Taekwondo). Adem\u00e1s, es monitor de nataci\u00f3n y entrenador de voleibol nivel 3, as\u00ed como apasionado de pruebas como triatl\u00f3n y deportes de resistencia.<\/em><\/p>\n\n\n\n<p><em>Es miembro activo de la Sociedad Valenciana de Neumolog\u00eda, SEPAR, FEMEDE y la Asociaci\u00f3n Espa\u00f1ola de M\u00e9dicos de Baloncesto.<\/em><\/p>\n<\/div>\n<\/div>\n<\/div><\/div>\n","protected":false},"excerpt":{"rendered":"<p>Dr. Sergio Calvache &#8211; Medicina del Deporte y Neumolog\u00eda Licenciado en Ciencias de la Actividad F\u00edsica y el Deporte y Graduado en Medicina, especializado en Neumolog\u00eda y subespecialista en pruebas funcionales respiratorias. Posee m\u00e1ster en Medicina Deportiva y Atenci\u00f3n del paciente respiratorio grave, con una s\u00f3lida trayectoria como m\u00e9dico deportivo. Ha sido m\u00e9dico del primer &#8230; <\/p>\n<p class=\"read-more-container\"><a title=\"Dr. Sergio Calvache &#8211; Medicina del Deporte y Neumolog\u00eda\" class=\"read-more button\" href=\"https:\/\/riberasalud.com\/clinica-mestalla\/dr-sergio-calvache-medicina-del-deporte-y-neumologia\/#more-7131\" aria-label=\"Leer m\u00e1s sobre Dr. Sergio Calvache &#8211; Medicina del Deporte y Neumolog\u00eda\">Leer m\u00e1s<\/a><\/p>\n","protected":false},"author":2,"featured_media":0,"parent":0,"menu_order":0,"comment_status":"closed","ping_status":"closed","template":"","meta":{"footnotes":""},"class_list":["post-7131","page","type-page","status-publish"],"yoast_head":"<!-- This site is optimized with the Yoast SEO plugin v25.0 - https:\/\/yoast.com\/wordpress\/plugins\/seo\/ -->\n<title>Traumat\u00f3logo Dr. Carlos S\u00e1nchez - Cl\u00ednica Ribera Mestalla<\/title>\n<meta name=\"description\" content=\"Licenciado en Ciencias de la Actividad F\u00edsica y el Deporte y Graduado en Medicina, especializado en Neumolog\u00eda y subespecialista en pruebas funcionales respiratorias\" \/>\n<meta name=\"robots\" content=\"index, follow, max-snippet:-1, max-image-preview:large, max-video-preview:-1\" \/>\n<link rel=\"canonical\" href=\"https:\/\/riberasalud.com\/clinica-mestalla\/dr-sergio-calvache-medicina-del-deporte-y-neumologia\/\" \/>\n<meta property=\"og:locale\" content=\"es_ES\" \/>\n<meta property=\"og:type\" content=\"article\" \/>\n<meta property=\"og:title\" content=\"Traumat\u00f3logo Dr. Carlos S\u00e1nchez - Cl\u00ednica Ribera Mestalla\" \/>\n<meta property=\"og:description\" content=\"Licenciado en Ciencias de la Actividad F\u00edsica y el Deporte y Graduado en Medicina, especializado en Neumolog\u00eda y subespecialista en pruebas funcionales respiratorias\" \/>\n<meta property=\"og:url\" content=\"https:\/\/riberasalud.com\/clinica-mestalla\/dr-sergio-calvache-medicina-del-deporte-y-neumologia\/\" \/>\n<meta property=\"og:site_name\" content=\"Cl\u00ednica Ribera Mestalla\" \/>\n<meta property=\"article:modified_time\" content=\"2026-01-15T10:12:48+00:00\" \/>\n<meta property=\"og:image\" content=\"https:\/\/riberasalud.com\/clinica-mestalla\/wp-content\/uploads\/2026\/01\/FOTO-INCORPORACION-WEB-SERGIO-CALVACHE-MESTALLA_ENTERO.jpg\" \/>\n\t<meta property=\"og:image:width\" content=\"1000\" \/>\n\t<meta property=\"og:image:height\" content=\"772\" \/>\n\t<meta property=\"og:image:type\" content=\"image\/jpeg\" \/>\n<meta name=\"twitter:card\" content=\"summary_large_image\" \/>\n<meta name=\"twitter:label1\" content=\"Tiempo de lectura\" \/>\n\t<meta name=\"twitter:data1\" content=\"2 minutos\" \/>\n<script type=\"application\/ld+json\" class=\"yoast-schema-graph\">{\"@context\":\"https:\/\/schema.org\",\"@graph\":[{\"@type\":\"WebPage\",\"@id\":\"https:\/\/riberasalud.com\/clinica-mestalla\/dr-sergio-calvache-medicina-del-deporte-y-neumologia\/\",\"url\":\"https:\/\/riberasalud.com\/clinica-mestalla\/dr-sergio-calvache-medicina-del-deporte-y-neumologia\/\",\"name\":\"Traumat\u00f3logo Dr. Carlos S\u00e1nchez - Cl\u00ednica Ribera Mestalla\",\"isPartOf\":{\"@id\":\"https:\/\/riberasalud.com\/clinica-mestalla\/#website\"},\"primaryImageOfPage\":{\"@id\":\"https:\/\/riberasalud.com\/clinica-mestalla\/dr-sergio-calvache-medicina-del-deporte-y-neumologia\/#primaryimage\"},\"image\":{\"@id\":\"https:\/\/riberasalud.com\/clinica-mestalla\/dr-sergio-calvache-medicina-del-deporte-y-neumologia\/#primaryimage\"},\"thumbnailUrl\":\"https:\/\/riberasalud.com\/clinica-mestalla\/wp-content\/uploads\/2026\/01\/FOTO-INCORPORACION-WEB-SERGIO-CALVACHE-MESTALLA_ENTERO.jpg\",\"datePublished\":\"2026-01-15T10:12:46+00:00\",\"dateModified\":\"2026-01-15T10:12:48+00:00\",\"description\":\"Licenciado en Ciencias de la Actividad F\u00edsica y el Deporte y Graduado en Medicina, especializado en Neumolog\u00eda y subespecialista en pruebas funcionales respiratorias\",\"breadcrumb\":{\"@id\":\"https:\/\/riberasalud.com\/clinica-mestalla\/dr-sergio-calvache-medicina-del-deporte-y-neumologia\/#breadcrumb\"},\"inLanguage\":\"es\",\"potentialAction\":[{\"@type\":\"ReadAction\",\"target\":[\"https:\/\/riberasalud.com\/clinica-mestalla\/dr-sergio-calvache-medicina-del-deporte-y-neumologia\/\"]}]},{\"@type\":\"ImageObject\",\"inLanguage\":\"es\",\"@id\":\"https:\/\/riberasalud.com\/clinica-mestalla\/dr-sergio-calvache-medicina-del-deporte-y-neumologia\/#primaryimage\",\"url\":\"https:\/\/riberasalud.com\/clinica-mestalla\/wp-content\/uploads\/2026\/01\/FOTO-INCORPORACION-WEB-SERGIO-CALVACHE-MESTALLA_ENTERO.jpg\",\"contentUrl\":\"https:\/\/riberasalud.com\/clinica-mestalla\/wp-content\/uploads\/2026\/01\/FOTO-INCORPORACION-WEB-SERGIO-CALVACHE-MESTALLA_ENTERO.jpg\",\"width\":1000,\"height\":772,\"caption\":\"Dr. Sergio Calvache\"},{\"@type\":\"BreadcrumbList\",\"@id\":\"https:\/\/riberasalud.com\/clinica-mestalla\/dr-sergio-calvache-medicina-del-deporte-y-neumologia\/#breadcrumb\",\"itemListElement\":[{\"@type\":\"ListItem\",\"position\":1,\"name\":\"Portada\",\"item\":\"https:\/\/riberasalud.com\/clinica-mestalla\/\"},{\"@type\":\"ListItem\",\"position\":2,\"name\":\"Dr. Sergio Calvache &#8211; Medicina del Deporte y Neumolog\u00eda\"}]},{\"@type\":\"WebSite\",\"@id\":\"https:\/\/riberasalud.com\/clinica-mestalla\/#website\",\"url\":\"https:\/\/riberasalud.com\/clinica-mestalla\/\",\"name\":\"Cl\u00ednica Ribera Mestalla\",\"description\":\"\",\"publisher\":{\"@id\":\"https:\/\/riberasalud.com\/clinica-mestalla\/#organization\"},\"potentialAction\":[{\"@type\":\"SearchAction\",\"target\":{\"@type\":\"EntryPoint\",\"urlTemplate\":\"https:\/\/riberasalud.com\/clinica-mestalla\/?s={search_term_string}\"},\"query-input\":{\"@type\":\"PropertyValueSpecification\",\"valueRequired\":true,\"valueName\":\"search_term_string\"}}],\"inLanguage\":\"es\"},{\"@type\":\"Organization\",\"@id\":\"https:\/\/riberasalud.com\/clinica-mestalla\/#organization\",\"name\":\"Cl\u00ednica Ribera Mestalla\",\"url\":\"https:\/\/riberasalud.com\/clinica-mestalla\/\",\"logo\":{\"@type\":\"ImageObject\",\"inLanguage\":\"es\",\"@id\":\"https:\/\/riberasalud.com\/clinica-mestalla\/#\/schema\/logo\/image\/\",\"url\":\"https:\/\/riberasalud.com\/clinica-mestalla\/wp-content\/uploads\/2025\/04\/Clinica-Ribera-Mestalla-Logotipo.png\",\"contentUrl\":\"https:\/\/riberasalud.com\/clinica-mestalla\/wp-content\/uploads\/2025\/04\/Clinica-Ribera-Mestalla-Logotipo.png\",\"width\":351,\"height\":73,\"caption\":\"Cl\u00ednica Ribera Mestalla\"},\"image\":{\"@id\":\"https:\/\/riberasalud.com\/clinica-mestalla\/#\/schema\/logo\/image\/\"}}]}<\/script>\n<!-- \/ Yoast SEO plugin. -->","yoast_head_json":{"title":"Traumat\u00f3logo Dr. Carlos S\u00e1nchez - Cl\u00ednica Ribera Mestalla","description":"Licenciado en Ciencias de la Actividad F\u00edsica y el Deporte y Graduado en Medicina, especializado en Neumolog\u00eda y subespecialista en pruebas funcionales respiratorias","robots":{"index":"index","follow":"follow","max-snippet":"max-snippet:-1","max-image-preview":"max-image-preview:large","max-video-preview":"max-video-preview:-1"},"canonical":"https:\/\/riberasalud.com\/clinica-mestalla\/dr-sergio-calvache-medicina-del-deporte-y-neumologia\/","og_locale":"es_ES","og_type":"article","og_title":"Traumat\u00f3logo Dr. Carlos S\u00e1nchez - Cl\u00ednica Ribera Mestalla","og_description":"Licenciado en Ciencias de la Actividad F\u00edsica y el Deporte y Graduado en Medicina, especializado en Neumolog\u00eda y subespecialista en pruebas funcionales respiratorias","og_url":"https:\/\/riberasalud.com\/clinica-mestalla\/dr-sergio-calvache-medicina-del-deporte-y-neumologia\/","og_site_name":"Cl\u00ednica Ribera Mestalla","article_modified_time":"2026-01-15T10:12:48+00:00","og_image":[{"width":1000,"height":772,"url":"https:\/\/riberasalud.com\/clinica-mestalla\/wp-content\/uploads\/2026\/01\/FOTO-INCORPORACION-WEB-SERGIO-CALVACHE-MESTALLA_ENTERO.jpg","type":"image\/jpeg"}],"twitter_card":"summary_large_image","twitter_misc":{"Tiempo de lectura":"2 minutos"},"schema":{"@context":"https:\/\/schema.org","@graph":[{"@type":"WebPage","@id":"https:\/\/riberasalud.com\/clinica-mestalla\/dr-sergio-calvache-medicina-del-deporte-y-neumologia\/","url":"https:\/\/riberasalud.com\/clinica-mestalla\/dr-sergio-calvache-medicina-del-deporte-y-neumologia\/","name":"Traumat\u00f3logo Dr. Carlos S\u00e1nchez - Cl\u00ednica Ribera Mestalla","isPartOf":{"@id":"https:\/\/riberasalud.com\/clinica-mestalla\/#website"},"primaryImageOfPage":{"@id":"https:\/\/riberasalud.com\/clinica-mestalla\/dr-sergio-calvache-medicina-del-deporte-y-neumologia\/#primaryimage"},"image":{"@id":"https:\/\/riberasalud.com\/clinica-mestalla\/dr-sergio-calvache-medicina-del-deporte-y-neumologia\/#primaryimage"},"thumbnailUrl":"https:\/\/riberasalud.com\/clinica-mestalla\/wp-content\/uploads\/2026\/01\/FOTO-INCORPORACION-WEB-SERGIO-CALVACHE-MESTALLA_ENTERO.jpg","datePublished":"2026-01-15T10:12:46+00:00","dateModified":"2026-01-15T10:12:48+00:00","description":"Licenciado en Ciencias de la Actividad F\u00edsica y el Deporte y Graduado en Medicina, especializado en Neumolog\u00eda y subespecialista en pruebas funcionales respiratorias","breadcrumb":{"@id":"https:\/\/riberasalud.com\/clinica-mestalla\/dr-sergio-calvache-medicina-del-deporte-y-neumologia\/#breadcrumb"},"inLanguage":"es","potentialAction":[{"@type":"ReadAction","target":["https:\/\/riberasalud.com\/clinica-mestalla\/dr-sergio-calvache-medicina-del-deporte-y-neumologia\/"]}]},{"@type":"ImageObject","inLanguage":"es","@id":"https:\/\/riberasalud.com\/clinica-mestalla\/dr-sergio-calvache-medicina-del-deporte-y-neumologia\/#primaryimage","url":"https:\/\/riberasalud.com\/clinica-mestalla\/wp-content\/uploads\/2026\/01\/FOTO-INCORPORACION-WEB-SERGIO-CALVACHE-MESTALLA_ENTERO.jpg","contentUrl":"https:\/\/riberasalud.com\/clinica-mestalla\/wp-content\/uploads\/2026\/01\/FOTO-INCORPORACION-WEB-SERGIO-CALVACHE-MESTALLA_ENTERO.jpg","width":1000,"height":772,"caption":"Dr. Sergio Calvache"},{"@type":"BreadcrumbList","@id":"https:\/\/riberasalud.com\/clinica-mestalla\/dr-sergio-calvache-medicina-del-deporte-y-neumologia\/#breadcrumb","itemListElement":[{"@type":"ListItem","position":1,"name":"Portada","item":"https:\/\/riberasalud.com\/clinica-mestalla\/"},{"@type":"ListItem","position":2,"name":"Dr. Sergio Calvache &#8211; Medicina del Deporte y Neumolog\u00eda"}]},{"@type":"WebSite","@id":"https:\/\/riberasalud.com\/clinica-mestalla\/#website","url":"https:\/\/riberasalud.com\/clinica-mestalla\/","name":"Cl\u00ednica Ribera Mestalla","description":"","publisher":{"@id":"https:\/\/riberasalud.com\/clinica-mestalla\/#organization"},"potentialAction":[{"@type":"SearchAction","target":{"@type":"EntryPoint","urlTemplate":"https:\/\/riberasalud.com\/clinica-mestalla\/?s={search_term_string}"},"query-input":{"@type":"PropertyValueSpecification","valueRequired":true,"valueName":"search_term_string"}}],"inLanguage":"es"},{"@type":"Organization","@id":"https:\/\/riberasalud.com\/clinica-mestalla\/#organization","name":"Cl\u00ednica Ribera Mestalla","url":"https:\/\/riberasalud.com\/clinica-mestalla\/","logo":{"@type":"ImageObject","inLanguage":"es","@id":"https:\/\/riberasalud.com\/clinica-mestalla\/#\/schema\/logo\/image\/","url":"https:\/\/riberasalud.com\/clinica-mestalla\/wp-content\/uploads\/2025\/04\/Clinica-Ribera-Mestalla-Logotipo.png","contentUrl":"https:\/\/riberasalud.com\/clinica-mestalla\/wp-content\/uploads\/2025\/04\/Clinica-Ribera-Mestalla-Logotipo.png","width":351,"height":73,"caption":"Cl\u00ednica Ribera Mestalla"},"image":{"@id":"https:\/\/riberasalud.com\/clinica-mestalla\/#\/schema\/logo\/image\/"}}]}},"_links":{"self":[{"href":"https:\/\/riberasalud.com\/clinica-mestalla\/wp-json\/wp\/v2\/pages\/7131","targetHints":{"allow":["GET"]}}],"collection":[{"href":"https:\/\/riberasalud.com\/clinica-mestalla\/wp-json\/wp\/v2\/pages"}],"about":[{"href":"https:\/\/riberasalud.com\/clinica-mestalla\/wp-json\/wp\/v2\/types\/page"}],"author":[{"embeddable":true,"href":"https:\/\/riberasalud.com\/clinica-mestalla\/wp-json\/wp\/v2\/users\/2"}],"replies":[{"embeddable":true,"href":"https:\/\/riberasalud.com\/clinica-mestalla\/wp-json\/wp\/v2\/comments?post=7131"}],"version-history":[{"count":1,"href":"https:\/\/riberasalud.com\/clinica-mestalla\/wp-json\/wp\/v2\/pages\/7131\/revisions"}],"predecessor-version":[{"id":7133,"href":"https:\/\/riberasalud.com\/clinica-mestalla\/wp-json\/wp\/v2\/pages\/7131\/revisions\/7133"}],"wp:attachment":[{"href":"https:\/\/riberasalud.com\/clinica-mestalla\/wp-json\/wp\/v2\/media?parent=7131"}],"curies":[{"name":"wp","href":"https:\/\/api.w.org\/{rel}","templated":true}]}}