{"id":7103,"date":"2026-01-12T15:55:20","date_gmt":"2026-01-12T14:55:20","guid":{"rendered":"https:\/\/riberasalud.com\/clinica-mestalla\/?page_id=7103"},"modified":"2026-01-12T16:10:55","modified_gmt":"2026-01-12T15:10:55","slug":"dr-paloma-lluch-medico-aparato-digestivo","status":"publish","type":"page","link":"https:\/\/riberasalud.com\/clinica-mestalla\/dr-paloma-lluch-medico-aparato-digestivo\/","title":{"rendered":"Dr. Paloma Lluch &#8211; M\u00e9dico Aparato Digestivo"},"content":{"rendered":"\n<div class=\"wp-block-group fondodoctoragroup\"><div class=\"wp-block-group__inner-container is-layout-constrained wp-block-group-is-layout-constrained\">\n<div class=\"wp-block-columns doblecolumnaimagen is-layout-flex wp-container-core-columns-is-layout-9d6595d7 wp-block-columns-is-layout-flex\">\n<div class=\"wp-block-column is-layout-flow wp-block-column-is-layout-flow\">\n<figure class=\"wp-block-image size-full\"><img loading=\"lazy\" decoding=\"async\" width=\"1000\" height=\"772\" src=\"https:\/\/riberasalud.com\/clinica-mestalla\/wp-content\/uploads\/2026\/01\/Paloma-Lluch-Aparato-Digestivo.jpg\" alt=\"Paloma Lluch, m\u00e9dico especialista en Aparato Digestivo\" class=\"wp-image-7106\" srcset=\"https:\/\/riberasalud.com\/clinica-mestalla\/wp-content\/uploads\/2026\/01\/Paloma-Lluch-Aparato-Digestivo.jpg 1000w, https:\/\/riberasalud.com\/clinica-mestalla\/wp-content\/uploads\/2026\/01\/Paloma-Lluch-Aparato-Digestivo-300x232.jpg 300w, https:\/\/riberasalud.com\/clinica-mestalla\/wp-content\/uploads\/2026\/01\/Paloma-Lluch-Aparato-Digestivo-768x593.jpg 768w\" sizes=\"auto, (max-width: 1000px) 100vw, 1000px\" \/><\/figure>\n<\/div>\n\n\n\n<div class=\"wp-block-column is-vertically-aligned-center first is-layout-flow wp-block-column-is-layout-flow\">\n<h1 class=\"wp-block-heading has-text-color has-link-color wp-elements-e51ba5e676c900dabc6317faf60b9b77\" style=\"color:#d71029;font-size:28px\">Dra. Paloma Lluch<\/h1>\n\n\n\n<h2 class=\"wp-block-heading has-text-color has-link-color wp-elements-dc55318c3d00a756b7af3ab5b2915928\" style=\"color:#d71029;font-size:26px;font-style:normal;font-weight:400\">&#8211; M\u00e9dico especialista en Aparato Digestivo<\/h2>\n\n\n\n<p>Realiz\u00f3 su <strong>formaci\u00f3n<\/strong> <strong>universitaria <\/strong>en la Facultad de Medicina de Valencia y en la Facultad de Medicina de Estrasburgo (Francia). Es m\u00e9dico especialista en Aparato Digestivo, con formaci\u00f3n v\u00eda MIR cuya finalizaci\u00f3n de la residencia fue en el a\u00f1o 2002.<\/p>\n\n\n\n<p>Es Doctora por la Universidad de Valencia (calificaci\u00f3n cum laude) y Profesora Asociada Asistencial de la Facultad de Medicina de la Universidad de Valencia en el Departamento de Medicina Interna. Colabora tambi\u00e9n en el Departamento de Fisiolog\u00eda con participaci\u00f3n anual en cursos de doctorado, y en el M\u00e1ster de Fisiolog\u00eda, combinando su actividad cl\u00ednica con una intensa labor docente y acad\u00e9mica.<\/p>\n\n\n\n<p>Jefa de la Secci\u00f3n de Hepatolog\u00eda del Hospital Cl\u00ednico Universitario de Valencia, donde desarrolla su actividad asistencial en el Servicio de Medicina Digestiva desde hace 27 a\u00f1os. Cuenta con <strong>amplia experiencia <\/strong>en patolog\u00eda digestiva general, con atenci\u00f3n cl\u00ednica habitual a pacientes ingresados en la Sala de Digestivo, y en consultas monogr\u00e1ficas. Est\u00e1 subespecializada en hepatolog\u00eda y, de forma destacada, en hepatocarcinoma, participando activamente en la creaci\u00f3n de equipos y comit\u00e9s multidisciplinares dedicados a esta entidad. Asimismo, cuenta con una extensa experiencia en endoscopia digestiva diagn\u00f3stica y terap\u00e9utica, incluyendo el reconocimiento de capacitaci\u00f3n en sedaci\u00f3n profunda con propofol.<\/p>\n\n\n\n<p>Es miembro de la Sociedad Valenciana de Patolog\u00eda Digestiva y del Grupo de Trabajo de Hepatocarcinoma de la Comunidad Valenciana. Posee una consolidada <strong>actividad investigadora<\/strong>, con participaci\u00f3n en proyectos competitivos y ensayos cl\u00ednicos, as\u00ed como en redes tem\u00e1ticas del Instituto de Salud Carlos III y en grupos de trabajo del Instituto de Investigaci\u00f3n Sanitaria INCLIVA. Es autora de numerosas publicaciones en revistas de investigaci\u00f3n de impacto internacional y de numerosas comunicaciones a congresos, contribuyendo de forma relevante al avance del conocimiento en hepatopat\u00eda cr\u00f3nica, cirrosis, hipertensi\u00f3n portal y hepatocarcinoma.<\/p>\n<\/div>\n<\/div>\n<\/div><\/div>\n","protected":false},"excerpt":{"rendered":"<p>Dra. Paloma Lluch &#8211; M\u00e9dico especialista en Aparato Digestivo Realiz\u00f3 su formaci\u00f3n universitaria en la Facultad de Medicina de Valencia y en la Facultad de Medicina de Estrasburgo (Francia). Es m\u00e9dico especialista en Aparato Digestivo, con formaci\u00f3n v\u00eda MIR cuya finalizaci\u00f3n de la residencia fue en el a\u00f1o 2002. Es Doctora por la Universidad de &#8230; <\/p>\n<p class=\"read-more-container\"><a title=\"Dr. Paloma Lluch &#8211; M\u00e9dico Aparato Digestivo\" class=\"read-more button\" href=\"https:\/\/riberasalud.com\/clinica-mestalla\/dr-paloma-lluch-medico-aparato-digestivo\/#more-7103\" aria-label=\"Leer m\u00e1s sobre Dr. Paloma Lluch &#8211; M\u00e9dico Aparato Digestivo\">Leer m\u00e1s<\/a><\/p>\n","protected":false},"author":3,"featured_media":0,"parent":0,"menu_order":0,"comment_status":"closed","ping_status":"closed","template":"","meta":{"footnotes":""},"class_list":["post-7103","page","type-page","status-publish"],"yoast_head":"<!-- This site is optimized with the Yoast SEO plugin v25.0 - https:\/\/yoast.com\/wordpress\/plugins\/seo\/ -->\n<title>M\u00e9dico Aparato Digestivo Dra. Paloma Lluch - Cl\u00ednica Ribera Mestalla<\/title>\n<meta name=\"description\" content=\"El Dr. Paco Ripoll cuenta con m\u00e1s de 20 a\u00f1os de experiencia en el diagn\u00f3stico y tratamiento quir\u00fargico de lesiones musculo-esquel\u00e9ticas.\" \/>\n<meta name=\"robots\" content=\"index, follow, max-snippet:-1, max-image-preview:large, max-video-preview:-1\" \/>\n<link rel=\"canonical\" href=\"https:\/\/riberasalud.com\/clinica-mestalla\/dr-paloma-lluch-medico-aparato-digestivo\/\" \/>\n<meta property=\"og:locale\" content=\"es_ES\" \/>\n<meta property=\"og:type\" content=\"article\" \/>\n<meta property=\"og:title\" content=\"M\u00e9dico Aparato Digestivo Dra. Paloma Lluch - Cl\u00ednica Ribera Mestalla\" \/>\n<meta property=\"og:description\" content=\"El Dr. Paco Ripoll cuenta con m\u00e1s de 20 a\u00f1os de experiencia en el diagn\u00f3stico y tratamiento quir\u00fargico de lesiones musculo-esquel\u00e9ticas.\" \/>\n<meta property=\"og:url\" content=\"https:\/\/riberasalud.com\/clinica-mestalla\/dr-paloma-lluch-medico-aparato-digestivo\/\" \/>\n<meta property=\"og:site_name\" content=\"Cl\u00ednica Ribera Mestalla\" \/>\n<meta property=\"article:modified_time\" content=\"2026-01-12T15:10:55+00:00\" \/>\n<meta property=\"og:image\" content=\"https:\/\/riberasalud.com\/clinica-mestalla\/wp-content\/uploads\/2026\/01\/Paloma-Lluch-Aparato-Digestivo.jpg\" \/>\n\t<meta property=\"og:image:width\" content=\"1000\" \/>\n\t<meta property=\"og:image:height\" content=\"772\" \/>\n\t<meta property=\"og:image:type\" content=\"image\/jpeg\" \/>\n<meta name=\"twitter:card\" content=\"summary_large_image\" \/>\n<meta name=\"twitter:label1\" content=\"Tiempo de lectura\" \/>\n\t<meta name=\"twitter:data1\" content=\"2 minutos\" \/>\n<script type=\"application\/ld+json\" class=\"yoast-schema-graph\">{\"@context\":\"https:\/\/schema.org\",\"@graph\":[{\"@type\":\"WebPage\",\"@id\":\"https:\/\/riberasalud.com\/clinica-mestalla\/dr-paloma-lluch-medico-aparato-digestivo\/\",\"url\":\"https:\/\/riberasalud.com\/clinica-mestalla\/dr-paloma-lluch-medico-aparato-digestivo\/\",\"name\":\"M\u00e9dico Aparato Digestivo Dra. Paloma Lluch - Cl\u00ednica Ribera Mestalla\",\"isPartOf\":{\"@id\":\"https:\/\/riberasalud.com\/clinica-mestalla\/#website\"},\"primaryImageOfPage\":{\"@id\":\"https:\/\/riberasalud.com\/clinica-mestalla\/dr-paloma-lluch-medico-aparato-digestivo\/#primaryimage\"},\"image\":{\"@id\":\"https:\/\/riberasalud.com\/clinica-mestalla\/dr-paloma-lluch-medico-aparato-digestivo\/#primaryimage\"},\"thumbnailUrl\":\"https:\/\/riberasalud.com\/clinica-mestalla\/wp-content\/uploads\/2026\/01\/Paloma-Lluch-Aparato-Digestivo.jpg\",\"datePublished\":\"2026-01-12T14:55:20+00:00\",\"dateModified\":\"2026-01-12T15:10:55+00:00\",\"description\":\"El Dr. Paco Ripoll cuenta con m\u00e1s de 20 a\u00f1os de experiencia en el diagn\u00f3stico y tratamiento quir\u00fargico de lesiones musculo-esquel\u00e9ticas.\",\"breadcrumb\":{\"@id\":\"https:\/\/riberasalud.com\/clinica-mestalla\/dr-paloma-lluch-medico-aparato-digestivo\/#breadcrumb\"},\"inLanguage\":\"es\",\"potentialAction\":[{\"@type\":\"ReadAction\",\"target\":[\"https:\/\/riberasalud.com\/clinica-mestalla\/dr-paloma-lluch-medico-aparato-digestivo\/\"]}]},{\"@type\":\"ImageObject\",\"inLanguage\":\"es\",\"@id\":\"https:\/\/riberasalud.com\/clinica-mestalla\/dr-paloma-lluch-medico-aparato-digestivo\/#primaryimage\",\"url\":\"https:\/\/riberasalud.com\/clinica-mestalla\/wp-content\/uploads\/2026\/01\/Paloma-Lluch-Aparato-Digestivo.jpg\",\"contentUrl\":\"https:\/\/riberasalud.com\/clinica-mestalla\/wp-content\/uploads\/2026\/01\/Paloma-Lluch-Aparato-Digestivo.jpg\",\"width\":1000,\"height\":772,\"caption\":\"Paloma Lluch, m\u00e9dico especialista en Aparato Digestivo\"},{\"@type\":\"BreadcrumbList\",\"@id\":\"https:\/\/riberasalud.com\/clinica-mestalla\/dr-paloma-lluch-medico-aparato-digestivo\/#breadcrumb\",\"itemListElement\":[{\"@type\":\"ListItem\",\"position\":1,\"name\":\"Portada\",\"item\":\"https:\/\/riberasalud.com\/clinica-mestalla\/\"},{\"@type\":\"ListItem\",\"position\":2,\"name\":\"Dr. Paloma Lluch &#8211; M\u00e9dico Aparato Digestivo\"}]},{\"@type\":\"WebSite\",\"@id\":\"https:\/\/riberasalud.com\/clinica-mestalla\/#website\",\"url\":\"https:\/\/riberasalud.com\/clinica-mestalla\/\",\"name\":\"Cl\u00ednica Ribera Mestalla\",\"description\":\"\",\"publisher\":{\"@id\":\"https:\/\/riberasalud.com\/clinica-mestalla\/#organization\"},\"potentialAction\":[{\"@type\":\"SearchAction\",\"target\":{\"@type\":\"EntryPoint\",\"urlTemplate\":\"https:\/\/riberasalud.com\/clinica-mestalla\/?s={search_term_string}\"},\"query-input\":{\"@type\":\"PropertyValueSpecification\",\"valueRequired\":true,\"valueName\":\"search_term_string\"}}],\"inLanguage\":\"es\"},{\"@type\":\"Organization\",\"@id\":\"https:\/\/riberasalud.com\/clinica-mestalla\/#organization\",\"name\":\"Cl\u00ednica Ribera Mestalla\",\"url\":\"https:\/\/riberasalud.com\/clinica-mestalla\/\",\"logo\":{\"@type\":\"ImageObject\",\"inLanguage\":\"es\",\"@id\":\"https:\/\/riberasalud.com\/clinica-mestalla\/#\/schema\/logo\/image\/\",\"url\":\"https:\/\/riberasalud.com\/clinica-mestalla\/wp-content\/uploads\/2025\/04\/Clinica-Ribera-Mestalla-Logotipo.png\",\"contentUrl\":\"https:\/\/riberasalud.com\/clinica-mestalla\/wp-content\/uploads\/2025\/04\/Clinica-Ribera-Mestalla-Logotipo.png\",\"width\":351,\"height\":73,\"caption\":\"Cl\u00ednica Ribera Mestalla\"},\"image\":{\"@id\":\"https:\/\/riberasalud.com\/clinica-mestalla\/#\/schema\/logo\/image\/\"}}]}<\/script>\n<!-- \/ Yoast SEO plugin. -->","yoast_head_json":{"title":"M\u00e9dico Aparato Digestivo Dra. Paloma Lluch - Cl\u00ednica Ribera Mestalla","description":"El Dr. Paco Ripoll cuenta con m\u00e1s de 20 a\u00f1os de experiencia en el diagn\u00f3stico y tratamiento quir\u00fargico de lesiones musculo-esquel\u00e9ticas.","robots":{"index":"index","follow":"follow","max-snippet":"max-snippet:-1","max-image-preview":"max-image-preview:large","max-video-preview":"max-video-preview:-1"},"canonical":"https:\/\/riberasalud.com\/clinica-mestalla\/dr-paloma-lluch-medico-aparato-digestivo\/","og_locale":"es_ES","og_type":"article","og_title":"M\u00e9dico Aparato Digestivo Dra. Paloma Lluch - Cl\u00ednica Ribera Mestalla","og_description":"El Dr. Paco Ripoll cuenta con m\u00e1s de 20 a\u00f1os de experiencia en el diagn\u00f3stico y tratamiento quir\u00fargico de lesiones musculo-esquel\u00e9ticas.","og_url":"https:\/\/riberasalud.com\/clinica-mestalla\/dr-paloma-lluch-medico-aparato-digestivo\/","og_site_name":"Cl\u00ednica Ribera Mestalla","article_modified_time":"2026-01-12T15:10:55+00:00","og_image":[{"width":1000,"height":772,"url":"https:\/\/riberasalud.com\/clinica-mestalla\/wp-content\/uploads\/2026\/01\/Paloma-Lluch-Aparato-Digestivo.jpg","type":"image\/jpeg"}],"twitter_card":"summary_large_image","twitter_misc":{"Tiempo de lectura":"2 minutos"},"schema":{"@context":"https:\/\/schema.org","@graph":[{"@type":"WebPage","@id":"https:\/\/riberasalud.com\/clinica-mestalla\/dr-paloma-lluch-medico-aparato-digestivo\/","url":"https:\/\/riberasalud.com\/clinica-mestalla\/dr-paloma-lluch-medico-aparato-digestivo\/","name":"M\u00e9dico Aparato Digestivo Dra. Paloma Lluch - Cl\u00ednica Ribera Mestalla","isPartOf":{"@id":"https:\/\/riberasalud.com\/clinica-mestalla\/#website"},"primaryImageOfPage":{"@id":"https:\/\/riberasalud.com\/clinica-mestalla\/dr-paloma-lluch-medico-aparato-digestivo\/#primaryimage"},"image":{"@id":"https:\/\/riberasalud.com\/clinica-mestalla\/dr-paloma-lluch-medico-aparato-digestivo\/#primaryimage"},"thumbnailUrl":"https:\/\/riberasalud.com\/clinica-mestalla\/wp-content\/uploads\/2026\/01\/Paloma-Lluch-Aparato-Digestivo.jpg","datePublished":"2026-01-12T14:55:20+00:00","dateModified":"2026-01-12T15:10:55+00:00","description":"El Dr. Paco Ripoll cuenta con m\u00e1s de 20 a\u00f1os de experiencia en el diagn\u00f3stico y tratamiento quir\u00fargico de lesiones musculo-esquel\u00e9ticas.","breadcrumb":{"@id":"https:\/\/riberasalud.com\/clinica-mestalla\/dr-paloma-lluch-medico-aparato-digestivo\/#breadcrumb"},"inLanguage":"es","potentialAction":[{"@type":"ReadAction","target":["https:\/\/riberasalud.com\/clinica-mestalla\/dr-paloma-lluch-medico-aparato-digestivo\/"]}]},{"@type":"ImageObject","inLanguage":"es","@id":"https:\/\/riberasalud.com\/clinica-mestalla\/dr-paloma-lluch-medico-aparato-digestivo\/#primaryimage","url":"https:\/\/riberasalud.com\/clinica-mestalla\/wp-content\/uploads\/2026\/01\/Paloma-Lluch-Aparato-Digestivo.jpg","contentUrl":"https:\/\/riberasalud.com\/clinica-mestalla\/wp-content\/uploads\/2026\/01\/Paloma-Lluch-Aparato-Digestivo.jpg","width":1000,"height":772,"caption":"Paloma Lluch, m\u00e9dico especialista en Aparato Digestivo"},{"@type":"BreadcrumbList","@id":"https:\/\/riberasalud.com\/clinica-mestalla\/dr-paloma-lluch-medico-aparato-digestivo\/#breadcrumb","itemListElement":[{"@type":"ListItem","position":1,"name":"Portada","item":"https:\/\/riberasalud.com\/clinica-mestalla\/"},{"@type":"ListItem","position":2,"name":"Dr. Paloma Lluch &#8211; M\u00e9dico Aparato Digestivo"}]},{"@type":"WebSite","@id":"https:\/\/riberasalud.com\/clinica-mestalla\/#website","url":"https:\/\/riberasalud.com\/clinica-mestalla\/","name":"Cl\u00ednica Ribera Mestalla","description":"","publisher":{"@id":"https:\/\/riberasalud.com\/clinica-mestalla\/#organization"},"potentialAction":[{"@type":"SearchAction","target":{"@type":"EntryPoint","urlTemplate":"https:\/\/riberasalud.com\/clinica-mestalla\/?s={search_term_string}"},"query-input":{"@type":"PropertyValueSpecification","valueRequired":true,"valueName":"search_term_string"}}],"inLanguage":"es"},{"@type":"Organization","@id":"https:\/\/riberasalud.com\/clinica-mestalla\/#organization","name":"Cl\u00ednica Ribera Mestalla","url":"https:\/\/riberasalud.com\/clinica-mestalla\/","logo":{"@type":"ImageObject","inLanguage":"es","@id":"https:\/\/riberasalud.com\/clinica-mestalla\/#\/schema\/logo\/image\/","url":"https:\/\/riberasalud.com\/clinica-mestalla\/wp-content\/uploads\/2025\/04\/Clinica-Ribera-Mestalla-Logotipo.png","contentUrl":"https:\/\/riberasalud.com\/clinica-mestalla\/wp-content\/uploads\/2025\/04\/Clinica-Ribera-Mestalla-Logotipo.png","width":351,"height":73,"caption":"Cl\u00ednica Ribera Mestalla"},"image":{"@id":"https:\/\/riberasalud.com\/clinica-mestalla\/#\/schema\/logo\/image\/"}}]}},"_links":{"self":[{"href":"https:\/\/riberasalud.com\/clinica-mestalla\/wp-json\/wp\/v2\/pages\/7103","targetHints":{"allow":["GET"]}}],"collection":[{"href":"https:\/\/riberasalud.com\/clinica-mestalla\/wp-json\/wp\/v2\/pages"}],"about":[{"href":"https:\/\/riberasalud.com\/clinica-mestalla\/wp-json\/wp\/v2\/types\/page"}],"author":[{"embeddable":true,"href":"https:\/\/riberasalud.com\/clinica-mestalla\/wp-json\/wp\/v2\/users\/3"}],"replies":[{"embeddable":true,"href":"https:\/\/riberasalud.com\/clinica-mestalla\/wp-json\/wp\/v2\/comments?post=7103"}],"version-history":[{"count":12,"href":"https:\/\/riberasalud.com\/clinica-mestalla\/wp-json\/wp\/v2\/pages\/7103\/revisions"}],"predecessor-version":[{"id":7123,"href":"https:\/\/riberasalud.com\/clinica-mestalla\/wp-json\/wp\/v2\/pages\/7103\/revisions\/7123"}],"wp:attachment":[{"href":"https:\/\/riberasalud.com\/clinica-mestalla\/wp-json\/wp\/v2\/media?parent=7103"}],"curies":[{"name":"wp","href":"https:\/\/api.w.org\/{rel}","templated":true}]}}