{"id":619,"date":"2024-10-14T15:02:47","date_gmt":"2024-10-14T13:02:47","guid":{"rendered":"https:\/\/riberasalud.com\/covadonga\/?page_id=619"},"modified":"2025-10-02T16:41:19","modified_gmt":"2025-10-02T14:41:19","slug":"politica-de-cookies","status":"publish","type":"page","link":"https:\/\/riberasalud.com\/clinica-mestalla\/politica-de-cookies\/","title":{"rendered":"Pol\u00edtica de cookies"},"content":{"rendered":"\n<div class=\"wp-block-group hasbackgroundnaranja sliderlinea\"><div class=\"wp-block-group__inner-container is-layout-flow wp-block-group-is-layout-flow\">\n<p>POL\u00cdTICAS<\/p>\n\n\n\n<h1 class=\"wp-block-heading\">Pol\u00edtica de cookies<\/h1>\n<\/div><\/div>\n\n\n\n<div class=\"wp-block-group\"><div class=\"wp-block-group__inner-container is-layout-flow wp-block-group-is-layout-flow\">\n<p>RIBERA SALUD, S.A.U (en adelante, \u201cRIBERA SALUD\u201d) le informa que este sitio web utiliza cookies. A continuaci\u00f3n, el usuario encontrar\u00e1 informaci\u00f3n detallada sobre las cookies que son instaladas en la p\u00e1gina web.<\/p>\n\n\n\n<p><strong>I.&nbsp;&nbsp;&nbsp;&nbsp;&nbsp;&nbsp;&nbsp;&nbsp;&nbsp;&nbsp;&nbsp;&nbsp;&nbsp;&nbsp;\u00bfQU\u00c9 SON LAS COOKIES?<\/strong><\/p>\n\n\n\n<p>Se considera cookies a cualquier tipo de archivo o dispositivo que se descarga en el equipo terminal de un usuario con la finalidad de almacenar datos que podr\u00e1n ser actualizados y recuperados por la entidad responsable de su instalaci\u00f3n. Se ubican en el disco duro del ordenador del Usuario, que archivan informaci\u00f3n sobre el uso que se realiza de un determinado Sitio Web. Las cookies solamente pueden ser le\u00eddas por el servidor que las coloc\u00f3 y no pueden ejecutar ning\u00fan programa o virus.<\/p>\n\n\n\n<p><strong>II.&nbsp;&nbsp;&nbsp;&nbsp;&nbsp;&nbsp;&nbsp;&nbsp;&nbsp;&nbsp;&nbsp;&nbsp;&nbsp;\u00bfQU\u00c9 TIPO DE COOKIES SE UTILIZAN EN ESTA P\u00c1GINA WEB?<\/strong><\/p>\n\n\n\n<p>Respecto a la&nbsp;finalidad de las cookies, en esta web utilizamos las siguientes:<\/p>\n\n\n\n<ul class=\"wp-block-list\">\n<li><strong>Cookies t\u00e9cnicas estrictamente necesarias:&nbsp;<\/strong>Se tratan de cookies necesarias para el correcto funcionamiento de la web, as\u00ed como entre otros, guardar el identificador de sesi\u00f3n del usuario.<\/li>\n\n\n\n<li><strong>Cookies de an\u00e1lisis:<\/strong>&nbsp;Son aqu\u00e9llas que permiten al responsable de las mismas, el seguimiento y an\u00e1lisis del comportamiento de los usuarios de los sitios web a los que est\u00e1n vinculadas. La informaci\u00f3n recogida mediante este tipo de cookies se utiliza en la medici\u00f3n de la actividad de los sitios web, aplicaci\u00f3n o plataforma y para la elaboraci\u00f3n de perfiles de navegaci\u00f3n de los usuarios de dichos sitios.<\/li>\n\n\n\n<li><strong>Cookies de publicidad comportamental:&nbsp;<\/strong>son aquellas que almacenan informaci\u00f3n del comportamiento de los usuarios y que permiten desarrollar un perfil espec\u00edfico para mostrar publicidad en funci\u00f3n de los intereses y preferencias del interesado.<\/li>\n<\/ul>\n\n\n\n<p>Asimismo, en cuanto a la&nbsp;entidad que gestiona las cookies, esta p\u00e1gina web utilizalas siguientes:&nbsp;<\/p>\n\n\n\n<ul class=\"wp-block-list\">\n<li>Las cookies<strong>&nbsp;propias<\/strong>: Son aqu\u00e9llas que se env\u00edan al equipo terminal del usuario desde un equipo o dominio gestionado por el propio editor y desde el que se presta el servicio solicitado por el usuario.<\/li>\n<\/ul>\n\n\n\n<p>Esta web gestiona bajo su dominio las cookies t\u00e9cnicas, estrictamente necesarias.<\/p>\n\n\n\n<ul class=\"wp-block-list\">\n<li>Las cookies de&nbsp;<strong>terceros<\/strong>: Igualmente, esta web utiliza cookies de terceros entendidas como aquellas que se env\u00edan al terminal del usuario desde un equipo o dominio que no es gestionado por el editor sino por otra entidad que trata los datos obtenidos a trav\u00e9s de las cookies.<\/li>\n<\/ul>\n\n\n\n<p>En el apartado tercero (III) de la presente Pol\u00edtica de cookies bajo el t\u00edtulo \u201cInformaci\u00f3n sobre terceros\u201d podr\u00e1 encontrar m\u00e1s informaci\u00f3n sobre dichos terceros.<\/p>\n\n\n\n<p>Respecto al&nbsp;plazo de tiempo que permanecen activadas, en esta web utilizamos las siguientes:<\/p>\n\n\n\n<ul class=\"wp-block-list\">\n<li><strong>Cookies de sesi\u00f3n<\/strong>: Son aquellas dise\u00f1adas para recabar y almacenar datos mientras el usuario accede a una p\u00e1gina web y desaparecen al cerrar el navegador.<\/li>\n\n\n\n<li><strong>Cookies persistentes<\/strong>: son aquellas en las que los datos siguen almacenados en el terminal y que pueden ser accedidos durante un periodo definido por el responsable de la cookie que puede ir de varios minutos a varios a\u00f1os.<\/li>\n<\/ul>\n\n\n\n<p>En la tabla que se muestra a continuaci\u00f3n encontrar\u00e1 informaci\u00f3n completa sobre las cookies utilizadas y descargadas en nuestra p\u00e1gina web.<\/p>\n\n\n\n<figure class=\"wp-block-table is-style-stripes\"><table><thead><tr><th><strong>TIPOLOG\u00cdA<\/strong><\/th><th><strong>NOMBRE<\/strong><\/th><th><strong>DURACI\u00d3N<\/strong><\/th><th><strong>PROCEDENCIA<\/strong><\/th><th><strong>FINALIDAD<\/strong><\/th><th><strong>TRANSFERENCIAS INTERNACIONALES DE DATOS<\/strong><\/th><\/tr><\/thead><tbody><tr><td>Necesarias<\/td><td><strong>CookieScriptConsent<\/strong><\/td><td>1 month<\/td><td>Propia<\/td><td>El servicio Cookie-Script.com utiliza esta cookie para recordar las preferencias de consentimiento de cookies de los visitantes. Es necesario que el banner de cookies de Cookie-Script.com funcione correctamente.<\/td><td>No<\/td><\/tr><tr><td>Necesarias<\/td><td><strong>_GRECAPTCHA<\/strong><\/td><td>6 months<\/td><td>Terceros<\/td><td>Google reCAPTCHA establece una cookie necesaria (_GRECAPTCHA) cuando se ejecuta con el fin de proporcionar su an\u00e1lisis de riesgo.<\/td><td>S\u00ed<\/td><\/tr><tr><td>Anal\u00edticas<\/td><td><strong>_ga_TP2X9MBGHM<\/strong><\/td><td>1 year 1 month<\/td><td>Propia<\/td><td>Google Analytics utiliza esta cookie para mantener el estado de la sesi\u00f3n.<\/td><td>S\u00ed<\/td><\/tr><tr><td>Anal\u00edticas<\/td><td><strong>_ga<\/strong><\/td><td>1 year 1 month<\/td><td>Propia<\/td><td>Este nombre de cookie est\u00e1 asociado con Google Universal Analytics, que es una actualizaci\u00f3n significativa del servicio de an\u00e1lisis de Google m\u00e1s utilizado. Esta cookie se utiliza para distinguir usuarios \u00fanicos asignando un n\u00famero generado aleatoriamente como identificador de cliente. Se incluye en cada solicitud de p\u00e1gina en un sitio y se utiliza para calcular los datos de visitantes, sesiones y campa\u00f1as para los informes de an\u00e1lisis de sitios.<\/td><td>S\u00ed<\/td><\/tr><\/tbody><\/table><\/figure>\n\n\n\n<p><strong>III.&nbsp;&nbsp;&nbsp;&nbsp;&nbsp;&nbsp;&nbsp;&nbsp;&nbsp;&nbsp;&nbsp;Informaci\u00f3n sobre terceros.<\/strong><\/p>\n\n\n\n<p>El usuario puede obtener informaci\u00f3n completa sobre los terceros, as\u00ed como en su caso de las transferencias a terceros pa\u00edses que puedan llevar a cabo los terceros, a trav\u00e9s de los enlaces a sus p\u00e1ginas web detalladas a continuaci\u00f3n. El usuario por medio de los enlaces, podr\u00e1 consultar las correspondientes pol\u00edticas de protecci\u00f3n de datos y cookies de dichos terceros.<\/p>\n\n\n\n<ul class=\"wp-block-list\">\n<li>WordPress:&nbsp;<a href=\"https:\/\/es.wordpress.com\/\">https:\/\/es.wordpress.com\/<\/a><\/li>\n\n\n\n<li>Google Analytics: :<a href=\"https:\/\/analytics.google.com\/analytics\/web\/provision\/#\/provision\">https:\/\/analytics.google.com\/analytics\/web\/provision\/#\/provision<\/a><\/li>\n\n\n\n<li>Google:&nbsp;<a href=\"http:\/\/www.google.com\/\">www.google.com<\/a><\/li>\n\n\n\n<li>Adobe:&nbsp;<a href=\"https:\/\/www.adobe.com\/es\/\">https:\/\/www.adobe.com\/es\/<\/a><\/li>\n\n\n\n<li>Facebook:&nbsp;<a href=\"http:\/\/www.facebook.com\/\">www.facebook.com<\/a><\/li>\n<\/ul>\n\n\n\n<p>Asimismo, informamos a los usuarios que la informaci\u00f3n obtenida a trav\u00e9s de las cookies gestionadas por terceros es transferida a EEUU y que dicho pa\u00eds de destino es un tercer pa\u00eds que, actualmente, no ofrece un nivel de protecci\u00f3n adecuado en el sentido del Reglamento General de Protecci\u00f3n de Datos europeo (\u201cRGPD\u201d o \u201cReglamento (UE) 2016\/679\u201d).<\/p>\n\n\n\n<p>Igualmente, le informamos que el RIBERA SALUD no puede controlar ni se hace responsable del contenido y veracidad de los t\u00e9rminos y condiciones y las pol\u00edticas de privacidad de terceros, as\u00ed como de aquella informaci\u00f3n que el tercero no ofrezca en castellano. Asimismo, tampoco se hace responsable del correcto funcionamiento de los enlaces facilitados a las correspondientes p\u00e1ginas web<\/p>\n\n\n\n<p><strong>IV.&nbsp;&nbsp;&nbsp;&nbsp;&nbsp;&nbsp;&nbsp;&nbsp;&nbsp;&nbsp;&nbsp;&nbsp;&nbsp;Configuraci\u00f3n, desactivaci\u00f3n y eliminaci\u00f3n de cookies.<\/strong><\/p>\n\n\n\n<p class=\"cky-btn-revisit\">&nbsp;Para configurar o desactivar las cookies se puede acceder a nuestro panel de configuraci\u00f3n en el siguiente enlace:&nbsp;<strong><a href=\"javascript:void(0)\">Pol\u00edtica de Cookies<\/a><\/strong><\/p>\n\n\n\n<p>Asimismo, tenga en cuenta que, si acepta las cookies de terceros, deber\u00e1 eliminarlas desde las opciones del navegador o desde el sistema ofrecido por el propio tercero.<\/p>\n\n\n\n<p><strong>V.&nbsp;&nbsp;&nbsp;&nbsp;&nbsp;&nbsp;&nbsp;&nbsp;&nbsp;&nbsp;&nbsp;&nbsp;Actualizaci\u00f3n de Pol\u00edtica de cookies.<\/strong><\/p>\n\n\n\n<p>Esta Pol\u00edtica de Cookies puede variar en funci\u00f3n de nuevas exigencias legislativas, reglamentarias, o con la finalidad de adaptar dicha pol\u00edtica a las instrucciones dictadas por la Agencia Espa\u00f1ola de Protecci\u00f3n de Datos.<\/p>\n\n\n\n<p>Por \u00faltimo, si el usuario desea obtener informaci\u00f3n en materia de protecci\u00f3n de datos, le recomendamos que consulte nuestra&nbsp;<a href=\"https:\/\/riberasalud.com\/clinica-mestalla\/politica-de-privacidad\/\">Pol\u00edtica de Protecci\u00f3n de Datos.<\/a><\/p>\n<\/div><\/div>\n","protected":false},"excerpt":{"rendered":"<p>POL\u00cdTICAS Pol\u00edtica de cookies RIBERA SALUD, S.A.U (en adelante, \u201cRIBERA SALUD\u201d) le informa que este sitio web utiliza cookies. A continuaci\u00f3n, el usuario encontrar\u00e1 informaci\u00f3n detallada sobre las cookies que son instaladas en la p\u00e1gina web. I.&nbsp;&nbsp;&nbsp;&nbsp;&nbsp;&nbsp;&nbsp;&nbsp;&nbsp;&nbsp;&nbsp;&nbsp;&nbsp;&nbsp;\u00bfQU\u00c9 SON LAS COOKIES? Se considera cookies a cualquier tipo de archivo o dispositivo que se descarga en el &#8230; <\/p>\n<p class=\"read-more-container\"><a title=\"Pol\u00edtica de cookies\" class=\"read-more button\" href=\"https:\/\/riberasalud.com\/clinica-mestalla\/politica-de-cookies\/#more-619\" aria-label=\"Leer m\u00e1s sobre Pol\u00edtica de cookies\">Leer m\u00e1s<\/a><\/p>\n","protected":false},"author":1,"featured_media":0,"parent":0,"menu_order":0,"comment_status":"closed","ping_status":"closed","template":"","meta":{"footnotes":""},"class_list":["post-619","page","type-page","status-publish"],"yoast_head":"<!-- This site is optimized with the Yoast SEO plugin v25.0 - https:\/\/yoast.com\/wordpress\/plugins\/seo\/ -->\n<title>Pol\u00edtica de cookies - Cl\u00ednica Ribera Mestalla<\/title>\n<meta name=\"description\" content=\"Tenemos el objetivo de facilitar los\u00a0tr\u00e1mites administrativos\u00a0 a nuestros pacientes para que cuidar de su salud sea m\u00e1s f\u00e1cil\" \/>\n<meta name=\"robots\" content=\"index, follow, max-snippet:-1, max-image-preview:large, max-video-preview:-1\" \/>\n<link rel=\"canonical\" href=\"https:\/\/riberasalud.com\/clinica-mestalla\/politica-de-cookies\/\" \/>\n<meta property=\"og:locale\" content=\"es_ES\" \/>\n<meta property=\"og:type\" content=\"article\" \/>\n<meta property=\"og:title\" content=\"Pol\u00edtica de cookies - Cl\u00ednica Ribera Mestalla\" \/>\n<meta property=\"og:description\" content=\"Tenemos el objetivo de facilitar los\u00a0tr\u00e1mites administrativos\u00a0 a nuestros pacientes para que cuidar de su salud sea m\u00e1s f\u00e1cil\" \/>\n<meta property=\"og:url\" content=\"https:\/\/riberasalud.com\/clinica-mestalla\/politica-de-cookies\/\" \/>\n<meta property=\"og:site_name\" content=\"Cl\u00ednica Ribera Mestalla\" \/>\n<meta property=\"article:modified_time\" content=\"2025-10-02T14:41:19+00:00\" \/>\n<meta name=\"twitter:card\" content=\"summary_large_image\" \/>\n<meta name=\"twitter:label1\" content=\"Tiempo de lectura\" \/>\n\t<meta name=\"twitter:data1\" content=\"5 minutos\" \/>\n<script type=\"application\/ld+json\" class=\"yoast-schema-graph\">{\"@context\":\"https:\/\/schema.org\",\"@graph\":[{\"@type\":\"WebPage\",\"@id\":\"https:\/\/riberasalud.com\/clinica-mestalla\/politica-de-cookies\/\",\"url\":\"https:\/\/riberasalud.com\/clinica-mestalla\/politica-de-cookies\/\",\"name\":\"Pol\u00edtica de cookies - Cl\u00ednica Ribera Mestalla\",\"isPartOf\":{\"@id\":\"https:\/\/riberasalud.com\/clinica-mestalla\/#website\"},\"datePublished\":\"2024-10-14T13:02:47+00:00\",\"dateModified\":\"2025-10-02T14:41:19+00:00\",\"description\":\"Tenemos el objetivo de facilitar los\u00a0tr\u00e1mites administrativos\u00a0 a nuestros pacientes para que cuidar de su salud sea m\u00e1s f\u00e1cil\",\"breadcrumb\":{\"@id\":\"https:\/\/riberasalud.com\/clinica-mestalla\/politica-de-cookies\/#breadcrumb\"},\"inLanguage\":\"es\",\"potentialAction\":[{\"@type\":\"ReadAction\",\"target\":[\"https:\/\/riberasalud.com\/clinica-mestalla\/politica-de-cookies\/\"]}]},{\"@type\":\"BreadcrumbList\",\"@id\":\"https:\/\/riberasalud.com\/clinica-mestalla\/politica-de-cookies\/#breadcrumb\",\"itemListElement\":[{\"@type\":\"ListItem\",\"position\":1,\"name\":\"Portada\",\"item\":\"https:\/\/riberasalud.com\/clinica-mestalla\/\"},{\"@type\":\"ListItem\",\"position\":2,\"name\":\"Pol\u00edtica de cookies\"}]},{\"@type\":\"WebSite\",\"@id\":\"https:\/\/riberasalud.com\/clinica-mestalla\/#website\",\"url\":\"https:\/\/riberasalud.com\/clinica-mestalla\/\",\"name\":\"Cl\u00ednica Ribera Mestalla\",\"description\":\"\",\"publisher\":{\"@id\":\"https:\/\/riberasalud.com\/clinica-mestalla\/#organization\"},\"potentialAction\":[{\"@type\":\"SearchAction\",\"target\":{\"@type\":\"EntryPoint\",\"urlTemplate\":\"https:\/\/riberasalud.com\/clinica-mestalla\/?s={search_term_string}\"},\"query-input\":{\"@type\":\"PropertyValueSpecification\",\"valueRequired\":true,\"valueName\":\"search_term_string\"}}],\"inLanguage\":\"es\"},{\"@type\":\"Organization\",\"@id\":\"https:\/\/riberasalud.com\/clinica-mestalla\/#organization\",\"name\":\"Cl\u00ednica Ribera Mestalla\",\"url\":\"https:\/\/riberasalud.com\/clinica-mestalla\/\",\"logo\":{\"@type\":\"ImageObject\",\"inLanguage\":\"es\",\"@id\":\"https:\/\/riberasalud.com\/clinica-mestalla\/#\/schema\/logo\/image\/\",\"url\":\"https:\/\/riberasalud.com\/clinica-mestalla\/wp-content\/uploads\/2025\/04\/Clinica-Ribera-Mestalla-Logotipo.png\",\"contentUrl\":\"https:\/\/riberasalud.com\/clinica-mestalla\/wp-content\/uploads\/2025\/04\/Clinica-Ribera-Mestalla-Logotipo.png\",\"width\":351,\"height\":73,\"caption\":\"Cl\u00ednica Ribera Mestalla\"},\"image\":{\"@id\":\"https:\/\/riberasalud.com\/clinica-mestalla\/#\/schema\/logo\/image\/\"}}]}<\/script>\n<!-- \/ Yoast SEO plugin. -->","yoast_head_json":{"title":"Pol\u00edtica de cookies - Cl\u00ednica Ribera Mestalla","description":"Tenemos el objetivo de facilitar los\u00a0tr\u00e1mites administrativos\u00a0 a nuestros pacientes para que cuidar de su salud sea m\u00e1s f\u00e1cil","robots":{"index":"index","follow":"follow","max-snippet":"max-snippet:-1","max-image-preview":"max-image-preview:large","max-video-preview":"max-video-preview:-1"},"canonical":"https:\/\/riberasalud.com\/clinica-mestalla\/politica-de-cookies\/","og_locale":"es_ES","og_type":"article","og_title":"Pol\u00edtica de cookies - Cl\u00ednica Ribera Mestalla","og_description":"Tenemos el objetivo de facilitar los\u00a0tr\u00e1mites administrativos\u00a0 a nuestros pacientes para que cuidar de su salud sea m\u00e1s f\u00e1cil","og_url":"https:\/\/riberasalud.com\/clinica-mestalla\/politica-de-cookies\/","og_site_name":"Cl\u00ednica Ribera Mestalla","article_modified_time":"2025-10-02T14:41:19+00:00","twitter_card":"summary_large_image","twitter_misc":{"Tiempo de lectura":"5 minutos"},"schema":{"@context":"https:\/\/schema.org","@graph":[{"@type":"WebPage","@id":"https:\/\/riberasalud.com\/clinica-mestalla\/politica-de-cookies\/","url":"https:\/\/riberasalud.com\/clinica-mestalla\/politica-de-cookies\/","name":"Pol\u00edtica de cookies - Cl\u00ednica Ribera Mestalla","isPartOf":{"@id":"https:\/\/riberasalud.com\/clinica-mestalla\/#website"},"datePublished":"2024-10-14T13:02:47+00:00","dateModified":"2025-10-02T14:41:19+00:00","description":"Tenemos el objetivo de facilitar los\u00a0tr\u00e1mites administrativos\u00a0 a nuestros pacientes para que cuidar de su salud sea m\u00e1s f\u00e1cil","breadcrumb":{"@id":"https:\/\/riberasalud.com\/clinica-mestalla\/politica-de-cookies\/#breadcrumb"},"inLanguage":"es","potentialAction":[{"@type":"ReadAction","target":["https:\/\/riberasalud.com\/clinica-mestalla\/politica-de-cookies\/"]}]},{"@type":"BreadcrumbList","@id":"https:\/\/riberasalud.com\/clinica-mestalla\/politica-de-cookies\/#breadcrumb","itemListElement":[{"@type":"ListItem","position":1,"name":"Portada","item":"https:\/\/riberasalud.com\/clinica-mestalla\/"},{"@type":"ListItem","position":2,"name":"Pol\u00edtica de cookies"}]},{"@type":"WebSite","@id":"https:\/\/riberasalud.com\/clinica-mestalla\/#website","url":"https:\/\/riberasalud.com\/clinica-mestalla\/","name":"Cl\u00ednica Ribera Mestalla","description":"","publisher":{"@id":"https:\/\/riberasalud.com\/clinica-mestalla\/#organization"},"potentialAction":[{"@type":"SearchAction","target":{"@type":"EntryPoint","urlTemplate":"https:\/\/riberasalud.com\/clinica-mestalla\/?s={search_term_string}"},"query-input":{"@type":"PropertyValueSpecification","valueRequired":true,"valueName":"search_term_string"}}],"inLanguage":"es"},{"@type":"Organization","@id":"https:\/\/riberasalud.com\/clinica-mestalla\/#organization","name":"Cl\u00ednica Ribera Mestalla","url":"https:\/\/riberasalud.com\/clinica-mestalla\/","logo":{"@type":"ImageObject","inLanguage":"es","@id":"https:\/\/riberasalud.com\/clinica-mestalla\/#\/schema\/logo\/image\/","url":"https:\/\/riberasalud.com\/clinica-mestalla\/wp-content\/uploads\/2025\/04\/Clinica-Ribera-Mestalla-Logotipo.png","contentUrl":"https:\/\/riberasalud.com\/clinica-mestalla\/wp-content\/uploads\/2025\/04\/Clinica-Ribera-Mestalla-Logotipo.png","width":351,"height":73,"caption":"Cl\u00ednica Ribera Mestalla"},"image":{"@id":"https:\/\/riberasalud.com\/clinica-mestalla\/#\/schema\/logo\/image\/"}}]}},"_links":{"self":[{"href":"https:\/\/riberasalud.com\/clinica-mestalla\/wp-json\/wp\/v2\/pages\/619","targetHints":{"allow":["GET"]}}],"collection":[{"href":"https:\/\/riberasalud.com\/clinica-mestalla\/wp-json\/wp\/v2\/pages"}],"about":[{"href":"https:\/\/riberasalud.com\/clinica-mestalla\/wp-json\/wp\/v2\/types\/page"}],"author":[{"embeddable":true,"href":"https:\/\/riberasalud.com\/clinica-mestalla\/wp-json\/wp\/v2\/users\/1"}],"replies":[{"embeddable":true,"href":"https:\/\/riberasalud.com\/clinica-mestalla\/wp-json\/wp\/v2\/comments?post=619"}],"version-history":[{"count":5,"href":"https:\/\/riberasalud.com\/clinica-mestalla\/wp-json\/wp\/v2\/pages\/619\/revisions"}],"predecessor-version":[{"id":2838,"href":"https:\/\/riberasalud.com\/clinica-mestalla\/wp-json\/wp\/v2\/pages\/619\/revisions\/2838"}],"wp:attachment":[{"href":"https:\/\/riberasalud.com\/clinica-mestalla\/wp-json\/wp\/v2\/media?parent=619"}],"curies":[{"name":"wp","href":"https:\/\/api.w.org\/{rel}","templated":true}]}}