{"id":5254,"date":"2025-10-24T13:56:29","date_gmt":"2025-10-24T11:56:29","guid":{"rendered":"https:\/\/riberasalud.com\/clinica-mestalla\/?page_id=5254"},"modified":"2026-01-12T16:07:19","modified_gmt":"2026-01-12T15:07:19","slug":"dra-begona-pla-peris-endocrinologia-y-nutricion","status":"publish","type":"page","link":"https:\/\/riberasalud.com\/clinica-mestalla\/dra-begona-pla-peris-endocrinologia-y-nutricion\/","title":{"rendered":"Dra. Bego\u00f1a Pla Peris &#8211; Endocrinolog\u00eda y Nutrici\u00f3n"},"content":{"rendered":"\n<div class=\"wp-block-group fondodoctoragroup\"><div class=\"wp-block-group__inner-container is-layout-constrained wp-block-group-is-layout-constrained\">\n<div class=\"wp-block-columns doblecolumnaimagen is-layout-flex wp-container-core-columns-is-layout-9d6595d7 wp-block-columns-is-layout-flex\">\n<div class=\"wp-block-column is-layout-flow wp-block-column-is-layout-flow\">\n<figure class=\"wp-block-image size-full\"><img loading=\"lazy\" decoding=\"async\" width=\"1000\" height=\"772\" src=\"https:\/\/riberasalud.com\/clinica-mestalla\/wp-content\/uploads\/2025\/09\/Dra.-Begona-Pla-Peris.jpg\" alt=\"Dra. Bego\u00f1a Pla Peris, endocrin\u00f3loga\" class=\"wp-image-4631\" srcset=\"https:\/\/riberasalud.com\/clinica-mestalla\/wp-content\/uploads\/2025\/09\/Dra.-Begona-Pla-Peris.jpg 1000w, https:\/\/riberasalud.com\/clinica-mestalla\/wp-content\/uploads\/2025\/09\/Dra.-Begona-Pla-Peris-300x232.jpg 300w, https:\/\/riberasalud.com\/clinica-mestalla\/wp-content\/uploads\/2025\/09\/Dra.-Begona-Pla-Peris-768x593.jpg 768w\" sizes=\"auto, (max-width: 1000px) 100vw, 1000px\" \/><\/figure>\n<\/div>\n\n\n\n<div class=\"wp-block-column is-vertically-aligned-center first is-layout-flow wp-block-column-is-layout-flow\">\n<h1 class=\"wp-block-heading has-text-color has-link-color wp-elements-67175fe2d7736adc8764653950e8c7af\" style=\"color:#d71029;font-size:28px\">Dra. Bego\u00f1a Pla Peris<\/h1>\n\n\n\n<h2 class=\"wp-block-heading has-text-color has-link-color wp-elements-28f351f874ead408559bba7366f8a2b6\" style=\"color:#d71029;font-size:26px;font-style:normal;font-weight:400\">&#8211; Endocrinolog\u00eda y Nutrici\u00f3n<\/h2>\n\n\n\n<p><strong>La Dra. Bego\u00f1a Pla Peris es licenciada en Medicina y especialista en Endocrinolog\u00eda y Nutrici\u00f3n, formada v\u00eda MIR en el Hospital Universitario de La Princesa (Madrid). Complet\u00f3 su formaci\u00f3n con un M\u00e1ster en Nutrici\u00f3n Cl\u00ednica en Medicina por la Universidad CEU Cardenal Herrera y un Diploma de Postgrado en Tratamiento de la Diabetes Mellitus tipo 2 por la Universidad Aut\u00f3noma de Barcelona.<\/strong><\/p>\n\n\n\n<p>Durante su especializaci\u00f3n, realiz\u00f3 estancias en centros internacionales de referencia como el Hospital Cochin de Par\u00eds, en el \u00e1rea de Diabetes, y el Memorial Sloan Kettering Cancer Center de Nueva York, dedicado al estudio y tratamiento del c\u00e1ncer de tiroides.<\/p>\n\n\n\n<p>Desde la finalizaci\u00f3n de la residencia en 2019 ha ejercido de manera continuada, con experiencia tanto en consulta general de Endocrinolog\u00eda como en consultas monogr\u00e1ficas especializadas en diabetes tipo 1, diabetes tipo 2, obesidad y otras alteraciones metab\u00f3licas<\/p>\n\n\n\n<p>Ha presentado m\u00e1s de 50 comunicaciones cient\u00edficas en congresos nacionales e internacionales y publicaciones en revistas con \u00edndice de impacto en las que destacan trabajos originales sobre Diabetes Mellitus, patolog\u00eda tiroidea e hiperaldosteronismo<\/p>\n\n\n\n<p>Actualmente, forma parte del equipo m\u00e9dico de la Cl\u00ednica Ribera Mestalla, donde ofrece una atenci\u00f3n personalizada y cercana, centrada en el equilibrio metab\u00f3lico y la mejora de la calidad de vida de sus pacientes.<\/p>\n<\/div>\n<\/div>\n<\/div><\/div>\n","protected":false},"excerpt":{"rendered":"<p>Dra. Bego\u00f1a Pla Peris &#8211; Endocrinolog\u00eda y Nutrici\u00f3n La Dra. Bego\u00f1a Pla Peris es licenciada en Medicina y especialista en Endocrinolog\u00eda y Nutrici\u00f3n, formada v\u00eda MIR en el Hospital Universitario de La Princesa (Madrid). Complet\u00f3 su formaci\u00f3n con un M\u00e1ster en Nutrici\u00f3n Cl\u00ednica en Medicina por la Universidad CEU Cardenal Herrera y un Diploma de &#8230; <\/p>\n<p class=\"read-more-container\"><a title=\"Dra. Bego\u00f1a Pla Peris &#8211; Endocrinolog\u00eda y Nutrici\u00f3n\" class=\"read-more button\" href=\"https:\/\/riberasalud.com\/clinica-mestalla\/dra-begona-pla-peris-endocrinologia-y-nutricion\/#more-5254\" aria-label=\"Leer m\u00e1s sobre Dra. Bego\u00f1a Pla Peris &#8211; Endocrinolog\u00eda y Nutrici\u00f3n\">Leer m\u00e1s<\/a><\/p>\n","protected":false},"author":2,"featured_media":0,"parent":0,"menu_order":0,"comment_status":"closed","ping_status":"closed","template":"","meta":{"footnotes":""},"class_list":["post-5254","page","type-page","status-publish"],"yoast_head":"<!-- This site is optimized with the Yoast SEO plugin v25.0 - https:\/\/yoast.com\/wordpress\/plugins\/seo\/ -->\n<title>Endocrinolog\u00eda y nutrici\u00f3n Bego\u00f1a Pla Peris - Cl\u00ednica Ribera Mestalla<\/title>\n<meta name=\"description\" content=\"La Dra. Bego\u00f1a Pla es especialista en Endocrinolog\u00eda y Nutrici\u00f3n . Pide tu cita con ella en la Cl\u00ednica Ribera Mestalla.\" \/>\n<meta name=\"robots\" content=\"index, follow, max-snippet:-1, max-image-preview:large, max-video-preview:-1\" \/>\n<link rel=\"canonical\" href=\"https:\/\/riberasalud.com\/clinica-mestalla\/dra-begona-pla-peris-endocrinologia-y-nutricion\/\" \/>\n<meta property=\"og:locale\" content=\"es_ES\" \/>\n<meta property=\"og:type\" content=\"article\" \/>\n<meta property=\"og:title\" content=\"Endocrinolog\u00eda y nutrici\u00f3n Bego\u00f1a Pla Peris - Cl\u00ednica Ribera Mestalla\" \/>\n<meta property=\"og:description\" content=\"La Dra. Bego\u00f1a Pla es especialista en Endocrinolog\u00eda y Nutrici\u00f3n . Pide tu cita con ella en la Cl\u00ednica Ribera Mestalla.\" \/>\n<meta property=\"og:url\" content=\"https:\/\/riberasalud.com\/clinica-mestalla\/dra-begona-pla-peris-endocrinologia-y-nutricion\/\" \/>\n<meta property=\"og:site_name\" content=\"Cl\u00ednica Ribera Mestalla\" \/>\n<meta property=\"article:modified_time\" content=\"2026-01-12T15:07:19+00:00\" \/>\n<meta property=\"og:image\" content=\"https:\/\/riberasalud.com\/clinica-mestalla\/wp-content\/uploads\/2025\/09\/Dra.-Begona-Pla-Peris.jpg\" \/>\n\t<meta property=\"og:image:width\" content=\"1000\" \/>\n\t<meta property=\"og:image:height\" content=\"772\" \/>\n\t<meta property=\"og:image:type\" content=\"image\/jpeg\" \/>\n<meta name=\"twitter:card\" content=\"summary_large_image\" \/>\n<meta name=\"twitter:label1\" content=\"Tiempo de lectura\" \/>\n\t<meta name=\"twitter:data1\" content=\"2 minutos\" \/>\n<script type=\"application\/ld+json\" class=\"yoast-schema-graph\">{\"@context\":\"https:\/\/schema.org\",\"@graph\":[{\"@type\":\"WebPage\",\"@id\":\"https:\/\/riberasalud.com\/clinica-mestalla\/dra-begona-pla-peris-endocrinologia-y-nutricion\/\",\"url\":\"https:\/\/riberasalud.com\/clinica-mestalla\/dra-begona-pla-peris-endocrinologia-y-nutricion\/\",\"name\":\"Endocrinolog\u00eda y nutrici\u00f3n Bego\u00f1a Pla Peris - Cl\u00ednica Ribera Mestalla\",\"isPartOf\":{\"@id\":\"https:\/\/riberasalud.com\/clinica-mestalla\/#website\"},\"primaryImageOfPage\":{\"@id\":\"https:\/\/riberasalud.com\/clinica-mestalla\/dra-begona-pla-peris-endocrinologia-y-nutricion\/#primaryimage\"},\"image\":{\"@id\":\"https:\/\/riberasalud.com\/clinica-mestalla\/dra-begona-pla-peris-endocrinologia-y-nutricion\/#primaryimage\"},\"thumbnailUrl\":\"https:\/\/riberasalud.com\/clinica-mestalla\/wp-content\/uploads\/2025\/09\/Dra.-Begona-Pla-Peris.jpg\",\"datePublished\":\"2025-10-24T11:56:29+00:00\",\"dateModified\":\"2026-01-12T15:07:19+00:00\",\"description\":\"La Dra. Bego\u00f1a Pla es especialista en Endocrinolog\u00eda y Nutrici\u00f3n . Pide tu cita con ella en la Cl\u00ednica Ribera Mestalla.\",\"breadcrumb\":{\"@id\":\"https:\/\/riberasalud.com\/clinica-mestalla\/dra-begona-pla-peris-endocrinologia-y-nutricion\/#breadcrumb\"},\"inLanguage\":\"es\",\"potentialAction\":[{\"@type\":\"ReadAction\",\"target\":[\"https:\/\/riberasalud.com\/clinica-mestalla\/dra-begona-pla-peris-endocrinologia-y-nutricion\/\"]}]},{\"@type\":\"ImageObject\",\"inLanguage\":\"es\",\"@id\":\"https:\/\/riberasalud.com\/clinica-mestalla\/dra-begona-pla-peris-endocrinologia-y-nutricion\/#primaryimage\",\"url\":\"https:\/\/riberasalud.com\/clinica-mestalla\/wp-content\/uploads\/2025\/09\/Dra.-Begona-Pla-Peris.jpg\",\"contentUrl\":\"https:\/\/riberasalud.com\/clinica-mestalla\/wp-content\/uploads\/2025\/09\/Dra.-Begona-Pla-Peris.jpg\",\"width\":1000,\"height\":772,\"caption\":\"Dra. Bego\u00f1a Pla Peris, endocrin\u00f3loga\"},{\"@type\":\"BreadcrumbList\",\"@id\":\"https:\/\/riberasalud.com\/clinica-mestalla\/dra-begona-pla-peris-endocrinologia-y-nutricion\/#breadcrumb\",\"itemListElement\":[{\"@type\":\"ListItem\",\"position\":1,\"name\":\"Portada\",\"item\":\"https:\/\/riberasalud.com\/clinica-mestalla\/\"},{\"@type\":\"ListItem\",\"position\":2,\"name\":\"Dra. Bego\u00f1a Pla Peris &#8211; Endocrinolog\u00eda y Nutrici\u00f3n\"}]},{\"@type\":\"WebSite\",\"@id\":\"https:\/\/riberasalud.com\/clinica-mestalla\/#website\",\"url\":\"https:\/\/riberasalud.com\/clinica-mestalla\/\",\"name\":\"Cl\u00ednica Ribera Mestalla\",\"description\":\"\",\"publisher\":{\"@id\":\"https:\/\/riberasalud.com\/clinica-mestalla\/#organization\"},\"potentialAction\":[{\"@type\":\"SearchAction\",\"target\":{\"@type\":\"EntryPoint\",\"urlTemplate\":\"https:\/\/riberasalud.com\/clinica-mestalla\/?s={search_term_string}\"},\"query-input\":{\"@type\":\"PropertyValueSpecification\",\"valueRequired\":true,\"valueName\":\"search_term_string\"}}],\"inLanguage\":\"es\"},{\"@type\":\"Organization\",\"@id\":\"https:\/\/riberasalud.com\/clinica-mestalla\/#organization\",\"name\":\"Cl\u00ednica Ribera Mestalla\",\"url\":\"https:\/\/riberasalud.com\/clinica-mestalla\/\",\"logo\":{\"@type\":\"ImageObject\",\"inLanguage\":\"es\",\"@id\":\"https:\/\/riberasalud.com\/clinica-mestalla\/#\/schema\/logo\/image\/\",\"url\":\"https:\/\/riberasalud.com\/clinica-mestalla\/wp-content\/uploads\/2025\/04\/Clinica-Ribera-Mestalla-Logotipo.png\",\"contentUrl\":\"https:\/\/riberasalud.com\/clinica-mestalla\/wp-content\/uploads\/2025\/04\/Clinica-Ribera-Mestalla-Logotipo.png\",\"width\":351,\"height\":73,\"caption\":\"Cl\u00ednica Ribera Mestalla\"},\"image\":{\"@id\":\"https:\/\/riberasalud.com\/clinica-mestalla\/#\/schema\/logo\/image\/\"}}]}<\/script>\n<!-- \/ Yoast SEO plugin. -->","yoast_head_json":{"title":"Endocrinolog\u00eda y nutrici\u00f3n Bego\u00f1a Pla Peris - Cl\u00ednica Ribera Mestalla","description":"La Dra. Bego\u00f1a Pla es especialista en Endocrinolog\u00eda y Nutrici\u00f3n . Pide tu cita con ella en la Cl\u00ednica Ribera Mestalla.","robots":{"index":"index","follow":"follow","max-snippet":"max-snippet:-1","max-image-preview":"max-image-preview:large","max-video-preview":"max-video-preview:-1"},"canonical":"https:\/\/riberasalud.com\/clinica-mestalla\/dra-begona-pla-peris-endocrinologia-y-nutricion\/","og_locale":"es_ES","og_type":"article","og_title":"Endocrinolog\u00eda y nutrici\u00f3n Bego\u00f1a Pla Peris - Cl\u00ednica Ribera Mestalla","og_description":"La Dra. Bego\u00f1a Pla es especialista en Endocrinolog\u00eda y Nutrici\u00f3n . Pide tu cita con ella en la Cl\u00ednica Ribera Mestalla.","og_url":"https:\/\/riberasalud.com\/clinica-mestalla\/dra-begona-pla-peris-endocrinologia-y-nutricion\/","og_site_name":"Cl\u00ednica Ribera Mestalla","article_modified_time":"2026-01-12T15:07:19+00:00","og_image":[{"width":1000,"height":772,"url":"https:\/\/riberasalud.com\/clinica-mestalla\/wp-content\/uploads\/2025\/09\/Dra.-Begona-Pla-Peris.jpg","type":"image\/jpeg"}],"twitter_card":"summary_large_image","twitter_misc":{"Tiempo de lectura":"2 minutos"},"schema":{"@context":"https:\/\/schema.org","@graph":[{"@type":"WebPage","@id":"https:\/\/riberasalud.com\/clinica-mestalla\/dra-begona-pla-peris-endocrinologia-y-nutricion\/","url":"https:\/\/riberasalud.com\/clinica-mestalla\/dra-begona-pla-peris-endocrinologia-y-nutricion\/","name":"Endocrinolog\u00eda y nutrici\u00f3n Bego\u00f1a Pla Peris - Cl\u00ednica Ribera Mestalla","isPartOf":{"@id":"https:\/\/riberasalud.com\/clinica-mestalla\/#website"},"primaryImageOfPage":{"@id":"https:\/\/riberasalud.com\/clinica-mestalla\/dra-begona-pla-peris-endocrinologia-y-nutricion\/#primaryimage"},"image":{"@id":"https:\/\/riberasalud.com\/clinica-mestalla\/dra-begona-pla-peris-endocrinologia-y-nutricion\/#primaryimage"},"thumbnailUrl":"https:\/\/riberasalud.com\/clinica-mestalla\/wp-content\/uploads\/2025\/09\/Dra.-Begona-Pla-Peris.jpg","datePublished":"2025-10-24T11:56:29+00:00","dateModified":"2026-01-12T15:07:19+00:00","description":"La Dra. Bego\u00f1a Pla es especialista en Endocrinolog\u00eda y Nutrici\u00f3n . Pide tu cita con ella en la Cl\u00ednica Ribera Mestalla.","breadcrumb":{"@id":"https:\/\/riberasalud.com\/clinica-mestalla\/dra-begona-pla-peris-endocrinologia-y-nutricion\/#breadcrumb"},"inLanguage":"es","potentialAction":[{"@type":"ReadAction","target":["https:\/\/riberasalud.com\/clinica-mestalla\/dra-begona-pla-peris-endocrinologia-y-nutricion\/"]}]},{"@type":"ImageObject","inLanguage":"es","@id":"https:\/\/riberasalud.com\/clinica-mestalla\/dra-begona-pla-peris-endocrinologia-y-nutricion\/#primaryimage","url":"https:\/\/riberasalud.com\/clinica-mestalla\/wp-content\/uploads\/2025\/09\/Dra.-Begona-Pla-Peris.jpg","contentUrl":"https:\/\/riberasalud.com\/clinica-mestalla\/wp-content\/uploads\/2025\/09\/Dra.-Begona-Pla-Peris.jpg","width":1000,"height":772,"caption":"Dra. Bego\u00f1a Pla Peris, endocrin\u00f3loga"},{"@type":"BreadcrumbList","@id":"https:\/\/riberasalud.com\/clinica-mestalla\/dra-begona-pla-peris-endocrinologia-y-nutricion\/#breadcrumb","itemListElement":[{"@type":"ListItem","position":1,"name":"Portada","item":"https:\/\/riberasalud.com\/clinica-mestalla\/"},{"@type":"ListItem","position":2,"name":"Dra. Bego\u00f1a Pla Peris &#8211; Endocrinolog\u00eda y Nutrici\u00f3n"}]},{"@type":"WebSite","@id":"https:\/\/riberasalud.com\/clinica-mestalla\/#website","url":"https:\/\/riberasalud.com\/clinica-mestalla\/","name":"Cl\u00ednica Ribera Mestalla","description":"","publisher":{"@id":"https:\/\/riberasalud.com\/clinica-mestalla\/#organization"},"potentialAction":[{"@type":"SearchAction","target":{"@type":"EntryPoint","urlTemplate":"https:\/\/riberasalud.com\/clinica-mestalla\/?s={search_term_string}"},"query-input":{"@type":"PropertyValueSpecification","valueRequired":true,"valueName":"search_term_string"}}],"inLanguage":"es"},{"@type":"Organization","@id":"https:\/\/riberasalud.com\/clinica-mestalla\/#organization","name":"Cl\u00ednica Ribera Mestalla","url":"https:\/\/riberasalud.com\/clinica-mestalla\/","logo":{"@type":"ImageObject","inLanguage":"es","@id":"https:\/\/riberasalud.com\/clinica-mestalla\/#\/schema\/logo\/image\/","url":"https:\/\/riberasalud.com\/clinica-mestalla\/wp-content\/uploads\/2025\/04\/Clinica-Ribera-Mestalla-Logotipo.png","contentUrl":"https:\/\/riberasalud.com\/clinica-mestalla\/wp-content\/uploads\/2025\/04\/Clinica-Ribera-Mestalla-Logotipo.png","width":351,"height":73,"caption":"Cl\u00ednica Ribera Mestalla"},"image":{"@id":"https:\/\/riberasalud.com\/clinica-mestalla\/#\/schema\/logo\/image\/"}}]}},"_links":{"self":[{"href":"https:\/\/riberasalud.com\/clinica-mestalla\/wp-json\/wp\/v2\/pages\/5254","targetHints":{"allow":["GET"]}}],"collection":[{"href":"https:\/\/riberasalud.com\/clinica-mestalla\/wp-json\/wp\/v2\/pages"}],"about":[{"href":"https:\/\/riberasalud.com\/clinica-mestalla\/wp-json\/wp\/v2\/types\/page"}],"author":[{"embeddable":true,"href":"https:\/\/riberasalud.com\/clinica-mestalla\/wp-json\/wp\/v2\/users\/2"}],"replies":[{"embeddable":true,"href":"https:\/\/riberasalud.com\/clinica-mestalla\/wp-json\/wp\/v2\/comments?post=5254"}],"version-history":[{"count":2,"href":"https:\/\/riberasalud.com\/clinica-mestalla\/wp-json\/wp\/v2\/pages\/5254\/revisions"}],"predecessor-version":[{"id":7117,"href":"https:\/\/riberasalud.com\/clinica-mestalla\/wp-json\/wp\/v2\/pages\/5254\/revisions\/7117"}],"wp:attachment":[{"href":"https:\/\/riberasalud.com\/clinica-mestalla\/wp-json\/wp\/v2\/media?parent=5254"}],"curies":[{"name":"wp","href":"https:\/\/api.w.org\/{rel}","templated":true}]}}