{"id":501,"date":"2024-10-10T10:43:04","date_gmt":"2024-10-10T08:43:04","guid":{"rendered":"https:\/\/riberasalud.com\/covadonga\/?page_id=501"},"modified":"2025-07-21T12:32:48","modified_gmt":"2025-07-21T10:32:48","slug":"actualidad","status":"publish","type":"page","link":"https:\/\/riberasalud.com\/clinica-mestalla\/actualidad\/","title":{"rendered":"Actualidad"},"content":{"rendered":"\n<div class=\"wp-block-group hasbackgroundnaranja sliderlinea\"><div class=\"wp-block-group__inner-container is-layout-flow wp-block-group-is-layout-flow\">\n<p>SOMOS CL\u00cdNICA RIBERA MESTALLA<\/p>\n\n\n\n<h1 class=\"wp-block-heading\">Actualidad<\/h1>\n<\/div><\/div>\n\n\n\n<div class=\"wp-block-group\"><div class=\"wp-block-group__inner-container is-layout-flow wp-block-group-is-layout-flow\">\n<div class=\"gb-grid-wrapper gb-grid-wrapper-9ea9b46a gb-query-loop-wrapper\">\n<div class=\"gb-grid-column gb-grid-column-e5ca27b4 gb-query-loop-item post-7597 post type-post status-publish format-standard has-post-thumbnail hentry category-analisis-clinicos category-servicios tag-analisis-clinicos tag-analiticas tag-resultados tag-servicios\"><div class=\"gb-container gb-container-e5ca27b4\">\n<figure class=\"gb-block-image gb-block-image-7ef10794\"><img loading=\"lazy\" decoding=\"async\" width=\"800\" height=\"533\" src=\"https:\/\/riberasalud.com\/clinica-mestalla\/wp-content\/uploads\/2026\/04\/Extracciones-clinica-Mestalla.jpeg\" class=\"gb-image-7ef10794\" alt=\"Extracciones cli\u0301nica Mestalla\" srcset=\"https:\/\/riberasalud.com\/clinica-mestalla\/wp-content\/uploads\/2026\/04\/Extracciones-clinica-Mestalla.jpeg 800w, https:\/\/riberasalud.com\/clinica-mestalla\/wp-content\/uploads\/2026\/04\/Extracciones-clinica-Mestalla-300x200.jpeg 300w, https:\/\/riberasalud.com\/clinica-mestalla\/wp-content\/uploads\/2026\/04\/Extracciones-clinica-Mestalla-768x512.jpeg 768w\" sizes=\"auto, (max-width: 800px) 100vw, 800px\" \/><\/figure>\n\n<h2 class=\"gb-headline gb-headline-1be8aeee gb-headline-text\"><a href=\"https:\/\/riberasalud.com\/clinica-mestalla\/ribera-refuerza-su-oferta-asistencial-en-valencia-con-analisis-clinicos-en-ribera-imske-y-ribera-mestalla\/\">Ribera refuerza su oferta asistencial en Valencia con an\u00e1lisis cl\u00ednicos en Ribera Imske y Ribera Mestalla<\/a><\/h2>\n\n<p class=\"gb-headline gb-headline-a3e5c1f5 gb-headline-text\"><time class=\"entry-date published\" datetime=\"2026-04-10T12:44:05+02:00\">10 de abril de 2026<\/time><\/p>\n<\/div><\/div>\n\n<div class=\"gb-grid-column gb-grid-column-e5ca27b4 gb-query-loop-item post-7590 post type-post status-publish format-standard has-post-thumbnail hentry category-aparato-digestivo category-oncologia tag-cancer-de-colon tag-colonoscopia tag-dia-mundial tag-paloma-lluch tag-sintomas\"><div class=\"gb-container gb-container-e5ca27b4\">\n<figure class=\"gb-block-image gb-block-image-7ef10794\"><img loading=\"lazy\" decoding=\"async\" width=\"800\" height=\"533\" src=\"https:\/\/riberasalud.com\/clinica-mestalla\/wp-content\/uploads\/2026\/03\/La-doctora-Paloma-Lluch_-en-consulta-Digestivo-Ribera-Mestalla.jpg\" class=\"gb-image-7ef10794\" alt=\"La doctora Paloma Lluch en consulta Digestivo Ribera Mestalla\" srcset=\"https:\/\/riberasalud.com\/clinica-mestalla\/wp-content\/uploads\/2026\/03\/La-doctora-Paloma-Lluch_-en-consulta-Digestivo-Ribera-Mestalla.jpg 800w, https:\/\/riberasalud.com\/clinica-mestalla\/wp-content\/uploads\/2026\/03\/La-doctora-Paloma-Lluch_-en-consulta-Digestivo-Ribera-Mestalla-300x200.jpg 300w, https:\/\/riberasalud.com\/clinica-mestalla\/wp-content\/uploads\/2026\/03\/La-doctora-Paloma-Lluch_-en-consulta-Digestivo-Ribera-Mestalla-768x512.jpg 768w\" sizes=\"auto, (max-width: 800px) 100vw, 800px\" \/><\/figure>\n\n<h2 class=\"gb-headline gb-headline-1be8aeee gb-headline-text\"><a href=\"https:\/\/riberasalud.com\/clinica-mestalla\/la-colonoscopia-permite-detectar-y-eliminar-lesiones-antes-de-que-se-conviertan-en-cancer-de-colon\/\">\u201cLa colonoscopia permite detectar y eliminar lesiones antes de que se conviertan en c\u00e1ncer de colon\u201d<\/a><\/h2>\n\n<p class=\"gb-headline gb-headline-a3e5c1f5 gb-headline-text\"><time class=\"entry-date published\" datetime=\"2026-03-30T12:59:57+02:00\">30 de marzo de 2026<\/time><\/p>\n<\/div><\/div>\n\n<div class=\"gb-grid-column gb-grid-column-e5ca27b4 gb-query-loop-item post-7562 post type-post status-publish format-standard has-post-thumbnail hentry category-ginecologia tag-ginecologia tag-ginecologia-regenerativa tag-laser tag-tratamiento\"><div class=\"gb-container gb-container-e5ca27b4\">\n<figure class=\"gb-block-image gb-block-image-7ef10794\"><img loading=\"lazy\" decoding=\"async\" width=\"800\" height=\"533\" src=\"https:\/\/riberasalud.com\/clinica-mestalla\/wp-content\/uploads\/2026\/03\/ANA-MARBELLA-MUNOZ11.png\" class=\"gb-image-7ef10794\" alt=\"ANA MARBELLA MUN\u0303OZ11\" srcset=\"https:\/\/riberasalud.com\/clinica-mestalla\/wp-content\/uploads\/2026\/03\/ANA-MARBELLA-MUNOZ11.png 800w, https:\/\/riberasalud.com\/clinica-mestalla\/wp-content\/uploads\/2026\/03\/ANA-MARBELLA-MUNOZ11-300x200.png 300w, https:\/\/riberasalud.com\/clinica-mestalla\/wp-content\/uploads\/2026\/03\/ANA-MARBELLA-MUNOZ11-768x512.png 768w\" sizes=\"auto, (max-width: 800px) 100vw, 800px\" \/><\/figure>\n\n<h2 class=\"gb-headline gb-headline-1be8aeee gb-headline-text\"><a href=\"https:\/\/riberasalud.com\/clinica-mestalla\/el-laser-ginecologico-alternativa-para-abordar-sintomas-como-la-sequedad-dolor-o-perdidas-leves-de-orina\/\">El l\u00e1ser ginecol\u00f3gico, alternativa para abordar s\u00edntomas como la sequedad, dolor o p\u00e9rdidas leves de orina<\/a><\/h2>\n\n<p class=\"gb-headline gb-headline-a3e5c1f5 gb-headline-text\"><time class=\"entry-date published\" datetime=\"2026-03-16T13:42:56+01:00\">16 de marzo de 2026<\/time><\/p>\n<\/div><\/div>\n\n<div class=\"gb-grid-column gb-grid-column-e5ca27b4 gb-query-loop-item post-7557 post type-post status-publish format-standard has-post-thumbnail hentry category-aparato-digestivo tag-alcohol tag-cancer tag-cirrosis tag-consulta-de-digestivo tag-higado-graso\"><div class=\"gb-container gb-container-e5ca27b4\">\n<figure class=\"gb-block-image gb-block-image-7ef10794\"><img loading=\"lazy\" decoding=\"async\" width=\"800\" height=\"533\" src=\"https:\/\/riberasalud.com\/clinica-mestalla\/wp-content\/uploads\/2026\/03\/La-doctora-Paloma-Lluch-habla-sobre-la-consulta-de-Digestivo.jpg\" class=\"gb-image-7ef10794\" alt=\"La doctora Paloma Lluch habla sobre la consulta de Digestivo\" srcset=\"https:\/\/riberasalud.com\/clinica-mestalla\/wp-content\/uploads\/2026\/03\/La-doctora-Paloma-Lluch-habla-sobre-la-consulta-de-Digestivo.jpg 800w, https:\/\/riberasalud.com\/clinica-mestalla\/wp-content\/uploads\/2026\/03\/La-doctora-Paloma-Lluch-habla-sobre-la-consulta-de-Digestivo-300x200.jpg 300w, https:\/\/riberasalud.com\/clinica-mestalla\/wp-content\/uploads\/2026\/03\/La-doctora-Paloma-Lluch-habla-sobre-la-consulta-de-Digestivo-768x512.jpg 768w\" sizes=\"auto, (max-width: 800px) 100vw, 800px\" \/><\/figure>\n\n<h2 class=\"gb-headline gb-headline-1be8aeee gb-headline-text\"><a href=\"https:\/\/riberasalud.com\/clinica-mestalla\/los-especialistas-avisan-el-higado-graso-se-dispara-y-puede-acabar-en-cirrosis-o-cancer-sin-dar-sintomas\/\">Los especialistas avisan: El h\u00edgado graso se dispara y puede acabar en cirrosis o c\u00e1ncer sin dar s\u00edntomas<\/a><\/h2>\n\n<p class=\"gb-headline gb-headline-a3e5c1f5 gb-headline-text\"><time class=\"entry-date published\" datetime=\"2026-03-14T13:26:19+01:00\">14 de marzo de 2026<\/time><\/p>\n<\/div><\/div>\n\n<div class=\"gb-grid-column gb-grid-column-e5ca27b4 gb-query-loop-item post-7364 post type-post status-publish format-standard has-post-thumbnail hentry category-sin-categoria\"><div class=\"gb-container gb-container-e5ca27b4\">\n<figure class=\"gb-block-image gb-block-image-7ef10794\"><img loading=\"lazy\" decoding=\"async\" width=\"800\" height=\"533\" src=\"https:\/\/riberasalud.com\/clinica-mestalla\/wp-content\/uploads\/2026\/02\/ANA-MARBELLA-MUNOZ-JARAMILLO-GINECOLOGA.jpg\" class=\"gb-image-7ef10794\" alt=\"ANA MARBELLA MUN\u0303OZ JARAMILLO-GINECO\u0301LOGA\" srcset=\"https:\/\/riberasalud.com\/clinica-mestalla\/wp-content\/uploads\/2026\/02\/ANA-MARBELLA-MUNOZ-JARAMILLO-GINECOLOGA.jpg 800w, https:\/\/riberasalud.com\/clinica-mestalla\/wp-content\/uploads\/2026\/02\/ANA-MARBELLA-MUNOZ-JARAMILLO-GINECOLOGA-300x200.jpg 300w, https:\/\/riberasalud.com\/clinica-mestalla\/wp-content\/uploads\/2026\/02\/ANA-MARBELLA-MUNOZ-JARAMILLO-GINECOLOGA-768x512.jpg 768w\" sizes=\"auto, (max-width: 800px) 100vw, 800px\" \/><\/figure>\n\n<h2 class=\"gb-headline gb-headline-1be8aeee gb-headline-text\"><a href=\"https:\/\/riberasalud.com\/clinica-mestalla\/la-suplementacion-de-calidad-es-una-herramienta-clave-en-la-salud-integral-de-la-mujer\/\">\u201cLa suplementaci\u00f3n de calidad es una herramienta clave en la salud integral de la mujer<\/a><\/h2>\n\n<p class=\"gb-headline gb-headline-a3e5c1f5 gb-headline-text\"><time class=\"entry-date published\" datetime=\"2026-02-13T13:35:54+01:00\">13 de febrero de 2026<\/time><\/p>\n<\/div><\/div>\n\n<div class=\"gb-grid-column gb-grid-column-e5ca27b4 gb-query-loop-item post-7302 post type-post status-publish format-standard has-post-thumbnail hentry category-aparato-digestivo tag-aparato-digestivo tag-diagnostico tag-digestivo tag-especialidad\"><div class=\"gb-container gb-container-e5ca27b4\">\n<figure class=\"gb-block-image gb-block-image-7ef10794\"><img loading=\"lazy\" decoding=\"async\" width=\"800\" height=\"533\" src=\"https:\/\/riberasalud.com\/clinica-mestalla\/wp-content\/uploads\/2026\/02\/La-doctora-Paloma-Lluch_-en-consulta-1.jpeg\" class=\"gb-image-7ef10794\" alt=\"La doctora Paloma Lluch en consulta de Aparato Digestivo\" srcset=\"https:\/\/riberasalud.com\/clinica-mestalla\/wp-content\/uploads\/2026\/02\/La-doctora-Paloma-Lluch_-en-consulta-1.jpeg 800w, https:\/\/riberasalud.com\/clinica-mestalla\/wp-content\/uploads\/2026\/02\/La-doctora-Paloma-Lluch_-en-consulta-1-300x200.jpeg 300w, https:\/\/riberasalud.com\/clinica-mestalla\/wp-content\/uploads\/2026\/02\/La-doctora-Paloma-Lluch_-en-consulta-1-768x512.jpeg 768w\" sizes=\"auto, (max-width: 800px) 100vw, 800px\" \/><\/figure>\n\n<h2 class=\"gb-headline gb-headline-1be8aeee gb-headline-text\"><a href=\"https:\/\/riberasalud.com\/clinica-mestalla\/nueva-consulta-de-aparato-digestivo-especializada-en-patologia-compleja-en-la-clinica-ribera-mestalla\/\">Nueva consulta de Aparato Digestivo especializada en patolog\u00eda compleja en la cl\u00ednica Ribera Mestalla<\/a><\/h2>\n\n<p class=\"gb-headline gb-headline-a3e5c1f5 gb-headline-text\"><time class=\"entry-date published\" datetime=\"2026-02-05T11:16:39+01:00\">5 de febrero de 2026<\/time><\/p>\n<\/div><\/div>\n\n<div class=\"gb-grid-column gb-grid-column-e5ca27b4 gb-query-loop-item post-6977 post type-post status-publish format-standard has-post-thumbnail hentry category-endocrinologia-y-nutricion tag-begona-pla-peris tag-endocrinologia tag-nutricion tag-trastornos-hormonales\"><div class=\"gb-container gb-container-e5ca27b4\">\n<figure class=\"gb-block-image gb-block-image-7ef10794\"><img loading=\"lazy\" decoding=\"async\" width=\"800\" height=\"533\" src=\"https:\/\/riberasalud.com\/clinica-mestalla\/wp-content\/uploads\/2025\/12\/La-endocrino-de-Ribera-Mestalla_-Begona-Pla_-en-su-consulta.jpg\" class=\"gb-image-7ef10794\" alt=\"La endocrino de Ribera Mestalla Bego\u00f1a Pla, en su consulta\" srcset=\"https:\/\/riberasalud.com\/clinica-mestalla\/wp-content\/uploads\/2025\/12\/La-endocrino-de-Ribera-Mestalla_-Begona-Pla_-en-su-consulta.jpg 800w, https:\/\/riberasalud.com\/clinica-mestalla\/wp-content\/uploads\/2025\/12\/La-endocrino-de-Ribera-Mestalla_-Begona-Pla_-en-su-consulta-300x200.jpg 300w, https:\/\/riberasalud.com\/clinica-mestalla\/wp-content\/uploads\/2025\/12\/La-endocrino-de-Ribera-Mestalla_-Begona-Pla_-en-su-consulta-768x512.jpg 768w\" sizes=\"auto, (max-width: 800px) 100vw, 800px\" \/><\/figure>\n\n<h2 class=\"gb-headline gb-headline-1be8aeee gb-headline-text\"><a href=\"https:\/\/riberasalud.com\/clinica-mestalla\/la-nueva-consulta-de-endocrinologia-de-ribera-mestalla-aborda-enfermedades-metabolicas-como-obesidad-y-diabetes\/\">La nueva consulta de Endocrinolog\u00eda de Ribera Mestalla aborda enfermedades metab\u00f3licas como obesidad y diabetes<\/a><\/h2>\n\n<p class=\"gb-headline gb-headline-a3e5c1f5 gb-headline-text\"><time class=\"entry-date published\" datetime=\"2025-12-01T16:12:34+01:00\">1 de diciembre de 2025<\/time><\/p>\n<\/div><\/div>\n\n<div class=\"gb-grid-column gb-grid-column-e5ca27b4 gb-query-loop-item post-5290 post type-post status-publish format-standard has-post-thumbnail hentry category-ginecologia tag-ana-marbella-munoz tag-biotecnologia tag-ginecologia tag-terapias\"><div class=\"gb-container gb-container-e5ca27b4\">\n<figure class=\"gb-block-image gb-block-image-7ef10794\"><img loading=\"lazy\" decoding=\"async\" width=\"800\" height=\"533\" src=\"https:\/\/riberasalud.com\/clinica-mestalla\/wp-content\/uploads\/2025\/10\/La-doctora-Munoz-Jaramillo-con-una-paciente.jpg\" class=\"gb-image-7ef10794\" alt=\"La doctora Mun\u0303oz Jaramillo, con una paciente\" srcset=\"https:\/\/riberasalud.com\/clinica-mestalla\/wp-content\/uploads\/2025\/10\/La-doctora-Munoz-Jaramillo-con-una-paciente.jpg 800w, https:\/\/riberasalud.com\/clinica-mestalla\/wp-content\/uploads\/2025\/10\/La-doctora-Munoz-Jaramillo-con-una-paciente-300x200.jpg 300w, https:\/\/riberasalud.com\/clinica-mestalla\/wp-content\/uploads\/2025\/10\/La-doctora-Munoz-Jaramillo-con-una-paciente-768x512.jpg 768w\" sizes=\"auto, (max-width: 800px) 100vw, 800px\" \/><\/figure>\n\n<h2 class=\"gb-headline gb-headline-1be8aeee gb-headline-text\"><a href=\"https:\/\/riberasalud.com\/clinica-mestalla\/ribera-mestalla-impulsa-la-ginecologia-regenerativa-con-nuevas-terapias-basadas-en-biotecnologia-celular\/\">Ribera Mestalla impulsa la Ginecolog\u00eda regenerativa con nuevas terapias basadas en biotecnolog\u00eda celular<\/a><\/h2>\n\n<p class=\"gb-headline gb-headline-a3e5c1f5 gb-headline-text\"><time class=\"entry-date published\" datetime=\"2025-10-24T14:24:38+02:00\">24 de octubre de 2025<\/time><\/p>\n<\/div><\/div>\n\n<div class=\"gb-grid-column gb-grid-column-e5ca27b4 gb-query-loop-item post-4639 post type-post status-publish format-standard has-post-thumbnail hentry category-cirugia-estetica tag-cirugia-estetica tag-parpado tag-pepe-mallent tag-ribera-mestalla\"><div class=\"gb-container gb-container-e5ca27b4\">\n<figure class=\"gb-block-image gb-block-image-7ef10794\"><img loading=\"lazy\" decoding=\"async\" width=\"800\" height=\"533\" src=\"https:\/\/riberasalud.com\/clinica-mestalla\/wp-content\/uploads\/2025\/10\/Como-ha-cambiado-la-blefaroplastia.jpg\" class=\"gb-image-7ef10794\" alt=\"Dr. Mallent habla de la blefaroplastia en la Cl\u00ednica Ribera Mestalla\" srcset=\"https:\/\/riberasalud.com\/clinica-mestalla\/wp-content\/uploads\/2025\/10\/Como-ha-cambiado-la-blefaroplastia.jpg 800w, https:\/\/riberasalud.com\/clinica-mestalla\/wp-content\/uploads\/2025\/10\/Como-ha-cambiado-la-blefaroplastia-300x200.jpg 300w, https:\/\/riberasalud.com\/clinica-mestalla\/wp-content\/uploads\/2025\/10\/Como-ha-cambiado-la-blefaroplastia-768x512.jpg 768w\" sizes=\"auto, (max-width: 800px) 100vw, 800px\" \/><\/figure>\n\n<h2 class=\"gb-headline gb-headline-1be8aeee gb-headline-text\"><a href=\"https:\/\/riberasalud.com\/clinica-mestalla\/como-ha-cambiado-la-blefaroplastia-de-quitar-mucha-grasa-del-ojo-a-equilibrar-volumenes-para-lograr-un-parpado-natural\/\">C\u00f3mo ha cambiado la blefaroplastia: de quitar mucha grasa del ojo a equilibrar vol\u00famenes para lograr un p\u00e1rpado natural<\/a><\/h2>\n\n<p class=\"gb-headline gb-headline-a3e5c1f5 gb-headline-text\"><time class=\"entry-date published\" datetime=\"2025-10-10T14:10:14+02:00\">10 de octubre de 2025<\/time><\/p>\n<\/div><\/div>\n<\/div>\n\n\n\n<div style=\"height:50px\" aria-hidden=\"true\" class=\"wp-block-spacer\"><\/div>\n\n\n\n<div style=\"height:30px\" aria-hidden=\"true\" class=\"wp-block-spacer onlydesktop\"><\/div>\n\n\n\n<h2 class=\"wp-block-heading has-text-align-center\">A continuaci\u00f3n puedes ver todas nuestras noticias<\/h2>\n\n\n\n<p class=\"has-text-align-center\"><a href=\"https:\/\/riberasalud.com\/clinica-mestalla\/blog\/\">Ver m\u00e1s<\/a><\/p>\n<\/div><\/div>\n\n\n\n<div style=\"height:40px\" aria-hidden=\"true\" class=\"wp-block-spacer onlydesktop\"><\/div>\n","protected":false},"excerpt":{"rendered":"<p>SOMOS CL\u00cdNICA RIBERA MESTALLA Actualidad A continuaci\u00f3n puedes ver todas nuestras noticias Ver m\u00e1s<\/p>\n","protected":false},"author":3,"featured_media":0,"parent":0,"menu_order":0,"comment_status":"closed","ping_status":"closed","template":"","meta":{"footnotes":""},"class_list":["post-501","page","type-page","status-publish"],"yoast_head":"<!-- This site is optimized with the Yoast SEO plugin v25.0 - https:\/\/yoast.com\/wordpress\/plugins\/seo\/ -->\n<title>Actualidad - Cl\u00ednica Ribera Mestalla<\/title>\n<meta name=\"description\" content=\"Noticias y avances m\u00e9dicos del hospital: tratamientos, investigaciones, eventos y salud actualizados diariamente.\" \/>\n<meta name=\"robots\" content=\"index, follow, max-snippet:-1, max-image-preview:large, max-video-preview:-1\" \/>\n<link rel=\"canonical\" href=\"https:\/\/riberasalud.com\/clinica-mestalla\/actualidad\/\" \/>\n<meta property=\"og:locale\" content=\"es_ES\" \/>\n<meta property=\"og:type\" content=\"article\" \/>\n<meta property=\"og:title\" content=\"Actualidad - Cl\u00ednica Ribera Mestalla\" \/>\n<meta property=\"og:description\" content=\"Noticias y avances m\u00e9dicos del hospital: tratamientos, investigaciones, eventos y salud actualizados diariamente.\" \/>\n<meta property=\"og:url\" content=\"https:\/\/riberasalud.com\/clinica-mestalla\/actualidad\/\" \/>\n<meta property=\"og:site_name\" content=\"Cl\u00ednica Ribera Mestalla\" \/>\n<meta property=\"article:modified_time\" content=\"2025-07-21T10:32:48+00:00\" \/>\n<meta name=\"twitter:card\" content=\"summary_large_image\" \/>\n<meta name=\"twitter:label1\" content=\"Tiempo de lectura\" \/>\n\t<meta name=\"twitter:data1\" content=\"1 minuto\" \/>\n<script type=\"application\/ld+json\" class=\"yoast-schema-graph\">{\"@context\":\"https:\/\/schema.org\",\"@graph\":[{\"@type\":\"WebPage\",\"@id\":\"https:\/\/riberasalud.com\/clinica-mestalla\/actualidad\/\",\"url\":\"https:\/\/riberasalud.com\/clinica-mestalla\/actualidad\/\",\"name\":\"Actualidad - Cl\u00ednica Ribera Mestalla\",\"isPartOf\":{\"@id\":\"https:\/\/riberasalud.com\/clinica-mestalla\/#website\"},\"datePublished\":\"2024-10-10T08:43:04+00:00\",\"dateModified\":\"2025-07-21T10:32:48+00:00\",\"description\":\"Noticias y avances m\u00e9dicos del hospital: tratamientos, investigaciones, eventos y salud actualizados diariamente.\",\"breadcrumb\":{\"@id\":\"https:\/\/riberasalud.com\/clinica-mestalla\/actualidad\/#breadcrumb\"},\"inLanguage\":\"es\",\"potentialAction\":[{\"@type\":\"ReadAction\",\"target\":[\"https:\/\/riberasalud.com\/clinica-mestalla\/actualidad\/\"]}]},{\"@type\":\"BreadcrumbList\",\"@id\":\"https:\/\/riberasalud.com\/clinica-mestalla\/actualidad\/#breadcrumb\",\"itemListElement\":[{\"@type\":\"ListItem\",\"position\":1,\"name\":\"Portada\",\"item\":\"https:\/\/riberasalud.com\/clinica-mestalla\/\"},{\"@type\":\"ListItem\",\"position\":2,\"name\":\"Actualidad\"}]},{\"@type\":\"WebSite\",\"@id\":\"https:\/\/riberasalud.com\/clinica-mestalla\/#website\",\"url\":\"https:\/\/riberasalud.com\/clinica-mestalla\/\",\"name\":\"Cl\u00ednica Ribera Mestalla\",\"description\":\"\",\"publisher\":{\"@id\":\"https:\/\/riberasalud.com\/clinica-mestalla\/#organization\"},\"potentialAction\":[{\"@type\":\"SearchAction\",\"target\":{\"@type\":\"EntryPoint\",\"urlTemplate\":\"https:\/\/riberasalud.com\/clinica-mestalla\/?s={search_term_string}\"},\"query-input\":{\"@type\":\"PropertyValueSpecification\",\"valueRequired\":true,\"valueName\":\"search_term_string\"}}],\"inLanguage\":\"es\"},{\"@type\":\"Organization\",\"@id\":\"https:\/\/riberasalud.com\/clinica-mestalla\/#organization\",\"name\":\"Cl\u00ednica Ribera Mestalla\",\"url\":\"https:\/\/riberasalud.com\/clinica-mestalla\/\",\"logo\":{\"@type\":\"ImageObject\",\"inLanguage\":\"es\",\"@id\":\"https:\/\/riberasalud.com\/clinica-mestalla\/#\/schema\/logo\/image\/\",\"url\":\"https:\/\/riberasalud.com\/clinica-mestalla\/wp-content\/uploads\/2025\/04\/Clinica-Ribera-Mestalla-Logotipo.png\",\"contentUrl\":\"https:\/\/riberasalud.com\/clinica-mestalla\/wp-content\/uploads\/2025\/04\/Clinica-Ribera-Mestalla-Logotipo.png\",\"width\":351,\"height\":73,\"caption\":\"Cl\u00ednica Ribera Mestalla\"},\"image\":{\"@id\":\"https:\/\/riberasalud.com\/clinica-mestalla\/#\/schema\/logo\/image\/\"}}]}<\/script>\n<!-- \/ Yoast SEO plugin. -->","yoast_head_json":{"title":"Actualidad - Cl\u00ednica Ribera Mestalla","description":"Noticias y avances m\u00e9dicos del hospital: tratamientos, investigaciones, eventos y salud actualizados diariamente.","robots":{"index":"index","follow":"follow","max-snippet":"max-snippet:-1","max-image-preview":"max-image-preview:large","max-video-preview":"max-video-preview:-1"},"canonical":"https:\/\/riberasalud.com\/clinica-mestalla\/actualidad\/","og_locale":"es_ES","og_type":"article","og_title":"Actualidad - Cl\u00ednica Ribera Mestalla","og_description":"Noticias y avances m\u00e9dicos del hospital: tratamientos, investigaciones, eventos y salud actualizados diariamente.","og_url":"https:\/\/riberasalud.com\/clinica-mestalla\/actualidad\/","og_site_name":"Cl\u00ednica Ribera Mestalla","article_modified_time":"2025-07-21T10:32:48+00:00","twitter_card":"summary_large_image","twitter_misc":{"Tiempo de lectura":"1 minuto"},"schema":{"@context":"https:\/\/schema.org","@graph":[{"@type":"WebPage","@id":"https:\/\/riberasalud.com\/clinica-mestalla\/actualidad\/","url":"https:\/\/riberasalud.com\/clinica-mestalla\/actualidad\/","name":"Actualidad - Cl\u00ednica Ribera Mestalla","isPartOf":{"@id":"https:\/\/riberasalud.com\/clinica-mestalla\/#website"},"datePublished":"2024-10-10T08:43:04+00:00","dateModified":"2025-07-21T10:32:48+00:00","description":"Noticias y avances m\u00e9dicos del hospital: tratamientos, investigaciones, eventos y salud actualizados diariamente.","breadcrumb":{"@id":"https:\/\/riberasalud.com\/clinica-mestalla\/actualidad\/#breadcrumb"},"inLanguage":"es","potentialAction":[{"@type":"ReadAction","target":["https:\/\/riberasalud.com\/clinica-mestalla\/actualidad\/"]}]},{"@type":"BreadcrumbList","@id":"https:\/\/riberasalud.com\/clinica-mestalla\/actualidad\/#breadcrumb","itemListElement":[{"@type":"ListItem","position":1,"name":"Portada","item":"https:\/\/riberasalud.com\/clinica-mestalla\/"},{"@type":"ListItem","position":2,"name":"Actualidad"}]},{"@type":"WebSite","@id":"https:\/\/riberasalud.com\/clinica-mestalla\/#website","url":"https:\/\/riberasalud.com\/clinica-mestalla\/","name":"Cl\u00ednica Ribera Mestalla","description":"","publisher":{"@id":"https:\/\/riberasalud.com\/clinica-mestalla\/#organization"},"potentialAction":[{"@type":"SearchAction","target":{"@type":"EntryPoint","urlTemplate":"https:\/\/riberasalud.com\/clinica-mestalla\/?s={search_term_string}"},"query-input":{"@type":"PropertyValueSpecification","valueRequired":true,"valueName":"search_term_string"}}],"inLanguage":"es"},{"@type":"Organization","@id":"https:\/\/riberasalud.com\/clinica-mestalla\/#organization","name":"Cl\u00ednica Ribera Mestalla","url":"https:\/\/riberasalud.com\/clinica-mestalla\/","logo":{"@type":"ImageObject","inLanguage":"es","@id":"https:\/\/riberasalud.com\/clinica-mestalla\/#\/schema\/logo\/image\/","url":"https:\/\/riberasalud.com\/clinica-mestalla\/wp-content\/uploads\/2025\/04\/Clinica-Ribera-Mestalla-Logotipo.png","contentUrl":"https:\/\/riberasalud.com\/clinica-mestalla\/wp-content\/uploads\/2025\/04\/Clinica-Ribera-Mestalla-Logotipo.png","width":351,"height":73,"caption":"Cl\u00ednica Ribera Mestalla"},"image":{"@id":"https:\/\/riberasalud.com\/clinica-mestalla\/#\/schema\/logo\/image\/"}}]}},"_links":{"self":[{"href":"https:\/\/riberasalud.com\/clinica-mestalla\/wp-json\/wp\/v2\/pages\/501","targetHints":{"allow":["GET"]}}],"collection":[{"href":"https:\/\/riberasalud.com\/clinica-mestalla\/wp-json\/wp\/v2\/pages"}],"about":[{"href":"https:\/\/riberasalud.com\/clinica-mestalla\/wp-json\/wp\/v2\/types\/page"}],"author":[{"embeddable":true,"href":"https:\/\/riberasalud.com\/clinica-mestalla\/wp-json\/wp\/v2\/users\/3"}],"replies":[{"embeddable":true,"href":"https:\/\/riberasalud.com\/clinica-mestalla\/wp-json\/wp\/v2\/comments?post=501"}],"version-history":[{"count":16,"href":"https:\/\/riberasalud.com\/clinica-mestalla\/wp-json\/wp\/v2\/pages\/501\/revisions"}],"predecessor-version":[{"id":4102,"href":"https:\/\/riberasalud.com\/clinica-mestalla\/wp-json\/wp\/v2\/pages\/501\/revisions\/4102"}],"wp:attachment":[{"href":"https:\/\/riberasalud.com\/clinica-mestalla\/wp-json\/wp\/v2\/media?parent=501"}],"curies":[{"name":"wp","href":"https:\/\/api.w.org\/{rel}","templated":true}]}}