{"id":4152,"date":"2025-07-31T12:26:17","date_gmt":"2025-07-31T10:26:17","guid":{"rendered":"https:\/\/riberasalud.com\/clinica-mestalla\/?page_id=4152"},"modified":"2025-07-31T12:34:00","modified_gmt":"2025-07-31T10:34:00","slug":"dr-paco-ripoll-traumatologo","status":"publish","type":"page","link":"https:\/\/riberasalud.com\/clinica-mestalla\/dr-paco-ripoll-traumatologo\/","title":{"rendered":"Dr. Paco Ripoll &#8211; Traumat\u00f3logo"},"content":{"rendered":"\n<div class=\"wp-block-group fondodoctoragroup\"><div class=\"wp-block-group__inner-container is-layout-constrained wp-block-group-is-layout-constrained\">\n<div class=\"wp-block-columns doblecolumnaimagen is-layout-flex wp-container-core-columns-is-layout-9d6595d7 wp-block-columns-is-layout-flex\">\n<div class=\"wp-block-column is-layout-flow wp-block-column-is-layout-flow\">\n<figure class=\"wp-block-image size-full\"><img loading=\"lazy\" decoding=\"async\" width=\"1000\" height=\"772\" src=\"https:\/\/riberasalud.com\/clinica-mestalla\/wp-content\/uploads\/2025\/07\/v2Dr.-Paco-Ripoll-Traumatologo.jpg\" alt=\"Dr. Paco Ripoll, Traumat\u00f3logo\" class=\"wp-image-4157\" srcset=\"https:\/\/riberasalud.com\/clinica-mestalla\/wp-content\/uploads\/2025\/07\/v2Dr.-Paco-Ripoll-Traumatologo.jpg 1000w, https:\/\/riberasalud.com\/clinica-mestalla\/wp-content\/uploads\/2025\/07\/v2Dr.-Paco-Ripoll-Traumatologo-300x232.jpg 300w, https:\/\/riberasalud.com\/clinica-mestalla\/wp-content\/uploads\/2025\/07\/v2Dr.-Paco-Ripoll-Traumatologo-768x593.jpg 768w\" sizes=\"auto, (max-width: 1000px) 100vw, 1000px\" \/><\/figure>\n<\/div>\n\n\n\n<div class=\"wp-block-column is-vertically-aligned-center first is-layout-flow wp-block-column-is-layout-flow\">\n<h1 class=\"wp-block-heading has-text-color has-link-color wp-elements-af565c470799b8fbd34e010c103928a8\" style=\"color:#d71029;font-size:28px\">Dr. Paco Ripoll<\/h1>\n\n\n\n<h2 class=\"wp-block-heading has-text-color has-link-color wp-elements-3e377cbea4ded2f627bdc8f83f1aaa7a\" style=\"color:#d71029;font-size:26px;font-style:normal;font-weight:400\">&#8211; Cirujano Ortop\u00e9dico y Traumat\u00f3logo<\/h2>\n\n\n\n<p><strong>El Dr. Paco Ripoll es especialista en Cirug\u00eda Ortop\u00e9dica y Traumatolog\u00eda con m\u00e1s de 20 a\u00f1os de experiencia en el diagn\u00f3stico y tratamiento quir\u00fargico de lesiones musculo-esquel\u00e9ticas.<\/strong><\/p>\n\n\n\n<p>Su enfoque est\u00e1 centrado en la cirug\u00eda artrosc\u00f3pica de lesiones ligamentosas y la conservaci\u00f3n de meniscos (\u201csave meniscus\u201d) a trav\u00e9s de t\u00e9cnicas avanzadas.<\/p>\n\n\n\n<p>Su objetivo es mejorar la calidad de vida de nuestros pacientes, priorizando las t\u00e9cnicas m\u00ednimamente invasivas que promueven una recuperaci\u00f3n r\u00e1pida y efectiva. Se he dedicado a la formaci\u00f3n continua, participando en congresos y cursos especializados, lo que le ha permitido mantenerse a la vanguardia en el tratamiento de patolog\u00edas ortop\u00e9dicas y traumatol\u00f3gicas.<\/p>\n<\/div>\n<\/div>\n<\/div><\/div>\n","protected":false},"excerpt":{"rendered":"<p>Dr. Paco Ripoll &#8211; Cirujano Ortop\u00e9dico y Traumat\u00f3logo El Dr. Paco Ripoll es especialista en Cirug\u00eda Ortop\u00e9dica y Traumatolog\u00eda con m\u00e1s de 20 a\u00f1os de experiencia en el diagn\u00f3stico y tratamiento quir\u00fargico de lesiones musculo-esquel\u00e9ticas. Su enfoque est\u00e1 centrado en la cirug\u00eda artrosc\u00f3pica de lesiones ligamentosas y la conservaci\u00f3n de meniscos (\u201csave meniscus\u201d) a trav\u00e9s &#8230; <\/p>\n<p class=\"read-more-container\"><a title=\"Dr. Paco Ripoll &#8211; Traumat\u00f3logo\" class=\"read-more button\" href=\"https:\/\/riberasalud.com\/clinica-mestalla\/dr-paco-ripoll-traumatologo\/#more-4152\" aria-label=\"Leer m\u00e1s sobre Dr. Paco Ripoll &#8211; Traumat\u00f3logo\">Leer m\u00e1s<\/a><\/p>\n","protected":false},"author":3,"featured_media":0,"parent":0,"menu_order":0,"comment_status":"closed","ping_status":"closed","template":"","meta":{"footnotes":""},"class_list":["post-4152","page","type-page","status-publish"],"yoast_head":"<!-- This site is optimized with the Yoast SEO plugin v25.0 - https:\/\/yoast.com\/wordpress\/plugins\/seo\/ -->\n<title>Traumat\u00f3logo Dr. Paco Ripoll - Cl\u00ednica Ribera Mestalla<\/title>\n<meta name=\"description\" content=\"El Dr. Paco Ripoll cuenta con m\u00e1s de 20 a\u00f1os de experiencia en el diagn\u00f3stico y tratamiento quir\u00fargico de lesiones musculo-esquel\u00e9ticas.\" \/>\n<meta name=\"robots\" content=\"index, follow, max-snippet:-1, max-image-preview:large, max-video-preview:-1\" \/>\n<link rel=\"canonical\" href=\"https:\/\/riberasalud.com\/clinica-mestalla\/dr-paco-ripoll-traumatologo\/\" \/>\n<meta property=\"og:locale\" content=\"es_ES\" \/>\n<meta property=\"og:type\" content=\"article\" \/>\n<meta property=\"og:title\" content=\"Traumat\u00f3logo Dr. Paco Ripoll - Cl\u00ednica Ribera Mestalla\" \/>\n<meta property=\"og:description\" content=\"El Dr. Paco Ripoll cuenta con m\u00e1s de 20 a\u00f1os de experiencia en el diagn\u00f3stico y tratamiento quir\u00fargico de lesiones musculo-esquel\u00e9ticas.\" \/>\n<meta property=\"og:url\" content=\"https:\/\/riberasalud.com\/clinica-mestalla\/dr-paco-ripoll-traumatologo\/\" \/>\n<meta property=\"og:site_name\" content=\"Cl\u00ednica Ribera Mestalla\" \/>\n<meta property=\"article:modified_time\" content=\"2025-07-31T10:34:00+00:00\" \/>\n<meta property=\"og:image\" content=\"https:\/\/riberasalud.com\/clinica-mestalla\/wp-content\/uploads\/2025\/07\/v2Dr.-Paco-Ripoll-Traumatologo.jpg\" \/>\n\t<meta property=\"og:image:width\" content=\"1000\" \/>\n\t<meta property=\"og:image:height\" content=\"772\" \/>\n\t<meta property=\"og:image:type\" content=\"image\/jpeg\" \/>\n<meta name=\"twitter:card\" content=\"summary_large_image\" \/>\n<meta name=\"twitter:label1\" content=\"Tiempo de lectura\" \/>\n\t<meta name=\"twitter:data1\" content=\"1 minuto\" \/>\n<script type=\"application\/ld+json\" class=\"yoast-schema-graph\">{\"@context\":\"https:\/\/schema.org\",\"@graph\":[{\"@type\":\"WebPage\",\"@id\":\"https:\/\/riberasalud.com\/clinica-mestalla\/dr-paco-ripoll-traumatologo\/\",\"url\":\"https:\/\/riberasalud.com\/clinica-mestalla\/dr-paco-ripoll-traumatologo\/\",\"name\":\"Traumat\u00f3logo Dr. Paco Ripoll - Cl\u00ednica Ribera Mestalla\",\"isPartOf\":{\"@id\":\"https:\/\/riberasalud.com\/clinica-mestalla\/#website\"},\"primaryImageOfPage\":{\"@id\":\"https:\/\/riberasalud.com\/clinica-mestalla\/dr-paco-ripoll-traumatologo\/#primaryimage\"},\"image\":{\"@id\":\"https:\/\/riberasalud.com\/clinica-mestalla\/dr-paco-ripoll-traumatologo\/#primaryimage\"},\"thumbnailUrl\":\"https:\/\/riberasalud.com\/clinica-mestalla\/wp-content\/uploads\/2025\/07\/v2Dr.-Paco-Ripoll-Traumatologo.jpg\",\"datePublished\":\"2025-07-31T10:26:17+00:00\",\"dateModified\":\"2025-07-31T10:34:00+00:00\",\"description\":\"El Dr. Paco Ripoll cuenta con m\u00e1s de 20 a\u00f1os de experiencia en el diagn\u00f3stico y tratamiento quir\u00fargico de lesiones musculo-esquel\u00e9ticas.\",\"breadcrumb\":{\"@id\":\"https:\/\/riberasalud.com\/clinica-mestalla\/dr-paco-ripoll-traumatologo\/#breadcrumb\"},\"inLanguage\":\"es\",\"potentialAction\":[{\"@type\":\"ReadAction\",\"target\":[\"https:\/\/riberasalud.com\/clinica-mestalla\/dr-paco-ripoll-traumatologo\/\"]}]},{\"@type\":\"ImageObject\",\"inLanguage\":\"es\",\"@id\":\"https:\/\/riberasalud.com\/clinica-mestalla\/dr-paco-ripoll-traumatologo\/#primaryimage\",\"url\":\"https:\/\/riberasalud.com\/clinica-mestalla\/wp-content\/uploads\/2025\/07\/v2Dr.-Paco-Ripoll-Traumatologo.jpg\",\"contentUrl\":\"https:\/\/riberasalud.com\/clinica-mestalla\/wp-content\/uploads\/2025\/07\/v2Dr.-Paco-Ripoll-Traumatologo.jpg\",\"width\":1000,\"height\":772,\"caption\":\"Dr. Paco Ripoll, Traumat\u00f3logo\"},{\"@type\":\"BreadcrumbList\",\"@id\":\"https:\/\/riberasalud.com\/clinica-mestalla\/dr-paco-ripoll-traumatologo\/#breadcrumb\",\"itemListElement\":[{\"@type\":\"ListItem\",\"position\":1,\"name\":\"Portada\",\"item\":\"https:\/\/riberasalud.com\/clinica-mestalla\/\"},{\"@type\":\"ListItem\",\"position\":2,\"name\":\"Dr. Paco Ripoll &#8211; Traumat\u00f3logo\"}]},{\"@type\":\"WebSite\",\"@id\":\"https:\/\/riberasalud.com\/clinica-mestalla\/#website\",\"url\":\"https:\/\/riberasalud.com\/clinica-mestalla\/\",\"name\":\"Cl\u00ednica Ribera Mestalla\",\"description\":\"\",\"publisher\":{\"@id\":\"https:\/\/riberasalud.com\/clinica-mestalla\/#organization\"},\"potentialAction\":[{\"@type\":\"SearchAction\",\"target\":{\"@type\":\"EntryPoint\",\"urlTemplate\":\"https:\/\/riberasalud.com\/clinica-mestalla\/?s={search_term_string}\"},\"query-input\":{\"@type\":\"PropertyValueSpecification\",\"valueRequired\":true,\"valueName\":\"search_term_string\"}}],\"inLanguage\":\"es\"},{\"@type\":\"Organization\",\"@id\":\"https:\/\/riberasalud.com\/clinica-mestalla\/#organization\",\"name\":\"Cl\u00ednica Ribera Mestalla\",\"url\":\"https:\/\/riberasalud.com\/clinica-mestalla\/\",\"logo\":{\"@type\":\"ImageObject\",\"inLanguage\":\"es\",\"@id\":\"https:\/\/riberasalud.com\/clinica-mestalla\/#\/schema\/logo\/image\/\",\"url\":\"https:\/\/riberasalud.com\/clinica-mestalla\/wp-content\/uploads\/2025\/04\/Clinica-Ribera-Mestalla-Logotipo.png\",\"contentUrl\":\"https:\/\/riberasalud.com\/clinica-mestalla\/wp-content\/uploads\/2025\/04\/Clinica-Ribera-Mestalla-Logotipo.png\",\"width\":351,\"height\":73,\"caption\":\"Cl\u00ednica Ribera Mestalla\"},\"image\":{\"@id\":\"https:\/\/riberasalud.com\/clinica-mestalla\/#\/schema\/logo\/image\/\"}}]}<\/script>\n<!-- \/ Yoast SEO plugin. -->","yoast_head_json":{"title":"Traumat\u00f3logo Dr. Paco Ripoll - Cl\u00ednica Ribera Mestalla","description":"El Dr. Paco Ripoll cuenta con m\u00e1s de 20 a\u00f1os de experiencia en el diagn\u00f3stico y tratamiento quir\u00fargico de lesiones musculo-esquel\u00e9ticas.","robots":{"index":"index","follow":"follow","max-snippet":"max-snippet:-1","max-image-preview":"max-image-preview:large","max-video-preview":"max-video-preview:-1"},"canonical":"https:\/\/riberasalud.com\/clinica-mestalla\/dr-paco-ripoll-traumatologo\/","og_locale":"es_ES","og_type":"article","og_title":"Traumat\u00f3logo Dr. Paco Ripoll - Cl\u00ednica Ribera Mestalla","og_description":"El Dr. Paco Ripoll cuenta con m\u00e1s de 20 a\u00f1os de experiencia en el diagn\u00f3stico y tratamiento quir\u00fargico de lesiones musculo-esquel\u00e9ticas.","og_url":"https:\/\/riberasalud.com\/clinica-mestalla\/dr-paco-ripoll-traumatologo\/","og_site_name":"Cl\u00ednica Ribera Mestalla","article_modified_time":"2025-07-31T10:34:00+00:00","og_image":[{"width":1000,"height":772,"url":"https:\/\/riberasalud.com\/clinica-mestalla\/wp-content\/uploads\/2025\/07\/v2Dr.-Paco-Ripoll-Traumatologo.jpg","type":"image\/jpeg"}],"twitter_card":"summary_large_image","twitter_misc":{"Tiempo de lectura":"1 minuto"},"schema":{"@context":"https:\/\/schema.org","@graph":[{"@type":"WebPage","@id":"https:\/\/riberasalud.com\/clinica-mestalla\/dr-paco-ripoll-traumatologo\/","url":"https:\/\/riberasalud.com\/clinica-mestalla\/dr-paco-ripoll-traumatologo\/","name":"Traumat\u00f3logo Dr. Paco Ripoll - Cl\u00ednica Ribera Mestalla","isPartOf":{"@id":"https:\/\/riberasalud.com\/clinica-mestalla\/#website"},"primaryImageOfPage":{"@id":"https:\/\/riberasalud.com\/clinica-mestalla\/dr-paco-ripoll-traumatologo\/#primaryimage"},"image":{"@id":"https:\/\/riberasalud.com\/clinica-mestalla\/dr-paco-ripoll-traumatologo\/#primaryimage"},"thumbnailUrl":"https:\/\/riberasalud.com\/clinica-mestalla\/wp-content\/uploads\/2025\/07\/v2Dr.-Paco-Ripoll-Traumatologo.jpg","datePublished":"2025-07-31T10:26:17+00:00","dateModified":"2025-07-31T10:34:00+00:00","description":"El Dr. Paco Ripoll cuenta con m\u00e1s de 20 a\u00f1os de experiencia en el diagn\u00f3stico y tratamiento quir\u00fargico de lesiones musculo-esquel\u00e9ticas.","breadcrumb":{"@id":"https:\/\/riberasalud.com\/clinica-mestalla\/dr-paco-ripoll-traumatologo\/#breadcrumb"},"inLanguage":"es","potentialAction":[{"@type":"ReadAction","target":["https:\/\/riberasalud.com\/clinica-mestalla\/dr-paco-ripoll-traumatologo\/"]}]},{"@type":"ImageObject","inLanguage":"es","@id":"https:\/\/riberasalud.com\/clinica-mestalla\/dr-paco-ripoll-traumatologo\/#primaryimage","url":"https:\/\/riberasalud.com\/clinica-mestalla\/wp-content\/uploads\/2025\/07\/v2Dr.-Paco-Ripoll-Traumatologo.jpg","contentUrl":"https:\/\/riberasalud.com\/clinica-mestalla\/wp-content\/uploads\/2025\/07\/v2Dr.-Paco-Ripoll-Traumatologo.jpg","width":1000,"height":772,"caption":"Dr. Paco Ripoll, Traumat\u00f3logo"},{"@type":"BreadcrumbList","@id":"https:\/\/riberasalud.com\/clinica-mestalla\/dr-paco-ripoll-traumatologo\/#breadcrumb","itemListElement":[{"@type":"ListItem","position":1,"name":"Portada","item":"https:\/\/riberasalud.com\/clinica-mestalla\/"},{"@type":"ListItem","position":2,"name":"Dr. Paco Ripoll &#8211; Traumat\u00f3logo"}]},{"@type":"WebSite","@id":"https:\/\/riberasalud.com\/clinica-mestalla\/#website","url":"https:\/\/riberasalud.com\/clinica-mestalla\/","name":"Cl\u00ednica Ribera Mestalla","description":"","publisher":{"@id":"https:\/\/riberasalud.com\/clinica-mestalla\/#organization"},"potentialAction":[{"@type":"SearchAction","target":{"@type":"EntryPoint","urlTemplate":"https:\/\/riberasalud.com\/clinica-mestalla\/?s={search_term_string}"},"query-input":{"@type":"PropertyValueSpecification","valueRequired":true,"valueName":"search_term_string"}}],"inLanguage":"es"},{"@type":"Organization","@id":"https:\/\/riberasalud.com\/clinica-mestalla\/#organization","name":"Cl\u00ednica Ribera Mestalla","url":"https:\/\/riberasalud.com\/clinica-mestalla\/","logo":{"@type":"ImageObject","inLanguage":"es","@id":"https:\/\/riberasalud.com\/clinica-mestalla\/#\/schema\/logo\/image\/","url":"https:\/\/riberasalud.com\/clinica-mestalla\/wp-content\/uploads\/2025\/04\/Clinica-Ribera-Mestalla-Logotipo.png","contentUrl":"https:\/\/riberasalud.com\/clinica-mestalla\/wp-content\/uploads\/2025\/04\/Clinica-Ribera-Mestalla-Logotipo.png","width":351,"height":73,"caption":"Cl\u00ednica Ribera Mestalla"},"image":{"@id":"https:\/\/riberasalud.com\/clinica-mestalla\/#\/schema\/logo\/image\/"}}]}},"_links":{"self":[{"href":"https:\/\/riberasalud.com\/clinica-mestalla\/wp-json\/wp\/v2\/pages\/4152","targetHints":{"allow":["GET"]}}],"collection":[{"href":"https:\/\/riberasalud.com\/clinica-mestalla\/wp-json\/wp\/v2\/pages"}],"about":[{"href":"https:\/\/riberasalud.com\/clinica-mestalla\/wp-json\/wp\/v2\/types\/page"}],"author":[{"embeddable":true,"href":"https:\/\/riberasalud.com\/clinica-mestalla\/wp-json\/wp\/v2\/users\/3"}],"replies":[{"embeddable":true,"href":"https:\/\/riberasalud.com\/clinica-mestalla\/wp-json\/wp\/v2\/comments?post=4152"}],"version-history":[{"count":6,"href":"https:\/\/riberasalud.com\/clinica-mestalla\/wp-json\/wp\/v2\/pages\/4152\/revisions"}],"predecessor-version":[{"id":4161,"href":"https:\/\/riberasalud.com\/clinica-mestalla\/wp-json\/wp\/v2\/pages\/4152\/revisions\/4161"}],"wp:attachment":[{"href":"https:\/\/riberasalud.com\/clinica-mestalla\/wp-json\/wp\/v2\/media?parent=4152"}],"curies":[{"name":"wp","href":"https:\/\/api.w.org\/{rel}","templated":true}]}}