{"id":4139,"date":"2025-07-22T11:56:16","date_gmt":"2025-07-22T09:56:16","guid":{"rendered":"https:\/\/riberasalud.com\/clinica-mestalla\/?page_id=4139"},"modified":"2025-07-22T11:59:35","modified_gmt":"2025-07-22T09:59:35","slug":"dra-claudia-murillo-reumatologa","status":"publish","type":"page","link":"https:\/\/riberasalud.com\/clinica-mestalla\/dra-claudia-murillo-reumatologa\/","title":{"rendered":"Dra. Claudia Murillo &#8211; Reumat\u00f3loga"},"content":{"rendered":"\n<div class=\"wp-block-group fondodoctoragroup\"><div class=\"wp-block-group__inner-container is-layout-constrained wp-block-group-is-layout-constrained\">\n<div class=\"wp-block-columns doblecolumnaimagen is-layout-flex wp-container-core-columns-is-layout-9d6595d7 wp-block-columns-is-layout-flex\">\n<div class=\"wp-block-column is-layout-flow wp-block-column-is-layout-flow\">\n<figure class=\"wp-block-image size-full\"><img loading=\"lazy\" decoding=\"async\" width=\"1000\" height=\"772\" src=\"https:\/\/riberasalud.com\/clinica-mestalla\/wp-content\/uploads\/2025\/07\/Dra.-Claudia-Murillo-Reumatologa-en-la-Clinica-Ribera-Mestalla.jpg\" alt=\"Dra. Claudia Murillo, Reumat\u00f3loga en la Cl\u00ednica Ribera Mestalla\" class=\"wp-image-4141\" srcset=\"https:\/\/riberasalud.com\/clinica-mestalla\/wp-content\/uploads\/2025\/07\/Dra.-Claudia-Murillo-Reumatologa-en-la-Clinica-Ribera-Mestalla.jpg 1000w, https:\/\/riberasalud.com\/clinica-mestalla\/wp-content\/uploads\/2025\/07\/Dra.-Claudia-Murillo-Reumatologa-en-la-Clinica-Ribera-Mestalla-300x232.jpg 300w, https:\/\/riberasalud.com\/clinica-mestalla\/wp-content\/uploads\/2025\/07\/Dra.-Claudia-Murillo-Reumatologa-en-la-Clinica-Ribera-Mestalla-768x593.jpg 768w\" sizes=\"auto, (max-width: 1000px) 100vw, 1000px\" \/><\/figure>\n<\/div>\n\n\n\n<div class=\"wp-block-column is-vertically-aligned-center first is-layout-flow wp-block-column-is-layout-flow\">\n<h1 class=\"wp-block-heading has-text-color has-link-color wp-elements-378061898abcc79bf1474282e1d4de5c\" style=\"color:#d71029;font-size:28px\">Dra. Claudia Murillo<\/h1>\n\n\n\n<h2 class=\"wp-block-heading has-text-color has-link-color wp-elements-0d625600f8e36aa2bac6fda8a8dc6935\" style=\"color:#d71029;font-size:26px;font-style:normal;font-weight:400\">&#8211; Reumat\u00f3loga<\/h2>\n\n\n\n<p><strong>La Dra. Claudia Murillo es reumat\u00f3loga y especialista en Medicina Interna con m\u00e1s de 20 a\u00f1os de experiencia en el diagn\u00f3stico y tratamiento de enfermedades inflamatorias y autoinmunes complejas.<\/strong><\/p>\n\n\n\n<p>Cuenta con una s\u00f3lida trayectoria en el abordaje de patolog\u00edas como la artritis reumatoide, lupus, osteoporosis y trastornos del metabolismo \u00f3seo, especialmente en adultos mayores. En la actualidad, forma parte del equipo m\u00e9dico de la Cl\u00ednica Ribera Mestalla, donde combina su conocimiento cl\u00ednico con un enfoque integral, multidisciplinar y centrado en la calidad de vida del paciente.<\/p>\n\n\n\n<p>A lo largo de su carrera, ha destacado por su compromiso con la innovaci\u00f3n terap\u00e9utica, participando activamente en congresos nacionales e internacionales y aplicando inmunoterapias avanzadas adaptadas a cada caso. La Dra. Murillo apuesta por una medicina cercana, rigurosa y personalizada, que escuche al paciente y lo acompa\u00f1e de forma emp\u00e1tica en cada etapa del tratamiento.<\/p>\n<\/div>\n<\/div>\n<\/div><\/div>\n","protected":false},"excerpt":{"rendered":"<p>Dra. Claudia Murillo &#8211; Reumat\u00f3loga La Dra. Claudia Murillo es reumat\u00f3loga y especialista en Medicina Interna con m\u00e1s de 20 a\u00f1os de experiencia en el diagn\u00f3stico y tratamiento de enfermedades inflamatorias y autoinmunes complejas. Cuenta con una s\u00f3lida trayectoria en el abordaje de patolog\u00edas como la artritis reumatoide, lupus, osteoporosis y trastornos del metabolismo \u00f3seo, &#8230; <\/p>\n<p class=\"read-more-container\"><a title=\"Dra. Claudia Murillo &#8211; Reumat\u00f3loga\" class=\"read-more button\" href=\"https:\/\/riberasalud.com\/clinica-mestalla\/dra-claudia-murillo-reumatologa\/#more-4139\" aria-label=\"Leer m\u00e1s sobre Dra. Claudia Murillo &#8211; Reumat\u00f3loga\">Leer m\u00e1s<\/a><\/p>\n","protected":false},"author":3,"featured_media":0,"parent":0,"menu_order":0,"comment_status":"closed","ping_status":"closed","template":"","meta":{"footnotes":""},"class_list":["post-4139","page","type-page","status-publish"],"yoast_head":"<!-- This site is optimized with the Yoast SEO plugin v25.0 - https:\/\/yoast.com\/wordpress\/plugins\/seo\/ -->\n<title>Reumat\u00f3loga Dra. Claudia Murillo - Cl\u00ednica Ribera Mestalla<\/title>\n<meta name=\"description\" content=\"La Dra. Claudia Murillo es reumat\u00f3loga con experiencia en el diagn\u00f3stico y tratamiento de enfermedades inflamatorias y autoinmunes complejas.\" \/>\n<meta name=\"robots\" content=\"index, follow, max-snippet:-1, max-image-preview:large, max-video-preview:-1\" \/>\n<link rel=\"canonical\" href=\"https:\/\/riberasalud.com\/clinica-mestalla\/dra-claudia-murillo-reumatologa\/\" \/>\n<meta property=\"og:locale\" content=\"es_ES\" \/>\n<meta property=\"og:type\" content=\"article\" \/>\n<meta property=\"og:title\" content=\"Reumat\u00f3loga Dra. Claudia Murillo - Cl\u00ednica Ribera Mestalla\" \/>\n<meta property=\"og:description\" content=\"La Dra. Claudia Murillo es reumat\u00f3loga con experiencia en el diagn\u00f3stico y tratamiento de enfermedades inflamatorias y autoinmunes complejas.\" \/>\n<meta property=\"og:url\" content=\"https:\/\/riberasalud.com\/clinica-mestalla\/dra-claudia-murillo-reumatologa\/\" \/>\n<meta property=\"og:site_name\" content=\"Cl\u00ednica Ribera Mestalla\" \/>\n<meta property=\"article:modified_time\" content=\"2025-07-22T09:59:35+00:00\" \/>\n<meta property=\"og:image\" content=\"https:\/\/riberasalud.com\/clinica-mestalla\/wp-content\/uploads\/2025\/07\/Dra.-Claudia-Murillo-Reumatologa-en-la-Clinica-Ribera-Mestalla.jpg\" \/>\n\t<meta property=\"og:image:width\" content=\"1000\" \/>\n\t<meta property=\"og:image:height\" content=\"772\" \/>\n\t<meta property=\"og:image:type\" content=\"image\/jpeg\" \/>\n<meta name=\"twitter:card\" content=\"summary_large_image\" \/>\n<meta name=\"twitter:label1\" content=\"Tiempo de lectura\" \/>\n\t<meta name=\"twitter:data1\" content=\"1 minuto\" \/>\n<script type=\"application\/ld+json\" class=\"yoast-schema-graph\">{\"@context\":\"https:\/\/schema.org\",\"@graph\":[{\"@type\":\"WebPage\",\"@id\":\"https:\/\/riberasalud.com\/clinica-mestalla\/dra-claudia-murillo-reumatologa\/\",\"url\":\"https:\/\/riberasalud.com\/clinica-mestalla\/dra-claudia-murillo-reumatologa\/\",\"name\":\"Reumat\u00f3loga Dra. Claudia Murillo - Cl\u00ednica Ribera Mestalla\",\"isPartOf\":{\"@id\":\"https:\/\/riberasalud.com\/clinica-mestalla\/#website\"},\"primaryImageOfPage\":{\"@id\":\"https:\/\/riberasalud.com\/clinica-mestalla\/dra-claudia-murillo-reumatologa\/#primaryimage\"},\"image\":{\"@id\":\"https:\/\/riberasalud.com\/clinica-mestalla\/dra-claudia-murillo-reumatologa\/#primaryimage\"},\"thumbnailUrl\":\"https:\/\/riberasalud.com\/clinica-mestalla\/wp-content\/uploads\/2025\/07\/Dra.-Claudia-Murillo-Reumatologa-en-la-Clinica-Ribera-Mestalla.jpg\",\"datePublished\":\"2025-07-22T09:56:16+00:00\",\"dateModified\":\"2025-07-22T09:59:35+00:00\",\"description\":\"La Dra. Claudia Murillo es reumat\u00f3loga con experiencia en el diagn\u00f3stico y tratamiento de enfermedades inflamatorias y autoinmunes complejas.\",\"breadcrumb\":{\"@id\":\"https:\/\/riberasalud.com\/clinica-mestalla\/dra-claudia-murillo-reumatologa\/#breadcrumb\"},\"inLanguage\":\"es\",\"potentialAction\":[{\"@type\":\"ReadAction\",\"target\":[\"https:\/\/riberasalud.com\/clinica-mestalla\/dra-claudia-murillo-reumatologa\/\"]}]},{\"@type\":\"ImageObject\",\"inLanguage\":\"es\",\"@id\":\"https:\/\/riberasalud.com\/clinica-mestalla\/dra-claudia-murillo-reumatologa\/#primaryimage\",\"url\":\"https:\/\/riberasalud.com\/clinica-mestalla\/wp-content\/uploads\/2025\/07\/Dra.-Claudia-Murillo-Reumatologa-en-la-Clinica-Ribera-Mestalla.jpg\",\"contentUrl\":\"https:\/\/riberasalud.com\/clinica-mestalla\/wp-content\/uploads\/2025\/07\/Dra.-Claudia-Murillo-Reumatologa-en-la-Clinica-Ribera-Mestalla.jpg\",\"width\":1000,\"height\":772,\"caption\":\"Dra. Claudia Murillo, Reumat\u00f3loga en la Cl\u00ednica Ribera Mestalla\"},{\"@type\":\"BreadcrumbList\",\"@id\":\"https:\/\/riberasalud.com\/clinica-mestalla\/dra-claudia-murillo-reumatologa\/#breadcrumb\",\"itemListElement\":[{\"@type\":\"ListItem\",\"position\":1,\"name\":\"Portada\",\"item\":\"https:\/\/riberasalud.com\/clinica-mestalla\/\"},{\"@type\":\"ListItem\",\"position\":2,\"name\":\"Dra. Claudia Murillo &#8211; Reumat\u00f3loga\"}]},{\"@type\":\"WebSite\",\"@id\":\"https:\/\/riberasalud.com\/clinica-mestalla\/#website\",\"url\":\"https:\/\/riberasalud.com\/clinica-mestalla\/\",\"name\":\"Cl\u00ednica Ribera Mestalla\",\"description\":\"\",\"publisher\":{\"@id\":\"https:\/\/riberasalud.com\/clinica-mestalla\/#organization\"},\"potentialAction\":[{\"@type\":\"SearchAction\",\"target\":{\"@type\":\"EntryPoint\",\"urlTemplate\":\"https:\/\/riberasalud.com\/clinica-mestalla\/?s={search_term_string}\"},\"query-input\":{\"@type\":\"PropertyValueSpecification\",\"valueRequired\":true,\"valueName\":\"search_term_string\"}}],\"inLanguage\":\"es\"},{\"@type\":\"Organization\",\"@id\":\"https:\/\/riberasalud.com\/clinica-mestalla\/#organization\",\"name\":\"Cl\u00ednica Ribera Mestalla\",\"url\":\"https:\/\/riberasalud.com\/clinica-mestalla\/\",\"logo\":{\"@type\":\"ImageObject\",\"inLanguage\":\"es\",\"@id\":\"https:\/\/riberasalud.com\/clinica-mestalla\/#\/schema\/logo\/image\/\",\"url\":\"https:\/\/riberasalud.com\/clinica-mestalla\/wp-content\/uploads\/2025\/04\/Clinica-Ribera-Mestalla-Logotipo.png\",\"contentUrl\":\"https:\/\/riberasalud.com\/clinica-mestalla\/wp-content\/uploads\/2025\/04\/Clinica-Ribera-Mestalla-Logotipo.png\",\"width\":351,\"height\":73,\"caption\":\"Cl\u00ednica Ribera Mestalla\"},\"image\":{\"@id\":\"https:\/\/riberasalud.com\/clinica-mestalla\/#\/schema\/logo\/image\/\"}}]}<\/script>\n<!-- \/ Yoast SEO plugin. -->","yoast_head_json":{"title":"Reumat\u00f3loga Dra. Claudia Murillo - Cl\u00ednica Ribera Mestalla","description":"La Dra. Claudia Murillo es reumat\u00f3loga con experiencia en el diagn\u00f3stico y tratamiento de enfermedades inflamatorias y autoinmunes complejas.","robots":{"index":"index","follow":"follow","max-snippet":"max-snippet:-1","max-image-preview":"max-image-preview:large","max-video-preview":"max-video-preview:-1"},"canonical":"https:\/\/riberasalud.com\/clinica-mestalla\/dra-claudia-murillo-reumatologa\/","og_locale":"es_ES","og_type":"article","og_title":"Reumat\u00f3loga Dra. Claudia Murillo - Cl\u00ednica Ribera Mestalla","og_description":"La Dra. Claudia Murillo es reumat\u00f3loga con experiencia en el diagn\u00f3stico y tratamiento de enfermedades inflamatorias y autoinmunes complejas.","og_url":"https:\/\/riberasalud.com\/clinica-mestalla\/dra-claudia-murillo-reumatologa\/","og_site_name":"Cl\u00ednica Ribera Mestalla","article_modified_time":"2025-07-22T09:59:35+00:00","og_image":[{"width":1000,"height":772,"url":"https:\/\/riberasalud.com\/clinica-mestalla\/wp-content\/uploads\/2025\/07\/Dra.-Claudia-Murillo-Reumatologa-en-la-Clinica-Ribera-Mestalla.jpg","type":"image\/jpeg"}],"twitter_card":"summary_large_image","twitter_misc":{"Tiempo de lectura":"1 minuto"},"schema":{"@context":"https:\/\/schema.org","@graph":[{"@type":"WebPage","@id":"https:\/\/riberasalud.com\/clinica-mestalla\/dra-claudia-murillo-reumatologa\/","url":"https:\/\/riberasalud.com\/clinica-mestalla\/dra-claudia-murillo-reumatologa\/","name":"Reumat\u00f3loga Dra. Claudia Murillo - Cl\u00ednica Ribera Mestalla","isPartOf":{"@id":"https:\/\/riberasalud.com\/clinica-mestalla\/#website"},"primaryImageOfPage":{"@id":"https:\/\/riberasalud.com\/clinica-mestalla\/dra-claudia-murillo-reumatologa\/#primaryimage"},"image":{"@id":"https:\/\/riberasalud.com\/clinica-mestalla\/dra-claudia-murillo-reumatologa\/#primaryimage"},"thumbnailUrl":"https:\/\/riberasalud.com\/clinica-mestalla\/wp-content\/uploads\/2025\/07\/Dra.-Claudia-Murillo-Reumatologa-en-la-Clinica-Ribera-Mestalla.jpg","datePublished":"2025-07-22T09:56:16+00:00","dateModified":"2025-07-22T09:59:35+00:00","description":"La Dra. Claudia Murillo es reumat\u00f3loga con experiencia en el diagn\u00f3stico y tratamiento de enfermedades inflamatorias y autoinmunes complejas.","breadcrumb":{"@id":"https:\/\/riberasalud.com\/clinica-mestalla\/dra-claudia-murillo-reumatologa\/#breadcrumb"},"inLanguage":"es","potentialAction":[{"@type":"ReadAction","target":["https:\/\/riberasalud.com\/clinica-mestalla\/dra-claudia-murillo-reumatologa\/"]}]},{"@type":"ImageObject","inLanguage":"es","@id":"https:\/\/riberasalud.com\/clinica-mestalla\/dra-claudia-murillo-reumatologa\/#primaryimage","url":"https:\/\/riberasalud.com\/clinica-mestalla\/wp-content\/uploads\/2025\/07\/Dra.-Claudia-Murillo-Reumatologa-en-la-Clinica-Ribera-Mestalla.jpg","contentUrl":"https:\/\/riberasalud.com\/clinica-mestalla\/wp-content\/uploads\/2025\/07\/Dra.-Claudia-Murillo-Reumatologa-en-la-Clinica-Ribera-Mestalla.jpg","width":1000,"height":772,"caption":"Dra. Claudia Murillo, Reumat\u00f3loga en la Cl\u00ednica Ribera Mestalla"},{"@type":"BreadcrumbList","@id":"https:\/\/riberasalud.com\/clinica-mestalla\/dra-claudia-murillo-reumatologa\/#breadcrumb","itemListElement":[{"@type":"ListItem","position":1,"name":"Portada","item":"https:\/\/riberasalud.com\/clinica-mestalla\/"},{"@type":"ListItem","position":2,"name":"Dra. Claudia Murillo &#8211; Reumat\u00f3loga"}]},{"@type":"WebSite","@id":"https:\/\/riberasalud.com\/clinica-mestalla\/#website","url":"https:\/\/riberasalud.com\/clinica-mestalla\/","name":"Cl\u00ednica Ribera Mestalla","description":"","publisher":{"@id":"https:\/\/riberasalud.com\/clinica-mestalla\/#organization"},"potentialAction":[{"@type":"SearchAction","target":{"@type":"EntryPoint","urlTemplate":"https:\/\/riberasalud.com\/clinica-mestalla\/?s={search_term_string}"},"query-input":{"@type":"PropertyValueSpecification","valueRequired":true,"valueName":"search_term_string"}}],"inLanguage":"es"},{"@type":"Organization","@id":"https:\/\/riberasalud.com\/clinica-mestalla\/#organization","name":"Cl\u00ednica Ribera Mestalla","url":"https:\/\/riberasalud.com\/clinica-mestalla\/","logo":{"@type":"ImageObject","inLanguage":"es","@id":"https:\/\/riberasalud.com\/clinica-mestalla\/#\/schema\/logo\/image\/","url":"https:\/\/riberasalud.com\/clinica-mestalla\/wp-content\/uploads\/2025\/04\/Clinica-Ribera-Mestalla-Logotipo.png","contentUrl":"https:\/\/riberasalud.com\/clinica-mestalla\/wp-content\/uploads\/2025\/04\/Clinica-Ribera-Mestalla-Logotipo.png","width":351,"height":73,"caption":"Cl\u00ednica Ribera Mestalla"},"image":{"@id":"https:\/\/riberasalud.com\/clinica-mestalla\/#\/schema\/logo\/image\/"}}]}},"_links":{"self":[{"href":"https:\/\/riberasalud.com\/clinica-mestalla\/wp-json\/wp\/v2\/pages\/4139","targetHints":{"allow":["GET"]}}],"collection":[{"href":"https:\/\/riberasalud.com\/clinica-mestalla\/wp-json\/wp\/v2\/pages"}],"about":[{"href":"https:\/\/riberasalud.com\/clinica-mestalla\/wp-json\/wp\/v2\/types\/page"}],"author":[{"embeddable":true,"href":"https:\/\/riberasalud.com\/clinica-mestalla\/wp-json\/wp\/v2\/users\/3"}],"replies":[{"embeddable":true,"href":"https:\/\/riberasalud.com\/clinica-mestalla\/wp-json\/wp\/v2\/comments?post=4139"}],"version-history":[{"count":2,"href":"https:\/\/riberasalud.com\/clinica-mestalla\/wp-json\/wp\/v2\/pages\/4139\/revisions"}],"predecessor-version":[{"id":4142,"href":"https:\/\/riberasalud.com\/clinica-mestalla\/wp-json\/wp\/v2\/pages\/4139\/revisions\/4142"}],"wp:attachment":[{"href":"https:\/\/riberasalud.com\/clinica-mestalla\/wp-json\/wp\/v2\/media?parent=4139"}],"curies":[{"name":"wp","href":"https:\/\/api.w.org\/{rel}","templated":true}]}}