{"id":4072,"date":"2025-07-17T12:03:08","date_gmt":"2025-07-17T10:03:08","guid":{"rendered":"https:\/\/riberasalud.com\/clinica-mestalla\/?page_id=4072"},"modified":"2025-07-17T12:04:56","modified_gmt":"2025-07-17T10:04:56","slug":"dra-claudia-huerta-medico-estetico","status":"publish","type":"page","link":"https:\/\/riberasalud.com\/clinica-mestalla\/dra-claudia-huerta-medico-estetico\/","title":{"rendered":"Dra. Claudia Huerta \u2013 M\u00e9dico Est\u00e9tico"},"content":{"rendered":"\n<div class=\"wp-block-group fondodoctoragroup\"><div class=\"wp-block-group__inner-container is-layout-constrained wp-block-group-is-layout-constrained\">\n<div class=\"wp-block-columns doblecolumnaimagen is-layout-flex wp-container-core-columns-is-layout-9d6595d7 wp-block-columns-is-layout-flex\">\n<div class=\"wp-block-column is-layout-flow wp-block-column-is-layout-flow\">\n<figure class=\"wp-block-image size-full\"><img loading=\"lazy\" decoding=\"async\" width=\"1000\" height=\"772\" src=\"https:\/\/riberasalud.com\/clinica-mestalla\/wp-content\/uploads\/2025\/07\/Dra.-Claudia-Huerta-de-Rojas-Medico-Estetico.jpg\" alt=\"Dra. Claudia Huerta de Rojas, M\u00e9dico Est\u00e9tico\" class=\"wp-image-4076\" srcset=\"https:\/\/riberasalud.com\/clinica-mestalla\/wp-content\/uploads\/2025\/07\/Dra.-Claudia-Huerta-de-Rojas-Medico-Estetico.jpg 1000w, https:\/\/riberasalud.com\/clinica-mestalla\/wp-content\/uploads\/2025\/07\/Dra.-Claudia-Huerta-de-Rojas-Medico-Estetico-300x232.jpg 300w, https:\/\/riberasalud.com\/clinica-mestalla\/wp-content\/uploads\/2025\/07\/Dra.-Claudia-Huerta-de-Rojas-Medico-Estetico-768x593.jpg 768w\" sizes=\"auto, (max-width: 1000px) 100vw, 1000px\" \/><\/figure>\n<\/div>\n\n\n\n<div class=\"wp-block-column is-vertically-aligned-center first is-layout-flow wp-block-column-is-layout-flow\">\n<h1 class=\"wp-block-heading has-text-color has-link-color wp-elements-1daf5eca20aeca0ce12164d51bed0170\" style=\"color:#d71029;font-size:28px\">Dra. Claudia Huerta de Rojas<\/h1>\n\n\n\n<h2 class=\"wp-block-heading\" style=\"font-style:normal;font-weight:400\">&#8211; M\u00e9dico Est\u00e9tico<\/h2>\n\n\n\n<p><strong>La Dra. Claudia Huerta de Rojas forma parte del equipo m\u00e9dico de la Cl\u00ednica Ribera Mestalla como especialista en <a href=\"https:\/\/riberasalud.com\/clinica-mestalla\/medicina-estetica\/\">Medicina Est\u00e9tica<\/a>.<\/strong><\/p>\n\n\n\n<p>Con una visi\u00f3n centrada en el cuidado integral del paciente, combina experiencia, formaci\u00f3n m\u00e9dica y las t\u00e9cnicas m\u00e1s avanzadas para ofrecer tratamientos personalizados que promueven el bienestar y la belleza natural.<\/p>\n\n\n\n<p>Su enfoque se basa en lograr resultados eficaces y seguros, priorizando siempre la naturalidad, la prevenci\u00f3n y el acompa\u00f1amiento cercano a cada paciente.<\/p>\n<\/div>\n<\/div>\n<\/div><\/div>\n","protected":false},"excerpt":{"rendered":"<p>Dra. Claudia Huerta de Rojas &#8211; M\u00e9dico Est\u00e9tico La Dra. Claudia Huerta de Rojas forma parte del equipo m\u00e9dico de la Cl\u00ednica Ribera Mestalla como especialista en Medicina Est\u00e9tica. Con una visi\u00f3n centrada en el cuidado integral del paciente, combina experiencia, formaci\u00f3n m\u00e9dica y las t\u00e9cnicas m\u00e1s avanzadas para ofrecer tratamientos personalizados que promueven el &#8230; <\/p>\n<p class=\"read-more-container\"><a title=\"Dra. Claudia Huerta \u2013 M\u00e9dico Est\u00e9tico\" class=\"read-more button\" href=\"https:\/\/riberasalud.com\/clinica-mestalla\/dra-claudia-huerta-medico-estetico\/#more-4072\" aria-label=\"Leer m\u00e1s sobre Dra. Claudia Huerta \u2013 M\u00e9dico Est\u00e9tico\">Leer m\u00e1s<\/a><\/p>\n","protected":false},"author":3,"featured_media":0,"parent":0,"menu_order":0,"comment_status":"closed","ping_status":"closed","template":"","meta":{"footnotes":""},"class_list":["post-4072","page","type-page","status-publish"],"yoast_head":"<!-- This site is optimized with the Yoast SEO plugin v25.0 - https:\/\/yoast.com\/wordpress\/plugins\/seo\/ -->\n<title>M\u00e9dico Est\u00e9tico Dra. Claudia Huerta - Cl\u00ednica Ribera Mestalla<\/title>\n<meta name=\"description\" content=\"La Dra. Claudia Huerta de Rojas forma parte del equipo m\u00e9dico de la Cl\u00ednica Ribera Mestalla como especialista en Medicina Est\u00e9tica.\" \/>\n<meta name=\"robots\" content=\"index, follow, max-snippet:-1, max-image-preview:large, max-video-preview:-1\" \/>\n<link rel=\"canonical\" href=\"https:\/\/riberasalud.com\/clinica-mestalla\/dra-claudia-huerta-medico-estetico\/\" \/>\n<meta property=\"og:locale\" content=\"es_ES\" \/>\n<meta property=\"og:type\" content=\"article\" \/>\n<meta property=\"og:title\" content=\"M\u00e9dico Est\u00e9tico Dra. Claudia Huerta - Cl\u00ednica Ribera Mestalla\" \/>\n<meta property=\"og:description\" content=\"La Dra. Claudia Huerta de Rojas forma parte del equipo m\u00e9dico de la Cl\u00ednica Ribera Mestalla como especialista en Medicina Est\u00e9tica.\" \/>\n<meta property=\"og:url\" content=\"https:\/\/riberasalud.com\/clinica-mestalla\/dra-claudia-huerta-medico-estetico\/\" \/>\n<meta property=\"og:site_name\" content=\"Cl\u00ednica Ribera Mestalla\" \/>\n<meta property=\"article:modified_time\" content=\"2025-07-17T10:04:56+00:00\" \/>\n<meta property=\"og:image\" content=\"https:\/\/riberasalud.com\/clinica-mestalla\/wp-content\/uploads\/2025\/07\/Dra.-Claudia-Huerta-de-Rojas-Medico-Estetico.jpg\" \/>\n\t<meta property=\"og:image:width\" content=\"1000\" \/>\n\t<meta property=\"og:image:height\" content=\"772\" \/>\n\t<meta property=\"og:image:type\" content=\"image\/jpeg\" \/>\n<meta name=\"twitter:card\" content=\"summary_large_image\" \/>\n<meta name=\"twitter:label1\" content=\"Tiempo de lectura\" \/>\n\t<meta name=\"twitter:data1\" content=\"1 minuto\" \/>\n<script type=\"application\/ld+json\" class=\"yoast-schema-graph\">{\"@context\":\"https:\/\/schema.org\",\"@graph\":[{\"@type\":\"WebPage\",\"@id\":\"https:\/\/riberasalud.com\/clinica-mestalla\/dra-claudia-huerta-medico-estetico\/\",\"url\":\"https:\/\/riberasalud.com\/clinica-mestalla\/dra-claudia-huerta-medico-estetico\/\",\"name\":\"M\u00e9dico Est\u00e9tico Dra. Claudia Huerta - Cl\u00ednica Ribera Mestalla\",\"isPartOf\":{\"@id\":\"https:\/\/riberasalud.com\/clinica-mestalla\/#website\"},\"primaryImageOfPage\":{\"@id\":\"https:\/\/riberasalud.com\/clinica-mestalla\/dra-claudia-huerta-medico-estetico\/#primaryimage\"},\"image\":{\"@id\":\"https:\/\/riberasalud.com\/clinica-mestalla\/dra-claudia-huerta-medico-estetico\/#primaryimage\"},\"thumbnailUrl\":\"https:\/\/riberasalud.com\/clinica-mestalla\/wp-content\/uploads\/2025\/07\/Dra.-Claudia-Huerta-de-Rojas-Medico-Estetico.jpg\",\"datePublished\":\"2025-07-17T10:03:08+00:00\",\"dateModified\":\"2025-07-17T10:04:56+00:00\",\"description\":\"La Dra. Claudia Huerta de Rojas forma parte del equipo m\u00e9dico de la Cl\u00ednica Ribera Mestalla como especialista en Medicina Est\u00e9tica.\",\"breadcrumb\":{\"@id\":\"https:\/\/riberasalud.com\/clinica-mestalla\/dra-claudia-huerta-medico-estetico\/#breadcrumb\"},\"inLanguage\":\"es\",\"potentialAction\":[{\"@type\":\"ReadAction\",\"target\":[\"https:\/\/riberasalud.com\/clinica-mestalla\/dra-claudia-huerta-medico-estetico\/\"]}]},{\"@type\":\"ImageObject\",\"inLanguage\":\"es\",\"@id\":\"https:\/\/riberasalud.com\/clinica-mestalla\/dra-claudia-huerta-medico-estetico\/#primaryimage\",\"url\":\"https:\/\/riberasalud.com\/clinica-mestalla\/wp-content\/uploads\/2025\/07\/Dra.-Claudia-Huerta-de-Rojas-Medico-Estetico.jpg\",\"contentUrl\":\"https:\/\/riberasalud.com\/clinica-mestalla\/wp-content\/uploads\/2025\/07\/Dra.-Claudia-Huerta-de-Rojas-Medico-Estetico.jpg\",\"width\":1000,\"height\":772,\"caption\":\"Dra. Claudia Huerta de Rojas, M\u00e9dico Est\u00e9tico\"},{\"@type\":\"BreadcrumbList\",\"@id\":\"https:\/\/riberasalud.com\/clinica-mestalla\/dra-claudia-huerta-medico-estetico\/#breadcrumb\",\"itemListElement\":[{\"@type\":\"ListItem\",\"position\":1,\"name\":\"Portada\",\"item\":\"https:\/\/riberasalud.com\/clinica-mestalla\/\"},{\"@type\":\"ListItem\",\"position\":2,\"name\":\"Dra. Claudia Huerta \u2013 M\u00e9dico Est\u00e9tico\"}]},{\"@type\":\"WebSite\",\"@id\":\"https:\/\/riberasalud.com\/clinica-mestalla\/#website\",\"url\":\"https:\/\/riberasalud.com\/clinica-mestalla\/\",\"name\":\"Cl\u00ednica Ribera Mestalla\",\"description\":\"\",\"publisher\":{\"@id\":\"https:\/\/riberasalud.com\/clinica-mestalla\/#organization\"},\"potentialAction\":[{\"@type\":\"SearchAction\",\"target\":{\"@type\":\"EntryPoint\",\"urlTemplate\":\"https:\/\/riberasalud.com\/clinica-mestalla\/?s={search_term_string}\"},\"query-input\":{\"@type\":\"PropertyValueSpecification\",\"valueRequired\":true,\"valueName\":\"search_term_string\"}}],\"inLanguage\":\"es\"},{\"@type\":\"Organization\",\"@id\":\"https:\/\/riberasalud.com\/clinica-mestalla\/#organization\",\"name\":\"Cl\u00ednica Ribera Mestalla\",\"url\":\"https:\/\/riberasalud.com\/clinica-mestalla\/\",\"logo\":{\"@type\":\"ImageObject\",\"inLanguage\":\"es\",\"@id\":\"https:\/\/riberasalud.com\/clinica-mestalla\/#\/schema\/logo\/image\/\",\"url\":\"https:\/\/riberasalud.com\/clinica-mestalla\/wp-content\/uploads\/2025\/04\/Clinica-Ribera-Mestalla-Logotipo.png\",\"contentUrl\":\"https:\/\/riberasalud.com\/clinica-mestalla\/wp-content\/uploads\/2025\/04\/Clinica-Ribera-Mestalla-Logotipo.png\",\"width\":351,\"height\":73,\"caption\":\"Cl\u00ednica Ribera Mestalla\"},\"image\":{\"@id\":\"https:\/\/riberasalud.com\/clinica-mestalla\/#\/schema\/logo\/image\/\"}}]}<\/script>\n<!-- \/ Yoast SEO plugin. -->","yoast_head_json":{"title":"M\u00e9dico Est\u00e9tico Dra. Claudia Huerta - Cl\u00ednica Ribera Mestalla","description":"La Dra. Claudia Huerta de Rojas forma parte del equipo m\u00e9dico de la Cl\u00ednica Ribera Mestalla como especialista en Medicina Est\u00e9tica.","robots":{"index":"index","follow":"follow","max-snippet":"max-snippet:-1","max-image-preview":"max-image-preview:large","max-video-preview":"max-video-preview:-1"},"canonical":"https:\/\/riberasalud.com\/clinica-mestalla\/dra-claudia-huerta-medico-estetico\/","og_locale":"es_ES","og_type":"article","og_title":"M\u00e9dico Est\u00e9tico Dra. Claudia Huerta - Cl\u00ednica Ribera Mestalla","og_description":"La Dra. Claudia Huerta de Rojas forma parte del equipo m\u00e9dico de la Cl\u00ednica Ribera Mestalla como especialista en Medicina Est\u00e9tica.","og_url":"https:\/\/riberasalud.com\/clinica-mestalla\/dra-claudia-huerta-medico-estetico\/","og_site_name":"Cl\u00ednica Ribera Mestalla","article_modified_time":"2025-07-17T10:04:56+00:00","og_image":[{"width":1000,"height":772,"url":"https:\/\/riberasalud.com\/clinica-mestalla\/wp-content\/uploads\/2025\/07\/Dra.-Claudia-Huerta-de-Rojas-Medico-Estetico.jpg","type":"image\/jpeg"}],"twitter_card":"summary_large_image","twitter_misc":{"Tiempo de lectura":"1 minuto"},"schema":{"@context":"https:\/\/schema.org","@graph":[{"@type":"WebPage","@id":"https:\/\/riberasalud.com\/clinica-mestalla\/dra-claudia-huerta-medico-estetico\/","url":"https:\/\/riberasalud.com\/clinica-mestalla\/dra-claudia-huerta-medico-estetico\/","name":"M\u00e9dico Est\u00e9tico Dra. Claudia Huerta - Cl\u00ednica Ribera Mestalla","isPartOf":{"@id":"https:\/\/riberasalud.com\/clinica-mestalla\/#website"},"primaryImageOfPage":{"@id":"https:\/\/riberasalud.com\/clinica-mestalla\/dra-claudia-huerta-medico-estetico\/#primaryimage"},"image":{"@id":"https:\/\/riberasalud.com\/clinica-mestalla\/dra-claudia-huerta-medico-estetico\/#primaryimage"},"thumbnailUrl":"https:\/\/riberasalud.com\/clinica-mestalla\/wp-content\/uploads\/2025\/07\/Dra.-Claudia-Huerta-de-Rojas-Medico-Estetico.jpg","datePublished":"2025-07-17T10:03:08+00:00","dateModified":"2025-07-17T10:04:56+00:00","description":"La Dra. Claudia Huerta de Rojas forma parte del equipo m\u00e9dico de la Cl\u00ednica Ribera Mestalla como especialista en Medicina Est\u00e9tica.","breadcrumb":{"@id":"https:\/\/riberasalud.com\/clinica-mestalla\/dra-claudia-huerta-medico-estetico\/#breadcrumb"},"inLanguage":"es","potentialAction":[{"@type":"ReadAction","target":["https:\/\/riberasalud.com\/clinica-mestalla\/dra-claudia-huerta-medico-estetico\/"]}]},{"@type":"ImageObject","inLanguage":"es","@id":"https:\/\/riberasalud.com\/clinica-mestalla\/dra-claudia-huerta-medico-estetico\/#primaryimage","url":"https:\/\/riberasalud.com\/clinica-mestalla\/wp-content\/uploads\/2025\/07\/Dra.-Claudia-Huerta-de-Rojas-Medico-Estetico.jpg","contentUrl":"https:\/\/riberasalud.com\/clinica-mestalla\/wp-content\/uploads\/2025\/07\/Dra.-Claudia-Huerta-de-Rojas-Medico-Estetico.jpg","width":1000,"height":772,"caption":"Dra. Claudia Huerta de Rojas, M\u00e9dico Est\u00e9tico"},{"@type":"BreadcrumbList","@id":"https:\/\/riberasalud.com\/clinica-mestalla\/dra-claudia-huerta-medico-estetico\/#breadcrumb","itemListElement":[{"@type":"ListItem","position":1,"name":"Portada","item":"https:\/\/riberasalud.com\/clinica-mestalla\/"},{"@type":"ListItem","position":2,"name":"Dra. Claudia Huerta \u2013 M\u00e9dico Est\u00e9tico"}]},{"@type":"WebSite","@id":"https:\/\/riberasalud.com\/clinica-mestalla\/#website","url":"https:\/\/riberasalud.com\/clinica-mestalla\/","name":"Cl\u00ednica Ribera Mestalla","description":"","publisher":{"@id":"https:\/\/riberasalud.com\/clinica-mestalla\/#organization"},"potentialAction":[{"@type":"SearchAction","target":{"@type":"EntryPoint","urlTemplate":"https:\/\/riberasalud.com\/clinica-mestalla\/?s={search_term_string}"},"query-input":{"@type":"PropertyValueSpecification","valueRequired":true,"valueName":"search_term_string"}}],"inLanguage":"es"},{"@type":"Organization","@id":"https:\/\/riberasalud.com\/clinica-mestalla\/#organization","name":"Cl\u00ednica Ribera Mestalla","url":"https:\/\/riberasalud.com\/clinica-mestalla\/","logo":{"@type":"ImageObject","inLanguage":"es","@id":"https:\/\/riberasalud.com\/clinica-mestalla\/#\/schema\/logo\/image\/","url":"https:\/\/riberasalud.com\/clinica-mestalla\/wp-content\/uploads\/2025\/04\/Clinica-Ribera-Mestalla-Logotipo.png","contentUrl":"https:\/\/riberasalud.com\/clinica-mestalla\/wp-content\/uploads\/2025\/04\/Clinica-Ribera-Mestalla-Logotipo.png","width":351,"height":73,"caption":"Cl\u00ednica Ribera Mestalla"},"image":{"@id":"https:\/\/riberasalud.com\/clinica-mestalla\/#\/schema\/logo\/image\/"}}]}},"_links":{"self":[{"href":"https:\/\/riberasalud.com\/clinica-mestalla\/wp-json\/wp\/v2\/pages\/4072","targetHints":{"allow":["GET"]}}],"collection":[{"href":"https:\/\/riberasalud.com\/clinica-mestalla\/wp-json\/wp\/v2\/pages"}],"about":[{"href":"https:\/\/riberasalud.com\/clinica-mestalla\/wp-json\/wp\/v2\/types\/page"}],"author":[{"embeddable":true,"href":"https:\/\/riberasalud.com\/clinica-mestalla\/wp-json\/wp\/v2\/users\/3"}],"replies":[{"embeddable":true,"href":"https:\/\/riberasalud.com\/clinica-mestalla\/wp-json\/wp\/v2\/comments?post=4072"}],"version-history":[{"count":4,"href":"https:\/\/riberasalud.com\/clinica-mestalla\/wp-json\/wp\/v2\/pages\/4072\/revisions"}],"predecessor-version":[{"id":4078,"href":"https:\/\/riberasalud.com\/clinica-mestalla\/wp-json\/wp\/v2\/pages\/4072\/revisions\/4078"}],"wp:attachment":[{"href":"https:\/\/riberasalud.com\/clinica-mestalla\/wp-json\/wp\/v2\/media?parent=4072"}],"curies":[{"name":"wp","href":"https:\/\/api.w.org\/{rel}","templated":true}]}}