{"id":4067,"date":"2025-07-17T12:00:25","date_gmt":"2025-07-17T10:00:25","guid":{"rendered":"https:\/\/riberasalud.com\/clinica-mestalla\/?page_id=4067"},"modified":"2025-10-31T12:29:14","modified_gmt":"2025-10-31T11:29:14","slug":"dr-pepe-mallent-cirugia-plastica","status":"publish","type":"page","link":"https:\/\/riberasalud.com\/clinica-mestalla\/dr-pepe-mallent-cirugia-plastica\/","title":{"rendered":"Dr. Jos\u00e9 Mallent &#8211; Cirug\u00eda Pl\u00e1stica"},"content":{"rendered":"\n<div class=\"wp-block-group fondodoctoragroup\"><div class=\"wp-block-group__inner-container is-layout-constrained wp-block-group-is-layout-constrained\">\n<div class=\"wp-block-columns doblecolumnaimagen is-layout-flex wp-container-core-columns-is-layout-9d6595d7 wp-block-columns-is-layout-flex\">\n<div class=\"wp-block-column is-layout-flow wp-block-column-is-layout-flow\">\n<figure class=\"wp-block-image size-full\"><img loading=\"lazy\" decoding=\"async\" width=\"1000\" height=\"772\" src=\"https:\/\/riberasalud.com\/clinica-mestalla\/wp-content\/uploads\/2025\/07\/Dr.-Pepe-Mallent-Especialista-en-Cirugia-Plastica-Estetica-y-Reparadora.png\" alt=\"Dr. Pepe Mallent, Especialista en Cirug\u00eda Pl\u00e1stica, Est\u00e9tica y Reparadora\" class=\"wp-image-4069\" srcset=\"https:\/\/riberasalud.com\/clinica-mestalla\/wp-content\/uploads\/2025\/07\/Dr.-Pepe-Mallent-Especialista-en-Cirugia-Plastica-Estetica-y-Reparadora.png 1000w, https:\/\/riberasalud.com\/clinica-mestalla\/wp-content\/uploads\/2025\/07\/Dr.-Pepe-Mallent-Especialista-en-Cirugia-Plastica-Estetica-y-Reparadora-300x232.png 300w, https:\/\/riberasalud.com\/clinica-mestalla\/wp-content\/uploads\/2025\/07\/Dr.-Pepe-Mallent-Especialista-en-Cirugia-Plastica-Estetica-y-Reparadora-768x593.png 768w\" sizes=\"auto, (max-width: 1000px) 100vw, 1000px\" \/><\/figure>\n<\/div>\n\n\n\n<div class=\"wp-block-column is-vertically-aligned-center first is-layout-flow wp-block-column-is-layout-flow\">\n<h1 class=\"wp-block-heading has-text-color has-link-color wp-elements-f4925c57e0d89fc8c5dc441b4ab5d529\" style=\"color:#d71029;font-size:28px\">Dr. Jos\u00e9 Mallent<\/h1>\n\n\n\n<h2 class=\"wp-block-heading\" style=\"font-style:normal;font-weight:400\">&#8211; Especialista en Cirug\u00eda Pl\u00e1stica, Est\u00e9tica y Reparadora<\/h2>\n\n\n\n<p><strong>El Dr. Jos\u00e9<\/strong> <strong>Mallent es un reconocido cirujano pl\u00e1stico con una s\u00f3lida trayectoria en el \u00e1mbito de la <a href=\"https:\/\/riberasalud.com\/clinica-mestalla\/medicina-estetica\/\">cirug\u00eda est\u00e9tica<\/a>, reparadora y reconstructiva. <\/strong><\/p>\n\n\n\n<p>Est\u00e1 especializado en procedimientos faciales, corporales y mamarios, combinando t\u00e9cnica quir\u00fargica avanzada con un enfoque centrado en la naturalidad de los resultados y el bienestar integral del paciente.<\/p>\n\n\n\n<p>Con una amplia experiencia tanto en el entorno hospitalario como en cl\u00ednicas privadas, el Dr. Mallent destaca por su trato cercano, su visi\u00f3n est\u00e9tica precisa y su compromiso con la seguridad y la excelencia m\u00e9dica. Adem\u00e1s, se mantiene en constante actualizaci\u00f3n para incorporar las \u00faltimas innovaciones en el campo de la <a href=\"https:\/\/riberasalud.com\/clinica-mestalla\/medicina-estetica\/\">cirug\u00eda pl\u00e1stica<\/a>.<\/p>\n<\/div>\n<\/div>\n<\/div><\/div>\n","protected":false},"excerpt":{"rendered":"<p>Dr. Jos\u00e9 Mallent &#8211; Especialista en Cirug\u00eda Pl\u00e1stica, Est\u00e9tica y Reparadora El Dr. Jos\u00e9 Mallent es un reconocido cirujano pl\u00e1stico con una s\u00f3lida trayectoria en el \u00e1mbito de la cirug\u00eda est\u00e9tica, reparadora y reconstructiva. Est\u00e1 especializado en procedimientos faciales, corporales y mamarios, combinando t\u00e9cnica quir\u00fargica avanzada con un enfoque centrado en la naturalidad de los &#8230; <\/p>\n<p class=\"read-more-container\"><a title=\"Dr. Jos\u00e9 Mallent &#8211; Cirug\u00eda Pl\u00e1stica\" class=\"read-more button\" href=\"https:\/\/riberasalud.com\/clinica-mestalla\/dr-pepe-mallent-cirugia-plastica\/#more-4067\" aria-label=\"Leer m\u00e1s sobre Dr. Jos\u00e9 Mallent &#8211; Cirug\u00eda Pl\u00e1stica\">Leer m\u00e1s<\/a><\/p>\n","protected":false},"author":3,"featured_media":0,"parent":0,"menu_order":0,"comment_status":"closed","ping_status":"closed","template":"","meta":{"footnotes":""},"class_list":["post-4067","page","type-page","status-publish"],"yoast_head":"<!-- This site is optimized with the Yoast SEO plugin v25.0 - https:\/\/yoast.com\/wordpress\/plugins\/seo\/ -->\n<title>Cirujano Pl\u00e1stico Dr. Jos\u00e9 Mallent - Cl\u00ednica Ribera Mestalla<\/title>\n<meta name=\"description\" content=\"El Dr. Jos\u00e9 Mallent es un reconocido cirujano pl\u00e1stico con una s\u00f3lida trayectoria en el \u00e1mbito de la cirug\u00eda est\u00e9tica, reparadora y reconstructiva.\" \/>\n<meta name=\"robots\" content=\"index, follow, max-snippet:-1, max-image-preview:large, max-video-preview:-1\" \/>\n<link rel=\"canonical\" href=\"https:\/\/riberasalud.com\/clinica-mestalla\/dr-pepe-mallent-cirugia-plastica\/\" \/>\n<meta property=\"og:locale\" content=\"es_ES\" \/>\n<meta property=\"og:type\" content=\"article\" \/>\n<meta property=\"og:title\" content=\"Cirujano Pl\u00e1stico Dr. Jos\u00e9 Mallent - Cl\u00ednica Ribera Mestalla\" \/>\n<meta property=\"og:description\" content=\"El Dr. Jos\u00e9 Mallent es un reconocido cirujano pl\u00e1stico con una s\u00f3lida trayectoria en el \u00e1mbito de la cirug\u00eda est\u00e9tica, reparadora y reconstructiva.\" \/>\n<meta property=\"og:url\" content=\"https:\/\/riberasalud.com\/clinica-mestalla\/dr-pepe-mallent-cirugia-plastica\/\" \/>\n<meta property=\"og:site_name\" content=\"Cl\u00ednica Ribera Mestalla\" \/>\n<meta property=\"article:modified_time\" content=\"2025-10-31T11:29:14+00:00\" \/>\n<meta property=\"og:image\" content=\"https:\/\/riberasalud.com\/clinica-mestalla\/wp-content\/uploads\/2025\/07\/Dr.-Pepe-Mallent-Especialista-en-Cirugia-Plastica-Estetica-y-Reparadora.png\" \/>\n\t<meta property=\"og:image:width\" content=\"1000\" \/>\n\t<meta property=\"og:image:height\" content=\"772\" \/>\n\t<meta property=\"og:image:type\" content=\"image\/png\" \/>\n<meta name=\"twitter:card\" content=\"summary_large_image\" \/>\n<meta name=\"twitter:label1\" content=\"Tiempo de lectura\" \/>\n\t<meta name=\"twitter:data1\" content=\"1 minuto\" \/>\n<script type=\"application\/ld+json\" class=\"yoast-schema-graph\">{\"@context\":\"https:\/\/schema.org\",\"@graph\":[{\"@type\":\"WebPage\",\"@id\":\"https:\/\/riberasalud.com\/clinica-mestalla\/dr-pepe-mallent-cirugia-plastica\/\",\"url\":\"https:\/\/riberasalud.com\/clinica-mestalla\/dr-pepe-mallent-cirugia-plastica\/\",\"name\":\"Cirujano Pl\u00e1stico Dr. Jos\u00e9 Mallent - Cl\u00ednica Ribera Mestalla\",\"isPartOf\":{\"@id\":\"https:\/\/riberasalud.com\/clinica-mestalla\/#website\"},\"primaryImageOfPage\":{\"@id\":\"https:\/\/riberasalud.com\/clinica-mestalla\/dr-pepe-mallent-cirugia-plastica\/#primaryimage\"},\"image\":{\"@id\":\"https:\/\/riberasalud.com\/clinica-mestalla\/dr-pepe-mallent-cirugia-plastica\/#primaryimage\"},\"thumbnailUrl\":\"https:\/\/riberasalud.com\/clinica-mestalla\/wp-content\/uploads\/2025\/07\/Dr.-Pepe-Mallent-Especialista-en-Cirugia-Plastica-Estetica-y-Reparadora.png\",\"datePublished\":\"2025-07-17T10:00:25+00:00\",\"dateModified\":\"2025-10-31T11:29:14+00:00\",\"description\":\"El Dr. Jos\u00e9 Mallent es un reconocido cirujano pl\u00e1stico con una s\u00f3lida trayectoria en el \u00e1mbito de la cirug\u00eda est\u00e9tica, reparadora y reconstructiva.\",\"breadcrumb\":{\"@id\":\"https:\/\/riberasalud.com\/clinica-mestalla\/dr-pepe-mallent-cirugia-plastica\/#breadcrumb\"},\"inLanguage\":\"es\",\"potentialAction\":[{\"@type\":\"ReadAction\",\"target\":[\"https:\/\/riberasalud.com\/clinica-mestalla\/dr-pepe-mallent-cirugia-plastica\/\"]}]},{\"@type\":\"ImageObject\",\"inLanguage\":\"es\",\"@id\":\"https:\/\/riberasalud.com\/clinica-mestalla\/dr-pepe-mallent-cirugia-plastica\/#primaryimage\",\"url\":\"https:\/\/riberasalud.com\/clinica-mestalla\/wp-content\/uploads\/2025\/07\/Dr.-Pepe-Mallent-Especialista-en-Cirugia-Plastica-Estetica-y-Reparadora.png\",\"contentUrl\":\"https:\/\/riberasalud.com\/clinica-mestalla\/wp-content\/uploads\/2025\/07\/Dr.-Pepe-Mallent-Especialista-en-Cirugia-Plastica-Estetica-y-Reparadora.png\",\"width\":1000,\"height\":772,\"caption\":\"Dr. Jos\u00e9 (Pepe) Mallent, Especialista en Cirug\u00eda Pl\u00e1stica, Est\u00e9tica y Reparadora\"},{\"@type\":\"BreadcrumbList\",\"@id\":\"https:\/\/riberasalud.com\/clinica-mestalla\/dr-pepe-mallent-cirugia-plastica\/#breadcrumb\",\"itemListElement\":[{\"@type\":\"ListItem\",\"position\":1,\"name\":\"Portada\",\"item\":\"https:\/\/riberasalud.com\/clinica-mestalla\/\"},{\"@type\":\"ListItem\",\"position\":2,\"name\":\"Dr. Jos\u00e9 Mallent &#8211; Cirug\u00eda Pl\u00e1stica\"}]},{\"@type\":\"WebSite\",\"@id\":\"https:\/\/riberasalud.com\/clinica-mestalla\/#website\",\"url\":\"https:\/\/riberasalud.com\/clinica-mestalla\/\",\"name\":\"Cl\u00ednica Ribera Mestalla\",\"description\":\"\",\"publisher\":{\"@id\":\"https:\/\/riberasalud.com\/clinica-mestalla\/#organization\"},\"potentialAction\":[{\"@type\":\"SearchAction\",\"target\":{\"@type\":\"EntryPoint\",\"urlTemplate\":\"https:\/\/riberasalud.com\/clinica-mestalla\/?s={search_term_string}\"},\"query-input\":{\"@type\":\"PropertyValueSpecification\",\"valueRequired\":true,\"valueName\":\"search_term_string\"}}],\"inLanguage\":\"es\"},{\"@type\":\"Organization\",\"@id\":\"https:\/\/riberasalud.com\/clinica-mestalla\/#organization\",\"name\":\"Cl\u00ednica Ribera Mestalla\",\"url\":\"https:\/\/riberasalud.com\/clinica-mestalla\/\",\"logo\":{\"@type\":\"ImageObject\",\"inLanguage\":\"es\",\"@id\":\"https:\/\/riberasalud.com\/clinica-mestalla\/#\/schema\/logo\/image\/\",\"url\":\"https:\/\/riberasalud.com\/clinica-mestalla\/wp-content\/uploads\/2025\/04\/Clinica-Ribera-Mestalla-Logotipo.png\",\"contentUrl\":\"https:\/\/riberasalud.com\/clinica-mestalla\/wp-content\/uploads\/2025\/04\/Clinica-Ribera-Mestalla-Logotipo.png\",\"width\":351,\"height\":73,\"caption\":\"Cl\u00ednica Ribera Mestalla\"},\"image\":{\"@id\":\"https:\/\/riberasalud.com\/clinica-mestalla\/#\/schema\/logo\/image\/\"}}]}<\/script>\n<!-- \/ Yoast SEO plugin. -->","yoast_head_json":{"title":"Cirujano Pl\u00e1stico Dr. Jos\u00e9 Mallent - Cl\u00ednica Ribera Mestalla","description":"El Dr. Jos\u00e9 Mallent es un reconocido cirujano pl\u00e1stico con una s\u00f3lida trayectoria en el \u00e1mbito de la cirug\u00eda est\u00e9tica, reparadora y reconstructiva.","robots":{"index":"index","follow":"follow","max-snippet":"max-snippet:-1","max-image-preview":"max-image-preview:large","max-video-preview":"max-video-preview:-1"},"canonical":"https:\/\/riberasalud.com\/clinica-mestalla\/dr-pepe-mallent-cirugia-plastica\/","og_locale":"es_ES","og_type":"article","og_title":"Cirujano Pl\u00e1stico Dr. Jos\u00e9 Mallent - Cl\u00ednica Ribera Mestalla","og_description":"El Dr. Jos\u00e9 Mallent es un reconocido cirujano pl\u00e1stico con una s\u00f3lida trayectoria en el \u00e1mbito de la cirug\u00eda est\u00e9tica, reparadora y reconstructiva.","og_url":"https:\/\/riberasalud.com\/clinica-mestalla\/dr-pepe-mallent-cirugia-plastica\/","og_site_name":"Cl\u00ednica Ribera Mestalla","article_modified_time":"2025-10-31T11:29:14+00:00","og_image":[{"width":1000,"height":772,"url":"https:\/\/riberasalud.com\/clinica-mestalla\/wp-content\/uploads\/2025\/07\/Dr.-Pepe-Mallent-Especialista-en-Cirugia-Plastica-Estetica-y-Reparadora.png","type":"image\/png"}],"twitter_card":"summary_large_image","twitter_misc":{"Tiempo de lectura":"1 minuto"},"schema":{"@context":"https:\/\/schema.org","@graph":[{"@type":"WebPage","@id":"https:\/\/riberasalud.com\/clinica-mestalla\/dr-pepe-mallent-cirugia-plastica\/","url":"https:\/\/riberasalud.com\/clinica-mestalla\/dr-pepe-mallent-cirugia-plastica\/","name":"Cirujano Pl\u00e1stico Dr. Jos\u00e9 Mallent - Cl\u00ednica Ribera Mestalla","isPartOf":{"@id":"https:\/\/riberasalud.com\/clinica-mestalla\/#website"},"primaryImageOfPage":{"@id":"https:\/\/riberasalud.com\/clinica-mestalla\/dr-pepe-mallent-cirugia-plastica\/#primaryimage"},"image":{"@id":"https:\/\/riberasalud.com\/clinica-mestalla\/dr-pepe-mallent-cirugia-plastica\/#primaryimage"},"thumbnailUrl":"https:\/\/riberasalud.com\/clinica-mestalla\/wp-content\/uploads\/2025\/07\/Dr.-Pepe-Mallent-Especialista-en-Cirugia-Plastica-Estetica-y-Reparadora.png","datePublished":"2025-07-17T10:00:25+00:00","dateModified":"2025-10-31T11:29:14+00:00","description":"El Dr. Jos\u00e9 Mallent es un reconocido cirujano pl\u00e1stico con una s\u00f3lida trayectoria en el \u00e1mbito de la cirug\u00eda est\u00e9tica, reparadora y reconstructiva.","breadcrumb":{"@id":"https:\/\/riberasalud.com\/clinica-mestalla\/dr-pepe-mallent-cirugia-plastica\/#breadcrumb"},"inLanguage":"es","potentialAction":[{"@type":"ReadAction","target":["https:\/\/riberasalud.com\/clinica-mestalla\/dr-pepe-mallent-cirugia-plastica\/"]}]},{"@type":"ImageObject","inLanguage":"es","@id":"https:\/\/riberasalud.com\/clinica-mestalla\/dr-pepe-mallent-cirugia-plastica\/#primaryimage","url":"https:\/\/riberasalud.com\/clinica-mestalla\/wp-content\/uploads\/2025\/07\/Dr.-Pepe-Mallent-Especialista-en-Cirugia-Plastica-Estetica-y-Reparadora.png","contentUrl":"https:\/\/riberasalud.com\/clinica-mestalla\/wp-content\/uploads\/2025\/07\/Dr.-Pepe-Mallent-Especialista-en-Cirugia-Plastica-Estetica-y-Reparadora.png","width":1000,"height":772,"caption":"Dr. Jos\u00e9 (Pepe) Mallent, Especialista en Cirug\u00eda Pl\u00e1stica, Est\u00e9tica y Reparadora"},{"@type":"BreadcrumbList","@id":"https:\/\/riberasalud.com\/clinica-mestalla\/dr-pepe-mallent-cirugia-plastica\/#breadcrumb","itemListElement":[{"@type":"ListItem","position":1,"name":"Portada","item":"https:\/\/riberasalud.com\/clinica-mestalla\/"},{"@type":"ListItem","position":2,"name":"Dr. Jos\u00e9 Mallent &#8211; Cirug\u00eda Pl\u00e1stica"}]},{"@type":"WebSite","@id":"https:\/\/riberasalud.com\/clinica-mestalla\/#website","url":"https:\/\/riberasalud.com\/clinica-mestalla\/","name":"Cl\u00ednica Ribera Mestalla","description":"","publisher":{"@id":"https:\/\/riberasalud.com\/clinica-mestalla\/#organization"},"potentialAction":[{"@type":"SearchAction","target":{"@type":"EntryPoint","urlTemplate":"https:\/\/riberasalud.com\/clinica-mestalla\/?s={search_term_string}"},"query-input":{"@type":"PropertyValueSpecification","valueRequired":true,"valueName":"search_term_string"}}],"inLanguage":"es"},{"@type":"Organization","@id":"https:\/\/riberasalud.com\/clinica-mestalla\/#organization","name":"Cl\u00ednica Ribera Mestalla","url":"https:\/\/riberasalud.com\/clinica-mestalla\/","logo":{"@type":"ImageObject","inLanguage":"es","@id":"https:\/\/riberasalud.com\/clinica-mestalla\/#\/schema\/logo\/image\/","url":"https:\/\/riberasalud.com\/clinica-mestalla\/wp-content\/uploads\/2025\/04\/Clinica-Ribera-Mestalla-Logotipo.png","contentUrl":"https:\/\/riberasalud.com\/clinica-mestalla\/wp-content\/uploads\/2025\/04\/Clinica-Ribera-Mestalla-Logotipo.png","width":351,"height":73,"caption":"Cl\u00ednica Ribera Mestalla"},"image":{"@id":"https:\/\/riberasalud.com\/clinica-mestalla\/#\/schema\/logo\/image\/"}}]}},"_links":{"self":[{"href":"https:\/\/riberasalud.com\/clinica-mestalla\/wp-json\/wp\/v2\/pages\/4067","targetHints":{"allow":["GET"]}}],"collection":[{"href":"https:\/\/riberasalud.com\/clinica-mestalla\/wp-json\/wp\/v2\/pages"}],"about":[{"href":"https:\/\/riberasalud.com\/clinica-mestalla\/wp-json\/wp\/v2\/types\/page"}],"author":[{"embeddable":true,"href":"https:\/\/riberasalud.com\/clinica-mestalla\/wp-json\/wp\/v2\/users\/3"}],"replies":[{"embeddable":true,"href":"https:\/\/riberasalud.com\/clinica-mestalla\/wp-json\/wp\/v2\/comments?post=4067"}],"version-history":[{"count":6,"href":"https:\/\/riberasalud.com\/clinica-mestalla\/wp-json\/wp\/v2\/pages\/4067\/revisions"}],"predecessor-version":[{"id":5952,"href":"https:\/\/riberasalud.com\/clinica-mestalla\/wp-json\/wp\/v2\/pages\/4067\/revisions\/5952"}],"wp:attachment":[{"href":"https:\/\/riberasalud.com\/clinica-mestalla\/wp-json\/wp\/v2\/media?parent=4067"}],"curies":[{"name":"wp","href":"https:\/\/api.w.org\/{rel}","templated":true}]}}