{"id":4016,"date":"2025-07-17T09:45:42","date_gmt":"2025-07-17T07:45:42","guid":{"rendered":"https:\/\/riberasalud.com\/clinica-mestalla\/?page_id=4016"},"modified":"2025-07-17T11:46:16","modified_gmt":"2025-07-17T09:46:16","slug":"dra-ana-marbella-ginecologa","status":"publish","type":"page","link":"https:\/\/riberasalud.com\/clinica-mestalla\/dra-ana-marbella-ginecologa\/","title":{"rendered":"Dra. Ana Marbella &#8211; Ginec\u00f3loga"},"content":{"rendered":"\n<div class=\"wp-block-group fondodoctoragroup\"><div class=\"wp-block-group__inner-container is-layout-constrained wp-block-group-is-layout-constrained\">\n<div class=\"wp-block-columns doblecolumnaimagen is-layout-flex wp-container-core-columns-is-layout-9d6595d7 wp-block-columns-is-layout-flex\">\n<div class=\"wp-block-column is-layout-flow wp-block-column-is-layout-flow\">\n<figure class=\"wp-block-image size-full\"><img loading=\"lazy\" decoding=\"async\" width=\"1000\" height=\"772\" src=\"https:\/\/riberasalud.com\/clinica-mestalla\/wp-content\/uploads\/2025\/07\/FOTO-WEB-ANA-MARBELLA-GINECOLOGA.png\" alt=\"Dra. Ana Marbella Ginec\u00f3loga\" class=\"wp-image-3342\" srcset=\"https:\/\/riberasalud.com\/clinica-mestalla\/wp-content\/uploads\/2025\/07\/FOTO-WEB-ANA-MARBELLA-GINECOLOGA.png 1000w, https:\/\/riberasalud.com\/clinica-mestalla\/wp-content\/uploads\/2025\/07\/FOTO-WEB-ANA-MARBELLA-GINECOLOGA-300x232.png 300w, https:\/\/riberasalud.com\/clinica-mestalla\/wp-content\/uploads\/2025\/07\/FOTO-WEB-ANA-MARBELLA-GINECOLOGA-768x593.png 768w\" sizes=\"auto, (max-width: 1000px) 100vw, 1000px\" \/><\/figure>\n<\/div>\n\n\n\n<div class=\"wp-block-column is-vertically-aligned-center first is-layout-flow wp-block-column-is-layout-flow\">\n<h1 class=\"wp-block-heading has-text-color has-link-color wp-elements-a2d7786f2a4372c624f1d353352730ef\" style=\"color:#d71029;font-size:28px\">Dra. Ana Marbella Mu\u00f1oz<\/h1>\n\n\n\n<h2 class=\"wp-block-heading\" style=\"font-style:normal;font-weight:400\">&#8211; Ginec\u00f3loga<\/h2>\n\n\n\n<p><strong>La Dra. Ana Marbella Mu\u00f1oz Jaramillo es ginec\u00f3loga con una s\u00f3lida trayectoria profesional, especializada en <a href=\"https:\/\/riberasalud.com\/clinica-mestalla\/ginecologia\/\">ginecolog\u00eda regenerativa<\/a>. <\/strong><\/p>\n\n\n\n<p>Con una clara vocaci\u00f3n por avanzar en la salud femenina, cuenta con experiencia cl\u00ednica y formaci\u00f3n avanzada en tratamientos innovadores para el bienestar \u00edntimo. Actualmente, forma parte del equipo de la nueva Cl\u00ednica Ribera Mestalla, donde aplica su conocimiento en revisiones ginecol\u00f3gicas y procedimientos regenerativos, ofreciendo atenci\u00f3n personalizada y de calidad a sus pacientes.<\/p>\n\n\n\n<p>Tras una larga trayectoria profesional dedicada al ejercicio de la obstetricia y ginecolog\u00eda privada en Valencia con numerosas guardias, partos y cirug\u00edas exitosamente resueltos, la Dra. Ana Marbella Mu\u00f1oz Jaramillo centra ahora su labor en el cuidado de la mujer desde un enfoque m\u00e1s relajado, emp\u00e1tico y respetuoso. Su objetivo actual es ofrecer una atenci\u00f3n integral que priorice el bienestar y la calidad de vida de sus pacientes.<\/p>\n<\/div>\n<\/div>\n<\/div><\/div>\n","protected":false},"excerpt":{"rendered":"<p>Dra. Ana Marbella Mu\u00f1oz &#8211; Ginec\u00f3loga La Dra. Ana Marbella Mu\u00f1oz Jaramillo es ginec\u00f3loga con una s\u00f3lida trayectoria profesional, especializada en ginecolog\u00eda regenerativa. Con una clara vocaci\u00f3n por avanzar en la salud femenina, cuenta con experiencia cl\u00ednica y formaci\u00f3n avanzada en tratamientos innovadores para el bienestar \u00edntimo. Actualmente, forma parte del equipo de la nueva &#8230; <\/p>\n<p class=\"read-more-container\"><a title=\"Dra. Ana Marbella &#8211; Ginec\u00f3loga\" class=\"read-more button\" href=\"https:\/\/riberasalud.com\/clinica-mestalla\/dra-ana-marbella-ginecologa\/#more-4016\" aria-label=\"Leer m\u00e1s sobre Dra. Ana Marbella &#8211; Ginec\u00f3loga\">Leer m\u00e1s<\/a><\/p>\n","protected":false},"author":3,"featured_media":0,"parent":0,"menu_order":0,"comment_status":"closed","ping_status":"closed","template":"","meta":{"footnotes":""},"class_list":["post-4016","page","type-page","status-publish"],"yoast_head":"<!-- This site is optimized with the Yoast SEO plugin v25.0 - https:\/\/yoast.com\/wordpress\/plugins\/seo\/ -->\n<title>Ginec\u00f3loga Dra. Ana Marbella - Cl\u00ednica Ribera Mestalla<\/title>\n<meta name=\"description\" content=\"La Dra. Ana Marbella Mu\u00f1oz Jaramillo es ginec\u00f3loga con una s\u00f3lida trayectoria profesional, especializada en ginecolog\u00eda regenerativa.\" \/>\n<meta name=\"robots\" content=\"index, follow, max-snippet:-1, max-image-preview:large, max-video-preview:-1\" \/>\n<link rel=\"canonical\" href=\"https:\/\/riberasalud.com\/clinica-mestalla\/dra-ana-marbella-ginecologa\/\" \/>\n<meta property=\"og:locale\" content=\"es_ES\" \/>\n<meta property=\"og:type\" content=\"article\" \/>\n<meta property=\"og:title\" content=\"Ginec\u00f3loga Dra. Ana Marbella - Cl\u00ednica Ribera Mestalla\" \/>\n<meta property=\"og:description\" content=\"La Dra. Ana Marbella Mu\u00f1oz Jaramillo es ginec\u00f3loga con una s\u00f3lida trayectoria profesional, especializada en ginecolog\u00eda regenerativa.\" \/>\n<meta property=\"og:url\" content=\"https:\/\/riberasalud.com\/clinica-mestalla\/dra-ana-marbella-ginecologa\/\" \/>\n<meta property=\"og:site_name\" content=\"Cl\u00ednica Ribera Mestalla\" \/>\n<meta property=\"article:modified_time\" content=\"2025-07-17T09:46:16+00:00\" \/>\n<meta property=\"og:image\" content=\"https:\/\/riberasalud.com\/clinica-mestalla\/wp-content\/uploads\/2025\/07\/FOTO-WEB-ANA-MARBELLA-GINECOLOGA.png\" \/>\n\t<meta property=\"og:image:width\" content=\"1000\" \/>\n\t<meta property=\"og:image:height\" content=\"772\" \/>\n\t<meta property=\"og:image:type\" content=\"image\/png\" \/>\n<meta name=\"twitter:card\" content=\"summary_large_image\" \/>\n<meta name=\"twitter:label1\" content=\"Tiempo de lectura\" \/>\n\t<meta name=\"twitter:data1\" content=\"1 minuto\" \/>\n<script type=\"application\/ld+json\" class=\"yoast-schema-graph\">{\"@context\":\"https:\/\/schema.org\",\"@graph\":[{\"@type\":\"WebPage\",\"@id\":\"https:\/\/riberasalud.com\/clinica-mestalla\/dra-ana-marbella-ginecologa\/\",\"url\":\"https:\/\/riberasalud.com\/clinica-mestalla\/dra-ana-marbella-ginecologa\/\",\"name\":\"Ginec\u00f3loga Dra. Ana Marbella - Cl\u00ednica Ribera Mestalla\",\"isPartOf\":{\"@id\":\"https:\/\/riberasalud.com\/clinica-mestalla\/#website\"},\"primaryImageOfPage\":{\"@id\":\"https:\/\/riberasalud.com\/clinica-mestalla\/dra-ana-marbella-ginecologa\/#primaryimage\"},\"image\":{\"@id\":\"https:\/\/riberasalud.com\/clinica-mestalla\/dra-ana-marbella-ginecologa\/#primaryimage\"},\"thumbnailUrl\":\"https:\/\/riberasalud.com\/clinica-mestalla\/wp-content\/uploads\/2025\/07\/FOTO-WEB-ANA-MARBELLA-GINECOLOGA.png\",\"datePublished\":\"2025-07-17T07:45:42+00:00\",\"dateModified\":\"2025-07-17T09:46:16+00:00\",\"description\":\"La Dra. Ana Marbella Mu\u00f1oz Jaramillo es ginec\u00f3loga con una s\u00f3lida trayectoria profesional, especializada en ginecolog\u00eda regenerativa.\",\"breadcrumb\":{\"@id\":\"https:\/\/riberasalud.com\/clinica-mestalla\/dra-ana-marbella-ginecologa\/#breadcrumb\"},\"inLanguage\":\"es\",\"potentialAction\":[{\"@type\":\"ReadAction\",\"target\":[\"https:\/\/riberasalud.com\/clinica-mestalla\/dra-ana-marbella-ginecologa\/\"]}]},{\"@type\":\"ImageObject\",\"inLanguage\":\"es\",\"@id\":\"https:\/\/riberasalud.com\/clinica-mestalla\/dra-ana-marbella-ginecologa\/#primaryimage\",\"url\":\"https:\/\/riberasalud.com\/clinica-mestalla\/wp-content\/uploads\/2025\/07\/FOTO-WEB-ANA-MARBELLA-GINECOLOGA.png\",\"contentUrl\":\"https:\/\/riberasalud.com\/clinica-mestalla\/wp-content\/uploads\/2025\/07\/FOTO-WEB-ANA-MARBELLA-GINECOLOGA.png\",\"width\":1000,\"height\":772,\"caption\":\"Dra. Ana Marbella Ginec\u00f3loga\"},{\"@type\":\"BreadcrumbList\",\"@id\":\"https:\/\/riberasalud.com\/clinica-mestalla\/dra-ana-marbella-ginecologa\/#breadcrumb\",\"itemListElement\":[{\"@type\":\"ListItem\",\"position\":1,\"name\":\"Portada\",\"item\":\"https:\/\/riberasalud.com\/clinica-mestalla\/\"},{\"@type\":\"ListItem\",\"position\":2,\"name\":\"Dra. Ana Marbella &#8211; Ginec\u00f3loga\"}]},{\"@type\":\"WebSite\",\"@id\":\"https:\/\/riberasalud.com\/clinica-mestalla\/#website\",\"url\":\"https:\/\/riberasalud.com\/clinica-mestalla\/\",\"name\":\"Cl\u00ednica Ribera Mestalla\",\"description\":\"\",\"publisher\":{\"@id\":\"https:\/\/riberasalud.com\/clinica-mestalla\/#organization\"},\"potentialAction\":[{\"@type\":\"SearchAction\",\"target\":{\"@type\":\"EntryPoint\",\"urlTemplate\":\"https:\/\/riberasalud.com\/clinica-mestalla\/?s={search_term_string}\"},\"query-input\":{\"@type\":\"PropertyValueSpecification\",\"valueRequired\":true,\"valueName\":\"search_term_string\"}}],\"inLanguage\":\"es\"},{\"@type\":\"Organization\",\"@id\":\"https:\/\/riberasalud.com\/clinica-mestalla\/#organization\",\"name\":\"Cl\u00ednica Ribera Mestalla\",\"url\":\"https:\/\/riberasalud.com\/clinica-mestalla\/\",\"logo\":{\"@type\":\"ImageObject\",\"inLanguage\":\"es\",\"@id\":\"https:\/\/riberasalud.com\/clinica-mestalla\/#\/schema\/logo\/image\/\",\"url\":\"https:\/\/riberasalud.com\/clinica-mestalla\/wp-content\/uploads\/2025\/04\/Clinica-Ribera-Mestalla-Logotipo.png\",\"contentUrl\":\"https:\/\/riberasalud.com\/clinica-mestalla\/wp-content\/uploads\/2025\/04\/Clinica-Ribera-Mestalla-Logotipo.png\",\"width\":351,\"height\":73,\"caption\":\"Cl\u00ednica Ribera Mestalla\"},\"image\":{\"@id\":\"https:\/\/riberasalud.com\/clinica-mestalla\/#\/schema\/logo\/image\/\"}}]}<\/script>\n<!-- \/ Yoast SEO plugin. -->","yoast_head_json":{"title":"Ginec\u00f3loga Dra. Ana Marbella - Cl\u00ednica Ribera Mestalla","description":"La Dra. Ana Marbella Mu\u00f1oz Jaramillo es ginec\u00f3loga con una s\u00f3lida trayectoria profesional, especializada en ginecolog\u00eda regenerativa.","robots":{"index":"index","follow":"follow","max-snippet":"max-snippet:-1","max-image-preview":"max-image-preview:large","max-video-preview":"max-video-preview:-1"},"canonical":"https:\/\/riberasalud.com\/clinica-mestalla\/dra-ana-marbella-ginecologa\/","og_locale":"es_ES","og_type":"article","og_title":"Ginec\u00f3loga Dra. Ana Marbella - Cl\u00ednica Ribera Mestalla","og_description":"La Dra. Ana Marbella Mu\u00f1oz Jaramillo es ginec\u00f3loga con una s\u00f3lida trayectoria profesional, especializada en ginecolog\u00eda regenerativa.","og_url":"https:\/\/riberasalud.com\/clinica-mestalla\/dra-ana-marbella-ginecologa\/","og_site_name":"Cl\u00ednica Ribera Mestalla","article_modified_time":"2025-07-17T09:46:16+00:00","og_image":[{"width":1000,"height":772,"url":"https:\/\/riberasalud.com\/clinica-mestalla\/wp-content\/uploads\/2025\/07\/FOTO-WEB-ANA-MARBELLA-GINECOLOGA.png","type":"image\/png"}],"twitter_card":"summary_large_image","twitter_misc":{"Tiempo de lectura":"1 minuto"},"schema":{"@context":"https:\/\/schema.org","@graph":[{"@type":"WebPage","@id":"https:\/\/riberasalud.com\/clinica-mestalla\/dra-ana-marbella-ginecologa\/","url":"https:\/\/riberasalud.com\/clinica-mestalla\/dra-ana-marbella-ginecologa\/","name":"Ginec\u00f3loga Dra. Ana Marbella - Cl\u00ednica Ribera Mestalla","isPartOf":{"@id":"https:\/\/riberasalud.com\/clinica-mestalla\/#website"},"primaryImageOfPage":{"@id":"https:\/\/riberasalud.com\/clinica-mestalla\/dra-ana-marbella-ginecologa\/#primaryimage"},"image":{"@id":"https:\/\/riberasalud.com\/clinica-mestalla\/dra-ana-marbella-ginecologa\/#primaryimage"},"thumbnailUrl":"https:\/\/riberasalud.com\/clinica-mestalla\/wp-content\/uploads\/2025\/07\/FOTO-WEB-ANA-MARBELLA-GINECOLOGA.png","datePublished":"2025-07-17T07:45:42+00:00","dateModified":"2025-07-17T09:46:16+00:00","description":"La Dra. Ana Marbella Mu\u00f1oz Jaramillo es ginec\u00f3loga con una s\u00f3lida trayectoria profesional, especializada en ginecolog\u00eda regenerativa.","breadcrumb":{"@id":"https:\/\/riberasalud.com\/clinica-mestalla\/dra-ana-marbella-ginecologa\/#breadcrumb"},"inLanguage":"es","potentialAction":[{"@type":"ReadAction","target":["https:\/\/riberasalud.com\/clinica-mestalla\/dra-ana-marbella-ginecologa\/"]}]},{"@type":"ImageObject","inLanguage":"es","@id":"https:\/\/riberasalud.com\/clinica-mestalla\/dra-ana-marbella-ginecologa\/#primaryimage","url":"https:\/\/riberasalud.com\/clinica-mestalla\/wp-content\/uploads\/2025\/07\/FOTO-WEB-ANA-MARBELLA-GINECOLOGA.png","contentUrl":"https:\/\/riberasalud.com\/clinica-mestalla\/wp-content\/uploads\/2025\/07\/FOTO-WEB-ANA-MARBELLA-GINECOLOGA.png","width":1000,"height":772,"caption":"Dra. Ana Marbella Ginec\u00f3loga"},{"@type":"BreadcrumbList","@id":"https:\/\/riberasalud.com\/clinica-mestalla\/dra-ana-marbella-ginecologa\/#breadcrumb","itemListElement":[{"@type":"ListItem","position":1,"name":"Portada","item":"https:\/\/riberasalud.com\/clinica-mestalla\/"},{"@type":"ListItem","position":2,"name":"Dra. Ana Marbella &#8211; Ginec\u00f3loga"}]},{"@type":"WebSite","@id":"https:\/\/riberasalud.com\/clinica-mestalla\/#website","url":"https:\/\/riberasalud.com\/clinica-mestalla\/","name":"Cl\u00ednica Ribera Mestalla","description":"","publisher":{"@id":"https:\/\/riberasalud.com\/clinica-mestalla\/#organization"},"potentialAction":[{"@type":"SearchAction","target":{"@type":"EntryPoint","urlTemplate":"https:\/\/riberasalud.com\/clinica-mestalla\/?s={search_term_string}"},"query-input":{"@type":"PropertyValueSpecification","valueRequired":true,"valueName":"search_term_string"}}],"inLanguage":"es"},{"@type":"Organization","@id":"https:\/\/riberasalud.com\/clinica-mestalla\/#organization","name":"Cl\u00ednica Ribera Mestalla","url":"https:\/\/riberasalud.com\/clinica-mestalla\/","logo":{"@type":"ImageObject","inLanguage":"es","@id":"https:\/\/riberasalud.com\/clinica-mestalla\/#\/schema\/logo\/image\/","url":"https:\/\/riberasalud.com\/clinica-mestalla\/wp-content\/uploads\/2025\/04\/Clinica-Ribera-Mestalla-Logotipo.png","contentUrl":"https:\/\/riberasalud.com\/clinica-mestalla\/wp-content\/uploads\/2025\/04\/Clinica-Ribera-Mestalla-Logotipo.png","width":351,"height":73,"caption":"Cl\u00ednica Ribera Mestalla"},"image":{"@id":"https:\/\/riberasalud.com\/clinica-mestalla\/#\/schema\/logo\/image\/"}}]}},"_links":{"self":[{"href":"https:\/\/riberasalud.com\/clinica-mestalla\/wp-json\/wp\/v2\/pages\/4016","targetHints":{"allow":["GET"]}}],"collection":[{"href":"https:\/\/riberasalud.com\/clinica-mestalla\/wp-json\/wp\/v2\/pages"}],"about":[{"href":"https:\/\/riberasalud.com\/clinica-mestalla\/wp-json\/wp\/v2\/types\/page"}],"author":[{"embeddable":true,"href":"https:\/\/riberasalud.com\/clinica-mestalla\/wp-json\/wp\/v2\/users\/3"}],"replies":[{"embeddable":true,"href":"https:\/\/riberasalud.com\/clinica-mestalla\/wp-json\/wp\/v2\/comments?post=4016"}],"version-history":[{"count":13,"href":"https:\/\/riberasalud.com\/clinica-mestalla\/wp-json\/wp\/v2\/pages\/4016\/revisions"}],"predecessor-version":[{"id":4062,"href":"https:\/\/riberasalud.com\/clinica-mestalla\/wp-json\/wp\/v2\/pages\/4016\/revisions\/4062"}],"wp:attachment":[{"href":"https:\/\/riberasalud.com\/clinica-mestalla\/wp-json\/wp\/v2\/media?parent=4016"}],"curies":[{"name":"wp","href":"https:\/\/api.w.org\/{rel}","templated":true}]}}