{"id":3260,"date":"2025-07-07T10:50:25","date_gmt":"2025-07-07T08:50:25","guid":{"rendered":"https:\/\/riberasalud.com\/clinica-mestalla\/?page_id=3260"},"modified":"2025-11-26T12:35:02","modified_gmt":"2025-11-26T11:35:02","slug":"pedir-cita","status":"publish","type":"page","link":"https:\/\/riberasalud.com\/clinica-mestalla\/pedir-cita\/","title":{"rendered":"Pedir Cita"},"content":{"rendered":"\n<div class=\"wp-block-cover alignfull bannerribera\" style=\"min-height:430px;aspect-ratio:unset;\"><img loading=\"lazy\" decoding=\"async\" width=\"1024\" height=\"361\" class=\"wp-block-cover__image-background wp-image-3289 size-large\" alt=\"Recepci\u00f3n Mestalla\" src=\"https:\/\/riberasalud.com\/clinica-mestalla\/wp-content\/uploads\/2025\/07\/recepcion_Mestalla-1024x361.jpg\" data-object-fit=\"cover\" srcset=\"https:\/\/riberasalud.com\/clinica-mestalla\/wp-content\/uploads\/2025\/07\/recepcion_Mestalla-1024x361.jpg 1024w, https:\/\/riberasalud.com\/clinica-mestalla\/wp-content\/uploads\/2025\/07\/recepcion_Mestalla-300x106.jpg 300w, https:\/\/riberasalud.com\/clinica-mestalla\/wp-content\/uploads\/2025\/07\/recepcion_Mestalla-768x271.jpg 768w, https:\/\/riberasalud.com\/clinica-mestalla\/wp-content\/uploads\/2025\/07\/recepcion_Mestalla.jpg 1354w\" sizes=\"auto, (max-width: 1024px) 100vw, 1024px\" \/><span aria-hidden=\"true\" class=\"wp-block-cover__background has-contrast-background-color has-background-dim\"><\/span><div class=\"wp-block-cover__inner-container is-layout-constrained wp-block-cover-is-layout-constrained\">\n<div class=\"wp-block-columns is-layout-flex wp-container-core-columns-is-layout-9d6595d7 wp-block-columns-is-layout-flex\">\n<div class=\"wp-block-column is-layout-flow wp-block-column-is-layout-flow\">\n<h1 class=\"wp-block-heading has-text-align-center has-large-font-size\">Pide tu cita en Cl\u00ednica Ribera Mestalla<\/h1>\n\n\n\n<p class=\"has-text-align-center\" style=\"font-size:18px\">\u00bfNecesitas una cita m\u00e9dica en Valencia? En la Cl\u00ednica Ribera Mestalla te lo ponemos f\u00e1cil. Escoge la forma de contacto que mejor se adapte a ti: puedes agendar tu cita online al momento, solicitar que te llamemos o llamarnos directamente.<br><\/p>\n<\/div>\n<\/div>\n<\/div><\/div>\n\n\n\n<div class=\"wp-block-group grupocontacto\"><div class=\"wp-block-group__inner-container is-layout-constrained wp-block-group-is-layout-constrained\">\n<div class=\"wp-block-columns columnascontacto hasbackgroundgris is-layout-flex wp-container-core-columns-is-layout-9d6595d7 wp-block-columns-is-layout-flex\">\n<div class=\"wp-block-column is-vertically-aligned-stretch first second is-layout-flow wp-block-column-is-layout-flow\">\n<h2 class=\"wp-block-heading has-text-align-left\">\u00bfC\u00f3mo quieres pedir tu cita?<\/h2>\n\n\n\n<h3 class=\"wp-block-heading has-text-align-left\"><strong>Pide tu cita online al momento<\/strong><\/h3>\n\n\n\n<p class=\"has-text-align-left\">Accede al Portal del Paciente y elige directamente tu especialidad m\u00e9dica, profesional sanitario, aseguradora y franja horaria disponible.<br>Ideal para pacientes que desean gestionar su cita de forma r\u00e1pida y aut\u00f3noma.<\/p>\n\n\n\n<div class=\"wp-block-buttons is-content-justification-left is-layout-flex wp-container-core-buttons-is-layout-fdcfc74e wp-block-buttons-is-layout-flex\">\n<div class=\"wp-block-button is-style-outline botonlinered is-style-outline--1\"><a class=\"wp-block-button__link has-text-color has-background has-link-color wp-element-button\" href=\"https:\/\/imskehospitals.com\/\" style=\"border-radius:50px;color:#d71029;background-color:#ffffff00\">Accede al Portal del Paciente<\/a><\/div>\n<\/div>\n\n\n\n<h3 class=\"wp-block-heading has-text-align-left\"><strong>\u00bfPrefieres que te llamemos?<\/strong><\/h3>\n\n\n\n<p>Completa un breve formulario de solicitud de cita y nuestro equipo de atenci\u00f3n al paciente se pondr\u00e1 en contacto contigo para ayudarte a concertarla.<br>Recomendado si es tu primera vez en la cl\u00ednica o necesitas asesoramiento.<\/p>\n\n\n\n<div class=\"wp-block-buttons is-content-justification-left is-layout-flex wp-container-core-buttons-is-layout-fdcfc74e wp-block-buttons-is-layout-flex\">\n<div class=\"wp-block-button is-style-outline botonlinered  abrir-pop-up2 is-style-outline--2\"><a class=\"wp-block-button__link has-text-color has-background has-link-color wp-element-button\" style=\"border-radius:50px;color:#d71029;background-color:#ffffff00\">Rellenar el formulario de cita<\/a><\/div>\n<\/div>\n\n\n\n<h3 class=\"wp-block-heading has-text-align-left\"><strong>Ll\u00e1manos directamente<\/strong><\/h3>\n\n\n\n<p>Si lo prefieres, puedes llamarnos por tel\u00e9fono o contactar por WhatsApp y te ayudaremos a gestionar tu cita o resolver cualquier duda.<\/p>\n\n\n\n<p>\ud83d\udcde<strong>Tel\u00e9fono de contacto<\/strong>: <a href=\"tel:960919172\">960 919 172<\/a><\/p>\n\n\n\n&nbsp;<i class=\"fa fa-whatsapp\" style=\"color: #075e54\"><\/i>&nbsp;<b style=\"font-size: 14px\">WhatsApp:<\/b><a href=\"https:\/\/wa.me\/34674305183\"> 674 305 183<\/a>\n\n\n\n<p>\ud83d\udd50<strong>Horario de atenci\u00f3n<\/strong>: Lunes a viernes de 8:00 a 21:00 h<\/p>\n<\/div>\n\n\n\n<div class=\"wp-block-column is-vertically-aligned-stretch first contactobackground is-layout-flow wp-block-column-is-layout-flow\"><\/div>\n<\/div>\n<\/div><\/div>\n\n\n\n<div style=\"height:50px\" aria-hidden=\"true\" class=\"wp-block-spacer onlydesktop\"><\/div>\n\n\n\n<div class=\"wp-block-columns alignfull hasbackgroundgris bloquecontacto is-layout-flex wp-container-core-columns-is-layout-9d6595d7 wp-block-columns-is-layout-flex\">\n<div class=\"wp-block-column is-vertically-aligned-center is-layout-flow wp-block-column-is-layout-flow\" style=\"flex-basis:50%\">\n<iframe src=\"https:\/\/www.google.com\/maps\/embed?pb=!1m18!1m12!1m3!1d3079.7625826332323!2d-0.3631141243611645!3d39.47469197160647!2m3!1f0!2f0!3f0!3m2!1i1024!2i768!4f13.1!3m3!1m2!1s0xd60495cd7f2193f%3A0x476ebc68ebc21e85!2sCl%C3%ADnica%20Ribera%20Mestalla!5e0!3m2!1ses!2ses!4v1746184325190!5m2!1ses!2ses\" width=\"100%\" height=\"100%\" style=\"border:0;\" allowfullscreen=\"\" loading=\"lazy\" referrerpolicy=\"no-referrer-when-downgrade\"><\/iframe>\n<\/div>\n\n\n\n<div class=\"wp-block-column is-vertically-aligned-top columnacontacto is-layout-flow wp-block-column-is-layout-flow\">\n<h2 class=\"wp-block-heading\"><strong>Cl\u00ednica Ribera Mestalla<\/strong><\/h2>\n\n\n\n<p>C. Micer Masc\u00f3, 42, El Llano del Real, 46010 Valencia, Espa\u00f1a<\/p>\n\n\n\n<a href=\"mailto:infomestalla@riberacare.com\"><i class=\"fa fa-envelope-o\" style=\"color: #d71029\"><\/i><b>&nbsp; infomestalla@riberacare.com<\/b><\/a><br>\n\n\n\n<a href=\"tel:960919172\"><i class=\"fa-solid fa-phone\" style=\"color: #d71029\"><\/i><b>&nbsp; 960 919 172<\/b><\/a><br>\n\n\n\n<a href=\"https:\/\/wa.me\/34674305183\"><i class=\"fa fa-whatsapp\" style=\"color: #d71029\"><\/i><b>&nbsp; 674 305 183<\/b><\/a>\n\n\n\n<div style=\"height:40px\" aria-hidden=\"true\" class=\"wp-block-spacer\"><\/div>\n\n\n\n<h2 class=\"wp-block-heading\">\u00bfQuieres que te contactemos?<\/h2>\n\n\n\n<p>Rellena el formulario y te llamaremos para concertar tu cita.<\/p>\n\n\n\n<div class=\"wpcf7 no-js\" id=\"wpcf7-f2033-o1\" lang=\"es-ES\" dir=\"ltr\" data-wpcf7-id=\"2033\">\n<div class=\"screen-reader-response\"><p role=\"status\" aria-live=\"polite\" aria-atomic=\"true\"><\/p> <ul><\/ul><\/div>\n<form action=\"\/clinica-mestalla\/wp-json\/wp\/v2\/pages\/3260#wpcf7-f2033-o1\" method=\"post\" class=\"wpcf7-form init\" aria-label=\"Formulario de contacto\" novalidate=\"novalidate\" data-status=\"init\">\n<div style=\"display: none;\">\n<input type=\"hidden\" name=\"_wpcf7\" value=\"2033\" \/>\n<input type=\"hidden\" name=\"_wpcf7_version\" value=\"6.0.6\" \/>\n<input type=\"hidden\" name=\"_wpcf7_locale\" value=\"es_ES\" \/>\n<input type=\"hidden\" name=\"_wpcf7_unit_tag\" value=\"wpcf7-f2033-o1\" \/>\n<input type=\"hidden\" name=\"_wpcf7_container_post\" value=\"0\" \/>\n<input type=\"hidden\" name=\"_wpcf7_posted_data_hash\" value=\"\" \/>\n<input type=\"hidden\" name=\"_wpcf7_recaptcha_response\" value=\"\" \/>\n<\/div>\n<p><span class=\"wpcf7-form-control-wrap\" data-name=\"nombre\"><input size=\"40\" maxlength=\"400\" class=\"wpcf7-form-control wpcf7-text wpcf7-validates-as-required\" aria-required=\"true\" aria-invalid=\"false\" placeholder=\"Nombre y apellidos\" value=\"\" type=\"text\" name=\"nombre\" \/><\/span>\n<\/p>\n<p><span class=\"wpcf7-form-control-wrap\" data-name=\"email\"><input size=\"40\" maxlength=\"400\" class=\"wpcf7-form-control wpcf7-email wpcf7-validates-as-required wpcf7-text wpcf7-validates-as-email\" aria-required=\"true\" aria-invalid=\"false\" placeholder=\"Email\" value=\"\" type=\"email\" name=\"email\" \/><\/span>\n<\/p>\n<p><span class=\"wpcf7-form-control-wrap\" data-name=\"telefono\"><input size=\"40\" maxlength=\"400\" class=\"wpcf7-form-control wpcf7-tel wpcf7-validates-as-required wpcf7-text wpcf7-validates-as-tel\" aria-required=\"true\" aria-invalid=\"false\" placeholder=\"Tel\u00e9fono\" value=\"\" type=\"tel\" name=\"telefono\" \/><\/span>\n<\/p>\n<p><span class=\"wpcf7-form-control-wrap\" data-name=\"acceptance-704\"><span class=\"wpcf7-form-control wpcf7-acceptance\"><span class=\"wpcf7-list-item\"><label><input type=\"checkbox\" name=\"acceptance-704\" value=\"1\" aria-invalid=\"false\" \/><span class=\"wpcf7-list-item-label\">He le\u00eddo y acepto la <a href=\"https:\/\/riberasalud.com\/clinica-mestalla\/politica-de-privacidad\/\" target=\"_blank\">Pol\u00edtica de Privacidad<\/a><\/span><\/label><\/span><\/span><\/span>\n<\/p>\n<p><span class=\"wpcf7-form-control-wrap\" data-name=\"acceptance-705\"><span class=\"wpcf7-form-control wpcf7-acceptance optional\"><span class=\"wpcf7-list-item\"><label><input type=\"checkbox\" name=\"acceptance-705\" value=\"1\" aria-invalid=\"false\" \/><span class=\"wpcf7-list-item-label\">Acepto el env\u00edo de comunicaciones por RIBERA SALUD, S.A.U., con la finalidad de conocer las \u00faltimas novedades sobre salud<\/span><\/label><\/span><\/span><\/span><br \/>\n<input class=\"wpcf7-form-control wpcf7-hidden controlreferido\" value=\"\" type=\"hidden\" name=\"referer-page\" \/><br \/>\n<input class=\"wpcf7-form-control wpcf7-submit has-spinner\" type=\"submit\" value=\"Enviar\" \/>\n<\/p><div class=\"wpcf7-response-output\" aria-hidden=\"true\"><\/div>\n<\/form>\n<\/div>\n\n<\/div>\n<\/div>\n\n\n\n<div id=\"porquelegirnos\" class=\"wp-block-group bannerrojoservicios\"><div class=\"wp-block-group__inner-container is-layout-constrained wp-block-group-is-layout-constrained\">\n<div class=\"wp-block-columns is-layout-flex wp-container-core-columns-is-layout-9d6595d7 wp-block-columns-is-layout-flex\">\n<div class=\"wp-block-column is-vertically-aligned-center listaiconos is-layout-flow wp-block-column-is-layout-flow\">\n<h2 class=\"wp-block-heading\"><strong>\u00bfPor qu\u00e9 elegir la Cl\u00ednica Ribera Mestalla? <\/strong><\/h2>\n\n\n\n<div class=\"wp-block-columns is-layout-flex wp-container-core-columns-is-layout-9d6595d7 wp-block-columns-is-layout-flex\">\n<div class=\"wp-block-column is-layout-flow wp-block-column-is-layout-flow\">\n<div style=\"height:30px\" aria-hidden=\"true\" class=\"wp-block-spacer\"><\/div>\n\n\n\n<p><strong>\u2713<\/strong> Citas m\u00e9dicas r\u00e1pidas y c\u00f3modas<\/p>\n\n\n\n<p><strong>\u2713<\/strong> Acceso a especialistas de primer nivel<\/p>\n\n\n\n<p><strong>\u2713<\/strong> Atenci\u00f3n personalizada y cercana<\/p>\n\n\n\n<p><strong>\u2713<\/strong> Ubicaci\u00f3n privilegiada en el centro de Valencia<\/p>\n<\/div>\n<\/div>\n<\/div>\n\n\n\n<div class=\"wp-block-column is-layout-flow wp-block-column-is-layout-flow\">\n<figure class=\"wp-block-image size-full is-resized\"><img loading=\"lazy\" decoding=\"async\" width=\"1200\" height=\"800\" src=\"https:\/\/riberasalud.com\/clinica-mestalla\/wp-content\/uploads\/2025\/05\/Clinica-Ribera-Mestalla-Valencia.jpg\" alt=\"Cl\u00ednica Ribera Mestalla Valencia\" class=\"wp-image-2593\" style=\"object-fit:cover;width:800px;height:533px\" srcset=\"https:\/\/riberasalud.com\/clinica-mestalla\/wp-content\/uploads\/2025\/05\/Clinica-Ribera-Mestalla-Valencia.jpg 1200w, https:\/\/riberasalud.com\/clinica-mestalla\/wp-content\/uploads\/2025\/05\/Clinica-Ribera-Mestalla-Valencia-300x200.jpg 300w, https:\/\/riberasalud.com\/clinica-mestalla\/wp-content\/uploads\/2025\/05\/Clinica-Ribera-Mestalla-Valencia-1024x683.jpg 1024w, https:\/\/riberasalud.com\/clinica-mestalla\/wp-content\/uploads\/2025\/05\/Clinica-Ribera-Mestalla-Valencia-768x512.jpg 768w\" sizes=\"auto, (max-width: 1200px) 100vw, 1200px\" \/><\/figure>\n<\/div>\n<\/div>\n<\/div><\/div>\n\n\n\n<div id=\"preguntasfrecuentes\" class=\"wp-block-group\"><div class=\"wp-block-group__inner-container is-layout-constrained wp-block-group-is-layout-constrained\">\n<h2 class=\"wp-block-heading\">Preguntas frecuentes<\/h2>\n\n\n\n<div class=\"bloqueacordeon\">\n<div class=\"accordion\" style=\"width:100%\"><span class=\"tituloaccordion\">\n\u00bfQu\u00e9 necesito para pedir cita online en el portal?\n\n\n<\/span><span class=\"plus\">+<\/span><\/div>\n<div class=\"panel\" style=\"display:none\">\n  <p>\nSolo necesitas estar registrado como paciente. Desde el portal puedes ver todas las especialidades, horarios disponibles, y escoger tu m\u00e9dico o aseguradora.\n\n\n\n<\/p>\n<\/div>\n<div class=\"accordion\" style=\"width:100%\"><span class=\"tituloaccordion\">\n\u00bfPuedo pedir cita si no tengo seguro?\n\n\n<\/span><span class=\"plus\">+<\/span><\/div>\n<div class=\"panel\" style=\"display:none\">\n  <p>\nS\u00ed. Atendemos a pacientes privados y de mutuas. En el formulario o por tel\u00e9fono te ayudamos a encontrar la mejor opci\u00f3n para ti.\n\n\n\n \n\n<\/p>\n<\/div>\n<div class=\"accordion\" style=\"width:100%\"><span class=\"tituloaccordion\">\n\u00bfY si no s\u00e9 a qu\u00e9 m\u00e9dico acudir?\n\n\n<\/span><span class=\"plus\">+<\/span><\/div>\n<div class=\"panel\" style=\"display:none\">\n  <p>\nNuestro equipo puede orientarte. Puedes llamar o rellenar el formulario y te ayudamos a elegir la especialidad adecuada.\n\n\n<\/p>\n<\/div>\n\n\n<\/div>\n\n<script>\nvar acc = document.getElementsByClassName(\"accordion\");\nvar i;\n\nfor (i = 0; i < acc.length; i++) {\n  acc[i].addEventListener(\"click\", function() {\n    var panel = this.nextElementSibling;\n    if (panel.style.display === \"block\") {document.getElementsByClassName('active')[0].getElementsByClassName('plus')[0].innerHTML=\"+\" ;}\n    this.classList.toggle(\"active\");\n\n    if (panel.style.display === \"block\") {\n      panel.style.display = \"none\";\n\n    } else {\n      panel.style.display = \"block\";\ndocument.getElementsByClassName('active')[0].getElementsByClassName('plus')[0].innerHTML=\"-\" ;\n    }\n  });\n}\n<\/script>\n\n\n\n<div style=\"height:50px\" aria-hidden=\"true\" class=\"wp-block-spacer\"><\/div>\n<\/div><\/div>\n","protected":false},"excerpt":{"rendered":"<p>\u00bfC\u00f3mo quieres pedir tu cita? Pide tu cita online al momento Accede al Portal del Paciente y elige directamente tu especialidad m\u00e9dica, profesional sanitario, aseguradora y franja horaria disponible.Ideal para pacientes que desean gestionar su cita de forma r\u00e1pida y aut\u00f3noma. \u00bfPrefieres que te llamemos? Completa un breve formulario de solicitud de cita y nuestro &#8230; <\/p>\n<p class=\"read-more-container\"><a title=\"Pedir Cita\" class=\"read-more button\" href=\"https:\/\/riberasalud.com\/clinica-mestalla\/pedir-cita\/#more-3260\" aria-label=\"Leer m\u00e1s sobre Pedir Cita\">Leer m\u00e1s<\/a><\/p>\n","protected":false},"author":1,"featured_media":0,"parent":0,"menu_order":0,"comment_status":"closed","ping_status":"closed","template":"","meta":{"footnotes":""},"class_list":["post-3260","page","type-page","status-publish"],"yoast_head":"<!-- This site is optimized with the Yoast SEO plugin v25.0 - https:\/\/yoast.com\/wordpress\/plugins\/seo\/ -->\n<title>Pide cita en Cl\u00ednica Ribera Mestalla - Portal, Formulario o Tel\u00e9fono<\/title>\n<meta name=\"description\" content=\"Accede al Portal del Paciente para pedir cita online en Cl\u00ednica Ribera Mestalla. Tambi\u00e9n puedes solicitar que te llamemos por tel\u00e9fono\" \/>\n<meta name=\"robots\" content=\"index, follow, max-snippet:-1, max-image-preview:large, max-video-preview:-1\" \/>\n<link rel=\"canonical\" href=\"https:\/\/riberasalud.com\/clinica-mestalla\/pedir-cita\/\" \/>\n<meta property=\"og:locale\" content=\"es_ES\" \/>\n<meta property=\"og:type\" content=\"article\" \/>\n<meta property=\"og:title\" content=\"Pide cita en Cl\u00ednica Ribera Mestalla - Portal, Formulario o Tel\u00e9fono\" \/>\n<meta property=\"og:description\" content=\"Accede al Portal del Paciente para pedir cita online en Cl\u00ednica Ribera Mestalla. Tambi\u00e9n puedes solicitar que te llamemos por tel\u00e9fono\" \/>\n<meta property=\"og:url\" content=\"https:\/\/riberasalud.com\/clinica-mestalla\/pedir-cita\/\" \/>\n<meta property=\"og:site_name\" content=\"Cl\u00ednica Ribera Mestalla\" \/>\n<meta property=\"article:modified_time\" content=\"2025-11-26T11:35:02+00:00\" \/>\n<meta property=\"og:image\" content=\"https:\/\/riberasalud.com\/clinica-mestalla\/wp-content\/uploads\/2025\/07\/recepcion_Mestalla.jpg\" \/>\n\t<meta property=\"og:image:width\" content=\"1354\" \/>\n\t<meta property=\"og:image:height\" content=\"477\" \/>\n\t<meta property=\"og:image:type\" content=\"image\/jpeg\" \/>\n<meta name=\"twitter:card\" content=\"summary_large_image\" \/>\n<meta name=\"twitter:label1\" content=\"Tiempo de lectura\" \/>\n\t<meta name=\"twitter:data1\" content=\"2 minutos\" \/>\n<script type=\"application\/ld+json\" class=\"yoast-schema-graph\">{\"@context\":\"https:\/\/schema.org\",\"@graph\":[{\"@type\":\"WebPage\",\"@id\":\"https:\/\/riberasalud.com\/clinica-mestalla\/pedir-cita\/\",\"url\":\"https:\/\/riberasalud.com\/clinica-mestalla\/pedir-cita\/\",\"name\":\"Pide cita en Cl\u00ednica Ribera Mestalla - Portal, Formulario o Tel\u00e9fono\",\"isPartOf\":{\"@id\":\"https:\/\/riberasalud.com\/clinica-mestalla\/#website\"},\"primaryImageOfPage\":{\"@id\":\"https:\/\/riberasalud.com\/clinica-mestalla\/pedir-cita\/#primaryimage\"},\"image\":{\"@id\":\"https:\/\/riberasalud.com\/clinica-mestalla\/pedir-cita\/#primaryimage\"},\"thumbnailUrl\":\"https:\/\/riberasalud.com\/clinica-mestalla\/wp-content\/uploads\/2025\/07\/recepcion_Mestalla-1024x361.jpg\",\"datePublished\":\"2025-07-07T08:50:25+00:00\",\"dateModified\":\"2025-11-26T11:35:02+00:00\",\"description\":\"Accede al Portal del Paciente para pedir cita online en Cl\u00ednica Ribera Mestalla. Tambi\u00e9n puedes solicitar que te llamemos por tel\u00e9fono\",\"breadcrumb\":{\"@id\":\"https:\/\/riberasalud.com\/clinica-mestalla\/pedir-cita\/#breadcrumb\"},\"inLanguage\":\"es\",\"potentialAction\":[{\"@type\":\"ReadAction\",\"target\":[\"https:\/\/riberasalud.com\/clinica-mestalla\/pedir-cita\/\"]}]},{\"@type\":\"ImageObject\",\"inLanguage\":\"es\",\"@id\":\"https:\/\/riberasalud.com\/clinica-mestalla\/pedir-cita\/#primaryimage\",\"url\":\"https:\/\/riberasalud.com\/clinica-mestalla\/wp-content\/uploads\/2025\/07\/recepcion_Mestalla.jpg\",\"contentUrl\":\"https:\/\/riberasalud.com\/clinica-mestalla\/wp-content\/uploads\/2025\/07\/recepcion_Mestalla.jpg\",\"width\":1354,\"height\":477,\"caption\":\"Recepci\u00f3n Mestalla\"},{\"@type\":\"BreadcrumbList\",\"@id\":\"https:\/\/riberasalud.com\/clinica-mestalla\/pedir-cita\/#breadcrumb\",\"itemListElement\":[{\"@type\":\"ListItem\",\"position\":1,\"name\":\"Portada\",\"item\":\"https:\/\/riberasalud.com\/clinica-mestalla\/\"},{\"@type\":\"ListItem\",\"position\":2,\"name\":\"Pedir Cita\"}]},{\"@type\":\"WebSite\",\"@id\":\"https:\/\/riberasalud.com\/clinica-mestalla\/#website\",\"url\":\"https:\/\/riberasalud.com\/clinica-mestalla\/\",\"name\":\"Cl\u00ednica Ribera Mestalla\",\"description\":\"\",\"publisher\":{\"@id\":\"https:\/\/riberasalud.com\/clinica-mestalla\/#organization\"},\"potentialAction\":[{\"@type\":\"SearchAction\",\"target\":{\"@type\":\"EntryPoint\",\"urlTemplate\":\"https:\/\/riberasalud.com\/clinica-mestalla\/?s={search_term_string}\"},\"query-input\":{\"@type\":\"PropertyValueSpecification\",\"valueRequired\":true,\"valueName\":\"search_term_string\"}}],\"inLanguage\":\"es\"},{\"@type\":\"Organization\",\"@id\":\"https:\/\/riberasalud.com\/clinica-mestalla\/#organization\",\"name\":\"Cl\u00ednica Ribera Mestalla\",\"url\":\"https:\/\/riberasalud.com\/clinica-mestalla\/\",\"logo\":{\"@type\":\"ImageObject\",\"inLanguage\":\"es\",\"@id\":\"https:\/\/riberasalud.com\/clinica-mestalla\/#\/schema\/logo\/image\/\",\"url\":\"https:\/\/riberasalud.com\/clinica-mestalla\/wp-content\/uploads\/2025\/04\/Clinica-Ribera-Mestalla-Logotipo.png\",\"contentUrl\":\"https:\/\/riberasalud.com\/clinica-mestalla\/wp-content\/uploads\/2025\/04\/Clinica-Ribera-Mestalla-Logotipo.png\",\"width\":351,\"height\":73,\"caption\":\"Cl\u00ednica Ribera Mestalla\"},\"image\":{\"@id\":\"https:\/\/riberasalud.com\/clinica-mestalla\/#\/schema\/logo\/image\/\"}}]}<\/script>\n<!-- \/ Yoast SEO plugin. -->","yoast_head_json":{"title":"Pide cita en Cl\u00ednica Ribera Mestalla - Portal, Formulario o Tel\u00e9fono","description":"Accede al Portal del Paciente para pedir cita online en Cl\u00ednica Ribera Mestalla. Tambi\u00e9n puedes solicitar que te llamemos por tel\u00e9fono","robots":{"index":"index","follow":"follow","max-snippet":"max-snippet:-1","max-image-preview":"max-image-preview:large","max-video-preview":"max-video-preview:-1"},"canonical":"https:\/\/riberasalud.com\/clinica-mestalla\/pedir-cita\/","og_locale":"es_ES","og_type":"article","og_title":"Pide cita en Cl\u00ednica Ribera Mestalla - Portal, Formulario o Tel\u00e9fono","og_description":"Accede al Portal del Paciente para pedir cita online en Cl\u00ednica Ribera Mestalla. Tambi\u00e9n puedes solicitar que te llamemos por tel\u00e9fono","og_url":"https:\/\/riberasalud.com\/clinica-mestalla\/pedir-cita\/","og_site_name":"Cl\u00ednica Ribera Mestalla","article_modified_time":"2025-11-26T11:35:02+00:00","og_image":[{"width":1354,"height":477,"url":"https:\/\/riberasalud.com\/clinica-mestalla\/wp-content\/uploads\/2025\/07\/recepcion_Mestalla.jpg","type":"image\/jpeg"}],"twitter_card":"summary_large_image","twitter_misc":{"Tiempo de lectura":"2 minutos"},"schema":{"@context":"https:\/\/schema.org","@graph":[{"@type":"WebPage","@id":"https:\/\/riberasalud.com\/clinica-mestalla\/pedir-cita\/","url":"https:\/\/riberasalud.com\/clinica-mestalla\/pedir-cita\/","name":"Pide cita en Cl\u00ednica Ribera Mestalla - Portal, Formulario o Tel\u00e9fono","isPartOf":{"@id":"https:\/\/riberasalud.com\/clinica-mestalla\/#website"},"primaryImageOfPage":{"@id":"https:\/\/riberasalud.com\/clinica-mestalla\/pedir-cita\/#primaryimage"},"image":{"@id":"https:\/\/riberasalud.com\/clinica-mestalla\/pedir-cita\/#primaryimage"},"thumbnailUrl":"https:\/\/riberasalud.com\/clinica-mestalla\/wp-content\/uploads\/2025\/07\/recepcion_Mestalla-1024x361.jpg","datePublished":"2025-07-07T08:50:25+00:00","dateModified":"2025-11-26T11:35:02+00:00","description":"Accede al Portal del Paciente para pedir cita online en Cl\u00ednica Ribera Mestalla. Tambi\u00e9n puedes solicitar que te llamemos por tel\u00e9fono","breadcrumb":{"@id":"https:\/\/riberasalud.com\/clinica-mestalla\/pedir-cita\/#breadcrumb"},"inLanguage":"es","potentialAction":[{"@type":"ReadAction","target":["https:\/\/riberasalud.com\/clinica-mestalla\/pedir-cita\/"]}]},{"@type":"ImageObject","inLanguage":"es","@id":"https:\/\/riberasalud.com\/clinica-mestalla\/pedir-cita\/#primaryimage","url":"https:\/\/riberasalud.com\/clinica-mestalla\/wp-content\/uploads\/2025\/07\/recepcion_Mestalla.jpg","contentUrl":"https:\/\/riberasalud.com\/clinica-mestalla\/wp-content\/uploads\/2025\/07\/recepcion_Mestalla.jpg","width":1354,"height":477,"caption":"Recepci\u00f3n Mestalla"},{"@type":"BreadcrumbList","@id":"https:\/\/riberasalud.com\/clinica-mestalla\/pedir-cita\/#breadcrumb","itemListElement":[{"@type":"ListItem","position":1,"name":"Portada","item":"https:\/\/riberasalud.com\/clinica-mestalla\/"},{"@type":"ListItem","position":2,"name":"Pedir Cita"}]},{"@type":"WebSite","@id":"https:\/\/riberasalud.com\/clinica-mestalla\/#website","url":"https:\/\/riberasalud.com\/clinica-mestalla\/","name":"Cl\u00ednica Ribera Mestalla","description":"","publisher":{"@id":"https:\/\/riberasalud.com\/clinica-mestalla\/#organization"},"potentialAction":[{"@type":"SearchAction","target":{"@type":"EntryPoint","urlTemplate":"https:\/\/riberasalud.com\/clinica-mestalla\/?s={search_term_string}"},"query-input":{"@type":"PropertyValueSpecification","valueRequired":true,"valueName":"search_term_string"}}],"inLanguage":"es"},{"@type":"Organization","@id":"https:\/\/riberasalud.com\/clinica-mestalla\/#organization","name":"Cl\u00ednica Ribera Mestalla","url":"https:\/\/riberasalud.com\/clinica-mestalla\/","logo":{"@type":"ImageObject","inLanguage":"es","@id":"https:\/\/riberasalud.com\/clinica-mestalla\/#\/schema\/logo\/image\/","url":"https:\/\/riberasalud.com\/clinica-mestalla\/wp-content\/uploads\/2025\/04\/Clinica-Ribera-Mestalla-Logotipo.png","contentUrl":"https:\/\/riberasalud.com\/clinica-mestalla\/wp-content\/uploads\/2025\/04\/Clinica-Ribera-Mestalla-Logotipo.png","width":351,"height":73,"caption":"Cl\u00ednica Ribera Mestalla"},"image":{"@id":"https:\/\/riberasalud.com\/clinica-mestalla\/#\/schema\/logo\/image\/"}}]}},"_links":{"self":[{"href":"https:\/\/riberasalud.com\/clinica-mestalla\/wp-json\/wp\/v2\/pages\/3260","targetHints":{"allow":["GET"]}}],"collection":[{"href":"https:\/\/riberasalud.com\/clinica-mestalla\/wp-json\/wp\/v2\/pages"}],"about":[{"href":"https:\/\/riberasalud.com\/clinica-mestalla\/wp-json\/wp\/v2\/types\/page"}],"author":[{"embeddable":true,"href":"https:\/\/riberasalud.com\/clinica-mestalla\/wp-json\/wp\/v2\/users\/1"}],"replies":[{"embeddable":true,"href":"https:\/\/riberasalud.com\/clinica-mestalla\/wp-json\/wp\/v2\/comments?post=3260"}],"version-history":[{"count":30,"href":"https:\/\/riberasalud.com\/clinica-mestalla\/wp-json\/wp\/v2\/pages\/3260\/revisions"}],"predecessor-version":[{"id":6976,"href":"https:\/\/riberasalud.com\/clinica-mestalla\/wp-json\/wp\/v2\/pages\/3260\/revisions\/6976"}],"wp:attachment":[{"href":"https:\/\/riberasalud.com\/clinica-mestalla\/wp-json\/wp\/v2\/media?parent=3260"}],"curies":[{"name":"wp","href":"https:\/\/api.w.org\/{rel}","templated":true}]}}