{"id":924,"date":"2022-12-16T09:07:11","date_gmt":"2022-12-16T09:07:11","guid":{"rendered":"https:\/\/riberasalud.com\/ciudad-quesada\/?page_id=924"},"modified":"2025-11-17T15:02:04","modified_gmt":"2025-11-17T15:02:04","slug":"politica-de-proteccion-de-datos","status":"publish","type":"page","link":"https:\/\/riberasalud.com\/ciudad-quesada\/politica-de-proteccion-de-datos\/","title":{"rendered":"Pol\u00edtica de protecci\u00f3n de datos"},"content":{"rendered":"\n<svg id=\"svg-filter\">\n<filter id=\"cherry-icecream\" x=\"-10%\" y=\"-10%\" width=\"120%\" height=\"120%\" filterUnits=\"objectBoundingBox\" primitiveUnits=\"userSpaceOnUse\" color-interpolation-filters=\"sRGB\">\n\t<feColorMatrix type=\"matrix\" values=\"1 0 0 0 0\n1 0 0 0 0\n1 0 0 0 0\n0 0 0 1 0\" in=\"SourceGraphic\" result=\"colormatrix\"><\/feColorMatrix>\n\t<feComponentTransfer in=\"colormatrix\" result=\"componentTransfer\">\n    \t\t<feFuncR type=\"table\" tableValues=\"0.84 0.76\"><\/feFuncR>\n\t\t<feFuncG type=\"table\" tableValues=\"0.06 0.04\"><\/feFuncG>\n\t\t<feFuncB type=\"table\" tableValues=\"0.16 0.15\"><\/feFuncB>\n\t\t<feFuncA type=\"table\" tableValues=\"0 0.3\"><\/feFuncA>\n  \t<\/feComponentTransfer>\n\t<feBlend mode=\"normal\" in=\"componentTransfer\" in2=\"SourceGraphic\" result=\"blend\"><\/feBlend>\n<\/filter>\n<filter id=\"white-icecream\" x=\"-10%\" y=\"-10%\" width=\"120%\" height=\"120%\" filterUnits=\"objectBoundingBox\" primitiveUnits=\"userSpaceOnUse\" color-interpolation-filters=\"sRGB\">\n\t<feColorMatrix type=\"matrix\" values=\"1 0 0 0 0\n1 0 0 0 0\n1 0 0 0 0\n0 0 0 1 0\" in=\"SourceGraphic\" result=\"colormatrix\"><\/feColorMatrix>\n\t<feComponentTransfer in=\"colormatrix\" result=\"componentTransfer\">\n    \t\t<feFuncR type=\"table\" tableValues=\"0.94 1\"><\/feFuncR>\n\t\t<feFuncG type=\"table\" tableValues=\"0.94 1\"><\/feFuncG>\n\t\t<feFuncB type=\"table\" tableValues=\"0.94 1\"><\/feFuncB>\n\t\t<feFuncA type=\"table\" tableValues=\"0 0.5\"><\/feFuncA>\n  \t<\/feComponentTransfer>\n\t<feBlend mode=\"normal\" in=\"componentTransfer\" in2=\"SourceGraphic\" result=\"blend\"><\/feBlend>\n<\/filter>\n<\/svg>\n\n\n\n<div class=\"wp-block-group hasbackgroundnaranja sliderlinea\"><div class=\"wp-block-group__inner-container is-layout-flow wp-block-group-is-layout-flow\">\n<p>SOMOS LA CL\u00cdNICA RIBERA CIUDAD QUESADA<\/p>\n\n\n\n<h1 class=\"wp-block-heading\">Pol\u00edtica de protecci\u00f3n de datos<\/h1>\n<\/div><\/div>\n\n\n\n<div class=\"wp-block-group\"><div class=\"wp-block-group__inner-container is-layout-flow wp-block-group-is-layout-flow\">\n<p>En cumplimiento del Reglamento UE 2016\/679 General de Protecci\u00f3n de Datos, (en adelante, \u201cRGPD\u201d) y la Ley Org\u00e1nica 3\/2018 de 5 de diciembre de Protecci\u00f3n de Datos Personales y garant\u00eda de los derechos digitales (en adelante \u201cLOPDGDD\u201d), por medio de la presente se informa al usuario sobre la forma en la que el <strong>Ribera Medical\u00a0 S.L.U.<\/strong> recaba y trata los datos de car\u00e1cter personal de los usuarios a trav\u00e9s de la p\u00e1gina web <a href=\"https:\/\/riberasalud.com\/ciudad-quesada\/ \">https:\/\/riberasalud.com\/ciudad-quesada\/ <\/a>(en adelante, el \u201cSitio web\u201d).<\/p>\n\n\n\n<p><strong>IDENTIFICACI\u00d3N DEL RESPONSABLE DEL TRATAMIENTO<\/strong><br>El Responsable del Tratamiento de los datos personales es <strong>Ribera Medical\u00a0 S.L.U.<\/strong> (en adelante, \u201cCl\u00ednicas Ciudad Quesada\u201d) con CIF B-54.404.785 y domicilio social Avda. Cortes Valencianas, 58, Edificio Sorolla Center 46015 Val\u00e8ncia, Val\u00e8ncia (Espa\u00f1a).<br>El tel\u00e9fono de contacto es +34 965 725 915 y la direcci\u00f3n de correo electr\u00f3nico <a href=\"mailto:info.ciudadquesada@riberacare.com\">info.ciudadquesada@riberacare.com<\/a>.<br>Para cualquier cuesti\u00f3n relacionada con la presente pol\u00edtica de privacidad, el usuario podr\u00e1 ponerse en contacto con el delegado de protecci\u00f3n de datos de Cl\u00ednicas Ciudad Quesada enviando un email a <a href=\"mailto:dpo@riberasalud.es\">dpo@riberasalud.es<\/a><br>Sin perjuicio de lo anterior, respecto al tratamiento relativo a la gesti\u00f3n del env\u00edo de newsletters, el responsable del tratamiento es RIBERA SALUD, S.A.U., con CIF A-03681186 y domicilio social en Avenida Cortes Valencianas, n\u00famero 58, Edificio Sorolla Center, 46015 Valencia (Espa\u00f1a).<\/p>\n\n\n\n<p><strong>FINES DEL TRATAMIENTO DE DATOS Y BASES LEGITIMADORAS DEL TRATAMIENTO.<\/strong><br>A trav\u00e9s de la p\u00e1gina web se podr\u00e1n tratar sus datos identificativos y de contacto con las siguientes finalidades y con sus respectivas bases jur\u00eddicas de dichos tratamientos:<br>\u2981 Poder atender las solicitudes de contacto y enviadas a trav\u00e9s de los canales puestos a su disposici\u00f3n en el Sitio web (email, tel\u00e9fono, formulario de contacto) en base a la ejecuci\u00f3n de la relaci\u00f3n precontractual con el usuario.<br>\u2981 Gestionar la solicitud de citas de pacientes a trav\u00e9s de los tel\u00e9fonos de gesti\u00f3n de citas telef\u00f3nicas puestos a disposici\u00f3n en base a la ejecuci\u00f3n de la relaci\u00f3n precontractual.<br>Asimismo, le informamos que RIBERA SALUD, S.A.U., previa obtenci\u00f3n del consentimiento por parte de los interesados, gestionar\u00e1 las suscripciones de los usuarios a la newsletter\/bolet\u00edn informativo enviando comunicaciones comerciales electr\u00f3nicas sobre los servicios.<br>Sin perjuicio del deber de informaci\u00f3n en el momento de la recogida de los datos, por medio de la presente, se informa con car\u00e1cter general, del tratamiento de los datos recabados en el centro relativos a la salud, as\u00ed como los facilitados, en su caso, por las compa\u00f1\u00edas aseguradoras, mutuas de accidentes, servicios de prevenci\u00f3n o por las administraciones p\u00fablicas competentes para la prestaci\u00f3n de los servicios de asistencia sanitaria, diagn\u00f3stico y tratamientos m\u00e9dicos, para la elaboraci\u00f3n y conservaci\u00f3n de la historia cl\u00ednica y social, y la gesti\u00f3n general de los servicios sanitarios y dem\u00e1s actividades organizadas por el centro en base al cumplimiento de obligaciones legales y relaci\u00f3n contractual de asistencia sanitaria con independencia de qui\u00e9n sea el pagador del mismo.<\/p>\n\n\n\n<p>Asimismo, la informaci\u00f3n de contacto podr\u00e1 ser utilizada adem\u00e1s, para el env\u00edo de informaci\u00f3n a sus titulares sobre servicios y actividades del centro, realizaci\u00f3n de encuestas sobre la calidad del servicio, facturaci\u00f3n y cualquiera otra que pueda resultar de su inter\u00e9s, incluso a trav\u00e9s de medios electr\u00f3nicos en base al inter\u00e9s leg\u00edtimo.<\/p>\n\n\n\n<p><strong>DESTINATARIOS DE LOS DATOS PERSONALES<\/strong><br>\u2981 Comunicaci\u00f3n de los datos a terceros.<br>Salvo obligaci\u00f3n legal no se comunicar\u00e1n los datos personales recabados a trav\u00e9s de la web a terceros.<br>Sin perjuicio de lo anterior, por medio del presente informamos que, para la prestaci\u00f3n de servicios de atenci\u00f3n sanitaria, cuando sea estrictamente necesario, los datos podr\u00e1n ser comunicados, de acuerdo con lo dispuesto en la legislaci\u00f3n vigente, a la autoridad sanitaria y dem\u00e1s organismos p\u00fablicos con competencia en la materia, as\u00ed como a las compa\u00f1\u00edas aseguradoras u otras entidades pagadoras cuando el interesado indique que los gastos asistenciales deban ser satisfechos por los mismos.<br>\u2981 Encargados del tratamiento<br>El tratamiento de los datos de los usuarios podr\u00e1 ser realizado por prestadores de servicios id\u00f3neos, contratados por Cl\u00ednicas Ciudad Quesada. Dichos prestadores de servicios \u00fanicamente tratar\u00e1n los datos para las finalidades establecidas por Cl\u00ednicas Ciudad Quesada, entre ellas para la gesti\u00f3n del env\u00edo de las comunicaciones comerciales electr\u00f3nicas.<\/p>\n\n\n\n<p><strong>TRANSFERENCIAS INTERNACIONALES DE DATOS<\/strong><br>Cl\u00ednicas Ciudad Quesada realizar\u00e1 el tratamiento de los datos del usuario integralmente en el territorio de la Uni\u00f3n Europea, por lo que no prev\u00e9 realizar ninguna transferencia internacional de datos<br><strong>PLAZO DE CONSERVACI\u00d3N.<\/strong><br>Cl\u00ednicas Ciudad Quesada conservar\u00e1 los datos personales de los usuarios durante el tiempo necesario para la realizaci\u00f3n de la finalidad para la cual son tratados o hasta que el interesado solicite la supresi\u00f3n de sus datos personales, y en todo caso, durante el plazo necesario para el cumplimiento de las correspondientes obligaciones legales.<\/p>\n\n\n\n<p>Asimismo, respecto al tratamiento relativo al env\u00edo de comunicaciones comerciales electr\u00f3nicas, los datos de los usuarios que hayan consentido la recepci\u00f3n, se conservar\u00e1n hasta que el usuario solicite la baja de dicha recepci\u00f3n, siguiendo las instrucciones que encontrar\u00e1 al pie de cada correo electr\u00f3nico.<\/p>\n\n\n\n<p><strong>EJERCICIO DE DERECHOS EN MATERIA DE PROTECCI\u00d3N DE DATOS.<\/strong><br>En cualquier momento, el usuario podr\u00e1 ejercer sus derechos de acceso, rectificaci\u00f3n, supresi\u00f3n, oposici\u00f3n, limitaci\u00f3n y portabilidad de sus datos, enviando su petici\u00f3n por escrito a la siguiente direcci\u00f3n de correo electr\u00f3nico <a href=\"mailto:dpo@riberasalud.es\">dpo@riberasalud.es<\/a>, o por correo postal a la siguiente direcci\u00f3n, Avda. Cortes Valencianas, 58, Edificio Sorolla Center 46015 Val\u00e8ncia, Val\u00e8ncia (Espa\u00f1a), bajo el asunto de referencia: \u201cProtecci\u00f3n de Datos\u201d, indicando el derecho\/s que desea ejercitar.<\/p>\n\n\n\n<p>Asimismo, se informa al usuario que en caso de considerar que no se ha satisfecho el ejercicio de sus derechos, podr\u00e1 ponerse en contacto con el delegado de protecci\u00f3n de datos de Cl\u00ednicas Ciudad Quesada enviando su petici\u00f3n a la direcci\u00f3n de correo electr\u00f3nico <a href=\"mailto:DPD@RIBERASALUD.ES\">dpd@riberasalud.es <\/a>o presentar una reclamaci\u00f3n ante la Agencia Espa\u00f1ola de Protecci\u00f3n de Datos. M\u00e1s informaci\u00f3n en <a href=\"http:\/\/WWW.AEPD.ES\">www.aepd.es<\/a>.<\/p>\n\n\n\n<pre class=\"wp-block-code\"><code>                                                                                   \u00daltima actualizaci\u00f3n: noviembre 2022<\/code><\/pre>\n<\/div><\/div>\n","protected":false},"excerpt":{"rendered":"<p>SOMOS LA CL\u00cdNICA RIBERA CIUDAD QUESADA Pol\u00edtica de protecci\u00f3n de datos En cumplimiento del Reglamento UE 2016\/679 General de Protecci\u00f3n de Datos, (en adelante, \u201cRGPD\u201d) y la Ley Org\u00e1nica 3\/2018 de 5 de diciembre de Protecci\u00f3n de Datos Personales y garant\u00eda de los derechos digitales (en adelante \u201cLOPDGDD\u201d), por medio de la presente se informa &#8230; <a title=\"Pol\u00edtica de protecci\u00f3n de datos\" class=\"read-more\" href=\"https:\/\/riberasalud.com\/ciudad-quesada\/politica-de-proteccion-de-datos\/\" aria-label=\"Leer m\u00e1s sobre Pol\u00edtica de protecci\u00f3n de datos\">Leer m\u00e1s<\/a><\/p>\n","protected":false},"author":1,"featured_media":0,"parent":0,"menu_order":0,"comment_status":"closed","ping_status":"closed","template":"","meta":{"_mi_skip_tracking":false,"_glsr_average":0,"_glsr_ranking":0,"_glsr_reviews":0,"footnotes":""},"class_list":["post-924","page","type-page","status-publish"],"yoast_head":"<!-- This site is optimized with the Yoast SEO plugin v26.6 - https:\/\/yoast.com\/wordpress\/plugins\/seo\/ -->\n<title>Pol\u00edtica de protecci\u00f3n de datos - Cl\u00ednica Ribera Ciudad Quesada<\/title>\n<meta name=\"description\" content=\"SOMOS LA CL\u00cdNICA RIBERA CIUDAD QUESADA Pol\u00edtica de protecci\u00f3n de datos En cumplimiento del Reglamento UE 2016\/679 General de Protecci\u00f3n de Datos, (en\" \/>\n<meta name=\"robots\" content=\"index, follow, max-snippet:-1, max-image-preview:large, max-video-preview:-1\" \/>\n<link rel=\"canonical\" href=\"https:\/\/riberasalud.com\/ciudad-quesada\/politica-de-proteccion-de-datos\/\" \/>\n<meta property=\"og:locale\" content=\"es_ES\" \/>\n<meta property=\"og:type\" content=\"article\" \/>\n<meta property=\"og:title\" content=\"Pol\u00edtica de protecci\u00f3n de datos - Cl\u00ednica Ribera Ciudad Quesada\" \/>\n<meta property=\"og:description\" content=\"SOMOS LA CL\u00cdNICA RIBERA CIUDAD QUESADA Pol\u00edtica de protecci\u00f3n de datos En cumplimiento del Reglamento UE 2016\/679 General de Protecci\u00f3n de Datos, (en\" \/>\n<meta property=\"og:url\" content=\"https:\/\/riberasalud.com\/ciudad-quesada\/politica-de-proteccion-de-datos\/\" \/>\n<meta property=\"og:site_name\" content=\"Cl\u00ednica Ribera Ciudad Quesada\" \/>\n<meta property=\"article:modified_time\" content=\"2025-11-17T15:02:04+00:00\" \/>\n<meta name=\"twitter:card\" content=\"summary_large_image\" \/>\n<meta name=\"twitter:label1\" content=\"Tiempo de lectura\" \/>\n\t<meta name=\"twitter:data1\" content=\"5 minutos\" \/>\n<script type=\"application\/ld+json\" class=\"yoast-schema-graph\">{\"@context\":\"https:\/\/schema.org\",\"@graph\":[{\"@type\":\"WebPage\",\"@id\":\"https:\/\/riberasalud.com\/ciudad-quesada\/politica-de-proteccion-de-datos\/\",\"url\":\"https:\/\/riberasalud.com\/ciudad-quesada\/politica-de-proteccion-de-datos\/\",\"name\":\"Pol\u00edtica de protecci\u00f3n de datos - Cl\u00ednica Ribera Ciudad Quesada\",\"isPartOf\":{\"@id\":\"https:\/\/riberasalud.com\/ciudad-quesada\/#website\"},\"datePublished\":\"2022-12-16T09:07:11+00:00\",\"dateModified\":\"2025-11-17T15:02:04+00:00\",\"description\":\"SOMOS LA CL\u00cdNICA RIBERA CIUDAD QUESADA Pol\u00edtica de protecci\u00f3n de datos En cumplimiento del Reglamento UE 2016\/679 General de Protecci\u00f3n de Datos, (en\",\"breadcrumb\":{\"@id\":\"https:\/\/riberasalud.com\/ciudad-quesada\/politica-de-proteccion-de-datos\/#breadcrumb\"},\"inLanguage\":\"es\",\"potentialAction\":[{\"@type\":\"ReadAction\",\"target\":[\"https:\/\/riberasalud.com\/ciudad-quesada\/politica-de-proteccion-de-datos\/\"]}]},{\"@type\":\"BreadcrumbList\",\"@id\":\"https:\/\/riberasalud.com\/ciudad-quesada\/politica-de-proteccion-de-datos\/#breadcrumb\",\"itemListElement\":[{\"@type\":\"ListItem\",\"position\":1,\"name\":\"Portada\",\"item\":\"https:\/\/riberasalud.com\/ciudad-quesada\/\"},{\"@type\":\"ListItem\",\"position\":2,\"name\":\"Pol\u00edtica de protecci\u00f3n de datos\"}]},{\"@type\":\"WebSite\",\"@id\":\"https:\/\/riberasalud.com\/ciudad-quesada\/#website\",\"url\":\"https:\/\/riberasalud.com\/ciudad-quesada\/\",\"name\":\"Cl\u00ednica Ribera Ciudad Quesada\",\"description\":\"\",\"publisher\":{\"@id\":\"https:\/\/riberasalud.com\/ciudad-quesada\/#organization\"},\"alternateName\":\"Cl\u00ednica Ribera Ciudad Quesada\",\"potentialAction\":[{\"@type\":\"SearchAction\",\"target\":{\"@type\":\"EntryPoint\",\"urlTemplate\":\"https:\/\/riberasalud.com\/ciudad-quesada\/?s={search_term_string}\"},\"query-input\":{\"@type\":\"PropertyValueSpecification\",\"valueRequired\":true,\"valueName\":\"search_term_string\"}}],\"inLanguage\":\"es\"},{\"@type\":\"Organization\",\"@id\":\"https:\/\/riberasalud.com\/ciudad-quesada\/#organization\",\"name\":\"RIbera Salud\",\"alternateName\":\"Ribera\",\"url\":\"https:\/\/riberasalud.com\/ciudad-quesada\/\",\"logo\":{\"@type\":\"ImageObject\",\"inLanguage\":\"es\",\"@id\":\"https:\/\/riberasalud.com\/ciudad-quesada\/#\/schema\/logo\/image\/\",\"url\":\"https:\/\/riberasalud.com\/ciudad-quesada\/wp-content\/uploads\/2022\/10\/cropped-logo_ciudad_quesada_Mesa-de-trabajo-1.png\",\"contentUrl\":\"https:\/\/riberasalud.com\/ciudad-quesada\/wp-content\/uploads\/2022\/10\/cropped-logo_ciudad_quesada_Mesa-de-trabajo-1.png\",\"width\":600,\"height\":123,\"caption\":\"RIbera Salud\"},\"image\":{\"@id\":\"https:\/\/riberasalud.com\/ciudad-quesada\/#\/schema\/logo\/image\/\"}}]}<\/script>\n<!-- \/ Yoast SEO plugin. -->","yoast_head_json":{"title":"Pol\u00edtica de protecci\u00f3n de datos - Cl\u00ednica Ribera Ciudad Quesada","description":"SOMOS LA CL\u00cdNICA RIBERA CIUDAD QUESADA Pol\u00edtica de protecci\u00f3n de datos En cumplimiento del Reglamento UE 2016\/679 General de Protecci\u00f3n de Datos, (en","robots":{"index":"index","follow":"follow","max-snippet":"max-snippet:-1","max-image-preview":"max-image-preview:large","max-video-preview":"max-video-preview:-1"},"canonical":"https:\/\/riberasalud.com\/ciudad-quesada\/politica-de-proteccion-de-datos\/","og_locale":"es_ES","og_type":"article","og_title":"Pol\u00edtica de protecci\u00f3n de datos - Cl\u00ednica Ribera Ciudad Quesada","og_description":"SOMOS LA CL\u00cdNICA RIBERA CIUDAD QUESADA Pol\u00edtica de protecci\u00f3n de datos En cumplimiento del Reglamento UE 2016\/679 General de Protecci\u00f3n de Datos, (en","og_url":"https:\/\/riberasalud.com\/ciudad-quesada\/politica-de-proteccion-de-datos\/","og_site_name":"Cl\u00ednica Ribera Ciudad Quesada","article_modified_time":"2025-11-17T15:02:04+00:00","twitter_card":"summary_large_image","twitter_misc":{"Tiempo de lectura":"5 minutos"},"schema":{"@context":"https:\/\/schema.org","@graph":[{"@type":"WebPage","@id":"https:\/\/riberasalud.com\/ciudad-quesada\/politica-de-proteccion-de-datos\/","url":"https:\/\/riberasalud.com\/ciudad-quesada\/politica-de-proteccion-de-datos\/","name":"Pol\u00edtica de protecci\u00f3n de datos - Cl\u00ednica Ribera Ciudad Quesada","isPartOf":{"@id":"https:\/\/riberasalud.com\/ciudad-quesada\/#website"},"datePublished":"2022-12-16T09:07:11+00:00","dateModified":"2025-11-17T15:02:04+00:00","description":"SOMOS LA CL\u00cdNICA RIBERA CIUDAD QUESADA Pol\u00edtica de protecci\u00f3n de datos En cumplimiento del Reglamento UE 2016\/679 General de Protecci\u00f3n de Datos, (en","breadcrumb":{"@id":"https:\/\/riberasalud.com\/ciudad-quesada\/politica-de-proteccion-de-datos\/#breadcrumb"},"inLanguage":"es","potentialAction":[{"@type":"ReadAction","target":["https:\/\/riberasalud.com\/ciudad-quesada\/politica-de-proteccion-de-datos\/"]}]},{"@type":"BreadcrumbList","@id":"https:\/\/riberasalud.com\/ciudad-quesada\/politica-de-proteccion-de-datos\/#breadcrumb","itemListElement":[{"@type":"ListItem","position":1,"name":"Portada","item":"https:\/\/riberasalud.com\/ciudad-quesada\/"},{"@type":"ListItem","position":2,"name":"Pol\u00edtica de protecci\u00f3n de datos"}]},{"@type":"WebSite","@id":"https:\/\/riberasalud.com\/ciudad-quesada\/#website","url":"https:\/\/riberasalud.com\/ciudad-quesada\/","name":"Cl\u00ednica Ribera Ciudad Quesada","description":"","publisher":{"@id":"https:\/\/riberasalud.com\/ciudad-quesada\/#organization"},"alternateName":"Cl\u00ednica Ribera Ciudad Quesada","potentialAction":[{"@type":"SearchAction","target":{"@type":"EntryPoint","urlTemplate":"https:\/\/riberasalud.com\/ciudad-quesada\/?s={search_term_string}"},"query-input":{"@type":"PropertyValueSpecification","valueRequired":true,"valueName":"search_term_string"}}],"inLanguage":"es"},{"@type":"Organization","@id":"https:\/\/riberasalud.com\/ciudad-quesada\/#organization","name":"RIbera Salud","alternateName":"Ribera","url":"https:\/\/riberasalud.com\/ciudad-quesada\/","logo":{"@type":"ImageObject","inLanguage":"es","@id":"https:\/\/riberasalud.com\/ciudad-quesada\/#\/schema\/logo\/image\/","url":"https:\/\/riberasalud.com\/ciudad-quesada\/wp-content\/uploads\/2022\/10\/cropped-logo_ciudad_quesada_Mesa-de-trabajo-1.png","contentUrl":"https:\/\/riberasalud.com\/ciudad-quesada\/wp-content\/uploads\/2022\/10\/cropped-logo_ciudad_quesada_Mesa-de-trabajo-1.png","width":600,"height":123,"caption":"RIbera Salud"},"image":{"@id":"https:\/\/riberasalud.com\/ciudad-quesada\/#\/schema\/logo\/image\/"}}]}},"_links":{"self":[{"href":"https:\/\/riberasalud.com\/ciudad-quesada\/wp-json\/wp\/v2\/pages\/924","targetHints":{"allow":["GET"]}}],"collection":[{"href":"https:\/\/riberasalud.com\/ciudad-quesada\/wp-json\/wp\/v2\/pages"}],"about":[{"href":"https:\/\/riberasalud.com\/ciudad-quesada\/wp-json\/wp\/v2\/types\/page"}],"author":[{"embeddable":true,"href":"https:\/\/riberasalud.com\/ciudad-quesada\/wp-json\/wp\/v2\/users\/1"}],"replies":[{"embeddable":true,"href":"https:\/\/riberasalud.com\/ciudad-quesada\/wp-json\/wp\/v2\/comments?post=924"}],"version-history":[{"count":6,"href":"https:\/\/riberasalud.com\/ciudad-quesada\/wp-json\/wp\/v2\/pages\/924\/revisions"}],"predecessor-version":[{"id":4757,"href":"https:\/\/riberasalud.com\/ciudad-quesada\/wp-json\/wp\/v2\/pages\/924\/revisions\/4757"}],"wp:attachment":[{"href":"https:\/\/riberasalud.com\/ciudad-quesada\/wp-json\/wp\/v2\/media?parent=924"}],"curies":[{"name":"wp","href":"https:\/\/api.w.org\/{rel}","templated":true}]}}