{"id":787,"date":"2022-11-23T09:58:16","date_gmt":"2022-11-23T09:58:16","guid":{"rendered":"https:\/\/riberasalud.com\/ciudad-quesada\/?page_id=787"},"modified":"2025-02-05T09:56:41","modified_gmt":"2025-02-05T09:56:41","slug":"contacto","status":"publish","type":"page","link":"https:\/\/riberasalud.com\/ciudad-quesada\/contacto\/","title":{"rendered":"Contacto"},"content":{"rendered":"\n<div class=\"wp-block-group hasbackgroundnaranja sliderlinea\"><div class=\"wp-block-group__inner-container is-layout-flow wp-block-group-is-layout-flow\">\n<p>SOMOS RIBERA CIUDAD QUESADA<\/p>\n\n\n\n<h1 class=\"wp-block-heading\">Contacto<\/h1>\n<\/div><\/div>\n\n\n\n<div class=\"wp-block-group\"><div class=\"wp-block-group__inner-container is-layout-flow wp-block-group-is-layout-flow\">\n<div class=\"wp-block-columns is-layout-flex wp-container-core-columns-is-layout-9d6595d7 wp-block-columns-is-layout-flex\">\n<div class=\"wp-block-column is-layout-flow wp-block-column-is-layout-flow\">\n<h4 class=\"wp-block-heading\"><strong>Cl\u00ednica Ribera Ciudad Quesada<\/strong><\/h4>\n\n\n\n<p><strong>Calle Mallorca n\u00ba 25 Urbanizaci\u00f3n Do\u00f1a Pepa. Ciudad Quesada (Rojales). CP 03170.<\/strong><\/p>\n\n\n\n<p><strong>E-mails:<\/strong><br><strong><a href=\"mailto:info.ciudadquesada@riberacare.com\" data-type=\"mailto\" data-id=\"mailto:info.ciudadquesada@riberacare.com\">info.ciudadquesada@riberacare.com<\/a><\/strong><\/p>\n\n\n\n<p><strong>Tel\u00e9fono:<\/strong><br><a href=\"tel:965725915\">965 725 915<\/a><a href=\"tel:912345678\">&nbsp;<\/a><\/p>\n\n\n\n<p><strong>Whatsapp<\/strong>:<br><a href=\"tel:699963758\">699 963 758<\/a><\/p>\n\n\n\n<p>Lunes a viernes de 09:00h a 20:00h<\/p>\n<\/div>\n\n\n\n<div class=\"wp-block-column is-layout-flow wp-block-column-is-layout-flow\">\n<iframe class=\"gmap\" src=\"https:\/\/www.google.com\/maps\/embed?pb=!1m18!1m12!1m3!1d3141.9597276582144!2d-0.7158273646024729!3d38.04802471481536!2m3!1f0!2f0!3f0!3m2!1i1024!2i768!4f13.1!3m3!1m2!1s0xd63a919e96e7979%3A0xa07e3320512b89ed!2sCl%C3%ADnica%20Ribera%20Ciudad%20Quesada!5e0!3m2!1ses!2ses!4v1673886516517!5m2!1ses!2ses\" style=\"border:0;\" allowfullscreen=\"\" loading=\"lazy\" referrerpolicy=\"no-referrer-when-downgrade\" width=\"600\" height=\"450\"><\/iframe>\n<\/div>\n<\/div>\n\n\n\n<h2 class=\"wp-block-heading has-text-align-center\" id=\"form\">Env\u00edanos un mensaje<\/h2>\n\n\n\n<div class=\"wp-block-columns is-layout-flex wp-container-core-columns-is-layout-9d6595d7 wp-block-columns-is-layout-flex\">\n<div class=\"wp-block-column is-layout-flow wp-block-column-is-layout-flow\" style=\"flex-basis:20%\"><\/div>\n\n\n\n<div class=\"wp-block-column contactocolumnaformulario is-layout-flow wp-block-column-is-layout-flow\" style=\"flex-basis:60%\">\n<div class=\"wpcf7 no-js\" id=\"wpcf7-f2058-o1\" lang=\"es-ES\" dir=\"ltr\" data-wpcf7-id=\"2058\">\n<div class=\"screen-reader-response\"><p role=\"status\" aria-live=\"polite\" aria-atomic=\"true\"><\/p> <ul><\/ul><\/div>\n<form action=\"\/ciudad-quesada\/wp-json\/wp\/v2\/pages\/787#wpcf7-f2058-o1\" method=\"post\" class=\"wpcf7-form init\" aria-label=\"Formulario de contacto\" novalidate=\"novalidate\" data-status=\"init\">\n<fieldset class=\"hidden-fields-container\"><input type=\"hidden\" name=\"_wpcf7\" value=\"2058\" \/><input type=\"hidden\" name=\"_wpcf7_version\" value=\"6.1.4\" \/><input type=\"hidden\" name=\"_wpcf7_locale\" value=\"es_ES\" \/><input type=\"hidden\" name=\"_wpcf7_unit_tag\" value=\"wpcf7-f2058-o1\" \/><input type=\"hidden\" name=\"_wpcf7_container_post\" value=\"0\" \/><input type=\"hidden\" name=\"_wpcf7_posted_data_hash\" value=\"\" \/><input type=\"hidden\" name=\"_wpcf7_recaptcha_response\" value=\"\" \/>\n<\/fieldset>\n<p><span class=\"wpcf7-form-control-wrap\" data-name=\"nombre\"><input size=\"40\" maxlength=\"400\" class=\"wpcf7-form-control wpcf7-text wpcf7-validates-as-required\" aria-required=\"true\" aria-invalid=\"false\" placeholder=\"Nombre\" value=\"\" type=\"text\" name=\"nombre\" \/><\/span>\n<\/p>\n<p><span class=\"wpcf7-form-control-wrap\" data-name=\"email\"><input size=\"40\" maxlength=\"400\" class=\"wpcf7-form-control wpcf7-email wpcf7-validates-as-required wpcf7-text wpcf7-validates-as-email\" aria-required=\"true\" aria-invalid=\"false\" placeholder=\"Email\" value=\"\" type=\"email\" name=\"email\" \/><\/span>\n<\/p>\n<p><span class=\"wpcf7-form-control-wrap\" data-name=\"telefono\"><input size=\"40\" maxlength=\"400\" class=\"wpcf7-form-control wpcf7-tel wpcf7-validates-as-required wpcf7-text wpcf7-validates-as-tel\" aria-required=\"true\" aria-invalid=\"false\" placeholder=\"Tel\u00e9fono\" value=\"\" type=\"tel\" name=\"telefono\" \/><\/span>\n<\/p>\n<p><span class=\"wpcf7-form-control-wrap\" data-name=\"mensaje\"><textarea cols=\"40\" rows=\"10\" maxlength=\"2000\" class=\"wpcf7-form-control wpcf7-textarea\" aria-invalid=\"false\" placeholder=\"Mensaje\" name=\"mensaje\"><\/textarea><\/span>\n<\/p>\n<p><span class=\"wpcf7-form-control-wrap\" data-name=\"acceptance-599\"><span class=\"wpcf7-form-control wpcf7-acceptance\"><span class=\"wpcf7-list-item\"><label><input type=\"checkbox\" name=\"acceptance-599\" value=\"1\" aria-invalid=\"false\" \/><span class=\"wpcf7-list-item-label\">He le\u00eddo y acepto la <a href='https:\/\/www.riberasalud.com\/ciudad-quesada\/politica-de-proteccion-de-datos\/'>Pol\u00edtica de Privacidad<\/a><\/span><\/label><\/span><\/span><\/span><br \/>\n<span class=\"wpcf7-form-control-wrap\" data-name=\"acceptance-592\"><span class=\"wpcf7-form-control wpcf7-acceptance optional\"><span class=\"wpcf7-list-item\"><label><input type=\"checkbox\" name=\"acceptance-592\" value=\"1\" aria-invalid=\"false\" \/><span class=\"wpcf7-list-item-label\">Acepto el env\u00edo de comunicaciones por RIBERA SALUD, S.A.U., con la finalidad de conocer las \u00faltimas novedades sobre salud<\/span><\/label><\/span><\/span><\/span>\n<\/p>\n<input class=\"wpcf7-form-control wpcf7-hidden controlreferido\" value=\"\" type=\"hidden\" name=\"referer-page\" \/>\n<p><input class=\"wpcf7-form-control wpcf7-submit has-spinner\" type=\"submit\" value=\"Enviar\" \/>\n<\/p><input type='hidden' class='wpcf7-pum' value='{\"closepopup\":false,\"closedelay\":0,\"openpopup\":false,\"openpopup_id\":0}' \/><div class=\"wpcf7-response-output\" aria-hidden=\"true\"><\/div>\n<\/form>\n<\/div>\n\n<\/div>\n\n\n\n<div class=\"wp-block-column is-layout-flow wp-block-column-is-layout-flow\" style=\"flex-basis:20%\"><\/div>\n<\/div>\n<\/div><\/div>\n","protected":false},"excerpt":{"rendered":"<p>SOMOS RIBERA CIUDAD QUESADA Contacto Cl\u00ednica Ribera Ciudad Quesada Calle Mallorca n\u00ba 25 Urbanizaci\u00f3n Do\u00f1a Pepa. Ciudad Quesada (Rojales). CP 03170. E-mails:info.ciudadquesada@riberacare.com Tel\u00e9fono:965 725 915&nbsp; Whatsapp:699 963 758 Lunes a viernes de 09:00h a 20:00h Env\u00edanos un mensaje<\/p>\n","protected":false},"author":1,"featured_media":0,"parent":0,"menu_order":0,"comment_status":"closed","ping_status":"closed","template":"","meta":{"_mi_skip_tracking":false,"_glsr_average":0,"_glsr_ranking":0,"_glsr_reviews":0,"footnotes":""},"class_list":["post-787","page","type-page","status-publish"],"yoast_head":"<!-- This site is optimized with the Yoast SEO plugin v26.6 - https:\/\/yoast.com\/wordpress\/plugins\/seo\/ -->\n<title>Contacto - Cl\u00ednica Ribera Ciudad Quesada<\/title>\n<meta name=\"description\" content=\"\u00bfDeseas contactar con nosotros? Te dejamos aqu\u00ed nuestra informaci\u00f3n de contacto.\" \/>\n<meta name=\"robots\" content=\"index, follow, max-snippet:-1, max-image-preview:large, max-video-preview:-1\" \/>\n<link rel=\"canonical\" href=\"https:\/\/riberasalud.com\/ciudad-quesada\/contacto\/\" \/>\n<meta property=\"og:locale\" content=\"es_ES\" \/>\n<meta property=\"og:type\" content=\"article\" \/>\n<meta property=\"og:title\" content=\"Contacto - Cl\u00ednica Ribera Ciudad Quesada\" \/>\n<meta property=\"og:description\" content=\"\u00bfDeseas contactar con nosotros? Te dejamos aqu\u00ed nuestra informaci\u00f3n de contacto.\" \/>\n<meta property=\"og:url\" content=\"https:\/\/riberasalud.com\/ciudad-quesada\/contacto\/\" \/>\n<meta property=\"og:site_name\" content=\"Cl\u00ednica Ribera Ciudad Quesada\" \/>\n<meta property=\"article:modified_time\" content=\"2025-02-05T09:56:41+00:00\" \/>\n<meta name=\"twitter:card\" content=\"summary_large_image\" \/>\n<meta name=\"twitter:label1\" content=\"Tiempo de lectura\" \/>\n\t<meta name=\"twitter:data1\" content=\"1 minuto\" \/>\n<script type=\"application\/ld+json\" class=\"yoast-schema-graph\">{\"@context\":\"https:\/\/schema.org\",\"@graph\":[{\"@type\":[\"WebPage\",\"ContactPage\"],\"@id\":\"https:\/\/riberasalud.com\/ciudad-quesada\/contacto\/\",\"url\":\"https:\/\/riberasalud.com\/ciudad-quesada\/contacto\/\",\"name\":\"Contacto - Cl\u00ednica Ribera Ciudad Quesada\",\"isPartOf\":{\"@id\":\"https:\/\/riberasalud.com\/ciudad-quesada\/#website\"},\"datePublished\":\"2022-11-23T09:58:16+00:00\",\"dateModified\":\"2025-02-05T09:56:41+00:00\",\"description\":\"\u00bfDeseas contactar con nosotros? Te dejamos aqu\u00ed nuestra informaci\u00f3n de contacto.\",\"breadcrumb\":{\"@id\":\"https:\/\/riberasalud.com\/ciudad-quesada\/contacto\/#breadcrumb\"},\"inLanguage\":\"es\",\"potentialAction\":[{\"@type\":\"ReadAction\",\"target\":[\"https:\/\/riberasalud.com\/ciudad-quesada\/contacto\/\"]}]},{\"@type\":\"BreadcrumbList\",\"@id\":\"https:\/\/riberasalud.com\/ciudad-quesada\/contacto\/#breadcrumb\",\"itemListElement\":[{\"@type\":\"ListItem\",\"position\":1,\"name\":\"Portada\",\"item\":\"https:\/\/riberasalud.com\/ciudad-quesada\/\"},{\"@type\":\"ListItem\",\"position\":2,\"name\":\"Contacto\"}]},{\"@type\":\"WebSite\",\"@id\":\"https:\/\/riberasalud.com\/ciudad-quesada\/#website\",\"url\":\"https:\/\/riberasalud.com\/ciudad-quesada\/\",\"name\":\"Cl\u00ednica Ribera Ciudad Quesada\",\"description\":\"\",\"publisher\":{\"@id\":\"https:\/\/riberasalud.com\/ciudad-quesada\/#organization\"},\"alternateName\":\"Cl\u00ednica Ribera Ciudad Quesada\",\"potentialAction\":[{\"@type\":\"SearchAction\",\"target\":{\"@type\":\"EntryPoint\",\"urlTemplate\":\"https:\/\/riberasalud.com\/ciudad-quesada\/?s={search_term_string}\"},\"query-input\":{\"@type\":\"PropertyValueSpecification\",\"valueRequired\":true,\"valueName\":\"search_term_string\"}}],\"inLanguage\":\"es\"},{\"@type\":\"Organization\",\"@id\":\"https:\/\/riberasalud.com\/ciudad-quesada\/#organization\",\"name\":\"RIbera Salud\",\"alternateName\":\"Ribera\",\"url\":\"https:\/\/riberasalud.com\/ciudad-quesada\/\",\"logo\":{\"@type\":\"ImageObject\",\"inLanguage\":\"es\",\"@id\":\"https:\/\/riberasalud.com\/ciudad-quesada\/#\/schema\/logo\/image\/\",\"url\":\"https:\/\/riberasalud.com\/ciudad-quesada\/wp-content\/uploads\/2022\/10\/cropped-logo_ciudad_quesada_Mesa-de-trabajo-1.png\",\"contentUrl\":\"https:\/\/riberasalud.com\/ciudad-quesada\/wp-content\/uploads\/2022\/10\/cropped-logo_ciudad_quesada_Mesa-de-trabajo-1.png\",\"width\":600,\"height\":123,\"caption\":\"RIbera Salud\"},\"image\":{\"@id\":\"https:\/\/riberasalud.com\/ciudad-quesada\/#\/schema\/logo\/image\/\"}}]}<\/script>\n<!-- \/ Yoast SEO plugin. -->","yoast_head_json":{"title":"Contacto - Cl\u00ednica Ribera Ciudad Quesada","description":"\u00bfDeseas contactar con nosotros? Te dejamos aqu\u00ed nuestra informaci\u00f3n de contacto.","robots":{"index":"index","follow":"follow","max-snippet":"max-snippet:-1","max-image-preview":"max-image-preview:large","max-video-preview":"max-video-preview:-1"},"canonical":"https:\/\/riberasalud.com\/ciudad-quesada\/contacto\/","og_locale":"es_ES","og_type":"article","og_title":"Contacto - Cl\u00ednica Ribera Ciudad Quesada","og_description":"\u00bfDeseas contactar con nosotros? Te dejamos aqu\u00ed nuestra informaci\u00f3n de contacto.","og_url":"https:\/\/riberasalud.com\/ciudad-quesada\/contacto\/","og_site_name":"Cl\u00ednica Ribera Ciudad Quesada","article_modified_time":"2025-02-05T09:56:41+00:00","twitter_card":"summary_large_image","twitter_misc":{"Tiempo de lectura":"1 minuto"},"schema":{"@context":"https:\/\/schema.org","@graph":[{"@type":["WebPage","ContactPage"],"@id":"https:\/\/riberasalud.com\/ciudad-quesada\/contacto\/","url":"https:\/\/riberasalud.com\/ciudad-quesada\/contacto\/","name":"Contacto - Cl\u00ednica Ribera Ciudad Quesada","isPartOf":{"@id":"https:\/\/riberasalud.com\/ciudad-quesada\/#website"},"datePublished":"2022-11-23T09:58:16+00:00","dateModified":"2025-02-05T09:56:41+00:00","description":"\u00bfDeseas contactar con nosotros? Te dejamos aqu\u00ed nuestra informaci\u00f3n de contacto.","breadcrumb":{"@id":"https:\/\/riberasalud.com\/ciudad-quesada\/contacto\/#breadcrumb"},"inLanguage":"es","potentialAction":[{"@type":"ReadAction","target":["https:\/\/riberasalud.com\/ciudad-quesada\/contacto\/"]}]},{"@type":"BreadcrumbList","@id":"https:\/\/riberasalud.com\/ciudad-quesada\/contacto\/#breadcrumb","itemListElement":[{"@type":"ListItem","position":1,"name":"Portada","item":"https:\/\/riberasalud.com\/ciudad-quesada\/"},{"@type":"ListItem","position":2,"name":"Contacto"}]},{"@type":"WebSite","@id":"https:\/\/riberasalud.com\/ciudad-quesada\/#website","url":"https:\/\/riberasalud.com\/ciudad-quesada\/","name":"Cl\u00ednica Ribera Ciudad Quesada","description":"","publisher":{"@id":"https:\/\/riberasalud.com\/ciudad-quesada\/#organization"},"alternateName":"Cl\u00ednica Ribera Ciudad Quesada","potentialAction":[{"@type":"SearchAction","target":{"@type":"EntryPoint","urlTemplate":"https:\/\/riberasalud.com\/ciudad-quesada\/?s={search_term_string}"},"query-input":{"@type":"PropertyValueSpecification","valueRequired":true,"valueName":"search_term_string"}}],"inLanguage":"es"},{"@type":"Organization","@id":"https:\/\/riberasalud.com\/ciudad-quesada\/#organization","name":"RIbera Salud","alternateName":"Ribera","url":"https:\/\/riberasalud.com\/ciudad-quesada\/","logo":{"@type":"ImageObject","inLanguage":"es","@id":"https:\/\/riberasalud.com\/ciudad-quesada\/#\/schema\/logo\/image\/","url":"https:\/\/riberasalud.com\/ciudad-quesada\/wp-content\/uploads\/2022\/10\/cropped-logo_ciudad_quesada_Mesa-de-trabajo-1.png","contentUrl":"https:\/\/riberasalud.com\/ciudad-quesada\/wp-content\/uploads\/2022\/10\/cropped-logo_ciudad_quesada_Mesa-de-trabajo-1.png","width":600,"height":123,"caption":"RIbera Salud"},"image":{"@id":"https:\/\/riberasalud.com\/ciudad-quesada\/#\/schema\/logo\/image\/"}}]}},"_links":{"self":[{"href":"https:\/\/riberasalud.com\/ciudad-quesada\/wp-json\/wp\/v2\/pages\/787","targetHints":{"allow":["GET"]}}],"collection":[{"href":"https:\/\/riberasalud.com\/ciudad-quesada\/wp-json\/wp\/v2\/pages"}],"about":[{"href":"https:\/\/riberasalud.com\/ciudad-quesada\/wp-json\/wp\/v2\/types\/page"}],"author":[{"embeddable":true,"href":"https:\/\/riberasalud.com\/ciudad-quesada\/wp-json\/wp\/v2\/users\/1"}],"replies":[{"embeddable":true,"href":"https:\/\/riberasalud.com\/ciudad-quesada\/wp-json\/wp\/v2\/comments?post=787"}],"version-history":[{"count":23,"href":"https:\/\/riberasalud.com\/ciudad-quesada\/wp-json\/wp\/v2\/pages\/787\/revisions"}],"predecessor-version":[{"id":4466,"href":"https:\/\/riberasalud.com\/ciudad-quesada\/wp-json\/wp\/v2\/pages\/787\/revisions\/4466"}],"wp:attachment":[{"href":"https:\/\/riberasalud.com\/ciudad-quesada\/wp-json\/wp\/v2\/media?parent=787"}],"curies":[{"name":"wp","href":"https:\/\/api.w.org\/{rel}","templated":true}]}}