{"id":2011,"date":"2023-02-22T11:01:37","date_gmt":"2023-02-22T11:01:37","guid":{"rendered":"https:\/\/riberasalud.com\/ciudad-quesada\/?page_id=2011"},"modified":"2024-04-29T10:43:28","modified_gmt":"2024-04-29T10:43:28","slug":"atencion-domiciliaria","status":"publish","type":"page","link":"https:\/\/riberasalud.com\/ciudad-quesada\/atencion-domiciliaria\/","title":{"rendered":"Atenci\u00f3n domiciliaria"},"content":{"rendered":"\n<div class=\"wp-block-group hasbackgroundnaranja sliderlinea\"><div class=\"wp-block-group__inner-container is-layout-flow wp-block-group-is-layout-flow\">\n<p>SOMOS RIBERA CIUDAD QUESADA<\/p>\n\n\n\n<h1 class=\"wp-block-heading\">Atenci\u00f3n domiciliaria<\/h1>\n<\/div><\/div>\n\n\n\n<div class=\"wp-block-group\"><div class=\"wp-block-group__inner-container is-layout-flow wp-block-group-is-layout-flow\">\n<div class=\"wp-block-columns columnazeromarginbottom is-layout-flex wp-container-core-columns-is-layout-9d6595d7 wp-block-columns-is-layout-flex\">\n<div class=\"wp-block-column is-layout-flow wp-block-column-is-layout-flow\" style=\"flex-basis:33.33%\">\n<figure class=\"wp-block-image size-full fotoredonda onlydesktop\"><img loading=\"lazy\" decoding=\"async\" width=\"800\" height=\"533\" src=\"https:\/\/riberasalud.com\/ciudad-quesada\/wp-content\/uploads\/2023\/02\/29.jpg\" alt=\"\" class=\"wp-image-2043\" srcset=\"https:\/\/riberasalud.com\/ciudad-quesada\/wp-content\/uploads\/2023\/02\/29.jpg 800w, https:\/\/riberasalud.com\/ciudad-quesada\/wp-content\/uploads\/2023\/02\/29-300x200.jpg 300w, https:\/\/riberasalud.com\/ciudad-quesada\/wp-content\/uploads\/2023\/02\/29-768x512.jpg 768w\" sizes=\"auto, (max-width: 800px) 100vw, 800px\" \/><\/figure>\n<\/div>\n\n\n\n<div class=\"wp-block-column is-vertically-aligned-center is-layout-flow wp-block-column-is-layout-flow\" style=\"flex-basis:66.66%\">\n<p class=\"zeromargin\">En Ribera Ciudad Quesada el paciente es el centro de todo. En consonancia con nuestra filosof\u00eda, nuestro programa de cuidados continuos ofrece la programaci\u00f3n de visitas a domicilio por parte<br>de un m\u00e9dico y una enfermera partiendo siempre de una valoraci\u00f3n m\u00e9dica.<\/p>\n<\/div>\n<\/div>\n<\/div><\/div>\n\n\n\n<div class=\"wp-block-group hasbackgroundmio\"><div class=\"wp-block-group__inner-container is-layout-flow wp-block-group-is-layout-flow\">\n<div style=\"height:10px\" aria-hidden=\"true\" class=\"wp-block-spacer\"><\/div>\n\n\n\n<div class=\"wp-block-columns columnazeromarginbottom is-layout-flex wp-container-core-columns-is-layout-9d6595d7 wp-block-columns-is-layout-flex\">\n<div class=\"wp-block-column is-layout-flow wp-block-column-is-layout-flow\" style=\"flex-basis:100%\">\n<figure class=\"wp-block-image size-full fotoredonda onlydesktop\"><img loading=\"lazy\" decoding=\"async\" width=\"800\" height=\"533\" src=\"https:\/\/riberasalud.com\/ciudad-quesada\/wp-content\/uploads\/2023\/02\/primer-plano-manos-apoyo.jpg\" alt=\"\" class=\"wp-image-2044\" srcset=\"https:\/\/riberasalud.com\/ciudad-quesada\/wp-content\/uploads\/2023\/02\/primer-plano-manos-apoyo.jpg 800w, https:\/\/riberasalud.com\/ciudad-quesada\/wp-content\/uploads\/2023\/02\/primer-plano-manos-apoyo-300x200.jpg 300w, https:\/\/riberasalud.com\/ciudad-quesada\/wp-content\/uploads\/2023\/02\/primer-plano-manos-apoyo-768x512.jpg 768w\" sizes=\"auto, (max-width: 800px) 100vw, 800px\" \/><figcaption class=\"wp-element-caption\"><strong>Continuidad asistencial<\/strong><\/figcaption><\/figure>\n<\/div>\n\n\n\n<div class=\"wp-block-column is-layout-flow wp-block-column-is-layout-flow\" style=\"flex-basis:100%\">\n<figure class=\"wp-block-image size-full fotoredonda onlydesktop\"><img loading=\"lazy\" decoding=\"async\" width=\"800\" height=\"533\" src=\"https:\/\/riberasalud.com\/ciudad-quesada\/wp-content\/uploads\/2023\/02\/hombre-control-enfermera-tiro-medio.jpg\" alt=\"\" class=\"wp-image-2045\" srcset=\"https:\/\/riberasalud.com\/ciudad-quesada\/wp-content\/uploads\/2023\/02\/hombre-control-enfermera-tiro-medio.jpg 800w, https:\/\/riberasalud.com\/ciudad-quesada\/wp-content\/uploads\/2023\/02\/hombre-control-enfermera-tiro-medio-300x200.jpg 300w, https:\/\/riberasalud.com\/ciudad-quesada\/wp-content\/uploads\/2023\/02\/hombre-control-enfermera-tiro-medio-768x512.jpg 768w\" sizes=\"auto, (max-width: 800px) 100vw, 800px\" \/><figcaption class=\"wp-element-caption\">Seguimiento de<br><strong>enfermedades cr\u00f3nicas<\/strong><\/figcaption><\/figure>\n<\/div>\n\n\n\n<div class=\"wp-block-column is-layout-flow wp-block-column-is-layout-flow\" style=\"flex-basis:100%\">\n<figure class=\"wp-block-image size-full fotoredonda onlydesktop\"><img loading=\"lazy\" decoding=\"async\" width=\"800\" height=\"533\" src=\"https:\/\/riberasalud.com\/ciudad-quesada\/wp-content\/uploads\/2023\/02\/paciente-mujer-senior-tocando-mano-femenina-enfermera-hombro.jpg\" alt=\"\" class=\"wp-image-2046\" srcset=\"https:\/\/riberasalud.com\/ciudad-quesada\/wp-content\/uploads\/2023\/02\/paciente-mujer-senior-tocando-mano-femenina-enfermera-hombro.jpg 800w, https:\/\/riberasalud.com\/ciudad-quesada\/wp-content\/uploads\/2023\/02\/paciente-mujer-senior-tocando-mano-femenina-enfermera-hombro-300x200.jpg 300w, https:\/\/riberasalud.com\/ciudad-quesada\/wp-content\/uploads\/2023\/02\/paciente-mujer-senior-tocando-mano-femenina-enfermera-hombro-768x512.jpg 768w\" sizes=\"auto, (max-width: 800px) 100vw, 800px\" \/><figcaption class=\"wp-element-caption\">Seguimiento en <strong>trastornos<br>de larga duraci\u00f3n<\/strong><\/figcaption><\/figure>\n<\/div>\n\n\n\n<div class=\"wp-block-column is-layout-flow wp-block-column-is-layout-flow\" style=\"flex-basis:100%\">\n<figure class=\"wp-block-image size-full fotoredonda onlydesktop\"><img loading=\"lazy\" decoding=\"async\" width=\"800\" height=\"533\" src=\"https:\/\/riberasalud.com\/ciudad-quesada\/wp-content\/uploads\/2023\/02\/enfermera-haciendo-fisioterapia-anciano-hogar-ancianos-usando-pesas.jpg\" alt=\"\" class=\"wp-image-2047\" srcset=\"https:\/\/riberasalud.com\/ciudad-quesada\/wp-content\/uploads\/2023\/02\/enfermera-haciendo-fisioterapia-anciano-hogar-ancianos-usando-pesas.jpg 800w, https:\/\/riberasalud.com\/ciudad-quesada\/wp-content\/uploads\/2023\/02\/enfermera-haciendo-fisioterapia-anciano-hogar-ancianos-usando-pesas-300x200.jpg 300w, https:\/\/riberasalud.com\/ciudad-quesada\/wp-content\/uploads\/2023\/02\/enfermera-haciendo-fisioterapia-anciano-hogar-ancianos-usando-pesas-768x512.jpg 768w\" sizes=\"auto, (max-width: 800px) 100vw, 800px\" \/><figcaption class=\"wp-element-caption\">Atenci\u00f3n a los <strong>mayores<\/strong><\/figcaption><\/figure>\n<\/div>\n<\/div>\n<\/div><\/div>\n\n\n\n<div class=\"wp-block-group gruponomargintop queteofrecemosat\"><div class=\"wp-block-group__inner-container is-layout-flow wp-block-group-is-layout-flow\">\n<div class=\"wp-block-group modulocomo especialidadesgroup\"><div class=\"wp-block-group__inner-container is-layout-flow wp-block-group-is-layout-flow\">\n<div style=\"height:10px\" aria-hidden=\"true\" class=\"wp-block-spacer\"><\/div>\n\n\n\n<h2 class=\"wp-block-heading\">\u00bfQu\u00e9 te ofrecemos?<\/h2>\n\n\n\n<div style=\"height:30px\" aria-hidden=\"true\" class=\"wp-block-spacer\"><\/div>\n\n\n\n<div class=\"wp-block-columns is-layout-flex wp-container-core-columns-is-layout-9d6595d7 wp-block-columns-is-layout-flex\">\n<div class=\"wp-block-column is-layout-flow wp-block-column-is-layout-flow\">\n<div class=\"wp-block-columns is-not-stacked-on-mobile columnanzeromargin is-layout-flex wp-container-core-columns-is-layout-9d6595d7 wp-block-columns-is-layout-flex\">\n<div class=\"wp-block-column is-vertically-aligned-top is-layout-flow wp-block-column-is-layout-flow\" style=\"flex-basis:10%\"><div class=\"wp-block-image\">\n<figure class=\"aligncenter size-full\"><img decoding=\"async\" src=\"https:\/\/www.riberasalud.com\/torrejonaux\/wp-content\/uploads\/2023\/01\/flecha3_Mesa-de-trabajo-1.png\" alt=\"\" class=\"wp-image-1974\"\/><\/figure>\n<\/div><\/div>\n\n\n\n<div class=\"wp-block-column is-layout-flow wp-block-column-is-layout-flow\" style=\"flex-basis:66.66%\">\n<h2 class=\"wp-block-heading\">Enfermer\u00eda<\/h2>\n\n\n\n<p>\u2022 Administraci\u00f3n de tratamientos prescritos<br>\u2022 Realizaci\u00f3n de t\u00e9cnicas y procedimientos:<br>sondaje vesical, curas, cuidados.<br>\u2022 Extracci\u00f3n de anal\u00edticas y cultivos<br>\u2022 Monitorizaci\u00f3n de constantes<br>\u2022 Asesoramiento<br>\u2022 Educaci\u00f3n sanitaria<\/p>\n<\/div>\n<\/div>\n<\/div>\n\n\n\n<div class=\"wp-block-column is-layout-flow wp-block-column-is-layout-flow\">\n<div class=\"wp-block-columns is-not-stacked-on-mobile columnanzeromargin is-layout-flex wp-container-core-columns-is-layout-9d6595d7 wp-block-columns-is-layout-flex\">\n<div class=\"wp-block-column is-vertically-aligned-top is-layout-flow wp-block-column-is-layout-flow\" style=\"flex-basis:10%\"><div class=\"wp-block-image\">\n<figure class=\"aligncenter size-full\"><img decoding=\"async\" src=\"https:\/\/www.riberasalud.com\/torrejonaux\/wp-content\/uploads\/2023\/01\/flecha3_Mesa-de-trabajo-1.png\" alt=\"\" class=\"wp-image-1974\"\/><\/figure>\n<\/div><\/div>\n\n\n\n<div class=\"wp-block-column is-layout-flow wp-block-column-is-layout-flow\" style=\"flex-basis:66.66%\">\n<h2 class=\"wp-block-heading\">Fisioterapia<\/h2>\n\n\n\n<p>\u2022 Recuperaci\u00f3n o mantenimiento de las<br>capacidades funcionales perdidas o reducidas.<br>\u2022 Entrenamiento en el uso de material ortoprot\u00e9sico<br>\u2022 Rehabilitaci\u00f3n<\/p>\n<\/div>\n<\/div>\n<\/div>\n<\/div>\n<\/div><\/div>\n<\/div><\/div>\n\n\n\n<div class=\"wp-block-group gruponomargintop queteofrecemosat banneratbeige hasbackgroundmio\"><div class=\"wp-block-group__inner-container is-layout-flow wp-block-group-is-layout-flow\">\n<div style=\"height:15px\" aria-hidden=\"true\" class=\"wp-block-spacer\"><\/div>\n\n\n\n<h2 class=\"has-text-align-left wp-block-heading\">Servicios espec\u00edficos:<\/h2>\n\n\n\n<p>Servicios para incrementar la autonom\u00eda personal, la seguridad y la autoestima.<\/p>\n<\/div><\/div>\n","protected":false},"excerpt":{"rendered":"<p>SOMOS RIBERA CIUDAD QUESADA Atenci\u00f3n domiciliaria En Ribera Ciudad Quesada el paciente es el centro de todo. En consonancia con nuestra filosof\u00eda, nuestro programa de cuidados continuos ofrece la programaci\u00f3n de visitas a domicilio por partede un m\u00e9dico y una enfermera partiendo siempre de una valoraci\u00f3n m\u00e9dica. \u00bfQu\u00e9 te ofrecemos? Enfermer\u00eda \u2022 Administraci\u00f3n de tratamientos &#8230; <a title=\"Atenci\u00f3n domiciliaria\" class=\"read-more\" href=\"https:\/\/riberasalud.com\/ciudad-quesada\/atencion-domiciliaria\/\" aria-label=\"Leer m\u00e1s sobre Atenci\u00f3n domiciliaria\">Leer m\u00e1s<\/a><\/p>\n","protected":false},"author":1,"featured_media":0,"parent":0,"menu_order":0,"comment_status":"closed","ping_status":"closed","template":"","meta":{"_mi_skip_tracking":false,"_glsr_average":0,"_glsr_ranking":0,"_glsr_reviews":0,"footnotes":""},"class_list":["post-2011","page","type-page","status-publish"],"yoast_head":"<!-- This site is optimized with the Yoast SEO plugin v26.6 - https:\/\/yoast.com\/wordpress\/plugins\/seo\/ -->\n<title>Atenci\u00f3n domiciliaria - Cl\u00ednica Ribera Ciudad Quesada<\/title>\n<meta name=\"description\" content=\"Ofrecemos la programaci\u00f3n de visitas a domicilio por partede un m\u00e9dico y una enfermera partiendo siempre de una valoraci\u00f3n m\u00e9dica.\" \/>\n<meta name=\"robots\" content=\"index, follow, max-snippet:-1, max-image-preview:large, max-video-preview:-1\" \/>\n<link rel=\"canonical\" href=\"https:\/\/riberasalud.com\/ciudad-quesada\/atencion-domiciliaria\/\" \/>\n<meta property=\"og:locale\" content=\"es_ES\" \/>\n<meta property=\"og:type\" content=\"article\" \/>\n<meta property=\"og:title\" content=\"Atenci\u00f3n domiciliaria - Cl\u00ednica Ribera Ciudad Quesada\" \/>\n<meta property=\"og:description\" content=\"Ofrecemos la programaci\u00f3n de visitas a domicilio por partede un m\u00e9dico y una enfermera partiendo siempre de una valoraci\u00f3n m\u00e9dica.\" \/>\n<meta property=\"og:url\" content=\"https:\/\/riberasalud.com\/ciudad-quesada\/atencion-domiciliaria\/\" \/>\n<meta property=\"og:site_name\" content=\"Cl\u00ednica Ribera Ciudad Quesada\" \/>\n<meta property=\"article:modified_time\" content=\"2024-04-29T10:43:28+00:00\" \/>\n<meta property=\"og:image\" content=\"https:\/\/riberasalud.com\/ciudad-quesada\/wp-content\/uploads\/2023\/02\/29.jpg\" \/>\n<meta name=\"twitter:card\" content=\"summary_large_image\" \/>\n<meta name=\"twitter:label1\" content=\"Tiempo de lectura\" \/>\n\t<meta name=\"twitter:data1\" content=\"3 minutos\" \/>\n<script type=\"application\/ld+json\" class=\"yoast-schema-graph\">{\"@context\":\"https:\/\/schema.org\",\"@graph\":[{\"@type\":\"WebPage\",\"@id\":\"https:\/\/riberasalud.com\/ciudad-quesada\/atencion-domiciliaria\/\",\"url\":\"https:\/\/riberasalud.com\/ciudad-quesada\/atencion-domiciliaria\/\",\"name\":\"Atenci\u00f3n domiciliaria - Cl\u00ednica Ribera Ciudad Quesada\",\"isPartOf\":{\"@id\":\"https:\/\/riberasalud.com\/ciudad-quesada\/#website\"},\"primaryImageOfPage\":{\"@id\":\"https:\/\/riberasalud.com\/ciudad-quesada\/atencion-domiciliaria\/#primaryimage\"},\"image\":{\"@id\":\"https:\/\/riberasalud.com\/ciudad-quesada\/atencion-domiciliaria\/#primaryimage\"},\"thumbnailUrl\":\"https:\/\/riberasalud.com\/ciudad-quesada\/wp-content\/uploads\/2023\/02\/29.jpg\",\"datePublished\":\"2023-02-22T11:01:37+00:00\",\"dateModified\":\"2024-04-29T10:43:28+00:00\",\"description\":\"Ofrecemos la programaci\u00f3n de visitas a domicilio por partede un m\u00e9dico y una enfermera partiendo siempre de una valoraci\u00f3n m\u00e9dica.\",\"breadcrumb\":{\"@id\":\"https:\/\/riberasalud.com\/ciudad-quesada\/atencion-domiciliaria\/#breadcrumb\"},\"inLanguage\":\"es\",\"potentialAction\":[{\"@type\":\"ReadAction\",\"target\":[\"https:\/\/riberasalud.com\/ciudad-quesada\/atencion-domiciliaria\/\"]}]},{\"@type\":\"ImageObject\",\"inLanguage\":\"es\",\"@id\":\"https:\/\/riberasalud.com\/ciudad-quesada\/atencion-domiciliaria\/#primaryimage\",\"url\":\"https:\/\/riberasalud.com\/ciudad-quesada\/wp-content\/uploads\/2023\/02\/29.jpg\",\"contentUrl\":\"https:\/\/riberasalud.com\/ciudad-quesada\/wp-content\/uploads\/2023\/02\/29.jpg\"},{\"@type\":\"BreadcrumbList\",\"@id\":\"https:\/\/riberasalud.com\/ciudad-quesada\/atencion-domiciliaria\/#breadcrumb\",\"itemListElement\":[{\"@type\":\"ListItem\",\"position\":1,\"name\":\"Portada\",\"item\":\"https:\/\/riberasalud.com\/ciudad-quesada\/\"},{\"@type\":\"ListItem\",\"position\":2,\"name\":\"Atenci\u00f3n domiciliaria\"}]},{\"@type\":\"WebSite\",\"@id\":\"https:\/\/riberasalud.com\/ciudad-quesada\/#website\",\"url\":\"https:\/\/riberasalud.com\/ciudad-quesada\/\",\"name\":\"Cl\u00ednica Ribera Ciudad Quesada\",\"description\":\"\",\"publisher\":{\"@id\":\"https:\/\/riberasalud.com\/ciudad-quesada\/#organization\"},\"alternateName\":\"Cl\u00ednica Ribera Ciudad Quesada\",\"potentialAction\":[{\"@type\":\"SearchAction\",\"target\":{\"@type\":\"EntryPoint\",\"urlTemplate\":\"https:\/\/riberasalud.com\/ciudad-quesada\/?s={search_term_string}\"},\"query-input\":{\"@type\":\"PropertyValueSpecification\",\"valueRequired\":true,\"valueName\":\"search_term_string\"}}],\"inLanguage\":\"es\"},{\"@type\":\"Organization\",\"@id\":\"https:\/\/riberasalud.com\/ciudad-quesada\/#organization\",\"name\":\"RIbera Salud\",\"alternateName\":\"Ribera\",\"url\":\"https:\/\/riberasalud.com\/ciudad-quesada\/\",\"logo\":{\"@type\":\"ImageObject\",\"inLanguage\":\"es\",\"@id\":\"https:\/\/riberasalud.com\/ciudad-quesada\/#\/schema\/logo\/image\/\",\"url\":\"https:\/\/riberasalud.com\/ciudad-quesada\/wp-content\/uploads\/2022\/10\/cropped-logo_ciudad_quesada_Mesa-de-trabajo-1.png\",\"contentUrl\":\"https:\/\/riberasalud.com\/ciudad-quesada\/wp-content\/uploads\/2022\/10\/cropped-logo_ciudad_quesada_Mesa-de-trabajo-1.png\",\"width\":600,\"height\":123,\"caption\":\"RIbera Salud\"},\"image\":{\"@id\":\"https:\/\/riberasalud.com\/ciudad-quesada\/#\/schema\/logo\/image\/\"}}]}<\/script>\n<!-- \/ Yoast SEO plugin. -->","yoast_head_json":{"title":"Atenci\u00f3n domiciliaria - Cl\u00ednica Ribera Ciudad Quesada","description":"Ofrecemos la programaci\u00f3n de visitas a domicilio por partede un m\u00e9dico y una enfermera partiendo siempre de una valoraci\u00f3n m\u00e9dica.","robots":{"index":"index","follow":"follow","max-snippet":"max-snippet:-1","max-image-preview":"max-image-preview:large","max-video-preview":"max-video-preview:-1"},"canonical":"https:\/\/riberasalud.com\/ciudad-quesada\/atencion-domiciliaria\/","og_locale":"es_ES","og_type":"article","og_title":"Atenci\u00f3n domiciliaria - Cl\u00ednica Ribera Ciudad Quesada","og_description":"Ofrecemos la programaci\u00f3n de visitas a domicilio por partede un m\u00e9dico y una enfermera partiendo siempre de una valoraci\u00f3n m\u00e9dica.","og_url":"https:\/\/riberasalud.com\/ciudad-quesada\/atencion-domiciliaria\/","og_site_name":"Cl\u00ednica Ribera Ciudad Quesada","article_modified_time":"2024-04-29T10:43:28+00:00","og_image":[{"url":"https:\/\/riberasalud.com\/ciudad-quesada\/wp-content\/uploads\/2023\/02\/29.jpg","type":"","width":"","height":""}],"twitter_card":"summary_large_image","twitter_misc":{"Tiempo de lectura":"3 minutos"},"schema":{"@context":"https:\/\/schema.org","@graph":[{"@type":"WebPage","@id":"https:\/\/riberasalud.com\/ciudad-quesada\/atencion-domiciliaria\/","url":"https:\/\/riberasalud.com\/ciudad-quesada\/atencion-domiciliaria\/","name":"Atenci\u00f3n domiciliaria - Cl\u00ednica Ribera Ciudad Quesada","isPartOf":{"@id":"https:\/\/riberasalud.com\/ciudad-quesada\/#website"},"primaryImageOfPage":{"@id":"https:\/\/riberasalud.com\/ciudad-quesada\/atencion-domiciliaria\/#primaryimage"},"image":{"@id":"https:\/\/riberasalud.com\/ciudad-quesada\/atencion-domiciliaria\/#primaryimage"},"thumbnailUrl":"https:\/\/riberasalud.com\/ciudad-quesada\/wp-content\/uploads\/2023\/02\/29.jpg","datePublished":"2023-02-22T11:01:37+00:00","dateModified":"2024-04-29T10:43:28+00:00","description":"Ofrecemos la programaci\u00f3n de visitas a domicilio por partede un m\u00e9dico y una enfermera partiendo siempre de una valoraci\u00f3n m\u00e9dica.","breadcrumb":{"@id":"https:\/\/riberasalud.com\/ciudad-quesada\/atencion-domiciliaria\/#breadcrumb"},"inLanguage":"es","potentialAction":[{"@type":"ReadAction","target":["https:\/\/riberasalud.com\/ciudad-quesada\/atencion-domiciliaria\/"]}]},{"@type":"ImageObject","inLanguage":"es","@id":"https:\/\/riberasalud.com\/ciudad-quesada\/atencion-domiciliaria\/#primaryimage","url":"https:\/\/riberasalud.com\/ciudad-quesada\/wp-content\/uploads\/2023\/02\/29.jpg","contentUrl":"https:\/\/riberasalud.com\/ciudad-quesada\/wp-content\/uploads\/2023\/02\/29.jpg"},{"@type":"BreadcrumbList","@id":"https:\/\/riberasalud.com\/ciudad-quesada\/atencion-domiciliaria\/#breadcrumb","itemListElement":[{"@type":"ListItem","position":1,"name":"Portada","item":"https:\/\/riberasalud.com\/ciudad-quesada\/"},{"@type":"ListItem","position":2,"name":"Atenci\u00f3n domiciliaria"}]},{"@type":"WebSite","@id":"https:\/\/riberasalud.com\/ciudad-quesada\/#website","url":"https:\/\/riberasalud.com\/ciudad-quesada\/","name":"Cl\u00ednica Ribera Ciudad Quesada","description":"","publisher":{"@id":"https:\/\/riberasalud.com\/ciudad-quesada\/#organization"},"alternateName":"Cl\u00ednica Ribera Ciudad Quesada","potentialAction":[{"@type":"SearchAction","target":{"@type":"EntryPoint","urlTemplate":"https:\/\/riberasalud.com\/ciudad-quesada\/?s={search_term_string}"},"query-input":{"@type":"PropertyValueSpecification","valueRequired":true,"valueName":"search_term_string"}}],"inLanguage":"es"},{"@type":"Organization","@id":"https:\/\/riberasalud.com\/ciudad-quesada\/#organization","name":"RIbera Salud","alternateName":"Ribera","url":"https:\/\/riberasalud.com\/ciudad-quesada\/","logo":{"@type":"ImageObject","inLanguage":"es","@id":"https:\/\/riberasalud.com\/ciudad-quesada\/#\/schema\/logo\/image\/","url":"https:\/\/riberasalud.com\/ciudad-quesada\/wp-content\/uploads\/2022\/10\/cropped-logo_ciudad_quesada_Mesa-de-trabajo-1.png","contentUrl":"https:\/\/riberasalud.com\/ciudad-quesada\/wp-content\/uploads\/2022\/10\/cropped-logo_ciudad_quesada_Mesa-de-trabajo-1.png","width":600,"height":123,"caption":"RIbera Salud"},"image":{"@id":"https:\/\/riberasalud.com\/ciudad-quesada\/#\/schema\/logo\/image\/"}}]}},"_links":{"self":[{"href":"https:\/\/riberasalud.com\/ciudad-quesada\/wp-json\/wp\/v2\/pages\/2011","targetHints":{"allow":["GET"]}}],"collection":[{"href":"https:\/\/riberasalud.com\/ciudad-quesada\/wp-json\/wp\/v2\/pages"}],"about":[{"href":"https:\/\/riberasalud.com\/ciudad-quesada\/wp-json\/wp\/v2\/types\/page"}],"author":[{"embeddable":true,"href":"https:\/\/riberasalud.com\/ciudad-quesada\/wp-json\/wp\/v2\/users\/1"}],"replies":[{"embeddable":true,"href":"https:\/\/riberasalud.com\/ciudad-quesada\/wp-json\/wp\/v2\/comments?post=2011"}],"version-history":[{"count":20,"href":"https:\/\/riberasalud.com\/ciudad-quesada\/wp-json\/wp\/v2\/pages\/2011\/revisions"}],"predecessor-version":[{"id":2067,"href":"https:\/\/riberasalud.com\/ciudad-quesada\/wp-json\/wp\/v2\/pages\/2011\/revisions\/2067"}],"wp:attachment":[{"href":"https:\/\/riberasalud.com\/ciudad-quesada\/wp-json\/wp\/v2\/media?parent=2011"}],"curies":[{"name":"wp","href":"https:\/\/api.w.org\/{rel}","templated":true}]}}