{"id":1622,"date":"2023-01-25T09:01:37","date_gmt":"2023-01-25T09:01:37","guid":{"rendered":"https:\/\/riberasalud.com\/ciudad-quesada\/?page_id=1622"},"modified":"2024-01-17T11:52:42","modified_gmt":"2024-01-17T11:52:42","slug":"hotel-la-laguna","status":"publish","type":"page","link":"https:\/\/riberasalud.com\/ciudad-quesada\/hotel-la-laguna\/","title":{"rendered":"Hotel la Laguna"},"content":{"rendered":"\n<div class=\"wp-block-group hasbackgroundnaranja sliderlinea\"><div class=\"wp-block-group__inner-container is-layout-flow wp-block-group-is-layout-flow\">\n<p>SOMOS RIBERA CIUDAD QUESADA<\/p>\n\n\n\n<h1 class=\"wp-block-heading\">Hotel La Laguna Spa &amp; Golf<\/h1>\n<\/div><\/div>\n\n\n\n<div class=\"wp-block-group\"><div class=\"wp-block-group__inner-container is-layout-flow wp-block-group-is-layout-flow\">\n<h2 class=\"wp-block-heading\">Experiencia bienestar y salud<\/h2>\n\n\n\n<p>El Hotel La Laguna Spa &amp; Golf y la Cl\u00ednica Ribera Ciudad Quesada se unen para ofrecerte un <strong>servicio Premium Wellness <\/strong>que te ayudar\u00e1 a encontrar un equilibrio saludable a nivel f\u00edsico y emocional.<br><br>Comienza el d\u00eda con un chequeo m\u00e9dico para conocer tu estado de salud y continua la experiencia con un desayuno completo saludable. Rel\u00e1jate en el \u00e1rea wellness del hotel con nuestro programa \u00abSenda de los sentidos\u00bb en una ruta relax con saunas y jacuzzi de agua salada. <strong>Disfruta de tus vacaciones y consigue la armon\u00eda que tu cuerpo y mente necesita.<\/strong><\/p>\n\n\n\n<div style=\"height:30px\" aria-hidden=\"true\" class=\"wp-block-spacer\"><\/div>\n\n\n\n<div class=\"wp-block-columns is-layout-flex wp-container-core-columns-is-layout-9d6595d7 wp-block-columns-is-layout-flex\">\n<div class=\"wp-block-column firsticonos columnaintoiconos is-layout-flow wp-block-column-is-layout-flow\" style=\"flex-basis:40%\">\n<h2 class=\"wp-block-heading\">Nuestro paquete incluye<\/h2>\n\n\n\n<div class=\"wp-block-columns is-not-stacked-on-mobile columnaiconos is-layout-flex wp-container-core-columns-is-layout-9d6595d7 wp-block-columns-is-layout-flex\">\n<div class=\"wp-block-column first is-layout-flow wp-block-column-is-layout-flow\">\n<figure class=\"wp-block-image size-full is-resized\"><img loading=\"lazy\" decoding=\"async\" width=\"150\" height=\"150\" src=\"https:\/\/riberasalud.com\/ciudad-quesada\/wp-content\/uploads\/2022\/10\/iconos-05.png\" alt=\"\" class=\"wp-image-529\" style=\"width:80px;height:80px\"\/><\/figure>\n\n\n\n<p>An\u00e1lisis cl\u00ednico<br>de sangre<\/p>\n<\/div>\n\n\n\n<div class=\"wp-block-column second is-layout-flow wp-block-column-is-layout-flow\">\n<figure class=\"wp-block-image size-full is-resized\"><img loading=\"lazy\" decoding=\"async\" width=\"150\" height=\"150\" src=\"https:\/\/riberasalud.com\/ciudad-quesada\/wp-content\/uploads\/2023\/01\/icono-02.png\" alt=\"dieta\" class=\"wp-image-1676\" style=\"width:80px;height:80px\"\/><\/figure>\n\n\n\n<p>Desayuno<br>saludable Ribera<\/p>\n<\/div>\n<\/div>\n\n\n\n<div class=\"wp-block-columns is-not-stacked-on-mobile columnaiconos is-layout-flex wp-container-core-columns-is-layout-9d6595d7 wp-block-columns-is-layout-flex\">\n<div class=\"wp-block-column first is-layout-flow wp-block-column-is-layout-flow\">\n<figure class=\"wp-block-image size-full is-resized\"><img loading=\"lazy\" decoding=\"async\" width=\"150\" height=\"150\" src=\"https:\/\/riberasalud.com\/ciudad-quesada\/wp-content\/uploads\/2023\/01\/icono_Mesa-de-trabajo-1.png\" alt=\"spa\" class=\"wp-image-1677\" style=\"width:80px;height:80px\"\/><\/figure>\n\n\n\n<p>Spa &#8211; Senda de los sentidos<\/p>\n<\/div>\n\n\n\n<div class=\"wp-block-column second is-layout-flow wp-block-column-is-layout-flow\">\n<figure class=\"wp-block-image size-full is-resized\"><img loading=\"lazy\" decoding=\"async\" width=\"150\" height=\"150\" src=\"https:\/\/riberasalud.com\/ciudad-quesada\/wp-content\/uploads\/2022\/10\/iconos-01.png\" alt=\"coraz\u00f3n\" class=\"wp-image-525\" style=\"width:80px;height:80px\"\/><\/figure>\n\n\n\n<p>Electrocardiograma<\/p>\n<\/div>\n<\/div>\n\n\n\n<div class=\"wp-block-columns is-not-stacked-on-mobile columnaiconos is-layout-flex wp-container-core-columns-is-layout-9d6595d7 wp-block-columns-is-layout-flex\">\n<div class=\"wp-block-column first is-layout-flow wp-block-column-is-layout-flow\">\n<figure class=\"wp-block-image size-full is-resized\"><img loading=\"lazy\" decoding=\"async\" width=\"150\" height=\"150\" src=\"https:\/\/riberasalud.com\/ciudad-quesada\/wp-content\/uploads\/2022\/10\/ribera_iconos.png\" alt=\"servicio\" class=\"wp-image-517\" style=\"width:80px;height:80px\"\/><\/figure>\n\n\n\n<p>Valoraci\u00f3n m\u00e9dica<\/p>\n<\/div>\n\n\n\n<div class=\"wp-block-column second is-layout-flow wp-block-column-is-layout-flow\">\n<figure class=\"wp-block-image size-full is-resized\"><img loading=\"lazy\" decoding=\"async\" width=\"150\" height=\"150\" src=\"https:\/\/riberasalud.com\/ciudad-quesada\/wp-content\/uploads\/2022\/10\/ribera_iconos-05.png\" alt=\"resultados\" class=\"wp-image-521\" style=\"width:80px;height:80px\"\/><\/figure>\n\n\n\n<p>Interpretaci\u00f3n de los estudios realizados<\/p>\n<\/div>\n<\/div>\n\n\n\n<div class=\"wp-block-columns is-not-stacked-on-mobile columnaiconos is-layout-flex wp-container-core-columns-is-layout-9d6595d7 wp-block-columns-is-layout-flex\">\n<div class=\"wp-block-column first is-layout-flow wp-block-column-is-layout-flow\">\n<figure class=\"wp-block-image size-full is-resized\"><img loading=\"lazy\" decoding=\"async\" width=\"150\" height=\"150\" src=\"https:\/\/riberasalud.com\/ciudad-quesada\/wp-content\/uploads\/2022\/10\/ribera_iconos_Medalla-01.png\" alt=\"premio\" class=\"wp-image-538\" style=\"width:80px;height:80px\"\/><\/figure>\n\n\n\n<p>Consejos de salud<\/p>\n<\/div>\n\n\n\n<div class=\"wp-block-column is-layout-flow wp-block-column-is-layout-flow\"><\/div>\n<\/div>\n<\/div>\n\n\n\n<div class=\"wp-block-column secondiconos is-layout-flow wp-block-column-is-layout-flow\">\n<div class=\"wp-block-columns is-layout-flex wp-container-core-columns-is-layout-9d6595d7 wp-block-columns-is-layout-flex\">\n<div class=\"wp-block-column is-layout-flow wp-block-column-is-layout-flow\">\n<figure class=\"wp-block-image size-full\"><img loading=\"lazy\" decoding=\"async\" width=\"600\" height=\"600\" src=\"https:\/\/riberasalud.com\/ciudad-quesada\/wp-content\/uploads\/2023\/01\/habitaciones-hotel-la-laguna-pagina_0000s_0000_Junior-suite-hidromasaje-2.jpeg\" alt=\"\" class=\"wp-image-1646\" srcset=\"https:\/\/riberasalud.com\/ciudad-quesada\/wp-content\/uploads\/2023\/01\/habitaciones-hotel-la-laguna-pagina_0000s_0000_Junior-suite-hidromasaje-2.jpeg 600w, https:\/\/riberasalud.com\/ciudad-quesada\/wp-content\/uploads\/2023\/01\/habitaciones-hotel-la-laguna-pagina_0000s_0000_Junior-suite-hidromasaje-2-300x300.jpeg 300w, https:\/\/riberasalud.com\/ciudad-quesada\/wp-content\/uploads\/2023\/01\/habitaciones-hotel-la-laguna-pagina_0000s_0000_Junior-suite-hidromasaje-2-150x150.jpeg 150w\" sizes=\"auto, (max-width: 600px) 100vw, 600px\" \/><\/figure>\n<\/div>\n\n\n\n<div class=\"wp-block-column is-layout-flow wp-block-column-is-layout-flow\">\n<figure class=\"wp-block-image size-full\"><img loading=\"lazy\" decoding=\"async\" width=\"600\" height=\"600\" src=\"https:\/\/riberasalud.com\/ciudad-quesada\/wp-content\/uploads\/2023\/01\/1.Jacuzzi-de-agua-salada.jpg\" alt=\"\" class=\"wp-image-1645\" srcset=\"https:\/\/riberasalud.com\/ciudad-quesada\/wp-content\/uploads\/2023\/01\/1.Jacuzzi-de-agua-salada.jpg 600w, https:\/\/riberasalud.com\/ciudad-quesada\/wp-content\/uploads\/2023\/01\/1.Jacuzzi-de-agua-salada-300x300.jpg 300w, https:\/\/riberasalud.com\/ciudad-quesada\/wp-content\/uploads\/2023\/01\/1.Jacuzzi-de-agua-salada-150x150.jpg 150w\" sizes=\"auto, (max-width: 600px) 100vw, 600px\" \/><\/figure>\n<\/div>\n<\/div>\n\n\n\n<div class=\"wp-block-columns is-layout-flex wp-container-core-columns-is-layout-9d6595d7 wp-block-columns-is-layout-flex\">\n<div class=\"wp-block-column is-layout-flow wp-block-column-is-layout-flow\">\n<figure class=\"wp-block-image size-full\"><img loading=\"lazy\" decoding=\"async\" width=\"600\" height=\"600\" src=\"https:\/\/riberasalud.com\/ciudad-quesada\/wp-content\/uploads\/2023\/01\/slider-gastronomia-11.jpeg\" alt=\"\" class=\"wp-image-1643\" srcset=\"https:\/\/riberasalud.com\/ciudad-quesada\/wp-content\/uploads\/2023\/01\/slider-gastronomia-11.jpeg 600w, https:\/\/riberasalud.com\/ciudad-quesada\/wp-content\/uploads\/2023\/01\/slider-gastronomia-11-300x300.jpeg 300w, https:\/\/riberasalud.com\/ciudad-quesada\/wp-content\/uploads\/2023\/01\/slider-gastronomia-11-150x150.jpeg 150w\" sizes=\"auto, (max-width: 600px) 100vw, 600px\" \/><\/figure>\n<\/div>\n\n\n\n<div class=\"wp-block-column is-layout-flow wp-block-column-is-layout-flow\">\n<figure class=\"wp-block-image size-full\"><img loading=\"lazy\" decoding=\"async\" width=\"600\" height=\"600\" src=\"https:\/\/riberasalud.com\/ciudad-quesada\/wp-content\/uploads\/2023\/01\/Home-principal-1-AF.jpeg\" alt=\"\" class=\"wp-image-1644\" srcset=\"https:\/\/riberasalud.com\/ciudad-quesada\/wp-content\/uploads\/2023\/01\/Home-principal-1-AF.jpeg 600w, https:\/\/riberasalud.com\/ciudad-quesada\/wp-content\/uploads\/2023\/01\/Home-principal-1-AF-300x300.jpeg 300w, https:\/\/riberasalud.com\/ciudad-quesada\/wp-content\/uploads\/2023\/01\/Home-principal-1-AF-150x150.jpeg 150w\" sizes=\"auto, (max-width: 600px) 100vw, 600px\" \/><\/figure>\n<\/div>\n<\/div>\n<\/div>\n<\/div>\n<\/div><\/div>\n\n\n\n<div class=\"wp-block-group bannerequipo fondorojo\"><div class=\"wp-block-group__inner-container is-layout-flow wp-block-group-is-layout-flow\">\n<div class=\"wp-block-columns columnanomargin is-layout-flex wp-container-core-columns-is-layout-9d6595d7 wp-block-columns-is-layout-flex\">\n<div class=\"wp-block-column is-layout-flow wp-block-column-is-layout-flow\" style=\"flex-basis:100%\">\n<h1 class=\"wp-block-heading\">Precio promoci\u00f3n: <strong>130\u20ac<\/strong><\/h1>\n\n\n\n<p>*V\u00e1lido hasta 31\/12\/2024. Plazas limitadas<\/p>\n<\/div>\n<\/div>\n<\/div><\/div>\n\n\n\n<div class=\"wp-block-group enlacegrande\"><div class=\"wp-block-group__inner-container is-layout-flow wp-block-group-is-layout-flow\">\n<p class=\"has-text-align-center has-medium-font-size\">Aprovecha la oportunidad y reserva esta experiencia llamando al <a href=\"tel:699 963 758\">699 963 758<\/a><\/p>\n<\/div><\/div>\n\n\n\n<p><\/p>\n","protected":false},"excerpt":{"rendered":"<p>SOMOS RIBERA CIUDAD QUESADA Hotel La Laguna Spa &amp; Golf Experiencia bienestar y salud El Hotel La Laguna Spa &amp; Golf y la Cl\u00ednica Ribera Ciudad Quesada se unen para ofrecerte un servicio Premium Wellness que te ayudar\u00e1 a encontrar un equilibrio saludable a nivel f\u00edsico y emocional. Comienza el d\u00eda con un chequeo m\u00e9dico &#8230; <a title=\"Hotel la Laguna\" class=\"read-more\" href=\"https:\/\/riberasalud.com\/ciudad-quesada\/hotel-la-laguna\/\" aria-label=\"Leer m\u00e1s sobre Hotel la Laguna\">Leer m\u00e1s<\/a><\/p>\n","protected":false},"author":1,"featured_media":0,"parent":0,"menu_order":0,"comment_status":"closed","ping_status":"closed","template":"","meta":{"_mi_skip_tracking":false,"_glsr_average":0,"_glsr_ranking":0,"_glsr_reviews":0,"footnotes":""},"class_list":["post-1622","page","type-page","status-publish"],"yoast_head":"<!-- This site is optimized with the Yoast SEO plugin v26.6 - https:\/\/yoast.com\/wordpress\/plugins\/seo\/ -->\n<title>Hotel la Laguna - Cl\u00ednica Ribera Ciudad Quesada<\/title>\n<meta name=\"description\" content=\"SOMOS RIBERA CIUDAD QUESADA Hotel La Laguna Spa &amp; Golf Experiencia bienestar y salud El Hotel La Laguna Spa &amp; Golf y la Cl\u00ednica Ribera Ciudad\" \/>\n<meta name=\"robots\" content=\"index, follow, max-snippet:-1, max-image-preview:large, max-video-preview:-1\" \/>\n<link rel=\"canonical\" href=\"https:\/\/riberasalud.com\/ciudad-quesada\/hotel-la-laguna\/\" \/>\n<meta property=\"og:locale\" content=\"es_ES\" \/>\n<meta property=\"og:type\" content=\"article\" \/>\n<meta property=\"og:title\" content=\"Hotel la Laguna - Cl\u00ednica Ribera Ciudad Quesada\" \/>\n<meta property=\"og:description\" content=\"SOMOS RIBERA CIUDAD QUESADA Hotel La Laguna Spa &amp; Golf Experiencia bienestar y salud El Hotel La Laguna Spa &amp; Golf y la Cl\u00ednica Ribera Ciudad\" \/>\n<meta property=\"og:url\" content=\"https:\/\/riberasalud.com\/ciudad-quesada\/hotel-la-laguna\/\" \/>\n<meta property=\"og:site_name\" content=\"Cl\u00ednica Ribera Ciudad Quesada\" \/>\n<meta property=\"article:modified_time\" content=\"2024-01-17T11:52:42+00:00\" \/>\n<meta property=\"og:image\" content=\"https:\/\/riberasalud.com\/ciudad-quesada\/wp-content\/uploads\/2022\/10\/iconos-05.png\" \/>\n<meta name=\"twitter:card\" content=\"summary_large_image\" \/>\n<meta name=\"twitter:label1\" content=\"Tiempo de lectura\" \/>\n\t<meta name=\"twitter:data1\" content=\"3 minutos\" \/>\n<script type=\"application\/ld+json\" class=\"yoast-schema-graph\">{\"@context\":\"https:\/\/schema.org\",\"@graph\":[{\"@type\":\"WebPage\",\"@id\":\"https:\/\/riberasalud.com\/ciudad-quesada\/hotel-la-laguna\/\",\"url\":\"https:\/\/riberasalud.com\/ciudad-quesada\/hotel-la-laguna\/\",\"name\":\"Hotel la Laguna - Cl\u00ednica Ribera Ciudad Quesada\",\"isPartOf\":{\"@id\":\"https:\/\/riberasalud.com\/ciudad-quesada\/#website\"},\"primaryImageOfPage\":{\"@id\":\"https:\/\/riberasalud.com\/ciudad-quesada\/hotel-la-laguna\/#primaryimage\"},\"image\":{\"@id\":\"https:\/\/riberasalud.com\/ciudad-quesada\/hotel-la-laguna\/#primaryimage\"},\"thumbnailUrl\":\"https:\/\/riberasalud.com\/ciudad-quesada\/wp-content\/uploads\/2022\/10\/iconos-05.png\",\"datePublished\":\"2023-01-25T09:01:37+00:00\",\"dateModified\":\"2024-01-17T11:52:42+00:00\",\"description\":\"SOMOS RIBERA CIUDAD QUESADA Hotel La Laguna Spa &amp; Golf Experiencia bienestar y salud El Hotel La Laguna Spa &amp; Golf y la Cl\u00ednica Ribera Ciudad\",\"breadcrumb\":{\"@id\":\"https:\/\/riberasalud.com\/ciudad-quesada\/hotel-la-laguna\/#breadcrumb\"},\"inLanguage\":\"es\",\"potentialAction\":[{\"@type\":\"ReadAction\",\"target\":[\"https:\/\/riberasalud.com\/ciudad-quesada\/hotel-la-laguna\/\"]}]},{\"@type\":\"ImageObject\",\"inLanguage\":\"es\",\"@id\":\"https:\/\/riberasalud.com\/ciudad-quesada\/hotel-la-laguna\/#primaryimage\",\"url\":\"https:\/\/riberasalud.com\/ciudad-quesada\/wp-content\/uploads\/2022\/10\/iconos-05.png\",\"contentUrl\":\"https:\/\/riberasalud.com\/ciudad-quesada\/wp-content\/uploads\/2022\/10\/iconos-05.png\",\"width\":150,\"height\":150,\"caption\":\"iconos 05\"},{\"@type\":\"BreadcrumbList\",\"@id\":\"https:\/\/riberasalud.com\/ciudad-quesada\/hotel-la-laguna\/#breadcrumb\",\"itemListElement\":[{\"@type\":\"ListItem\",\"position\":1,\"name\":\"Portada\",\"item\":\"https:\/\/riberasalud.com\/ciudad-quesada\/\"},{\"@type\":\"ListItem\",\"position\":2,\"name\":\"Hotel la Laguna\"}]},{\"@type\":\"WebSite\",\"@id\":\"https:\/\/riberasalud.com\/ciudad-quesada\/#website\",\"url\":\"https:\/\/riberasalud.com\/ciudad-quesada\/\",\"name\":\"Cl\u00ednica Ribera Ciudad Quesada\",\"description\":\"\",\"publisher\":{\"@id\":\"https:\/\/riberasalud.com\/ciudad-quesada\/#organization\"},\"alternateName\":\"Cl\u00ednica Ribera Ciudad Quesada\",\"potentialAction\":[{\"@type\":\"SearchAction\",\"target\":{\"@type\":\"EntryPoint\",\"urlTemplate\":\"https:\/\/riberasalud.com\/ciudad-quesada\/?s={search_term_string}\"},\"query-input\":{\"@type\":\"PropertyValueSpecification\",\"valueRequired\":true,\"valueName\":\"search_term_string\"}}],\"inLanguage\":\"es\"},{\"@type\":\"Organization\",\"@id\":\"https:\/\/riberasalud.com\/ciudad-quesada\/#organization\",\"name\":\"RIbera Salud\",\"alternateName\":\"Ribera\",\"url\":\"https:\/\/riberasalud.com\/ciudad-quesada\/\",\"logo\":{\"@type\":\"ImageObject\",\"inLanguage\":\"es\",\"@id\":\"https:\/\/riberasalud.com\/ciudad-quesada\/#\/schema\/logo\/image\/\",\"url\":\"https:\/\/riberasalud.com\/ciudad-quesada\/wp-content\/uploads\/2022\/10\/cropped-logo_ciudad_quesada_Mesa-de-trabajo-1.png\",\"contentUrl\":\"https:\/\/riberasalud.com\/ciudad-quesada\/wp-content\/uploads\/2022\/10\/cropped-logo_ciudad_quesada_Mesa-de-trabajo-1.png\",\"width\":600,\"height\":123,\"caption\":\"RIbera Salud\"},\"image\":{\"@id\":\"https:\/\/riberasalud.com\/ciudad-quesada\/#\/schema\/logo\/image\/\"}}]}<\/script>\n<!-- \/ Yoast SEO plugin. -->","yoast_head_json":{"title":"Hotel la Laguna - Cl\u00ednica Ribera Ciudad Quesada","description":"SOMOS RIBERA CIUDAD QUESADA Hotel La Laguna Spa &amp; Golf Experiencia bienestar y salud El Hotel La Laguna Spa &amp; Golf y la Cl\u00ednica Ribera Ciudad","robots":{"index":"index","follow":"follow","max-snippet":"max-snippet:-1","max-image-preview":"max-image-preview:large","max-video-preview":"max-video-preview:-1"},"canonical":"https:\/\/riberasalud.com\/ciudad-quesada\/hotel-la-laguna\/","og_locale":"es_ES","og_type":"article","og_title":"Hotel la Laguna - Cl\u00ednica Ribera Ciudad Quesada","og_description":"SOMOS RIBERA CIUDAD QUESADA Hotel La Laguna Spa &amp; Golf Experiencia bienestar y salud El Hotel La Laguna Spa &amp; Golf y la Cl\u00ednica Ribera Ciudad","og_url":"https:\/\/riberasalud.com\/ciudad-quesada\/hotel-la-laguna\/","og_site_name":"Cl\u00ednica Ribera Ciudad Quesada","article_modified_time":"2024-01-17T11:52:42+00:00","og_image":[{"url":"https:\/\/riberasalud.com\/ciudad-quesada\/wp-content\/uploads\/2022\/10\/iconos-05.png","type":"","width":"","height":""}],"twitter_card":"summary_large_image","twitter_misc":{"Tiempo de lectura":"3 minutos"},"schema":{"@context":"https:\/\/schema.org","@graph":[{"@type":"WebPage","@id":"https:\/\/riberasalud.com\/ciudad-quesada\/hotel-la-laguna\/","url":"https:\/\/riberasalud.com\/ciudad-quesada\/hotel-la-laguna\/","name":"Hotel la Laguna - Cl\u00ednica Ribera Ciudad Quesada","isPartOf":{"@id":"https:\/\/riberasalud.com\/ciudad-quesada\/#website"},"primaryImageOfPage":{"@id":"https:\/\/riberasalud.com\/ciudad-quesada\/hotel-la-laguna\/#primaryimage"},"image":{"@id":"https:\/\/riberasalud.com\/ciudad-quesada\/hotel-la-laguna\/#primaryimage"},"thumbnailUrl":"https:\/\/riberasalud.com\/ciudad-quesada\/wp-content\/uploads\/2022\/10\/iconos-05.png","datePublished":"2023-01-25T09:01:37+00:00","dateModified":"2024-01-17T11:52:42+00:00","description":"SOMOS RIBERA CIUDAD QUESADA Hotel La Laguna Spa &amp; Golf Experiencia bienestar y salud El Hotel La Laguna Spa &amp; Golf y la Cl\u00ednica Ribera Ciudad","breadcrumb":{"@id":"https:\/\/riberasalud.com\/ciudad-quesada\/hotel-la-laguna\/#breadcrumb"},"inLanguage":"es","potentialAction":[{"@type":"ReadAction","target":["https:\/\/riberasalud.com\/ciudad-quesada\/hotel-la-laguna\/"]}]},{"@type":"ImageObject","inLanguage":"es","@id":"https:\/\/riberasalud.com\/ciudad-quesada\/hotel-la-laguna\/#primaryimage","url":"https:\/\/riberasalud.com\/ciudad-quesada\/wp-content\/uploads\/2022\/10\/iconos-05.png","contentUrl":"https:\/\/riberasalud.com\/ciudad-quesada\/wp-content\/uploads\/2022\/10\/iconos-05.png","width":150,"height":150,"caption":"iconos 05"},{"@type":"BreadcrumbList","@id":"https:\/\/riberasalud.com\/ciudad-quesada\/hotel-la-laguna\/#breadcrumb","itemListElement":[{"@type":"ListItem","position":1,"name":"Portada","item":"https:\/\/riberasalud.com\/ciudad-quesada\/"},{"@type":"ListItem","position":2,"name":"Hotel la Laguna"}]},{"@type":"WebSite","@id":"https:\/\/riberasalud.com\/ciudad-quesada\/#website","url":"https:\/\/riberasalud.com\/ciudad-quesada\/","name":"Cl\u00ednica Ribera Ciudad Quesada","description":"","publisher":{"@id":"https:\/\/riberasalud.com\/ciudad-quesada\/#organization"},"alternateName":"Cl\u00ednica Ribera Ciudad Quesada","potentialAction":[{"@type":"SearchAction","target":{"@type":"EntryPoint","urlTemplate":"https:\/\/riberasalud.com\/ciudad-quesada\/?s={search_term_string}"},"query-input":{"@type":"PropertyValueSpecification","valueRequired":true,"valueName":"search_term_string"}}],"inLanguage":"es"},{"@type":"Organization","@id":"https:\/\/riberasalud.com\/ciudad-quesada\/#organization","name":"RIbera Salud","alternateName":"Ribera","url":"https:\/\/riberasalud.com\/ciudad-quesada\/","logo":{"@type":"ImageObject","inLanguage":"es","@id":"https:\/\/riberasalud.com\/ciudad-quesada\/#\/schema\/logo\/image\/","url":"https:\/\/riberasalud.com\/ciudad-quesada\/wp-content\/uploads\/2022\/10\/cropped-logo_ciudad_quesada_Mesa-de-trabajo-1.png","contentUrl":"https:\/\/riberasalud.com\/ciudad-quesada\/wp-content\/uploads\/2022\/10\/cropped-logo_ciudad_quesada_Mesa-de-trabajo-1.png","width":600,"height":123,"caption":"RIbera Salud"},"image":{"@id":"https:\/\/riberasalud.com\/ciudad-quesada\/#\/schema\/logo\/image\/"}}]}},"_links":{"self":[{"href":"https:\/\/riberasalud.com\/ciudad-quesada\/wp-json\/wp\/v2\/pages\/1622","targetHints":{"allow":["GET"]}}],"collection":[{"href":"https:\/\/riberasalud.com\/ciudad-quesada\/wp-json\/wp\/v2\/pages"}],"about":[{"href":"https:\/\/riberasalud.com\/ciudad-quesada\/wp-json\/wp\/v2\/types\/page"}],"author":[{"embeddable":true,"href":"https:\/\/riberasalud.com\/ciudad-quesada\/wp-json\/wp\/v2\/users\/1"}],"replies":[{"embeddable":true,"href":"https:\/\/riberasalud.com\/ciudad-quesada\/wp-json\/wp\/v2\/comments?post=1622"}],"version-history":[{"count":25,"href":"https:\/\/riberasalud.com\/ciudad-quesada\/wp-json\/wp\/v2\/pages\/1622\/revisions"}],"predecessor-version":[{"id":3377,"href":"https:\/\/riberasalud.com\/ciudad-quesada\/wp-json\/wp\/v2\/pages\/1622\/revisions\/3377"}],"wp:attachment":[{"href":"https:\/\/riberasalud.com\/ciudad-quesada\/wp-json\/wp\/v2\/media?parent=1622"}],"curies":[{"name":"wp","href":"https:\/\/api.w.org\/{rel}","templated":true}]}}