{"id":954,"date":"2022-05-23T08:09:14","date_gmt":"2022-05-23T08:09:14","guid":{"rendered":"https:\/\/riberasalud.com\/cepovisa\/?page_id=954"},"modified":"2026-03-02T16:14:10","modified_gmt":"2026-03-02T16:14:10","slug":"movilidad","status":"publish","type":"page","link":"https:\/\/riberasalud.com\/cepovisa\/escuela-universitaria\/movilidad\/","title":{"rendered":"Movilidad"},"content":{"rendered":"\n<div class=\"wp-block-group bannersolotexto\"><div class=\"wp-block-group__inner-container is-layout-flow wp-block-group-is-layout-flow\">\n<h1 class=\"wp-block-heading\">Movilidad<\/h1>\n\n\n\n<p><strong>Normativa interna y criterios de selecci\u00f3n de estudiantes<\/strong><\/p>\n<\/div><\/div>\n\n\n\n<div class=\"wp-block-group\"><div class=\"wp-block-group__inner-container is-layout-flow wp-block-group-is-layout-flow\">\n<div class=\"bloqueacordeon\">\n<div class=\"accordion\" style=\"width:100%\"><span class=\"tituloaccordion\"> Oficina de relaciones internacionales (ORI). <\/span><span class=\"plus\">+<\/span><\/div>\n<div class=\"panel\" style=\"display:none\">\n  <p> Es la encargada de coordinar, centralizar y gestionar las actividades internacionales que se desenvuelven en la instituci\u00f3n, relacionadas con programas de intercambio de formaci\u00f3n de estudiantes. <\/p>\n<\/div>\n\n<div class=\"accordion\" style=\"width:100%\"><span class=\"tituloaccordion\">Proceso de solicitud\n<\/span><span class=\"plus\">+<\/span><\/div>\n<div class=\"panel\" style=\"display:none\">\n  <p> Con respecto a la convocatoria (documentaci\u00f3n, plazos, becas\u2026.) y dem\u00e1s temas administrativos los\/as solicitantes tendr\u00e1n como referente directamente a la ORI. Direcci\u00f3n: Edificio Miralles, As Lagoas Marcosende. Horario de atenci\u00f3n: 9-14 horas de lunes a viernes. Tel\u00e9fono de contacto: 986813550. Correo electr\u00f3nico: <a href=\"mailto:ori@uvigo.es\">ori@uvigo.es<\/a><\/p>\n<p> El proceso de solicitud se har\u00e1 a trav\u00e9s de la sede electr\u00f3nica de la U Vigo mediante la plataforma \u201cMoveON\u201d siguiendo en todo momento las directrices y plazos establecidos por la Oficina de Relaciones Internacionales.\nEl\/la estudiante debe contar obligatoriamente con una direcci\u00f3n de correo electr\u00f3nico de la Universidad de Vigo, as\u00ed como con firma digital y certificado digital al inicio del proceso. <\/p>\n<\/div>\n\n<div class=\"accordion\" style=\"width:100%\"><span class=\"tituloaccordion\">Requisitos\n<\/span><span class=\"plus\">+<\/span><\/div>\n<div class=\"panel\" style=\"display:none\">\n  <p>Con respecto a los requerimientos para participar en el programa debe ser consultada la resoluci\u00f3n de las Bases de la Convocatoria ERASMUS de la Universidad de Vigo. <\/p>\n<\/div>\n\n<div class=\"accordion\" style=\"width:100%\"><span class=\"tituloaccordion\">Requisitos acad\u00e9micos de la escuela de enfermer\u00eda Povisa\n<\/span><span class=\"plus\">+<\/span><\/div>\n<div class=\"panel\" style=\"display:none\">\n  <p>Los\/as estudiantes deber\u00e1n contar con todas las materias aprobadas de los tres primeros cursos y tener superados los 42 cr\u00e9ditos correspondientes a las pr\u00e1cticas cl\u00ednicas I, II, III en la fecha de la convocatoria de intercambio. Optar\u00e1n al programa de movilidad en el primer semestre de cuarto curso de carrera, en concreto para la realizaci\u00f3n de las Pr\u00e1cticas Cl\u00ednicas IV (18 cr\u00e9ditos ECTS). <\/p>\n<\/div>\n\n<div class=\"accordion\" style=\"width:100%\"><span class=\"tituloaccordion\">Criterios de selecci\u00f3n de estudiantes<\/span><span class=\"plus\">+<\/span><\/div>\n\n<div class=\"panel\" style=\"display:none\">\n  <p> La selecci\u00f3n de los\/as estudiantes de la Escuela de Enfermer\u00eda Povisa para el programa de movilidad Erasmus ser\u00e1 realizado por la responsable de Relaciones Internacionales de la Escuela D\u00f1a. Alicia Mui\u00f1os \u00c1lvarez.\nEn caso de contar con m\u00e1s solicitudes que plazas disponibles, cada plaza del programa ERASMUS se adjudicar\u00e1 a los\/las estudiantes que cuenten con mayor puntuaci\u00f3n teniendo en cuenta lo establecido en la presente normativa: \n&#8211; Mayor n\u00famero de cr\u00e9ditos superados por el\/la estudiante en el momento de la convocatoria del intercambio.\n&#8211; En el caso de empate, la nota media del expediente acad\u00e9mico en el momento de la convocatoria del intercambio.\n&#8211; Estar en posesi\u00f3n de un certificado de acreditaci\u00f3n de idiomas, preferentemente en el idioma de destino. <\/p>\n<\/div>\n\n<div class=\"accordion\" style=\"width:100%\"><span class=\"tituloaccordion\">Publicaci\u00f3n de la relaci\u00f3n provisional, alegaciones y lista definitiva de aspirantes<\/span><span class=\"plus\">+<\/span><\/div>\n\n<div class=\"panel\" style=\"display:none\">\n  <p> La relaci\u00f3n provisional de estudiantes seleccionados\/as, se enviar\u00e1 ala ORI para su publicaci\u00f3n y los\/as estudiantes seguir\u00e1n los procesos establecidos para la presentaci\u00f3n de alegaciones en caso necesario. Una vez finalizado este periodo, la ORI dictar\u00e1 una resoluci\u00f3n en la que adem\u00e1s, de ser el caso, se publicar\u00e1 una lista de plazas libres no cubiertas. Los\/as estudiantes exclu\u00eddos\/as podr\u00e1n optar  a alguna de estas plazas dirigiendo una instancia a la atenci\u00f3n del Director de la Escuela.  Se delega por tanto en la Direcci\u00f3n de la Escuela la resoluci\u00f3n de todas las incidencias que puedan surgir en el proceso de selecci\u00f3n de los\/as estudiantes para el programa ERASMUS. La relaci\u00f3n definitiva de estudiantes seleccionados\/as ser\u00e1 remitida a la ORI en los plazos establecidos en la convocatoria ordinaria. <\/p>\n<\/div>\n<div class=\"accordion\" style=\"width:100%\"><span class=\"tituloaccordion\">Contrato de estudios para intercambio<\/span><span class=\"plus\">+<\/span><\/div>\n\n<div class=\"panel\" style=\"display:none\">\n  <p> Una vez resuelta la concesi\u00f3n de plazas, la ORI publicar\u00e1 la resoluci\u00f3n rectoral correspondiente y enviar\u00e1 una copia a los\/as responsables de Relaciones Internacionales de los centros. Los\/as estudiantes seleccionados\/as deber\u00e1n proponer, con la colaboraci\u00f3n y aceptaci\u00f3n de la Responsable de Relaciones Internacionales de la Escuela, su contrato de estudios \u201cLearning agreement\u201d que deber\u00e1 incluir las materias que se cursar\u00e1n en la universidad de destino, y su validaci\u00f3n en la universidad de partida, Universidad de Vigo. La fecha l\u00edmite para su presentaci\u00f3n quedar\u00e1 reflejada en la convocatoria del programa correspondiente. Para el establecimiento del contrato, se buscar\u00e1 la m\u00e1xima afinidad entre materias y carga lectiva, estableciendo como base de medida los cr\u00e9ditos ECTS. La responsable de movilidad puede asesorar a los estudiantes para hacer la selecci\u00f3n de rotaciones m\u00e1s adecuada y viable. \nEn ning\u00fan caso los reconocimientos realizados en curso acad\u00e9micos anteriores sentar\u00e1n precedentes. \nEl\/la estudiante ser\u00e1 el\/la responsable de custodiar el original del contrato de estudios hasta que llegue a la universidad de destino. Posteriormente, durante el curso, podr\u00e1 solicitar por escrito a la Responsable de Relaciones Internacionales de la Escuela, modificaciones justificadas en el contrato de estudios que podr\u00e1n ser autorizadas.\n\n\n                                                               \nUna vez autorizados los cambios, se modificar\u00e1 en el contrato con el visto bueno de la responsable de movilidad, y el\/la estudiante imprimir\u00e1 y har\u00e1 firmar el contrato de estudios inicial y modificado a los responsables de la Universidad de destino y deber\u00e1 enviarlo por correo nuevamente a la responsable de las Relaciones Internacionales de la Escuela. Los plazos para la realizaci\u00f3n de cambios se indicar\u00e1n en cada convocatoria anual. <\/p>\n<\/div>\n\n<div class=\"accordion\" style=\"width:100%\"><span class=\"tituloaccordion\">Reconocimiento de las materias curdadas durante el intercambio<\/span><span class=\"plus\">+<\/span><\/div>\n\n<div class=\"panel\" style=\"display:none\">\n  <p> El reconocimiento acad\u00e9mico solo afectar\u00e1 a las materias en las que el \/la estudiante se encuentre matriculado\/a en la Universidad de Vigo durante el curso acad\u00e9mico en el que realice el intercambio y que aparezcan reflejadas en su contrato de estudios original, y modificado de ser el caso. Dicho reconocimiento s\u00f3lo ser\u00e1 efectivo cuando el\/la estudiante est\u00e9 de regreso en la Universidad de Vigo. Los certificados con las calificaciones de las materias cursadas en la universidad de destino \u201cTranscript of Records\u201d ser\u00e1n remitidas directamente a la responsable de Relaciones Internacionales de la Escuela. <\/p>\n<\/div>\n\n<div class=\"accordion\" style=\"width:100%\"><span class=\"tituloaccordion\">Aplicaci\u00f3n<\/span><span class=\"plus\">+<\/span><\/div>\n\n<div class=\"panel\" style=\"display:none\">\n  <p>  La presente normativa entrar\u00e1 en vigor desde su aprobaci\u00f3n. Y a partir de la convocatoria de plazas de intercambio para el curso acad\u00e9mico 2022-2023. <\/p>\n<\/div>\n\n\n<script>\nvar acc = document.getElementsByClassName(\"accordion\");\nvar i;\n\nfor (i = 0; i < acc.length; i++) {\n  acc[i].addEventListener(\"click\", function() {\n    var panel = this.nextElementSibling;\n    if (panel.style.display === \"block\") {document.getElementsByClassName('active')[0].getElementsByClassName('plus')[0].innerHTML=\"+\" ;}\n    this.classList.toggle(\"active\");\n\n    if (panel.style.display === \"block\") {\n      panel.style.display = \"none\";\n\n    } else {\n      panel.style.display = \"block\";\ndocument.getElementsByClassName('active')[0].getElementsByClassName('plus')[0].innerHTML=\"-\" ;\n    }\n  });\n}\n<\/script>\n\n\n\n<div style=\"height:30px\" aria-hidden=\"true\" class=\"wp-block-spacer\"><\/div>\n\n\n\n<h2 class=\"wp-block-heading\">Enlaces de inter\u00e9s<\/h2>\n\n\n\n<div class=\"wp-block-columns is-layout-flex wp-container-core-columns-is-layout-9d6595d7 wp-block-columns-is-layout-flex\">\n<div class=\"wp-block-column is-layout-flow wp-block-column-is-layout-flow\">\n<p>Oficina de relaciones internacionales <\/p>\n\n\n\n<p><a href=\"https:\/\/www.uvigo.gal\/es\/universidad\/administracion-personal\/organizacion-administrativa\/oficina-relaciones-internacionales\">Ver enlace \u279d<\/a><\/p>\n<\/div>\n\n\n\n<div class=\"wp-block-column is-layout-flow wp-block-column-is-layout-flow\">\n<p>Programas de movilidad<\/p>\n\n\n\n<p><a href=\"https:\/\/www.uvigo.gal\/es\/universidad\/administracion-personal\/organizacion-administrativa\/oficina-relaciones-internacionales\">Universidad de Vigo \u279d<\/a><\/p>\n\n\n\n<p><a href=\"https:\/\/www.uvigo.gal\/es\/universidad\/administracion-personal\/organizacion-administrativa\/oficina-relaciones-internacionales\">Programas de movilidad \u279d<\/a><\/p>\n\n\n\n<p><a href=\"https:\/\/www.uvigo.gal\/es\/universidad\/administracion-personal\/organizacion-administrativa\/oficina-relaciones-internacionales\">Estudiantes salientes \u279d<\/a><\/p>\n<\/div>\n\n\n\n<div class=\"wp-block-column is-layout-flow wp-block-column-is-layout-flow\">\n<p>Bases de las convocatorias de becas erasmus<\/p>\n\n\n\n<p><a href=\"https:\/\/www.uvigo.gal\/es\/universidad\/administracion-personal\/organizacion-administrativa\/oficina-relaciones-internacionales\">Becas erasmus \u279d <\/a><\/p>\n\n\n\n<p><a href=\"https:\/\/riberasalud.com\/cepovisa\/wp-content\/uploads\/2023\/05\/RoadMap-Erasmus-ORI.pdf\">Road Map erasmus \u279d <\/a><\/p>\n\n\n\n<p><a href=\"https:\/\/riberasalud.com\/cepovisa\/wp-content\/uploads\/2026\/03\/MODELO-RR-DEFINITIVO_EUE-POVISA-26-27.pdf\" target=\"_blank\" rel=\"noreferrer noopener\">Listado definitivo candidatos Erasmus 26-27 \u279d <\/a><\/p>\n\n\n\n<p><a href=\"https:\/\/www.riberasalud.com\/cepovisa\/wp-content\/uploads\/2025\/03\/RESOLUCION-DEFINITVA_ERASMUS-_OUTGOING-25-26.pdf\" target=\"_blank\" rel=\"noreferrer noopener\">Resoluci\u00f3n Erasmus \u279d<\/a><\/p>\n<\/div>\n\n\n\n<div class=\"wp-block-column is-layout-flow wp-block-column-is-layout-flow\">\n<p>Gu\u00eda de estudiantes<\/p>\n\n\n\n<p><a href=\"https:\/\/www.uvigo.gal\/sites\/uvigo.gal\/files\/docs\/estudar\/mobilidade\/21-22_guia_ORI.pdf\">Ver gu\u00eda \u279d<\/a><\/p>\n<\/div>\n<\/div>\n\n\n\n<h2 class=\"wp-block-heading has-text-align-left\">Contacto<\/h2>\n\n\n\n<div class=\"wp-block-columns columnanomarginmobile is-layout-flex wp-container-core-columns-is-layout-9d6595d7 wp-block-columns-is-layout-flex\">\n<div class=\"wp-block-column is-vertically-aligned-top is-layout-flow wp-block-column-is-layout-flow\">\n<p><strong>Responsable de relaciones internacionales Escuela Universitaria de Enfermer\u00eda Ribera Povisa:&nbsp;<\/strong><\/p>\n\n\n\n<p>D\u00f1a. ALICIA MUI\u00d1OS \u00c1LVAREZ. <br>Direcci\u00f3n de correo electr\u00f3nico: <a href=\"mailto:profesorespracticas@cepovisa.com\">profesorespracticas@cepovisa.com<\/a> <br>Tel\u00e9fono de contacto: <a href=\"callto:986471755\">986471755<\/a><\/p>\n\n\n\n<p><\/p>\n<\/div>\n\n\n\n<div class=\"wp-block-column is-layout-flow wp-block-column-is-layout-flow\">\n<figure class=\"wp-block-image size-full fotoredonda fotopeque\"><img loading=\"lazy\" decoding=\"async\" width=\"670\" height=\"370\" src=\"https:\/\/riberasalud.com\/cepovisa\/wp-content\/uploads\/2022\/05\/female-psychologist-consulting-patient-at-the-desk-in-hospital.jpg\" alt=\"\" class=\"wp-image-325\" srcset=\"https:\/\/riberasalud.com\/cepovisa\/wp-content\/uploads\/2022\/05\/female-psychologist-consulting-patient-at-the-desk-in-hospital.jpg 670w, https:\/\/riberasalud.com\/cepovisa\/wp-content\/uploads\/2022\/05\/female-psychologist-consulting-patient-at-the-desk-in-hospital-300x166.jpg 300w\" sizes=\"auto, (max-width: 670px) 100vw, 670px\" \/><\/figure>\n<\/div>\n<\/div>\n<\/div><\/div>\n","protected":false},"excerpt":{"rendered":"<p>Movilidad Normativa interna y criterios de selecci\u00f3n de estudiantes Oficina de relaciones internacionales (ORI). + Es la encargada de coordinar, centralizar y gestionar las actividades internacionales que se desenvuelven en la instituci\u00f3n, relacionadas con programas de intercambio de formaci\u00f3n de estudiantes. Proceso de solicitud + Con respecto a la convocatoria (documentaci\u00f3n, plazos, becas\u2026.) y dem\u00e1s &#8230; <a title=\"Movilidad\" class=\"read-more\" href=\"https:\/\/riberasalud.com\/cepovisa\/escuela-universitaria\/movilidad\/\" aria-label=\"Leer m\u00e1s sobre Movilidad\">Leer m\u00e1s<\/a><\/p>\n","protected":false},"author":2,"featured_media":0,"parent":665,"menu_order":0,"comment_status":"closed","ping_status":"closed","template":"","meta":{"_mi_skip_tracking":false,"footnotes":""},"class_list":["post-954","page","type-page","status-publish"],"yoast_head":"<!-- This site is optimized with the Yoast SEO plugin v26.6 - https:\/\/yoast.com\/wordpress\/plugins\/seo\/ -->\n<title>Movilidad - Cepovisa<\/title>\n<meta name=\"description\" content=\"Movilidad Normativa interna y criterios de selecci\u00f3n de estudiantes Oficina de relaciones internacionales (ORI). + Es la encargada de coordinar,\" \/>\n<meta name=\"robots\" content=\"index, follow, max-snippet:-1, max-image-preview:large, max-video-preview:-1\" \/>\n<link rel=\"canonical\" href=\"https:\/\/riberasalud.com\/cepovisa\/escuela-universitaria\/movilidad\/\" \/>\n<meta property=\"og:locale\" content=\"es_ES\" \/>\n<meta property=\"og:type\" content=\"article\" \/>\n<meta property=\"og:title\" content=\"Movilidad - Cepovisa\" \/>\n<meta property=\"og:description\" content=\"Movilidad Normativa interna y criterios de selecci\u00f3n de estudiantes Oficina de relaciones internacionales (ORI). + Es la encargada de coordinar,\" \/>\n<meta property=\"og:url\" content=\"https:\/\/riberasalud.com\/cepovisa\/escuela-universitaria\/movilidad\/\" \/>\n<meta property=\"og:site_name\" content=\"Cepovisa\" \/>\n<meta property=\"article:modified_time\" content=\"2026-03-02T16:14:10+00:00\" \/>\n<meta property=\"og:image\" content=\"https:\/\/riberasalud.com\/cepovisa\/wp-content\/uploads\/2022\/05\/female-psychologist-consulting-patient-at-the-desk-in-hospital.jpg\" \/>\n\t<meta property=\"og:image:width\" content=\"670\" \/>\n\t<meta property=\"og:image:height\" content=\"370\" \/>\n\t<meta property=\"og:image:type\" content=\"image\/jpeg\" \/>\n<meta name=\"twitter:card\" content=\"summary_large_image\" \/>\n<meta name=\"twitter:label1\" content=\"Tiempo de lectura\" \/>\n\t<meta name=\"twitter:data1\" content=\"5 minutos\" \/>\n<script type=\"application\/ld+json\" class=\"yoast-schema-graph\">{\"@context\":\"https:\/\/schema.org\",\"@graph\":[{\"@type\":\"WebPage\",\"@id\":\"https:\/\/riberasalud.com\/cepovisa\/escuela-universitaria\/movilidad\/\",\"url\":\"https:\/\/riberasalud.com\/cepovisa\/escuela-universitaria\/movilidad\/\",\"name\":\"Movilidad - Cepovisa\",\"isPartOf\":{\"@id\":\"https:\/\/riberasalud.com\/cepovisa\/#website\"},\"primaryImageOfPage\":{\"@id\":\"https:\/\/riberasalud.com\/cepovisa\/escuela-universitaria\/movilidad\/#primaryimage\"},\"image\":{\"@id\":\"https:\/\/riberasalud.com\/cepovisa\/escuela-universitaria\/movilidad\/#primaryimage\"},\"thumbnailUrl\":\"https:\/\/riberasalud.com\/cepovisa\/wp-content\/uploads\/2022\/05\/female-psychologist-consulting-patient-at-the-desk-in-hospital.jpg\",\"datePublished\":\"2022-05-23T08:09:14+00:00\",\"dateModified\":\"2026-03-02T16:14:10+00:00\",\"description\":\"Movilidad Normativa interna y criterios de selecci\u00f3n de estudiantes Oficina de relaciones internacionales (ORI). + Es la encargada de coordinar,\",\"breadcrumb\":{\"@id\":\"https:\/\/riberasalud.com\/cepovisa\/escuela-universitaria\/movilidad\/#breadcrumb\"},\"inLanguage\":\"es\",\"potentialAction\":[{\"@type\":\"ReadAction\",\"target\":[\"https:\/\/riberasalud.com\/cepovisa\/escuela-universitaria\/movilidad\/\"]}]},{\"@type\":\"ImageObject\",\"inLanguage\":\"es\",\"@id\":\"https:\/\/riberasalud.com\/cepovisa\/escuela-universitaria\/movilidad\/#primaryimage\",\"url\":\"https:\/\/riberasalud.com\/cepovisa\/wp-content\/uploads\/2022\/05\/female-psychologist-consulting-patient-at-the-desk-in-hospital.jpg\",\"contentUrl\":\"https:\/\/riberasalud.com\/cepovisa\/wp-content\/uploads\/2022\/05\/female-psychologist-consulting-patient-at-the-desk-in-hospital.jpg\",\"width\":670,\"height\":370},{\"@type\":\"BreadcrumbList\",\"@id\":\"https:\/\/riberasalud.com\/cepovisa\/escuela-universitaria\/movilidad\/#breadcrumb\",\"itemListElement\":[{\"@type\":\"ListItem\",\"position\":1,\"name\":\"Portada\",\"item\":\"https:\/\/riberasalud.com\/cepovisa\/\"},{\"@type\":\"ListItem\",\"position\":2,\"name\":\"Escuela Universitaria de enfermer\u00eda\",\"item\":\"https:\/\/riberasalud.com\/cepovisa\/escuela-universitaria\/\"},{\"@type\":\"ListItem\",\"position\":3,\"name\":\"Movilidad\"}]},{\"@type\":\"WebSite\",\"@id\":\"https:\/\/riberasalud.com\/cepovisa\/#website\",\"url\":\"https:\/\/riberasalud.com\/cepovisa\/\",\"name\":\"Cepovisa\",\"description\":\"\",\"publisher\":{\"@id\":\"https:\/\/riberasalud.com\/cepovisa\/#organization\"},\"potentialAction\":[{\"@type\":\"SearchAction\",\"target\":{\"@type\":\"EntryPoint\",\"urlTemplate\":\"https:\/\/riberasalud.com\/cepovisa\/?s={search_term_string}\"},\"query-input\":{\"@type\":\"PropertyValueSpecification\",\"valueRequired\":true,\"valueName\":\"search_term_string\"}}],\"inLanguage\":\"es\"},{\"@type\":\"Organization\",\"@id\":\"https:\/\/riberasalud.com\/cepovisa\/#organization\",\"name\":\"Cepovisa\",\"url\":\"https:\/\/riberasalud.com\/cepovisa\/\",\"logo\":{\"@type\":\"ImageObject\",\"inLanguage\":\"es\",\"@id\":\"https:\/\/riberasalud.com\/cepovisa\/#\/schema\/logo\/image\/\",\"url\":\"https:\/\/riberasalud.com\/cepovisa\/wp-content\/uploads\/2024\/08\/cropped-FORMACIONPROFESIONAL-cepivsa-logo.png\",\"contentUrl\":\"https:\/\/riberasalud.com\/cepovisa\/wp-content\/uploads\/2024\/08\/cropped-FORMACIONPROFESIONAL-cepivsa-logo.png\",\"width\":847,\"height\":94,\"caption\":\"Cepovisa\"},\"image\":{\"@id\":\"https:\/\/riberasalud.com\/cepovisa\/#\/schema\/logo\/image\/\"}}]}<\/script>\n<!-- \/ Yoast SEO plugin. -->","yoast_head_json":{"title":"Movilidad - Cepovisa","description":"Movilidad Normativa interna y criterios de selecci\u00f3n de estudiantes Oficina de relaciones internacionales (ORI). + Es la encargada de coordinar,","robots":{"index":"index","follow":"follow","max-snippet":"max-snippet:-1","max-image-preview":"max-image-preview:large","max-video-preview":"max-video-preview:-1"},"canonical":"https:\/\/riberasalud.com\/cepovisa\/escuela-universitaria\/movilidad\/","og_locale":"es_ES","og_type":"article","og_title":"Movilidad - Cepovisa","og_description":"Movilidad Normativa interna y criterios de selecci\u00f3n de estudiantes Oficina de relaciones internacionales (ORI). + Es la encargada de coordinar,","og_url":"https:\/\/riberasalud.com\/cepovisa\/escuela-universitaria\/movilidad\/","og_site_name":"Cepovisa","article_modified_time":"2026-03-02T16:14:10+00:00","og_image":[{"width":670,"height":370,"url":"https:\/\/riberasalud.com\/cepovisa\/wp-content\/uploads\/2022\/05\/female-psychologist-consulting-patient-at-the-desk-in-hospital.jpg","type":"image\/jpeg"}],"twitter_card":"summary_large_image","twitter_misc":{"Tiempo de lectura":"5 minutos"},"schema":{"@context":"https:\/\/schema.org","@graph":[{"@type":"WebPage","@id":"https:\/\/riberasalud.com\/cepovisa\/escuela-universitaria\/movilidad\/","url":"https:\/\/riberasalud.com\/cepovisa\/escuela-universitaria\/movilidad\/","name":"Movilidad - Cepovisa","isPartOf":{"@id":"https:\/\/riberasalud.com\/cepovisa\/#website"},"primaryImageOfPage":{"@id":"https:\/\/riberasalud.com\/cepovisa\/escuela-universitaria\/movilidad\/#primaryimage"},"image":{"@id":"https:\/\/riberasalud.com\/cepovisa\/escuela-universitaria\/movilidad\/#primaryimage"},"thumbnailUrl":"https:\/\/riberasalud.com\/cepovisa\/wp-content\/uploads\/2022\/05\/female-psychologist-consulting-patient-at-the-desk-in-hospital.jpg","datePublished":"2022-05-23T08:09:14+00:00","dateModified":"2026-03-02T16:14:10+00:00","description":"Movilidad Normativa interna y criterios de selecci\u00f3n de estudiantes Oficina de relaciones internacionales (ORI). + Es la encargada de coordinar,","breadcrumb":{"@id":"https:\/\/riberasalud.com\/cepovisa\/escuela-universitaria\/movilidad\/#breadcrumb"},"inLanguage":"es","potentialAction":[{"@type":"ReadAction","target":["https:\/\/riberasalud.com\/cepovisa\/escuela-universitaria\/movilidad\/"]}]},{"@type":"ImageObject","inLanguage":"es","@id":"https:\/\/riberasalud.com\/cepovisa\/escuela-universitaria\/movilidad\/#primaryimage","url":"https:\/\/riberasalud.com\/cepovisa\/wp-content\/uploads\/2022\/05\/female-psychologist-consulting-patient-at-the-desk-in-hospital.jpg","contentUrl":"https:\/\/riberasalud.com\/cepovisa\/wp-content\/uploads\/2022\/05\/female-psychologist-consulting-patient-at-the-desk-in-hospital.jpg","width":670,"height":370},{"@type":"BreadcrumbList","@id":"https:\/\/riberasalud.com\/cepovisa\/escuela-universitaria\/movilidad\/#breadcrumb","itemListElement":[{"@type":"ListItem","position":1,"name":"Portada","item":"https:\/\/riberasalud.com\/cepovisa\/"},{"@type":"ListItem","position":2,"name":"Escuela Universitaria de enfermer\u00eda","item":"https:\/\/riberasalud.com\/cepovisa\/escuela-universitaria\/"},{"@type":"ListItem","position":3,"name":"Movilidad"}]},{"@type":"WebSite","@id":"https:\/\/riberasalud.com\/cepovisa\/#website","url":"https:\/\/riberasalud.com\/cepovisa\/","name":"Cepovisa","description":"","publisher":{"@id":"https:\/\/riberasalud.com\/cepovisa\/#organization"},"potentialAction":[{"@type":"SearchAction","target":{"@type":"EntryPoint","urlTemplate":"https:\/\/riberasalud.com\/cepovisa\/?s={search_term_string}"},"query-input":{"@type":"PropertyValueSpecification","valueRequired":true,"valueName":"search_term_string"}}],"inLanguage":"es"},{"@type":"Organization","@id":"https:\/\/riberasalud.com\/cepovisa\/#organization","name":"Cepovisa","url":"https:\/\/riberasalud.com\/cepovisa\/","logo":{"@type":"ImageObject","inLanguage":"es","@id":"https:\/\/riberasalud.com\/cepovisa\/#\/schema\/logo\/image\/","url":"https:\/\/riberasalud.com\/cepovisa\/wp-content\/uploads\/2024\/08\/cropped-FORMACIONPROFESIONAL-cepivsa-logo.png","contentUrl":"https:\/\/riberasalud.com\/cepovisa\/wp-content\/uploads\/2024\/08\/cropped-FORMACIONPROFESIONAL-cepivsa-logo.png","width":847,"height":94,"caption":"Cepovisa"},"image":{"@id":"https:\/\/riberasalud.com\/cepovisa\/#\/schema\/logo\/image\/"}}]}},"_links":{"self":[{"href":"https:\/\/riberasalud.com\/cepovisa\/wp-json\/wp\/v2\/pages\/954","targetHints":{"allow":["GET"]}}],"collection":[{"href":"https:\/\/riberasalud.com\/cepovisa\/wp-json\/wp\/v2\/pages"}],"about":[{"href":"https:\/\/riberasalud.com\/cepovisa\/wp-json\/wp\/v2\/types\/page"}],"author":[{"embeddable":true,"href":"https:\/\/riberasalud.com\/cepovisa\/wp-json\/wp\/v2\/users\/2"}],"replies":[{"embeddable":true,"href":"https:\/\/riberasalud.com\/cepovisa\/wp-json\/wp\/v2\/comments?post=954"}],"version-history":[{"count":17,"href":"https:\/\/riberasalud.com\/cepovisa\/wp-json\/wp\/v2\/pages\/954\/revisions"}],"predecessor-version":[{"id":10327,"href":"https:\/\/riberasalud.com\/cepovisa\/wp-json\/wp\/v2\/pages\/954\/revisions\/10327"}],"up":[{"embeddable":true,"href":"https:\/\/riberasalud.com\/cepovisa\/wp-json\/wp\/v2\/pages\/665"}],"wp:attachment":[{"href":"https:\/\/riberasalud.com\/cepovisa\/wp-json\/wp\/v2\/media?parent=954"}],"curies":[{"name":"wp","href":"https:\/\/api.w.org\/{rel}","templated":true}]}}