{"id":736,"date":"2022-05-16T07:06:21","date_gmt":"2022-05-16T07:06:21","guid":{"rendered":"https:\/\/riberasalud.com\/cepovisa\/?page_id=736"},"modified":"2025-09-03T08:38:17","modified_gmt":"2025-09-03T08:38:17","slug":"cuidados-auxiliares-enfermeria","status":"publish","type":"page","link":"https:\/\/riberasalud.com\/cepovisa\/formacion-profesional\/grado-medio\/cuidados-auxiliares-enfermeria\/","title":{"rendered":"T\u00e9cnico Auxiliar en Cuidados de Enfermer\u00eda"},"content":{"rendered":"\n<div class=\"wp-block-group bannersolotexto\"><div class=\"wp-block-group__inner-container is-layout-flow wp-block-group-is-layout-flow\">\n<h1 class=\"wp-block-heading\">T\u00e9cnico Auxiliar en Cuidados de Enfermer\u00eda<\/h1>\n<\/div><\/div>\n\n\n\n<div class=\"wp-block-group\"><div class=\"wp-block-group__inner-container is-layout-flow wp-block-group-is-layout-flow\">\n<div class=\"wp-block-columns is-layout-flex wp-container-core-columns-is-layout-9d6595d7 wp-block-columns-is-layout-flex\">\n<div class=\"wp-block-column is-layout-flow wp-block-column-is-layout-flow\" style=\"flex-basis:66.66%\">\n<h2 class=\"wp-block-heading\"><strong><strong>PROCESO MATRICULACI\u00d3N<\/strong><\/strong><\/h2>\n\n\n\n<ul class=\"wp-block-list\">\n<li><strong>PREINSCRIPCI\u00d3N<\/strong><strong>: <\/strong><strong>hasta el 13 de JUNIO<\/strong><\/li>\n\n\n\n<li><strong>LISTADO DE ADMITIDOS: 16 de JUNIO<\/strong><\/li>\n\n\n\n<li><strong>MATR\u00cdCULA<\/strong><strong>: <\/strong><strong>17 de JUNIO al 27 de JUNIO<\/strong><\/li>\n<\/ul>\n\n\n\n<p class=\"has-small-font-size\">El alumnado no admitido quedar\u00e1 en lista de espera para cubrir vacantes que surjan por bajas en la matr\u00edcula.<\/p>\n\n\n\n<p><strong>Documentaci\u00f3n que se debe entregar en la secretaria del centro para la preinscripci\u00f3n<\/strong><\/p>\n\n\n\n<ul class=\"wp-block-list\">\n<li>Solicitud cubierta de forma clara ycon letra may\u00fascula.<\/li>\n\n\n\n<li>Fotocopia DNI.<\/li>\n\n\n\n<li>Certificaci\u00f3n acad\u00e9mica oficial en la que conste el expediente acad\u00e9mico y fecha de dep\u00f3sito del t\u00edtulo:\n<ul class=\"wp-block-list\">\n<li>PARA CM:&nbsp; 4\u00ba ESO, Ciclo formativo de GM o GS, 2\u00ba BUP, FP1\u2026<\/li>\n\n\n\n<li>PARA CS: Bachillerato LOE\/LOGSE, Ciclo formativo de GM o GS. T\u00edtulo universitario, COU, FP2\u2026<\/li>\n<\/ul>\n<\/li>\n<\/ul>\n\n\n\n<figure class=\"wp-block-table tablanormal\"><table class=\"has-fixed-layout\"><tbody><tr><td colspan=\"2\">Distribuci\u00f3n de las plazas<\/td><\/tr><tr><td>Ciclo Medio<\/td><td>Ciclos Superiores<\/td><\/tr><tr><td>10% personal del grupo Ribera 90% acceso libre<\/td><td>10% personal del grupo Ribera 15% alumnado procedente de ciclos cursados en el grupo Ribera 75% acceso libre<\/td><\/tr><tr><td colspan=\"2\">En caso de que haya m\u00e1s solicitudes que plazas ofertadas para cada cupo, la adjudicaci\u00f3n se har\u00e1 por nota media de la titulaci\u00f3n de acceso. Cuando en un cupo no se adjudiquen todas las plazas, las restantes ser\u00e1n adjudicadas por el turno libre. En el caso que se acceda a un ciclo superior con un t\u00edtulo de grado medio, tendr\u00e1n preferencia aquellos alumnos que posean un t\u00edtulo de rama sanitaria frente a los que posean un t\u00edtulo de cualquier otra familia profesional.<\/td><\/tr><\/tbody><\/table><\/figure>\n\n\n\n<h2 class=\"wp-block-heading\"><strong>PERFIL PROFESIONAL DEL T\u00cdTULO<\/strong><\/h2>\n\n\n\n<p>Proporcionar cuidados auxiliares al paciente\/cliente y actuar sobre las condiciones sanitarias de su entorno, como miembro de un equipo de enfermer\u00eda en los centros sanitarios de atenci\u00f3n especializada, atenci\u00f3n primaria, centros geri\u00e1tricos, de salud buco-dental, atenci\u00f3n a domicilio, etc.<\/p>\n<\/div>\n<\/div>\n\n\n\n<p>Horario de ma\u00f1ana (grupo de ma\u00f1ana), <\/p>\n\n\n\n<p>Horario de tarde (grupo de tarde),&nbsp;en funci\u00f3n de la matriculaci\u00f3n.<\/p>\n\n\n\n<p><strong>DURACION de 1.400 horas:&nbsp;960h. de formaci\u00f3n te\u00f3rico-pr\u00e1ctica + 440h. de Formaci\u00f3n en Centros de Trabajo (FCT), repartidas de la siguiente manera:<\/strong><\/p>\n\n\n\n<div class=\"wp-block-columns is-layout-flex wp-container-core-columns-is-layout-9d6595d7 wp-block-columns-is-layout-flex\">\n<div class=\"wp-block-column is-layout-flow wp-block-column-is-layout-flow\">\n<figure class=\"wp-block-image size-full\"><img loading=\"lazy\" decoding=\"async\" width=\"675\" height=\"510\" src=\"https:\/\/riberasalud.com\/cepovisa\/wp-content\/uploads\/2022\/05\/fp_auxiliares_enf2.jpg\" alt=\"t\u00e9cnico en cuidados auxiliares de enfermer\u00eda\" class=\"wp-image-742\" srcset=\"https:\/\/riberasalud.com\/cepovisa\/wp-content\/uploads\/2022\/05\/fp_auxiliares_enf2.jpg 675w, https:\/\/riberasalud.com\/cepovisa\/wp-content\/uploads\/2022\/05\/fp_auxiliares_enf2-300x227.jpg 300w\" sizes=\"auto, (max-width: 675px) 100vw, 675px\" \/><\/figure>\n<\/div>\n\n\n\n<div class=\"wp-block-column is-layout-flow wp-block-column-is-layout-flow\" style=\"flex-basis:60%\">\n<p>1\u00ba CURSO &#8211; Operaciones Administrativas y Documentaci\u00f3n Sanitaria&nbsp;(55 h.)<\/p>\n\n\n\n<p>1\u00ba CURSO &#8211; T\u00e9cnicas B\u00e1sicas de Enfermer\u00eda (320 h.)<\/p>\n\n\n\n<p>1\u00ba CURSO &#8211; Higiene del Medio Hospitalario y Limpieza del Material (160 h.)<\/p>\n\n\n\n<p>1\u00ba CURSO &#8211; Promoci\u00f3n de la Salud y Apoyo Psicol\u00f3gico al paciente (130 h.)<\/p>\n\n\n\n<p>1\u00ba CURSO &#8211; T\u00e9cnicas de Ayuda Odontol\u00f3gica y Estomatol\u00f3gica (130 h.)<\/p>\n\n\n\n<p>1\u00ba CURSO &#8211; Relaciones en el Equipo de Trabajo (55 h.)<\/p>\n\n\n\n<p>1\u00ba CURSO &#8211; Formaci\u00f3n y Orientaci\u00f3n Laboral (55 h.)<\/p>\n\n\n\n<p>1\u00ba CURSO &#8211; Lengua Extranjera Profesional I<\/p>\n\n\n\n<p>1\u00ba CURSO &#8211; Horas a disposici\u00f3n del centro (55 h.)<\/p>\n\n\n\n<p>2\u00ba CURSO &#8211; Formaci\u00f3n en Centros de Trabajo (440 h.)<\/p>\n<\/div>\n<\/div>\n\n\n\n<p><a href=\"https:\/\/www.xunta.gal\/dog\/Publicados\/1999\/19990322\/Anuncio5392_es.html\">Diario Oficial de Galicia<\/a><\/p>\n<\/div><\/div>\n\n\n\n<p><\/p>\n","protected":false},"excerpt":{"rendered":"<p>T\u00e9cnico Auxiliar en Cuidados de Enfermer\u00eda PROCESO MATRICULACI\u00d3N El alumnado no admitido quedar\u00e1 en lista de espera para cubrir vacantes que surjan por bajas en la matr\u00edcula. Documentaci\u00f3n que se debe entregar en la secretaria del centro para la preinscripci\u00f3n Distribuci\u00f3n de las plazas Ciclo Medio Ciclos Superiores 10% personal del grupo Ribera 90% acceso &#8230; <a title=\"T\u00e9cnico Auxiliar en Cuidados de Enfermer\u00eda\" class=\"read-more\" href=\"https:\/\/riberasalud.com\/cepovisa\/formacion-profesional\/grado-medio\/cuidados-auxiliares-enfermeria\/\" aria-label=\"Leer m\u00e1s sobre T\u00e9cnico Auxiliar en Cuidados de Enfermer\u00eda\">Leer m\u00e1s<\/a><\/p>\n","protected":false},"author":1,"featured_media":0,"parent":721,"menu_order":0,"comment_status":"closed","ping_status":"closed","template":"","meta":{"_mi_skip_tracking":false,"footnotes":""},"class_list":["post-736","page","type-page","status-publish"],"yoast_head":"<!-- This site is optimized with the Yoast SEO plugin v26.6 - https:\/\/yoast.com\/wordpress\/plugins\/seo\/ -->\n<title>T\u00e9cnico en cuidados auxiliares de enfermer\u00eda- Cepovisa<\/title>\n<meta name=\"description\" content=\"Aprende en Cepovisa operaciones administrativas y documentaci\u00f3n sanitaria, t\u00e9cnicas b\u00e1sicas de enfermer\u00eda higiene del medio hospitalario.\" \/>\n<meta name=\"robots\" content=\"index, follow, max-snippet:-1, max-image-preview:large, max-video-preview:-1\" \/>\n<link rel=\"canonical\" href=\"https:\/\/riberasalud.com\/cepovisa\/formacion-profesional\/grado-medio\/cuidados-auxiliares-enfermeria\/\" \/>\n<meta property=\"og:locale\" content=\"es_ES\" \/>\n<meta property=\"og:type\" content=\"article\" \/>\n<meta property=\"og:title\" content=\"T\u00e9cnico en cuidados auxiliares de enfermer\u00eda- Cepovisa\" \/>\n<meta property=\"og:description\" content=\"Aprende en Cepovisa operaciones administrativas y documentaci\u00f3n sanitaria, t\u00e9cnicas b\u00e1sicas de enfermer\u00eda higiene del medio hospitalario.\" \/>\n<meta property=\"og:url\" content=\"https:\/\/riberasalud.com\/cepovisa\/formacion-profesional\/grado-medio\/cuidados-auxiliares-enfermeria\/\" \/>\n<meta property=\"og:site_name\" content=\"Cepovisa\" \/>\n<meta property=\"article:modified_time\" content=\"2025-09-03T08:38:17+00:00\" \/>\n<meta property=\"og:image\" content=\"https:\/\/riberasalud.com\/cepovisa\/wp-content\/uploads\/2022\/05\/fp_auxiliares_enf2.jpg\" \/>\n<meta name=\"twitter:card\" content=\"summary_large_image\" \/>\n<meta name=\"twitter:label1\" content=\"Tiempo de lectura\" \/>\n\t<meta name=\"twitter:data1\" content=\"3 minutos\" \/>\n<script type=\"application\/ld+json\" class=\"yoast-schema-graph\">{\"@context\":\"https:\/\/schema.org\",\"@graph\":[{\"@type\":\"WebPage\",\"@id\":\"https:\/\/riberasalud.com\/cepovisa\/formacion-profesional\/grado-medio\/cuidados-auxiliares-enfermeria\/\",\"url\":\"https:\/\/riberasalud.com\/cepovisa\/formacion-profesional\/grado-medio\/cuidados-auxiliares-enfermeria\/\",\"name\":\"T\u00e9cnico en cuidados auxiliares de enfermer\u00eda- Cepovisa\",\"isPartOf\":{\"@id\":\"https:\/\/riberasalud.com\/cepovisa\/#website\"},\"primaryImageOfPage\":{\"@id\":\"https:\/\/riberasalud.com\/cepovisa\/formacion-profesional\/grado-medio\/cuidados-auxiliares-enfermeria\/#primaryimage\"},\"image\":{\"@id\":\"https:\/\/riberasalud.com\/cepovisa\/formacion-profesional\/grado-medio\/cuidados-auxiliares-enfermeria\/#primaryimage\"},\"thumbnailUrl\":\"https:\/\/riberasalud.com\/cepovisa\/wp-content\/uploads\/2022\/05\/fp_auxiliares_enf2.jpg\",\"datePublished\":\"2022-05-16T07:06:21+00:00\",\"dateModified\":\"2025-09-03T08:38:17+00:00\",\"description\":\"Aprende en Cepovisa operaciones administrativas y documentaci\u00f3n sanitaria, t\u00e9cnicas b\u00e1sicas de enfermer\u00eda higiene del medio hospitalario.\",\"breadcrumb\":{\"@id\":\"https:\/\/riberasalud.com\/cepovisa\/formacion-profesional\/grado-medio\/cuidados-auxiliares-enfermeria\/#breadcrumb\"},\"inLanguage\":\"es\",\"potentialAction\":[{\"@type\":\"ReadAction\",\"target\":[\"https:\/\/riberasalud.com\/cepovisa\/formacion-profesional\/grado-medio\/cuidados-auxiliares-enfermeria\/\"]}]},{\"@type\":\"ImageObject\",\"inLanguage\":\"es\",\"@id\":\"https:\/\/riberasalud.com\/cepovisa\/formacion-profesional\/grado-medio\/cuidados-auxiliares-enfermeria\/#primaryimage\",\"url\":\"https:\/\/riberasalud.com\/cepovisa\/wp-content\/uploads\/2022\/05\/fp_auxiliares_enf2.jpg\",\"contentUrl\":\"https:\/\/riberasalud.com\/cepovisa\/wp-content\/uploads\/2022\/05\/fp_auxiliares_enf2.jpg\",\"width\":675,\"height\":510},{\"@type\":\"BreadcrumbList\",\"@id\":\"https:\/\/riberasalud.com\/cepovisa\/formacion-profesional\/grado-medio\/cuidados-auxiliares-enfermeria\/#breadcrumb\",\"itemListElement\":[{\"@type\":\"ListItem\",\"position\":1,\"name\":\"Portada\",\"item\":\"https:\/\/riberasalud.com\/cepovisa\/\"},{\"@type\":\"ListItem\",\"position\":2,\"name\":\"Formaci\u00f3n profesional\",\"item\":\"https:\/\/riberasalud.com\/cepovisa\/formacion-profesional\/\"},{\"@type\":\"ListItem\",\"position\":3,\"name\":\"Grado medio\",\"item\":\"https:\/\/riberasalud.com\/cepovisa\/formacion-profesional\/grado-medio\/\"},{\"@type\":\"ListItem\",\"position\":4,\"name\":\"T\u00e9cnico Auxiliar en Cuidados de Enfermer\u00eda\"}]},{\"@type\":\"WebSite\",\"@id\":\"https:\/\/riberasalud.com\/cepovisa\/#website\",\"url\":\"https:\/\/riberasalud.com\/cepovisa\/\",\"name\":\"Cepovisa\",\"description\":\"\",\"publisher\":{\"@id\":\"https:\/\/riberasalud.com\/cepovisa\/#organization\"},\"potentialAction\":[{\"@type\":\"SearchAction\",\"target\":{\"@type\":\"EntryPoint\",\"urlTemplate\":\"https:\/\/riberasalud.com\/cepovisa\/?s={search_term_string}\"},\"query-input\":{\"@type\":\"PropertyValueSpecification\",\"valueRequired\":true,\"valueName\":\"search_term_string\"}}],\"inLanguage\":\"es\"},{\"@type\":\"Organization\",\"@id\":\"https:\/\/riberasalud.com\/cepovisa\/#organization\",\"name\":\"Cepovisa\",\"url\":\"https:\/\/riberasalud.com\/cepovisa\/\",\"logo\":{\"@type\":\"ImageObject\",\"inLanguage\":\"es\",\"@id\":\"https:\/\/riberasalud.com\/cepovisa\/#\/schema\/logo\/image\/\",\"url\":\"https:\/\/riberasalud.com\/cepovisa\/wp-content\/uploads\/2024\/08\/cropped-FORMACIONPROFESIONAL-cepivsa-logo.png\",\"contentUrl\":\"https:\/\/riberasalud.com\/cepovisa\/wp-content\/uploads\/2024\/08\/cropped-FORMACIONPROFESIONAL-cepivsa-logo.png\",\"width\":847,\"height\":94,\"caption\":\"Cepovisa\"},\"image\":{\"@id\":\"https:\/\/riberasalud.com\/cepovisa\/#\/schema\/logo\/image\/\"}}]}<\/script>\n<!-- \/ Yoast SEO plugin. -->","yoast_head_json":{"title":"T\u00e9cnico en cuidados auxiliares de enfermer\u00eda- Cepovisa","description":"Aprende en Cepovisa operaciones administrativas y documentaci\u00f3n sanitaria, t\u00e9cnicas b\u00e1sicas de enfermer\u00eda higiene del medio hospitalario.","robots":{"index":"index","follow":"follow","max-snippet":"max-snippet:-1","max-image-preview":"max-image-preview:large","max-video-preview":"max-video-preview:-1"},"canonical":"https:\/\/riberasalud.com\/cepovisa\/formacion-profesional\/grado-medio\/cuidados-auxiliares-enfermeria\/","og_locale":"es_ES","og_type":"article","og_title":"T\u00e9cnico en cuidados auxiliares de enfermer\u00eda- Cepovisa","og_description":"Aprende en Cepovisa operaciones administrativas y documentaci\u00f3n sanitaria, t\u00e9cnicas b\u00e1sicas de enfermer\u00eda higiene del medio hospitalario.","og_url":"https:\/\/riberasalud.com\/cepovisa\/formacion-profesional\/grado-medio\/cuidados-auxiliares-enfermeria\/","og_site_name":"Cepovisa","article_modified_time":"2025-09-03T08:38:17+00:00","og_image":[{"url":"https:\/\/riberasalud.com\/cepovisa\/wp-content\/uploads\/2022\/05\/fp_auxiliares_enf2.jpg","type":"","width":"","height":""}],"twitter_card":"summary_large_image","twitter_misc":{"Tiempo de lectura":"3 minutos"},"schema":{"@context":"https:\/\/schema.org","@graph":[{"@type":"WebPage","@id":"https:\/\/riberasalud.com\/cepovisa\/formacion-profesional\/grado-medio\/cuidados-auxiliares-enfermeria\/","url":"https:\/\/riberasalud.com\/cepovisa\/formacion-profesional\/grado-medio\/cuidados-auxiliares-enfermeria\/","name":"T\u00e9cnico en cuidados auxiliares de enfermer\u00eda- Cepovisa","isPartOf":{"@id":"https:\/\/riberasalud.com\/cepovisa\/#website"},"primaryImageOfPage":{"@id":"https:\/\/riberasalud.com\/cepovisa\/formacion-profesional\/grado-medio\/cuidados-auxiliares-enfermeria\/#primaryimage"},"image":{"@id":"https:\/\/riberasalud.com\/cepovisa\/formacion-profesional\/grado-medio\/cuidados-auxiliares-enfermeria\/#primaryimage"},"thumbnailUrl":"https:\/\/riberasalud.com\/cepovisa\/wp-content\/uploads\/2022\/05\/fp_auxiliares_enf2.jpg","datePublished":"2022-05-16T07:06:21+00:00","dateModified":"2025-09-03T08:38:17+00:00","description":"Aprende en Cepovisa operaciones administrativas y documentaci\u00f3n sanitaria, t\u00e9cnicas b\u00e1sicas de enfermer\u00eda higiene del medio hospitalario.","breadcrumb":{"@id":"https:\/\/riberasalud.com\/cepovisa\/formacion-profesional\/grado-medio\/cuidados-auxiliares-enfermeria\/#breadcrumb"},"inLanguage":"es","potentialAction":[{"@type":"ReadAction","target":["https:\/\/riberasalud.com\/cepovisa\/formacion-profesional\/grado-medio\/cuidados-auxiliares-enfermeria\/"]}]},{"@type":"ImageObject","inLanguage":"es","@id":"https:\/\/riberasalud.com\/cepovisa\/formacion-profesional\/grado-medio\/cuidados-auxiliares-enfermeria\/#primaryimage","url":"https:\/\/riberasalud.com\/cepovisa\/wp-content\/uploads\/2022\/05\/fp_auxiliares_enf2.jpg","contentUrl":"https:\/\/riberasalud.com\/cepovisa\/wp-content\/uploads\/2022\/05\/fp_auxiliares_enf2.jpg","width":675,"height":510},{"@type":"BreadcrumbList","@id":"https:\/\/riberasalud.com\/cepovisa\/formacion-profesional\/grado-medio\/cuidados-auxiliares-enfermeria\/#breadcrumb","itemListElement":[{"@type":"ListItem","position":1,"name":"Portada","item":"https:\/\/riberasalud.com\/cepovisa\/"},{"@type":"ListItem","position":2,"name":"Formaci\u00f3n profesional","item":"https:\/\/riberasalud.com\/cepovisa\/formacion-profesional\/"},{"@type":"ListItem","position":3,"name":"Grado medio","item":"https:\/\/riberasalud.com\/cepovisa\/formacion-profesional\/grado-medio\/"},{"@type":"ListItem","position":4,"name":"T\u00e9cnico Auxiliar en Cuidados de Enfermer\u00eda"}]},{"@type":"WebSite","@id":"https:\/\/riberasalud.com\/cepovisa\/#website","url":"https:\/\/riberasalud.com\/cepovisa\/","name":"Cepovisa","description":"","publisher":{"@id":"https:\/\/riberasalud.com\/cepovisa\/#organization"},"potentialAction":[{"@type":"SearchAction","target":{"@type":"EntryPoint","urlTemplate":"https:\/\/riberasalud.com\/cepovisa\/?s={search_term_string}"},"query-input":{"@type":"PropertyValueSpecification","valueRequired":true,"valueName":"search_term_string"}}],"inLanguage":"es"},{"@type":"Organization","@id":"https:\/\/riberasalud.com\/cepovisa\/#organization","name":"Cepovisa","url":"https:\/\/riberasalud.com\/cepovisa\/","logo":{"@type":"ImageObject","inLanguage":"es","@id":"https:\/\/riberasalud.com\/cepovisa\/#\/schema\/logo\/image\/","url":"https:\/\/riberasalud.com\/cepovisa\/wp-content\/uploads\/2024\/08\/cropped-FORMACIONPROFESIONAL-cepivsa-logo.png","contentUrl":"https:\/\/riberasalud.com\/cepovisa\/wp-content\/uploads\/2024\/08\/cropped-FORMACIONPROFESIONAL-cepivsa-logo.png","width":847,"height":94,"caption":"Cepovisa"},"image":{"@id":"https:\/\/riberasalud.com\/cepovisa\/#\/schema\/logo\/image\/"}}]}},"_links":{"self":[{"href":"https:\/\/riberasalud.com\/cepovisa\/wp-json\/wp\/v2\/pages\/736","targetHints":{"allow":["GET"]}}],"collection":[{"href":"https:\/\/riberasalud.com\/cepovisa\/wp-json\/wp\/v2\/pages"}],"about":[{"href":"https:\/\/riberasalud.com\/cepovisa\/wp-json\/wp\/v2\/types\/page"}],"author":[{"embeddable":true,"href":"https:\/\/riberasalud.com\/cepovisa\/wp-json\/wp\/v2\/users\/1"}],"replies":[{"embeddable":true,"href":"https:\/\/riberasalud.com\/cepovisa\/wp-json\/wp\/v2\/comments?post=736"}],"version-history":[{"count":34,"href":"https:\/\/riberasalud.com\/cepovisa\/wp-json\/wp\/v2\/pages\/736\/revisions"}],"predecessor-version":[{"id":10002,"href":"https:\/\/riberasalud.com\/cepovisa\/wp-json\/wp\/v2\/pages\/736\/revisions\/10002"}],"up":[{"embeddable":true,"href":"https:\/\/riberasalud.com\/cepovisa\/wp-json\/wp\/v2\/pages\/721"}],"wp:attachment":[{"href":"https:\/\/riberasalud.com\/cepovisa\/wp-json\/wp\/v2\/media?parent=736"}],"curies":[{"name":"wp","href":"https:\/\/api.w.org\/{rel}","templated":true}]}}