{"id":734,"date":"2022-05-16T07:06:19","date_gmt":"2022-05-16T07:06:19","guid":{"rendered":"https:\/\/riberasalud.com\/cepovisa\/?page_id=734"},"modified":"2025-09-03T08:38:55","modified_gmt":"2025-09-03T08:38:55","slug":"radioterapia-dosimetria","status":"publish","type":"page","link":"https:\/\/riberasalud.com\/cepovisa\/formacion-profesional\/grado-superior\/radioterapia-dosimetria\/","title":{"rendered":"T\u00e9cnico Superior en Radioterapia y Dosimetr\u00eda"},"content":{"rendered":"\n<div class=\"wp-block-group bannersolotexto\"><div class=\"wp-block-group__inner-container is-layout-flow wp-block-group-is-layout-flow\">\n<h1 class=\"wp-block-heading\">T\u00e9cnico Superior en Radioterapia y Dosimetr\u00eda<\/h1>\n<\/div><\/div>\n\n\n\n<div class=\"wp-block-group\"><div class=\"wp-block-group__inner-container is-layout-flow wp-block-group-is-layout-flow\">\n<h2 class=\"wp-block-heading\"><strong><strong>PROCESO MATRICULACI\u00d3N<\/strong><\/strong><\/h2>\n\n\n\n<ul class=\"wp-block-list\">\n<li><strong>PREINSCRIPCI\u00d3N<\/strong><strong>: <\/strong><strong>hasta el 13 de JUNIO<\/strong><\/li>\n\n\n\n<li><strong>LISTADO DE ADMITIDOS: 16 de JUNIO<\/strong><\/li>\n\n\n\n<li><strong>MATR\u00cdCULA<\/strong><strong>: <\/strong><strong>17 de JUNIO al 27 de JUNIO<\/strong><\/li>\n<\/ul>\n\n\n\n<p class=\"has-small-font-size\">El alumnado no admitido quedar\u00e1 en lista de espera para cubrir vacantes que surjan por bajas en la matr\u00edcula.<\/p>\n\n\n\n<p><strong>Documentaci\u00f3n que se debe entregar en la secretaria del centro para la preinscripci\u00f3n<\/strong><\/p>\n\n\n\n<ul class=\"wp-block-list\">\n<li>Solicitud cubierta de forma clara ycon letra may\u00fascula.<\/li>\n\n\n\n<li>Fotocopia DNI.<\/li>\n\n\n\n<li>Certificaci\u00f3n acad\u00e9mica oficial en la que conste el expediente acad\u00e9mico y fecha de dep\u00f3sito del t\u00edtulo:\n<ul class=\"wp-block-list\">\n<li>PARA CM:&nbsp; 4\u00ba ESO, Ciclo formativo de GM o GS, 2\u00ba BUP, FP1\u2026<\/li>\n\n\n\n<li>PARA CS: Bachillerato LOE\/LOGSE, Ciclo formativo de GM o GS. T\u00edtulo universitario, COU, FP2\u2026<\/li>\n<\/ul>\n<\/li>\n<\/ul>\n\n\n\n<figure class=\"wp-block-table tablanormal\"><table class=\"has-fixed-layout\"><tbody><tr><td colspan=\"2\">Distribuci\u00f3n de las plazas<\/td><\/tr><tr><td>Ciclo Medio<\/td><td>Ciclos Superiores<\/td><\/tr><tr><td>10% personal del grupo Ribera 90% acceso libre<\/td><td>10% personal del grupo Ribera 15% alumnado procedente de ciclos cursados en el grupo Ribera 75% acceso libre<\/td><\/tr><tr><td colspan=\"2\">En caso de que haya m\u00e1s solicitudes que plazas ofertadas para cada cupo, la adjudicaci\u00f3n se har\u00e1 por nota media de la titulaci\u00f3n de acceso. Cuando en un cupo no se adjudiquen todas las plazas, las restantes ser\u00e1n adjudicadas por el turno libre. En el caso que se acceda a un ciclo superior con un t\u00edtulo de grado medio, tendr\u00e1n preferencia aquellos alumnos que posean un t\u00edtulo de rama sanitaria frente a los que posean un t\u00edtulo de cualquier otra familia profesional.<\/td><\/tr><\/tbody><\/table><\/figure>\n\n\n\n<h2 class=\"wp-block-heading\"><strong>PERFIL PROFESIONAL DEL T\u00cdTULO<\/strong><\/h2>\n\n\n\n<p><strong>\u00bfQu\u00e9 se aprende a hacer?<\/strong>: Aplicar tratamientos con radiaciones ionizantes bajo prescripci\u00f3n m\u00e9dica; utilizar equipamientos provistos de fuentes encapsuladas o productores de radiaciones aplicando las normas de radioprotecci\u00f3n generales y espec\u00edficas, asistiendo al paciente durante su estancia en la unidad, as\u00ed como realizar procedimientos de protecci\u00f3n radiol\u00f3gica hospitalaria, siguiendo normas de garant\u00eda de calidad y los protocolos establecidos en la unidad asistencial.<\/p>\n\n\n\n<p><strong>\u00bfEn qu\u00e9 \u00e1mbitos se trabaja?<\/strong>: En el sector sanitario, en organismos e instituciones de \u00e1mbito p\u00fablico y en empresas privadas; en unidades o servicios de radiof\u00edsica hospitalaria; en unidades t\u00e9cnicas de protecci\u00f3n radiol\u00f3gica y en centros de investigaci\u00f3n. Realizan su trabajo bajo la supervisi\u00f3n del facultativo correspondiente y el supervisor de la instalaci\u00f3n, con la consiguiente acreditaci\u00f3n como operador de instalaciones radiactivas otorgada por el Consejo de Seguridad Nuclear (CSN).<\/p>\n\n\n\n<p><strong>\u00bfQu\u00e9 ocupaciones se desempe\u00f1an?<\/strong>: T\u00e9cnico superior en Radioterapia; T\u00e9cnico especialista en Radioterapia; Personal auxiliar de los servicios de protecci\u00f3n radiol\u00f3gica; Delegado comercial de equipamientos de radioelectrolog\u00eda m\u00e9dica.<\/p>\n\n\n\n<p><strong>\u00bfQu\u00e9 t\u00edtulo se obtiene?<\/strong>: T\u00e9cnico superior en Radioterapia y Dosimetr\u00eda.<\/p>\n\n\n\n<p><strong>Duraci\u00f3n: <\/strong>2.000h. repartidas en dos cursos acad\u00e9micos.<\/p>\n\n\n\n<figure class=\"wp-block-table tablanormal\"><table><tbody><tr><td><strong>M\u00d3DULO PROFESIONAL 1\u00ba CURSO<\/strong><\/td><td><strong>M\u00d3DULO PROFESIONAL 2\u00ba CURSO<\/strong><\/td><\/tr><tr><td>Atenci\u00f3n al paciente (160h)<\/td><td>Simulaci\u00f3n de tratamiento (137h)<\/td><\/tr><tr><td>Fundamento f\u00edsicos y equipamientos (211h)<\/td><td>Dosimetr\u00eda f\u00edsica y cl\u00ednica (191h)<\/td><\/tr><tr><td>Anatom\u00eda por la imagen (232h)<\/td><td>Profundizaci\u00f3n en las competencias profesionales &#8211; GS (30h)<\/td><\/tr><tr><td>Protecci\u00f3n radiol\u00f3gica (160h)<\/td><td>Tratamientos con teleterapia (301h)<\/td><\/tr><tr><td>Itinerario personal para la empleabilidad I (106h)<\/td><td>Tratamientos con braquiterapia (191h)<\/td><\/tr><tr><td>Sostenibilidad aplicada al sistema productivo (30h)<\/td><td>Digitalizaci\u00f3n aplicada a los sectores productivos (30h)<\/td><\/tr><tr><td>Ingl\u00e9s profesional &#8211; GS (53h)<\/td><td>Proyecto intermodular de radioterapia y dosimetr\u00eda (50h)<\/td><\/tr><tr><td><br><\/td><td>Itinerario personal para la empleabilidad II (50h)<\/td><\/tr><tr><td><\/td><td>Habilidades comunicativas en lengua extranjera &#8211; GS (60h)<\/td><\/tr><\/tbody><\/table><\/figure>\n\n\n\n<p><strong>Nota:<\/strong> todos los m\u00f3dulos, a excepci\u00f3n de Fundamentos f\u00edsicos y Simulaci\u00f3n de tratamiento, est\u00e1n asociados a alguna unidad de competencia.<\/p>\n\n\n\n<p>El proyecto y la formaci\u00f3n en centros de trabajo se realizar\u00e1 en el tercer trimester del 2\u00ba curso<\/p>\n<\/div><\/div>\n","protected":false},"excerpt":{"rendered":"<p>T\u00e9cnico Superior en Radioterapia y Dosimetr\u00eda PROCESO MATRICULACI\u00d3N El alumnado no admitido quedar\u00e1 en lista de espera para cubrir vacantes que surjan por bajas en la matr\u00edcula. Documentaci\u00f3n que se debe entregar en la secretaria del centro para la preinscripci\u00f3n Distribuci\u00f3n de las plazas Ciclo Medio Ciclos Superiores 10% personal del grupo Ribera 90% acceso &#8230; <a title=\"T\u00e9cnico Superior en Radioterapia y Dosimetr\u00eda\" class=\"read-more\" href=\"https:\/\/riberasalud.com\/cepovisa\/formacion-profesional\/grado-superior\/radioterapia-dosimetria\/\" aria-label=\"Leer m\u00e1s sobre T\u00e9cnico Superior en Radioterapia y Dosimetr\u00eda\">Leer m\u00e1s<\/a><\/p>\n","protected":false},"author":1,"featured_media":0,"parent":730,"menu_order":0,"comment_status":"closed","ping_status":"closed","template":"","meta":{"_mi_skip_tracking":false,"footnotes":""},"class_list":["post-734","page","type-page","status-publish"],"yoast_head":"<!-- This site is optimized with the Yoast SEO plugin v26.6 - https:\/\/yoast.com\/wordpress\/plugins\/seo\/ -->\n<title>T\u00e9cnico Superior en Radioterapia y Dosimetr\u00eda - Cepovisa<\/title>\n<meta name=\"description\" content=\"Aprende en Cepovisa fundamentos f\u00edsicos, anatom\u00eda por la imagen, protecci\u00f3n radiol\u00f3gica, simulaci\u00f3n del tratamiento.\" \/>\n<meta name=\"robots\" content=\"index, follow, max-snippet:-1, max-image-preview:large, max-video-preview:-1\" \/>\n<link rel=\"canonical\" href=\"https:\/\/riberasalud.com\/cepovisa\/formacion-profesional\/grado-superior\/radioterapia-dosimetria\/\" \/>\n<meta property=\"og:locale\" content=\"es_ES\" \/>\n<meta property=\"og:type\" content=\"article\" \/>\n<meta property=\"og:title\" content=\"T\u00e9cnico Superior en Radioterapia y Dosimetr\u00eda - Cepovisa\" \/>\n<meta property=\"og:description\" content=\"Aprende en Cepovisa fundamentos f\u00edsicos, anatom\u00eda por la imagen, protecci\u00f3n radiol\u00f3gica, simulaci\u00f3n del tratamiento.\" \/>\n<meta property=\"og:url\" content=\"https:\/\/riberasalud.com\/cepovisa\/formacion-profesional\/grado-superior\/radioterapia-dosimetria\/\" \/>\n<meta property=\"og:site_name\" content=\"Cepovisa\" \/>\n<meta property=\"article:modified_time\" content=\"2025-09-03T08:38:55+00:00\" \/>\n<meta name=\"twitter:card\" content=\"summary_large_image\" \/>\n<meta name=\"twitter:label1\" content=\"Tiempo de lectura\" \/>\n\t<meta name=\"twitter:data1\" content=\"3 minutos\" \/>\n<script type=\"application\/ld+json\" class=\"yoast-schema-graph\">{\"@context\":\"https:\/\/schema.org\",\"@graph\":[{\"@type\":\"WebPage\",\"@id\":\"https:\/\/riberasalud.com\/cepovisa\/formacion-profesional\/grado-superior\/radioterapia-dosimetria\/\",\"url\":\"https:\/\/riberasalud.com\/cepovisa\/formacion-profesional\/grado-superior\/radioterapia-dosimetria\/\",\"name\":\"T\u00e9cnico Superior en Radioterapia y Dosimetr\u00eda - Cepovisa\",\"isPartOf\":{\"@id\":\"https:\/\/riberasalud.com\/cepovisa\/#website\"},\"datePublished\":\"2022-05-16T07:06:19+00:00\",\"dateModified\":\"2025-09-03T08:38:55+00:00\",\"description\":\"Aprende en Cepovisa fundamentos f\u00edsicos, anatom\u00eda por la imagen, protecci\u00f3n radiol\u00f3gica, simulaci\u00f3n del tratamiento.\",\"breadcrumb\":{\"@id\":\"https:\/\/riberasalud.com\/cepovisa\/formacion-profesional\/grado-superior\/radioterapia-dosimetria\/#breadcrumb\"},\"inLanguage\":\"es\",\"potentialAction\":[{\"@type\":\"ReadAction\",\"target\":[\"https:\/\/riberasalud.com\/cepovisa\/formacion-profesional\/grado-superior\/radioterapia-dosimetria\/\"]}]},{\"@type\":\"BreadcrumbList\",\"@id\":\"https:\/\/riberasalud.com\/cepovisa\/formacion-profesional\/grado-superior\/radioterapia-dosimetria\/#breadcrumb\",\"itemListElement\":[{\"@type\":\"ListItem\",\"position\":1,\"name\":\"Portada\",\"item\":\"https:\/\/riberasalud.com\/cepovisa\/\"},{\"@type\":\"ListItem\",\"position\":2,\"name\":\"Formaci\u00f3n profesional\",\"item\":\"https:\/\/riberasalud.com\/cepovisa\/formacion-profesional\/\"},{\"@type\":\"ListItem\",\"position\":3,\"name\":\"Grado superior\",\"item\":\"https:\/\/riberasalud.com\/cepovisa\/formacion-profesional\/grado-superior\/\"},{\"@type\":\"ListItem\",\"position\":4,\"name\":\"T\u00e9cnico Superior en Radioterapia y Dosimetr\u00eda\"}]},{\"@type\":\"WebSite\",\"@id\":\"https:\/\/riberasalud.com\/cepovisa\/#website\",\"url\":\"https:\/\/riberasalud.com\/cepovisa\/\",\"name\":\"Cepovisa\",\"description\":\"\",\"publisher\":{\"@id\":\"https:\/\/riberasalud.com\/cepovisa\/#organization\"},\"potentialAction\":[{\"@type\":\"SearchAction\",\"target\":{\"@type\":\"EntryPoint\",\"urlTemplate\":\"https:\/\/riberasalud.com\/cepovisa\/?s={search_term_string}\"},\"query-input\":{\"@type\":\"PropertyValueSpecification\",\"valueRequired\":true,\"valueName\":\"search_term_string\"}}],\"inLanguage\":\"es\"},{\"@type\":\"Organization\",\"@id\":\"https:\/\/riberasalud.com\/cepovisa\/#organization\",\"name\":\"Cepovisa\",\"url\":\"https:\/\/riberasalud.com\/cepovisa\/\",\"logo\":{\"@type\":\"ImageObject\",\"inLanguage\":\"es\",\"@id\":\"https:\/\/riberasalud.com\/cepovisa\/#\/schema\/logo\/image\/\",\"url\":\"https:\/\/riberasalud.com\/cepovisa\/wp-content\/uploads\/2024\/08\/cropped-FORMACIONPROFESIONAL-cepivsa-logo.png\",\"contentUrl\":\"https:\/\/riberasalud.com\/cepovisa\/wp-content\/uploads\/2024\/08\/cropped-FORMACIONPROFESIONAL-cepivsa-logo.png\",\"width\":847,\"height\":94,\"caption\":\"Cepovisa\"},\"image\":{\"@id\":\"https:\/\/riberasalud.com\/cepovisa\/#\/schema\/logo\/image\/\"}}]}<\/script>\n<!-- \/ Yoast SEO plugin. -->","yoast_head_json":{"title":"T\u00e9cnico Superior en Radioterapia y Dosimetr\u00eda - Cepovisa","description":"Aprende en Cepovisa fundamentos f\u00edsicos, anatom\u00eda por la imagen, protecci\u00f3n radiol\u00f3gica, simulaci\u00f3n del tratamiento.","robots":{"index":"index","follow":"follow","max-snippet":"max-snippet:-1","max-image-preview":"max-image-preview:large","max-video-preview":"max-video-preview:-1"},"canonical":"https:\/\/riberasalud.com\/cepovisa\/formacion-profesional\/grado-superior\/radioterapia-dosimetria\/","og_locale":"es_ES","og_type":"article","og_title":"T\u00e9cnico Superior en Radioterapia y Dosimetr\u00eda - Cepovisa","og_description":"Aprende en Cepovisa fundamentos f\u00edsicos, anatom\u00eda por la imagen, protecci\u00f3n radiol\u00f3gica, simulaci\u00f3n del tratamiento.","og_url":"https:\/\/riberasalud.com\/cepovisa\/formacion-profesional\/grado-superior\/radioterapia-dosimetria\/","og_site_name":"Cepovisa","article_modified_time":"2025-09-03T08:38:55+00:00","twitter_card":"summary_large_image","twitter_misc":{"Tiempo de lectura":"3 minutos"},"schema":{"@context":"https:\/\/schema.org","@graph":[{"@type":"WebPage","@id":"https:\/\/riberasalud.com\/cepovisa\/formacion-profesional\/grado-superior\/radioterapia-dosimetria\/","url":"https:\/\/riberasalud.com\/cepovisa\/formacion-profesional\/grado-superior\/radioterapia-dosimetria\/","name":"T\u00e9cnico Superior en Radioterapia y Dosimetr\u00eda - Cepovisa","isPartOf":{"@id":"https:\/\/riberasalud.com\/cepovisa\/#website"},"datePublished":"2022-05-16T07:06:19+00:00","dateModified":"2025-09-03T08:38:55+00:00","description":"Aprende en Cepovisa fundamentos f\u00edsicos, anatom\u00eda por la imagen, protecci\u00f3n radiol\u00f3gica, simulaci\u00f3n del tratamiento.","breadcrumb":{"@id":"https:\/\/riberasalud.com\/cepovisa\/formacion-profesional\/grado-superior\/radioterapia-dosimetria\/#breadcrumb"},"inLanguage":"es","potentialAction":[{"@type":"ReadAction","target":["https:\/\/riberasalud.com\/cepovisa\/formacion-profesional\/grado-superior\/radioterapia-dosimetria\/"]}]},{"@type":"BreadcrumbList","@id":"https:\/\/riberasalud.com\/cepovisa\/formacion-profesional\/grado-superior\/radioterapia-dosimetria\/#breadcrumb","itemListElement":[{"@type":"ListItem","position":1,"name":"Portada","item":"https:\/\/riberasalud.com\/cepovisa\/"},{"@type":"ListItem","position":2,"name":"Formaci\u00f3n profesional","item":"https:\/\/riberasalud.com\/cepovisa\/formacion-profesional\/"},{"@type":"ListItem","position":3,"name":"Grado superior","item":"https:\/\/riberasalud.com\/cepovisa\/formacion-profesional\/grado-superior\/"},{"@type":"ListItem","position":4,"name":"T\u00e9cnico Superior en Radioterapia y Dosimetr\u00eda"}]},{"@type":"WebSite","@id":"https:\/\/riberasalud.com\/cepovisa\/#website","url":"https:\/\/riberasalud.com\/cepovisa\/","name":"Cepovisa","description":"","publisher":{"@id":"https:\/\/riberasalud.com\/cepovisa\/#organization"},"potentialAction":[{"@type":"SearchAction","target":{"@type":"EntryPoint","urlTemplate":"https:\/\/riberasalud.com\/cepovisa\/?s={search_term_string}"},"query-input":{"@type":"PropertyValueSpecification","valueRequired":true,"valueName":"search_term_string"}}],"inLanguage":"es"},{"@type":"Organization","@id":"https:\/\/riberasalud.com\/cepovisa\/#organization","name":"Cepovisa","url":"https:\/\/riberasalud.com\/cepovisa\/","logo":{"@type":"ImageObject","inLanguage":"es","@id":"https:\/\/riberasalud.com\/cepovisa\/#\/schema\/logo\/image\/","url":"https:\/\/riberasalud.com\/cepovisa\/wp-content\/uploads\/2024\/08\/cropped-FORMACIONPROFESIONAL-cepivsa-logo.png","contentUrl":"https:\/\/riberasalud.com\/cepovisa\/wp-content\/uploads\/2024\/08\/cropped-FORMACIONPROFESIONAL-cepivsa-logo.png","width":847,"height":94,"caption":"Cepovisa"},"image":{"@id":"https:\/\/riberasalud.com\/cepovisa\/#\/schema\/logo\/image\/"}}]}},"_links":{"self":[{"href":"https:\/\/riberasalud.com\/cepovisa\/wp-json\/wp\/v2\/pages\/734","targetHints":{"allow":["GET"]}}],"collection":[{"href":"https:\/\/riberasalud.com\/cepovisa\/wp-json\/wp\/v2\/pages"}],"about":[{"href":"https:\/\/riberasalud.com\/cepovisa\/wp-json\/wp\/v2\/types\/page"}],"author":[{"embeddable":true,"href":"https:\/\/riberasalud.com\/cepovisa\/wp-json\/wp\/v2\/users\/1"}],"replies":[{"embeddable":true,"href":"https:\/\/riberasalud.com\/cepovisa\/wp-json\/wp\/v2\/comments?post=734"}],"version-history":[{"count":27,"href":"https:\/\/riberasalud.com\/cepovisa\/wp-json\/wp\/v2\/pages\/734\/revisions"}],"predecessor-version":[{"id":10004,"href":"https:\/\/riberasalud.com\/cepovisa\/wp-json\/wp\/v2\/pages\/734\/revisions\/10004"}],"up":[{"embeddable":true,"href":"https:\/\/riberasalud.com\/cepovisa\/wp-json\/wp\/v2\/pages\/730"}],"wp:attachment":[{"href":"https:\/\/riberasalud.com\/cepovisa\/wp-json\/wp\/v2\/media?parent=734"}],"curies":[{"name":"wp","href":"https:\/\/api.w.org\/{rel}","templated":true}]}}