{"id":733,"date":"2022-05-16T07:06:17","date_gmt":"2022-05-16T07:06:17","guid":{"rendered":"https:\/\/riberasalud.com\/cepovisa\/?page_id=733"},"modified":"2025-09-03T08:39:06","modified_gmt":"2025-09-03T08:39:06","slug":"imagen-diagnostico-medicina-nuclear","status":"publish","type":"page","link":"https:\/\/riberasalud.com\/cepovisa\/formacion-profesional\/grado-superior\/imagen-diagnostico-medicina-nuclear\/","title":{"rendered":"T\u00e9cnico Superior en Imagen para el Diagn\u00f3stico y Medicina Nuclear"},"content":{"rendered":"\n<div class=\"wp-block-group bannersolotexto\"><div class=\"wp-block-group__inner-container is-layout-flow wp-block-group-is-layout-flow\">\n<h1 class=\"wp-block-heading\">T\u00e9cnico Superior en Imagen para el Diagn\u00f3stico y Medicina Nuclear<\/h1>\n<\/div><\/div>\n\n\n\n<div class=\"wp-block-group\"><div class=\"wp-block-group__inner-container is-layout-flow wp-block-group-is-layout-flow\">\n<h2 class=\"wp-block-heading\"><strong><strong>PROCESO MATRICULACI\u00d3N<\/strong><\/strong><\/h2>\n\n\n\n<ul class=\"wp-block-list\">\n<li><strong>PREINSCRIPCI\u00d3N<\/strong><strong>: <\/strong><strong>hasta el 13 de JUNIO<\/strong><\/li>\n\n\n\n<li><strong>LISTADO DE ADMITIDOS: 16 de JUNIO<\/strong><\/li>\n\n\n\n<li><strong>MATR\u00cdCULA<\/strong><strong>: <\/strong><strong>17 de JUNIO al 27 de JUNIO<\/strong><\/li>\n<\/ul>\n\n\n\n<p class=\"has-small-font-size\">El alumnado no admitido quedar\u00e1 en lista de espera para cubrir vacantes que surjan por bajas en la matr\u00edcula.<\/p>\n\n\n\n<p><strong>Documentaci\u00f3n que se debe entregar en la secretaria del centro para la preinscripci\u00f3n<\/strong><\/p>\n\n\n\n<ul class=\"wp-block-list\">\n<li>Solicitud cubierta de forma clara ycon letra may\u00fascula.<\/li>\n\n\n\n<li>Fotocopia DNI.<\/li>\n\n\n\n<li>Certificaci\u00f3n acad\u00e9mica oficial en la que conste el expediente acad\u00e9mico y fecha de dep\u00f3sito del t\u00edtulo:\n<ul class=\"wp-block-list\">\n<li>PARA CM:&nbsp; 4\u00ba ESO, Ciclo formativo de GM o GS, 2\u00ba BUP, FP1\u2026<\/li>\n\n\n\n<li>PARA CS: Bachillerato LOE\/LOGSE, Ciclo formativo de GM o GS. T\u00edtulo universitario, COU, FP2\u2026<\/li>\n<\/ul>\n<\/li>\n<\/ul>\n\n\n\n<figure class=\"wp-block-table tablanormal\"><table class=\"has-fixed-layout\"><tbody><tr><td colspan=\"2\">Distribuci\u00f3n de las plazas<\/td><\/tr><tr><td>Ciclo Medio<\/td><td>Ciclos Superiores<\/td><\/tr><tr><td>10% personal del grupo Ribera 90% acceso libre<\/td><td>10% personal del grupo Ribera 15% alumnado procedente de ciclos cursados en el grupo Ribera 75% acceso libre<\/td><\/tr><tr><td colspan=\"2\">En caso de que haya m\u00e1s solicitudes que plazas ofertadas para cada cupo, la adjudicaci\u00f3n se har\u00e1 por nota media de la titulaci\u00f3n de acceso. Cuando en un cupo no se adjudiquen todas las plazas, las restantes ser\u00e1n adjudicadas por el turno libre. En el caso que se acceda a un ciclo superior con un t\u00edtulo de grado medio, tendr\u00e1n preferencia aquellos alumnos que posean un t\u00edtulo de rama sanitaria frente a los que posean un t\u00edtulo de cualquier otra familia profesional.<\/td><\/tr><\/tbody><\/table><\/figure>\n\n\n\n<h2 class=\"wp-block-heading\"><strong>PERFIL PROFESIONAL DEL T\u00cdTULO<\/strong><\/h2>\n\n\n\n<p><strong>\u00bfQu\u00e9 se aprende a hacer?<\/strong>: Obtener registros gr\u00e1ficos, morfol\u00f3gicos o funcionales del cuerpo humano, con fines diagn\u00f3sticos o terap\u00e9uticos a partir de la prescripci\u00f3n facultativa, utilizando equipamientos de diagn\u00f3stico por imagen y de medicina nuclear, y asistiendo al paciente durante su estancia en la unidad, aplicando los protocolos de radioprotecci\u00f3n y de garant\u00eda de calidad, as\u00ed como los establecidos en la unidad asistencial.<\/p>\n\n\n\n<p><strong>\u00bfEn qu\u00e9 \u00e1mbitos se trabaja?<\/strong>: En el sector p\u00fablico y privado, en unidades de radiodiagn\u00f3stico y de medicina nuclear; en centros de investigaci\u00f3n y en institutos anat\u00f3mico-forenses o de medicina legal, as\u00ed como en centros veterinarios y de experimentaci\u00f3n animal; en delegaciones comerciales de productos hospitalarios, farmac\u00e9uticos y t\u00e9cnicos de aplicaciones en radiomedicina. Realiza su trabajo bajo la supervisi\u00f3n del m\u00e9dico especialista correspondiente y el supervisor de la instalaci\u00f3n, con la correspondiente acreditaci\u00f3n como operador de instalaciones radioactivas otorgado por el Consejo de Seguridad Nuclear (CSN).<\/p>\n\n\n\n<p><strong>\u00bfQu\u00e9 ocupaciones se desempe\u00f1an?<\/strong>: T\u00e9cnico superior en Imagen para el diagn\u00f3stico; T\u00e9cnico especialista en Radiodiagn\u00f3stico; T\u00e9cnico especialista en Medicina Nuclear; Personal t\u00e9cnico en equipamientos de radioelectrolog\u00eda m\u00e9dica; Personal t\u00e9cnico en protecci\u00f3n radiol\u00f3gica; Personal t\u00e9cnico en radiolog\u00eda de investigaci\u00f3n y experimentaci\u00f3n; Delegado comercial de productos.<\/p>\n\n\n\n<p><strong>\u00bfQu\u00e9 t\u00edtulo se obtiene?<\/strong>: T\u00e9cnico superior en Imagen para el diagn\u00f3stico y medicina nuclear.<\/p>\n\n\n\n<p><strong>Duraci\u00f3n: <\/strong>2.000h. repartidas en dos cursos acad\u00e9micos.<\/p>\n\n\n\n<hr class=\"wp-block-separator has-css-opacity\"\/>\n\n\n\n<p><a href=\"http:\/\/www.edu.xunta.es\/fp\/sites\/fp\/files\/fp\/Curr%C3%ADculos\/LOE\/Sanidade\/20160704_curriculo_imaxe.pdf\" target=\"_blank\" rel=\"noreferrer noopener\">&gt;&gt; Accede aqu\u00ed al Curr\u00edculo del curso de ciclo formativo de grado superior de T\u00e9cnico Superior en Imagen para el Diagn\u00f3stico y Medicina Nuclear.<\/a><\/p>\n\n\n\n<figure class=\"wp-block-table tablanormal\"><table><tbody><tr><td><strong>1\u00ba CURSO<\/strong><\/td><td><strong>2\u00ba CURSO<\/strong><\/td><\/tr><tr><td>Atenci\u00f3n al paciente (160h)<\/td><td>T\u00e9cnicas de radiolog\u00eda simple (122 h)<\/td><\/tr><tr><td>Fundamento f\u00edsicos y equipamientos (267h)<\/td><td>T\u00e9cnicas de radiolog\u00eda especial (70 h)<\/td><\/tr><tr><td>Anatom\u00eda por la imagen (266h )<\/td><td>T\u00e9cnicas de tomograf\u00eda computerizada y ecograf\u00eda (105 h)<\/td><\/tr><tr><td>Protecci\u00f3n radiol\u00f3gica (160h)<\/td><td>T\u00e9cnicas de imagen por resonancia magn\u00e9tica&nbsp;&nbsp; (105 h)<\/td><\/tr><tr><td>Formaci\u00f3n y orientaci\u00f3n laboral (107h)<\/td><td>T\u00e9cnicas de imagen en medicina nuclear (120h)<\/td><\/tr><tr><td>&nbsp;<\/td><td>T\u00e9cnicas de radiofarmacia (570 h)<\/td><\/tr><tr><td>&nbsp;<\/td><td>Empresa e iniciativa emprendedora (53 h)<\/td><\/tr><tr><td>&nbsp;<\/td><td>Proyecto de imagen para diagn\u00e7ostico y medicina nuclear (26 h)<\/td><\/tr><tr><td><\/td><td>Formaci\u00f3n en centros de trabajo (FCT) (384 h)<\/td><\/tr><\/tbody><\/table><\/figure>\n<\/div><\/div>\n\n\n\n<p><\/p>\n","protected":false},"excerpt":{"rendered":"<p>T\u00e9cnico Superior en Imagen para el Diagn\u00f3stico y Medicina Nuclear PROCESO MATRICULACI\u00d3N El alumnado no admitido quedar\u00e1 en lista de espera para cubrir vacantes que surjan por bajas en la matr\u00edcula. Documentaci\u00f3n que se debe entregar en la secretaria del centro para la preinscripci\u00f3n Distribuci\u00f3n de las plazas Ciclo Medio Ciclos Superiores 10% personal del &#8230; <a title=\"T\u00e9cnico Superior en Imagen para el Diagn\u00f3stico y Medicina Nuclear\" class=\"read-more\" href=\"https:\/\/riberasalud.com\/cepovisa\/formacion-profesional\/grado-superior\/imagen-diagnostico-medicina-nuclear\/\" aria-label=\"Leer m\u00e1s sobre T\u00e9cnico Superior en Imagen para el Diagn\u00f3stico y Medicina Nuclear\">Leer m\u00e1s<\/a><\/p>\n","protected":false},"author":1,"featured_media":0,"parent":730,"menu_order":0,"comment_status":"closed","ping_status":"closed","template":"","meta":{"_mi_skip_tracking":false,"footnotes":""},"class_list":["post-733","page","type-page","status-publish"],"yoast_head":"<!-- This site is optimized with the Yoast SEO plugin v26.6 - https:\/\/yoast.com\/wordpress\/plugins\/seo\/ -->\n<title>T\u00e9cnico Superior Imagen para el Diagn\u00f3stico y Medicina Nuclear<\/title>\n<meta name=\"description\" content=\"Aprende en Cepovisa a obtener im\u00e1genes m\u00e9dicas, utilizando equipos de rayos X, de resonancia magn\u00e9tica y de medicina nuclear\" \/>\n<meta name=\"robots\" content=\"index, follow, max-snippet:-1, max-image-preview:large, max-video-preview:-1\" \/>\n<link rel=\"canonical\" href=\"https:\/\/riberasalud.com\/cepovisa\/formacion-profesional\/grado-superior\/imagen-diagnostico-medicina-nuclear\/\" \/>\n<meta property=\"og:locale\" content=\"es_ES\" \/>\n<meta property=\"og:type\" content=\"article\" \/>\n<meta property=\"og:title\" content=\"T\u00e9cnico Superior Imagen para el Diagn\u00f3stico y Medicina Nuclear\" \/>\n<meta property=\"og:description\" content=\"Aprende en Cepovisa a obtener im\u00e1genes m\u00e9dicas, utilizando equipos de rayos X, de resonancia magn\u00e9tica y de medicina nuclear\" \/>\n<meta property=\"og:url\" content=\"https:\/\/riberasalud.com\/cepovisa\/formacion-profesional\/grado-superior\/imagen-diagnostico-medicina-nuclear\/\" \/>\n<meta property=\"og:site_name\" content=\"Cepovisa\" \/>\n<meta property=\"article:modified_time\" content=\"2025-09-03T08:39:06+00:00\" \/>\n<meta name=\"twitter:card\" content=\"summary_large_image\" \/>\n<meta name=\"twitter:label1\" content=\"Tiempo de lectura\" \/>\n\t<meta name=\"twitter:data1\" content=\"3 minutos\" \/>\n<script type=\"application\/ld+json\" class=\"yoast-schema-graph\">{\"@context\":\"https:\/\/schema.org\",\"@graph\":[{\"@type\":\"WebPage\",\"@id\":\"https:\/\/riberasalud.com\/cepovisa\/formacion-profesional\/grado-superior\/imagen-diagnostico-medicina-nuclear\/\",\"url\":\"https:\/\/riberasalud.com\/cepovisa\/formacion-profesional\/grado-superior\/imagen-diagnostico-medicina-nuclear\/\",\"name\":\"T\u00e9cnico Superior Imagen para el Diagn\u00f3stico y Medicina Nuclear\",\"isPartOf\":{\"@id\":\"https:\/\/riberasalud.com\/cepovisa\/#website\"},\"datePublished\":\"2022-05-16T07:06:17+00:00\",\"dateModified\":\"2025-09-03T08:39:06+00:00\",\"description\":\"Aprende en Cepovisa a obtener im\u00e1genes m\u00e9dicas, utilizando equipos de rayos X, de resonancia magn\u00e9tica y de medicina nuclear\",\"breadcrumb\":{\"@id\":\"https:\/\/riberasalud.com\/cepovisa\/formacion-profesional\/grado-superior\/imagen-diagnostico-medicina-nuclear\/#breadcrumb\"},\"inLanguage\":\"es\",\"potentialAction\":[{\"@type\":\"ReadAction\",\"target\":[\"https:\/\/riberasalud.com\/cepovisa\/formacion-profesional\/grado-superior\/imagen-diagnostico-medicina-nuclear\/\"]}]},{\"@type\":\"BreadcrumbList\",\"@id\":\"https:\/\/riberasalud.com\/cepovisa\/formacion-profesional\/grado-superior\/imagen-diagnostico-medicina-nuclear\/#breadcrumb\",\"itemListElement\":[{\"@type\":\"ListItem\",\"position\":1,\"name\":\"Portada\",\"item\":\"https:\/\/riberasalud.com\/cepovisa\/\"},{\"@type\":\"ListItem\",\"position\":2,\"name\":\"Formaci\u00f3n profesional\",\"item\":\"https:\/\/riberasalud.com\/cepovisa\/formacion-profesional\/\"},{\"@type\":\"ListItem\",\"position\":3,\"name\":\"Grado superior\",\"item\":\"https:\/\/riberasalud.com\/cepovisa\/formacion-profesional\/grado-superior\/\"},{\"@type\":\"ListItem\",\"position\":4,\"name\":\"T\u00e9cnico Superior en Imagen para el Diagn\u00f3stico y Medicina Nuclear\"}]},{\"@type\":\"WebSite\",\"@id\":\"https:\/\/riberasalud.com\/cepovisa\/#website\",\"url\":\"https:\/\/riberasalud.com\/cepovisa\/\",\"name\":\"Cepovisa\",\"description\":\"\",\"publisher\":{\"@id\":\"https:\/\/riberasalud.com\/cepovisa\/#organization\"},\"potentialAction\":[{\"@type\":\"SearchAction\",\"target\":{\"@type\":\"EntryPoint\",\"urlTemplate\":\"https:\/\/riberasalud.com\/cepovisa\/?s={search_term_string}\"},\"query-input\":{\"@type\":\"PropertyValueSpecification\",\"valueRequired\":true,\"valueName\":\"search_term_string\"}}],\"inLanguage\":\"es\"},{\"@type\":\"Organization\",\"@id\":\"https:\/\/riberasalud.com\/cepovisa\/#organization\",\"name\":\"Cepovisa\",\"url\":\"https:\/\/riberasalud.com\/cepovisa\/\",\"logo\":{\"@type\":\"ImageObject\",\"inLanguage\":\"es\",\"@id\":\"https:\/\/riberasalud.com\/cepovisa\/#\/schema\/logo\/image\/\",\"url\":\"https:\/\/riberasalud.com\/cepovisa\/wp-content\/uploads\/2024\/08\/cropped-FORMACIONPROFESIONAL-cepivsa-logo.png\",\"contentUrl\":\"https:\/\/riberasalud.com\/cepovisa\/wp-content\/uploads\/2024\/08\/cropped-FORMACIONPROFESIONAL-cepivsa-logo.png\",\"width\":847,\"height\":94,\"caption\":\"Cepovisa\"},\"image\":{\"@id\":\"https:\/\/riberasalud.com\/cepovisa\/#\/schema\/logo\/image\/\"}}]}<\/script>\n<!-- \/ Yoast SEO plugin. -->","yoast_head_json":{"title":"T\u00e9cnico Superior Imagen para el Diagn\u00f3stico y Medicina Nuclear","description":"Aprende en Cepovisa a obtener im\u00e1genes m\u00e9dicas, utilizando equipos de rayos X, de resonancia magn\u00e9tica y de medicina nuclear","robots":{"index":"index","follow":"follow","max-snippet":"max-snippet:-1","max-image-preview":"max-image-preview:large","max-video-preview":"max-video-preview:-1"},"canonical":"https:\/\/riberasalud.com\/cepovisa\/formacion-profesional\/grado-superior\/imagen-diagnostico-medicina-nuclear\/","og_locale":"es_ES","og_type":"article","og_title":"T\u00e9cnico Superior Imagen para el Diagn\u00f3stico y Medicina Nuclear","og_description":"Aprende en Cepovisa a obtener im\u00e1genes m\u00e9dicas, utilizando equipos de rayos X, de resonancia magn\u00e9tica y de medicina nuclear","og_url":"https:\/\/riberasalud.com\/cepovisa\/formacion-profesional\/grado-superior\/imagen-diagnostico-medicina-nuclear\/","og_site_name":"Cepovisa","article_modified_time":"2025-09-03T08:39:06+00:00","twitter_card":"summary_large_image","twitter_misc":{"Tiempo de lectura":"3 minutos"},"schema":{"@context":"https:\/\/schema.org","@graph":[{"@type":"WebPage","@id":"https:\/\/riberasalud.com\/cepovisa\/formacion-profesional\/grado-superior\/imagen-diagnostico-medicina-nuclear\/","url":"https:\/\/riberasalud.com\/cepovisa\/formacion-profesional\/grado-superior\/imagen-diagnostico-medicina-nuclear\/","name":"T\u00e9cnico Superior Imagen para el Diagn\u00f3stico y Medicina Nuclear","isPartOf":{"@id":"https:\/\/riberasalud.com\/cepovisa\/#website"},"datePublished":"2022-05-16T07:06:17+00:00","dateModified":"2025-09-03T08:39:06+00:00","description":"Aprende en Cepovisa a obtener im\u00e1genes m\u00e9dicas, utilizando equipos de rayos X, de resonancia magn\u00e9tica y de medicina nuclear","breadcrumb":{"@id":"https:\/\/riberasalud.com\/cepovisa\/formacion-profesional\/grado-superior\/imagen-diagnostico-medicina-nuclear\/#breadcrumb"},"inLanguage":"es","potentialAction":[{"@type":"ReadAction","target":["https:\/\/riberasalud.com\/cepovisa\/formacion-profesional\/grado-superior\/imagen-diagnostico-medicina-nuclear\/"]}]},{"@type":"BreadcrumbList","@id":"https:\/\/riberasalud.com\/cepovisa\/formacion-profesional\/grado-superior\/imagen-diagnostico-medicina-nuclear\/#breadcrumb","itemListElement":[{"@type":"ListItem","position":1,"name":"Portada","item":"https:\/\/riberasalud.com\/cepovisa\/"},{"@type":"ListItem","position":2,"name":"Formaci\u00f3n profesional","item":"https:\/\/riberasalud.com\/cepovisa\/formacion-profesional\/"},{"@type":"ListItem","position":3,"name":"Grado superior","item":"https:\/\/riberasalud.com\/cepovisa\/formacion-profesional\/grado-superior\/"},{"@type":"ListItem","position":4,"name":"T\u00e9cnico Superior en Imagen para el Diagn\u00f3stico y Medicina Nuclear"}]},{"@type":"WebSite","@id":"https:\/\/riberasalud.com\/cepovisa\/#website","url":"https:\/\/riberasalud.com\/cepovisa\/","name":"Cepovisa","description":"","publisher":{"@id":"https:\/\/riberasalud.com\/cepovisa\/#organization"},"potentialAction":[{"@type":"SearchAction","target":{"@type":"EntryPoint","urlTemplate":"https:\/\/riberasalud.com\/cepovisa\/?s={search_term_string}"},"query-input":{"@type":"PropertyValueSpecification","valueRequired":true,"valueName":"search_term_string"}}],"inLanguage":"es"},{"@type":"Organization","@id":"https:\/\/riberasalud.com\/cepovisa\/#organization","name":"Cepovisa","url":"https:\/\/riberasalud.com\/cepovisa\/","logo":{"@type":"ImageObject","inLanguage":"es","@id":"https:\/\/riberasalud.com\/cepovisa\/#\/schema\/logo\/image\/","url":"https:\/\/riberasalud.com\/cepovisa\/wp-content\/uploads\/2024\/08\/cropped-FORMACIONPROFESIONAL-cepivsa-logo.png","contentUrl":"https:\/\/riberasalud.com\/cepovisa\/wp-content\/uploads\/2024\/08\/cropped-FORMACIONPROFESIONAL-cepivsa-logo.png","width":847,"height":94,"caption":"Cepovisa"},"image":{"@id":"https:\/\/riberasalud.com\/cepovisa\/#\/schema\/logo\/image\/"}}]}},"_links":{"self":[{"href":"https:\/\/riberasalud.com\/cepovisa\/wp-json\/wp\/v2\/pages\/733","targetHints":{"allow":["GET"]}}],"collection":[{"href":"https:\/\/riberasalud.com\/cepovisa\/wp-json\/wp\/v2\/pages"}],"about":[{"href":"https:\/\/riberasalud.com\/cepovisa\/wp-json\/wp\/v2\/types\/page"}],"author":[{"embeddable":true,"href":"https:\/\/riberasalud.com\/cepovisa\/wp-json\/wp\/v2\/users\/1"}],"replies":[{"embeddable":true,"href":"https:\/\/riberasalud.com\/cepovisa\/wp-json\/wp\/v2\/comments?post=733"}],"version-history":[{"count":13,"href":"https:\/\/riberasalud.com\/cepovisa\/wp-json\/wp\/v2\/pages\/733\/revisions"}],"predecessor-version":[{"id":10006,"href":"https:\/\/riberasalud.com\/cepovisa\/wp-json\/wp\/v2\/pages\/733\/revisions\/10006"}],"up":[{"embeddable":true,"href":"https:\/\/riberasalud.com\/cepovisa\/wp-json\/wp\/v2\/pages\/730"}],"wp:attachment":[{"href":"https:\/\/riberasalud.com\/cepovisa\/wp-json\/wp\/v2\/media?parent=733"}],"curies":[{"name":"wp","href":"https:\/\/api.w.org\/{rel}","templated":true}]}}