{"id":730,"date":"2022-05-16T07:04:10","date_gmt":"2022-05-16T07:04:10","guid":{"rendered":"https:\/\/riberasalud.com\/cepovisa\/?page_id=730"},"modified":"2023-03-29T10:31:55","modified_gmt":"2023-03-29T10:31:55","slug":"grado-superior","status":"publish","type":"page","link":"https:\/\/riberasalud.com\/cepovisa\/formacion-profesional\/grado-superior\/","title":{"rendered":"Grado superior"},"content":{"rendered":"\n<div class=\"wp-block-group bannersolotexto\"><div class=\"wp-block-group__inner-container is-layout-flow wp-block-group-is-layout-flow\">\n<h1 class=\"wp-block-heading\">Grado superior<\/h1>\n\n\n\n<p>Conoce nuestra oferta de grados superiores<\/p>\n<\/div><\/div>\n\n\n\n<div class=\"wp-block-group\"><div class=\"wp-block-group__inner-container is-layout-flow wp-block-group-is-layout-flow\">\n<figure class=\"wp-block-image size-large is-resized fotoredonda\"><img loading=\"lazy\" decoding=\"async\" src=\"https:\/\/riberasalud.com\/cepovisa\/wp-content\/uploads\/2022\/07\/Nuevo-proyecto7-1024x224.png\" alt=\"\" class=\"wp-image-4972\" width=\"1920\" height=\"420\" srcset=\"https:\/\/riberasalud.com\/cepovisa\/wp-content\/uploads\/2022\/07\/Nuevo-proyecto7-1024x224.png 1024w, https:\/\/riberasalud.com\/cepovisa\/wp-content\/uploads\/2022\/07\/Nuevo-proyecto7-300x66.png 300w, https:\/\/riberasalud.com\/cepovisa\/wp-content\/uploads\/2022\/07\/Nuevo-proyecto7-768x168.png 768w, https:\/\/riberasalud.com\/cepovisa\/wp-content\/uploads\/2022\/07\/Nuevo-proyecto7-1536x336.png 1536w, https:\/\/riberasalud.com\/cepovisa\/wp-content\/uploads\/2022\/07\/Nuevo-proyecto7.png 1920w\" sizes=\"auto, (max-width: 1920px) 100vw, 1920px\" \/><\/figure>\n\n\n\n<div class=\"bloqueacordeon\">\n<div class=\"accordion\" style=\"width:100%\"><span class=\"tituloaccordion\">T\u00e9cnico Superior en Imagen para el Diagn\u00f3stico y Medicina Nuclear<\/span><span class=\"plus\">+<\/span><\/div>\n<div class=\"panel\" style=\"display:none\">\n  <p><strong>\u00bfQu\u00e9 se aprende a hacer?:<\/strong> Obtener registros gr\u00e1ficos, morfol\u00f3gicos o funcionales del cuerpo humano, con fines diagn\u00f3sticos o terap\u00e9uticos a partir de la prescripci\u00f3n facultativa, utilizando equipamientos de diagn\u00f3stico por imagen y de medicina nuclear, y asistiendo al paciente durante su estancia en la unidad, aplicando los protocolos de radioprotecci\u00f3n y de garant\u00eda de calidad, as\u00ed como los establecidos en la unidad asistencial.<\/p>\n<p class=\"sabermas\"><a href=\"https:\/\/riberasalud.com\/cepovisa\/formacion-profesional\/grado-superior\/imagen-diagnostico-medicina-nuclear\/\">Saber m\u00e1s<\/a><\/p>\n<\/div>\n\n<div class=\"accordion\" style=\"width:100%\"><span class=\"tituloaccordion\">T\u00e9cnico Superior en Anatom\u00eda Patol\u00f3gica y Citodiagn\u00f3stico<\/span><span class=\"plus\">+<\/span><\/div>\n<div class=\"panel\" style=\"display:none\">\n  <p><strong>\u00bfQu\u00e9 se aprende a hacer?:<\/strong> Procesar muestras histol\u00f3gicas y citol\u00f3gicas, seleccionar y hacer la aproximaci\u00f3n diagn\u00f3stica de citolog\u00edas ginecol\u00f3gicas y generales; colaborar en la realizaci\u00f3n de necropsias cl\u00ednicas y forenses, de manera que sirvan como soporte al diagn\u00f3stico cl\u00ednico o m\u00e9dico-legal, organizando y programando el trabajo y cumpliendo criterios de calidad del servicio y de optimizaci\u00f3n de recursos, bajo la supervisi\u00f3n facultativa correspondiente.<\/p>\n<p class=\"sabermas\"><a href=\"https:\/\/riberasalud.com\/cepovisa\/formacion-profesional\/grado-superior\/anatomia-patologica-y-citodiagnostico\/\">Saber m\u00e1s<\/a><\/p>\n<\/div>\n\n<div class=\"accordion\" style=\"width:100%\"><span class=\"tituloaccordion\">T\u00e9cnico Superior en Radioterapia y Dosimetr\u00eda<\/span><span class=\"plus\">+<\/span><\/div>\n<div class=\"panel\" style=\"display:none\">\n  <p><strong>\u00bfQu\u00e9 se aprende a hacer?:<\/strong> Aplicar tratamientos con radiaciones ionizantes bajo prescripci\u00f3n m\u00e9dica; utilizar equipamientos provistos de fuentes encapsuladas o productores de radiaciones aplicando las normas de radioprotecci\u00f3n generales y espec\u00edficas, asistiendo al paciente durante su estancia en la unidad, as\u00ed como realizar procedimientos de protecci\u00f3n radiol\u00f3gica hospitalaria, siguiendo normas de garant\u00eda de calidad y los protocolos establecidos en la unidad asistencial.<\/p>\n<p class=\"sabermas\"><a href=\"https:\/\/riberasalud.com\/cepovisa\/formacion-profesional\/grado-superior\/radioterapia-dosimetria\/\">Saber m\u00e1s<\/a><\/p>\n<\/div>\n\n<\/div>\n\n<script>\nvar acc = document.getElementsByClassName(\"accordion\");\nvar i;\n\nfor (i = 0; i < acc.length; i++) {\n  acc[i].addEventListener(\"click\", function() {\n    var panel = this.nextElementSibling;\n    if (panel.style.display === \"block\") {document.getElementsByClassName('active')[0].getElementsByClassName('plus')[0].innerHTML=\"+\" ;}\n    this.classList.toggle(\"active\");\n\n    if (panel.style.display === \"block\") {\n      panel.style.display = \"none\";\n\n    } else {\n      panel.style.display = \"block\";\ndocument.getElementsByClassName('active')[0].getElementsByClassName('plus')[0].innerHTML=\"-\" ;\n    }\n  });\n}\n<\/script>\n<\/div><\/div>\n\n\n\n<p><\/p>\n","protected":false},"excerpt":{"rendered":"<p>Grado superior Conoce nuestra oferta de grados superiores T\u00e9cnico Superior en Imagen para el Diagn\u00f3stico y Medicina Nuclear+ \u00bfQu\u00e9 se aprende a hacer?: Obtener registros gr\u00e1ficos, morfol\u00f3gicos o funcionales del cuerpo humano, con fines diagn\u00f3sticos o terap\u00e9uticos a partir de la prescripci\u00f3n facultativa, utilizando equipamientos de diagn\u00f3stico por imagen y de medicina nuclear, y asistiendo &#8230; <a title=\"Grado superior\" class=\"read-more\" href=\"https:\/\/riberasalud.com\/cepovisa\/formacion-profesional\/grado-superior\/\" aria-label=\"Leer m\u00e1s sobre Grado superior\">Leer m\u00e1s<\/a><\/p>\n","protected":false},"author":1,"featured_media":0,"parent":531,"menu_order":0,"comment_status":"closed","ping_status":"closed","template":"","meta":{"_mi_skip_tracking":false,"footnotes":""},"class_list":["post-730","page","type-page","status-publish"],"yoast_head":"<!-- This site is optimized with the Yoast SEO plugin v26.6 - https:\/\/yoast.com\/wordpress\/plugins\/seo\/ -->\n<title>Grado superior - Cepovisa<\/title>\n<meta name=\"description\" content=\"Grado superior Conoce nuestra oferta de grados superiores T\u00e9cnico Superior en Imagen para el Diagn\u00f3stico y Medicina Nuclear+ \u00bfQu\u00e9 se aprende a hacer?:\" \/>\n<meta name=\"robots\" content=\"index, follow, max-snippet:-1, max-image-preview:large, max-video-preview:-1\" \/>\n<link rel=\"canonical\" href=\"https:\/\/riberasalud.com\/cepovisa\/formacion-profesional\/grado-superior\/\" \/>\n<meta property=\"og:locale\" content=\"es_ES\" \/>\n<meta property=\"og:type\" content=\"article\" \/>\n<meta property=\"og:title\" content=\"Grado superior - Cepovisa\" \/>\n<meta property=\"og:description\" content=\"Grado superior Conoce nuestra oferta de grados superiores T\u00e9cnico Superior en Imagen para el Diagn\u00f3stico y Medicina Nuclear+ \u00bfQu\u00e9 se aprende a hacer?:\" \/>\n<meta property=\"og:url\" content=\"https:\/\/riberasalud.com\/cepovisa\/formacion-profesional\/grado-superior\/\" \/>\n<meta property=\"og:site_name\" content=\"Cepovisa\" \/>\n<meta property=\"article:modified_time\" content=\"2023-03-29T10:31:55+00:00\" \/>\n<meta property=\"og:image\" content=\"https:\/\/riberasalud.com\/cepovisa\/wp-content\/uploads\/2022\/07\/Nuevo-proyecto7-1024x224.png\" \/>\n<meta name=\"twitter:card\" content=\"summary_large_image\" \/>\n<meta name=\"twitter:label1\" content=\"Tiempo de lectura\" \/>\n\t<meta name=\"twitter:data1\" content=\"1 minuto\" \/>\n<script type=\"application\/ld+json\" class=\"yoast-schema-graph\">{\"@context\":\"https:\/\/schema.org\",\"@graph\":[{\"@type\":\"WebPage\",\"@id\":\"https:\/\/riberasalud.com\/cepovisa\/formacion-profesional\/grado-superior\/\",\"url\":\"https:\/\/riberasalud.com\/cepovisa\/formacion-profesional\/grado-superior\/\",\"name\":\"Grado superior - Cepovisa\",\"isPartOf\":{\"@id\":\"https:\/\/riberasalud.com\/cepovisa\/#website\"},\"primaryImageOfPage\":{\"@id\":\"https:\/\/riberasalud.com\/cepovisa\/formacion-profesional\/grado-superior\/#primaryimage\"},\"image\":{\"@id\":\"https:\/\/riberasalud.com\/cepovisa\/formacion-profesional\/grado-superior\/#primaryimage\"},\"thumbnailUrl\":\"https:\/\/riberasalud.com\/cepovisa\/wp-content\/uploads\/2022\/07\/Nuevo-proyecto7-1024x224.png\",\"datePublished\":\"2022-05-16T07:04:10+00:00\",\"dateModified\":\"2023-03-29T10:31:55+00:00\",\"description\":\"Grado superior Conoce nuestra oferta de grados superiores T\u00e9cnico Superior en Imagen para el Diagn\u00f3stico y Medicina Nuclear+ \u00bfQu\u00e9 se aprende a hacer?:\",\"breadcrumb\":{\"@id\":\"https:\/\/riberasalud.com\/cepovisa\/formacion-profesional\/grado-superior\/#breadcrumb\"},\"inLanguage\":\"es\",\"potentialAction\":[{\"@type\":\"ReadAction\",\"target\":[\"https:\/\/riberasalud.com\/cepovisa\/formacion-profesional\/grado-superior\/\"]}]},{\"@type\":\"ImageObject\",\"inLanguage\":\"es\",\"@id\":\"https:\/\/riberasalud.com\/cepovisa\/formacion-profesional\/grado-superior\/#primaryimage\",\"url\":\"https:\/\/riberasalud.com\/cepovisa\/wp-content\/uploads\/2022\/07\/Nuevo-proyecto7.png\",\"contentUrl\":\"https:\/\/riberasalud.com\/cepovisa\/wp-content\/uploads\/2022\/07\/Nuevo-proyecto7.png\",\"width\":1920,\"height\":420},{\"@type\":\"BreadcrumbList\",\"@id\":\"https:\/\/riberasalud.com\/cepovisa\/formacion-profesional\/grado-superior\/#breadcrumb\",\"itemListElement\":[{\"@type\":\"ListItem\",\"position\":1,\"name\":\"Portada\",\"item\":\"https:\/\/riberasalud.com\/cepovisa\/\"},{\"@type\":\"ListItem\",\"position\":2,\"name\":\"Formaci\u00f3n profesional\",\"item\":\"https:\/\/riberasalud.com\/cepovisa\/formacion-profesional\/\"},{\"@type\":\"ListItem\",\"position\":3,\"name\":\"Grado superior\"}]},{\"@type\":\"WebSite\",\"@id\":\"https:\/\/riberasalud.com\/cepovisa\/#website\",\"url\":\"https:\/\/riberasalud.com\/cepovisa\/\",\"name\":\"Cepovisa\",\"description\":\"\",\"publisher\":{\"@id\":\"https:\/\/riberasalud.com\/cepovisa\/#organization\"},\"potentialAction\":[{\"@type\":\"SearchAction\",\"target\":{\"@type\":\"EntryPoint\",\"urlTemplate\":\"https:\/\/riberasalud.com\/cepovisa\/?s={search_term_string}\"},\"query-input\":{\"@type\":\"PropertyValueSpecification\",\"valueRequired\":true,\"valueName\":\"search_term_string\"}}],\"inLanguage\":\"es\"},{\"@type\":\"Organization\",\"@id\":\"https:\/\/riberasalud.com\/cepovisa\/#organization\",\"name\":\"Cepovisa\",\"url\":\"https:\/\/riberasalud.com\/cepovisa\/\",\"logo\":{\"@type\":\"ImageObject\",\"inLanguage\":\"es\",\"@id\":\"https:\/\/riberasalud.com\/cepovisa\/#\/schema\/logo\/image\/\",\"url\":\"https:\/\/riberasalud.com\/cepovisa\/wp-content\/uploads\/2024\/08\/cropped-FORMACIONPROFESIONAL-cepivsa-logo.png\",\"contentUrl\":\"https:\/\/riberasalud.com\/cepovisa\/wp-content\/uploads\/2024\/08\/cropped-FORMACIONPROFESIONAL-cepivsa-logo.png\",\"width\":847,\"height\":94,\"caption\":\"Cepovisa\"},\"image\":{\"@id\":\"https:\/\/riberasalud.com\/cepovisa\/#\/schema\/logo\/image\/\"}}]}<\/script>\n<!-- \/ Yoast SEO plugin. -->","yoast_head_json":{"title":"Grado superior - Cepovisa","description":"Grado superior Conoce nuestra oferta de grados superiores T\u00e9cnico Superior en Imagen para el Diagn\u00f3stico y Medicina Nuclear+ \u00bfQu\u00e9 se aprende a hacer?:","robots":{"index":"index","follow":"follow","max-snippet":"max-snippet:-1","max-image-preview":"max-image-preview:large","max-video-preview":"max-video-preview:-1"},"canonical":"https:\/\/riberasalud.com\/cepovisa\/formacion-profesional\/grado-superior\/","og_locale":"es_ES","og_type":"article","og_title":"Grado superior - Cepovisa","og_description":"Grado superior Conoce nuestra oferta de grados superiores T\u00e9cnico Superior en Imagen para el Diagn\u00f3stico y Medicina Nuclear+ \u00bfQu\u00e9 se aprende a hacer?:","og_url":"https:\/\/riberasalud.com\/cepovisa\/formacion-profesional\/grado-superior\/","og_site_name":"Cepovisa","article_modified_time":"2023-03-29T10:31:55+00:00","og_image":[{"url":"https:\/\/riberasalud.com\/cepovisa\/wp-content\/uploads\/2022\/07\/Nuevo-proyecto7-1024x224.png","type":"","width":"","height":""}],"twitter_card":"summary_large_image","twitter_misc":{"Tiempo de lectura":"1 minuto"},"schema":{"@context":"https:\/\/schema.org","@graph":[{"@type":"WebPage","@id":"https:\/\/riberasalud.com\/cepovisa\/formacion-profesional\/grado-superior\/","url":"https:\/\/riberasalud.com\/cepovisa\/formacion-profesional\/grado-superior\/","name":"Grado superior - Cepovisa","isPartOf":{"@id":"https:\/\/riberasalud.com\/cepovisa\/#website"},"primaryImageOfPage":{"@id":"https:\/\/riberasalud.com\/cepovisa\/formacion-profesional\/grado-superior\/#primaryimage"},"image":{"@id":"https:\/\/riberasalud.com\/cepovisa\/formacion-profesional\/grado-superior\/#primaryimage"},"thumbnailUrl":"https:\/\/riberasalud.com\/cepovisa\/wp-content\/uploads\/2022\/07\/Nuevo-proyecto7-1024x224.png","datePublished":"2022-05-16T07:04:10+00:00","dateModified":"2023-03-29T10:31:55+00:00","description":"Grado superior Conoce nuestra oferta de grados superiores T\u00e9cnico Superior en Imagen para el Diagn\u00f3stico y Medicina Nuclear+ \u00bfQu\u00e9 se aprende a hacer?:","breadcrumb":{"@id":"https:\/\/riberasalud.com\/cepovisa\/formacion-profesional\/grado-superior\/#breadcrumb"},"inLanguage":"es","potentialAction":[{"@type":"ReadAction","target":["https:\/\/riberasalud.com\/cepovisa\/formacion-profesional\/grado-superior\/"]}]},{"@type":"ImageObject","inLanguage":"es","@id":"https:\/\/riberasalud.com\/cepovisa\/formacion-profesional\/grado-superior\/#primaryimage","url":"https:\/\/riberasalud.com\/cepovisa\/wp-content\/uploads\/2022\/07\/Nuevo-proyecto7.png","contentUrl":"https:\/\/riberasalud.com\/cepovisa\/wp-content\/uploads\/2022\/07\/Nuevo-proyecto7.png","width":1920,"height":420},{"@type":"BreadcrumbList","@id":"https:\/\/riberasalud.com\/cepovisa\/formacion-profesional\/grado-superior\/#breadcrumb","itemListElement":[{"@type":"ListItem","position":1,"name":"Portada","item":"https:\/\/riberasalud.com\/cepovisa\/"},{"@type":"ListItem","position":2,"name":"Formaci\u00f3n profesional","item":"https:\/\/riberasalud.com\/cepovisa\/formacion-profesional\/"},{"@type":"ListItem","position":3,"name":"Grado superior"}]},{"@type":"WebSite","@id":"https:\/\/riberasalud.com\/cepovisa\/#website","url":"https:\/\/riberasalud.com\/cepovisa\/","name":"Cepovisa","description":"","publisher":{"@id":"https:\/\/riberasalud.com\/cepovisa\/#organization"},"potentialAction":[{"@type":"SearchAction","target":{"@type":"EntryPoint","urlTemplate":"https:\/\/riberasalud.com\/cepovisa\/?s={search_term_string}"},"query-input":{"@type":"PropertyValueSpecification","valueRequired":true,"valueName":"search_term_string"}}],"inLanguage":"es"},{"@type":"Organization","@id":"https:\/\/riberasalud.com\/cepovisa\/#organization","name":"Cepovisa","url":"https:\/\/riberasalud.com\/cepovisa\/","logo":{"@type":"ImageObject","inLanguage":"es","@id":"https:\/\/riberasalud.com\/cepovisa\/#\/schema\/logo\/image\/","url":"https:\/\/riberasalud.com\/cepovisa\/wp-content\/uploads\/2024\/08\/cropped-FORMACIONPROFESIONAL-cepivsa-logo.png","contentUrl":"https:\/\/riberasalud.com\/cepovisa\/wp-content\/uploads\/2024\/08\/cropped-FORMACIONPROFESIONAL-cepivsa-logo.png","width":847,"height":94,"caption":"Cepovisa"},"image":{"@id":"https:\/\/riberasalud.com\/cepovisa\/#\/schema\/logo\/image\/"}}]}},"_links":{"self":[{"href":"https:\/\/riberasalud.com\/cepovisa\/wp-json\/wp\/v2\/pages\/730","targetHints":{"allow":["GET"]}}],"collection":[{"href":"https:\/\/riberasalud.com\/cepovisa\/wp-json\/wp\/v2\/pages"}],"about":[{"href":"https:\/\/riberasalud.com\/cepovisa\/wp-json\/wp\/v2\/types\/page"}],"author":[{"embeddable":true,"href":"https:\/\/riberasalud.com\/cepovisa\/wp-json\/wp\/v2\/users\/1"}],"replies":[{"embeddable":true,"href":"https:\/\/riberasalud.com\/cepovisa\/wp-json\/wp\/v2\/comments?post=730"}],"version-history":[{"count":4,"href":"https:\/\/riberasalud.com\/cepovisa\/wp-json\/wp\/v2\/pages\/730\/revisions"}],"predecessor-version":[{"id":4973,"href":"https:\/\/riberasalud.com\/cepovisa\/wp-json\/wp\/v2\/pages\/730\/revisions\/4973"}],"up":[{"embeddable":true,"href":"https:\/\/riberasalud.com\/cepovisa\/wp-json\/wp\/v2\/pages\/531"}],"wp:attachment":[{"href":"https:\/\/riberasalud.com\/cepovisa\/wp-json\/wp\/v2\/media?parent=730"}],"curies":[{"name":"wp","href":"https:\/\/api.w.org\/{rel}","templated":true}]}}