{"id":721,"date":"2022-05-16T06:57:33","date_gmt":"2022-05-16T06:57:33","guid":{"rendered":"https:\/\/riberasalud.com\/cepovisa\/?page_id=721"},"modified":"2023-03-29T10:32:10","modified_gmt":"2023-03-29T10:32:10","slug":"grado-medio","status":"publish","type":"page","link":"https:\/\/riberasalud.com\/cepovisa\/formacion-profesional\/grado-medio\/","title":{"rendered":"Grado medio"},"content":{"rendered":"\n<div class=\"wp-block-group bannersolotexto\"><div class=\"wp-block-group__inner-container is-layout-flow wp-block-group-is-layout-flow\">\n<h1 class=\"wp-block-heading\">Grado medio<\/h1>\n\n\n\n<p>Conoce nuestra oferta de grados medios<\/p>\n<\/div><\/div>\n\n\n\n<div class=\"wp-block-group\"><div class=\"wp-block-group__inner-container is-layout-flow wp-block-group-is-layout-flow\">\n<figure class=\"wp-block-image size-large is-resized fotoredonda\"><img loading=\"lazy\" decoding=\"async\" src=\"https:\/\/riberasalud.com\/cepovisa\/wp-content\/uploads\/2022\/07\/banner-2-1024x224.png\" alt=\"\" class=\"wp-image-4937\" width=\"1920\" height=\"420\" srcset=\"https:\/\/riberasalud.com\/cepovisa\/wp-content\/uploads\/2022\/07\/banner-2-1024x224.png 1024w, https:\/\/riberasalud.com\/cepovisa\/wp-content\/uploads\/2022\/07\/banner-2-300x66.png 300w, https:\/\/riberasalud.com\/cepovisa\/wp-content\/uploads\/2022\/07\/banner-2-768x168.png 768w, https:\/\/riberasalud.com\/cepovisa\/wp-content\/uploads\/2022\/07\/banner-2.png 1536w\" sizes=\"auto, (max-width: 1920px) 100vw, 1920px\" \/><\/figure>\n\n\n\n<div class=\"bloqueacordeon\">\n<div class=\"accordion\" style=\"width:100%\"><span class=\"tituloaccordion\">Cuidados Auxiliares de Enfermer\u00eda<\/span><span class=\"plus\">+<\/span><\/div>\n<div class=\"panel\" style=\"display:none\">\n  <p><strong>Perfil profesional del t\u00edtulo:<\/strong> Proporcionar cuidados auxiliares al paciente\/cliente y actuar sobre las condiciones sanitarias de su entorno, como miembro de un equipo de enfermer\u00eda en los centros sanitarios de atenci\u00f3n especializada, atenci\u00f3n primaria, centros geri\u00e1tricos, de salud buco-dental, atenci\u00f3n a domicilio, etc.<\/p>\n<p class=\"sabermas\"><a href=\"https:\/\/riberasalud.com\/cepovisa\/formacion-profesional\/grado-superior\/cuidados-auxiliares-enfermeria\/\">Saber m\u00e1s<\/a><\/p>\n<\/div>\n\n<\/div>\n\n<script>\nvar acc = document.getElementsByClassName(\"accordion\");\nvar i;\n\nfor (i = 0; i < acc.length; i++) {\n  acc[i].addEventListener(\"click\", function() {\n    var panel = this.nextElementSibling;\n    if (panel.style.display === \"block\") {document.getElementsByClassName('active')[0].getElementsByClassName('plus')[0].innerHTML=\"+\" ;}\n    this.classList.toggle(\"active\");\n\n    if (panel.style.display === \"block\") {\n      panel.style.display = \"none\";\n\n    } else {\n      panel.style.display = \"block\";\ndocument.getElementsByClassName('active')[0].getElementsByClassName('plus')[0].innerHTML=\"-\" ;\n    }\n  });\n}\n<\/script>\n<\/div><\/div>\n\n\n\n<p><\/p>\n","protected":false},"excerpt":{"rendered":"<p>Grado medio Conoce nuestra oferta de grados medios Cuidados Auxiliares de Enfermer\u00eda+ Perfil profesional del t\u00edtulo: Proporcionar cuidados auxiliares al paciente\/cliente y actuar sobre las condiciones sanitarias de su entorno, como miembro de un equipo de enfermer\u00eda en los centros sanitarios de atenci\u00f3n especializada, atenci\u00f3n primaria, centros geri\u00e1tricos, de salud buco-dental, atenci\u00f3n a domicilio, etc. &#8230; <a title=\"Grado medio\" class=\"read-more\" href=\"https:\/\/riberasalud.com\/cepovisa\/formacion-profesional\/grado-medio\/\" aria-label=\"Leer m\u00e1s sobre Grado medio\">Leer m\u00e1s<\/a><\/p>\n","protected":false},"author":1,"featured_media":0,"parent":531,"menu_order":0,"comment_status":"closed","ping_status":"closed","template":"","meta":{"_mi_skip_tracking":false,"footnotes":""},"class_list":["post-721","page","type-page","status-publish"],"yoast_head":"<!-- This site is optimized with the Yoast SEO plugin v26.6 - https:\/\/yoast.com\/wordpress\/plugins\/seo\/ -->\n<title>Grado medio - Cepovisa<\/title>\n<meta name=\"description\" content=\"Grado medio Conoce nuestra oferta de grados medios Cuidados Auxiliares de Enfermer\u00eda+ Perfil profesional del t\u00edtulo: Proporcionar cuidados auxiliares al\" \/>\n<meta name=\"robots\" content=\"index, follow, max-snippet:-1, max-image-preview:large, max-video-preview:-1\" \/>\n<link rel=\"canonical\" href=\"https:\/\/riberasalud.com\/cepovisa\/formacion-profesional\/grado-medio\/\" \/>\n<meta property=\"og:locale\" content=\"es_ES\" \/>\n<meta property=\"og:type\" content=\"article\" \/>\n<meta property=\"og:title\" content=\"Grado medio - Cepovisa\" \/>\n<meta property=\"og:description\" content=\"Grado medio Conoce nuestra oferta de grados medios Cuidados Auxiliares de Enfermer\u00eda+ Perfil profesional del t\u00edtulo: Proporcionar cuidados auxiliares al\" \/>\n<meta property=\"og:url\" content=\"https:\/\/riberasalud.com\/cepovisa\/formacion-profesional\/grado-medio\/\" \/>\n<meta property=\"og:site_name\" content=\"Cepovisa\" \/>\n<meta property=\"article:modified_time\" content=\"2023-03-29T10:32:10+00:00\" \/>\n<meta property=\"og:image\" content=\"https:\/\/riberasalud.com\/cepovisa\/wp-content\/uploads\/2022\/07\/banner-2-1024x224.png\" \/>\n<meta name=\"twitter:card\" content=\"summary_large_image\" \/>\n<script type=\"application\/ld+json\" class=\"yoast-schema-graph\">{\"@context\":\"https:\/\/schema.org\",\"@graph\":[{\"@type\":\"WebPage\",\"@id\":\"https:\/\/riberasalud.com\/cepovisa\/formacion-profesional\/grado-medio\/\",\"url\":\"https:\/\/riberasalud.com\/cepovisa\/formacion-profesional\/grado-medio\/\",\"name\":\"Grado medio - Cepovisa\",\"isPartOf\":{\"@id\":\"https:\/\/riberasalud.com\/cepovisa\/#website\"},\"primaryImageOfPage\":{\"@id\":\"https:\/\/riberasalud.com\/cepovisa\/formacion-profesional\/grado-medio\/#primaryimage\"},\"image\":{\"@id\":\"https:\/\/riberasalud.com\/cepovisa\/formacion-profesional\/grado-medio\/#primaryimage\"},\"thumbnailUrl\":\"https:\/\/riberasalud.com\/cepovisa\/wp-content\/uploads\/2022\/07\/banner-2-1024x224.png\",\"datePublished\":\"2022-05-16T06:57:33+00:00\",\"dateModified\":\"2023-03-29T10:32:10+00:00\",\"description\":\"Grado medio Conoce nuestra oferta de grados medios Cuidados Auxiliares de Enfermer\u00eda+ Perfil profesional del t\u00edtulo: Proporcionar cuidados auxiliares al\",\"breadcrumb\":{\"@id\":\"https:\/\/riberasalud.com\/cepovisa\/formacion-profesional\/grado-medio\/#breadcrumb\"},\"inLanguage\":\"es\",\"potentialAction\":[{\"@type\":\"ReadAction\",\"target\":[\"https:\/\/riberasalud.com\/cepovisa\/formacion-profesional\/grado-medio\/\"]}]},{\"@type\":\"ImageObject\",\"inLanguage\":\"es\",\"@id\":\"https:\/\/riberasalud.com\/cepovisa\/formacion-profesional\/grado-medio\/#primaryimage\",\"url\":\"https:\/\/riberasalud.com\/cepovisa\/wp-content\/uploads\/2022\/07\/banner-2.png\",\"contentUrl\":\"https:\/\/riberasalud.com\/cepovisa\/wp-content\/uploads\/2022\/07\/banner-2.png\",\"width\":1536,\"height\":336},{\"@type\":\"BreadcrumbList\",\"@id\":\"https:\/\/riberasalud.com\/cepovisa\/formacion-profesional\/grado-medio\/#breadcrumb\",\"itemListElement\":[{\"@type\":\"ListItem\",\"position\":1,\"name\":\"Portada\",\"item\":\"https:\/\/riberasalud.com\/cepovisa\/\"},{\"@type\":\"ListItem\",\"position\":2,\"name\":\"Formaci\u00f3n profesional\",\"item\":\"https:\/\/riberasalud.com\/cepovisa\/formacion-profesional\/\"},{\"@type\":\"ListItem\",\"position\":3,\"name\":\"Grado medio\"}]},{\"@type\":\"WebSite\",\"@id\":\"https:\/\/riberasalud.com\/cepovisa\/#website\",\"url\":\"https:\/\/riberasalud.com\/cepovisa\/\",\"name\":\"Cepovisa\",\"description\":\"\",\"publisher\":{\"@id\":\"https:\/\/riberasalud.com\/cepovisa\/#organization\"},\"potentialAction\":[{\"@type\":\"SearchAction\",\"target\":{\"@type\":\"EntryPoint\",\"urlTemplate\":\"https:\/\/riberasalud.com\/cepovisa\/?s={search_term_string}\"},\"query-input\":{\"@type\":\"PropertyValueSpecification\",\"valueRequired\":true,\"valueName\":\"search_term_string\"}}],\"inLanguage\":\"es\"},{\"@type\":\"Organization\",\"@id\":\"https:\/\/riberasalud.com\/cepovisa\/#organization\",\"name\":\"Cepovisa\",\"url\":\"https:\/\/riberasalud.com\/cepovisa\/\",\"logo\":{\"@type\":\"ImageObject\",\"inLanguage\":\"es\",\"@id\":\"https:\/\/riberasalud.com\/cepovisa\/#\/schema\/logo\/image\/\",\"url\":\"https:\/\/riberasalud.com\/cepovisa\/wp-content\/uploads\/2024\/08\/cropped-FORMACIONPROFESIONAL-cepivsa-logo.png\",\"contentUrl\":\"https:\/\/riberasalud.com\/cepovisa\/wp-content\/uploads\/2024\/08\/cropped-FORMACIONPROFESIONAL-cepivsa-logo.png\",\"width\":847,\"height\":94,\"caption\":\"Cepovisa\"},\"image\":{\"@id\":\"https:\/\/riberasalud.com\/cepovisa\/#\/schema\/logo\/image\/\"}}]}<\/script>\n<!-- \/ Yoast SEO plugin. -->","yoast_head_json":{"title":"Grado medio - Cepovisa","description":"Grado medio Conoce nuestra oferta de grados medios Cuidados Auxiliares de Enfermer\u00eda+ Perfil profesional del t\u00edtulo: Proporcionar cuidados auxiliares al","robots":{"index":"index","follow":"follow","max-snippet":"max-snippet:-1","max-image-preview":"max-image-preview:large","max-video-preview":"max-video-preview:-1"},"canonical":"https:\/\/riberasalud.com\/cepovisa\/formacion-profesional\/grado-medio\/","og_locale":"es_ES","og_type":"article","og_title":"Grado medio - Cepovisa","og_description":"Grado medio Conoce nuestra oferta de grados medios Cuidados Auxiliares de Enfermer\u00eda+ Perfil profesional del t\u00edtulo: Proporcionar cuidados auxiliares al","og_url":"https:\/\/riberasalud.com\/cepovisa\/formacion-profesional\/grado-medio\/","og_site_name":"Cepovisa","article_modified_time":"2023-03-29T10:32:10+00:00","og_image":[{"url":"https:\/\/riberasalud.com\/cepovisa\/wp-content\/uploads\/2022\/07\/banner-2-1024x224.png","type":"","width":"","height":""}],"twitter_card":"summary_large_image","schema":{"@context":"https:\/\/schema.org","@graph":[{"@type":"WebPage","@id":"https:\/\/riberasalud.com\/cepovisa\/formacion-profesional\/grado-medio\/","url":"https:\/\/riberasalud.com\/cepovisa\/formacion-profesional\/grado-medio\/","name":"Grado medio - Cepovisa","isPartOf":{"@id":"https:\/\/riberasalud.com\/cepovisa\/#website"},"primaryImageOfPage":{"@id":"https:\/\/riberasalud.com\/cepovisa\/formacion-profesional\/grado-medio\/#primaryimage"},"image":{"@id":"https:\/\/riberasalud.com\/cepovisa\/formacion-profesional\/grado-medio\/#primaryimage"},"thumbnailUrl":"https:\/\/riberasalud.com\/cepovisa\/wp-content\/uploads\/2022\/07\/banner-2-1024x224.png","datePublished":"2022-05-16T06:57:33+00:00","dateModified":"2023-03-29T10:32:10+00:00","description":"Grado medio Conoce nuestra oferta de grados medios Cuidados Auxiliares de Enfermer\u00eda+ Perfil profesional del t\u00edtulo: Proporcionar cuidados auxiliares al","breadcrumb":{"@id":"https:\/\/riberasalud.com\/cepovisa\/formacion-profesional\/grado-medio\/#breadcrumb"},"inLanguage":"es","potentialAction":[{"@type":"ReadAction","target":["https:\/\/riberasalud.com\/cepovisa\/formacion-profesional\/grado-medio\/"]}]},{"@type":"ImageObject","inLanguage":"es","@id":"https:\/\/riberasalud.com\/cepovisa\/formacion-profesional\/grado-medio\/#primaryimage","url":"https:\/\/riberasalud.com\/cepovisa\/wp-content\/uploads\/2022\/07\/banner-2.png","contentUrl":"https:\/\/riberasalud.com\/cepovisa\/wp-content\/uploads\/2022\/07\/banner-2.png","width":1536,"height":336},{"@type":"BreadcrumbList","@id":"https:\/\/riberasalud.com\/cepovisa\/formacion-profesional\/grado-medio\/#breadcrumb","itemListElement":[{"@type":"ListItem","position":1,"name":"Portada","item":"https:\/\/riberasalud.com\/cepovisa\/"},{"@type":"ListItem","position":2,"name":"Formaci\u00f3n profesional","item":"https:\/\/riberasalud.com\/cepovisa\/formacion-profesional\/"},{"@type":"ListItem","position":3,"name":"Grado medio"}]},{"@type":"WebSite","@id":"https:\/\/riberasalud.com\/cepovisa\/#website","url":"https:\/\/riberasalud.com\/cepovisa\/","name":"Cepovisa","description":"","publisher":{"@id":"https:\/\/riberasalud.com\/cepovisa\/#organization"},"potentialAction":[{"@type":"SearchAction","target":{"@type":"EntryPoint","urlTemplate":"https:\/\/riberasalud.com\/cepovisa\/?s={search_term_string}"},"query-input":{"@type":"PropertyValueSpecification","valueRequired":true,"valueName":"search_term_string"}}],"inLanguage":"es"},{"@type":"Organization","@id":"https:\/\/riberasalud.com\/cepovisa\/#organization","name":"Cepovisa","url":"https:\/\/riberasalud.com\/cepovisa\/","logo":{"@type":"ImageObject","inLanguage":"es","@id":"https:\/\/riberasalud.com\/cepovisa\/#\/schema\/logo\/image\/","url":"https:\/\/riberasalud.com\/cepovisa\/wp-content\/uploads\/2024\/08\/cropped-FORMACIONPROFESIONAL-cepivsa-logo.png","contentUrl":"https:\/\/riberasalud.com\/cepovisa\/wp-content\/uploads\/2024\/08\/cropped-FORMACIONPROFESIONAL-cepivsa-logo.png","width":847,"height":94,"caption":"Cepovisa"},"image":{"@id":"https:\/\/riberasalud.com\/cepovisa\/#\/schema\/logo\/image\/"}}]}},"_links":{"self":[{"href":"https:\/\/riberasalud.com\/cepovisa\/wp-json\/wp\/v2\/pages\/721","targetHints":{"allow":["GET"]}}],"collection":[{"href":"https:\/\/riberasalud.com\/cepovisa\/wp-json\/wp\/v2\/pages"}],"about":[{"href":"https:\/\/riberasalud.com\/cepovisa\/wp-json\/wp\/v2\/types\/page"}],"author":[{"embeddable":true,"href":"https:\/\/riberasalud.com\/cepovisa\/wp-json\/wp\/v2\/users\/1"}],"replies":[{"embeddable":true,"href":"https:\/\/riberasalud.com\/cepovisa\/wp-json\/wp\/v2\/comments?post=721"}],"version-history":[{"count":9,"href":"https:\/\/riberasalud.com\/cepovisa\/wp-json\/wp\/v2\/pages\/721\/revisions"}],"predecessor-version":[{"id":5015,"href":"https:\/\/riberasalud.com\/cepovisa\/wp-json\/wp\/v2\/pages\/721\/revisions\/5015"}],"up":[{"embeddable":true,"href":"https:\/\/riberasalud.com\/cepovisa\/wp-json\/wp\/v2\/pages\/531"}],"wp:attachment":[{"href":"https:\/\/riberasalud.com\/cepovisa\/wp-json\/wp\/v2\/media?parent=721"}],"curies":[{"name":"wp","href":"https:\/\/api.w.org\/{rel}","templated":true}]}}