{"id":694,"date":"2022-05-16T06:46:38","date_gmt":"2022-05-16T06:46:38","guid":{"rendered":"https:\/\/riberasalud.com\/cepovisa\/?page_id=694"},"modified":"2023-07-03T10:16:18","modified_gmt":"2023-07-03T10:16:18","slug":"seguimiento-de-titulos","status":"publish","type":"page","link":"https:\/\/riberasalud.com\/cepovisa\/escuela-universitaria\/calidad\/seguimiento-de-titulos\/","title":{"rendered":"Seguimiento de T\u00edtulo"},"content":{"rendered":"\n<div class=\"wp-block-group bannersolotexto\"><div class=\"wp-block-group__inner-container is-layout-flow wp-block-group-is-layout-flow\">\n<h1 class=\"wp-block-heading\">Seguimiento de T\u00edtulo<\/h1>\n<\/div><\/div>\n\n\n\n<div class=\"wp-block-group\"><div class=\"wp-block-group__inner-container is-layout-flow wp-block-group-is-layout-flow\">\n<ul class=\"is-style-default wp-block-list\">\n<li><a href=\"https:\/\/riberasalud.com\/cepovisa\/wp-content\/uploads\/2023\/06\/DE-03P1-Anx1IRD1118-IRD-2021_2022.pdf\">Informe de revisi\u00f3n de direcci\u00f3n (2021-2022)<\/a><\/li>\n\n\n\n<li><a href=\"https:\/\/riberasalud.com\/cepovisa\/wp-content\/uploads\/2022\/10\/INFORME-REVISION-DIRECCION-19-20-y-20-21.pdf\">Informe de revisi\u00f3n de direcci\u00f3n (2019-2020,2020-2021)<\/a><\/li>\n\n\n\n<li><a data-type=\"URL\" data-id=\"https:\/\/riberasalud.com\/cepovisa\/wp-content\/uploads\/2022\/05\/DE-03P1-informe-de-la-direccio\u0301n17-18.pdf\" href=\"https:\/\/riberasalud.com\/cepovisa\/wp-content\/uploads\/2022\/05\/DE-03P1-informe-de-la-direccio\u0301n17-18.pdf\" target=\"_blank\" rel=\"noreferrer noopener\">Informe de revisi\u00f3n de direcci\u00f3n 2017-2018<\/a><\/li>\n\n\n\n<li><a data-type=\"URL\" data-id=\"https:\/\/riberasalud.com\/cepovisa\/wp-content\/uploads\/2022\/05\/INFORME-DE-REVISIO\u0301N-DEL-SISTEMA-POR-LA-DIRECCIO\u0301N.pdf\" href=\"https:\/\/riberasalud.com\/cepovisa\/wp-content\/uploads\/2022\/05\/INFORME-DE-REVISIO\u0301N-DEL-SISTEMA-POR-LA-DIRECCIO\u0301N.pdf\">Informe de revisi\u00f3n de direcci\u00f3n &nbsp;2016-2017<\/a><\/li>\n\n\n\n<li><a href=\"https:\/\/riberasalud.com\/cepovisa\/wp-content\/uploads\/2023\/07\/Informe-Final-de-Seguimento-Graduado-en-Enfermeria-Grado-UVI-2022-.pdf\">Informe final de seguimiento UVigo 2022 \u2013 2023<\/a><\/li>\n\n\n\n<li><a data-type=\"URL\" data-id=\"https:\/\/riberasalud.com\/cepovisa\/wp-content\/uploads\/2022\/05\/IFS-Definitivo-Grao-Enfermaria-2014-2015-1.pdf\" href=\"https:\/\/riberasalud.com\/cepovisa\/wp-content\/uploads\/2022\/05\/IFS-Definitivo-Grao-Enfermaria-2014-2015-1.pdf\">Informe final de seguimiento UVigo 2014 \u2013 2015<\/a><\/li>\n\n\n\n<li><a data-type=\"URL\" data-id=\"https:\/\/riberasalud.com\/cepovisa\/wp-content\/uploads\/2022\/05\/IFS_GEnfermeria-Uvigo-140729-2012-2013-1.pdf\" href=\"https:\/\/riberasalud.com\/cepovisa\/wp-content\/uploads\/2022\/05\/IFS_GEnfermeria-Uvigo-140729-2012-2013-1.pdf\">Informe final de seguimiento UVigo 2012 \u2013 2013<\/a><\/li>\n<\/ul>\n<\/div><\/div>\n","protected":false},"excerpt":{"rendered":"<p>Seguimiento de T\u00edtulo<\/p>\n","protected":false},"author":1,"featured_media":0,"parent":199,"menu_order":0,"comment_status":"closed","ping_status":"closed","template":"","meta":{"_mi_skip_tracking":false,"footnotes":""},"class_list":["post-694","page","type-page","status-publish"],"yoast_head":"<!-- This site is optimized with the Yoast SEO plugin v26.6 - https:\/\/yoast.com\/wordpress\/plugins\/seo\/ -->\n<title>Seguimiento de T\u00edtulo - Cepovisa<\/title>\n<meta name=\"description\" content=\"Seguimiento de T\u00edtulo Informe de revisi\u00f3n de direcci\u00f3n (2021-2022) Informe de revisi\u00f3n de direcci\u00f3n (2019-2020,2020-2021) Informe de revisi\u00f3n de direcci\u00f3n\" \/>\n<meta name=\"robots\" content=\"index, follow, max-snippet:-1, max-image-preview:large, max-video-preview:-1\" \/>\n<link rel=\"canonical\" href=\"https:\/\/riberasalud.com\/cepovisa\/escuela-universitaria\/calidad\/seguimiento-de-titulos\/\" \/>\n<meta property=\"og:locale\" content=\"es_ES\" \/>\n<meta property=\"og:type\" content=\"article\" \/>\n<meta property=\"og:title\" content=\"Seguimiento de T\u00edtulo - Cepovisa\" \/>\n<meta property=\"og:description\" content=\"Seguimiento de T\u00edtulo Informe de revisi\u00f3n de direcci\u00f3n (2021-2022) Informe de revisi\u00f3n de direcci\u00f3n (2019-2020,2020-2021) Informe de revisi\u00f3n de direcci\u00f3n\" \/>\n<meta property=\"og:url\" content=\"https:\/\/riberasalud.com\/cepovisa\/escuela-universitaria\/calidad\/seguimiento-de-titulos\/\" \/>\n<meta property=\"og:site_name\" content=\"Cepovisa\" \/>\n<meta property=\"article:modified_time\" content=\"2023-07-03T10:16:18+00:00\" \/>\n<meta name=\"twitter:card\" content=\"summary_large_image\" \/>\n<meta name=\"twitter:label1\" content=\"Tiempo de lectura\" \/>\n\t<meta name=\"twitter:data1\" content=\"1 minuto\" \/>\n<script type=\"application\/ld+json\" class=\"yoast-schema-graph\">{\"@context\":\"https:\/\/schema.org\",\"@graph\":[{\"@type\":\"WebPage\",\"@id\":\"https:\/\/riberasalud.com\/cepovisa\/escuela-universitaria\/calidad\/seguimiento-de-titulos\/\",\"url\":\"https:\/\/riberasalud.com\/cepovisa\/escuela-universitaria\/calidad\/seguimiento-de-titulos\/\",\"name\":\"Seguimiento de T\u00edtulo - Cepovisa\",\"isPartOf\":{\"@id\":\"https:\/\/riberasalud.com\/cepovisa\/#website\"},\"datePublished\":\"2022-05-16T06:46:38+00:00\",\"dateModified\":\"2023-07-03T10:16:18+00:00\",\"description\":\"Seguimiento de T\u00edtulo Informe de revisi\u00f3n de direcci\u00f3n (2021-2022) Informe de revisi\u00f3n de direcci\u00f3n (2019-2020,2020-2021) Informe de revisi\u00f3n de direcci\u00f3n\",\"breadcrumb\":{\"@id\":\"https:\/\/riberasalud.com\/cepovisa\/escuela-universitaria\/calidad\/seguimiento-de-titulos\/#breadcrumb\"},\"inLanguage\":\"es\",\"potentialAction\":[{\"@type\":\"ReadAction\",\"target\":[\"https:\/\/riberasalud.com\/cepovisa\/escuela-universitaria\/calidad\/seguimiento-de-titulos\/\"]}]},{\"@type\":\"BreadcrumbList\",\"@id\":\"https:\/\/riberasalud.com\/cepovisa\/escuela-universitaria\/calidad\/seguimiento-de-titulos\/#breadcrumb\",\"itemListElement\":[{\"@type\":\"ListItem\",\"position\":1,\"name\":\"Portada\",\"item\":\"https:\/\/riberasalud.com\/cepovisa\/\"},{\"@type\":\"ListItem\",\"position\":2,\"name\":\"Escuela Universitaria de enfermer\u00eda\",\"item\":\"https:\/\/riberasalud.com\/cepovisa\/escuela-universitaria\/\"},{\"@type\":\"ListItem\",\"position\":3,\"name\":\"Calidad\",\"item\":\"https:\/\/riberasalud.com\/cepovisa\/escuela-universitaria\/calidad\/\"},{\"@type\":\"ListItem\",\"position\":4,\"name\":\"Seguimiento de T\u00edtulo\"}]},{\"@type\":\"WebSite\",\"@id\":\"https:\/\/riberasalud.com\/cepovisa\/#website\",\"url\":\"https:\/\/riberasalud.com\/cepovisa\/\",\"name\":\"Cepovisa\",\"description\":\"\",\"publisher\":{\"@id\":\"https:\/\/riberasalud.com\/cepovisa\/#organization\"},\"potentialAction\":[{\"@type\":\"SearchAction\",\"target\":{\"@type\":\"EntryPoint\",\"urlTemplate\":\"https:\/\/riberasalud.com\/cepovisa\/?s={search_term_string}\"},\"query-input\":{\"@type\":\"PropertyValueSpecification\",\"valueRequired\":true,\"valueName\":\"search_term_string\"}}],\"inLanguage\":\"es\"},{\"@type\":\"Organization\",\"@id\":\"https:\/\/riberasalud.com\/cepovisa\/#organization\",\"name\":\"Cepovisa\",\"url\":\"https:\/\/riberasalud.com\/cepovisa\/\",\"logo\":{\"@type\":\"ImageObject\",\"inLanguage\":\"es\",\"@id\":\"https:\/\/riberasalud.com\/cepovisa\/#\/schema\/logo\/image\/\",\"url\":\"https:\/\/riberasalud.com\/cepovisa\/wp-content\/uploads\/2024\/08\/cropped-FORMACIONPROFESIONAL-cepivsa-logo.png\",\"contentUrl\":\"https:\/\/riberasalud.com\/cepovisa\/wp-content\/uploads\/2024\/08\/cropped-FORMACIONPROFESIONAL-cepivsa-logo.png\",\"width\":847,\"height\":94,\"caption\":\"Cepovisa\"},\"image\":{\"@id\":\"https:\/\/riberasalud.com\/cepovisa\/#\/schema\/logo\/image\/\"}}]}<\/script>\n<!-- \/ Yoast SEO plugin. -->","yoast_head_json":{"title":"Seguimiento de T\u00edtulo - Cepovisa","description":"Seguimiento de T\u00edtulo Informe de revisi\u00f3n de direcci\u00f3n (2021-2022) Informe de revisi\u00f3n de direcci\u00f3n (2019-2020,2020-2021) Informe de revisi\u00f3n de direcci\u00f3n","robots":{"index":"index","follow":"follow","max-snippet":"max-snippet:-1","max-image-preview":"max-image-preview:large","max-video-preview":"max-video-preview:-1"},"canonical":"https:\/\/riberasalud.com\/cepovisa\/escuela-universitaria\/calidad\/seguimiento-de-titulos\/","og_locale":"es_ES","og_type":"article","og_title":"Seguimiento de T\u00edtulo - Cepovisa","og_description":"Seguimiento de T\u00edtulo Informe de revisi\u00f3n de direcci\u00f3n (2021-2022) Informe de revisi\u00f3n de direcci\u00f3n (2019-2020,2020-2021) Informe de revisi\u00f3n de direcci\u00f3n","og_url":"https:\/\/riberasalud.com\/cepovisa\/escuela-universitaria\/calidad\/seguimiento-de-titulos\/","og_site_name":"Cepovisa","article_modified_time":"2023-07-03T10:16:18+00:00","twitter_card":"summary_large_image","twitter_misc":{"Tiempo de lectura":"1 minuto"},"schema":{"@context":"https:\/\/schema.org","@graph":[{"@type":"WebPage","@id":"https:\/\/riberasalud.com\/cepovisa\/escuela-universitaria\/calidad\/seguimiento-de-titulos\/","url":"https:\/\/riberasalud.com\/cepovisa\/escuela-universitaria\/calidad\/seguimiento-de-titulos\/","name":"Seguimiento de T\u00edtulo - Cepovisa","isPartOf":{"@id":"https:\/\/riberasalud.com\/cepovisa\/#website"},"datePublished":"2022-05-16T06:46:38+00:00","dateModified":"2023-07-03T10:16:18+00:00","description":"Seguimiento de T\u00edtulo Informe de revisi\u00f3n de direcci\u00f3n (2021-2022) Informe de revisi\u00f3n de direcci\u00f3n (2019-2020,2020-2021) Informe de revisi\u00f3n de direcci\u00f3n","breadcrumb":{"@id":"https:\/\/riberasalud.com\/cepovisa\/escuela-universitaria\/calidad\/seguimiento-de-titulos\/#breadcrumb"},"inLanguage":"es","potentialAction":[{"@type":"ReadAction","target":["https:\/\/riberasalud.com\/cepovisa\/escuela-universitaria\/calidad\/seguimiento-de-titulos\/"]}]},{"@type":"BreadcrumbList","@id":"https:\/\/riberasalud.com\/cepovisa\/escuela-universitaria\/calidad\/seguimiento-de-titulos\/#breadcrumb","itemListElement":[{"@type":"ListItem","position":1,"name":"Portada","item":"https:\/\/riberasalud.com\/cepovisa\/"},{"@type":"ListItem","position":2,"name":"Escuela Universitaria de enfermer\u00eda","item":"https:\/\/riberasalud.com\/cepovisa\/escuela-universitaria\/"},{"@type":"ListItem","position":3,"name":"Calidad","item":"https:\/\/riberasalud.com\/cepovisa\/escuela-universitaria\/calidad\/"},{"@type":"ListItem","position":4,"name":"Seguimiento de T\u00edtulo"}]},{"@type":"WebSite","@id":"https:\/\/riberasalud.com\/cepovisa\/#website","url":"https:\/\/riberasalud.com\/cepovisa\/","name":"Cepovisa","description":"","publisher":{"@id":"https:\/\/riberasalud.com\/cepovisa\/#organization"},"potentialAction":[{"@type":"SearchAction","target":{"@type":"EntryPoint","urlTemplate":"https:\/\/riberasalud.com\/cepovisa\/?s={search_term_string}"},"query-input":{"@type":"PropertyValueSpecification","valueRequired":true,"valueName":"search_term_string"}}],"inLanguage":"es"},{"@type":"Organization","@id":"https:\/\/riberasalud.com\/cepovisa\/#organization","name":"Cepovisa","url":"https:\/\/riberasalud.com\/cepovisa\/","logo":{"@type":"ImageObject","inLanguage":"es","@id":"https:\/\/riberasalud.com\/cepovisa\/#\/schema\/logo\/image\/","url":"https:\/\/riberasalud.com\/cepovisa\/wp-content\/uploads\/2024\/08\/cropped-FORMACIONPROFESIONAL-cepivsa-logo.png","contentUrl":"https:\/\/riberasalud.com\/cepovisa\/wp-content\/uploads\/2024\/08\/cropped-FORMACIONPROFESIONAL-cepivsa-logo.png","width":847,"height":94,"caption":"Cepovisa"},"image":{"@id":"https:\/\/riberasalud.com\/cepovisa\/#\/schema\/logo\/image\/"}}]}},"_links":{"self":[{"href":"https:\/\/riberasalud.com\/cepovisa\/wp-json\/wp\/v2\/pages\/694","targetHints":{"allow":["GET"]}}],"collection":[{"href":"https:\/\/riberasalud.com\/cepovisa\/wp-json\/wp\/v2\/pages"}],"about":[{"href":"https:\/\/riberasalud.com\/cepovisa\/wp-json\/wp\/v2\/types\/page"}],"author":[{"embeddable":true,"href":"https:\/\/riberasalud.com\/cepovisa\/wp-json\/wp\/v2\/users\/1"}],"replies":[{"embeddable":true,"href":"https:\/\/riberasalud.com\/cepovisa\/wp-json\/wp\/v2\/comments?post=694"}],"version-history":[{"count":6,"href":"https:\/\/riberasalud.com\/cepovisa\/wp-json\/wp\/v2\/pages\/694\/revisions"}],"predecessor-version":[{"id":5488,"href":"https:\/\/riberasalud.com\/cepovisa\/wp-json\/wp\/v2\/pages\/694\/revisions\/5488"}],"up":[{"embeddable":true,"href":"https:\/\/riberasalud.com\/cepovisa\/wp-json\/wp\/v2\/pages\/199"}],"wp:attachment":[{"href":"https:\/\/riberasalud.com\/cepovisa\/wp-json\/wp\/v2\/media?parent=694"}],"curies":[{"name":"wp","href":"https:\/\/api.w.org\/{rel}","templated":true}]}}