{"id":690,"date":"2022-05-16T06:40:18","date_gmt":"2022-05-16T06:40:18","guid":{"rendered":"https:\/\/riberasalud.com\/cepovisa\/?page_id=690"},"modified":"2023-07-03T10:10:37","modified_gmt":"2023-07-03T10:10:37","slug":"procedimientos","status":"publish","type":"page","link":"https:\/\/riberasalud.com\/cepovisa\/escuela-universitaria\/calidad\/procedimientos\/","title":{"rendered":"Procedimientos"},"content":{"rendered":"\n<div class=\"wp-block-group bannersolotexto\"><div class=\"wp-block-group__inner-container is-layout-flow wp-block-group-is-layout-flow\">\n<h1 class=\"wp-block-heading\">Procedimientos<\/h1>\n<\/div><\/div>\n\n\n\n<div class=\"wp-block-group\"><div class=\"wp-block-group__inner-container is-layout-flow wp-block-group-is-layout-flow\">\n<p>Los procedimientos desarrollan y complementan el Manual de Calidad<a href=\"https:\/\/riberasalud.com\/cepovisa\/wp-content\/uploads\/2022\/05\/MANUAL-DEL-SISTEMA-INTERNO-DE-CALIDAD-1.pdf\" target=\"_blank\" rel=\"noreferrer noopener\"> <\/a>y pueden incluir documentos anexos.<\/p>\n\n\n\n<p>Descargar <a href=\"https:\/\/riberasalud.com\/cepovisa\/wp-content\/uploads\/2023\/02\/Mapa-de-procesos-en-vigor-2020-21.pdf\" target=\"_blank\" rel=\"noreferrer noopener\">aqu\u00ed<\/a> el Mapa de procedimientos de Calidad<\/p>\n\n\n\n<h2 class=\"wp-block-heading\"><strong><strong>DIRECCI\u00d3N ESTRAT\u00c9GICA<\/strong><\/strong><\/h2>\n\n\n\n<h2 class=\"wp-block-heading\"><strong><strong><strong>GESTI\u00d3N DE LA CALIDAD Y MEJORA CONTINUA<\/strong><\/strong><\/strong><\/h2>\n\n\n\n<h2 class=\"wp-block-heading\"><strong><strong><strong>DOCENCIA<\/strong><\/strong><\/strong><\/h2>\n\n\n\n<h2 class=\"wp-block-heading\"><strong><strong><strong>INFORMACI\u00d3N P\u00daBLICA<\/strong><\/strong><\/strong><\/h2>\n<\/div><\/div>\n","protected":false},"excerpt":{"rendered":"<p>Procedimientos Los procedimientos desarrollan y complementan el Manual de Calidad y pueden incluir documentos anexos. Descargar aqu\u00ed el Mapa de procedimientos de Calidad DIRECCI\u00d3N ESTRAT\u00c9GICA GESTI\u00d3N DE LA CALIDAD Y MEJORA CONTINUA DOCENCIA INFORMACI\u00d3N P\u00daBLICA<\/p>\n","protected":false},"author":1,"featured_media":0,"parent":199,"menu_order":0,"comment_status":"closed","ping_status":"closed","template":"","meta":{"_mi_skip_tracking":false,"footnotes":""},"class_list":["post-690","page","type-page","status-publish"],"yoast_head":"<!-- This site is optimized with the Yoast SEO plugin v26.6 - https:\/\/yoast.com\/wordpress\/plugins\/seo\/ -->\n<title>Procedimientos - Cepovisa<\/title>\n<meta name=\"description\" content=\"Procedimientos Los procedimientos desarrollan y complementan el Manual de Calidad y pueden incluir documentos anexos. Descargar aqu\u00ed el Mapa de\" \/>\n<meta name=\"robots\" content=\"index, follow, max-snippet:-1, max-image-preview:large, max-video-preview:-1\" \/>\n<link rel=\"canonical\" href=\"https:\/\/riberasalud.com\/cepovisa\/escuela-universitaria\/calidad\/procedimientos\/\" \/>\n<meta property=\"og:locale\" content=\"es_ES\" \/>\n<meta property=\"og:type\" content=\"article\" \/>\n<meta property=\"og:title\" content=\"Procedimientos - Cepovisa\" \/>\n<meta property=\"og:description\" content=\"Procedimientos Los procedimientos desarrollan y complementan el Manual de Calidad y pueden incluir documentos anexos. Descargar aqu\u00ed el Mapa de\" \/>\n<meta property=\"og:url\" content=\"https:\/\/riberasalud.com\/cepovisa\/escuela-universitaria\/calidad\/procedimientos\/\" \/>\n<meta property=\"og:site_name\" content=\"Cepovisa\" \/>\n<meta property=\"article:modified_time\" content=\"2023-07-03T10:10:37+00:00\" \/>\n<meta name=\"twitter:card\" content=\"summary_large_image\" \/>\n<meta name=\"twitter:label1\" content=\"Tiempo de lectura\" \/>\n\t<meta name=\"twitter:data1\" content=\"1 minuto\" \/>\n<script type=\"application\/ld+json\" class=\"yoast-schema-graph\">{\"@context\":\"https:\/\/schema.org\",\"@graph\":[{\"@type\":\"WebPage\",\"@id\":\"https:\/\/riberasalud.com\/cepovisa\/escuela-universitaria\/calidad\/procedimientos\/\",\"url\":\"https:\/\/riberasalud.com\/cepovisa\/escuela-universitaria\/calidad\/procedimientos\/\",\"name\":\"Procedimientos - Cepovisa\",\"isPartOf\":{\"@id\":\"https:\/\/riberasalud.com\/cepovisa\/#website\"},\"datePublished\":\"2022-05-16T06:40:18+00:00\",\"dateModified\":\"2023-07-03T10:10:37+00:00\",\"description\":\"Procedimientos Los procedimientos desarrollan y complementan el Manual de Calidad y pueden incluir documentos anexos. Descargar aqu\u00ed el Mapa de\",\"breadcrumb\":{\"@id\":\"https:\/\/riberasalud.com\/cepovisa\/escuela-universitaria\/calidad\/procedimientos\/#breadcrumb\"},\"inLanguage\":\"es\",\"potentialAction\":[{\"@type\":\"ReadAction\",\"target\":[\"https:\/\/riberasalud.com\/cepovisa\/escuela-universitaria\/calidad\/procedimientos\/\"]}]},{\"@type\":\"BreadcrumbList\",\"@id\":\"https:\/\/riberasalud.com\/cepovisa\/escuela-universitaria\/calidad\/procedimientos\/#breadcrumb\",\"itemListElement\":[{\"@type\":\"ListItem\",\"position\":1,\"name\":\"Portada\",\"item\":\"https:\/\/riberasalud.com\/cepovisa\/\"},{\"@type\":\"ListItem\",\"position\":2,\"name\":\"Escuela Universitaria de enfermer\u00eda\",\"item\":\"https:\/\/riberasalud.com\/cepovisa\/escuela-universitaria\/\"},{\"@type\":\"ListItem\",\"position\":3,\"name\":\"Calidad\",\"item\":\"https:\/\/riberasalud.com\/cepovisa\/escuela-universitaria\/calidad\/\"},{\"@type\":\"ListItem\",\"position\":4,\"name\":\"Procedimientos\"}]},{\"@type\":\"WebSite\",\"@id\":\"https:\/\/riberasalud.com\/cepovisa\/#website\",\"url\":\"https:\/\/riberasalud.com\/cepovisa\/\",\"name\":\"Cepovisa\",\"description\":\"\",\"publisher\":{\"@id\":\"https:\/\/riberasalud.com\/cepovisa\/#organization\"},\"potentialAction\":[{\"@type\":\"SearchAction\",\"target\":{\"@type\":\"EntryPoint\",\"urlTemplate\":\"https:\/\/riberasalud.com\/cepovisa\/?s={search_term_string}\"},\"query-input\":{\"@type\":\"PropertyValueSpecification\",\"valueRequired\":true,\"valueName\":\"search_term_string\"}}],\"inLanguage\":\"es\"},{\"@type\":\"Organization\",\"@id\":\"https:\/\/riberasalud.com\/cepovisa\/#organization\",\"name\":\"Cepovisa\",\"url\":\"https:\/\/riberasalud.com\/cepovisa\/\",\"logo\":{\"@type\":\"ImageObject\",\"inLanguage\":\"es\",\"@id\":\"https:\/\/riberasalud.com\/cepovisa\/#\/schema\/logo\/image\/\",\"url\":\"https:\/\/riberasalud.com\/cepovisa\/wp-content\/uploads\/2024\/08\/cropped-FORMACIONPROFESIONAL-cepivsa-logo.png\",\"contentUrl\":\"https:\/\/riberasalud.com\/cepovisa\/wp-content\/uploads\/2024\/08\/cropped-FORMACIONPROFESIONAL-cepivsa-logo.png\",\"width\":847,\"height\":94,\"caption\":\"Cepovisa\"},\"image\":{\"@id\":\"https:\/\/riberasalud.com\/cepovisa\/#\/schema\/logo\/image\/\"}}]}<\/script>\n<!-- \/ Yoast SEO plugin. -->","yoast_head_json":{"title":"Procedimientos - Cepovisa","description":"Procedimientos Los procedimientos desarrollan y complementan el Manual de Calidad y pueden incluir documentos anexos. Descargar aqu\u00ed el Mapa de","robots":{"index":"index","follow":"follow","max-snippet":"max-snippet:-1","max-image-preview":"max-image-preview:large","max-video-preview":"max-video-preview:-1"},"canonical":"https:\/\/riberasalud.com\/cepovisa\/escuela-universitaria\/calidad\/procedimientos\/","og_locale":"es_ES","og_type":"article","og_title":"Procedimientos - Cepovisa","og_description":"Procedimientos Los procedimientos desarrollan y complementan el Manual de Calidad y pueden incluir documentos anexos. Descargar aqu\u00ed el Mapa de","og_url":"https:\/\/riberasalud.com\/cepovisa\/escuela-universitaria\/calidad\/procedimientos\/","og_site_name":"Cepovisa","article_modified_time":"2023-07-03T10:10:37+00:00","twitter_card":"summary_large_image","twitter_misc":{"Tiempo de lectura":"1 minuto"},"schema":{"@context":"https:\/\/schema.org","@graph":[{"@type":"WebPage","@id":"https:\/\/riberasalud.com\/cepovisa\/escuela-universitaria\/calidad\/procedimientos\/","url":"https:\/\/riberasalud.com\/cepovisa\/escuela-universitaria\/calidad\/procedimientos\/","name":"Procedimientos - Cepovisa","isPartOf":{"@id":"https:\/\/riberasalud.com\/cepovisa\/#website"},"datePublished":"2022-05-16T06:40:18+00:00","dateModified":"2023-07-03T10:10:37+00:00","description":"Procedimientos Los procedimientos desarrollan y complementan el Manual de Calidad y pueden incluir documentos anexos. Descargar aqu\u00ed el Mapa de","breadcrumb":{"@id":"https:\/\/riberasalud.com\/cepovisa\/escuela-universitaria\/calidad\/procedimientos\/#breadcrumb"},"inLanguage":"es","potentialAction":[{"@type":"ReadAction","target":["https:\/\/riberasalud.com\/cepovisa\/escuela-universitaria\/calidad\/procedimientos\/"]}]},{"@type":"BreadcrumbList","@id":"https:\/\/riberasalud.com\/cepovisa\/escuela-universitaria\/calidad\/procedimientos\/#breadcrumb","itemListElement":[{"@type":"ListItem","position":1,"name":"Portada","item":"https:\/\/riberasalud.com\/cepovisa\/"},{"@type":"ListItem","position":2,"name":"Escuela Universitaria de enfermer\u00eda","item":"https:\/\/riberasalud.com\/cepovisa\/escuela-universitaria\/"},{"@type":"ListItem","position":3,"name":"Calidad","item":"https:\/\/riberasalud.com\/cepovisa\/escuela-universitaria\/calidad\/"},{"@type":"ListItem","position":4,"name":"Procedimientos"}]},{"@type":"WebSite","@id":"https:\/\/riberasalud.com\/cepovisa\/#website","url":"https:\/\/riberasalud.com\/cepovisa\/","name":"Cepovisa","description":"","publisher":{"@id":"https:\/\/riberasalud.com\/cepovisa\/#organization"},"potentialAction":[{"@type":"SearchAction","target":{"@type":"EntryPoint","urlTemplate":"https:\/\/riberasalud.com\/cepovisa\/?s={search_term_string}"},"query-input":{"@type":"PropertyValueSpecification","valueRequired":true,"valueName":"search_term_string"}}],"inLanguage":"es"},{"@type":"Organization","@id":"https:\/\/riberasalud.com\/cepovisa\/#organization","name":"Cepovisa","url":"https:\/\/riberasalud.com\/cepovisa\/","logo":{"@type":"ImageObject","inLanguage":"es","@id":"https:\/\/riberasalud.com\/cepovisa\/#\/schema\/logo\/image\/","url":"https:\/\/riberasalud.com\/cepovisa\/wp-content\/uploads\/2024\/08\/cropped-FORMACIONPROFESIONAL-cepivsa-logo.png","contentUrl":"https:\/\/riberasalud.com\/cepovisa\/wp-content\/uploads\/2024\/08\/cropped-FORMACIONPROFESIONAL-cepivsa-logo.png","width":847,"height":94,"caption":"Cepovisa"},"image":{"@id":"https:\/\/riberasalud.com\/cepovisa\/#\/schema\/logo\/image\/"}}]}},"_links":{"self":[{"href":"https:\/\/riberasalud.com\/cepovisa\/wp-json\/wp\/v2\/pages\/690","targetHints":{"allow":["GET"]}}],"collection":[{"href":"https:\/\/riberasalud.com\/cepovisa\/wp-json\/wp\/v2\/pages"}],"about":[{"href":"https:\/\/riberasalud.com\/cepovisa\/wp-json\/wp\/v2\/types\/page"}],"author":[{"embeddable":true,"href":"https:\/\/riberasalud.com\/cepovisa\/wp-json\/wp\/v2\/users\/1"}],"replies":[{"embeddable":true,"href":"https:\/\/riberasalud.com\/cepovisa\/wp-json\/wp\/v2\/comments?post=690"}],"version-history":[{"count":5,"href":"https:\/\/riberasalud.com\/cepovisa\/wp-json\/wp\/v2\/pages\/690\/revisions"}],"predecessor-version":[{"id":5482,"href":"https:\/\/riberasalud.com\/cepovisa\/wp-json\/wp\/v2\/pages\/690\/revisions\/5482"}],"up":[{"embeddable":true,"href":"https:\/\/riberasalud.com\/cepovisa\/wp-json\/wp\/v2\/pages\/199"}],"wp:attachment":[{"href":"https:\/\/riberasalud.com\/cepovisa\/wp-json\/wp\/v2\/media?parent=690"}],"curies":[{"name":"wp","href":"https:\/\/api.w.org\/{rel}","templated":true}]}}