{"id":679,"date":"2022-05-16T06:27:42","date_gmt":"2022-05-16T06:27:42","guid":{"rendered":"https:\/\/riberasalud.com\/cepovisa\/?page_id=679"},"modified":"2025-08-13T10:15:58","modified_gmt":"2025-08-13T10:15:58","slug":"practicas-externas","status":"publish","type":"page","link":"https:\/\/riberasalud.com\/cepovisa\/escuela-universitaria\/alumnado\/practicas-externas\/","title":{"rendered":"Pr\u00e1cticas externas"},"content":{"rendered":"\n<div class=\"wp-block-group bannersolotexto\"><div class=\"wp-block-group__inner-container is-layout-flow wp-block-group-is-layout-flow\">\n<h1 class=\"wp-block-heading\">Pr\u00e1cticas externas<\/h1>\n<\/div><\/div>\n\n\n\n<div class=\"wp-block-group\"><div class=\"wp-block-group__inner-container is-layout-flow wp-block-group-is-layout-flow\">\n<h2 class=\"wp-block-heading\">&nbsp;<strong>CENTROS DE PR\u00c1CTICAS con CONVENIO VIGENTE&nbsp;<\/strong><\/h2>\n\n\n\n<h3 class=\"wp-block-heading\">\u00a0<strong>CURSO 2025\/2026<\/strong><\/h3>\n\n\n\n<figure style=\"text-transform:uppercase\" class=\"wp-block-table\"><table><tbody><tr><td>1. Hospital Ribera Povisa<\/td><\/tr><tr><td>2. Hospital Universitario de Torrej\u00f3n<\/td><\/tr><tr><td>3. Hospital Universitario del Vinalop\u00f3<\/td><\/tr><tr><td>4. Hospital Ribera Juan Cardona<\/td><\/tr><tr><td>5. Hospital Ribera Polusa<\/td><\/tr><tr><td>6. Hospital Ribera Covadonga<\/td><\/tr><tr><td>7. CRAP 1 Y 2<\/td><\/tr><tr><td>8. FREMAP<\/td><\/tr><tr><td>9. Centro Residencial Peniche Living<\/td><\/tr><tr><td>10. Residencia de mayores Bouco Vigo<\/td><\/tr><tr><td>11. Servicio Galego de Sa\u00fade (Sergas)<\/td><\/tr><tr><td>12. Doral Residencias<\/td><\/tr><\/tbody><\/table><\/figure>\n<\/div><\/div>\n","protected":false},"excerpt":{"rendered":"<p>Pr\u00e1cticas externas &nbsp;CENTROS DE PR\u00c1CTICAS con CONVENIO VIGENTE&nbsp; \u00a0CURSO 2025\/2026 1. Hospital Ribera Povisa 2. Hospital Universitario de Torrej\u00f3n 3. Hospital Universitario del Vinalop\u00f3 4. Hospital Ribera Juan Cardona 5. Hospital Ribera Polusa 6. Hospital Ribera Covadonga 7. CRAP 1 Y 2 8. FREMAP 9. Centro Residencial Peniche Living 10. Residencia de mayores Bouco Vigo &#8230; <a title=\"Pr\u00e1cticas externas\" class=\"read-more\" href=\"https:\/\/riberasalud.com\/cepovisa\/escuela-universitaria\/alumnado\/practicas-externas\/\" aria-label=\"Leer m\u00e1s sobre Pr\u00e1cticas externas\">Leer m\u00e1s<\/a><\/p>\n","protected":false},"author":1,"featured_media":0,"parent":521,"menu_order":0,"comment_status":"closed","ping_status":"closed","template":"","meta":{"_mi_skip_tracking":false,"footnotes":""},"class_list":["post-679","page","type-page","status-publish"],"yoast_head":"<!-- This site is optimized with the Yoast SEO plugin v26.6 - https:\/\/yoast.com\/wordpress\/plugins\/seo\/ -->\n<title>Pr\u00e1cticas externas - Cepovisa<\/title>\n<meta name=\"description\" content=\"Pr\u00e1cticas externas &nbsp;CENTROS DE PR\u00c1CTICAS con CONVENIO VIGENTE&nbsp; \u00a0CURSO 2025\/2026 1. Hospital Ribera Povisa2. Hospital Universitario de Torrej\u00f3n3.\" \/>\n<meta name=\"robots\" content=\"index, follow, max-snippet:-1, max-image-preview:large, max-video-preview:-1\" \/>\n<link rel=\"canonical\" href=\"https:\/\/riberasalud.com\/cepovisa\/escuela-universitaria\/alumnado\/practicas-externas\/\" \/>\n<meta property=\"og:locale\" content=\"es_ES\" \/>\n<meta property=\"og:type\" content=\"article\" \/>\n<meta property=\"og:title\" content=\"Pr\u00e1cticas externas - Cepovisa\" \/>\n<meta property=\"og:description\" content=\"Pr\u00e1cticas externas &nbsp;CENTROS DE PR\u00c1CTICAS con CONVENIO VIGENTE&nbsp; \u00a0CURSO 2025\/2026 1. Hospital Ribera Povisa2. Hospital Universitario de Torrej\u00f3n3.\" \/>\n<meta property=\"og:url\" content=\"https:\/\/riberasalud.com\/cepovisa\/escuela-universitaria\/alumnado\/practicas-externas\/\" \/>\n<meta property=\"og:site_name\" content=\"Cepovisa\" \/>\n<meta property=\"article:modified_time\" content=\"2025-08-13T10:15:58+00:00\" \/>\n<meta name=\"twitter:card\" content=\"summary_large_image\" \/>\n<meta name=\"twitter:label1\" content=\"Tiempo de lectura\" \/>\n\t<meta name=\"twitter:data1\" content=\"1 minuto\" \/>\n<script type=\"application\/ld+json\" class=\"yoast-schema-graph\">{\"@context\":\"https:\/\/schema.org\",\"@graph\":[{\"@type\":\"WebPage\",\"@id\":\"https:\/\/riberasalud.com\/cepovisa\/escuela-universitaria\/alumnado\/practicas-externas\/\",\"url\":\"https:\/\/riberasalud.com\/cepovisa\/escuela-universitaria\/alumnado\/practicas-externas\/\",\"name\":\"Pr\u00e1cticas externas - Cepovisa\",\"isPartOf\":{\"@id\":\"https:\/\/riberasalud.com\/cepovisa\/#website\"},\"datePublished\":\"2022-05-16T06:27:42+00:00\",\"dateModified\":\"2025-08-13T10:15:58+00:00\",\"description\":\"Pr\u00e1cticas externas &nbsp;CENTROS DE PR\u00c1CTICAS con CONVENIO VIGENTE&nbsp; \u00a0CURSO 2025\/2026 1. Hospital Ribera Povisa2. Hospital Universitario de Torrej\u00f3n3.\",\"breadcrumb\":{\"@id\":\"https:\/\/riberasalud.com\/cepovisa\/escuela-universitaria\/alumnado\/practicas-externas\/#breadcrumb\"},\"inLanguage\":\"es\",\"potentialAction\":[{\"@type\":\"ReadAction\",\"target\":[\"https:\/\/riberasalud.com\/cepovisa\/escuela-universitaria\/alumnado\/practicas-externas\/\"]}]},{\"@type\":\"BreadcrumbList\",\"@id\":\"https:\/\/riberasalud.com\/cepovisa\/escuela-universitaria\/alumnado\/practicas-externas\/#breadcrumb\",\"itemListElement\":[{\"@type\":\"ListItem\",\"position\":1,\"name\":\"Portada\",\"item\":\"https:\/\/riberasalud.com\/cepovisa\/\"},{\"@type\":\"ListItem\",\"position\":2,\"name\":\"Escuela Universitaria de enfermer\u00eda\",\"item\":\"https:\/\/riberasalud.com\/cepovisa\/escuela-universitaria\/\"},{\"@type\":\"ListItem\",\"position\":3,\"name\":\"Alumnado\",\"item\":\"https:\/\/riberasalud.com\/cepovisa\/escuela-universitaria\/alumnado\/\"},{\"@type\":\"ListItem\",\"position\":4,\"name\":\"Pr\u00e1cticas externas\"}]},{\"@type\":\"WebSite\",\"@id\":\"https:\/\/riberasalud.com\/cepovisa\/#website\",\"url\":\"https:\/\/riberasalud.com\/cepovisa\/\",\"name\":\"Cepovisa\",\"description\":\"\",\"publisher\":{\"@id\":\"https:\/\/riberasalud.com\/cepovisa\/#organization\"},\"potentialAction\":[{\"@type\":\"SearchAction\",\"target\":{\"@type\":\"EntryPoint\",\"urlTemplate\":\"https:\/\/riberasalud.com\/cepovisa\/?s={search_term_string}\"},\"query-input\":{\"@type\":\"PropertyValueSpecification\",\"valueRequired\":true,\"valueName\":\"search_term_string\"}}],\"inLanguage\":\"es\"},{\"@type\":\"Organization\",\"@id\":\"https:\/\/riberasalud.com\/cepovisa\/#organization\",\"name\":\"Cepovisa\",\"url\":\"https:\/\/riberasalud.com\/cepovisa\/\",\"logo\":{\"@type\":\"ImageObject\",\"inLanguage\":\"es\",\"@id\":\"https:\/\/riberasalud.com\/cepovisa\/#\/schema\/logo\/image\/\",\"url\":\"https:\/\/riberasalud.com\/cepovisa\/wp-content\/uploads\/2024\/08\/cropped-FORMACIONPROFESIONAL-cepivsa-logo.png\",\"contentUrl\":\"https:\/\/riberasalud.com\/cepovisa\/wp-content\/uploads\/2024\/08\/cropped-FORMACIONPROFESIONAL-cepivsa-logo.png\",\"width\":847,\"height\":94,\"caption\":\"Cepovisa\"},\"image\":{\"@id\":\"https:\/\/riberasalud.com\/cepovisa\/#\/schema\/logo\/image\/\"}}]}<\/script>\n<!-- \/ Yoast SEO plugin. -->","yoast_head_json":{"title":"Pr\u00e1cticas externas - Cepovisa","description":"Pr\u00e1cticas externas &nbsp;CENTROS DE PR\u00c1CTICAS con CONVENIO VIGENTE&nbsp; \u00a0CURSO 2025\/2026 1. Hospital Ribera Povisa2. Hospital Universitario de Torrej\u00f3n3.","robots":{"index":"index","follow":"follow","max-snippet":"max-snippet:-1","max-image-preview":"max-image-preview:large","max-video-preview":"max-video-preview:-1"},"canonical":"https:\/\/riberasalud.com\/cepovisa\/escuela-universitaria\/alumnado\/practicas-externas\/","og_locale":"es_ES","og_type":"article","og_title":"Pr\u00e1cticas externas - Cepovisa","og_description":"Pr\u00e1cticas externas &nbsp;CENTROS DE PR\u00c1CTICAS con CONVENIO VIGENTE&nbsp; \u00a0CURSO 2025\/2026 1. Hospital Ribera Povisa2. Hospital Universitario de Torrej\u00f3n3.","og_url":"https:\/\/riberasalud.com\/cepovisa\/escuela-universitaria\/alumnado\/practicas-externas\/","og_site_name":"Cepovisa","article_modified_time":"2025-08-13T10:15:58+00:00","twitter_card":"summary_large_image","twitter_misc":{"Tiempo de lectura":"1 minuto"},"schema":{"@context":"https:\/\/schema.org","@graph":[{"@type":"WebPage","@id":"https:\/\/riberasalud.com\/cepovisa\/escuela-universitaria\/alumnado\/practicas-externas\/","url":"https:\/\/riberasalud.com\/cepovisa\/escuela-universitaria\/alumnado\/practicas-externas\/","name":"Pr\u00e1cticas externas - Cepovisa","isPartOf":{"@id":"https:\/\/riberasalud.com\/cepovisa\/#website"},"datePublished":"2022-05-16T06:27:42+00:00","dateModified":"2025-08-13T10:15:58+00:00","description":"Pr\u00e1cticas externas &nbsp;CENTROS DE PR\u00c1CTICAS con CONVENIO VIGENTE&nbsp; \u00a0CURSO 2025\/2026 1. Hospital Ribera Povisa2. Hospital Universitario de Torrej\u00f3n3.","breadcrumb":{"@id":"https:\/\/riberasalud.com\/cepovisa\/escuela-universitaria\/alumnado\/practicas-externas\/#breadcrumb"},"inLanguage":"es","potentialAction":[{"@type":"ReadAction","target":["https:\/\/riberasalud.com\/cepovisa\/escuela-universitaria\/alumnado\/practicas-externas\/"]}]},{"@type":"BreadcrumbList","@id":"https:\/\/riberasalud.com\/cepovisa\/escuela-universitaria\/alumnado\/practicas-externas\/#breadcrumb","itemListElement":[{"@type":"ListItem","position":1,"name":"Portada","item":"https:\/\/riberasalud.com\/cepovisa\/"},{"@type":"ListItem","position":2,"name":"Escuela Universitaria de enfermer\u00eda","item":"https:\/\/riberasalud.com\/cepovisa\/escuela-universitaria\/"},{"@type":"ListItem","position":3,"name":"Alumnado","item":"https:\/\/riberasalud.com\/cepovisa\/escuela-universitaria\/alumnado\/"},{"@type":"ListItem","position":4,"name":"Pr\u00e1cticas externas"}]},{"@type":"WebSite","@id":"https:\/\/riberasalud.com\/cepovisa\/#website","url":"https:\/\/riberasalud.com\/cepovisa\/","name":"Cepovisa","description":"","publisher":{"@id":"https:\/\/riberasalud.com\/cepovisa\/#organization"},"potentialAction":[{"@type":"SearchAction","target":{"@type":"EntryPoint","urlTemplate":"https:\/\/riberasalud.com\/cepovisa\/?s={search_term_string}"},"query-input":{"@type":"PropertyValueSpecification","valueRequired":true,"valueName":"search_term_string"}}],"inLanguage":"es"},{"@type":"Organization","@id":"https:\/\/riberasalud.com\/cepovisa\/#organization","name":"Cepovisa","url":"https:\/\/riberasalud.com\/cepovisa\/","logo":{"@type":"ImageObject","inLanguage":"es","@id":"https:\/\/riberasalud.com\/cepovisa\/#\/schema\/logo\/image\/","url":"https:\/\/riberasalud.com\/cepovisa\/wp-content\/uploads\/2024\/08\/cropped-FORMACIONPROFESIONAL-cepivsa-logo.png","contentUrl":"https:\/\/riberasalud.com\/cepovisa\/wp-content\/uploads\/2024\/08\/cropped-FORMACIONPROFESIONAL-cepivsa-logo.png","width":847,"height":94,"caption":"Cepovisa"},"image":{"@id":"https:\/\/riberasalud.com\/cepovisa\/#\/schema\/logo\/image\/"}}]}},"_links":{"self":[{"href":"https:\/\/riberasalud.com\/cepovisa\/wp-json\/wp\/v2\/pages\/679","targetHints":{"allow":["GET"]}}],"collection":[{"href":"https:\/\/riberasalud.com\/cepovisa\/wp-json\/wp\/v2\/pages"}],"about":[{"href":"https:\/\/riberasalud.com\/cepovisa\/wp-json\/wp\/v2\/types\/page"}],"author":[{"embeddable":true,"href":"https:\/\/riberasalud.com\/cepovisa\/wp-json\/wp\/v2\/users\/1"}],"replies":[{"embeddable":true,"href":"https:\/\/riberasalud.com\/cepovisa\/wp-json\/wp\/v2\/comments?post=679"}],"version-history":[{"count":7,"href":"https:\/\/riberasalud.com\/cepovisa\/wp-json\/wp\/v2\/pages\/679\/revisions"}],"predecessor-version":[{"id":9962,"href":"https:\/\/riberasalud.com\/cepovisa\/wp-json\/wp\/v2\/pages\/679\/revisions\/9962"}],"up":[{"embeddable":true,"href":"https:\/\/riberasalud.com\/cepovisa\/wp-json\/wp\/v2\/pages\/521"}],"wp:attachment":[{"href":"https:\/\/riberasalud.com\/cepovisa\/wp-json\/wp\/v2\/media?parent=679"}],"curies":[{"name":"wp","href":"https:\/\/api.w.org\/{rel}","templated":true}]}}