{"id":670,"date":"2022-05-16T06:12:48","date_gmt":"2022-05-16T06:12:48","guid":{"rendered":"https:\/\/riberasalud.com\/cepovisa\/?page_id=670"},"modified":"2022-07-11T09:10:03","modified_gmt":"2022-07-11T09:10:03","slug":"guias-para-el-alumnado","status":"publish","type":"page","link":"https:\/\/riberasalud.com\/cepovisa\/escuela-universitaria\/alumnado\/guias-para-el-alumnado\/","title":{"rendered":"Gu\u00edas para el alumnado"},"content":{"rendered":"\n<div class=\"wp-block-group bannersolotexto\"><div class=\"wp-block-group__inner-container is-layout-flow wp-block-group-is-layout-flow\">\n<h1 class=\"wp-block-heading\">Gu\u00edas para el alumnado<\/h1>\n\n\n\n<p>Informaci\u00f3n y gu\u00edas para nuestro alumnado<\/p>\n<\/div><\/div>\n\n\n\n<div class=\"wp-block-group\"><div class=\"wp-block-group__inner-container is-layout-flow wp-block-group-is-layout-flow\">\n<p>En esta secci\u00f3n se recopilan los dossiers para estudiantes con toda la informaci\u00f3n para la creaci\u00f3n del Trabajo Fin de Grado.<\/p>\n\n\n\n<div class=\"wp-block-buttons modulobotones is-content-justification-center is-layout-flex wp-container-core-buttons-is-layout-16018d1d wp-block-buttons-is-layout-flex\"><\/div>\n<\/div><\/div>\n\n\n\n<p><\/p>\n","protected":false},"excerpt":{"rendered":"<p>Gu\u00edas para el alumnado Informaci\u00f3n y gu\u00edas para nuestro alumnado En esta secci\u00f3n se recopilan los dossiers para estudiantes con toda la informaci\u00f3n para la creaci\u00f3n del Trabajo Fin de Grado.<\/p>\n","protected":false},"author":1,"featured_media":0,"parent":521,"menu_order":0,"comment_status":"closed","ping_status":"closed","template":"","meta":{"_mi_skip_tracking":false,"footnotes":""},"class_list":["post-670","page","type-page","status-publish"],"yoast_head":"<!-- This site is optimized with the Yoast SEO plugin v27.4 - https:\/\/yoast.com\/product\/yoast-seo-wordpress\/ -->\n<title>Gu\u00edas para el alumnado - Cepovisa<\/title>\n<meta name=\"description\" content=\"Gu\u00edas para el alumnado Informaci\u00f3n y gu\u00edas para nuestro alumnado En esta secci\u00f3n se recopilan los dossiers para estudiantes con toda la informaci\u00f3n para\" \/>\n<meta name=\"robots\" content=\"index, follow, max-snippet:-1, max-image-preview:large, max-video-preview:-1\" \/>\n<link rel=\"canonical\" href=\"https:\/\/riberasalud.com\/cepovisa\/escuela-universitaria\/alumnado\/guias-para-el-alumnado\/\" \/>\n<meta property=\"og:locale\" content=\"es_ES\" \/>\n<meta property=\"og:type\" content=\"article\" \/>\n<meta property=\"og:title\" content=\"Gu\u00edas para el alumnado - Cepovisa\" \/>\n<meta property=\"og:description\" content=\"Gu\u00edas para el alumnado Informaci\u00f3n y gu\u00edas para nuestro alumnado En esta secci\u00f3n se recopilan los dossiers para estudiantes con toda la informaci\u00f3n para\" \/>\n<meta property=\"og:url\" content=\"https:\/\/riberasalud.com\/cepovisa\/escuela-universitaria\/alumnado\/guias-para-el-alumnado\/\" \/>\n<meta property=\"og:site_name\" content=\"Cepovisa\" \/>\n<meta property=\"article:modified_time\" content=\"2022-07-11T09:10:03+00:00\" \/>\n<meta name=\"twitter:card\" content=\"summary_large_image\" \/>\n<script type=\"application\/ld+json\" class=\"yoast-schema-graph\">{\"@context\":\"https:\\\/\\\/schema.org\",\"@graph\":[{\"@type\":\"WebPage\",\"@id\":\"https:\\\/\\\/riberasalud.com\\\/cepovisa\\\/escuela-universitaria\\\/alumnado\\\/guias-para-el-alumnado\\\/\",\"url\":\"https:\\\/\\\/riberasalud.com\\\/cepovisa\\\/escuela-universitaria\\\/alumnado\\\/guias-para-el-alumnado\\\/\",\"name\":\"Gu\u00edas para el alumnado - Cepovisa\",\"isPartOf\":{\"@id\":\"https:\\\/\\\/riberasalud.com\\\/cepovisa\\\/#website\"},\"datePublished\":\"2022-05-16T06:12:48+00:00\",\"dateModified\":\"2022-07-11T09:10:03+00:00\",\"description\":\"Gu\u00edas para el alumnado Informaci\u00f3n y gu\u00edas para nuestro alumnado En esta secci\u00f3n se recopilan los dossiers para estudiantes con toda la informaci\u00f3n para\",\"breadcrumb\":{\"@id\":\"https:\\\/\\\/riberasalud.com\\\/cepovisa\\\/escuela-universitaria\\\/alumnado\\\/guias-para-el-alumnado\\\/#breadcrumb\"},\"inLanguage\":\"es\",\"potentialAction\":[{\"@type\":\"ReadAction\",\"target\":[\"https:\\\/\\\/riberasalud.com\\\/cepovisa\\\/escuela-universitaria\\\/alumnado\\\/guias-para-el-alumnado\\\/\"]}]},{\"@type\":\"BreadcrumbList\",\"@id\":\"https:\\\/\\\/riberasalud.com\\\/cepovisa\\\/escuela-universitaria\\\/alumnado\\\/guias-para-el-alumnado\\\/#breadcrumb\",\"itemListElement\":[{\"@type\":\"ListItem\",\"position\":1,\"name\":\"Portada\",\"item\":\"https:\\\/\\\/riberasalud.com\\\/cepovisa\\\/\"},{\"@type\":\"ListItem\",\"position\":2,\"name\":\"Escuela Universitaria de enfermer\u00eda\",\"item\":\"https:\\\/\\\/riberasalud.com\\\/cepovisa\\\/escuela-universitaria\\\/\"},{\"@type\":\"ListItem\",\"position\":3,\"name\":\"Alumnado\",\"item\":\"https:\\\/\\\/riberasalud.com\\\/cepovisa\\\/escuela-universitaria\\\/alumnado\\\/\"},{\"@type\":\"ListItem\",\"position\":4,\"name\":\"Gu\u00edas para el alumnado\"}]},{\"@type\":\"WebSite\",\"@id\":\"https:\\\/\\\/riberasalud.com\\\/cepovisa\\\/#website\",\"url\":\"https:\\\/\\\/riberasalud.com\\\/cepovisa\\\/\",\"name\":\"Cepovisa\",\"description\":\"\",\"publisher\":{\"@id\":\"https:\\\/\\\/riberasalud.com\\\/cepovisa\\\/#organization\"},\"potentialAction\":[{\"@type\":\"SearchAction\",\"target\":{\"@type\":\"EntryPoint\",\"urlTemplate\":\"https:\\\/\\\/riberasalud.com\\\/cepovisa\\\/?s={search_term_string}\"},\"query-input\":{\"@type\":\"PropertyValueSpecification\",\"valueRequired\":true,\"valueName\":\"search_term_string\"}}],\"inLanguage\":\"es\"},{\"@type\":\"Organization\",\"@id\":\"https:\\\/\\\/riberasalud.com\\\/cepovisa\\\/#organization\",\"name\":\"Cepovisa\",\"url\":\"https:\\\/\\\/riberasalud.com\\\/cepovisa\\\/\",\"logo\":{\"@type\":\"ImageObject\",\"inLanguage\":\"es\",\"@id\":\"https:\\\/\\\/riberasalud.com\\\/cepovisa\\\/#\\\/schema\\\/logo\\\/image\\\/\",\"url\":\"https:\\\/\\\/riberasalud.com\\\/cepovisa\\\/wp-content\\\/uploads\\\/2024\\\/08\\\/cropped-FORMACIONPROFESIONAL-cepivsa-logo.png\",\"contentUrl\":\"https:\\\/\\\/riberasalud.com\\\/cepovisa\\\/wp-content\\\/uploads\\\/2024\\\/08\\\/cropped-FORMACIONPROFESIONAL-cepivsa-logo.png\",\"width\":847,\"height\":94,\"caption\":\"Cepovisa\"},\"image\":{\"@id\":\"https:\\\/\\\/riberasalud.com\\\/cepovisa\\\/#\\\/schema\\\/logo\\\/image\\\/\"}}]}<\/script>\n<!-- \/ Yoast SEO plugin. -->","yoast_head_json":{"title":"Gu\u00edas para el alumnado - Cepovisa","description":"Gu\u00edas para el alumnado Informaci\u00f3n y gu\u00edas para nuestro alumnado En esta secci\u00f3n se recopilan los dossiers para estudiantes con toda la informaci\u00f3n para","robots":{"index":"index","follow":"follow","max-snippet":"max-snippet:-1","max-image-preview":"max-image-preview:large","max-video-preview":"max-video-preview:-1"},"canonical":"https:\/\/riberasalud.com\/cepovisa\/escuela-universitaria\/alumnado\/guias-para-el-alumnado\/","og_locale":"es_ES","og_type":"article","og_title":"Gu\u00edas para el alumnado - Cepovisa","og_description":"Gu\u00edas para el alumnado Informaci\u00f3n y gu\u00edas para nuestro alumnado En esta secci\u00f3n se recopilan los dossiers para estudiantes con toda la informaci\u00f3n para","og_url":"https:\/\/riberasalud.com\/cepovisa\/escuela-universitaria\/alumnado\/guias-para-el-alumnado\/","og_site_name":"Cepovisa","article_modified_time":"2022-07-11T09:10:03+00:00","twitter_card":"summary_large_image","schema":{"@context":"https:\/\/schema.org","@graph":[{"@type":"WebPage","@id":"https:\/\/riberasalud.com\/cepovisa\/escuela-universitaria\/alumnado\/guias-para-el-alumnado\/","url":"https:\/\/riberasalud.com\/cepovisa\/escuela-universitaria\/alumnado\/guias-para-el-alumnado\/","name":"Gu\u00edas para el alumnado - Cepovisa","isPartOf":{"@id":"https:\/\/riberasalud.com\/cepovisa\/#website"},"datePublished":"2022-05-16T06:12:48+00:00","dateModified":"2022-07-11T09:10:03+00:00","description":"Gu\u00edas para el alumnado Informaci\u00f3n y gu\u00edas para nuestro alumnado En esta secci\u00f3n se recopilan los dossiers para estudiantes con toda la informaci\u00f3n para","breadcrumb":{"@id":"https:\/\/riberasalud.com\/cepovisa\/escuela-universitaria\/alumnado\/guias-para-el-alumnado\/#breadcrumb"},"inLanguage":"es","potentialAction":[{"@type":"ReadAction","target":["https:\/\/riberasalud.com\/cepovisa\/escuela-universitaria\/alumnado\/guias-para-el-alumnado\/"]}]},{"@type":"BreadcrumbList","@id":"https:\/\/riberasalud.com\/cepovisa\/escuela-universitaria\/alumnado\/guias-para-el-alumnado\/#breadcrumb","itemListElement":[{"@type":"ListItem","position":1,"name":"Portada","item":"https:\/\/riberasalud.com\/cepovisa\/"},{"@type":"ListItem","position":2,"name":"Escuela Universitaria de enfermer\u00eda","item":"https:\/\/riberasalud.com\/cepovisa\/escuela-universitaria\/"},{"@type":"ListItem","position":3,"name":"Alumnado","item":"https:\/\/riberasalud.com\/cepovisa\/escuela-universitaria\/alumnado\/"},{"@type":"ListItem","position":4,"name":"Gu\u00edas para el alumnado"}]},{"@type":"WebSite","@id":"https:\/\/riberasalud.com\/cepovisa\/#website","url":"https:\/\/riberasalud.com\/cepovisa\/","name":"Cepovisa","description":"","publisher":{"@id":"https:\/\/riberasalud.com\/cepovisa\/#organization"},"potentialAction":[{"@type":"SearchAction","target":{"@type":"EntryPoint","urlTemplate":"https:\/\/riberasalud.com\/cepovisa\/?s={search_term_string}"},"query-input":{"@type":"PropertyValueSpecification","valueRequired":true,"valueName":"search_term_string"}}],"inLanguage":"es"},{"@type":"Organization","@id":"https:\/\/riberasalud.com\/cepovisa\/#organization","name":"Cepovisa","url":"https:\/\/riberasalud.com\/cepovisa\/","logo":{"@type":"ImageObject","inLanguage":"es","@id":"https:\/\/riberasalud.com\/cepovisa\/#\/schema\/logo\/image\/","url":"https:\/\/riberasalud.com\/cepovisa\/wp-content\/uploads\/2024\/08\/cropped-FORMACIONPROFESIONAL-cepivsa-logo.png","contentUrl":"https:\/\/riberasalud.com\/cepovisa\/wp-content\/uploads\/2024\/08\/cropped-FORMACIONPROFESIONAL-cepivsa-logo.png","width":847,"height":94,"caption":"Cepovisa"},"image":{"@id":"https:\/\/riberasalud.com\/cepovisa\/#\/schema\/logo\/image\/"}}]}},"_links":{"self":[{"href":"https:\/\/riberasalud.com\/cepovisa\/wp-json\/wp\/v2\/pages\/670","targetHints":{"allow":["GET"]}}],"collection":[{"href":"https:\/\/riberasalud.com\/cepovisa\/wp-json\/wp\/v2\/pages"}],"about":[{"href":"https:\/\/riberasalud.com\/cepovisa\/wp-json\/wp\/v2\/types\/page"}],"author":[{"embeddable":true,"href":"https:\/\/riberasalud.com\/cepovisa\/wp-json\/wp\/v2\/users\/1"}],"replies":[{"embeddable":true,"href":"https:\/\/riberasalud.com\/cepovisa\/wp-json\/wp\/v2\/comments?post=670"}],"version-history":[{"count":3,"href":"https:\/\/riberasalud.com\/cepovisa\/wp-json\/wp\/v2\/pages\/670\/revisions"}],"predecessor-version":[{"id":1064,"href":"https:\/\/riberasalud.com\/cepovisa\/wp-json\/wp\/v2\/pages\/670\/revisions\/1064"}],"up":[{"embeddable":true,"href":"https:\/\/riberasalud.com\/cepovisa\/wp-json\/wp\/v2\/pages\/521"}],"wp:attachment":[{"href":"https:\/\/riberasalud.com\/cepovisa\/wp-json\/wp\/v2\/media?parent=670"}],"curies":[{"name":"wp","href":"https:\/\/api.w.org\/{rel}","templated":true}]}}