{"id":665,"date":"2022-05-16T06:08:38","date_gmt":"2022-05-16T06:08:38","guid":{"rendered":"https:\/\/riberasalud.com\/cepovisa\/?page_id=665"},"modified":"2024-06-04T09:23:40","modified_gmt":"2024-06-04T09:23:40","slug":"escuela-universitaria","status":"publish","type":"page","link":"https:\/\/riberasalud.com\/cepovisa\/escuela-universitaria\/","title":{"rendered":"Escuela Universitaria de enfermer\u00eda"},"content":{"rendered":"\n<div class=\"wp-block-group bannersolotexto\"><div class=\"wp-block-group__inner-container is-layout-flow wp-block-group-is-layout-flow\">\n<h1 class=\"wp-block-heading\">Escuela Universitaria de enfermer\u00eda<\/h1>\n<\/div><\/div>\n\n\n\n<div class=\"wp-block-group\"><div class=\"wp-block-group__inner-container is-layout-flow wp-block-group-is-layout-flow\">\n<figure class=\"wp-block-image size-large is-resized fotoredonda\"><img loading=\"lazy\" decoding=\"async\" width=\"1024\" height=\"224\" src=\"https:\/\/riberasalud.com\/cepovisa\/wp-content\/uploads\/2022\/07\/banner-3-1024x224.png\" alt=\"Escuela Universitaria de enfermeria\" class=\"wp-image-4939\" style=\"width:1920px;height:420px\" srcset=\"https:\/\/riberasalud.com\/cepovisa\/wp-content\/uploads\/2022\/07\/banner-3-1024x224.png 1024w, https:\/\/riberasalud.com\/cepovisa\/wp-content\/uploads\/2022\/07\/banner-3-300x66.png 300w, https:\/\/riberasalud.com\/cepovisa\/wp-content\/uploads\/2022\/07\/banner-3-768x168.png 768w, https:\/\/riberasalud.com\/cepovisa\/wp-content\/uploads\/2022\/07\/banner-3.png 1536w\" sizes=\"auto, (max-width: 1024px) 100vw, 1024px\" \/><\/figure>\n\n\n\n<div style=\"height:60px\" aria-hidden=\"true\" class=\"wp-block-spacer\"><\/div>\n\n\n<div class=\"wp-block-image\">\n<figure class=\"aligncenter size-full\"><img loading=\"lazy\" decoding=\"async\" width=\"800\" height=\"89\" src=\"https:\/\/riberasalud.com\/cepovisa\/wp-content\/uploads\/2022\/07\/CEPOVISA-ESCUELA-UNIVERSITARIA-COBRANDING-copia.jpg\" alt=\"\" class=\"wp-image-4861\" srcset=\"https:\/\/riberasalud.com\/cepovisa\/wp-content\/uploads\/2022\/07\/CEPOVISA-ESCUELA-UNIVERSITARIA-COBRANDING-copia.jpg 800w, https:\/\/riberasalud.com\/cepovisa\/wp-content\/uploads\/2022\/07\/CEPOVISA-ESCUELA-UNIVERSITARIA-COBRANDING-copia-300x33.jpg 300w, https:\/\/riberasalud.com\/cepovisa\/wp-content\/uploads\/2022\/07\/CEPOVISA-ESCUELA-UNIVERSITARIA-COBRANDING-copia-768x85.jpg 768w\" sizes=\"auto, (max-width: 800px) 100vw, 800px\" \/><\/figure>\n<\/div>\n\n\n<div style=\"height:20px\" aria-hidden=\"true\" class=\"wp-block-spacer\"><\/div>\n\n\n\n<div class=\"wp-block-columns is-layout-flex wp-container-core-columns-is-layout-9d6595d7 wp-block-columns-is-layout-flex\">\n<div class=\"wp-block-column is-layout-flow wp-block-column-is-layout-flow\" style=\"flex-basis:50%\">\n<ul class=\"wp-block-list\">\n<li><a href=\"https:\/\/riberasalud.com\/cepovisa\/escuela-universitaria\/presentacion\/\">Presentaci\u00f3n<\/a><\/li>\n\n\n\n<li><a href=\"https:\/\/riberasalud.com\/cepovisa\/escuela-universitaria\/alumnado\/\">Alumnado<\/a>\n<ul class=\"wp-block-list\">\n<li><a href=\"https:\/\/riberasalud.com\/cepovisa\/escuela-universitaria\/alumnado\/plan-de-accion-tutorial\/\">Plan de Acci\u00f3n Tutorial<\/a><\/li>\n\n\n\n<li><a href=\"https:\/\/riberasalud.com\/cepovisa\/escuela-universitaria\/alumnado\/practicas-externas\/\">Pr\u00e1cticas externas<\/a><\/li>\n\n\n\n<li><a href=\"https:\/\/riberasalud.com\/cepovisa\/escuela-universitaria\/alumnado\/ofertas-de-empleo\/\">Ofertas de empleo<\/a><\/li>\n\n\n\n<li><a href=\"https:\/\/riberasalud.com\/cepovisa\/escuela-universitaria\/alumnado\/salidas-profesionales\/\">Salidas profesionales<\/a><\/li>\n<\/ul>\n<\/li>\n\n\n\n<li><a href=\"https:\/\/riberasalud.com\/cepovisa\/escuela-universitaria\/calidad\/\" data-type=\"page\" data-id=\"199\">Calidad<\/a><ul><li><a href=\"https:\/\/riberasalud.com\/cepovisa\/escuela-universitaria\/calidad\/politica-y-objetivos\/\" data-type=\"page\" data-id=\"688\">Pol\u00edtica y Objetivos<\/a><\/li><li><a href=\"https:\/\/riberasalud.com\/cepovisa\/escuela-universitaria\/calidad\/procedimientos\/\" data-type=\"page\" data-id=\"690\">Procedimientos<\/a><\/li><\/ul>\n<ul class=\"wp-block-list\">\n<li><a href=\"https:\/\/riberasalud.com\/cepovisa\/escuela-universitaria\/calidad\/competencias-de-la-titulacion\/\" data-type=\"page\" data-id=\"692\">Competencias de la titulaci\u00f3n<\/a><\/li>\n\n\n\n<li><a data-type=\"page\" data-id=\"694\" href=\"https:\/\/riberasalud.com\/cepovisa\/escuela-universitaria\/calidad\/seguimiento-de-titulos\/\">Seguimiento del T\u00edtulo<\/a><\/li>\n\n\n\n<li><a href=\"https:\/\/secretaria.uvigo.gal\/uv\/web\/transparencia\/grupo\/show\/5\/28\">Evoluci\u00f3n resultados encuestas de satisfacci\u00f3n: grupos de inter\u00e9s<\/a><\/li>\n<\/ul>\n<\/li>\n<\/ul>\n<\/div>\n\n\n\n<div class=\"wp-block-column is-layout-flow wp-block-column-is-layout-flow\" style=\"flex-basis:50%\">\n<ul class=\"wp-block-list\">\n<li><a href=\"https:\/\/riberasalud.com\/cepovisa\/escuela-universitaria\/docencia\/\" data-type=\"page\" data-id=\"487\">Docencia<\/a>\n<ul class=\"wp-block-list\">\n<li><a data-type=\"page\" data-id=\"552\" href=\"https:\/\/riberasalud.com\/cepovisa\/escuela-universitaria\/grado-en-enfermeria\/\">Titulaci\u00f3n: Grado en Enfermer\u00eda<\/a><\/li>\n\n\n\n<li><a href=\"https:\/\/www.riberasalud.com\/cepovisa\/escuela-universitaria\/master-de-enfermeria\/\">Master de Enfermer\u00eda<\/a><\/li>\n\n\n\n<li><a href=\"https:\/\/riberasalud.com\/cepovisa\/escuela-universitaria\/docencia\/calendario-academico\/\" data-type=\"page\" data-id=\"580\">Calendario Acad\u00e9mico<\/a><\/li>\n\n\n\n<li><a href=\"https:\/\/riberasalud.com\/cepovisa\/escuela-universitaria\/docencia\/profesorado\/\" data-type=\"page\" data-id=\"668\">Profesorado<\/a><\/li>\n\n\n\n<li><a href=\"https:\/\/riberasalud.com\/cepovisa\/escuela-universitaria\/docencia\/guias-docentes\/\" data-type=\"page\" data-id=\"625\">Gu\u00edas Docentes<\/a><\/li>\n\n\n\n<li><a href=\"https:\/\/riberasalud.com\/cepovisa\/escuela-universitaria\/docencia\/horarios\/\" data-type=\"page\" data-id=\"635\">Horarios<\/a><\/li>\n\n\n\n<li><a href=\"https:\/\/riberasalud.com\/cepovisa\/escuela-universitaria\/docencia\/examenes\/\" data-type=\"page\" data-id=\"647\">Ex\u00e1menes<\/a><\/li>\n\n\n\n<li><a href=\"https:\/\/riberasalud.com\/cepovisa\/escuela-universitaria\/docencia\/tfg\/\">TFG<\/a><\/li>\n<\/ul>\n<\/li>\n\n\n\n<li><a href=\"https:\/\/riberasalud.com\/cepovisa\/escuela-universitaria\/normativa\/\" data-type=\"page\" data-id=\"463\">Normativa<\/a><\/li>\n\n\n\n<li><a href=\"https:\/\/riberasalud.com\/cepovisa\/escuela-universitaria\/movilidad\/\">Movilidad<\/a><\/li>\n\n\n\n<li><a href=\"https:\/\/riberasalud.com\/cepovisa\/escuela-universitaria\/organos-de-gobierno\/\">\u00d3rganos de Gobierno<\/a><\/li>\n\n\n\n<li><a href=\"https:\/\/riberasalud.com\/cepovisa\/escuela-universitaria\/unidad-de-igualdad\/\">Unidad de igualdad<\/a><\/li>\n<\/ul>\n<\/div>\n<\/div>\n<\/div><\/div>\n","protected":false},"excerpt":{"rendered":"<p>Escuela Universitaria de enfermer\u00eda<\/p>\n","protected":false},"author":1,"featured_media":0,"parent":0,"menu_order":0,"comment_status":"closed","ping_status":"closed","template":"","meta":{"_mi_skip_tracking":false,"footnotes":""},"class_list":["post-665","page","type-page","status-publish"],"yoast_head":"<!-- This site is optimized with the Yoast SEO plugin v26.6 - https:\/\/yoast.com\/wordpress\/plugins\/seo\/ -->\n<title>Escuela Universitaria de enfermer\u00eda - Cepovisa<\/title>\n<meta name=\"description\" content=\"La escuela universitaria de enfermer\u00eda Cepovisa cuenta con las principales especialidades y destacados expertos docentes m\u00e9dicos.\" \/>\n<meta name=\"robots\" content=\"index, follow, max-snippet:-1, max-image-preview:large, max-video-preview:-1\" \/>\n<link rel=\"canonical\" href=\"https:\/\/riberasalud.com\/cepovisa\/escuela-universitaria\/\" \/>\n<meta property=\"og:locale\" content=\"es_ES\" \/>\n<meta property=\"og:type\" content=\"article\" \/>\n<meta property=\"og:title\" content=\"Escuela Universitaria de enfermer\u00eda - Cepovisa\" \/>\n<meta property=\"og:description\" content=\"La escuela universitaria de enfermer\u00eda Cepovisa cuenta con las principales especialidades y destacados expertos docentes m\u00e9dicos.\" \/>\n<meta property=\"og:url\" content=\"https:\/\/riberasalud.com\/cepovisa\/escuela-universitaria\/\" \/>\n<meta property=\"og:site_name\" content=\"Cepovisa\" \/>\n<meta property=\"article:modified_time\" content=\"2024-06-04T09:23:40+00:00\" \/>\n<meta property=\"og:image\" content=\"https:\/\/riberasalud.com\/cepovisa\/wp-content\/uploads\/2022\/07\/banner-3-1024x224.png\" \/>\n<meta name=\"twitter:card\" content=\"summary_large_image\" \/>\n<meta name=\"twitter:label1\" content=\"Tiempo de lectura\" \/>\n\t<meta name=\"twitter:data1\" content=\"1 minuto\" \/>\n<script type=\"application\/ld+json\" class=\"yoast-schema-graph\">{\"@context\":\"https:\/\/schema.org\",\"@graph\":[{\"@type\":\"WebPage\",\"@id\":\"https:\/\/riberasalud.com\/cepovisa\/escuela-universitaria\/\",\"url\":\"https:\/\/riberasalud.com\/cepovisa\/escuela-universitaria\/\",\"name\":\"Escuela Universitaria de enfermer\u00eda - Cepovisa\",\"isPartOf\":{\"@id\":\"https:\/\/riberasalud.com\/cepovisa\/#website\"},\"primaryImageOfPage\":{\"@id\":\"https:\/\/riberasalud.com\/cepovisa\/escuela-universitaria\/#primaryimage\"},\"image\":{\"@id\":\"https:\/\/riberasalud.com\/cepovisa\/escuela-universitaria\/#primaryimage\"},\"thumbnailUrl\":\"https:\/\/riberasalud.com\/cepovisa\/wp-content\/uploads\/2022\/07\/banner-3-1024x224.png\",\"datePublished\":\"2022-05-16T06:08:38+00:00\",\"dateModified\":\"2024-06-04T09:23:40+00:00\",\"description\":\"La escuela universitaria de enfermer\u00eda Cepovisa cuenta con las principales especialidades y destacados expertos docentes m\u00e9dicos.\",\"breadcrumb\":{\"@id\":\"https:\/\/riberasalud.com\/cepovisa\/escuela-universitaria\/#breadcrumb\"},\"inLanguage\":\"es\",\"potentialAction\":[{\"@type\":\"ReadAction\",\"target\":[\"https:\/\/riberasalud.com\/cepovisa\/escuela-universitaria\/\"]}]},{\"@type\":\"ImageObject\",\"inLanguage\":\"es\",\"@id\":\"https:\/\/riberasalud.com\/cepovisa\/escuela-universitaria\/#primaryimage\",\"url\":\"https:\/\/riberasalud.com\/cepovisa\/wp-content\/uploads\/2022\/07\/banner-3.png\",\"contentUrl\":\"https:\/\/riberasalud.com\/cepovisa\/wp-content\/uploads\/2022\/07\/banner-3.png\",\"width\":1536,\"height\":336},{\"@type\":\"BreadcrumbList\",\"@id\":\"https:\/\/riberasalud.com\/cepovisa\/escuela-universitaria\/#breadcrumb\",\"itemListElement\":[{\"@type\":\"ListItem\",\"position\":1,\"name\":\"Portada\",\"item\":\"https:\/\/riberasalud.com\/cepovisa\/\"},{\"@type\":\"ListItem\",\"position\":2,\"name\":\"Escuela Universitaria de enfermer\u00eda\"}]},{\"@type\":\"WebSite\",\"@id\":\"https:\/\/riberasalud.com\/cepovisa\/#website\",\"url\":\"https:\/\/riberasalud.com\/cepovisa\/\",\"name\":\"Cepovisa\",\"description\":\"\",\"publisher\":{\"@id\":\"https:\/\/riberasalud.com\/cepovisa\/#organization\"},\"potentialAction\":[{\"@type\":\"SearchAction\",\"target\":{\"@type\":\"EntryPoint\",\"urlTemplate\":\"https:\/\/riberasalud.com\/cepovisa\/?s={search_term_string}\"},\"query-input\":{\"@type\":\"PropertyValueSpecification\",\"valueRequired\":true,\"valueName\":\"search_term_string\"}}],\"inLanguage\":\"es\"},{\"@type\":\"Organization\",\"@id\":\"https:\/\/riberasalud.com\/cepovisa\/#organization\",\"name\":\"Cepovisa\",\"url\":\"https:\/\/riberasalud.com\/cepovisa\/\",\"logo\":{\"@type\":\"ImageObject\",\"inLanguage\":\"es\",\"@id\":\"https:\/\/riberasalud.com\/cepovisa\/#\/schema\/logo\/image\/\",\"url\":\"https:\/\/riberasalud.com\/cepovisa\/wp-content\/uploads\/2024\/08\/cropped-FORMACIONPROFESIONAL-cepivsa-logo.png\",\"contentUrl\":\"https:\/\/riberasalud.com\/cepovisa\/wp-content\/uploads\/2024\/08\/cropped-FORMACIONPROFESIONAL-cepivsa-logo.png\",\"width\":847,\"height\":94,\"caption\":\"Cepovisa\"},\"image\":{\"@id\":\"https:\/\/riberasalud.com\/cepovisa\/#\/schema\/logo\/image\/\"}}]}<\/script>\n<!-- \/ Yoast SEO plugin. -->","yoast_head_json":{"title":"Escuela Universitaria de enfermer\u00eda - Cepovisa","description":"La escuela universitaria de enfermer\u00eda Cepovisa cuenta con las principales especialidades y destacados expertos docentes m\u00e9dicos.","robots":{"index":"index","follow":"follow","max-snippet":"max-snippet:-1","max-image-preview":"max-image-preview:large","max-video-preview":"max-video-preview:-1"},"canonical":"https:\/\/riberasalud.com\/cepovisa\/escuela-universitaria\/","og_locale":"es_ES","og_type":"article","og_title":"Escuela Universitaria de enfermer\u00eda - Cepovisa","og_description":"La escuela universitaria de enfermer\u00eda Cepovisa cuenta con las principales especialidades y destacados expertos docentes m\u00e9dicos.","og_url":"https:\/\/riberasalud.com\/cepovisa\/escuela-universitaria\/","og_site_name":"Cepovisa","article_modified_time":"2024-06-04T09:23:40+00:00","og_image":[{"url":"https:\/\/riberasalud.com\/cepovisa\/wp-content\/uploads\/2022\/07\/banner-3-1024x224.png","type":"","width":"","height":""}],"twitter_card":"summary_large_image","twitter_misc":{"Tiempo de lectura":"1 minuto"},"schema":{"@context":"https:\/\/schema.org","@graph":[{"@type":"WebPage","@id":"https:\/\/riberasalud.com\/cepovisa\/escuela-universitaria\/","url":"https:\/\/riberasalud.com\/cepovisa\/escuela-universitaria\/","name":"Escuela Universitaria de enfermer\u00eda - Cepovisa","isPartOf":{"@id":"https:\/\/riberasalud.com\/cepovisa\/#website"},"primaryImageOfPage":{"@id":"https:\/\/riberasalud.com\/cepovisa\/escuela-universitaria\/#primaryimage"},"image":{"@id":"https:\/\/riberasalud.com\/cepovisa\/escuela-universitaria\/#primaryimage"},"thumbnailUrl":"https:\/\/riberasalud.com\/cepovisa\/wp-content\/uploads\/2022\/07\/banner-3-1024x224.png","datePublished":"2022-05-16T06:08:38+00:00","dateModified":"2024-06-04T09:23:40+00:00","description":"La escuela universitaria de enfermer\u00eda Cepovisa cuenta con las principales especialidades y destacados expertos docentes m\u00e9dicos.","breadcrumb":{"@id":"https:\/\/riberasalud.com\/cepovisa\/escuela-universitaria\/#breadcrumb"},"inLanguage":"es","potentialAction":[{"@type":"ReadAction","target":["https:\/\/riberasalud.com\/cepovisa\/escuela-universitaria\/"]}]},{"@type":"ImageObject","inLanguage":"es","@id":"https:\/\/riberasalud.com\/cepovisa\/escuela-universitaria\/#primaryimage","url":"https:\/\/riberasalud.com\/cepovisa\/wp-content\/uploads\/2022\/07\/banner-3.png","contentUrl":"https:\/\/riberasalud.com\/cepovisa\/wp-content\/uploads\/2022\/07\/banner-3.png","width":1536,"height":336},{"@type":"BreadcrumbList","@id":"https:\/\/riberasalud.com\/cepovisa\/escuela-universitaria\/#breadcrumb","itemListElement":[{"@type":"ListItem","position":1,"name":"Portada","item":"https:\/\/riberasalud.com\/cepovisa\/"},{"@type":"ListItem","position":2,"name":"Escuela Universitaria de enfermer\u00eda"}]},{"@type":"WebSite","@id":"https:\/\/riberasalud.com\/cepovisa\/#website","url":"https:\/\/riberasalud.com\/cepovisa\/","name":"Cepovisa","description":"","publisher":{"@id":"https:\/\/riberasalud.com\/cepovisa\/#organization"},"potentialAction":[{"@type":"SearchAction","target":{"@type":"EntryPoint","urlTemplate":"https:\/\/riberasalud.com\/cepovisa\/?s={search_term_string}"},"query-input":{"@type":"PropertyValueSpecification","valueRequired":true,"valueName":"search_term_string"}}],"inLanguage":"es"},{"@type":"Organization","@id":"https:\/\/riberasalud.com\/cepovisa\/#organization","name":"Cepovisa","url":"https:\/\/riberasalud.com\/cepovisa\/","logo":{"@type":"ImageObject","inLanguage":"es","@id":"https:\/\/riberasalud.com\/cepovisa\/#\/schema\/logo\/image\/","url":"https:\/\/riberasalud.com\/cepovisa\/wp-content\/uploads\/2024\/08\/cropped-FORMACIONPROFESIONAL-cepivsa-logo.png","contentUrl":"https:\/\/riberasalud.com\/cepovisa\/wp-content\/uploads\/2024\/08\/cropped-FORMACIONPROFESIONAL-cepivsa-logo.png","width":847,"height":94,"caption":"Cepovisa"},"image":{"@id":"https:\/\/riberasalud.com\/cepovisa\/#\/schema\/logo\/image\/"}}]}},"_links":{"self":[{"href":"https:\/\/riberasalud.com\/cepovisa\/wp-json\/wp\/v2\/pages\/665","targetHints":{"allow":["GET"]}}],"collection":[{"href":"https:\/\/riberasalud.com\/cepovisa\/wp-json\/wp\/v2\/pages"}],"about":[{"href":"https:\/\/riberasalud.com\/cepovisa\/wp-json\/wp\/v2\/types\/page"}],"author":[{"embeddable":true,"href":"https:\/\/riberasalud.com\/cepovisa\/wp-json\/wp\/v2\/users\/1"}],"replies":[{"embeddable":true,"href":"https:\/\/riberasalud.com\/cepovisa\/wp-json\/wp\/v2\/comments?post=665"}],"version-history":[{"count":18,"href":"https:\/\/riberasalud.com\/cepovisa\/wp-json\/wp\/v2\/pages\/665\/revisions"}],"predecessor-version":[{"id":6032,"href":"https:\/\/riberasalud.com\/cepovisa\/wp-json\/wp\/v2\/pages\/665\/revisions\/6032"}],"wp:attachment":[{"href":"https:\/\/riberasalud.com\/cepovisa\/wp-json\/wp\/v2\/media?parent=665"}],"curies":[{"name":"wp","href":"https:\/\/api.w.org\/{rel}","templated":true}]}}